{"id":1046,"date":"2025-07-17T09:45:33","date_gmt":"2025-07-17T09:45:33","guid":{"rendered":"https:\/\/roscar.ma\/?page_id=1046"},"modified":"2025-07-22T13:10:08","modified_gmt":"2025-07-22T13:10:08","slug":"aluguer-de-carros-marrocos","status":"publish","type":"page","link":"https:\/\/roscar.ma\/pt-pt\/","title":{"rendered":"Aluguer De Carros Marrocos"},"content":{"rendered":"<h2>Aluguer De Carros Marrocos a partir de RosCar<\/h2>\n<p>Milhares de anos de hist\u00f3ria e antigas tradi\u00e7\u00f5es \u00e1rabes atraem milh\u00f5es de turistas como um \u00edman. Aqui, podemos encontrar os sons do grande Saara e do Oceano Atl\u00e2ntico, bem como culturas modernas e pr\u00e9-hist\u00f3ricas, a par de excelentes condi\u00e7\u00f5es para qualquer tipo de viagem. Mas ser\u00e1 que tenho de alugar um carro em Marrocos? Esta pode n\u00e3o ser a \u00fanica op\u00e7\u00e3o dispon\u00edvel, mas \u00e9 uma op\u00e7\u00e3o com algumas vantagens claras:<\/p>\n<ul>\n<li>Livre circula\u00e7\u00e3o para onde quiser<\/li>\n<li>Elevado conforto e comodidade inigual\u00e1vel<\/li>\n<li>Grande sele\u00e7\u00e3o de ve\u00edculos<\/li>\n<li>Aluguer de autom\u00f3veis a curto ou longo prazo.<\/li>\n<\/ul>\n<p>Quer fazer-se \u00e0 estrada o mais rapidamente poss\u00edvel? Reserve agora o carro que quiser na RosCar: alguns cliques, preencha um formul\u00e1rio padr\u00e3o e fa\u00e7a um pagamento antecipado para confirma\u00e7\u00e3o.<\/p>\n<h2>A caminho de um carro de aluguer em Marrocos<\/h2>\n<p>Esta \u00e9 uma tarefa que n\u00e3o deve ser apressada, mas tamb\u00e9m n\u00e3o deve ser adiada para amanh\u00e3. Por isso, leia um pequeno guia preparat\u00f3rio a caminho do aluguer de autom\u00f3veis em Marrocos.<\/p>\n<h3>1. Encontrar o modelo correto<\/h3>\n<p>Um ve\u00edculo mal escolhido n\u00e3o lhe trar\u00e1 o prazer ou a comodidade desejados. D\u00ea uma vista de olhos \u00e0 lista e pense em qual destes tipos lhe parece a sua solu\u00e7\u00e3o:<\/p>\n<ul>\n<li>Econ\u00f3mico ou Mini (aluguer de autom\u00f3veis barato em Marrocos)<\/li>\n<li>Standard<\/li>\n<li>SUV ou Crossover<\/li>\n<li>De luxo<\/li>\n<li>Descapot\u00e1vel<\/li>\n<li>Carrinha ou monovolume.<\/li>\n<\/ul>\n<h3>2. Servi\u00e7os adicionais<\/h3>\n<p>Nem todas estas carater\u00edsticas extra s\u00e3o pagas, mas cada uma delas \u00e9 uma \u00f3ptima escolha:<\/p>\n<ul>\n<li>Cancelamento gratuito: Esta op\u00e7\u00e3o deve ser utilizada atempadamente (at\u00e9 48 horas antes da partida).<\/li>\n<li>Sem dep\u00f3sito: A melhor carater\u00edstica para os viajantes com or\u00e7amento limitado \u00e9 o facto de n\u00e3o haver reten\u00e7\u00e3o de dep\u00f3sito nos cart\u00f5es de cr\u00e9dito.<\/li>\n<li>Modelo Garantido: Recebe pelo menos o que reservou.<\/li>\n<li>Cadeira de crian\u00e7a: Um requisito legal para viajar com crian\u00e7as de 10 anos ou menos a bordo.<\/li>\n<li>Seguro adicional: Basta pagar um extra pelo Super CDW e pela Cobertura total para ter paz de esp\u00edrito.<\/li>\n<li>Cart\u00e3o SIM: Leve um para desfrutar de Internet de alta velocidade.<\/li>\n<li>Condutor adicional: Mais quil\u00f3metros de alegria com um amigo ao volante.<\/li>\n<li>Transmiss\u00e3o: Procure uma autom\u00e1tica para passeios descontra\u00eddos.<\/li>\n<li>Quil\u00f3metros ilimitados: Vistas ilimitadas escondidas atr\u00e1s de desertos e paisagens mar\u00edtimas.<\/li>\n<\/ul>\n<blockquote class=\"check\">\n<h3>RosCar Aluguer de carros em Marrocos em detalhe<\/h3>\n<p>Encontre alguns minutos para alugar um carro em Marrocos:<\/p>\n<ol>\n<li>Defina os locais de recolha e entrega.<\/li>\n<li>Especifique as datas de in\u00edcio e fim.<\/li>\n<li>Clique em &#8220;Filtros&#8221; para selecionar os add-ons desejados.<\/li>\n<li>Clique em &#8220;Ver&#8221; para obter uma lista.<\/li>\n<li>Reserve agora.<\/li>\n<li>Pre encha o formul\u00e1rio e pague agora.<\/li>\n<\/ol>\n<p>Uma vezna p\u00e1gina de checkout, tem de introduzir um cart\u00e3o para um pr\u00e9-pagamento de 20%. N\u00e3o se preocupe, os seus dados banc\u00e1rios est\u00e3o seguros.<\/p><\/blockquote>\n<h2>O custo do aluguer de um carro em Marrocos<\/h2>\n<p>Aqui est\u00e3o alguns exemplos para ajud\u00e1-lo a entender o pre\u00e7o do aluguer de carros em Marrocos:<\/p>\n<ul>\n<li>$20-30 para Mini ou Econ\u00f3mico<\/li>\n<li>$45-55 para Standard ou Minivan<\/li>\n<li>$50-70 para SUV ou Crossover<\/li>\n<li>a partir de 80 d\u00f3lares para Luxo ou Descapot\u00e1vel.<\/li>\n<\/ul>\n<p>Mas pode tentar conseguir um aluguer mais barato:<\/p>\n<ul>\n<li>Alugar um carro de longa dura\u00e7\u00e3o (5 dias ou mais)<\/li>\n<li>Definir a data de in\u00edcio para o meio da semana<\/li>\n<li>Compare n\u00e3o s\u00f3 o pre\u00e7o, mas tamb\u00e9m o equipamento<\/li>\n<li>Reserve online com bastante anteced\u00eancia.<\/li>\n<\/ul>\n<p>Mais informa\u00e7\u00f5es sobre a compara\u00e7\u00e3o de pre\u00e7os:<\/p>\n<h3>Tabela de pre\u00e7os para o aluguer de autom\u00f3veis em Marrocos<\/h3>\n<table border=\"1\" cellspacing=\"0\" cellpadding=\"8\">\n<thead>\n<tr>\n<th>Modelo do carro<\/th>\n<th>Tipo de carro\u00e7aria<\/th>\n<th>Pre\u00e7o por dia (\u00e9poca baixa)<\/th>\n<th>Pre\u00e7o por dia (\u00e9poca alta)<\/th>\n<th>Passageiros<\/th>\n<th>Capacidade de bagagem<\/th>\n<\/tr>\n<\/thead>\n<tbody>\n<tr>\n<td>Dacia Logan<\/td>\n<td>Sedan<\/td>\n<td>23 \u20ac<\/td>\n<td>30 \u20ac<\/td>\n<td>5<\/td>\n<td>2<\/td>\n<\/tr>\n<tr>\n<td>Kia Picanto<\/td>\n<td>Porta-bagagens<\/td>\n<td>20 \u20ac<\/td>\n<td>28 \u20ac<\/td>\n<td>4<\/td>\n<td>1<\/td>\n<\/tr>\n<tr>\n<td>Renault Clio<\/td>\n<td>Hatchback<\/td>\n<td>25 \u20ac<\/td>\n<td>35 \u20ac<\/td>\n<td>5<\/td>\n<td>2<\/td>\n<\/tr>\n<tr>\n<td>Dacia Duster<\/td>\n<td>SUV<\/td>\n<td>35 \u20ac<\/td>\n<td>45 \u20ac<\/td>\n<td>5<\/td>\n<td>3<\/td>\n<\/tr>\n<tr>\n<td>Hyundai Tucson<\/td>\n<td>SUV<\/td>\n<td>50 \u20ac<\/td>\n<td>65 \u20ac<\/td>\n<td>5<\/td>\n<td>4<\/td>\n<\/tr>\n<tr>\n<td>Peugeot 208<\/td>\n<td>Hatchback<\/td>\n<td>22 \u20ac<\/td>\n<td>32 \u20ac<\/td>\n<td>5<\/td>\n<td>2<\/td>\n<\/tr>\n<tr>\n<td>Volkswagen Polo<\/td>\n<td>Hatchback<\/td>\n<td>26 \u20ac<\/td>\n<td>36 \u20ac<\/td>\n<td>5<\/td>\n<td>2<\/td>\n<\/tr>\n<tr>\n<td>Citro\u00ebn C-Elys\u00e9e<\/td>\n<td>Sedan<\/td>\n<td>24 \u20ac<\/td>\n<td>34 \u20ac<\/td>\n<td>5<\/td>\n<td>3<\/td>\n<\/tr>\n<tr>\n<td>Fiat Tipo<\/td>\n<td>Sedan<\/td>\n<td>27 \u20ac<\/td>\n<td>37 \u20ac<\/td>\n<td>5<\/td>\n<td>3<\/td>\n<\/tr>\n<tr>\n<td>Renault Captur<\/td>\n<td>Crossover<\/td>\n<td>33 \u20ac<\/td>\n<td>43 \u20ac<\/td>\n<td>5<\/td>\n<td>3<\/td>\n<\/tr>\n<\/tbody>\n<\/table>\n        <div class=\"rpc-chart\">\n            <h3>Pre\u00e7os sazonais de aluguer de carros em Marrocos<\/h3>\n            <div><p>A tabela abaixo mostra uma an\u00e1lise das mudan\u00e7as nos pre\u00e7os m\u00e9dios de aluguer de carros em Marrocos nos \u00faltimos tr\u00eas anos. As informa\u00e7\u00f5es baseiam-se em reservas reais efectuadas atrav\u00e9s do roscar.ma, um site especializado no aluguer de autom\u00f3veis sem intermedi\u00e1rios. Os dados abrangem todas as classes de autom\u00f3veis (desde os modelos citadinos econ\u00f3micos at\u00e9 aos SUV, descapot\u00e1veis e ao segmento premium).<\/p>\n<p>Gra\u00e7as aos nossos muitos anos de experi\u00eancia junto dos viajantes e ao acompanhamento regular do mercado, form\u00e1mos uma vis\u00e3o objetiva das flutua\u00e7\u00f5es sazonais dos pre\u00e7os de aluguer. A nossa an\u00e1lise ser\u00e1 \u00fatil para qualquer pessoa que planeie uma viagem a Marrocos: pode escolher antecipadamente o per\u00edodo em que o aluguer de autom\u00f3veis ser\u00e1 mais vantajoso.<\/p>\n<p>Recomendamos que utilize as informa\u00e7\u00f5es verificadas e os conselhos pr\u00e1ticos da RosCar Morocco para tornar a sua viagem confort\u00e1vel, segura e econ\u00f3mica.<\/p>\n<\/div>\n            <div class=\"rpc-chart-bars\">\n                                    <div class=\"rpc-chart-column\">\n                        <div class=\"rpc-chart-inner\" style=\"height: 28.846153846154%\">\n                            <div class=\"rpc-chart-column-value\">15 \u20ac<\/div>\n                            <div class=\"rpc-chart-month\">JAN<\/div>\n                        <\/div>\n                    <\/div>\n                                    <div class=\"rpc-chart-column\">\n                        <div class=\"rpc-chart-inner\" style=\"height: 28.846153846154%\">\n                            <div class=\"rpc-chart-column-value\">15 \u20ac<\/div>\n                            <div class=\"rpc-chart-month\">FEB<\/div>\n                        <\/div>\n                    <\/div>\n                                    <div class=\"rpc-chart-column\">\n                        <div class=\"rpc-chart-inner\" style=\"height: 32.692307692308%\">\n                            <div class=\"rpc-chart-column-value\">17 \u20ac<\/div>\n                            <div class=\"rpc-chart-month\">MAR<\/div>\n                        <\/div>\n                    <\/div>\n                                    <div class=\"rpc-chart-column\">\n                        <div class=\"rpc-chart-inner\" style=\"height: 42.307692307692%\">\n                            <div class=\"rpc-chart-column-value\">22 \u20ac<\/div>\n                            <div class=\"rpc-chart-month\">APR<\/div>\n                        <\/div>\n                    <\/div>\n                                    <div class=\"rpc-chart-column\">\n                        <div class=\"rpc-chart-inner\" style=\"height: 32.692307692308%\">\n                            <div class=\"rpc-chart-column-value\">17 \u20ac<\/div>\n                            <div class=\"rpc-chart-month\">MAY<\/div>\n                        <\/div>\n                    <\/div>\n                                    <div class=\"rpc-chart-column\">\n                        <div class=\"rpc-chart-inner\" style=\"height: 30.769230769231%\">\n                            <div class=\"rpc-chart-column-value\">16 \u20ac<\/div>\n                            <div class=\"rpc-chart-month\">JUN<\/div>\n                        <\/div>\n                    <\/div>\n                                    <div class=\"rpc-chart-column\">\n                        <div class=\"rpc-chart-inner\" style=\"height: 55.769230769231%\">\n                            <div class=\"rpc-chart-column-value\">29 \u20ac<\/div>\n                            <div class=\"rpc-chart-month\">JUL<\/div>\n                        <\/div>\n                    <\/div>\n                                    <div class=\"rpc-chart-column\">\n                        <div class=\"rpc-chart-inner\" style=\"height: 61.538461538462%\">\n                            <div class=\"rpc-chart-column-value\">32 \u20ac<\/div>\n                            <div class=\"rpc-chart-month\">AUG<\/div>\n                        <\/div>\n                    <\/div>\n                                    <div class=\"rpc-chart-column\">\n                        <div class=\"rpc-chart-inner\" style=\"height: 38.461538461538%\">\n                            <div class=\"rpc-chart-column-value\">20 \u20ac<\/div>\n                            <div class=\"rpc-chart-month\">SEP<\/div>\n                        <\/div>\n                    <\/div>\n                                    <div class=\"rpc-chart-column\">\n                        <div class=\"rpc-chart-inner\" style=\"height: 36.538461538462%\">\n                            <div class=\"rpc-chart-column-value\">19 \u20ac<\/div>\n                            <div class=\"rpc-chart-month\">OCT<\/div>\n                        <\/div>\n                    <\/div>\n                                    <div class=\"rpc-chart-column\">\n                        <div class=\"rpc-chart-inner\" style=\"height: 32.692307692308%\">\n                            <div class=\"rpc-chart-column-value\">17 \u20ac<\/div>\n                            <div class=\"rpc-chart-month\">NOV<\/div>\n                        <\/div>\n                    <\/div>\n                                    <div class=\"rpc-chart-column\">\n                        <div class=\"rpc-chart-inner\" style=\"height: 44.230769230769%\">\n                            <div class=\"rpc-chart-column-value\">23 \u20ac<\/div>\n                            <div class=\"rpc-chart-month\">DEC<\/div>\n                        <\/div>\n                    <\/div>\n                            <\/div>\n        <\/div>\n        \n<h2>Aluguer De Carros Marrocos: Documentos<\/h2>\n<p>Tem mais de 21 (ou 25) anos e alguma experi\u00eancia de condu\u00e7\u00e3o? Ent\u00e3o s\u00f3 precisa de tr\u00eas documentos para alugar um carro em Marrocos:<\/p>\n<ol>\n<li>Passaporte<\/li>\n<li>Carta de condu\u00e7\u00e3o<\/li>\n<li>Cart\u00e3o de cr\u00e9dito (opcional).<\/li>\n<\/ol>\n<p>Tamb\u00e9m precisa de um Voucher (certificado de reserva), mas receber\u00e1 um imediatamente ap\u00f3s a confirma\u00e7\u00e3o da sua reserva.<\/p>\n","protected":false},"excerpt":{"rendered":"<p>Aluguer De Carros Marrocos a partir de RosCar Milhares de anos de hist\u00f3ria e antigas tradi\u00e7\u00f5es \u00e1rabes atraem milh\u00f5es de turistas como um \u00edman. Aqui, podemos encontrar os sons do grande Saara e do Oceano Atl\u00e2ntico, bem como culturas modernas e pr\u00e9-hist\u00f3ricas, a par de excelentes condi\u00e7\u00f5es para qualquer tipo de viagem. Mas ser\u00e1 que [&hellip;]<\/p>\n","protected":false},"author":1,"featured_media":126,"parent":0,"menu_order":0,"comment_status":"closed","ping_status":"closed","template":"","meta":{"footnotes":""},"class_list":["post-1046","page","type-page","status-publish","has-post-thumbnail",""],"_links":{"self":[{"href":"https:\/\/roscar.ma\/pt-pt\/wp-json\/wp\/v2\/pages\/1046","targetHints":{"allow":["GET"]}}],"collection":[{"href":"https:\/\/roscar.ma\/pt-pt\/wp-json\/wp\/v2\/pages"}],"about":[{"href":"https:\/\/roscar.ma\/pt-pt\/wp-json\/wp\/v2\/types\/page"}],"author":[{"embeddable":true,"href":"https:\/\/roscar.ma\/pt-pt\/wp-json\/wp\/v2\/users\/1"}],"replies":[{"embeddable":true,"href":"https:\/\/roscar.ma\/pt-pt\/wp-json\/wp\/v2\/comments?post=1046"}],"version-history":[{"count":1,"href":"https:\/\/roscar.ma\/pt-pt\/wp-json\/wp\/v2\/pages\/1046\/revisions"}],"predecessor-version":[{"id":1047,"href":"https:\/\/roscar.ma\/pt-pt\/wp-json\/wp\/v2\/pages\/1046\/revisions\/1047"}],"wp:featuredmedia":[{"embeddable":true,"href":"https:\/\/roscar.ma\/pt-pt\/wp-json\/wp\/v2\/media\/126"}],"wp:attachment":[{"href":"https:\/\/roscar.ma\/pt-pt\/wp-json\/wp\/v2\/media?parent=1046"}],"curies":[{"name":"wp","href":"https:\/\/api.w.org\/{rel}","templated":true}]}}