{"id":2551,"date":"2025-07-17T11:33:38","date_gmt":"2025-07-17T11:33:38","guid":{"rendered":"https:\/\/roscar.ma\/?page_id=2551"},"modified":"2025-07-26T20:24:15","modified_gmt":"2025-07-26T20:24:15","slug":"wynajem-samochodow-tanger","status":"publish","type":"page","link":"https:\/\/roscar.ma\/pl\/wynajem-samochodow-tanger\/","title":{"rendered":"Wynajem Samochod\u00f3w Tanger"},"content":{"rendered":"<h2>Wynajem Samochod\u00f3w Tanger od RosCar<\/h2>\n<p>P\u00f3\u0142nocne Maroko to miejsce, w kt\u00f3rym spotykaj\u0105 si\u0119 dwa kontynenty (Europa i Afryka), gdzie klimat jest ciep\u0142y przez 365 dni w roku i zawsze jasne wspomnienia. Tutaj mo\u017cesz wynaj\u0105\u0107 samoch\u00f3d w Tangerze i przenie\u015b\u0107 swoj\u0105 podr\u00f3\u017c na zupe\u0142nie nowy poziom:<\/p>\n<ul>\n<li>Mniej wydatk\u00f3w na transport publiczny lub taks\u00f3wki<\/li>\n<li>Swoboda przemieszczania si\u0119, kiedy tylko chcesz<\/li>\n<li>\u0141atwy odbi\u00f3r i rezerwacja 24\/7<\/li>\n<li>Niskie ceny i wysoka jako\u015b\u0107.<\/li>\n<\/ul>\n<p>Nadal szukasz najlepszej warto\u015bci za ka\u017cdego wydanego dolara? Nast\u0119pnie wyszukaj sw\u00f3j pojazd na RosCar, zarezerwuj i u\u017cyj karty do potwierdzenia (do 20% kwoty). Tak, to takie proste.<\/p>\n<h2>Wynajem Samochod\u00f3w Tanger: Przewodnik<\/h2>\n<p>Wyb\u00f3r odpowiedniej wypo\u017cyczalni samochod\u00f3w Tanger mo\u017ce nie wydawa\u0107 si\u0119 \u0142atwym zadaniem, bior\u0105c pod uwag\u0119 bud\u017cet, styl podr\u00f3\u017cy i potrzeby. Ale wystarcz\u0105 dwa kroki, aby dotrze\u0107 tam, gdzie chcesz.<\/p>\n<h3>1. Typ pojazdu<\/h3>\n<p>Powinien by\u0107 przestronny czy kompaktowy, tani czy drogi? U\u017cyj filtr\u00f3w, aby wybra\u0107 sw\u00f3j:<\/p>\n<ul>\n<li>Samoch\u00f3d ekonomiczny<\/li>\n<li>Samoch\u00f3d kompaktowy<\/li>\n<li>SUV lub crossover<\/li>\n<li>Samoch\u00f3d mini<\/li>\n<li>Samoch\u00f3d standardowy<\/li>\n<li>Samoch\u00f3d luksusowy<\/li>\n<li>Kabriolet<\/li>\n<li>Van, minivan i inne.<\/li>\n<\/ul>\n<h3>2. Dodatkowe us\u0142ugi<\/h3>\n<p>Mo\u017ce to by\u0107 naj\u0142atwiejszy i najta\u0144szy spos\u00f3b na popraw\u0119 jako\u015bci podr\u00f3\u017cy dzi\u0119ki nast\u0119puj\u0105cym funkcjom:<\/p>\n<ul>\n<li>Bezp\u0142atne anulowanie rezerwacji: Z tej opcji mo\u017cna skorzysta\u0107 tylko na 48 godzin przed dat\u0105 rozpocz\u0119cia.<\/li>\n<li>Brak karty kredytowej: Zawsze jest mn\u00f3stwo pojazd\u00f3w do wyboru.<\/li>\n<li>Karta SIM: Ka\u017cdy potrzebuje szybkiego internetu lub po\u0142\u0105cze\u0144 podczas podr\u00f3\u017cy.<\/li>\n<li>Dodatkowy kierowca: Zawsze dobrze jest mie\u0107 kogo\u015b gotowego do prowadzenia pojazdu.<\/li>\n<li>Nieograniczony przebieg: \u015awietny dodatek do taniego wynajmu samochodu w Tangerze.<\/li>\n<li>Brak depozytu: Mo\u017ce by\u0107 o 10-15% dro\u017cszy, ale nie ma blokady depozytu na kartach kredytowych.<\/li>\n<li>Fotelik dzieci\u0119cy: Dzieci poni\u017cej 10 roku \u017cycia mog\u0105 by\u0107 przewo\u017cone wy\u0142\u0105cznie w foteliku dzieci\u0119cym (w tylnym rz\u0119dzie).<\/li>\n<li>Dodatkowe ubezpieczenie: Nie musisz martwi\u0107 si\u0119 o wolno\u015b\u0107 finansow\u0105 dzi\u0119ki SuperCDW lub Full Coverage.<\/li>\n<li>Gwarantowany model: Zarezerwowa\u0142e\u015b Toyot\u0119 Coroll\u0119? Otrzymasz dok\u0142adnie tak\u0105 Toyot\u0119 Coroll\u0119.<\/li>\n<li>Skrzynia bieg\u00f3w: Manualna vs. Automatyczna. Tani vs. Komfortowy.<\/li>\n<\/ul>\n<blockquote class=\"info\">\n<h2>Wynajem samochod\u00f3w w Tangerze: Rezerwacja<\/h2>\n<p>Masz pi\u0119\u0107 minut? W takim razie mo\u017cesz wynaj\u0105\u0107 dowolny pojazd w RosCar w nast\u0119puj\u0105cy spos\u00f3b:<\/p>\n<ol>\n<li>Okre\u015bl daty rozpocz\u0119cia i zako\u0144czenia, a tak\u017ce lokalizacje.<\/li>\n<li>Przejd\u017a do filtr\u00f3w i kliknij te, kt\u00f3re uwa\u017casz za po\u017c\u0105dane.<\/li>\n<li>Wybierz samoch\u00f3d za pomoc\u0105 opcji Zarezerwuj teraz.<\/li>\n<li>Wybierz rodzaj p\u0142atno\u015bci, ubezpieczenie i dodatkowe funkcje w formularzu.<\/li>\n<li>Dodaj inne informacje i potwierd\u017a.<\/li>\n<li>Zap\u0142a\u0107 teraz.<\/li>\n<\/ol>\n<p>Wynajem samochod\u00f3w w Tangerze mo\u017ce zarezerwowa\u0107 ka\u017cdy, kto posiada prawo jazdy (powy\u017cej 21 lat) i kart\u0119 bankow\u0105 (do 20% na potwierdzenie p\u0142atno\u015bci). 80% pozosta\u0142ej kwoty jest p\u0142atne na miejscu, dowoln\u0105 metod\u0105 okre\u015blon\u0105 w formularzu.<\/p><\/blockquote>\n<h2>Cena wypo\u017cyczalni samochodu w Tangerze<\/h2>\n<p>W tej cz\u0119\u015bci Maroka mo\u017cna znale\u017a\u0107 do\u015b\u0107 niskie ceny za wynajem samochod\u00f3w w Tangerze:<\/p>\n<ul>\n<li>15-20 USD za Economy lub Mini<\/li>\n<li>25-30 USD za standard<\/li>\n<li>35-50 USD za minivana, SUV-a, 4&#215;4 lub crossovera<\/li>\n<li>Ponad 60 USD za samoch\u00f3d luksusowy lub kabriolet.<\/li>\n<\/ul>\n<p>Ceny w \u015brodku sezonu turystycznego mog\u0105 wzrosn\u0105\u0107 nawet o 60%, a nawet wi\u0119cej. Dlatego nale\u017cy wzi\u0105\u0107 pod uwag\u0119 nast\u0119puj\u0105ce \u017cyciowe triki, aby obni\u017cy\u0107 koszty:<\/p>\n<ul>\n<li>Zarezerwuj jak najwcze\u015bniej<\/li>\n<li>Wybierz typ pojazdu, kt\u00f3ry nie zagra\u017ca Twojemu bud\u017cetowi<\/li>\n<li>Poszukaj bezp\u0142atnych funkcji (brak depozytu, brak karty kredytowej, nieograniczony przebieg itp.)<\/li>\n<li>Okre\u015bl dat\u0119 rozpocz\u0119cia w \u015brodku tygodnia.<\/li>\n<\/ul>\n<p>Powiniene\u015b tak\u017ce por\u00f3wna\u0107 ceny:<\/p>\n<h3>Tabela z cenami wynajmu samochod\u00f3w w Tanger, Maroko<\/h3>\n<table>\n<thead>\n<tr>\n<th>Model samochodu<\/th>\n<th>Typ nadwozia<\/th>\n<th>Cena za dzie\u0144 (poza sezonem)<\/th>\n<th>Cena za dzie\u0144 (w sezonie)<\/th>\n<th>Pasa\u017cerowie<\/th>\n<th>Pojemno\u015b\u0107 baga\u017cnika<\/th>\n<\/tr>\n<\/thead>\n<tbody>\n<tr>\n<td>Fiat Panda<\/td>\n<td>Hatchback<\/td>\n<td>20 \u20ac<\/td>\n<td>27 \u20ac<\/td>\n<td>4<\/td>\n<td>1<\/td>\n<\/tr>\n<tr>\n<td>Kia Picanto<\/td>\n<td>Hatchback<\/td>\n<td>22 \u20ac<\/td>\n<td>29 \u20ac<\/td>\n<td>4<\/td>\n<td>1<\/td>\n<\/tr>\n<tr>\n<td>Dacia Logan<\/td>\n<td>Sedan<\/td>\n<td>24 \u20ac<\/td>\n<td>32 \u20ac<\/td>\n<td>5<\/td>\n<td>2<\/td>\n<\/tr>\n<tr>\n<td>Peugeot 208<\/td>\n<td>Hatchback<\/td>\n<td>26 \u20ac<\/td>\n<td>35 \u20ac<\/td>\n<td>5<\/td>\n<td>2<\/td>\n<\/tr>\n<tr>\n<td>Renault Clio<\/td>\n<td>Hatchback<\/td>\n<td>27 \u20ac<\/td>\n<td>36 \u20ac<\/td>\n<td>5<\/td>\n<td>2<\/td>\n<\/tr>\n<tr>\n<td>Citro\u00ebn C-Elys\u00e9e<\/td>\n<td>Sedan<\/td>\n<td>29 \u20ac<\/td>\n<td>39 \u20ac<\/td>\n<td>5<\/td>\n<td>3<\/td>\n<\/tr>\n<tr>\n<td>Hyundai i20<\/td>\n<td>Hatchback<\/td>\n<td>28 \u20ac<\/td>\n<td>38 \u20ac<\/td>\n<td>5<\/td>\n<td>2<\/td>\n<\/tr>\n<tr>\n<td>Dacia Duster<\/td>\n<td>SUV<\/td>\n<td>38 \u20ac<\/td>\n<td>49 \u20ac<\/td>\n<td>5<\/td>\n<td>3<\/td>\n<\/tr>\n<tr>\n<td>Renault Kadjar<\/td>\n<td>SUV<\/td>\n<td>50 \u20ac<\/td>\n<td>62 \u20ac<\/td>\n<td>5<\/td>\n<td>4<\/td>\n<\/tr>\n<tr>\n<td>Peugeot 3008<\/td>\n<td>SUV<\/td>\n<td>55 \u20ac<\/td>\n<td>70 \u20ac<\/td>\n<td>5<\/td>\n<td>4<\/td>\n<\/tr>\n<\/tbody>\n<\/table>\n        <div class=\"rpc-chart\">\n            <h3>Jak zmieniaj\u0105 si\u0119 ceny wynajmu samochod\u00f3w w Tangerze: przegl\u0105d na podstawie rzeczywistych rezerwacji<\/h3>\n            <div><p>Przez ostatnie trzy lata roscar.ma monitorowa\u0142 ceny wynajmu samochod\u00f3w w Tangerze. Wszystkie przedstawione tutaj dane oparte s\u0105 na rzeczywistych rezerwacjach, co pozwala nam stworzy\u0107 wiarygodny obraz sezonowych waha\u0144 cen wynajmu.<\/p>\n<p>Analiza obejmuje r\u00f3\u017cne kategorie samochod\u00f3w - od modeli kompaktowych po SUV-y, kabriolety i samochody klasy premium. Dzi\u0119ki temu mo\u017cemy zobaczy\u0107, jak aktywno\u015b\u0107 turystyczna i pora roku wp\u0142ywaj\u0105 na ceny.<\/p>\n<p>Specjali\u015bci RosCar Morocco maj\u0105 du\u017ce do\u015bwiadczenie w obs\u0142udze klient\u00f3w w Maroku i oferuj\u0105 sprawdzone informacje, kt\u00f3re przydadz\u0105 si\u0119 ka\u017cdemu, kto planuje podr\u00f3\u017c do Tangeru i chce efektywnie zaplanowa\u0107 koszty transportu.<\/p>\n<\/div>\n            <div class=\"rpc-chart-bars\">\n                                    <div class=\"rpc-chart-column\">\n                        <div class=\"rpc-chart-inner\" style=\"height: 24.528301886792%\">\n                            <div class=\"rpc-chart-column-value\">13 \u20ac<\/div>\n                            <div class=\"rpc-chart-month\">JAN<\/div>\n                        <\/div>\n                    <\/div>\n                                    <div class=\"rpc-chart-column\">\n                        <div class=\"rpc-chart-inner\" style=\"height: 26.415094339623%\">\n                            <div class=\"rpc-chart-column-value\">14 \u20ac<\/div>\n                            <div class=\"rpc-chart-month\">FEB<\/div>\n                        <\/div>\n                    <\/div>\n                                    <div class=\"rpc-chart-column\">\n                        <div class=\"rpc-chart-inner\" style=\"height: 28.301886792453%\">\n                            <div class=\"rpc-chart-column-value\">15 \u20ac<\/div>\n                            <div class=\"rpc-chart-month\">MAR<\/div>\n                        <\/div>\n                    <\/div>\n                                    <div class=\"rpc-chart-column\">\n                        <div class=\"rpc-chart-inner\" style=\"height: 45.283018867925%\">\n                            <div class=\"rpc-chart-column-value\">24 \u20ac<\/div>\n                            <div class=\"rpc-chart-month\">APR<\/div>\n                        <\/div>\n                    <\/div>\n                                    <div class=\"rpc-chart-column\">\n                        <div class=\"rpc-chart-inner\" style=\"height: 32.075471698113%\">\n                            <div class=\"rpc-chart-column-value\">17 \u20ac<\/div>\n                            <div class=\"rpc-chart-month\">MAY<\/div>\n                        <\/div>\n                    <\/div>\n                                    <div class=\"rpc-chart-column\">\n                        <div class=\"rpc-chart-inner\" style=\"height: 30.188679245283%\">\n                            <div class=\"rpc-chart-column-value\">16 \u20ac<\/div>\n                            <div class=\"rpc-chart-month\">JUN<\/div>\n                        <\/div>\n                    <\/div>\n                                    <div class=\"rpc-chart-column\">\n                        <div class=\"rpc-chart-inner\" style=\"height: 52.830188679245%\">\n                            <div class=\"rpc-chart-column-value\">28 \u20ac<\/div>\n                            <div class=\"rpc-chart-month\">JUL<\/div>\n                        <\/div>\n                    <\/div>\n                                    <div class=\"rpc-chart-column\">\n                        <div class=\"rpc-chart-inner\" style=\"height: 62.264150943396%\">\n                            <div class=\"rpc-chart-column-value\">33 \u20ac<\/div>\n                            <div class=\"rpc-chart-month\">AUG<\/div>\n                        <\/div>\n                    <\/div>\n                                    <div class=\"rpc-chart-column\">\n                        <div class=\"rpc-chart-inner\" style=\"height: 39.622641509434%\">\n                            <div class=\"rpc-chart-column-value\">21 \u20ac<\/div>\n                            <div class=\"rpc-chart-month\">SEP<\/div>\n                        <\/div>\n                    <\/div>\n                                    <div class=\"rpc-chart-column\">\n                        <div class=\"rpc-chart-inner\" style=\"height: 35.849056603774%\">\n                            <div class=\"rpc-chart-column-value\">19 \u20ac<\/div>\n                            <div class=\"rpc-chart-month\">OCT<\/div>\n                        <\/div>\n                    <\/div>\n                                    <div class=\"rpc-chart-column\">\n                        <div class=\"rpc-chart-inner\" style=\"height: 32.075471698113%\">\n                            <div class=\"rpc-chart-column-value\">17 \u20ac<\/div>\n                            <div class=\"rpc-chart-month\">NOV<\/div>\n                        <\/div>\n                    <\/div>\n                                    <div class=\"rpc-chart-column\">\n                        <div class=\"rpc-chart-inner\" style=\"height: 41.509433962264%\">\n                            <div class=\"rpc-chart-column-value\">22 \u20ac<\/div>\n                            <div class=\"rpc-chart-month\">DEC<\/div>\n                        <\/div>\n                    <\/div>\n                            <\/div>\n        <\/div>\n        \n<h2>Wynajem Samochod\u00f3w Tanger: Dokumenty<\/h2>\n<p>Maroko jest krajem otwartym i dost\u0119pnym dla turyst\u00f3w z ca\u0142ego \u015bwiata. Dlatego do wynajmu wymagane s\u0105 tylko standardowe dokumenty:<\/p>\n<ol>\n<li>Prawo jazdy (wymagane s\u0105 2 lata do\u015bwiadczenia)<\/li>\n<li>Paszport lub dow\u00f3d osobisty<\/li>\n<li>Voucher lub certyfikat rezerwacji<\/li>\n<li>Karta kredytowa (opcjonalnie).<\/li>\n<\/ol>\n","protected":false},"excerpt":{"rendered":"<p>Wynajem Samochod\u00f3w Tanger od RosCar P\u00f3\u0142nocne Maroko to miejsce, w kt\u00f3rym spotykaj\u0105 si\u0119 dwa kontynenty (Europa i Afryka), gdzie klimat jest ciep\u0142y przez 365 dni w roku i zawsze jasne wspomnienia. Tutaj mo\u017cesz wynaj\u0105\u0107 samoch\u00f3d w Tangerze i przenie\u015b\u0107 swoj\u0105 podr\u00f3\u017c na zupe\u0142nie nowy poziom: Mniej wydatk\u00f3w na transport publiczny lub taks\u00f3wki Swoboda przemieszczania si\u0119, [&hellip;]<\/p>\n","protected":false},"author":1,"featured_media":289,"parent":0,"menu_order":0,"comment_status":"closed","ping_status":"closed","template":"","meta":{"footnotes":""},"class_list":["post-2551","page","type-page","status-publish","has-post-thumbnail",""],"_links":{"self":[{"href":"https:\/\/roscar.ma\/pl\/wp-json\/wp\/v2\/pages\/2551","targetHints":{"allow":["GET"]}}],"collection":[{"href":"https:\/\/roscar.ma\/pl\/wp-json\/wp\/v2\/pages"}],"about":[{"href":"https:\/\/roscar.ma\/pl\/wp-json\/wp\/v2\/types\/page"}],"author":[{"embeddable":true,"href":"https:\/\/roscar.ma\/pl\/wp-json\/wp\/v2\/users\/1"}],"replies":[{"embeddable":true,"href":"https:\/\/roscar.ma\/pl\/wp-json\/wp\/v2\/comments?post=2551"}],"version-history":[{"count":2,"href":"https:\/\/roscar.ma\/pl\/wp-json\/wp\/v2\/pages\/2551\/revisions"}],"predecessor-version":[{"id":2553,"href":"https:\/\/roscar.ma\/pl\/wp-json\/wp\/v2\/pages\/2551\/revisions\/2553"}],"wp:featuredmedia":[{"embeddable":true,"href":"https:\/\/roscar.ma\/pl\/wp-json\/wp\/v2\/media\/289"}],"wp:attachment":[{"href":"https:\/\/roscar.ma\/pl\/wp-json\/wp\/v2\/media?parent=2551"}],"curies":[{"name":"wp","href":"https:\/\/api.w.org\/{rel}","templated":true}]}}