{"id":2162,"date":"2025-07-17T11:30:24","date_gmt":"2025-07-17T11:30:24","guid":{"rendered":"https:\/\/roscar.ma\/?page_id=2162"},"modified":"2025-07-26T11:59:41","modified_gmt":"2025-07-26T11:59:41","slug":"wynajem-samochodow-agadir","status":"publish","type":"page","link":"https:\/\/roscar.ma\/pl\/wynajem-samochodow-agadir\/","title":{"rendered":"Wynajem Samochod\u00f3w Agadir"},"content":{"rendered":"<h2>Wynajem Samochod\u00f3w Agadir od RosCar<\/h2>\n<p>Maroko to kraj o wyj\u0105tkowym klimacie, t\u0119tni\u0105cych \u017cyciem krajobrazach i dziesi\u0105tkach wspania\u0142ych nadmorskich kurort\u00f3w. Jest to idealne miejsce dla tych, kt\u00f3rzy szukaj\u0105 czego\u015b wi\u0119cej ni\u017c tylko relaksu na pla\u017cy. A je\u015bli chcesz jak najlepiej wykorzysta\u0107 swoj\u0105 podr\u00f3\u017c i nasyci\u0107 si\u0119 \u017cywymi wra\u017ceniami, jest tylko jeden spos\u00f3b: wynajem samochod\u00f3w Agadir. Gotowy, by wynaj\u0105\u0107 sw\u00f3j samoch\u00f3d? Zarezerwuj teraz z RosCar, a b\u0119dziesz m\u00f3g\u0142:<\/p>\n<ul>\n<li>Wybra\u0107 najlepsze oferty z warunkami korzystnymi dla obu stron<\/li>\n<li>Wyposa\u017cy\u0107 si\u0119 w dodatkowe opcje, kt\u00f3re uczyni\u0105 \u017cycie lepszym i \u0142atwiejszym<\/li>\n<li>Porusza\u0107 si\u0119 po swojej unikalnej \u015bcie\u017cce, nie b\u0119d\u0105c przywi\u0105zanym do czyjego\u015b harmonogramu<\/li>\n<li>Skorzysta\u0107 z niskich cen d\u0142ugoterminowego wynajmu samochod\u00f3w.<\/li>\n<\/ul>\n<h2>Wynajem samochod\u00f3w Agadir: Przewodnik<\/h2>\n<p>Zanim naci\u015bniesz przycisk &#8222;Zarezerwuj teraz&#8221;, proponujemy przeczyta\u0107 kr\u00f3tkie wprowadzenie. Jest to \u015bcie\u017cka tysi\u0119cy aktywnych podr\u00f3\u017cnik\u00f3w z ca\u0142ego \u015bwiata, kt\u00f3ra pozwala wzi\u0105\u0107 to, czego nie po\u017ca\u0142ujesz.<\/p>\n<h3>1. Wybierz typ pojazdu, kt\u00f3ry odpowiada Twojemu bud\u017cetowi i celom<\/h3>\n<p>Tani wynajem samochod\u00f3w w Agadirze jest dost\u0119pny tylko dla tych, kt\u00f3rzy wybior\u0105 odpowiedni typ:<\/p>\n<ul>\n<li>Samoch\u00f3d standardowy (bestseller w Maroku)<\/li>\n<li>Crossover lub SUV<\/li>\n<li>Mini samoch\u00f3d lub samoch\u00f3d ekonomiczny<\/li>\n<li>Minivan lub Van<\/li>\n<li>Kabriolet, luksusowy lub inny.<\/li>\n<\/ul>\n<h3>2. Co z dodatkowymi us\u0142ugami?<\/h3>\n<p>Jest to cz\u0119\u015b\u0107 rezerwacji, kt\u00f3r\u0105 wielu turyst\u00f3w cz\u0119sto pomija, ale potem \u017ca\u0142uj\u0105, \u017ce nie zwr\u00f3cili na ni\u0105 wi\u0119kszej uwagi. By\u0107 mo\u017ce jest tutaj co\u015b, co sprawi, \u017ce wynajem samochodu w Agadirze b\u0119dzie lepszy:<\/p>\n<ul>\n<li>Dodatkowe ubezpieczenie: Ryzyko finansowe b\u0119dzie ni\u017csze, je\u015bli zap\u0142aci\u0142e\u015b za uaktualnienie do Full Coverage lub SuperCDW.<\/li>\n<li>Bezp\u0142atne anulowanie: W przypadku, gdy nie jeste\u015b w 100% pewien swoich plan\u00f3w.<\/li>\n<li>Nieograniczony przebieg: Zero op\u0142at za nieograniczone mo\u017cliwo\u015bci podr\u00f3\u017cowania.<\/li>\n<li>Brak depozytu: Nie musisz ogranicza\u0107 swojego bud\u017cetu, wypr\u00f3buj brak blokady depozytu na kartach kredytowych.<\/li>\n<li>Gwarantowany model: Ten sam samoch\u00f3d zostanie zarezerwowany, bez wyj\u0105tk\u00f3w.<\/li>\n<li>Skrzynia bieg\u00f3w: Nie b\u0119dziesz zaskoczony, gdy dowiesz si\u0119, \u017ce polecamy automatyczn\u0105 skrzyni\u0119 bieg\u00f3w.<\/li>\n<li>Brak karty kredytowej: Wiele dobrych pojazd\u00f3w jest dost\u0119pnych z t\u0105 bezp\u0142atn\u0105 funkcj\u0105.<\/li>\n<li>Karta SIM: Podr\u00f3\u017cowanie w 2025 roku jest niemo\u017cliwe bez stabilnego i taniego po\u0142\u0105czenia internetowego.<\/li>\n<li>Dodatkowy kierowca: Wybierz t\u0119 opcj\u0119, je\u015bli chcesz pozwoli\u0107 znajomemu prowadzi\u0107 w trasie.<\/li>\n<li>Fotelik dzieci\u0119cy: Dzieci poni\u017cej 10 roku \u017cycia musz\u0105 by\u0107 przewo\u017cone w foteliku dzieci\u0119cym w Maroku.<\/li>\n<\/ul>\n<blockquote class=\"check\">\n<h2>Wynajem samochod\u00f3w Agadir: Rezerwacja<\/h2>\n<p>Masz prawo jazdy i uko\u0144czy\u0142e\u015b 21 lat? W takim razie jak najszybciej wynajmij samoch\u00f3d w Agadirze:<\/p>\n<ol>\n<li>Okre\u015bl lokalizacje i daty.<\/li>\n<li>Przejd\u017a do filtr\u00f3w, aby dostosowa\u0107 wyszukiwanie.<\/li>\n<li>Znalaz\u0142e\u015b \u017c\u0105dany pojazd na li\u015bcie? Zarezerwuj teraz.<\/li>\n<li>Dodaj dodatkowe us\u0142ugi lub rodzaj ubezpieczenia (je\u015bli potrzebujesz ulepszenia).<\/li>\n<li>Wype\u0142nij dane kierowcy.<\/li>\n<li>Potwierd\u017a.<\/li>\n<\/ol>\n<p>Potwierdzenie rezerwacji na RosCar odbywa si\u0119 za pomoc\u0105 karty bankowej, kt\u00f3ra wymaga oko\u0142o jednej pi\u0105tej p\u0142atno\u015bci za wynajem. Voucher (potwierdzenie rezerwacji) zostanie wys\u0142any natychmiast po zaksi\u0119gowaniu p\u0142atno\u015bci.<\/p><\/blockquote>\n<h2>Cena wynajmu samochodu w Agadirze<\/h2>\n<p>Koszt jednego dnia jazdy wynaj\u0119tym pojazdem wynosi:<\/p>\n<ul>\n<li>$15-20 dla Economy\/Mini<\/li>\n<li>25-35 USD za standardowy\/kompaktowy<\/li>\n<li>40-60 USD za Crossover\/SUV\/Minivan<\/li>\n<li>Ponad 80 USD za luksusowy kabriolet.<\/li>\n<\/ul>\n<p>S\u0105 to tylko przybli\u017cone warto\u015bci u\u015brednione w ci\u0105gu roku. Wynajem aut Agadir b\u0119dzie ta\u0144szy, je\u017celi zminimalizujesz koszty wynajmu:<\/p>\n<ul>\n<li>Trzymaj si\u0119 z dala od sezon\u00f3w last minute lub wakacji<\/li>\n<li>Szukasz d\u0142ugoterminowego wynajmu samochodu<\/li>\n<li>Odbierz samoch\u00f3d w mie\u015bcie (transfer z lotniska lub transfer jest dro\u017cszy)<\/li>\n<li>Dokona\u0107 rezerwacji na czas (10-20 dni przed rozpocz\u0119ciem).<\/li>\n<\/ul>\n<p>Zalecamy r\u00f3wnie\u017c por\u00f3wnanie cen:<\/p>\n<h3>Tabela z cenami wynajmu samochod\u00f3w w Agadirze, Maroko<\/h3>\n<table border=\"1\" cellspacing=\"0\" cellpadding=\"0\">\n<thead>\n<tr>\n<th>Model samochodu<\/th>\n<th>Typ nadwozia<\/th>\n<th>Cena za dzie\u0144 (poza sezonem)<\/th>\n<th>Cena za dzie\u0144 (w sezonie)<\/th>\n<th>Pasa\u017cerowie<\/th>\n<th>Pojemno\u015b\u0107 baga\u017cnika<\/th>\n<\/tr>\n<\/thead>\n<tbody>\n<tr>\n<td>Fiat Panda<\/td>\n<td>Hatchback<\/td>\n<td>19 \u20ac<\/td>\n<td>25 \u20ac<\/td>\n<td>4<\/td>\n<td>1<\/td>\n<\/tr>\n<tr>\n<td>Kia Picanto<\/td>\n<td>Hatchback<\/td>\n<td>21 \u20ac<\/td>\n<td>28 \u20ac<\/td>\n<td>4<\/td>\n<td>1<\/td>\n<\/tr>\n<tr>\n<td>Dacia Logan<\/td>\n<td>Sedan<\/td>\n<td>23 \u20ac<\/td>\n<td>31 \u20ac<\/td>\n<td>5<\/td>\n<td>2<\/td>\n<\/tr>\n<tr>\n<td>Hyundai i20<\/td>\n<td>Hatchback<\/td>\n<td>25 \u20ac<\/td>\n<td>34 \u20ac<\/td>\n<td>5<\/td>\n<td>2<\/td>\n<\/tr>\n<tr>\n<td>Peugeot 208<\/td>\n<td>Hatchback<\/td>\n<td>26 \u20ac<\/td>\n<td>35 \u20ac<\/td>\n<td>5<\/td>\n<td>2<\/td>\n<\/tr>\n<tr>\n<td>Renault Clio<\/td>\n<td>Hatchback<\/td>\n<td>27 \u20ac<\/td>\n<td>37 \u20ac<\/td>\n<td>5<\/td>\n<td>2<\/td>\n<\/tr>\n<tr>\n<td>Citro\u00ebn C-Elys\u00e9e<\/td>\n<td>Sedan<\/td>\n<td>28 \u20ac<\/td>\n<td>38 \u20ac<\/td>\n<td>5<\/td>\n<td>3<\/td>\n<\/tr>\n<tr>\n<td>Renault Captur<\/td>\n<td>Crossover<\/td>\n<td>33 \u20ac<\/td>\n<td>44 \u20ac<\/td>\n<td>5<\/td>\n<td>3<\/td>\n<\/tr>\n<tr>\n<td>Dacia Duster<\/td>\n<td>SUV<\/td>\n<td>37 \u20ac<\/td>\n<td>48 \u20ac<\/td>\n<td>5<\/td>\n<td>3<\/td>\n<\/tr>\n<tr>\n<td>Peugeot 3008<\/td>\n<td>SUV<\/td>\n<td>54 \u20ac<\/td>\n<td>68 \u20ac<\/td>\n<td>5<\/td>\n<td>4<\/td>\n<\/tr>\n<\/tbody>\n<\/table>\n        <div class=\"rpc-chart\">\n            <h3>Sezonowe zmiany cen wynajmu samochod\u00f3w w Agadirze: aktualna analiza na podstawie rezerwacji<\/h3>\n            <div><p>W ci\u0105gu ostatnich trzech lat zesp\u00f3\u0142 roscar.ma zbiera\u0142 i analizowa\u0142 dane dotycz\u0105ce \u015bredniego kosztu wynajmu samochodu w Agadirze. Wszystkie wyniki opieraj\u0105 si\u0119 na rzeczywistych rezerwacjach dokonanych za po\u015brednictwem platformy, kt\u00f3ra wsp\u00f3\u0142pracuje wy\u0142\u0105cznie z zaufanymi lokalnymi partnerami.<\/p>\n<p>Badanie uwzgl\u0119dnia wszystkie kategorie samochod\u00f3w - od kompaktowych modeli miejskich po przestronne SUV-y, kabriolety i samochody klasy biznesowej. Takie podej\u015bcie pozwala zidentyfikowa\u0107 dok\u0142adne sezonowe trendy cenowe i zapewni\u0107 klientom najbardziej przydatne informacje do planowania podr\u00f3\u017cy.<\/p>\n<p>Specjali\u015bci RosCar Morocco dog\u0142\u0119bnie rozumiej\u0105 rynek wynajmu samochod\u00f3w w Maroku i codziennie pracuj\u0105 nad aktualizacj\u0105 aktualnych statystyk. Gwarantuje to, \u017ce u\u017cytkownicy otrzymuj\u0105 nie tylko u\u015brednione, ale wiarygodne, praktyczne informacje, kt\u00f3re spe\u0142niaj\u0105 rzeczywiste warunki.<\/p>\n<\/div>\n            <div class=\"rpc-chart-bars\">\n                                    <div class=\"rpc-chart-column\">\n                        <div class=\"rpc-chart-inner\" style=\"height: 27.659574468085%\">\n                            <div class=\"rpc-chart-column-value\">13 \u20ac<\/div>\n                            <div class=\"rpc-chart-month\">JAN<\/div>\n                        <\/div>\n                    <\/div>\n                                    <div class=\"rpc-chart-column\">\n                        <div class=\"rpc-chart-inner\" style=\"height: 29.787234042553%\">\n                            <div class=\"rpc-chart-column-value\">14 \u20ac<\/div>\n                            <div class=\"rpc-chart-month\">FEB<\/div>\n                        <\/div>\n                    <\/div>\n                                    <div class=\"rpc-chart-column\">\n                        <div class=\"rpc-chart-inner\" style=\"height: 27.659574468085%\">\n                            <div class=\"rpc-chart-column-value\">13 \u20ac<\/div>\n                            <div class=\"rpc-chart-month\">MAR<\/div>\n                        <\/div>\n                    <\/div>\n                                    <div class=\"rpc-chart-column\">\n                        <div class=\"rpc-chart-inner\" style=\"height: 38.297872340426%\">\n                            <div class=\"rpc-chart-column-value\">18 \u20ac<\/div>\n                            <div class=\"rpc-chart-month\">APR<\/div>\n                        <\/div>\n                    <\/div>\n                                    <div class=\"rpc-chart-column\">\n                        <div class=\"rpc-chart-inner\" style=\"height: 29.787234042553%\">\n                            <div class=\"rpc-chart-column-value\">14 \u20ac<\/div>\n                            <div class=\"rpc-chart-month\">MAY<\/div>\n                        <\/div>\n                    <\/div>\n                                    <div class=\"rpc-chart-column\">\n                        <div class=\"rpc-chart-inner\" style=\"height: 27.659574468085%\">\n                            <div class=\"rpc-chart-column-value\">13 \u20ac<\/div>\n                            <div class=\"rpc-chart-month\">JUN<\/div>\n                        <\/div>\n                    <\/div>\n                                    <div class=\"rpc-chart-column\">\n                        <div class=\"rpc-chart-inner\" style=\"height: 46.808510638298%\">\n                            <div class=\"rpc-chart-column-value\">22 \u20ac<\/div>\n                            <div class=\"rpc-chart-month\">JUL<\/div>\n                        <\/div>\n                    <\/div>\n                                    <div class=\"rpc-chart-column\">\n                        <div class=\"rpc-chart-inner\" style=\"height: 57.446808510638%\">\n                            <div class=\"rpc-chart-column-value\">27 \u20ac<\/div>\n                            <div class=\"rpc-chart-month\">AUG<\/div>\n                        <\/div>\n                    <\/div>\n                                    <div class=\"rpc-chart-column\">\n                        <div class=\"rpc-chart-inner\" style=\"height: 31.914893617021%\">\n                            <div class=\"rpc-chart-column-value\">15 \u20ac<\/div>\n                            <div class=\"rpc-chart-month\">SEP<\/div>\n                        <\/div>\n                    <\/div>\n                                    <div class=\"rpc-chart-column\">\n                        <div class=\"rpc-chart-inner\" style=\"height: 38.297872340426%\">\n                            <div class=\"rpc-chart-column-value\">18 \u20ac<\/div>\n                            <div class=\"rpc-chart-month\">OCT<\/div>\n                        <\/div>\n                    <\/div>\n                                    <div class=\"rpc-chart-column\">\n                        <div class=\"rpc-chart-inner\" style=\"height: 31.914893617021%\">\n                            <div class=\"rpc-chart-column-value\">15 \u20ac<\/div>\n                            <div class=\"rpc-chart-month\">NOV<\/div>\n                        <\/div>\n                    <\/div>\n                                    <div class=\"rpc-chart-column\">\n                        <div class=\"rpc-chart-inner\" style=\"height: 40.425531914894%\">\n                            <div class=\"rpc-chart-column-value\">19 \u20ac<\/div>\n                            <div class=\"rpc-chart-month\">DEC<\/div>\n                        <\/div>\n                    <\/div>\n                            <\/div>\n        <\/div>\n        \n<h2>Wynajem Samochod\u00f3w Agadir: Dokumenty<\/h2>\n<p>21-25 lat, pewne do\u015bwiadczenie w prowadzeniu pojazdu i nast\u0119puj\u0105ce dokumenty s\u0105 wymagane do wynaj\u0119cia samochodu w Agadir:<\/p>\n<ol>\n<li>Karta kredytowa (opcjonalnie)<\/li>\n<li>Paszport<\/li>\n<li>Voucher \/ certyfikat rezerwacji<\/li>\n<li>Prawo jazdy (lub IDP).<\/li>\n<\/ol>\n<p>Wynajem samochod\u00f3w Agadir jest niezb\u0119dn\u0105 us\u0142ug\u0105 dla turyst\u00f3w, kt\u00f3rzy chc\u0105 zobaczy\u0107 nie tylko Agadir, ale ca\u0142e Maroko.<\/p>\n","protected":false},"excerpt":{"rendered":"<p>Wynajem Samochod\u00f3w Agadir od RosCar Maroko to kraj o wyj\u0105tkowym klimacie, t\u0119tni\u0105cych \u017cyciem krajobrazach i dziesi\u0105tkach wspania\u0142ych nadmorskich kurort\u00f3w. Jest to idealne miejsce dla tych, kt\u00f3rzy szukaj\u0105 czego\u015b wi\u0119cej ni\u017c tylko relaksu na pla\u017cy. A je\u015bli chcesz jak najlepiej wykorzysta\u0107 swoj\u0105 podr\u00f3\u017c i nasyci\u0107 si\u0119 \u017cywymi wra\u017ceniami, jest tylko jeden spos\u00f3b: wynajem samochod\u00f3w Agadir. Gotowy, [&hellip;]<\/p>\n","protected":false},"author":1,"featured_media":799,"parent":0,"menu_order":0,"comment_status":"closed","ping_status":"closed","template":"","meta":{"footnotes":""},"class_list":["post-2162","page","type-page","status-publish","has-post-thumbnail",""],"_links":{"self":[{"href":"https:\/\/roscar.ma\/pl\/wp-json\/wp\/v2\/pages\/2162","targetHints":{"allow":["GET"]}}],"collection":[{"href":"https:\/\/roscar.ma\/pl\/wp-json\/wp\/v2\/pages"}],"about":[{"href":"https:\/\/roscar.ma\/pl\/wp-json\/wp\/v2\/types\/page"}],"author":[{"embeddable":true,"href":"https:\/\/roscar.ma\/pl\/wp-json\/wp\/v2\/users\/1"}],"replies":[{"embeddable":true,"href":"https:\/\/roscar.ma\/pl\/wp-json\/wp\/v2\/comments?post=2162"}],"version-history":[{"count":1,"href":"https:\/\/roscar.ma\/pl\/wp-json\/wp\/v2\/pages\/2162\/revisions"}],"predecessor-version":[{"id":2163,"href":"https:\/\/roscar.ma\/pl\/wp-json\/wp\/v2\/pages\/2162\/revisions\/2163"}],"wp:featuredmedia":[{"embeddable":true,"href":"https:\/\/roscar.ma\/pl\/wp-json\/wp\/v2\/media\/799"}],"wp:attachment":[{"href":"https:\/\/roscar.ma\/pl\/wp-json\/wp\/v2\/media?parent=2162"}],"curies":[{"name":"wp","href":"https:\/\/api.w.org\/{rel}","templated":true}]}}