{"id":2106,"date":"2025-07-17T11:14:56","date_gmt":"2025-07-17T11:14:56","guid":{"rendered":"https:\/\/roscar.ma\/?page_id=2106"},"modified":"2025-07-25T16:18:36","modified_gmt":"2025-07-25T16:18:36","slug":"wynajem-samochodow-fez","status":"publish","type":"page","link":"https:\/\/roscar.ma\/pl\/wynajem-samochodow-fez\/","title":{"rendered":"Wynajem samochod\u00f3w Fez (Fes)"},"content":{"rendered":"<h2>Wynajem samochod\u00f3w Fez (Fes) z RosCar<\/h2>\n<p>Prawie ka\u017cdy kraj ma nieoficjaln\u0105 stolic\u0119, kt\u00f3ra jest centrum \u017cycia kulturalnego ca\u0142ego pa\u0144stwa. Chcesz znale\u017a\u0107 to pi\u0119kne miasto w Maroku? Nast\u0119pnie musisz wynaj\u0105\u0107 samoch\u00f3d w Fes:<\/p>\n<ul>\n<li>Uzyska\u0107 najlepsze wra\u017cenia z jazdy w niskiej cenie<\/li>\n<li>Wybra\u0107 najlepszy pojazd z idealnymi dodatkami<\/li>\n<li>Przenie\u015b\u0107 swoj\u0105 podr\u00f3\u017c na inny poziom komfortu<\/li>\n<li>Nie ograniczaj si\u0119 w swoich opcjach podr\u00f3\u017cy.<\/li>\n<\/ul>\n<p>Wynajmij samoch\u00f3d w Fezie za po\u015brednictwem RosCar, a b\u0119dziesz m\u00f3g\u0142 odkry\u0107 wszystkie sekrety tego niesamowitego arabskiego \u015bwiata. Ale najpierw przygotuj swoj\u0105 kart\u0119, aby potwierdzi\u0107 rezerwacj\u0119, poniewa\u017c nie ma innego sposobu na zdobycie pojazdu. Zarezerwuj teraz.<\/p>\n<h2>Wynajem samochod\u00f3w Fez: Przewodnik<\/h2>\n<p>Czasami nawet do\u015bwiadczeni podr\u00f3\u017cnicy potrzebuj\u0105 dobrych rad. S\u0105 to rodzaje wskaz\u00f3wek, kt\u00f3re pozwol\u0105 ci zap\u0142aci\u0107 mniej i uzyska\u0107 najlepsz\u0105 warto\u015b\u0107 w jak najkr\u00f3tszym czasie.<\/p>\n<h3>Wskaz\u00f3wka pierwsza: U\u017cywaj filtr\u00f3w wed\u0142ug typu<\/h3>\n<p>Nie tra\u0107 czasu na wyszukiwanie pojazd\u00f3w, kt\u00f3re Ci\u0119 nie interesuj\u0105. Po prostu wybierz jeden:<\/p>\n<ul>\n<li>Ekonomiczny<\/li>\n<li>Standardowy<\/li>\n<li>Mini<\/li>\n<li>Kabriolet<\/li>\n<li>SUV lub Crossover<\/li>\n<li>Minivan lub Van<\/li>\n<li>Inne.<\/li>\n<\/ul>\n<h3>Wskaz\u00f3wka druga: Znajd\u017a dodatki<\/h3>\n<p>Nie jeden, ale tuzin dodatk\u00f3w, kt\u00f3re mo\u017cna uzyska\u0107 z taniego wynajmu samochodu w Fes:<\/p>\n<ul>\n<li>Brak karty kredytowej: Ka\u017cda inna karta kredytowa lub got\u00f3wka b\u0119dzie dzia\u0142a\u0107.<\/li>\n<li>Karta SIM: B\u0119dziesz jej potrzebowa\u0107, aby porusza\u0107 si\u0119 po wielu atrakcjach Fezu.<\/li>\n<li>Dodatkowy kierowca: Ka\u017cdy, kto spe\u0142nia wymagania wiekowe wypo\u017cyczalni.<\/li>\n<li>Fotelik dzieci\u0119cy: Podr\u00f3\u017cowanie z dzie\u0107mi powinno by\u0107 bezpieczne.<\/li>\n<li>Bezp\u0142atne anulowanie: Koszty rezerwacji zostan\u0105 zwr\u00f3cone w przypadku anulowania z 48-godzinnym wyprzedzeniem.<\/li>\n<li>Nieograniczony przebieg: Niesko\u0144czona ilo\u015b\u0107 niesamowitego arabskiego pi\u0119kna.<\/li>\n<li>Brak depozytu: Mniej stresu zwi\u0105zanego z bezdepozytowymi blokadami na kartach kredytowych.<\/li>\n<li>Gwarantowany model: Odbi\u00f3r to ten sam pojazd, o kt\u00f3ry prosi\u0142e\u015b.<\/li>\n<li>Skrzynia bieg\u00f3w: Kt\u00f3r\u0105 wolisz, manualn\u0105 czy automatyczn\u0105?<\/li>\n<li>Dodatkowe ubezpieczenie: Super CDW lub Full Coverage to najlepsze opcje aktualizacji.<\/li>\n<\/ul>\n<blockquote class=\"info\">\n<h2>Wynajem samochod\u00f3w w Fez w szczeg\u00f3\u0142ach<\/h2>\n<p>RosCar ma prost\u0105 procedur\u0119 rezerwacji, z kt\u00f3r\u0105 poradzi sobie ka\u017cda osoba doros\u0142a (od 21 lat):<\/p>\n<ol>\n<li>Okre\u015bl daty i lokalizacje.<\/li>\n<li>Przejd\u017a do filtr\u00f3w, kliknij \u017c\u0105dane.<\/li>\n<li>Przewi\u0144 list\u0119 i Zarezerwuj teraz, gdy zobaczysz najlepsz\u0105.<\/li>\n<li>Wybierz rodzaj ubezpieczenia (Standard lub Upgrade), a tak\u017ce dodatkowe opcje.<\/li>\n<li>Wype\u0142nij g\u0142\u00f3wne dane kierowcy.<\/li>\n<li>Potwierd\u017a.<\/li>\n<\/ol>\n<p>Wynajem samochod\u00f3w w Fes wymaga automatycznego potwierdzenia dowoln\u0105 kart\u0105 bankow\u0105. Kwota p\u0142atno\u015bci mo\u017ce wynosi\u0107 od jednej pi\u0105tej do pe\u0142nej kwoty wynajmu.<\/p><\/blockquote>\n<h2>Cena wynajmu samochodu w Fes<\/h2>\n<p>Ateny Afryki nie s\u0105 tanim miejscem do podr\u00f3\u017cowania, ale zawsze mo\u017cna znale\u017a\u0107 pojazd na ka\u017cd\u0105 kiesze\u0144:<\/p>\n<ul>\n<li>20-30 USD za Mini lub Economy<\/li>\n<li>30-40 USD za standardowy<\/li>\n<li>40-55 USD za minivana, SUV-a lub crossovera<\/li>\n<li>70+ USD za luksusowy lub kabriolet.<\/li>\n<\/ul>\n<p>Nale\u017cy pami\u0119ta\u0107, \u017ce ceny nie zawsze s\u0105 takie same. \u015arednia dzienna cena mo\u017ce si\u0119 znacznie r\u00f3\u017cni\u0107 w zale\u017cno\u015bci od kilku czynnik\u00f3w:<\/p>\n<ul>\n<li>Czas trwania wynajmu<\/li>\n<li>Metoda odbioru (miasto Fez lub lotnisko)<\/li>\n<li>Liczba dodatkowych opcji<\/li>\n<li>Nak\u0142ad pracy operatora.<\/li>\n<\/ul>\n<p>Oto jak por\u00f3wna\u0107 ceny wynajmu samochod\u00f3w w Fez:<\/p>\n<h3>Tabela z cenami wynajmu samochod\u00f3w w Fez, Maroko<\/h3>\n<table border=\"1\">\n<thead>\n<tr>\n<th>Model samochodu<\/th>\n<th>Typ nadwozia<\/th>\n<th>Cena za dzie\u0144 (poza sezonem)<\/th>\n<th>Cena za dzie\u0144 (w sezonie)<\/th>\n<th>Pasa\u017cerowie<\/th>\n<th>Pojemno\u015b\u0107 baga\u017cnika<\/th>\n<\/tr>\n<\/thead>\n<tbody>\n<tr>\n<td>Fiat Panda<\/td>\n<td>Hatchback<\/td>\n<td>19 \u20ac<\/td>\n<td>26 \u20ac<\/td>\n<td>4<\/td>\n<td>1<\/td>\n<\/tr>\n<tr>\n<td>Hyundai i10<\/td>\n<td>Hatchback<\/td>\n<td>21 \u20ac<\/td>\n<td>28 \u20ac<\/td>\n<td>4<\/td>\n<td>1<\/td>\n<\/tr>\n<tr>\n<td>Kia Picanto<\/td>\n<td>Hatchback<\/td>\n<td>22 \u20ac<\/td>\n<td>30 \u20ac<\/td>\n<td>4<\/td>\n<td>1<\/td>\n<\/tr>\n<tr>\n<td>Peugeot 208<\/td>\n<td>Hatchback<\/td>\n<td>24 \u20ac<\/td>\n<td>33 \u20ac<\/td>\n<td>5<\/td>\n<td>2<\/td>\n<\/tr>\n<tr>\n<td>Dacia Logan<\/td>\n<td>Sedan<\/td>\n<td>25 \u20ac<\/td>\n<td>34 \u20ac<\/td>\n<td>5<\/td>\n<td>2<\/td>\n<\/tr>\n<tr>\n<td>Renault Clio<\/td>\n<td>Hatchback<\/td>\n<td>27 \u20ac<\/td>\n<td>36 \u20ac<\/td>\n<td>5<\/td>\n<td>2<\/td>\n<\/tr>\n<tr>\n<td>Citro\u00ebn C-Elys\u00e9e<\/td>\n<td>Sedan<\/td>\n<td>28 \u20ac<\/td>\n<td>38 \u20ac<\/td>\n<td>5<\/td>\n<td>3<\/td>\n<\/tr>\n<tr>\n<td>Renault Captur<\/td>\n<td>Crossover<\/td>\n<td>32 \u20ac<\/td>\n<td>43 \u20ac<\/td>\n<td>5<\/td>\n<td>3<\/td>\n<\/tr>\n<tr>\n<td>Dacia Duster<\/td>\n<td>SUV<\/td>\n<td>36 \u20ac<\/td>\n<td>47 \u20ac<\/td>\n<td>5<\/td>\n<td>3<\/td>\n<\/tr>\n<tr>\n<td>Peugeot 3008<\/td>\n<td>SUV<\/td>\n<td>52 \u20ac<\/td>\n<td>66 \u20ac<\/td>\n<td>5<\/td>\n<td>4<\/td>\n<\/tr>\n<\/tbody>\n<\/table>\n        <div class=\"rpc-chart\">\n            <h3>Jak zmieniaj\u0105 si\u0119 ceny wynajmu samochod\u00f3w w Fezie w zale\u017cno\u015bci od sezonu: analiza oparta na rzeczywistych rezerwacjach<\/h3>\n            <div><p>W ci\u0105gu ostatnich trzech lat rejestrowali\u015bmy zmiany \u015brednich cen wynajmu samochod\u00f3w w Fezie, korzystaj\u0105c z danych dotycz\u0105cych rzeczywistych rezerwacji dokonanych za po\u015brednictwem platformy roscar.ma. Wsp\u00f3\u0142pracujemy wy\u0142\u0105cznie ze sprawdzonymi lokalnymi wypo\u017cyczalniami, co gwarantuje rzetelno\u015b\u0107 i wiarygodno\u015b\u0107 informacji dotycz\u0105cych wynajmu.<\/p>\n<p>Analizy obejmuj\u0105 ca\u0142\u0105 gam\u0119 pojazd\u00f3w transportowych: od niedrogich hatchback\u00f3w do lokalnych dojazd\u00f3w do pracy, po samochody u\u017cytkowe, kabriolety i samochody klasy premium. Takie podej\u015bcie pozwala zidentyfikowa\u0107 charakterystyczne sezonowe wahania cen i natychmiast reagowa\u0107 na zmiany cen.<\/p>\n<p>Zapoznaj si\u0119 z naszymi informacjami, aby dowiedzie\u0107 si\u0119, kiedy najlepiej wynaj\u0105\u0107 samoch\u00f3d. RosCar jest Twoim niezawodnym pomocnikiem w planowaniu r\u0119cznego i wydajnego transferu w Maroku.<\/p>\n<\/div>\n            <div class=\"rpc-chart-bars\">\n                                    <div class=\"rpc-chart-column\">\n                        <div class=\"rpc-chart-inner\" style=\"height: 25%\">\n                            <div class=\"rpc-chart-column-value\">12 \u20ac<\/div>\n                            <div class=\"rpc-chart-month\">JAN<\/div>\n                        <\/div>\n                    <\/div>\n                                    <div class=\"rpc-chart-column\">\n                        <div class=\"rpc-chart-inner\" style=\"height: 27.083333333333%\">\n                            <div class=\"rpc-chart-column-value\">13 \u20ac<\/div>\n                            <div class=\"rpc-chart-month\">FEB<\/div>\n                        <\/div>\n                    <\/div>\n                                    <div class=\"rpc-chart-column\">\n                        <div class=\"rpc-chart-inner\" style=\"height: 29.166666666667%\">\n                            <div class=\"rpc-chart-column-value\">14 \u20ac<\/div>\n                            <div class=\"rpc-chart-month\">MAR<\/div>\n                        <\/div>\n                    <\/div>\n                                    <div class=\"rpc-chart-column\">\n                        <div class=\"rpc-chart-inner\" style=\"height: 35.416666666667%\">\n                            <div class=\"rpc-chart-column-value\">17 \u20ac<\/div>\n                            <div class=\"rpc-chart-month\">APR<\/div>\n                        <\/div>\n                    <\/div>\n                                    <div class=\"rpc-chart-column\">\n                        <div class=\"rpc-chart-inner\" style=\"height: 37.5%\">\n                            <div class=\"rpc-chart-column-value\">18 \u20ac<\/div>\n                            <div class=\"rpc-chart-month\">MAY<\/div>\n                        <\/div>\n                    <\/div>\n                                    <div class=\"rpc-chart-column\">\n                        <div class=\"rpc-chart-inner\" style=\"height: 43.75%\">\n                            <div class=\"rpc-chart-column-value\">21 \u20ac<\/div>\n                            <div class=\"rpc-chart-month\">JUN<\/div>\n                        <\/div>\n                    <\/div>\n                                    <div class=\"rpc-chart-column\">\n                        <div class=\"rpc-chart-inner\" style=\"height: 52.083333333333%\">\n                            <div class=\"rpc-chart-column-value\">25 \u20ac<\/div>\n                            <div class=\"rpc-chart-month\">JUL<\/div>\n                        <\/div>\n                    <\/div>\n                                    <div class=\"rpc-chart-column\">\n                        <div class=\"rpc-chart-inner\" style=\"height: 58.333333333333%\">\n                            <div class=\"rpc-chart-column-value\">28 \u20ac<\/div>\n                            <div class=\"rpc-chart-month\">AUG<\/div>\n                        <\/div>\n                    <\/div>\n                                    <div class=\"rpc-chart-column\">\n                        <div class=\"rpc-chart-inner\" style=\"height: 39.583333333333%\">\n                            <div class=\"rpc-chart-column-value\">19 \u20ac<\/div>\n                            <div class=\"rpc-chart-month\">SEP<\/div>\n                        <\/div>\n                    <\/div>\n                                    <div class=\"rpc-chart-column\">\n                        <div class=\"rpc-chart-inner\" style=\"height: 35.416666666667%\">\n                            <div class=\"rpc-chart-column-value\">17 \u20ac<\/div>\n                            <div class=\"rpc-chart-month\">OCT<\/div>\n                        <\/div>\n                    <\/div>\n                                    <div class=\"rpc-chart-column\">\n                        <div class=\"rpc-chart-inner\" style=\"height: 27.083333333333%\">\n                            <div class=\"rpc-chart-column-value\">13 \u20ac<\/div>\n                            <div class=\"rpc-chart-month\">NOV<\/div>\n                        <\/div>\n                    <\/div>\n                                    <div class=\"rpc-chart-column\">\n                        <div class=\"rpc-chart-inner\" style=\"height: 39.583333333333%\">\n                            <div class=\"rpc-chart-column-value\">19 \u20ac<\/div>\n                            <div class=\"rpc-chart-month\">DEC<\/div>\n                        <\/div>\n                    <\/div>\n                            <\/div>\n        <\/div>\n        \n<h2>Wynajem samochodu w Fes: Dokumenty<\/h2>\n<p>Ka\u017cda wypo\u017cyczalnia mo\u017ce mie\u0107 swoje wymagania dotycz\u0105ce wieku (21-25 lat) lub dokument\u00f3w. Jednak zawsze b\u0119dziesz potrzebowa\u0107<\/p>\n<ol>\n<li>Paszport<\/li>\n<li>Karta kredytowa (depozyt lub kontrola bezpiecze\u0144stwa)<\/li>\n<li>Prawo jazdy.<\/li>\n<\/ol>\n<p>Voucher (potwierdzenie rezerwacji) nie jest obowi\u0105zkowy, ale jest wysy\u0142any na Tw\u00f3j adres e-mail po dokonaniu rezerwacji na RosCar. Wypo\u017cyczalnia samochod\u00f3w Fez jest bram\u0105 do odkrywania bogatej kultury i ukrytych klejnot\u00f3w miasta &#8211; zarezerwuj samoch\u00f3d ju\u017c dzi\u015b, aby podr\u00f3\u017cowa\u0107 p\u0142ynnie i elastycznie.<\/p>\n","protected":false},"excerpt":{"rendered":"<p>Wynajem samochod\u00f3w Fez (Fes) z RosCar Prawie ka\u017cdy kraj ma nieoficjaln\u0105 stolic\u0119, kt\u00f3ra jest centrum \u017cycia kulturalnego ca\u0142ego pa\u0144stwa. Chcesz znale\u017a\u0107 to pi\u0119kne miasto w Maroku? Nast\u0119pnie musisz wynaj\u0105\u0107 samoch\u00f3d w Fes: Uzyska\u0107 najlepsze wra\u017cenia z jazdy w niskiej cenie Wybra\u0107 najlepszy pojazd z idealnymi dodatkami Przenie\u015b\u0107 swoj\u0105 podr\u00f3\u017c na inny poziom komfortu Nie ograniczaj [&hellip;]<\/p>\n","protected":false},"author":1,"featured_media":246,"parent":0,"menu_order":0,"comment_status":"closed","ping_status":"closed","template":"","meta":{"footnotes":""},"class_list":["post-2106","page","type-page","status-publish","has-post-thumbnail",""],"_links":{"self":[{"href":"https:\/\/roscar.ma\/pl\/wp-json\/wp\/v2\/pages\/2106","targetHints":{"allow":["GET"]}}],"collection":[{"href":"https:\/\/roscar.ma\/pl\/wp-json\/wp\/v2\/pages"}],"about":[{"href":"https:\/\/roscar.ma\/pl\/wp-json\/wp\/v2\/types\/page"}],"author":[{"embeddable":true,"href":"https:\/\/roscar.ma\/pl\/wp-json\/wp\/v2\/users\/1"}],"replies":[{"embeddable":true,"href":"https:\/\/roscar.ma\/pl\/wp-json\/wp\/v2\/comments?post=2106"}],"version-history":[{"count":1,"href":"https:\/\/roscar.ma\/pl\/wp-json\/wp\/v2\/pages\/2106\/revisions"}],"predecessor-version":[{"id":2107,"href":"https:\/\/roscar.ma\/pl\/wp-json\/wp\/v2\/pages\/2106\/revisions\/2107"}],"wp:featuredmedia":[{"embeddable":true,"href":"https:\/\/roscar.ma\/pl\/wp-json\/wp\/v2\/media\/246"}],"wp:attachment":[{"href":"https:\/\/roscar.ma\/pl\/wp-json\/wp\/v2\/media?parent=2106"}],"curies":[{"name":"wp","href":"https:\/\/api.w.org\/{rel}","templated":true}]}}