{"id":1901,"date":"2025-07-17T11:07:41","date_gmt":"2025-07-17T11:07:41","guid":{"rendered":"https:\/\/roscar.ma\/?page_id=1901"},"modified":"2025-07-24T16:14:22","modified_gmt":"2025-07-24T16:14:22","slug":"wynajem-samochodow-rabat","status":"publish","type":"page","link":"https:\/\/roscar.ma\/pl\/wynajem-samochodow-rabat\/","title":{"rendered":"Wynajem samochod\u00f3w Rabat"},"content":{"rendered":"<h2>Wynajem samochod\u00f3w Rabat z RosCar<\/h2>\n<p>Maroko to kraj o niesamowitym po\u0142\u0105czeniu pustynnego pi\u0119kna, morskich krajobraz\u00f3w i wspania\u0142ej architektury, kt\u00f3rej nie mo\u017cna znale\u017a\u0107 nigdzie indziej. Dlatego planuj\u0105c podr\u00f3\u017c do Afryki P\u00f3\u0142nocnej, warto po\u015bwi\u0119ci\u0107 troch\u0119 czasu, aby w pe\u0142ni zanurzy\u0107 si\u0119 w muzu\u0142ma\u0144skim raju. Ale musisz tak\u017ce wynaj\u0105\u0107 samoch\u00f3d w Rabacie, aby uczyni\u0107 swoj\u0105 przygod\u0119 wygodniejsz\u0105:<\/p>\n<ul>\n<li>Du\u017cy wyb\u00f3r pojazd\u00f3w (dowolnego typu, ceny lub koloru)<\/li>\n<li>Wiele dodatk\u00f3w i funkcji mo\u017cna znale\u017a\u0107<\/li>\n<li>Kr\u00f3tko- i d\u0142ugoterminowy wynajem samochod\u00f3w<\/li>\n<li>24-godzinne rezerwacje z przyjaznym dla u\u017cytkownika interfejsem.<\/li>\n<\/ul>\n<p>Czym jest RosCar? To strona z doskona\u0142ymi funkcjami por\u00f3wnywania cen, sortowania wed\u0142ug po\u017c\u0105danych kryteri\u00f3w i szybkiej rezerwacji. Zarezerwuj teraz i potwierd\u017a rezerwacj\u0119 kart\u0105 (wymagana jest wp\u0142ata do 20% kwoty zam\u00f3wienia).<\/p>\n<h2>Przewodnik RosCar po wynajmie samochod\u00f3w w Rabacie<\/h2>\n<p>Chocia\u017c kraj ten w niczym nie przypomina europejskich lub ameryka\u0144skich ulic, do kt\u00f3rych jeste\u015bmy przyzwyczajeni, nadchodz\u0105ce wra\u017cenia z podr\u00f3\u017cy b\u0119d\u0105 do\u015b\u0107 podobne. To samo dotyczy wynajmu samochod\u00f3w w Rabacie, z wyj\u0105tkiem dw\u00f3ch subtelno\u015bci, kt\u00f3re mo\u017cna szybko rozwi\u0105za\u0107.<\/p>\n<h3>1. Jaki jest tw\u00f3j typ?<\/h3>\n<p>Nie rezerwuj pierwszego znalezionego pojazdu. Lepiej posortuj list\u0119 za pomoc\u0105 filtr\u00f3w wyszukiwania wed\u0142ug dost\u0119pnych typ\u00f3w:<\/p>\n<ul>\n<li>Standardowy lub Kompaktowy<\/li>\n<li>SUV lub Crossover<\/li>\n<li>Van lub Minivan<\/li>\n<li>Mini lub Economy (odpowiedni do taniego wynajmu samochodu w Rabat)<\/li>\n<li>Kabriolet lub Luksusowy.<\/li>\n<\/ul>\n<h3>2. Us\u0142ugi dodatkowe<\/h3>\n<p>Dodatkowe us\u0142ugi to dobry spos\u00f3b na dostosowanie wra\u017ce\u0144 z jazdy do indywidualnych potrzeb. Oto kilka z nich do wyboru:<\/p>\n<ul>\n<li>Skrzynia bieg\u00f3w: Chcesz spokojnej jazdy? Wybierz automatyczn\u0105 skrzyni\u0119 bieg\u00f3w.<\/li>\n<li>Karta SIM: Tw\u00f3j smartfon potrzebuje karty SIM, aby unikn\u0105\u0107 nadmiernych op\u0142at roamingowych.<\/li>\n<li>Fotelik dzieci\u0119cy: Nieletni lub dzieci w wieku do 10 lat potrzebuj\u0105 fotelika.<\/li>\n<li>Nieograniczony przebieg: Dzi\u0119ki tej funkcji ca\u0142e Maroko stoi przed Tob\u0105 otworem.<\/li>\n<li>Bez karty kredytowej: Podobnie jak w przypadku tradycyjnej metody, ale bez karty kredytowej.<\/li>\n<li>Model gwarantowany: Opcja obowi\u0105zkowa dla tych, kt\u00f3rzy mieli z\u0142e do\u015bwiadczenia.<\/li>\n<li>Bezp\u0142atne anulowanie: Musi by\u0107 wykorzystana na czas (co najmniej 48 godzin przed dat\u0105 rozpocz\u0119cia).<\/li>\n<li>Dodatkowy kierowca: Pozw\u00f3l znajomemu prowadzi\u0107.<\/li>\n<li>Brak depozytu: Uniknij niepotrzebnych op\u0142at bankowych dzi\u0119ki braku blokady depozytu na kartach kredytowych.<\/li>\n<li>Dodatkowe ubezpieczenie: Funkcja, kt\u00f3rej potrzebuje ka\u017cdy bez wyj\u0105tku. Uaktualnij do Super CDW lub Full Coverage i zrelaksuj si\u0119.<\/li>\n<\/ul>\n<blockquote class=\"check\">\n<h2>Wypo\u017cyczalnia samochod\u00f3w Rabat: Guide<\/h2>\n<p>RosCar pracuje, aby zapewni\u0107 Ci niesamowite wra\u017cenia z podr\u00f3\u017cy od odbioru do zwrotu. Dlatego rezerwacja u nas jest tak prosta, jak to tylko mo\u017cliwe:<\/p>\n<ol>\n<li>Wprowad\u017a szczeg\u00f3\u0142y: Odbi\u00f3r, Dow\u00f3z i daty.<\/li>\n<li>Przejd\u017a do filtr\u00f3w i wybierz kilka, kt\u00f3re uwa\u017casz za atrakcyjne, i uzyskaj list\u0119.<\/li>\n<li>Zarezerwuj teraz.<\/li>\n<li>Dodaj informacje.<\/li>\n<li>Zap\u0142a\u0107 teraz.<\/li>\n<\/ol>\n<p>Wypo\u017cyczenie samochodu w Rabacie nie mo\u017ce zosta\u0107 potwierdzone bez karty bankowej. Po dokonaniu p\u0142atno\u015bci zabezpieczaj\u0105cej (maksymalnie 20% kwoty) otrzymasz certyfikat potwierdzenia rezerwacji.<\/p><\/blockquote>\n<h2>Cena wynajmu samochodu w Rabacie<\/h2>\n<p>Ceny w stolicy Maroka nie wydadz\u0105 ci si\u0119 zbyt drogie, ale nadal s\u0105 wy\u017csze ni\u017c \u015brednia europejska:<\/p>\n<ul>\n<li>Economy za 20-30 USD\/dzie\u0144<\/li>\n<li>Standard za 35-50 USD\/dzie\u0144<\/li>\n<li>SUV za 50-70 USD\/dzie\u0144<\/li>\n<li>Luksusowy za 80 USD\/dzie\u0144.<\/li>\n<\/ul>\n<p>Wynajem samochod\u00f3w w Rabacie b\u0119dzie ta\u0144szy, je\u015bli:<\/p>\n<ul>\n<li>Unikaj kr\u00f3tkoterminowego wynajmu samochod\u00f3w<\/li>\n<li>Ustaw dat\u0119 rozpocz\u0119cia na \u015brodek tygodnia<\/li>\n<li>Zarezerwuj z wyprzedzeniem<\/li>\n<li>Wybierz odpowiedni typ pojazdu.<\/li>\n<\/ul>\n<p>Por\u00f3wna\u0107 ceny, aby znale\u017a\u0107 najlepsz\u0105 warto\u015b\u0107:<\/p>\n<h3>Tabela z cenami wynajmu samochod\u00f3w w Rabat, Maroko<\/h3>\n<table border=\"1\">\n<thead>\n<tr>\n<th>Model samochodu<\/th>\n<th>Typ nadwozia<\/th>\n<th>Cena za dzie\u0144 (poza sezonem)<\/th>\n<th>Cena za dzie\u0144 (w sezonie)<\/th>\n<th>Pasa\u017cerowie<\/th>\n<th>Pojemno\u015b\u0107 baga\u017cnika<\/th>\n<\/tr>\n<\/thead>\n<tbody>\n<tr>\n<td>Hyundai i10<\/td>\n<td>Hatchback<\/td>\n<td>21 \u20ac<\/td>\n<td>29 \u20ac<\/td>\n<td>4<\/td>\n<td>1<\/td>\n<\/tr>\n<tr>\n<td>Dacia Logan<\/td>\n<td>Sedan<\/td>\n<td>23 \u20ac<\/td>\n<td>32 \u20ac<\/td>\n<td>5<\/td>\n<td>2<\/td>\n<\/tr>\n<tr>\n<td>Peugeot 208<\/td>\n<td>Hatchback<\/td>\n<td>24 \u20ac<\/td>\n<td>34 \u20ac<\/td>\n<td>5<\/td>\n<td>2<\/td>\n<\/tr>\n<tr>\n<td>Renault Clio<\/td>\n<td>Hatchback<\/td>\n<td>26 \u20ac<\/td>\n<td>36 \u20ac<\/td>\n<td>5<\/td>\n<td>2<\/td>\n<\/tr>\n<tr>\n<td>Volkswagen Golf<\/td>\n<td>Hatchback<\/td>\n<td>30 \u20ac<\/td>\n<td>42 \u20ac<\/td>\n<td>5<\/td>\n<td>3<\/td>\n<\/tr>\n<tr>\n<td>Citro\u00ebn C-Elys\u00e9e<\/td>\n<td>Sedan<\/td>\n<td>25 \u20ac<\/td>\n<td>35 \u20ac<\/td>\n<td>5<\/td>\n<td>3<\/td>\n<\/tr>\n<tr>\n<td>Renault Captur<\/td>\n<td>Crossover<\/td>\n<td>32 \u20ac<\/td>\n<td>44 \u20ac<\/td>\n<td>5<\/td>\n<td>3<\/td>\n<\/tr>\n<tr>\n<td>Dacia Duster<\/td>\n<td>SUV<\/td>\n<td>36 \u20ac<\/td>\n<td>48 \u20ac<\/td>\n<td>5<\/td>\n<td>3<\/td>\n<\/tr>\n<tr>\n<td>Hyundai Tucson<\/td>\n<td>SUV<\/td>\n<td>52 \u20ac<\/td>\n<td>66 \u20ac<\/td>\n<td>5<\/td>\n<td>4<\/td>\n<\/tr>\n<tr>\n<td>Peugeot 3008<\/td>\n<td>SUV<\/td>\n<td>55 \u20ac<\/td>\n<td>70 \u20ac<\/td>\n<td>5<\/td>\n<td>4<\/td>\n<\/tr>\n<\/tbody>\n<\/table>\n        <div class=\"rpc-chart\">\n            <h3>Sezonowe wahania cen wynajmu samochod\u00f3w w Rabacie: analiza oparta na rzeczywistych rezerwacjach<\/h3>\n            <div><p>Poni\u017csza tabela przedstawia dynamik\u0119 zmian \u015brednich cen wynajmu samochod\u00f3w w Rabacie w ci\u0105gu ostatnich trzech lat. \u0179r\u00f3d\u0142em informacji s\u0105 rzeczywiste zam\u00f3wienia z\u0142o\u017cone za po\u015brednictwem platformy roscar.ma, serwisu skupiaj\u0105cego oferty sprawdzonych lokalnych wypo\u017cyczalni bez po\u015brednik\u00f3w.<\/p>\n<p>Analiza obejmuje szerok\u0105 gam\u0119 pojazd\u00f3w: od kompaktowych modeli miejskich po komfortowe SUV-y, kabriolety i samochody klasy premium. Takie podej\u015bcie zapewnia obiektywny obraz zmian cen w zale\u017cno\u015bci od pory roku i aktywno\u015bci turystycznej.<\/p>\n<p>Korzystamy z wieloletniego do\u015bwiadczenia w pracy z podr\u00f3\u017cnymi i stale aktualizujemy nasze dane w oparciu o trendy rynkowe. Dzi\u0119ki temu u\u017cytkownicy otrzymuj\u0105 praktyczne i wiarygodne informacje, kt\u00f3re pomagaj\u0105 im zaplanowa\u0107 bud\u017cet i wybra\u0107 najkorzystniejszy termin wynajmu samochodu w stolicy Maroka.<\/p>\n<\/div>\n            <div class=\"rpc-chart-bars\">\n                                    <div class=\"rpc-chart-column\">\n                        <div class=\"rpc-chart-inner\" style=\"height: 28.301886792453%\">\n                            <div class=\"rpc-chart-column-value\">15 \u20ac<\/div>\n                            <div class=\"rpc-chart-month\">JAN<\/div>\n                        <\/div>\n                    <\/div>\n                                    <div class=\"rpc-chart-column\">\n                        <div class=\"rpc-chart-inner\" style=\"height: 26.415094339623%\">\n                            <div class=\"rpc-chart-column-value\">14 \u20ac<\/div>\n                            <div class=\"rpc-chart-month\">FEB<\/div>\n                        <\/div>\n                    <\/div>\n                                    <div class=\"rpc-chart-column\">\n                        <div class=\"rpc-chart-inner\" style=\"height: 24.528301886792%\">\n                            <div class=\"rpc-chart-column-value\">13 \u20ac<\/div>\n                            <div class=\"rpc-chart-month\">MAR<\/div>\n                        <\/div>\n                    <\/div>\n                                    <div class=\"rpc-chart-column\">\n                        <div class=\"rpc-chart-inner\" style=\"height: 39.622641509434%\">\n                            <div class=\"rpc-chart-column-value\">21 \u20ac<\/div>\n                            <div class=\"rpc-chart-month\">APR<\/div>\n                        <\/div>\n                    <\/div>\n                                    <div class=\"rpc-chart-column\">\n                        <div class=\"rpc-chart-inner\" style=\"height: 32.075471698113%\">\n                            <div class=\"rpc-chart-column-value\">17 \u20ac<\/div>\n                            <div class=\"rpc-chart-month\">MAY<\/div>\n                        <\/div>\n                    <\/div>\n                                    <div class=\"rpc-chart-column\">\n                        <div class=\"rpc-chart-inner\" style=\"height: 32.075471698113%\">\n                            <div class=\"rpc-chart-column-value\">17 \u20ac<\/div>\n                            <div class=\"rpc-chart-month\">JUN<\/div>\n                        <\/div>\n                    <\/div>\n                                    <div class=\"rpc-chart-column\">\n                        <div class=\"rpc-chart-inner\" style=\"height: 49.056603773585%\">\n                            <div class=\"rpc-chart-column-value\">26 \u20ac<\/div>\n                            <div class=\"rpc-chart-month\">JUL<\/div>\n                        <\/div>\n                    <\/div>\n                                    <div class=\"rpc-chart-column\">\n                        <div class=\"rpc-chart-inner\" style=\"height: 62.264150943396%\">\n                            <div class=\"rpc-chart-column-value\">33 \u20ac<\/div>\n                            <div class=\"rpc-chart-month\">AUG<\/div>\n                        <\/div>\n                    <\/div>\n                                    <div class=\"rpc-chart-column\">\n                        <div class=\"rpc-chart-inner\" style=\"height: 47.169811320755%\">\n                            <div class=\"rpc-chart-column-value\">25 \u20ac<\/div>\n                            <div class=\"rpc-chart-month\">SEP<\/div>\n                        <\/div>\n                    <\/div>\n                                    <div class=\"rpc-chart-column\">\n                        <div class=\"rpc-chart-inner\" style=\"height: 37.735849056604%\">\n                            <div class=\"rpc-chart-column-value\">20 \u20ac<\/div>\n                            <div class=\"rpc-chart-month\">OCT<\/div>\n                        <\/div>\n                    <\/div>\n                                    <div class=\"rpc-chart-column\">\n                        <div class=\"rpc-chart-inner\" style=\"height: 45.283018867925%\">\n                            <div class=\"rpc-chart-column-value\">24 \u20ac<\/div>\n                            <div class=\"rpc-chart-month\">NOV<\/div>\n                        <\/div>\n                    <\/div>\n                                    <div class=\"rpc-chart-column\">\n                        <div class=\"rpc-chart-inner\" style=\"height: 37.735849056604%\">\n                            <div class=\"rpc-chart-column-value\">20 \u20ac<\/div>\n                            <div class=\"rpc-chart-month\">DEC<\/div>\n                        <\/div>\n                    <\/div>\n                            <\/div>\n        <\/div>\n        \n<h2>Wynajem samochod\u00f3w Rabat: Dokumenty<\/h2>\n<p>Aby podpisa\u0107 umow\u0119 i odebra\u0107 pojazd, b\u0119dziesz potrzebowa\u0107 kilku dokument\u00f3w (w j\u0119zyku angielskim i w 100% wa\u017cnych):<\/p>\n<ol>\n<li>Prawo jazdy<\/li>\n<li>Paszport<\/li>\n<li>Karta kredytowa (opcjonalnie).<\/li>\n<\/ol>\n<p>Wypo\u017cyczalnia samochod\u00f3w Rabat to idealny wyb\u00f3r na wygodn\u0105 i beztrosk\u0105 podr\u00f3\u017c po Maroku.<\/p>\n","protected":false},"excerpt":{"rendered":"<p>Wynajem samochod\u00f3w Rabat z RosCar Maroko to kraj o niesamowitym po\u0142\u0105czeniu pustynnego pi\u0119kna, morskich krajobraz\u00f3w i wspania\u0142ej architektury, kt\u00f3rej nie mo\u017cna znale\u017a\u0107 nigdzie indziej. Dlatego planuj\u0105c podr\u00f3\u017c do Afryki P\u00f3\u0142nocnej, warto po\u015bwi\u0119ci\u0107 troch\u0119 czasu, aby w pe\u0142ni zanurzy\u0107 si\u0119 w muzu\u0142ma\u0144skim raju. Ale musisz tak\u017ce wynaj\u0105\u0107 samoch\u00f3d w Rabacie, aby uczyni\u0107 swoj\u0105 przygod\u0119 wygodniejsz\u0105: Du\u017cy [&hellip;]<\/p>\n","protected":false},"author":1,"featured_media":217,"parent":0,"menu_order":0,"comment_status":"closed","ping_status":"closed","template":"","meta":{"footnotes":""},"class_list":["post-1901","page","type-page","status-publish","has-post-thumbnail",""],"_links":{"self":[{"href":"https:\/\/roscar.ma\/pl\/wp-json\/wp\/v2\/pages\/1901","targetHints":{"allow":["GET"]}}],"collection":[{"href":"https:\/\/roscar.ma\/pl\/wp-json\/wp\/v2\/pages"}],"about":[{"href":"https:\/\/roscar.ma\/pl\/wp-json\/wp\/v2\/types\/page"}],"author":[{"embeddable":true,"href":"https:\/\/roscar.ma\/pl\/wp-json\/wp\/v2\/users\/1"}],"replies":[{"embeddable":true,"href":"https:\/\/roscar.ma\/pl\/wp-json\/wp\/v2\/comments?post=1901"}],"version-history":[{"count":1,"href":"https:\/\/roscar.ma\/pl\/wp-json\/wp\/v2\/pages\/1901\/revisions"}],"predecessor-version":[{"id":1902,"href":"https:\/\/roscar.ma\/pl\/wp-json\/wp\/v2\/pages\/1901\/revisions\/1902"}],"wp:featuredmedia":[{"embeddable":true,"href":"https:\/\/roscar.ma\/pl\/wp-json\/wp\/v2\/media\/217"}],"wp:attachment":[{"href":"https:\/\/roscar.ma\/pl\/wp-json\/wp\/v2\/media?parent=1901"}],"curies":[{"name":"wp","href":"https:\/\/api.w.org\/{rel}","templated":true}]}}