{"id":1678,"date":"2025-07-17T11:01:21","date_gmt":"2025-07-17T11:01:21","guid":{"rendered":"https:\/\/roscar.ma\/?page_id=1678"},"modified":"2025-07-24T06:03:54","modified_gmt":"2025-07-24T06:03:54","slug":"wynajem-samochodow-marrakesz","status":"publish","type":"page","link":"https:\/\/roscar.ma\/pl\/wynajem-samochodow-marrakesz\/","title":{"rendered":"Wynajem samochod\u00f3w Marrakesz"},"content":{"rendered":"<h2>Wynajem samochod\u00f3w Marrakesz od RosCar<\/h2>\n<p>Kraje Afryki P\u00f3\u0142nocnej maj\u0105 niesamowit\u0105 zdolno\u015b\u0107 oczarowywania turyst\u00f3w z ca\u0142ego \u015bwiata swoimi zwyczajami i kolorowymi krajobrazami. By\u0107 mo\u017ce jest to kultura, wyj\u0105tkowa lokalna kuchnia lub pi\u0119kno codziennego \u017cycia. Ale wiemy na pewno, \u017ce trzeba wynaj\u0105\u0107 samoch\u00f3d w Marrakeszu, aby zbli\u017cy\u0107 si\u0119 do pe\u0142nego zanurzenia w Maroku. Dlaczego warto zarezerwowa\u0107 pojazd za po\u015brednictwem RosCar? Istniej\u0105 cztery odpowiedzi:<\/p>\n<ul>\n<li>D\u0142ugoterminowy lub kr\u00f3tkoterminowy wynajem samochod\u00f3w<\/li>\n<li>Ka\u017cda oferta to najlepsza warto\u015b\u0107, jak\u0105 mo\u017cna znale\u017a\u0107<\/li>\n<li>To jedyny spos\u00f3b na wygodne podr\u00f3\u017cowanie<\/li>\n<li>Niskie ceny i wiele opcji do wyboru.<\/li>\n<\/ul>\n<p>Chcesz wynaj\u0105\u0107 samoch\u00f3d dla siebie? Zarezerwuj teraz, a otrzymasz gotow\u0105 rezerwacj\u0119 w ci\u0105gu kilku minut.<\/p>\n<h2>Wynajem samochod\u00f3w Marrakesz: Przewodnik<\/h2>\n<p>Mo\u017cesz b\u0142\u0119dnie my\u015ble\u0107, \u017ce wynajem samochod\u00f3w w Marrakeszu to zupe\u0142nie inny rodzaj us\u0142ugi, kt\u00f3ra ma unikaln\u0105 procedur\u0119 wymagaj\u0105c\u0105 pewnej wiedzy. Jednak potrzebujesz tylko dw\u00f3ch minut, aby si\u0119 przygotowa\u0107.<\/p>\n<h3>Pierwsza minuta: Wybierz typ pojazdu<\/h3>\n<p>Spo\u015br\u00f3d wielu typ\u00f3w, potrzebujesz tylko jednego, kt\u00f3ry rozwi\u0105\u017ce wszystkie problemy podczas nadchodz\u0105cej przygody:<\/p>\n<ul>\n<li>Samoch\u00f3d standardowy<\/li>\n<li>Kabriolet<\/li>\n<li>Samoch\u00f3d luksusowy<\/li>\n<li>SUV lub Crossover<\/li>\n<li>Mini\/Ekonomiczny (tani wynajem samochod\u00f3w w Marrakeszu)<\/li>\n<li>Minivan lub Van.<\/li>\n<\/ul>\n<h3>Druga minuta: Wybierz dodatkowe us\u0142ugi<\/h3>\n<p>Do wyboru jest wiele opcji, ale wystarczy tylko jedna (lub kilka):<\/p>\n<ul>\n<li>Nieograniczony przebieg: Nawet najbardziej odleg\u0142e miasta Maroka mo\u017cna zwiedzi\u0107.<\/li>\n<li>Brak depozytu: Tw\u00f3j bud\u017cet jest swobodniejszy, je\u015bli chodzi o blokady bez depozytu na kartach kredytowych.<\/li>\n<li>Gwarantowany model: Zarezerwowa\u0142e\u015b Volkswagena Passata? Dostaniesz Passata!<\/li>\n<li>Skrzynia bieg\u00f3w: Nie manualna, ale automatyczna jest zalecana w ka\u017cdej sytuacji.<\/li>\n<li>Dodatkowe ubezpieczenie: Jest to rodzaj ulepszenia, kt\u00f3rego nie b\u0119dziesz \u017ca\u0142owa\u0107. Wypr\u00f3buj Full Coverage\/Super CDW, je\u015bli jest dost\u0119pne.<\/li>\n<li>Brak karty kredytowej: U\u017cyj got\u00f3wki lub innej karty bankowej.<\/li>\n<li>Karta SIM: Stabilne po\u0142\u0105czenie w niskiej cenie jest g\u0142\u00f3wnym priorytetem podr\u00f3\u017cy w 2025 roku.<\/li>\n<li>Dodatkowy kierowca: Miejmy nadziej\u0119, \u017ce tw\u00f3j przyjaciel ma prawo jazdy.<\/li>\n<li>Fotelik dla dziecka: Ka\u017cda osoba poni\u017cej 10 roku \u017cycia musi go mie\u0107.<\/li>\n<li>Bezp\u0142atne anulowanie: Przedp\u0142acona kwota zostanie zwr\u00f3cona na konto. Dzia\u0142a tylko 48 godzin przed dat\u0105<\/li>\n<\/ul>\n<blockquote class=\"info\">\n<h2>Wynajem samochod\u00f3w Marrakesz w szczeg\u00f3\u0142ach<\/h2>\n<p>Czy zdecydowa\u0142e\u015b si\u0119 ju\u017c na rodzaj pojazdu i dodatkowe us\u0142ugi? Wynajem samochod\u00f3w w Marrakeszu mo\u017cna teraz zarezerwowa\u0107:<\/p>\n<ol>\n<li>Ustaw daty i lokalizacje na stronie g\u0142\u00f3wnej.<\/li>\n<li>Kliknij Filtry, wybierz \u017c\u0105dane.<\/li>\n<li>Uzyskaj list\u0119 i znajd\u017a najlepsz\u0105. Zarezerwuj teraz.<\/li>\n<li>Nale\u017cy wype\u0142ni\u0107 wyskakuj\u0105cy formularz.<\/li>\n<li>Zap\u0142a\u0107 teraz.<\/li>\n<\/ol>\n<p>Ka\u017cda rezerwacja RosCar mo\u017ce zosta\u0107 potwierdzona wy\u0142\u0105cznie poprzez przedp\u0142at\u0119. Z regu\u0142y jest to tylko niewielka cz\u0119\u015b\u0107 kwoty i mo\u017cna to \u0142atwo zrobi\u0107 za pomoc\u0105 dowolnej karty.<\/p><\/blockquote>\n<h2>Cena wynajmu samochodu w Marrakeszu<\/h2>\n<p>\u015arednie ceny, kt\u00f3re mo\u017cna znale\u017a\u0107 w Internecie to:<\/p>\n<ul>\n<li>15-25 USD\/dzie\u0144 za Economy lub Mini<\/li>\n<li>30-40 USD\/dzie\u0144 za Standard<\/li>\n<li>40-60 USD\/dzie\u0144 za SUV, Crossover, Minivan lub 4&#215;4<\/li>\n<li>$80+\/dzie\u0144 za kabriolet lub luksusowy<\/li>\n<\/ul>\n<p>Wynajem samochodu w Marrakeszu b\u0119dzie ta\u0144szy, je\u015bli:<\/p>\n<ul>\n<li>Uda\u0142o Ci si\u0119 dokona\u0107 wcze\u015bniejszej rezerwacji<\/li>\n<li>Monitorowa\u0107 oferty RosCar<\/li>\n<li>Rezerwacja w \u015brodku tygodnia<\/li>\n<li>Preferujesz d\u0142ugoterminowy wynajem samochodu<\/li>\n<li>Wybierz odpowiedni typ samochodu do swoich potrzeb i bud\u017cetu.<\/li>\n<\/ul>\n<p>Oto jak por\u00f3wna\u0107 ceny:<\/p>\n<h3>Tabela z cenami wynajmu samochod\u00f3w w Marrakeszu, Maroko<\/h3>\n<table border=\"1\">\n<thead>\n<tr>\n<th>Model samochodu<\/th>\n<th>Typ nadwozia<\/th>\n<th>Cena za dzie\u0144 (poza sezonem)<\/th>\n<th>Cena za dzie\u0144 (w sezonie)<\/th>\n<th>Pasa\u017cerowie<\/th>\n<th>Pojemno\u015b\u0107 baga\u017cnika<\/th>\n<\/tr>\n<\/thead>\n<tbody>\n<tr>\n<td>Fiat Panda<\/td>\n<td>Hatchback<\/td>\n<td>20 \u20ac<\/td>\n<td>28 \u20ac<\/td>\n<td>4<\/td>\n<td>1<\/td>\n<\/tr>\n<tr>\n<td>Kia Picanto<\/td>\n<td>Hatchback<\/td>\n<td>22 \u20ac<\/td>\n<td>30 \u20ac<\/td>\n<td>4<\/td>\n<td>1<\/td>\n<\/tr>\n<tr>\n<td>Dacia Logan<\/td>\n<td>Sedan<\/td>\n<td>24 \u20ac<\/td>\n<td>34 \u20ac<\/td>\n<td>5<\/td>\n<td>2<\/td>\n<\/tr>\n<tr>\n<td>Peugeot 208<\/td>\n<td>Hatchback<\/td>\n<td>26 \u20ac<\/td>\n<td>36 \u20ac<\/td>\n<td>5<\/td>\n<td>2<\/td>\n<\/tr>\n<tr>\n<td>Renault Clio<\/td>\n<td>Hatchback<\/td>\n<td>27 \u20ac<\/td>\n<td>38 \u20ac<\/td>\n<td>5<\/td>\n<td>2<\/td>\n<\/tr>\n<tr>\n<td>Citro\u00ebn C-Elys\u00e9e<\/td>\n<td>Sedan<\/td>\n<td>28 \u20ac<\/td>\n<td>39 \u20ac<\/td>\n<td>5<\/td>\n<td>3<\/td>\n<\/tr>\n<tr>\n<td>Dacia Duster<\/td>\n<td>SUV<\/td>\n<td>37 \u20ac<\/td>\n<td>49 \u20ac<\/td>\n<td>5<\/td>\n<td>3<\/td>\n<\/tr>\n<tr>\n<td>Hyundai Kona<\/td>\n<td>Crossover<\/td>\n<td>40 \u20ac<\/td>\n<td>52 \u20ac<\/td>\n<td>5<\/td>\n<td>3<\/td>\n<\/tr>\n<tr>\n<td>Renault Kadjar<\/td>\n<td>SUV<\/td>\n<td>50 \u20ac<\/td>\n<td>65 \u20ac<\/td>\n<td>5<\/td>\n<td>4<\/td>\n<\/tr>\n<tr>\n<td>Peugeot 3008<\/td>\n<td>SUV<\/td>\n<td>55 \u20ac<\/td>\n<td>70 \u20ac<\/td>\n<td>5<\/td>\n<td>4<\/td>\n<\/tr>\n<\/tbody>\n<\/table>\n        <div class=\"rpc-chart\">\n            <h3>Sezonowe zmiany cen wynajmu samochod\u00f3w w Marrakeszu: wiarygodne dane analityczne na podstawie rzeczywistych rezerwacji<\/h3>\n            <div><p>Poni\u017cej znajduj\u0105 si\u0119 dane analityczne dotycz\u0105ce zmiany \u015bredniego kosztu wynajmu samochodu w Marrakeszu w ci\u0105gu pozosta\u0142ych trzech lat. Wszystkie informacje oparte s\u0105 na rzeczywistych transakcjach dokonanych za po\u015brednictwem platformy roscar.ma.<\/p>\n<p>Badanie obejmuje wszystkie g\u0142\u00f3wne kategorie samochod\u00f3w - od modeli ekonomicznych po SUV-y, kabriolety i klas\u0119 premium. Tak szeroki zakres umo\u017cliwia sformu\u0142owanie pe\u0142nego obrazu zmian zamo\u017cno\u015bci na przestrzeni sezon\u00f3w turystycznych i nawyk\u00f3w zwi\u0105zanych z piciem alkoholu.<\/p>\n<p>Oczywiste jest, \u017ce zalecamy rezerwacj\u0119 samochodu z wyprzedzeniem, gdy ceny i koszty s\u0105 najlepsze. Wiarygodne informacje od RosCar Morocco to przewodnik po wygodnym i bezpiecznym transferze w Marrakeszu.<\/p>\n<\/div>\n            <div class=\"rpc-chart-bars\">\n                                    <div class=\"rpc-chart-column\">\n                        <div class=\"rpc-chart-inner\" style=\"height: 30.769230769231%\">\n                            <div class=\"rpc-chart-column-value\">16 \u20ac<\/div>\n                            <div class=\"rpc-chart-month\">JAN<\/div>\n                        <\/div>\n                    <\/div>\n                                    <div class=\"rpc-chart-column\">\n                        <div class=\"rpc-chart-inner\" style=\"height: 28.846153846154%\">\n                            <div class=\"rpc-chart-column-value\">15 \u20ac<\/div>\n                            <div class=\"rpc-chart-month\">FEB<\/div>\n                        <\/div>\n                    <\/div>\n                                    <div class=\"rpc-chart-column\">\n                        <div class=\"rpc-chart-inner\" style=\"height: 26.923076923077%\">\n                            <div class=\"rpc-chart-column-value\">14 \u20ac<\/div>\n                            <div class=\"rpc-chart-month\">MAR<\/div>\n                        <\/div>\n                    <\/div>\n                                    <div class=\"rpc-chart-column\">\n                        <div class=\"rpc-chart-inner\" style=\"height: 42.307692307692%\">\n                            <div class=\"rpc-chart-column-value\">22 \u20ac<\/div>\n                            <div class=\"rpc-chart-month\">APR<\/div>\n                        <\/div>\n                    <\/div>\n                                    <div class=\"rpc-chart-column\">\n                        <div class=\"rpc-chart-inner\" style=\"height: 32.692307692308%\">\n                            <div class=\"rpc-chart-column-value\">17 \u20ac<\/div>\n                            <div class=\"rpc-chart-month\">MAY<\/div>\n                        <\/div>\n                    <\/div>\n                                    <div class=\"rpc-chart-column\">\n                        <div class=\"rpc-chart-inner\" style=\"height: 30.769230769231%\">\n                            <div class=\"rpc-chart-column-value\">16 \u20ac<\/div>\n                            <div class=\"rpc-chart-month\">JUN<\/div>\n                        <\/div>\n                    <\/div>\n                                    <div class=\"rpc-chart-column\">\n                        <div class=\"rpc-chart-inner\" style=\"height: 50%\">\n                            <div class=\"rpc-chart-column-value\">26 \u20ac<\/div>\n                            <div class=\"rpc-chart-month\">JUL<\/div>\n                        <\/div>\n                    <\/div>\n                                    <div class=\"rpc-chart-column\">\n                        <div class=\"rpc-chart-inner\" style=\"height: 61.538461538462%\">\n                            <div class=\"rpc-chart-column-value\">32 \u20ac<\/div>\n                            <div class=\"rpc-chart-month\">AUG<\/div>\n                        <\/div>\n                    <\/div>\n                                    <div class=\"rpc-chart-column\">\n                        <div class=\"rpc-chart-inner\" style=\"height: 42.307692307692%\">\n                            <div class=\"rpc-chart-column-value\">22 \u20ac<\/div>\n                            <div class=\"rpc-chart-month\">SEP<\/div>\n                        <\/div>\n                    <\/div>\n                                    <div class=\"rpc-chart-column\">\n                        <div class=\"rpc-chart-inner\" style=\"height: 36.538461538462%\">\n                            <div class=\"rpc-chart-column-value\">19 \u20ac<\/div>\n                            <div class=\"rpc-chart-month\">OCT<\/div>\n                        <\/div>\n                    <\/div>\n                                    <div class=\"rpc-chart-column\">\n                        <div class=\"rpc-chart-inner\" style=\"height: 32.692307692308%\">\n                            <div class=\"rpc-chart-column-value\">17 \u20ac<\/div>\n                            <div class=\"rpc-chart-month\">NOV<\/div>\n                        <\/div>\n                    <\/div>\n                                    <div class=\"rpc-chart-column\">\n                        <div class=\"rpc-chart-inner\" style=\"height: 44.230769230769%\">\n                            <div class=\"rpc-chart-column-value\">23 \u20ac<\/div>\n                            <div class=\"rpc-chart-month\">DEC<\/div>\n                        <\/div>\n                    <\/div>\n                            <\/div>\n        <\/div>\n        \n<h2>Wynajem samochod\u00f3w Marrakesz: Dokumenty<\/h2>\n<p>Aby odebra\u0107 samoch\u00f3d, mo\u017cesz zosta\u0107 poproszony o okazanie nast\u0119puj\u0105cych dokument\u00f3w:<\/p>\n<ol>\n<li>Paszport<\/li>\n<li>Prawo jazdy<\/li>\n<li>Potwierdzenie rezerwacji lub voucher (RosCar wy\u015ble ci jeden)<\/li>\n<li>Karta kredytowa.<\/li>\n<\/ol>\n<p>Nie masz karty kredytowej? Nast\u0119pnie u\u017cyj filtr\u00f3w, aby znale\u017a\u0107 potrzebn\u0105 opcj\u0119 wynajmu. Wynajem samochod\u00f3w Marrakesz to niezb\u0119dna us\u0142uga, kt\u00f3ra pozwala zobaczy\u0107 nie tylko Marrakesz, ale tak\u017ce ca\u0142e Maroko.<\/p>\n","protected":false},"excerpt":{"rendered":"<p>Wynajem samochod\u00f3w Marrakesz od RosCar Kraje Afryki P\u00f3\u0142nocnej maj\u0105 niesamowit\u0105 zdolno\u015b\u0107 oczarowywania turyst\u00f3w z ca\u0142ego \u015bwiata swoimi zwyczajami i kolorowymi krajobrazami. By\u0107 mo\u017ce jest to kultura, wyj\u0105tkowa lokalna kuchnia lub pi\u0119kno codziennego \u017cycia. Ale wiemy na pewno, \u017ce trzeba wynaj\u0105\u0107 samoch\u00f3d w Marrakeszu, aby zbli\u017cy\u0107 si\u0119 do pe\u0142nego zanurzenia w Maroku. Dlaczego warto zarezerwowa\u0107 pojazd [&hellip;]<\/p>\n","protected":false},"author":1,"featured_media":186,"parent":0,"menu_order":0,"comment_status":"closed","ping_status":"closed","template":"","meta":{"footnotes":""},"class_list":["post-1678","page","type-page","status-publish","has-post-thumbnail",""],"_links":{"self":[{"href":"https:\/\/roscar.ma\/pl\/wp-json\/wp\/v2\/pages\/1678","targetHints":{"allow":["GET"]}}],"collection":[{"href":"https:\/\/roscar.ma\/pl\/wp-json\/wp\/v2\/pages"}],"about":[{"href":"https:\/\/roscar.ma\/pl\/wp-json\/wp\/v2\/types\/page"}],"author":[{"embeddable":true,"href":"https:\/\/roscar.ma\/pl\/wp-json\/wp\/v2\/users\/1"}],"replies":[{"embeddable":true,"href":"https:\/\/roscar.ma\/pl\/wp-json\/wp\/v2\/comments?post=1678"}],"version-history":[{"count":1,"href":"https:\/\/roscar.ma\/pl\/wp-json\/wp\/v2\/pages\/1678\/revisions"}],"predecessor-version":[{"id":1679,"href":"https:\/\/roscar.ma\/pl\/wp-json\/wp\/v2\/pages\/1678\/revisions\/1679"}],"wp:featuredmedia":[{"embeddable":true,"href":"https:\/\/roscar.ma\/pl\/wp-json\/wp\/v2\/media\/186"}],"wp:attachment":[{"href":"https:\/\/roscar.ma\/pl\/wp-json\/wp\/v2\/media?parent=1678"}],"curies":[{"name":"wp","href":"https:\/\/api.w.org\/{rel}","templated":true}]}}