{"id":1556,"date":"2025-07-17T10:09:50","date_gmt":"2025-07-17T10:09:50","guid":{"rendered":"https:\/\/roscar.ma\/?page_id=1556"},"modified":"2025-07-23T18:29:04","modified_gmt":"2025-07-23T18:29:04","slug":"o-nas","status":"publish","type":"page","link":"https:\/\/roscar.ma\/pl\/o-nas\/","title":{"rendered":"O nas"},"content":{"rendered":"<p>RosCar Morocco to nowoczesna wypo\u017cyczalnia samochod\u00f3w w Maroku, dzia\u0142aj\u0105ca od 2022 roku. Nie jeste\u015bmy wypo\u017cyczalni\u0105 samochod\u00f3w, ale wygodnym agregatorem internetowym, kt\u00f3ry gromadzi najlepsze oferty od lokalnych partner\u00f3w w ca\u0142ym kraju.<\/p>\n<p>Na naszej stronie internetowej roscar.ma znajdziesz ponad 200 sprawdzonych samochod\u00f3w r\u00f3\u017cnych klas \u2013 od kompaktowych modeli miejskich po komfortowe SUV-y. Staramy si\u0119, aby proces rezerwacji by\u0142 jak najprostszy i jak najbardziej przyst\u0119pny cenowo: mo\u017cesz wynaj\u0105\u0107 samoch\u00f3d bez kaucji i bez karty kredytowej.<\/p>\n<p>Naszym celem jest zapewnienie podr\u00f3\u017cnym elastycznego i ekonomicznego sposobu poruszania si\u0119 po Maroku, opieraj\u0105c si\u0119 na do\u015bwiadczeniu i niezawodno\u015bci lokalnych firm. Wybierz RosCar Morocco i wybierz si\u0119 w podr\u00f3\u017c w komfortowych warunkach!<\/p>\n","protected":false},"excerpt":{"rendered":"<p>RosCar Morocco to nowoczesna wypo\u017cyczalnia samochod\u00f3w w Maroku, dzia\u0142aj\u0105ca od 2022 roku. Nie jeste\u015bmy wypo\u017cyczalni\u0105 samochod\u00f3w, ale wygodnym agregatorem internetowym, kt\u00f3ry gromadzi najlepsze oferty od lokalnych partner\u00f3w w ca\u0142ym kraju. Na naszej stronie internetowej roscar.ma znajdziesz ponad 200 sprawdzonych samochod\u00f3w r\u00f3\u017cnych klas \u2013 od kompaktowych modeli miejskich po komfortowe SUV-y. Staramy si\u0119, aby proces rezerwacji [&hellip;]<\/p>\n","protected":false},"author":2,"featured_media":0,"parent":0,"menu_order":0,"comment_status":"closed","ping_status":"closed","template":"","meta":{"footnotes":""},"class_list":["post-1556","page","type-page","status-publish",""],"_links":{"self":[{"href":"https:\/\/roscar.ma\/pl\/wp-json\/wp\/v2\/pages\/1556","targetHints":{"allow":["GET"]}}],"collection":[{"href":"https:\/\/roscar.ma\/pl\/wp-json\/wp\/v2\/pages"}],"about":[{"href":"https:\/\/roscar.ma\/pl\/wp-json\/wp\/v2\/types\/page"}],"author":[{"embeddable":true,"href":"https:\/\/roscar.ma\/pl\/wp-json\/wp\/v2\/users\/2"}],"replies":[{"embeddable":true,"href":"https:\/\/roscar.ma\/pl\/wp-json\/wp\/v2\/comments?post=1556"}],"version-history":[{"count":0,"href":"https:\/\/roscar.ma\/pl\/wp-json\/wp\/v2\/pages\/1556\/revisions"}],"wp:attachment":[{"href":"https:\/\/roscar.ma\/pl\/wp-json\/wp\/v2\/media?parent=1556"}],"curies":[{"name":"wp","href":"https:\/\/api.w.org\/{rel}","templated":true}]}}