{"id":1167,"date":"2025-07-17T10:56:33","date_gmt":"2025-07-17T10:56:33","guid":{"rendered":"https:\/\/roscar.ma\/?page_id=1167"},"modified":"2025-07-23T08:26:20","modified_gmt":"2025-07-23T08:26:20","slug":"wynajem-samochodow-casablanca","status":"publish","type":"page","link":"https:\/\/roscar.ma\/pl\/wynajem-samochodow-casablanca\/","title":{"rendered":"Wynajem Samochod\u00f3w Casablanca"},"content":{"rendered":"<h2>Wynajem Samochod\u00f3w Casablanca z RosCar<\/h2>\n<p>G\u0142\u00f3wne miasto gospodarcze i kulturalne Maroka jest zawsze dobrym pocz\u0105tkiem wspania\u0142ej podr\u00f3\u017cy do Afryki P\u00f3\u0142nocnej. Unikalna kultura arabska, tysi\u0105ce lat historii w nowoczesnej architekturze, tradycje i pyszne jedzenie to Tw\u00f3j plan dzia\u0142ania. Ale najpierw trzeba wynaj\u0105\u0107 samoch\u00f3d w Casablance. Istnieje kilka powod\u00f3w, aby wybra\u0107 podr\u00f3\u017c samochodem tutaj:<\/p>\n<ul>\n<li>Jest to o wiele wygodniejsze ni\u017c transport publiczny<\/li>\n<li>Zni\u017cki, niskie ceny i wiele opcji (niekt\u00f3re z nich s\u0105 bezp\u0142atne)<\/li>\n<li>\u0141atwo znale\u017a\u0107 ten w\u0142a\u015bciwy<\/li>\n<li>Pe\u0142na swoboda przemieszczania si\u0119.<\/li>\n<\/ul>\n<p>RosCar ma zaskakuj\u0105co prost\u0105 procedur\u0119 rezerwacji. Wystarczy zarezerwowa\u0107 teraz, doda\u0107 kart\u0119 do p\u0142atno\u015bci i gotowe.<\/p>\n<h2>Wypo\u017cyczalnia samochod\u00f3w Casablanca: Przewodnik<\/h2>\n<p>Tani wynajem samochod\u00f3w w Casablance to nie fikcja, ale rzeczywisto\u015b\u0107 ka\u017cdej osoby, kt\u00f3ra zna kilka zasad. Post\u0119puj zgodnie z nimi, a dojdziesz do po\u017c\u0105danego rezultatu bez rozczarowania.<\/p>\n<h3>1. Wybierz odpowiedni typ<\/h3>\n<p>W\u0142\u0105czaj\u0105c filtry, mo\u017cesz \u0142atwo utworzy\u0107 list\u0119 ofert wed\u0142ug jednego z typ\u00f3w:<\/p>\n<ul>\n<li>SUV lub Crossover<\/li>\n<li>Samoch\u00f3d standardowy<\/li>\n<li>Samoch\u00f3d ekonomiczny<\/li>\n<li>Samoch\u00f3d kompaktowy<\/li>\n<li>Samoch\u00f3d mini<\/li>\n<li>Kabriolet<\/li>\n<li>Minivan, van i inne.<\/li>\n<\/ul>\n<h3>2. Skorzystaj z dodatkowych opcji<\/h3>\n<p>Wynajem samochodu w Casablanca mo\u017ce obejmowa\u0107 jedn\u0105 lub wi\u0119cej dodatkowych us\u0142ug (p\u0142atnych lub bezp\u0142atnych):<\/p>\n<ul>\n<li>Gwarantowany model: Brak przykrych niespodzianek przy odbiorze pojazdu.<\/li>\n<li>Skrzynia bieg\u00f3w: Nie zastanawiaj si\u0119 dwa razy, we\u017a automat.<\/li>\n<li>Dodatkowe ubezpieczenie: P\u0142atna funkcja, kt\u00f3ra eliminuje ryzyko finansowe dzi\u0119ki Full Coverage lub SuperCDW.<\/li>\n<li>Dodatkowy kierowca: Czy wiesz, \u017ce mo\u017cesz doda\u0107 jedn\u0105 osob\u0119 do umowy?<\/li>\n<li>Fotelik dzieci\u0119cy: Dost\u0119pne s\u0105 a\u017c cztery rodzaje zabezpiecze\u0144 dla dzieci w ka\u017cdym wieku.<\/li>\n<li>Bezp\u0142atne anulowanie: Masz co najmniej 48 godzin na anulowanie zam\u00f3wienia.<\/li>\n<li>Nieograniczony przebieg: Bezp\u0142atna funkcja z darmowymi milami.<\/li>\n<li>Brak depozytu: Wszyscy uwielbiaj\u0105, gdy chodzi o brak blokady depozytu na kartach kredytowych.<\/li>\n<li>Brak karty kredytowej: Mo\u017ce wi\u0105za\u0107 si\u0119 z dodatkowymi wymaganiami dotycz\u0105cymi kontroli bezpiecze\u0144stwa.<\/li>\n<li>Karta SIM: Szybki mobilny Internet zawsze pod r\u0119k\u0105.<\/li>\n<\/ul>\n<blockquote class=\"info\">\n<h2>Wynajem samochod\u00f3w Casablanca: Rezerwacja za po\u015brednictwem RosCar<\/h2>\n<p>Wypo\u017cyczalnia samochod\u00f3w Casablanca mo\u017ce wydawa\u0107 si\u0119 jedn\u0105 z najprostszych us\u0142ug turystycznych, z jakich kiedykolwiek korzysta\u0142e\u015b:<\/p>\n<ol>\n<li>Ustaw lokalizacje i daty<\/li>\n<li>Ustaw filtry wyszukiwania (typ, opcje i inne)<\/li>\n<li>Zarezerwuj teraz dowolny pojazd z listy<\/li>\n<li>Wype\u0142nij formularz ze szczeg\u00f3\u0142ami<\/li>\n<li>Potwierd\u017a<\/li>\n<\/ol>\n<p>Zg\u0142oszenie zostanie uznane za potwierdzone dopiero po dokonaniu przedp\u0142aty (14-20% kwoty) za po\u015brednictwem Pay Now. Karta debetowa lub kredytowa akceptowana przez RosCar.<\/p><\/blockquote>\n<h2>Cena wynajmu samochodu w Casablance<\/h2>\n<p>Oto przybli\u017cone ceny, kt\u00f3re mo\u017cna znale\u017a\u0107 w tym mie\u015bcie:<\/p>\n<ul>\n<li>15-25 USD za Mini-Economy<\/li>\n<li>30-40 USD za standard kompaktowy<\/li>\n<li>40-60 USD za minivana, kabriolet, crossovera lub SUV-a<\/li>\n<li>$70+ za luksusowy.<\/li>\n<\/ul>\n<p>Wynajem samochodu w Casablance mo\u017ce by\u0107 dro\u017cszy lub ta\u0144szy nawet o 40% w zale\u017cno\u015bci od nast\u0119puj\u0105cych czynnik\u00f3w:<\/p>\n<ul>\n<li>Liczba zarezerwowanych dni (lepiej wzi\u0105\u0107 d\u0142ugoterminowy wynajem samochodu)<\/li>\n<li>Miejsce odbioru (lotnisko, miasto lub dostawa)<\/li>\n<li>Sezon i obci\u0105\u017cenie firmy<\/li>\n<li>Dodatkowe us\u0142ugi wliczone w cen\u0119.<\/li>\n<\/ul>\n<p>Oto jak por\u00f3wna\u0107 ceny:<\/p>\n<h3>Tabela z cenami wynajmu samochod\u00f3w w Casablance, Maroko<\/h3>\n<table border=\"1\">\n<thead>\n<tr>\n<th>Model samochodu<\/th>\n<th>Typ nadwozia<\/th>\n<th>Cena za dzie\u0144 (poza sezonem)<\/th>\n<th>Cena za dzie\u0144 (w sezonie)<\/th>\n<th>Pasa\u017cerowie<\/th>\n<th>Pojemno\u015b\u0107 baga\u017cnika<\/th>\n<\/tr>\n<\/thead>\n<tbody>\n<tr>\n<td>Kia Picanto<\/td>\n<td>Hatchback<\/td>\n<td>20 \u20ac<\/td>\n<td>27 \u20ac<\/td>\n<td>4<\/td>\n<td>1<\/td>\n<\/tr>\n<tr>\n<td>Dacia Logan<\/td>\n<td>Sedan<\/td>\n<td>22 \u20ac<\/td>\n<td>30 \u20ac<\/td>\n<td>5<\/td>\n<td>2<\/td>\n<\/tr>\n<tr>\n<td>Renault Clio<\/td>\n<td>Hatchback<\/td>\n<td>25 \u20ac<\/td>\n<td>34 \u20ac<\/td>\n<td>5<\/td>\n<td>2<\/td>\n<\/tr>\n<tr>\n<td>Hyundai i20<\/td>\n<td>Hatchback<\/td>\n<td>24 \u20ac<\/td>\n<td>33 \u20ac<\/td>\n<td>5<\/td>\n<td>2<\/td>\n<\/tr>\n<tr>\n<td>Volkswagen Polo<\/td>\n<td>Hatchback<\/td>\n<td>26 \u20ac<\/td>\n<td>36 \u20ac<\/td>\n<td>5<\/td>\n<td>2<\/td>\n<\/tr>\n<tr>\n<td>Citro\u00ebn C-Elys\u00e9e<\/td>\n<td>Sedan<\/td>\n<td>27 \u20ac<\/td>\n<td>37 \u20ac<\/td>\n<td>5<\/td>\n<td>3<\/td>\n<\/tr>\n<tr>\n<td>Peugeot 301<\/td>\n<td>Sedan<\/td>\n<td>28 \u20ac<\/td>\n<td>38 \u20ac<\/td>\n<td>5<\/td>\n<td>3<\/td>\n<\/tr>\n<tr>\n<td>Dacia Duster<\/td>\n<td>SUV<\/td>\n<td>35 \u20ac<\/td>\n<td>46 \u20ac<\/td>\n<td>5<\/td>\n<td>3<\/td>\n<\/tr>\n<tr>\n<td>Renault Kadjar<\/td>\n<td>SUV<\/td>\n<td>48 \u20ac<\/td>\n<td>60 \u20ac<\/td>\n<td>5<\/td>\n<td>4<\/td>\n<\/tr>\n<tr>\n<td>Peugeot 3008<\/td>\n<td>SUV<\/td>\n<td>54 \u20ac<\/td>\n<td>68 \u20ac<\/td>\n<td>5<\/td>\n<td>4<\/td>\n<\/tr>\n<\/tbody>\n<\/table>\n        <div class=\"rpc-chart\">\n            <h3>Sezonowe zmiany cen wynajmu samochod\u00f3w w Casablance: przegl\u0105d na podstawie potwierdzonych rezerwacji<\/h3>\n            <div><p>W ci\u0105gu ostatnich trzech lat eksperci roscar.ma systematycznie analizowali zmiany \u015bredniego kosztu wynajmu samochod\u00f3w w Casablance. Dane opieraj\u0105 si\u0119 wy\u0142\u0105cznie na rzeczywistych zam\u00f3wieniach z\u0142o\u017conych za po\u015brednictwem naszej platformy, kt\u00f3ra wsp\u00f3\u0142pracuje z wiarygodnymi lokalnymi wypo\u017cyczalniami samochod\u00f3w.<\/p>\n<p>Monitoring obejmuje wszystkie kategorie pojazd\u00f3w: od kompaktowych modeli miejskich po SUV-y, kabriolety i samochody klasy executive. Pozwala nam to dok\u0142adnie \u015bledzi\u0107 trendy sezonowe i przewidywa\u0107 wahania cen w zale\u017cno\u015bci od popytu i okres\u00f3w turystycznych.<\/p>\n<p>Dzi\u0119ki wieloletniemu do\u015bwiadczeniu w dziedzinie wynajmu samochod\u00f3w w Maroku, regularnie aktualizujemy informacje, aby zapewni\u0107 u\u017cytkownikom aktualne i wiarygodne dane. Jest to szczeg\u00f3lnie wa\u017cne dla os\u00f3b planuj\u0105cych podr\u00f3\u017c do Casablanki i szukaj\u0105cych korzystnych warunk\u00f3w transportu.<\/p>\n<\/div>\n            <div class=\"rpc-chart-bars\">\n                                    <div class=\"rpc-chart-column\">\n                        <div class=\"rpc-chart-inner\" style=\"height: 30.188679245283%\">\n                            <div class=\"rpc-chart-column-value\">16 \u20ac<\/div>\n                            <div class=\"rpc-chart-month\">JAN<\/div>\n                        <\/div>\n                    <\/div>\n                                    <div class=\"rpc-chart-column\">\n                        <div class=\"rpc-chart-inner\" style=\"height: 28.301886792453%\">\n                            <div class=\"rpc-chart-column-value\">15 \u20ac<\/div>\n                            <div class=\"rpc-chart-month\">FEB<\/div>\n                        <\/div>\n                    <\/div>\n                                    <div class=\"rpc-chart-column\">\n                        <div class=\"rpc-chart-inner\" style=\"height: 30.188679245283%\">\n                            <div class=\"rpc-chart-column-value\">16 \u20ac<\/div>\n                            <div class=\"rpc-chart-month\">MAR<\/div>\n                        <\/div>\n                    <\/div>\n                                    <div class=\"rpc-chart-column\">\n                        <div class=\"rpc-chart-inner\" style=\"height: 39.622641509434%\">\n                            <div class=\"rpc-chart-column-value\">21 \u20ac<\/div>\n                            <div class=\"rpc-chart-month\">APR<\/div>\n                        <\/div>\n                    <\/div>\n                                    <div class=\"rpc-chart-column\">\n                        <div class=\"rpc-chart-inner\" style=\"height: 32.075471698113%\">\n                            <div class=\"rpc-chart-column-value\">17 \u20ac<\/div>\n                            <div class=\"rpc-chart-month\">MAY<\/div>\n                        <\/div>\n                    <\/div>\n                                    <div class=\"rpc-chart-column\">\n                        <div class=\"rpc-chart-inner\" style=\"height: 33.962264150943%\">\n                            <div class=\"rpc-chart-column-value\">18 \u20ac<\/div>\n                            <div class=\"rpc-chart-month\">JUN<\/div>\n                        <\/div>\n                    <\/div>\n                                    <div class=\"rpc-chart-column\">\n                        <div class=\"rpc-chart-inner\" style=\"height: 54.716981132075%\">\n                            <div class=\"rpc-chart-column-value\">29 \u20ac<\/div>\n                            <div class=\"rpc-chart-month\">JUL<\/div>\n                        <\/div>\n                    <\/div>\n                                    <div class=\"rpc-chart-column\">\n                        <div class=\"rpc-chart-inner\" style=\"height: 62.264150943396%\">\n                            <div class=\"rpc-chart-column-value\">33 \u20ac<\/div>\n                            <div class=\"rpc-chart-month\">AUG<\/div>\n                        <\/div>\n                    <\/div>\n                                    <div class=\"rpc-chart-column\">\n                        <div class=\"rpc-chart-inner\" style=\"height: 43.396226415094%\">\n                            <div class=\"rpc-chart-column-value\">23 \u20ac<\/div>\n                            <div class=\"rpc-chart-month\">SEP<\/div>\n                        <\/div>\n                    <\/div>\n                                    <div class=\"rpc-chart-column\">\n                        <div class=\"rpc-chart-inner\" style=\"height: 39.622641509434%\">\n                            <div class=\"rpc-chart-column-value\">21 \u20ac<\/div>\n                            <div class=\"rpc-chart-month\">OCT<\/div>\n                        <\/div>\n                    <\/div>\n                                    <div class=\"rpc-chart-column\">\n                        <div class=\"rpc-chart-inner\" style=\"height: 33.962264150943%\">\n                            <div class=\"rpc-chart-column-value\">18 \u20ac<\/div>\n                            <div class=\"rpc-chart-month\">NOV<\/div>\n                        <\/div>\n                    <\/div>\n                                    <div class=\"rpc-chart-column\">\n                        <div class=\"rpc-chart-inner\" style=\"height: 41.509433962264%\">\n                            <div class=\"rpc-chart-column-value\">22 \u20ac<\/div>\n                            <div class=\"rpc-chart-month\">DEC<\/div>\n                        <\/div>\n                    <\/div>\n                            <\/div>\n        <\/div>\n        \n<h2>Wynajem samochod\u00f3w Casablanca: Dokumenty<\/h2>\n<p>Tylko kilka dokument\u00f3w, kt\u00f3re kierowca musi mie\u0107, aby odebra\u0107 wynaj\u0119ty samoch\u00f3d:<\/p>\n<ol>\n<li>Prawo jazdy<\/li>\n<li>Paszport<\/li>\n<li>Karta kredytowa (depozyt, kredyt lub kontrola to\u017csamo\u015bci)<\/li>\n<li>Voucher (wy\u015blemy go wraz z potwierdzeniem rezerwacji).<\/li>\n<\/ol>\n","protected":false},"excerpt":{"rendered":"<p>Wynajem Samochod\u00f3w Casablanca z RosCar G\u0142\u00f3wne miasto gospodarcze i kulturalne Maroka jest zawsze dobrym pocz\u0105tkiem wspania\u0142ej podr\u00f3\u017cy do Afryki P\u00f3\u0142nocnej. Unikalna kultura arabska, tysi\u0105ce lat historii w nowoczesnej architekturze, tradycje i pyszne jedzenie to Tw\u00f3j plan dzia\u0142ania. Ale najpierw trzeba wynaj\u0105\u0107 samoch\u00f3d w Casablance. Istnieje kilka powod\u00f3w, aby wybra\u0107 podr\u00f3\u017c samochodem tutaj: Jest to o [&hellip;]<\/p>\n","protected":false},"author":1,"featured_media":155,"parent":0,"menu_order":0,"comment_status":"closed","ping_status":"closed","template":"","meta":{"footnotes":""},"class_list":["post-1167","page","type-page","status-publish","has-post-thumbnail",""],"_links":{"self":[{"href":"https:\/\/roscar.ma\/pl\/wp-json\/wp\/v2\/pages\/1167","targetHints":{"allow":["GET"]}}],"collection":[{"href":"https:\/\/roscar.ma\/pl\/wp-json\/wp\/v2\/pages"}],"about":[{"href":"https:\/\/roscar.ma\/pl\/wp-json\/wp\/v2\/types\/page"}],"author":[{"embeddable":true,"href":"https:\/\/roscar.ma\/pl\/wp-json\/wp\/v2\/users\/1"}],"replies":[{"embeddable":true,"href":"https:\/\/roscar.ma\/pl\/wp-json\/wp\/v2\/comments?post=1167"}],"version-history":[{"count":2,"href":"https:\/\/roscar.ma\/pl\/wp-json\/wp\/v2\/pages\/1167\/revisions"}],"predecessor-version":[{"id":1250,"href":"https:\/\/roscar.ma\/pl\/wp-json\/wp\/v2\/pages\/1167\/revisions\/1250"}],"wp:featuredmedia":[{"embeddable":true,"href":"https:\/\/roscar.ma\/pl\/wp-json\/wp\/v2\/media\/155"}],"wp:attachment":[{"href":"https:\/\/roscar.ma\/pl\/wp-json\/wp\/v2\/media?parent=1167"}],"curies":[{"name":"wp","href":"https:\/\/api.w.org\/{rel}","templated":true}]}}