{"id":1030,"date":"2025-07-17T09:45:33","date_gmt":"2025-07-17T09:45:33","guid":{"rendered":"https:\/\/roscar.ma\/?page_id=1030"},"modified":"2025-07-22T11:26:24","modified_gmt":"2025-07-22T11:26:24","slug":"wynajem-samochodow-maroko","status":"publish","type":"page","link":"https:\/\/roscar.ma\/pl\/","title":{"rendered":"Wynajem Samochod\u00f3w Maroko"},"content":{"rendered":"<h2>Wynajem Samochod\u00f3w Maroko z RosCar<\/h2>\n<p>Tysi\u0105ce lat historii i staro\u017cytne arabskie tradycje przyci\u0105gaj\u0105 miliony turyst\u00f3w jak magnes. Mo\u017cna tu znale\u017a\u0107 d\u017awi\u0119ki wielkiej Sahary i Oceanu Atlantyckiego, a tak\u017ce nowoczesne i prehistoryczne kultury, wraz z doskona\u0142ymi warunkami do ka\u017cdego rodzaju podr\u00f3\u017cy. Ale czy musz\u0119 wynaj\u0105\u0107 samoch\u00f3d w Maroku? By\u0107 mo\u017ce nie jest to jedyna dost\u0119pna opcja, ale ma ona kilka wyra\u017anych zalet:<\/p>\n<ul>\n<li>Swobodne przemieszczanie si\u0119 gdziekolwiek chcesz<\/li>\n<li>Wysoki komfort i niezr\u00f3wnana wygoda<\/li>\n<li>Du\u017cy wyb\u00f3r pojazd\u00f3w<\/li>\n<li>Dost\u0119pny jest kr\u00f3tkoterminowy lub d\u0142ugoterminowy wynajem samochod\u00f3w.<\/li>\n<\/ul>\n<p>Chcesz wyruszy\u0107 w drog\u0119 tak szybko, jak to mo\u017cliwe? Zarezerwuj teraz dowolny samoch\u00f3d na RosCar: kilka klikni\u0119\u0107, wype\u0142nienie standardowego formularza i wp\u0142ata zaliczki w celu potwierdzenia.<\/p>\n<h2>W drodze do wypo\u017cyczalni samochod\u00f3w w Maroku<\/h2>\n<p>Jest to zadanie, z kt\u00f3rym nie nale\u017cy si\u0119 spieszy\u0107, ale te\u017c nie nale\u017cy go odk\u0142ada\u0107 na jutro. Dlatego przeczytaj ma\u0142y przewodnik przygotowawczy w drodze do wynajmu samochodu w Maroku.<\/p>\n<h3>1. Znajd\u017a odpowiedni typ<\/h3>\n<p>\u0179le dobrany pojazd nie przyniesie po\u017c\u0105danej przyjemno\u015bci ani wygody. Sp\u00f3jrz na list\u0119 i zastan\u00f3w si\u0119, kt\u00f3ry z tych typ\u00f3w brzmi jak Twoje rozwi\u0105zanie:<\/p>\n<ul>\n<li>Economy lub Mini (tani wynajem samochod\u00f3w w Maroku)<\/li>\n<li>Standardowy<\/li>\n<li>SUV lub Crossover<\/li>\n<li>Luksusowy<\/li>\n<li>Kabriolet<\/li>\n<li>Van lub Minivan.<\/li>\n<\/ul>\n<h3>2. Dodatkowe us\u0142ugi<\/h3>\n<p>Nie wszystkie z tych dodatkowych funkcji s\u0105 p\u0142atne, ale ka\u017cda z nich jest \u015bwietnym wyborem:<\/p>\n<ul>\n<li>Bezp\u0142atne Anulowanie: Z tej opcji nale\u017cy skorzysta\u0107 na czas (do 48 godzin przed wylotem).<\/li>\n<li>Brak depozytu: Najlepsz\u0105 cech\u0105 dla podr\u00f3\u017cuj\u0105cych z ograniczonym bud\u017cetem jest brak blokady depozytu na kartach kredytowych.<\/li>\n<li>Model gwarantowany: Otrzymaj co najmniej tyle, ile zarezerwowa\u0142e\u015b.<\/li>\n<li>Fotelik dzieci\u0119cy: wym\u00f3g prawny dla podr\u00f3\u017cuj\u0105cych z dzie\u0107mi w wieku 10 lat lub m\u0142odszymi na pok\u0142adzie.<\/li>\n<li>Dodatkowe ubezpieczenie: Wystarczy dop\u0142aci\u0107 za Super CDW i Full Coverage, aby zapewni\u0107 sobie spok\u00f3j ducha.<\/li>\n<li>Karta SIM: We\u017a jedn\u0105, aby cieszy\u0107 si\u0119 szybkim Internetem.<\/li>\n<li>Dodatkowy kierowca: Wi\u0119cej radosnych kilometr\u00f3w z przyjacielem za kierownic\u0105.<\/li>\n<li>Skrzynia bieg\u00f3w: Poszukaj automatycznej skrzyni bieg\u00f3w, aby cieszy\u0107 si\u0119 spokojn\u0105 jazd\u0105.<\/li>\n<li>Nieograniczony przebieg: Nieograniczone widoki ukryte za pustyniami i morskimi krajobrazami.<\/li>\n<\/ul>\n<blockquote class=\"check\">\n<h3>RosCar Maroko wynajem samochod\u00f3w w szczeg\u00f3\u0142ach<\/h3>\n<p>Znajd\u017a sobie kilka minut, aby wzi\u0105\u0107 Maroko wynajem samochod\u00f3w:<\/p>\n<ol>\n<li>Ustaw lokalizacje odbioru i zwrotu.<\/li>\n<li>Okre\u015bl daty rozpocz\u0119cia i zako\u0144czenia.<\/li>\n<li>Kliknij &#8222;Filtry&#8221;, aby wybra\u0107 \u017c\u0105dane dodatki.<\/li>\n<li>Kliknij &#8222;Widok&#8221;, aby wy\u015bwietli\u0107 list\u0119.<\/li>\n<li>Zarezerwuj teraz.<\/li>\n<li>Wype\u0142nij formularz i zap\u0142a\u0107 teraz.<\/li>\n<\/ol>\n<p>Po przej\u015bciu do strony kasy musisz poda\u0107 kart\u0119, aby dokona\u0107 przedp\u0142aty w wysoko\u015bci 20%. Nie martw si\u0119, Twoje dane bankowe s\u0105 bezpieczne.<\/p><\/blockquote>\n<h2>Koszt wynajmu samochodu w Maroku<\/h2>\n<p>Oto kilka przyk\u0142ad\u00f3w, kt\u00f3re pomog\u0105 Ci zrozumie\u0107 cen\u0119 wynajmu samochodu w Maroku:<\/p>\n<ul>\n<li>20-30 USD za Mini lub Economy<\/li>\n<li>45-55 USD za standardowy lub minivan<\/li>\n<li>50-70 USD za SUV lub Crossover<\/li>\n<li>od 80 USD za luksusowy lub kabriolet.<\/li>\n<\/ul>\n<p>Mo\u017cna jednak spr\u00f3bowa\u0107 taniej:<\/p>\n<ul>\n<li>Wzi\u0105\u0107 d\u0142ugoterminowy wynajem samochodu (5 dni lub wi\u0119cej)<\/li>\n<li>Ustaw dat\u0119 rozpocz\u0119cia na \u015brodek tygodnia.<\/li>\n<li>Por\u00f3wnuj nie tylko ceny, ale tak\u017ce wyposa\u017cenie.<\/li>\n<li>Zarezerwuj online z du\u017cym wyprzedzeniem.<\/li>\n<\/ul>\n<p>Wi\u0119cej o por\u00f3wnywaniu cen:<\/p>\n<h3>Tabela z cenami wynajmu samochod\u00f3w w Maroku<\/h3>\n<table border=\"1\" cellspacing=\"0\" cellpadding=\"8\">\n<thead>\n<tr>\n<th>Model samochodu<\/th>\n<th>Typ nadwozia<\/th>\n<th>Cena za dzie\u0144 (poza sezonem)<\/th>\n<th>Cena za dzie\u0144 (w sezonie)<\/th>\n<th>Pasa\u017cerowie<\/th>\n<th>Pojemno\u015b\u0107 baga\u017cnika<\/th>\n<\/tr>\n<\/thead>\n<tbody>\n<tr>\n<td>Dacia Logan<\/td>\n<td>Sedan<\/td>\n<td>23 \u20ac<\/td>\n<td>30 \u20ac<\/td>\n<td>5<\/td>\n<td>2<\/td>\n<\/tr>\n<tr>\n<td>Kia Picanto<\/td>\n<td>Hatchback<\/td>\n<td>20 \u20ac<\/td>\n<td>28 \u20ac<\/td>\n<td>4<\/td>\n<td>1<\/td>\n<\/tr>\n<tr>\n<td>Renault Clio<\/td>\n<td>Hatchback<\/td>\n<td>25 \u20ac<\/td>\n<td>35 \u20ac<\/td>\n<td>5<\/td>\n<td>2<\/td>\n<\/tr>\n<tr>\n<td>Dacia Duster<\/td>\n<td>SUV<\/td>\n<td>35 \u20ac<\/td>\n<td>45 \u20ac<\/td>\n<td>5<\/td>\n<td>3<\/td>\n<\/tr>\n<tr>\n<td>Hyundai Tucson<\/td>\n<td>SUV<\/td>\n<td>50 \u20ac<\/td>\n<td>65 \u20ac<\/td>\n<td>5<\/td>\n<td>4<\/td>\n<\/tr>\n<tr>\n<td>Peugeot 208<\/td>\n<td>Hatchback<\/td>\n<td>22 \u20ac<\/td>\n<td>32 \u20ac<\/td>\n<td>5<\/td>\n<td>2<\/td>\n<\/tr>\n<tr>\n<td>Volkswagen Polo<\/td>\n<td>Hatchback<\/td>\n<td>26 \u20ac<\/td>\n<td>36 \u20ac<\/td>\n<td>5<\/td>\n<td>2<\/td>\n<\/tr>\n<tr>\n<td>Citro\u00ebn C-Elys\u00e9e<\/td>\n<td>Sedan<\/td>\n<td>24 \u20ac<\/td>\n<td>34 \u20ac<\/td>\n<td>5<\/td>\n<td>3<\/td>\n<\/tr>\n<tr>\n<td>Fiat Tipo<\/td>\n<td>Sedan<\/td>\n<td>27 \u20ac<\/td>\n<td>37 \u20ac<\/td>\n<td>5<\/td>\n<td>3<\/td>\n<\/tr>\n<tr>\n<td>Renault Captur<\/td>\n<td>Crossover<\/td>\n<td>33 \u20ac<\/td>\n<td>43 \u20ac<\/td>\n<td>5<\/td>\n<td>3<\/td>\n<\/tr>\n<\/tbody>\n<\/table>\n        <div class=\"rpc-chart\">\n            <h3>Sezonowe ceny wynajmu samochod\u00f3w w Maroku<\/h3>\n            <div><p>Poni\u017csza tabela przedstawia analiz\u0119 zmian \u015brednich cen wynajmu samochod\u00f3w w Maroku w ci\u0105gu ostatnich trzech lat. Informacje oparte s\u0105 na rzeczywistych rezerwacjach dokonanych za po\u015brednictwem roscar.ma, strony internetowej specjalizuj\u0105cej si\u0119 w wynajmie samochod\u00f3w bez po\u015brednik\u00f3w. Dane obejmuj\u0105 wszystkie klasy samochod\u00f3w (od niedrogich modeli miejskich po SUV-y, kabriolety i segment premium).<\/p>\n<p>Dzi\u0119ki naszemu wieloletniemu do\u015bwiadczeniu w pracy z podr\u00f3\u017cnymi i regularnemu monitorowaniu rynku, stworzyli\u015bmy obiektywne spojrzenie na sezonowe wahania cen wynajmu. Nasza analiza b\u0119dzie przydatna dla ka\u017cdego, kto planuje podr\u00f3\u017c do Maroka: mo\u017cna z wyprzedzeniem wybra\u0107 okres, w kt\u00f3rym wynajem samochodu b\u0119dzie najkorzystniejszy.<\/p>\n<p>Zalecamy skorzystanie ze sprawdzonych informacji i praktycznych porad RosCar Morocco, aby podr\u00f3\u017c by\u0142a wygodna, bezpieczna i ekonomiczna.<\/p>\n<\/div>\n            <div class=\"rpc-chart-bars\">\n                                    <div class=\"rpc-chart-column\">\n                        <div class=\"rpc-chart-inner\" style=\"height: 28.846153846154%\">\n                            <div class=\"rpc-chart-column-value\">15 \u20ac<\/div>\n                            <div class=\"rpc-chart-month\">JAN<\/div>\n                        <\/div>\n                    <\/div>\n                                    <div class=\"rpc-chart-column\">\n                        <div class=\"rpc-chart-inner\" style=\"height: 28.846153846154%\">\n                            <div class=\"rpc-chart-column-value\">15 \u20ac<\/div>\n                            <div class=\"rpc-chart-month\">FEB<\/div>\n                        <\/div>\n                    <\/div>\n                                    <div class=\"rpc-chart-column\">\n                        <div class=\"rpc-chart-inner\" style=\"height: 32.692307692308%\">\n                            <div class=\"rpc-chart-column-value\">17 \u20ac<\/div>\n                            <div class=\"rpc-chart-month\">MAR<\/div>\n                        <\/div>\n                    <\/div>\n                                    <div class=\"rpc-chart-column\">\n                        <div class=\"rpc-chart-inner\" style=\"height: 42.307692307692%\">\n                            <div class=\"rpc-chart-column-value\">22 \u20ac<\/div>\n                            <div class=\"rpc-chart-month\">APR<\/div>\n                        <\/div>\n                    <\/div>\n                                    <div class=\"rpc-chart-column\">\n                        <div class=\"rpc-chart-inner\" style=\"height: 32.692307692308%\">\n                            <div class=\"rpc-chart-column-value\">17 \u20ac<\/div>\n                            <div class=\"rpc-chart-month\">MAY<\/div>\n                        <\/div>\n                    <\/div>\n                                    <div class=\"rpc-chart-column\">\n                        <div class=\"rpc-chart-inner\" style=\"height: 30.769230769231%\">\n                            <div class=\"rpc-chart-column-value\">16 \u20ac<\/div>\n                            <div class=\"rpc-chart-month\">JUN<\/div>\n                        <\/div>\n                    <\/div>\n                                    <div class=\"rpc-chart-column\">\n                        <div class=\"rpc-chart-inner\" style=\"height: 55.769230769231%\">\n                            <div class=\"rpc-chart-column-value\">29 \u20ac<\/div>\n                            <div class=\"rpc-chart-month\">JUL<\/div>\n                        <\/div>\n                    <\/div>\n                                    <div class=\"rpc-chart-column\">\n                        <div class=\"rpc-chart-inner\" style=\"height: 61.538461538462%\">\n                            <div class=\"rpc-chart-column-value\">32 \u20ac<\/div>\n                            <div class=\"rpc-chart-month\">AUG<\/div>\n                        <\/div>\n                    <\/div>\n                                    <div class=\"rpc-chart-column\">\n                        <div class=\"rpc-chart-inner\" style=\"height: 38.461538461538%\">\n                            <div class=\"rpc-chart-column-value\">20 \u20ac<\/div>\n                            <div class=\"rpc-chart-month\">SEP<\/div>\n                        <\/div>\n                    <\/div>\n                                    <div class=\"rpc-chart-column\">\n                        <div class=\"rpc-chart-inner\" style=\"height: 36.538461538462%\">\n                            <div class=\"rpc-chart-column-value\">19 \u20ac<\/div>\n                            <div class=\"rpc-chart-month\">OCT<\/div>\n                        <\/div>\n                    <\/div>\n                                    <div class=\"rpc-chart-column\">\n                        <div class=\"rpc-chart-inner\" style=\"height: 32.692307692308%\">\n                            <div class=\"rpc-chart-column-value\">17 \u20ac<\/div>\n                            <div class=\"rpc-chart-month\">NOV<\/div>\n                        <\/div>\n                    <\/div>\n                                    <div class=\"rpc-chart-column\">\n                        <div class=\"rpc-chart-inner\" style=\"height: 44.230769230769%\">\n                            <div class=\"rpc-chart-column-value\">23 \u20ac<\/div>\n                            <div class=\"rpc-chart-month\">DEC<\/div>\n                        <\/div>\n                    <\/div>\n                            <\/div>\n        <\/div>\n        \n<h2>Wypo\u017cyczalnia samochod\u00f3w Maroko: Dokumenty<\/h2>\n<p>Masz ponad 21 (lub 25) lat i do\u015bwiadczenie w prowadzeniu samochodu? W takim razie potrzebujesz tylko trzech dokument\u00f3w, aby wynaj\u0105\u0107 samoch\u00f3d w Maroku:<\/p>\n<ol>\n<li>Paszport<\/li>\n<li>Prawo jazdy<\/li>\n<li>Karta kredytowa (opcjonalnie).<\/li>\n<\/ol>\n<p>Potrzebny jest r\u00f3wnie\u017c Voucher (certyfikat rezerwacji), ale otrzymasz go natychmiast po potwierdzeniu rezerwacji.<\/p>\n","protected":false},"excerpt":{"rendered":"<p>Wynajem Samochod\u00f3w Maroko z RosCar Tysi\u0105ce lat historii i staro\u017cytne arabskie tradycje przyci\u0105gaj\u0105 miliony turyst\u00f3w jak magnes. Mo\u017cna tu znale\u017a\u0107 d\u017awi\u0119ki wielkiej Sahary i Oceanu Atlantyckiego, a tak\u017ce nowoczesne i prehistoryczne kultury, wraz z doskona\u0142ymi warunkami do ka\u017cdego rodzaju podr\u00f3\u017cy. Ale czy musz\u0119 wynaj\u0105\u0107 samoch\u00f3d w Maroku? By\u0107 mo\u017ce nie jest to jedyna dost\u0119pna opcja, [&hellip;]<\/p>\n","protected":false},"author":1,"featured_media":125,"parent":0,"menu_order":0,"comment_status":"closed","ping_status":"closed","template":"","meta":{"footnotes":""},"class_list":["post-1030","page","type-page","status-publish","has-post-thumbnail",""],"_links":{"self":[{"href":"https:\/\/roscar.ma\/pl\/wp-json\/wp\/v2\/pages\/1030","targetHints":{"allow":["GET"]}}],"collection":[{"href":"https:\/\/roscar.ma\/pl\/wp-json\/wp\/v2\/pages"}],"about":[{"href":"https:\/\/roscar.ma\/pl\/wp-json\/wp\/v2\/types\/page"}],"author":[{"embeddable":true,"href":"https:\/\/roscar.ma\/pl\/wp-json\/wp\/v2\/users\/1"}],"replies":[{"embeddable":true,"href":"https:\/\/roscar.ma\/pl\/wp-json\/wp\/v2\/comments?post=1030"}],"version-history":[{"count":1,"href":"https:\/\/roscar.ma\/pl\/wp-json\/wp\/v2\/pages\/1030\/revisions"}],"predecessor-version":[{"id":1031,"href":"https:\/\/roscar.ma\/pl\/wp-json\/wp\/v2\/pages\/1030\/revisions\/1031"}],"wp:featuredmedia":[{"embeddable":true,"href":"https:\/\/roscar.ma\/pl\/wp-json\/wp\/v2\/media\/125"}],"wp:attachment":[{"href":"https:\/\/roscar.ma\/pl\/wp-json\/wp\/v2\/media?parent=1030"}],"curies":[{"name":"wp","href":"https:\/\/api.w.org\/{rel}","templated":true}]}}