{"id":2527,"date":"2025-07-17T11:33:38","date_gmt":"2025-07-17T11:33:38","guid":{"rendered":"https:\/\/roscar.ma\/?page_id=2527"},"modified":"2025-07-26T18:24:20","modified_gmt":"2025-07-26T18:24:20","slug":"leiebil-tanger","status":"publish","type":"page","link":"https:\/\/roscar.ma\/no\/leiebil-tanger\/","title":{"rendered":"Leiebil Tanger"},"content":{"rendered":"<h2>Leiebil Tanger fra RosCar<\/h2>\n<p>Nord-Marokko er der to kontinenter (Europa og Afrika) m\u00f8tes, hvor klimaet er varmt 365 dager i \u00e5ret, og alltid lyse minner. Her kan du leie bil i Tanger og ta turen din til et helt nytt niv\u00e5:<\/p>\n<ul>\n<li>Mindre utgifter til offentlig transport eller taxi<\/li>\n<li>Frihet til \u00e5 bevege deg n\u00e5r du vil<\/li>\n<li>Enkel henting og bestilling 24\/7<\/li>\n<li>Billige priser med h\u00f8y kvalitet.<\/li>\n<\/ul>\n<p>Leter du fortsatt etter den beste verdien for hver dollar brukt? S\u00f8k etter kj\u00f8ret\u00f8yet ditt p\u00e5 RosCar, bestill og bruk kortet for bekreftelse (opptil 20 % av bel\u00f8pet). Ja, det er s\u00e5 enkelt.<\/p>\n<h2>Leiebil Tanger: Guiden<\/h2>\n<p>\u00c5 velge riktig leiebil i Tanger virker kanskje ikke som en enkel oppgave, med tanke p\u00e5 budsjett, reisestil og behov. Men to trinn er nok til \u00e5 f\u00e5 deg dit du \u00f8nsker \u00e5 dra.<\/p>\n<h3>1. Type kj\u00f8ret\u00f8y<\/h3>\n<p>Skal den v\u00e6re romslig eller kompakt, billig eller dyr? Bruk filtrene til \u00e5 velge din:<\/p>\n<ul>\n<li>\u00d8konomibil<\/li>\n<li>Kompakt bil<\/li>\n<li>SUV eller crossover<\/li>\n<li>Minibil<\/li>\n<li>Standard bil<\/li>\n<li>Luksusbil<\/li>\n<li>Cabriolet<\/li>\n<li>Varebil, minivan og mer.<\/li>\n<\/ul>\n<h3>2. Tilleggstjenester<\/h3>\n<p>Dette er kanskje den enkleste og rimeligste m\u00e5ten \u00e5 forbedre kvaliteten p\u00e5 reisene dine med f\u00f8lgende funksjoner:<\/p>\n<ul>\n<li>Gratis avbestilling: Dette alternativet kan bare brukes 48 timer f\u00f8r startdatoen.<\/li>\n<li>Ingen kredittkort: Det er alltid mange kj\u00f8ret\u00f8y \u00e5 velge mellom.<\/li>\n<li>SIM-kort: Alle trenger raskt internett eller samtaler n\u00e5r de er p\u00e5 reise.<\/li>\n<li>Ekstra sj\u00e5f\u00f8r: Det er alltid godt \u00e5 ha noen som er klar til \u00e5 kj\u00f8re for deg.<\/li>\n<li>Ubegrenset kj\u00f8relengde: Et flott tillegg til en billig leiebil i Tanger.<\/li>\n<li>Ingen depositum: Kan v\u00e6re 10-15% dyrere, men kommer med ingen depositumssperre p\u00e5 kredittkort.<\/li>\n<li>Barnesete: Barn under 10 \u00e5r kan kun flyttes i et barnesete (bakerste rad).<\/li>\n<li>Ekstra forsikring: Ingen grunn til \u00e5 bekymre seg for \u00f8konomisk frihet med SuperCDW eller Full Dekning.<\/li>\n<li>Garantert modell: Har du bestilt en Toyota Corolla? Du vil f\u00e5 akkurat den Toyota Corollaen.<\/li>\n<li>Girkasse: Manuell vs. automatisk. Billig vs. Komfortabel.<\/li>\n<\/ul>\n<blockquote class=\"info\">\n<h2>Tanger bilutleie: Booking<\/h2>\n<p>Har du fem minutter? Da kan du leie et hvilket som helst kj\u00f8ret\u00f8y p\u00e5 RosCar p\u00e5 denne m\u00e5ten:<\/p>\n<ol>\n<li>Spesifiser start- og sluttdatoer, samt lokasjoner.<\/li>\n<li>G\u00e5 til filtre og klikk p\u00e5 de du finner \u00f8nskelige. F\u00e5 en liste.<\/li>\n<li>Velg din bil via Book Now.<\/li>\n<li>Velg type betaling, forsikring og ekstrafunksjoner i skjemaet.<\/li>\n<li>Legg til annen informasjon og bekreft.<\/li>\n<li>Betal n\u00e5.<\/li>\n<\/ol>\n<p>Bilutleie i Tanger kan bestilles av alle med f\u00f8rerkort (over 21 \u00e5r) og et bankkort (opptil 20 % for bekreftelse av betaling). 80% av resten betales p\u00e5 stedet, med en hvilken som helst metode du spesifiserte i skjemaet.<\/p><\/blockquote>\n<h2>Leie en bil Tanger pris<\/h2>\n<p>I denne delen av Marokko, kan du finne ganske lave priser for leiebil i Tanger:<\/p>\n<ul>\n<li>$ 15-20 for \u00f8konomi eller Mini<\/li>\n<li>$25-30 for Standard<\/li>\n<li>$ 35-50 for Minivan, SUV, 4&#215;4 eller Crossover<\/li>\n<li>$ 60+ for luksus eller cabriolet.<\/li>\n<\/ul>\n<p>Prisene midt i turistsesongen kan \u00f8ke opp til 60%, eller enda h\u00f8yere. Derfor b\u00f8r du ta hensyn til f\u00f8lgende tips for \u00e5 f\u00e5 lavere kostnader:<\/p>\n<ul>\n<li>Bestill s\u00e5 tidlig som mulig<\/li>\n<li>Velg en type kj\u00f8ret\u00f8y som ikke truer budsjettet ditt<\/li>\n<li>Se etter gratisfunksjoner (ingen depositum, ingen kredittkort, ubegrenset kj\u00f8relengde osv.)<\/li>\n<li>Angi startdatoen til midten av uken.<\/li>\n<\/ul>\n<p>Du b\u00f8r ogs\u00e5 sammenligne prisen:<\/p>\n<h3>Tabell med priser for leiebil i Tanger, Marokko<\/h3>\n<table>\n<thead>\n<tr>\n<th>Bilmodell<\/th>\n<th>Type karosseri<\/th>\n<th>Pris per dag (lavsesong)<\/th>\n<th>Pris per dag (h\u00f8ysesong)<\/th>\n<th>Passasjerer<\/th>\n<th>Bagasjekapasitet<\/th>\n<\/tr>\n<\/thead>\n<tbody>\n<tr>\n<td>Fiat Panda<\/td>\n<td>Halvkombi<\/td>\n<td>20 \u20ac<\/td>\n<td>27 \u20ac<\/td>\n<td>4<\/td>\n<td>1<\/td>\n<\/tr>\n<tr>\n<td>Kia Picanto<\/td>\n<td>Halvkombi<\/td>\n<td>22 \u20ac<\/td>\n<td>29 \u20ac<\/td>\n<td>4<\/td>\n<td>1<\/td>\n<\/tr>\n<tr>\n<td>Dacia Logan<\/td>\n<td>Sedan<\/td>\n<td>24 \u20ac<\/td>\n<td>32 \u20ac<\/td>\n<td>5<\/td>\n<td>2<\/td>\n<\/tr>\n<tr>\n<td>Peugeot 208<\/td>\n<td>Halvkombi<\/td>\n<td>26 \u20ac<\/td>\n<td>35 \u20ac<\/td>\n<td>5<\/td>\n<td>2<\/td>\n<\/tr>\n<tr>\n<td>Renault Clio<\/td>\n<td>Halvkombi<\/td>\n<td>27 \u20ac<\/td>\n<td>36 \u20ac<\/td>\n<td>5<\/td>\n<td>2<\/td>\n<\/tr>\n<tr>\n<td>Citro\u00ebn C-Elys\u00e9e<\/td>\n<td>Sedan<\/td>\n<td>29 \u20ac<\/td>\n<td>39 \u20ac<\/td>\n<td>5<\/td>\n<td>3<\/td>\n<\/tr>\n<tr>\n<td>Hyundai i20<\/td>\n<td>Halvkombi<\/td>\n<td>28 \u20ac<\/td>\n<td>38 \u20ac<\/td>\n<td>5<\/td>\n<td>2<\/td>\n<\/tr>\n<tr>\n<td>Dacia Duster<\/td>\n<td>SUV<\/td>\n<td>38 \u20ac<\/td>\n<td>49 \u20ac<\/td>\n<td>5<\/td>\n<td>3<\/td>\n<\/tr>\n<tr>\n<td>Renault Kadjar<\/td>\n<td>SUV<\/td>\n<td>50 \u20ac<\/td>\n<td>62 \u20ac<\/td>\n<td>5<\/td>\n<td>4<\/td>\n<\/tr>\n<tr>\n<td>Peugeot 3008<\/td>\n<td>SUV<\/td>\n<td>55 \u20ac<\/td>\n<td>70 \u20ac<\/td>\n<td>5<\/td>\n<td>4<\/td>\n<\/tr>\n<\/tbody>\n<\/table>\n        <div class=\"rpc-chart\">\n            <h3>Hvordan leiebilprisene endres i Tanger: en oversikt basert p\u00e5 reelle bookinger<\/h3>\n            <div><p>I l\u00f8pet av de siste tre \u00e5rene har roscar.ma overv\u00e5ket leiebilprisene i Tanger. Alle dataene som presenteres her er basert p\u00e5 reelle bestillinger, noe som gj\u00f8r at vi kan danne oss et p\u00e5litelig bilde av sesongmessige svingninger i leieprisene.<\/p>\n<p>Analysen omfatter ulike bilkategorier - fra kompakte modeller til SUV-er, kabrioleter og premiumbiler. Dette gj\u00f8r at vi kan se hvordan turistaktiviteten og \u00e5rstiden p\u00e5virker prisene.<\/p>\n<p>RosCar Marokkos spesialister har lang erfaring med kundeservice i Marokko og tilbyr verifisert informasjon som vil v\u00e6re nyttig for alle som planlegger en reise til Tanger og \u00f8nsker \u00e5 planlegge transportkostnadene sine p\u00e5 en effektiv m\u00e5te.<\/p>\n<\/div>\n            <div class=\"rpc-chart-bars\">\n                                    <div class=\"rpc-chart-column\">\n                        <div class=\"rpc-chart-inner\" style=\"height: 24.528301886792%\">\n                            <div class=\"rpc-chart-column-value\">13 \u20ac<\/div>\n                            <div class=\"rpc-chart-month\">JAN<\/div>\n                        <\/div>\n                    <\/div>\n                                    <div class=\"rpc-chart-column\">\n                        <div class=\"rpc-chart-inner\" style=\"height: 26.415094339623%\">\n                            <div class=\"rpc-chart-column-value\">14 \u20ac<\/div>\n                            <div class=\"rpc-chart-month\">FEB<\/div>\n                        <\/div>\n                    <\/div>\n                                    <div class=\"rpc-chart-column\">\n                        <div class=\"rpc-chart-inner\" style=\"height: 28.301886792453%\">\n                            <div class=\"rpc-chart-column-value\">15 \u20ac<\/div>\n                            <div class=\"rpc-chart-month\">MAR<\/div>\n                        <\/div>\n                    <\/div>\n                                    <div class=\"rpc-chart-column\">\n                        <div class=\"rpc-chart-inner\" style=\"height: 45.283018867925%\">\n                            <div class=\"rpc-chart-column-value\">24 \u20ac<\/div>\n                            <div class=\"rpc-chart-month\">APR<\/div>\n                        <\/div>\n                    <\/div>\n                                    <div class=\"rpc-chart-column\">\n                        <div class=\"rpc-chart-inner\" style=\"height: 32.075471698113%\">\n                            <div class=\"rpc-chart-column-value\">17 \u20ac<\/div>\n                            <div class=\"rpc-chart-month\">MAY<\/div>\n                        <\/div>\n                    <\/div>\n                                    <div class=\"rpc-chart-column\">\n                        <div class=\"rpc-chart-inner\" style=\"height: 30.188679245283%\">\n                            <div class=\"rpc-chart-column-value\">16 \u20ac<\/div>\n                            <div class=\"rpc-chart-month\">JUN<\/div>\n                        <\/div>\n                    <\/div>\n                                    <div class=\"rpc-chart-column\">\n                        <div class=\"rpc-chart-inner\" style=\"height: 52.830188679245%\">\n                            <div class=\"rpc-chart-column-value\">28 \u20ac<\/div>\n                            <div class=\"rpc-chart-month\">JUL<\/div>\n                        <\/div>\n                    <\/div>\n                                    <div class=\"rpc-chart-column\">\n                        <div class=\"rpc-chart-inner\" style=\"height: 62.264150943396%\">\n                            <div class=\"rpc-chart-column-value\">33 \u20ac<\/div>\n                            <div class=\"rpc-chart-month\">AUG<\/div>\n                        <\/div>\n                    <\/div>\n                                    <div class=\"rpc-chart-column\">\n                        <div class=\"rpc-chart-inner\" style=\"height: 39.622641509434%\">\n                            <div class=\"rpc-chart-column-value\">21 \u20ac<\/div>\n                            <div class=\"rpc-chart-month\">SEP<\/div>\n                        <\/div>\n                    <\/div>\n                                    <div class=\"rpc-chart-column\">\n                        <div class=\"rpc-chart-inner\" style=\"height: 35.849056603774%\">\n                            <div class=\"rpc-chart-column-value\">19 \u20ac<\/div>\n                            <div class=\"rpc-chart-month\">OCT<\/div>\n                        <\/div>\n                    <\/div>\n                                    <div class=\"rpc-chart-column\">\n                        <div class=\"rpc-chart-inner\" style=\"height: 32.075471698113%\">\n                            <div class=\"rpc-chart-column-value\">17 \u20ac<\/div>\n                            <div class=\"rpc-chart-month\">NOV<\/div>\n                        <\/div>\n                    <\/div>\n                                    <div class=\"rpc-chart-column\">\n                        <div class=\"rpc-chart-inner\" style=\"height: 41.509433962264%\">\n                            <div class=\"rpc-chart-column-value\">22 \u20ac<\/div>\n                            <div class=\"rpc-chart-month\">DEC<\/div>\n                        <\/div>\n                    <\/div>\n                            <\/div>\n        <\/div>\n        \n<h2>Leiebil Tanger: Dokumenter<\/h2>\n<p>Marokko er et \u00e5pent land som er tilgjengelig for turister fra hele verden. Derfor er det bare standarddokumenter som kreves for \u00e5 leie:<\/p>\n<ol>\n<li>F\u00f8rerkort (2 \u00e5rs erfaring er p\u00e5krevd)<\/li>\n<li>Pass eller ID-kort<\/li>\n<li>Voucher eller bestillingssertifikat<\/li>\n<li>Kredittkort (valgfritt).<\/li>\n<\/ol>\n","protected":false},"excerpt":{"rendered":"<p>Leiebil Tanger fra RosCar Nord-Marokko er der to kontinenter (Europa og Afrika) m\u00f8tes, hvor klimaet er varmt 365 dager i \u00e5ret, og alltid lyse minner. Her kan du leie bil i Tanger og ta turen din til et helt nytt niv\u00e5: Mindre utgifter til offentlig transport eller taxi Frihet til \u00e5 bevege deg n\u00e5r du [&hellip;]<\/p>\n","protected":false},"author":1,"featured_media":288,"parent":0,"menu_order":0,"comment_status":"closed","ping_status":"closed","template":"","meta":{"footnotes":""},"class_list":["post-2527","page","type-page","status-publish","has-post-thumbnail",""],"_links":{"self":[{"href":"https:\/\/roscar.ma\/no\/wp-json\/wp\/v2\/pages\/2527","targetHints":{"allow":["GET"]}}],"collection":[{"href":"https:\/\/roscar.ma\/no\/wp-json\/wp\/v2\/pages"}],"about":[{"href":"https:\/\/roscar.ma\/no\/wp-json\/wp\/v2\/types\/page"}],"author":[{"embeddable":true,"href":"https:\/\/roscar.ma\/no\/wp-json\/wp\/v2\/users\/1"}],"replies":[{"embeddable":true,"href":"https:\/\/roscar.ma\/no\/wp-json\/wp\/v2\/comments?post=2527"}],"version-history":[{"count":1,"href":"https:\/\/roscar.ma\/no\/wp-json\/wp\/v2\/pages\/2527\/revisions"}],"predecessor-version":[{"id":2528,"href":"https:\/\/roscar.ma\/no\/wp-json\/wp\/v2\/pages\/2527\/revisions\/2528"}],"wp:featuredmedia":[{"embeddable":true,"href":"https:\/\/roscar.ma\/no\/wp-json\/wp\/v2\/media\/288"}],"wp:attachment":[{"href":"https:\/\/roscar.ma\/no\/wp-json\/wp\/v2\/media?parent=2527"}],"curies":[{"name":"wp","href":"https:\/\/api.w.org\/{rel}","templated":true}]}}