{"id":2143,"date":"2025-07-17T11:30:24","date_gmt":"2025-07-17T11:30:24","guid":{"rendered":"https:\/\/roscar.ma\/?page_id=2143"},"modified":"2025-07-26T11:07:35","modified_gmt":"2025-07-26T11:07:35","slug":"leiebil-agadir","status":"publish","type":"page","link":"https:\/\/roscar.ma\/no\/leiebil-agadir\/","title":{"rendered":"Leiebil Agadir"},"content":{"rendered":"<h2>Leiebil Agadir fra RosCar<\/h2>\n<p>Marokko er et land med en unik stemning, pulserende landskap og dusinvis av uts\u00f8kte kystbyer. Det er det perfekte stedet for deg som \u00f8nsker noe mer enn bare \u00e5 slappe av p\u00e5 stranden. Og det er bare \u00e9n vei \u00e5 g\u00e5 hvis du \u00f8nsker \u00e5 f\u00e5 mest mulig ut av reisen din og bli mett p\u00e5 levende opplevelser: leiebil Agadir. Klar til \u00e5 skaffe deg din? S\u00e5 bestill n\u00e5 med RosCar og du vil v\u00e6re i stand til det:<\/p>\n<ul>\n<li>Velge de beste tilbudene med vinn-vinn-betingelser<\/li>\n<li>Utstyre deg med ekstrautstyr som gj\u00f8r livet bedre og enklere<\/li>\n<li>Beveg deg langs din unike vei uten \u00e5 v\u00e6re bundet til noen andres tidsplan<\/li>\n<li>Ta lave priser for langtidsleie av bil.<\/li>\n<\/ul>\n<h2>Leiebil Agadir: Guiden<\/h2>\n<p>F\u00f8r du trykker p\u00e5 &laquo;Bestill n\u00e5&raquo;-knappen, foresl\u00e5r vi at du leser en kort introduksjon. Dette er veien til tusenvis av aktive reisende fra hele verden, som lar deg ta det du ikke vil angre.<\/p>\n<h3>1. Velg den type kj\u00f8ret\u00f8y som passer ditt budsjett og m\u00e5l<\/h3>\n<p>Billig leiebil i Agadir er bare tilgjengelig for de som velger riktig type:<\/p>\n<ul>\n<li>Standard bil (bestselger i Marokko)<\/li>\n<li>Crossover eller SUV<\/li>\n<li>Minibil eller \u00f8konomibil<\/li>\n<li>Minivan eller Van<\/li>\n<li>Cabriolet, Luksus eller andre.<\/li>\n<\/ul>\n<h3>2. Hva med tilleggstjenester?<\/h3>\n<p>Dette er den delen av reservasjonen som mange turister ofte hopper over, men som de angrer p\u00e5 at de ikke var mer oppmerksomme p\u00e5. Kanskje det er noe her som vil gj\u00f8re din leiebil i Agadir bedre:<\/p>\n<ul>\n<li>Ekstra forsikring: Den \u00f8konomiske risikoen vil v\u00e6re lavere hvis du har betalt for en oppgradering til Full dekning eller SuperCDW.<\/li>\n<li>Gratis avbestilling: I tilfelle du ikke er 100 % sikker p\u00e5 planene dine.<\/li>\n<li>Ubegrenset kj\u00f8relengde: Ingen kostnader for uendelige reisemuligheter.<\/li>\n<li>Ingen depositum: Du trenger ikke \u00e5 kutte i budsjettet, pr\u00f8v ingen innskuddsblokkering p\u00e5 kredittkort.<\/li>\n<li>Garantert modell: Den samme bilen vil bli reservert, ingen unntak.<\/li>\n<li>Overf\u00f8ring: Du vil ikke bli overrasket over \u00e5 h\u00f8re at vi anbefaler automatgir.<\/li>\n<li>Ingen kredittkort: Mange gode biler er tilgjengelige med denne gratisfunksjonen.<\/li>\n<li>SIM-kort: \u00c5 reise i 2025 er umulig uten en stabil og billig internettforbindelse.<\/li>\n<li>Ekstra sj\u00e5f\u00f8r: Velg dette alternativet hvis du \u00f8nsker \u00e5 la en venn kj\u00f8re p\u00e5 veien.<\/li>\n<li>Barnesete: Barn under 10 \u00e5r m\u00e5 sitte i barnesete i Marokko.<\/li>\n<\/ul>\n<blockquote class=\"check\">\n<h2>Agadir bilutleie: Booking<\/h2>\n<p>Har du f\u00f8rerkort og er over 21 \u00e5r gammel? Da kan du skaffe deg leiebil i Agadir s\u00e5 snart som mulig:<\/p>\n<ol>\n<li>Spesifiser steder og datoer.<\/li>\n<li>G\u00e5 til filtre for \u00e5 tilpasse s\u00f8ket.<\/li>\n<li>Fant du \u00f8nsket kj\u00f8ret\u00f8y i listen? Bestill n\u00e5.<\/li>\n<li>Legg til tilleggstjenester eller forsikringstype (hvis du trenger en oppgradering).<\/li>\n<li>Fyll ut sj\u00e5f\u00f8rens informasjon.<\/li>\n<li>Bekreft.<\/li>\n<\/ol>\n<p>Bekreftelse av bestilling p\u00e5 RosCar utf\u00f8res via et bankkort, som krever omtrent en femtedel av leiebetalingen. Kupongen (bekreftelse av reservasjonen) vil bli sendt s\u00e5 snart betalingen er kreditert.<\/p><\/blockquote>\n<h2>Leiebil Agadir pris<\/h2>\n<p>Kostnaden for en dag med \u00e5 kj\u00f8re et leid kj\u00f8ret\u00f8y er:<\/p>\n<ul>\n<li>$ 15-20 for Economy\/Mini<\/li>\n<li>$ 25-35 for Standard\/Compact<\/li>\n<li>$ 40-60 for Crossover\/SUV\/Minivan<\/li>\n<li>$ 80+ for luksus \/ kabriolet.<\/li>\n<\/ul>\n<p>Dette er bare omtrentlige verdier i gjennomsnitt over \u00e5ret. Lei en bil i Agadir vil v\u00e6re billigere hvis du:<\/p>\n<ul>\n<li>Hold deg unna siste-minutt-sesonger eller h\u00f8ytider<\/li>\n<li>Se etter langtidsleie av bil<\/li>\n<li>Plukk opp i byen (flyplass eller transfer er dyrere)<\/li>\n<li>Gj\u00f8r en reservasjon i tide (10-20 dager f\u00f8r start).<\/li>\n<\/ul>\n<p>Vi anbefaler ogs\u00e5 \u00e5 sammenligne prisen:<\/p>\n<h3>Tabell med priser for leiebil i Agadir, Marokko<\/h3>\n<table border=\"1\" cellspacing=\"0\" cellpadding=\"0\">\n<thead>\n<tr>\n<th>Bilmodell<\/th>\n<th>Type karosseri<\/th>\n<th>Pris per dag (lavsesong)<\/th>\n<th>Pris per dag (h\u00f8ysesong)<\/th>\n<th>Passasjerer<\/th>\n<th>Bagasjekapasitet<\/th>\n<\/tr>\n<\/thead>\n<tbody>\n<tr>\n<td>Fiat Panda<\/td>\n<td>Halvkombi<\/td>\n<td>19 \u20ac<\/td>\n<td>25 \u20ac<\/td>\n<td>4<\/td>\n<td>1<\/td>\n<\/tr>\n<tr>\n<td>Kia Picanto<\/td>\n<td>Halvkombi<\/td>\n<td>21 \u20ac<\/td>\n<td>28 \u20ac<\/td>\n<td>4<\/td>\n<td>1<\/td>\n<\/tr>\n<tr>\n<td>Dacia Logan<\/td>\n<td>Sedan<\/td>\n<td>23 \u20ac<\/td>\n<td>31 \u20ac<\/td>\n<td>5<\/td>\n<td>2<\/td>\n<\/tr>\n<tr>\n<td>Hyundai i20<\/td>\n<td>Halvkombi<\/td>\n<td>25 \u20ac<\/td>\n<td>34 \u20ac<\/td>\n<td>5<\/td>\n<td>2<\/td>\n<\/tr>\n<tr>\n<td>Peugeot 208<\/td>\n<td>Halvkombi<\/td>\n<td>26 \u20ac<\/td>\n<td>35 \u20ac<\/td>\n<td>5<\/td>\n<td>2<\/td>\n<\/tr>\n<tr>\n<td>Renault Clio<\/td>\n<td>Halvkombi<\/td>\n<td>27 \u20ac<\/td>\n<td>37 \u20ac<\/td>\n<td>5<\/td>\n<td>2<\/td>\n<\/tr>\n<tr>\n<td>Citro\u00ebn C-Elys\u00e9e<\/td>\n<td>Sedan<\/td>\n<td>28 \u20ac<\/td>\n<td>38 \u20ac<\/td>\n<td>5<\/td>\n<td>3<\/td>\n<\/tr>\n<tr>\n<td>Renault Captur<\/td>\n<td>Crossover<\/td>\n<td>33 \u20ac<\/td>\n<td>44 \u20ac<\/td>\n<td>5<\/td>\n<td>3<\/td>\n<\/tr>\n<tr>\n<td>Dacia Duster<\/td>\n<td>SUV<\/td>\n<td>37 \u20ac<\/td>\n<td>48 \u20ac<\/td>\n<td>5<\/td>\n<td>3<\/td>\n<\/tr>\n<tr>\n<td>Peugeot 3008<\/td>\n<td>SUV<\/td>\n<td>54 \u20ac<\/td>\n<td>68 \u20ac<\/td>\n<td>5<\/td>\n<td>4<\/td>\n<\/tr>\n<\/tbody>\n<\/table>\n        <div class=\"rpc-chart\">\n            <h3>Sesongmessige endringer i leiebilpriser i Agadir: faktiske analyser basert p\u00e5 bestillinger<\/h3>\n            <div><p>I l\u00f8pet av de siste tre \u00e5rene har roscar.ma-teamet samlet inn og analysert data om gjennomsnittskostnaden for \u00e5 leie bil i Agadir. Alle resultatene er basert p\u00e5 reelle bestillinger som er gjort gjennom plattformen, som utelukkende samarbeider med p\u00e5litelige lokale partnere.<\/p>\n<p>Studien tar hensyn til alle kategorier av biler - fra kompakte bymodeller til romslige SUV-er, kabrioleter og biler i forretningsklassen. Denne tiln\u00e6rmingen gj\u00f8r det mulig \u00e5 identifisere n\u00f8yaktige sesongbaserte pristrender og gi kundene den mest nyttige informasjonen n\u00e5r de skal planlegge reisen.<\/p>\n<p>RosCar Marokkos spesialister har en dyp forst\u00e5else av leiebilmarkedet i Marokko og jobber daglig med \u00e5 oppdatere oppdatert statistikk. Dette sikrer at brukerne ikke bare f\u00e5r gjennomsnittsverdier, men p\u00e5litelig, praktisk informasjon som oppfyller reelle forhold.<\/p>\n<\/div>\n            <div class=\"rpc-chart-bars\">\n                                    <div class=\"rpc-chart-column\">\n                        <div class=\"rpc-chart-inner\" style=\"height: 27.659574468085%\">\n                            <div class=\"rpc-chart-column-value\">13 \u20ac<\/div>\n                            <div class=\"rpc-chart-month\">JAN<\/div>\n                        <\/div>\n                    <\/div>\n                                    <div class=\"rpc-chart-column\">\n                        <div class=\"rpc-chart-inner\" style=\"height: 29.787234042553%\">\n                            <div class=\"rpc-chart-column-value\">14 \u20ac<\/div>\n                            <div class=\"rpc-chart-month\">FEB<\/div>\n                        <\/div>\n                    <\/div>\n                                    <div class=\"rpc-chart-column\">\n                        <div class=\"rpc-chart-inner\" style=\"height: 27.659574468085%\">\n                            <div class=\"rpc-chart-column-value\">13 \u20ac<\/div>\n                            <div class=\"rpc-chart-month\">MAR<\/div>\n                        <\/div>\n                    <\/div>\n                                    <div class=\"rpc-chart-column\">\n                        <div class=\"rpc-chart-inner\" style=\"height: 38.297872340426%\">\n                            <div class=\"rpc-chart-column-value\">18 \u20ac<\/div>\n                            <div class=\"rpc-chart-month\">APR<\/div>\n                        <\/div>\n                    <\/div>\n                                    <div class=\"rpc-chart-column\">\n                        <div class=\"rpc-chart-inner\" style=\"height: 29.787234042553%\">\n                            <div class=\"rpc-chart-column-value\">14 \u20ac<\/div>\n                            <div class=\"rpc-chart-month\">MAY<\/div>\n                        <\/div>\n                    <\/div>\n                                    <div class=\"rpc-chart-column\">\n                        <div class=\"rpc-chart-inner\" style=\"height: 27.659574468085%\">\n                            <div class=\"rpc-chart-column-value\">13 \u20ac<\/div>\n                            <div class=\"rpc-chart-month\">JUN<\/div>\n                        <\/div>\n                    <\/div>\n                                    <div class=\"rpc-chart-column\">\n                        <div class=\"rpc-chart-inner\" style=\"height: 46.808510638298%\">\n                            <div class=\"rpc-chart-column-value\">22 \u20ac<\/div>\n                            <div class=\"rpc-chart-month\">JUL<\/div>\n                        <\/div>\n                    <\/div>\n                                    <div class=\"rpc-chart-column\">\n                        <div class=\"rpc-chart-inner\" style=\"height: 57.446808510638%\">\n                            <div class=\"rpc-chart-column-value\">27 \u20ac<\/div>\n                            <div class=\"rpc-chart-month\">AUG<\/div>\n                        <\/div>\n                    <\/div>\n                                    <div class=\"rpc-chart-column\">\n                        <div class=\"rpc-chart-inner\" style=\"height: 31.914893617021%\">\n                            <div class=\"rpc-chart-column-value\">15 \u20ac<\/div>\n                            <div class=\"rpc-chart-month\">SEP<\/div>\n                        <\/div>\n                    <\/div>\n                                    <div class=\"rpc-chart-column\">\n                        <div class=\"rpc-chart-inner\" style=\"height: 38.297872340426%\">\n                            <div class=\"rpc-chart-column-value\">18 \u20ac<\/div>\n                            <div class=\"rpc-chart-month\">OCT<\/div>\n                        <\/div>\n                    <\/div>\n                                    <div class=\"rpc-chart-column\">\n                        <div class=\"rpc-chart-inner\" style=\"height: 31.914893617021%\">\n                            <div class=\"rpc-chart-column-value\">15 \u20ac<\/div>\n                            <div class=\"rpc-chart-month\">NOV<\/div>\n                        <\/div>\n                    <\/div>\n                                    <div class=\"rpc-chart-column\">\n                        <div class=\"rpc-chart-inner\" style=\"height: 40.425531914894%\">\n                            <div class=\"rpc-chart-column-value\">19 \u20ac<\/div>\n                            <div class=\"rpc-chart-month\">DEC<\/div>\n                        <\/div>\n                    <\/div>\n                            <\/div>\n        <\/div>\n        \n<h2>Leiebil Agadir: Dokumenter<\/h2>\n<p>21-25 \u00e5r, noe kj\u00f8reerfaring og f\u00f8lgende dokumenter er p\u00e5krevd for leiebil i Agadir:<\/p>\n<ol>\n<li>Kredittkort (valgfritt)<\/li>\n<li>Pass<\/li>\n<li>Voucher\/bestillingsbevis<\/li>\n<li>F\u00f8rerkort (eller IDP).<\/li>\n<\/ol>\n<p>Leiebil Agadir er en uunnv\u00e6rlig tjeneste for turister som \u00f8nsker \u00e5 se ikke bare Agadir, men hele Marokko.<\/p>\n","protected":false},"excerpt":{"rendered":"<p>Leiebil Agadir fra RosCar Marokko er et land med en unik stemning, pulserende landskap og dusinvis av uts\u00f8kte kystbyer. Det er det perfekte stedet for deg som \u00f8nsker noe mer enn bare \u00e5 slappe av p\u00e5 stranden. Og det er bare \u00e9n vei \u00e5 g\u00e5 hvis du \u00f8nsker \u00e5 f\u00e5 mest mulig ut av reisen [&hellip;]<\/p>\n","protected":false},"author":1,"featured_media":798,"parent":0,"menu_order":0,"comment_status":"closed","ping_status":"closed","template":"","meta":{"footnotes":""},"class_list":["post-2143","page","type-page","status-publish","has-post-thumbnail",""],"_links":{"self":[{"href":"https:\/\/roscar.ma\/no\/wp-json\/wp\/v2\/pages\/2143","targetHints":{"allow":["GET"]}}],"collection":[{"href":"https:\/\/roscar.ma\/no\/wp-json\/wp\/v2\/pages"}],"about":[{"href":"https:\/\/roscar.ma\/no\/wp-json\/wp\/v2\/types\/page"}],"author":[{"embeddable":true,"href":"https:\/\/roscar.ma\/no\/wp-json\/wp\/v2\/users\/1"}],"replies":[{"embeddable":true,"href":"https:\/\/roscar.ma\/no\/wp-json\/wp\/v2\/comments?post=2143"}],"version-history":[{"count":2,"href":"https:\/\/roscar.ma\/no\/wp-json\/wp\/v2\/pages\/2143\/revisions"}],"predecessor-version":[{"id":2145,"href":"https:\/\/roscar.ma\/no\/wp-json\/wp\/v2\/pages\/2143\/revisions\/2145"}],"wp:featuredmedia":[{"embeddable":true,"href":"https:\/\/roscar.ma\/no\/wp-json\/wp\/v2\/media\/798"}],"wp:attachment":[{"href":"https:\/\/roscar.ma\/no\/wp-json\/wp\/v2\/media?parent=2143"}],"curies":[{"name":"wp","href":"https:\/\/api.w.org\/{rel}","templated":true}]}}