{"id":2104,"date":"2025-07-17T11:14:56","date_gmt":"2025-07-17T11:14:56","guid":{"rendered":"https:\/\/roscar.ma\/?page_id=2104"},"modified":"2025-07-25T16:12:17","modified_gmt":"2025-07-25T16:12:17","slug":"leiebil-fez-fes","status":"publish","type":"page","link":"https:\/\/roscar.ma\/no\/leiebil-fez-fes\/","title":{"rendered":"Leiebil Fez (Fes)"},"content":{"rendered":"<h2>Leiebil Fez (Fes) fra RosCar<\/h2>\n<p>Nesten alle land har en uoffisiell hovedstad, som er sentrum for det kulturelle livet i hele staten. \u00d8nsker du \u00e5 finne denne vakre byen i Marokko? Da m\u00e5 du leie en bil i Fes til:<\/p>\n<ul>\n<li>F\u00e5 den beste kj\u00f8reopplevelsen til en lav pris<\/li>\n<li>Velge det beste kj\u00f8ret\u00f8yet med ideelle tillegg<\/li>\n<li>Ta turen til et nytt niv\u00e5 av komfort<\/li>\n<li>Ikke v\u00e6r begrenset i dine reisealternativer.<\/li>\n<\/ul>\n<p>Lei en bil i Fez gjennom RosCar, og du vil kunne avdekke alle hemmelighetene til denne fantastiske arabiske verdenen. Men f\u00f8rst, forbered kortet ditt for \u00e5 bekrefte reservasjonen, fordi det er ingen annen m\u00e5te \u00e5 f\u00e5 ditt kj\u00f8ret\u00f8y p\u00e5. Bestill n\u00e5.<\/p>\n<h2>Leiebil Fez (Fes): Guide<\/h2>\n<p>Noen ganger trenger selv erfarne reisende noen gode r\u00e5d. Dette er tipsene som gj\u00f8r at du kan betale mindre og f\u00e5 mest mulig for pengene p\u00e5 kortest mulig tid.<\/p>\n<h3>F\u00f8rste tips: Bruk filtre etter type<\/h3>\n<p>Ikke kast bort tid p\u00e5 \u00e5 lete etter kj\u00f8ret\u00f8y du ikke er interessert i. Bare velg \u00e9n:<\/p>\n<ul>\n<li>\u00d8konomi<\/li>\n<li>Standard<\/li>\n<li>Mini<\/li>\n<li>Kabriolet<\/li>\n<li>SUV eller Crossover<\/li>\n<li>Minivan eller varebil<\/li>\n<li>Annet<\/li>\n<\/ul>\n<h3>Tips to: Finn ekstrautstyr<\/h3>\n<p>Ikke ett, men et dusin ekstrautstyr du kan f\u00e5 fra billig leiebil i Fes:<\/p>\n<ul>\n<li>Ingen kredittkort: Alle andre kredittkort eller kontanter vil fungere.<\/li>\n<li>SIM-kort: Du trenger et for \u00e5 navigere gjennom de mange attraksjonene i Fez.<\/li>\n<li>Ekstra sj\u00e5f\u00f8r: Alle som oppfyller alderskravene for leiebilen.<\/li>\n<li>Barnesete: Det skal v\u00e6re trygt \u00e5 reise med barn.<\/li>\n<li>Gratis avbestilling: Bestillingskostnadene vil bli refundert hvis du avbestiller 48 timer i forveien.<\/li>\n<li>Ubegrenset kj\u00f8relengde: Endel\u00f8se mengder av utrolig arabisk skj\u00f8nnhet.<\/li>\n<li>Ingen depositum: Mindre stress involvert n\u00e5r det er ingen innskuddsblokkering p\u00e5 kredittkort.<\/li>\n<li>Garantert modell: Henting av samme kj\u00f8ret\u00f8y som du ba om.<\/li>\n<li>Girkasse: Hva foretrekker du, manuell eller automatgir?<\/li>\n<li>Ekstra forsikring: Super CDW eller Full dekning er de beste oppgraderingsalternativene.<\/li>\n<\/ul>\n<blockquote class=\"info\">\n<h2>Detaljer om Leiebil Fez<\/h2>\n<p>RosCar har en enkel bestillingsprosedyre som alle voksne (21 \u00e5r og eldre) kan h\u00e5ndtere:<\/p>\n<ol>\n<li>Spesifiser datoer og steder.<\/li>\n<li>G\u00e5 til filtre, klikk p\u00e5 de \u00f8nskede.<\/li>\n<li>Bla gjennom listen og Bestill n\u00e5 n\u00e5r du ser den beste.<\/li>\n<li>Velg type forsikring (Standard eller Oppgradering), samt tilleggsalternativer.<\/li>\n<li>Fyll ut de viktigste sj\u00e5f\u00f8rdetaljene.<\/li>\n<li>Bekreft.<\/li>\n<\/ol>\n<p>Leie av bil i Fes krever et bankkort for \u00e5 bli automatisk bekreftet. Betalingsbel\u00f8pet kan variere fra en femtedel til hele leiebel\u00f8pet.<\/p><\/blockquote>\n<h2>Leiebil Fes Pris<\/h2>\n<p>Athens of Africa er neppe et billig sted \u00e5 reise, men du kan alltid finne et kj\u00f8ret\u00f8y for ethvert budsjett:<\/p>\n<ul>\n<li>$ 20-30 for Mini eller Economy<\/li>\n<li>$ 30-40 for Standard<\/li>\n<li>$ 40-55 for Minivan, SUV eller Crossover<\/li>\n<li>$ 70+ for luksus eller kabriolet.<\/li>\n<\/ul>\n<p>V\u00e6r oppmerksom p\u00e5 at prisene ikke alltid er som de er. Den gjennomsnittlige dagsprisen kan variere betydelig avhengig av flere faktorer:<\/p>\n<ul>\n<li>Varighet p\u00e5 leieforholdet<\/li>\n<li>Hentemetode (Fez by eller flyplass)<\/li>\n<li>Antall ekstra alternativer<\/li>\n<li>Operat\u00f8rens arbeidsmengde.<\/li>\n<\/ul>\n<p>Slik sammenligner du prisen for leiebil i Fez:<\/p>\n<h3>Tabell med priser p\u00e5 bilutleie i Fes, Marokko<\/h3>\n<table border=\"1\">\n<thead>\n<tr>\n<th>Bilmodell<\/th>\n<th>Type karosseri<\/th>\n<th>Pris per dag (lavsesong)<\/th>\n<th>Pris per dag (h\u00f8ysesong)<\/th>\n<th>Passasjerer<\/th>\n<th>Bagasjekapasitet<\/th>\n<\/tr>\n<\/thead>\n<tbody>\n<tr>\n<td>Fiat Panda<\/td>\n<td>Halvkombi<\/td>\n<td>19 \u20ac<\/td>\n<td>26 \u20ac<\/td>\n<td>4<\/td>\n<td>1<\/td>\n<\/tr>\n<tr>\n<td>Hyundai i10<\/td>\n<td>Halvkombi<\/td>\n<td>21 \u20ac<\/td>\n<td>28 \u20ac<\/td>\n<td>4<\/td>\n<td>1<\/td>\n<\/tr>\n<tr>\n<td>Kia Picanto<\/td>\n<td>Halvkombi<\/td>\n<td>22 \u20ac<\/td>\n<td>30 \u20ac<\/td>\n<td>4<\/td>\n<td>1<\/td>\n<\/tr>\n<tr>\n<td>Peugeot 208<\/td>\n<td>Halvkombi<\/td>\n<td>24 \u20ac<\/td>\n<td>33 \u20ac<\/td>\n<td>5<\/td>\n<td>2<\/td>\n<\/tr>\n<tr>\n<td>Dacia Logan<\/td>\n<td>Sedan<\/td>\n<td>25 \u20ac<\/td>\n<td>34 \u20ac<\/td>\n<td>5<\/td>\n<td>2<\/td>\n<\/tr>\n<tr>\n<td>Renault Clio<\/td>\n<td>Halvkombi<\/td>\n<td>27 \u20ac<\/td>\n<td>36 \u20ac<\/td>\n<td>5<\/td>\n<td>2<\/td>\n<\/tr>\n<tr>\n<td>Citro\u00ebn C-Elys\u00e9e<\/td>\n<td>Sedan<\/td>\n<td>28 \u20ac<\/td>\n<td>38 \u20ac<\/td>\n<td>5<\/td>\n<td>3<\/td>\n<\/tr>\n<tr>\n<td>Renault Captur<\/td>\n<td>Crossover<\/td>\n<td>32 \u20ac<\/td>\n<td>43 \u20ac<\/td>\n<td>5<\/td>\n<td>3<\/td>\n<\/tr>\n<tr>\n<td>Dacia Duster<\/td>\n<td>SUV<\/td>\n<td>36 \u20ac<\/td>\n<td>47 \u20ac<\/td>\n<td>5<\/td>\n<td>3<\/td>\n<\/tr>\n<tr>\n<td>Peugeot 3008<\/td>\n<td>SUV<\/td>\n<td>52 \u20ac<\/td>\n<td>66 \u20ac<\/td>\n<td>5<\/td>\n<td>4<\/td>\n<\/tr>\n<\/tbody>\n<\/table>\n        <div class=\"rpc-chart\">\n            <h3>Hvordan prisene p\u00e5 leiebiler i Fez endres avhengig av sesong: analyse basert p\u00e5 reelle bestillinger<\/h3>\n            <div><p>I l\u00f8pet av de resterende tre \u00e5rene registrerte vi endringer i gjennomsnittsprisene for leiebiler fra Fez, vikoryst og faktiske bestillingsdata gjort gjennom plattformen roscar.ma. Vi samarbeider kun med verifiserte lokale utleiefirmaer, noe som garanterer innsikt og p\u00e5litelighet i utleieprisene.<\/p>\n<p>Analysene dekker hele spekteret av transportmidler: fra rimelige hatchbacker for lokal pendling til nyttekj\u00f8ret\u00f8y, cabrioleter og biler i premiumklassen. Denne tiln\u00e6rmingen gj\u00f8r det mulig \u00e5 identifisere karakteristiske sesongmessige prisfluktuasjoner og reagere umiddelbart p\u00e5 prisendringer.<\/p>\n<p>Sjekk ut informasjonen v\u00e5r for \u00e5 finne ut n\u00e5r det er best \u00e5 leie bil. RosCar er din p\u00e5litelige assistent n\u00e5r du skal planlegge en manuell og effektiv transport i Marokko.<\/p>\n<\/div>\n            <div class=\"rpc-chart-bars\">\n                                    <div class=\"rpc-chart-column\">\n                        <div class=\"rpc-chart-inner\" style=\"height: 25%\">\n                            <div class=\"rpc-chart-column-value\">12 \u20ac<\/div>\n                            <div class=\"rpc-chart-month\">JAN<\/div>\n                        <\/div>\n                    <\/div>\n                                    <div class=\"rpc-chart-column\">\n                        <div class=\"rpc-chart-inner\" style=\"height: 27.083333333333%\">\n                            <div class=\"rpc-chart-column-value\">13 \u20ac<\/div>\n                            <div class=\"rpc-chart-month\">FEB<\/div>\n                        <\/div>\n                    <\/div>\n                                    <div class=\"rpc-chart-column\">\n                        <div class=\"rpc-chart-inner\" style=\"height: 29.166666666667%\">\n                            <div class=\"rpc-chart-column-value\">14 \u20ac<\/div>\n                            <div class=\"rpc-chart-month\">MAR<\/div>\n                        <\/div>\n                    <\/div>\n                                    <div class=\"rpc-chart-column\">\n                        <div class=\"rpc-chart-inner\" style=\"height: 35.416666666667%\">\n                            <div class=\"rpc-chart-column-value\">17 \u20ac<\/div>\n                            <div class=\"rpc-chart-month\">APR<\/div>\n                        <\/div>\n                    <\/div>\n                                    <div class=\"rpc-chart-column\">\n                        <div class=\"rpc-chart-inner\" style=\"height: 37.5%\">\n                            <div class=\"rpc-chart-column-value\">18 \u20ac<\/div>\n                            <div class=\"rpc-chart-month\">MAY<\/div>\n                        <\/div>\n                    <\/div>\n                                    <div class=\"rpc-chart-column\">\n                        <div class=\"rpc-chart-inner\" style=\"height: 43.75%\">\n                            <div class=\"rpc-chart-column-value\">21 \u20ac<\/div>\n                            <div class=\"rpc-chart-month\">JUN<\/div>\n                        <\/div>\n                    <\/div>\n                                    <div class=\"rpc-chart-column\">\n                        <div class=\"rpc-chart-inner\" style=\"height: 52.083333333333%\">\n                            <div class=\"rpc-chart-column-value\">25 \u20ac<\/div>\n                            <div class=\"rpc-chart-month\">JUL<\/div>\n                        <\/div>\n                    <\/div>\n                                    <div class=\"rpc-chart-column\">\n                        <div class=\"rpc-chart-inner\" style=\"height: 58.333333333333%\">\n                            <div class=\"rpc-chart-column-value\">28 \u20ac<\/div>\n                            <div class=\"rpc-chart-month\">AUG<\/div>\n                        <\/div>\n                    <\/div>\n                                    <div class=\"rpc-chart-column\">\n                        <div class=\"rpc-chart-inner\" style=\"height: 39.583333333333%\">\n                            <div class=\"rpc-chart-column-value\">19 \u20ac<\/div>\n                            <div class=\"rpc-chart-month\">SEP<\/div>\n                        <\/div>\n                    <\/div>\n                                    <div class=\"rpc-chart-column\">\n                        <div class=\"rpc-chart-inner\" style=\"height: 35.416666666667%\">\n                            <div class=\"rpc-chart-column-value\">17 \u20ac<\/div>\n                            <div class=\"rpc-chart-month\">OCT<\/div>\n                        <\/div>\n                    <\/div>\n                                    <div class=\"rpc-chart-column\">\n                        <div class=\"rpc-chart-inner\" style=\"height: 27.083333333333%\">\n                            <div class=\"rpc-chart-column-value\">13 \u20ac<\/div>\n                            <div class=\"rpc-chart-month\">NOV<\/div>\n                        <\/div>\n                    <\/div>\n                                    <div class=\"rpc-chart-column\">\n                        <div class=\"rpc-chart-inner\" style=\"height: 39.583333333333%\">\n                            <div class=\"rpc-chart-column-value\">19 \u20ac<\/div>\n                            <div class=\"rpc-chart-month\">DEC<\/div>\n                        <\/div>\n                    <\/div>\n                            <\/div>\n        <\/div>\n        \n<h2>Leiebil Fez: Dokumenter<\/h2>\n<p>Hvert utleiefirma kan ha sine egne krav til alder (21-25) eller dokumenter. Du vil imidlertid alltid trenge:<\/p>\n<ol>\n<li>Pass<\/li>\n<li>Kredittkort (depositum eller sikkerhetssjekk)<\/li>\n<li>F\u00f8rerkort.<\/li>\n<\/ol>\n<p>Voucher (reservasjonsbekreftelse) er ikke obligatorisk, men sendes til din e-post etter bestilling p\u00e5 RosCar. Leiebil Fez er din inngangsport til \u00e5 utforske den rike kulturen og de skjulte perlene i byen &#8211; reserver din bil i dag for en smidig og fleksibel reiseopplevelse.<\/p>\n","protected":false},"excerpt":{"rendered":"<p>Leiebil Fez (Fes) fra RosCar Nesten alle land har en uoffisiell hovedstad, som er sentrum for det kulturelle livet i hele staten. \u00d8nsker du \u00e5 finne denne vakre byen i Marokko? Da m\u00e5 du leie en bil i Fes til: F\u00e5 den beste kj\u00f8reopplevelsen til en lav pris Velge det beste kj\u00f8ret\u00f8yet med ideelle tillegg [&hellip;]<\/p>\n","protected":false},"author":1,"featured_media":245,"parent":0,"menu_order":0,"comment_status":"closed","ping_status":"closed","template":"","meta":{"footnotes":""},"class_list":["post-2104","page","type-page","status-publish","has-post-thumbnail",""],"_links":{"self":[{"href":"https:\/\/roscar.ma\/no\/wp-json\/wp\/v2\/pages\/2104","targetHints":{"allow":["GET"]}}],"collection":[{"href":"https:\/\/roscar.ma\/no\/wp-json\/wp\/v2\/pages"}],"about":[{"href":"https:\/\/roscar.ma\/no\/wp-json\/wp\/v2\/types\/page"}],"author":[{"embeddable":true,"href":"https:\/\/roscar.ma\/no\/wp-json\/wp\/v2\/users\/1"}],"replies":[{"embeddable":true,"href":"https:\/\/roscar.ma\/no\/wp-json\/wp\/v2\/comments?post=2104"}],"version-history":[{"count":1,"href":"https:\/\/roscar.ma\/no\/wp-json\/wp\/v2\/pages\/2104\/revisions"}],"predecessor-version":[{"id":2105,"href":"https:\/\/roscar.ma\/no\/wp-json\/wp\/v2\/pages\/2104\/revisions\/2105"}],"wp:featuredmedia":[{"embeddable":true,"href":"https:\/\/roscar.ma\/no\/wp-json\/wp\/v2\/media\/245"}],"wp:attachment":[{"href":"https:\/\/roscar.ma\/no\/wp-json\/wp\/v2\/media?parent=2104"}],"curies":[{"name":"wp","href":"https:\/\/api.w.org\/{rel}","templated":true}]}}