{"id":2044,"date":"2025-07-17T11:07:41","date_gmt":"2025-07-17T11:07:41","guid":{"rendered":"https:\/\/roscar.ma\/?page_id=2044"},"modified":"2025-07-24T19:19:36","modified_gmt":"2025-07-24T19:19:36","slug":"leiebil-rabat","status":"publish","type":"page","link":"https:\/\/roscar.ma\/no\/leiebil-rabat\/","title":{"rendered":"Leiebil Rabat"},"content":{"rendered":"<h2>Leiebil Rabat fra RosCar<\/h2>\n<p>Marokko er et land med en fantastisk kombinasjon av \u00f8rkenskj\u00f8nnhet, havlandskap og storsl\u00e5tt arkitektur som du ikke finner noe annet sted. S\u00e5 n\u00e5r du planlegger en tur til Nord-Afrika, b\u00f8r du ta deg tid til \u00e5 fordype deg fullt ut i det muslimske paradiset. Men du m\u00e5 ogs\u00e5 leie en bil i Rabat for \u00e5 gj\u00f8re eventyret ditt mer praktisk med:<\/p>\n<ul>\n<li>Et stort utvalg av kj\u00f8ret\u00f8y (alle typer, priser og farger)<\/li>\n<li>Mange ekstrautstyr og funksjoner kan bli funnet<\/li>\n<li>Kort- og langtidsleie av bil<\/li>\n<li>24-timers reservasjoner med et brukervennlig grensesnitt.<\/li>\n<\/ul>\n<p>Hva er RosCar? Det er et nettsted med gode funksjoner for sammenligning av priser, sortering etter \u00f8nskede kriterier og rask bestilling. Bestill n\u00e5 og bekreft reservasjonen din med kort (opptil 20 % av bestillingsbel\u00f8pet kreves).<\/p>\n<h2>RosCars guide til leiebil i Rabat<\/h2>\n<p>Selv om dette landet ikke ligner p\u00e5 de europeiske eller amerikanske gatene vi er vant til, vil den kommende reiseopplevelsen v\u00e6re ganske lik. Det samme gjelder for leiebil i Rabat, med unntak av to finesser som vi raskt vil finne ut av.<\/p>\n<h3>1. Hva er din type?<\/h3>\n<p>Ikke bestill den f\u00f8rste bilen du finner. Det er bedre \u00e5 sortere listen gjennom s\u00f8kefiltrene etter tilgjengelige typer:<\/p>\n<ul>\n<li>Standard eller Kompakt<\/li>\n<li>SUV eller Crossover<\/li>\n<li>Varebil eller Minivan<\/li>\n<li>Mini eller \u00d8konomi (Den rette for billig leiebil i Rabat)<\/li>\n<li>Cabriolet eller Luksus.<\/li>\n<\/ul>\n<h3>2. Tilleggstjenester<\/h3>\n<p>Tilleggstjenester er en god m\u00e5te \u00e5 tilpasse kj\u00f8reopplevelsen til dine unike behov. Her er noen av dem du kan velge mellom:<\/p>\n<ul>\n<li>Girkasse: Vil du ha en avslappet kj\u00f8retur? Velg automatgir.<\/li>\n<li>SIM-kort: Smarttelefonen din trenger et SIM-kort for \u00e5 unng\u00e5 \u00e5 betale for h\u00f8ye roamingavgifter.<\/li>\n<li>Barnesete: Mindre\u00e5rige eller barn opp til 10 \u00e5r trenger et sikkerhetssystem.<\/li>\n<li>Ubegrenset kj\u00f8relengde: Med denne funksjonen er hele Marokko \u00e5pent for deg.<\/li>\n<li>Ingen kredittkort: Akkurat som den tradisjonelle metoden, men uten kredittkort.<\/li>\n<li>Garantert modell: Et must-ha-alternativ for de som har hatt en d\u00e5rlig opplevelse.<\/li>\n<li>Gratis avbestilling: M\u00e5 brukes i tide (minst 48 timer f\u00f8r startdato).<\/li>\n<li>Ekstra sj\u00e5f\u00f8r: La vennen din kj\u00f8re.<\/li>\n<li>Ingen depositum: Unng\u00e5 un\u00f8dvendige bankgebyrer ved \u00e5 ikke sperre depositum p\u00e5 kredittkort.<\/li>\n<li>Ekstra forsikring: En funksjon som alle trenger uten unntak. Oppgrader til Super CDW eller Full dekning og slapp av.<\/li>\n<\/ul>\n<blockquote class=\"check\">\n<h2>Rabat bilutleie: Guide<\/h2>\n<p>RosCar jobber for \u00e5 gi deg fantastiske reiseopplevelser fra henting til levering. Derfor er det s\u00e5 enkelt som det kan bli \u00e5 bestille hos oss: Skriv<\/p>\n<ol>\n<li>Oppgi detaljer: Henting, levering og datoer.<\/li>\n<li>G\u00e5 til filtre og velg noen du synes er attraktive, og f\u00e5 en liste.<\/li>\n<li>Bestill n\u00e5.<\/li>\n<li>Legg til info.<\/li>\n<li>Betal n\u00e5.<\/li>\n<\/ol>\n<p>Rabat bilutleie kan ikke bekreftes uten bankkort. Etter sikkerhetsbetalingen (maksimalt 20% av bel\u00f8pet), vil du bli bel\u00f8nnet med et bestillingsbekreftelsesbevis.<\/p><\/blockquote>\n<h2>Leiebil i Rabat Pris<\/h2>\n<p>Prisene i hovedstaden i Marokko vil ikke virke for dyrt for deg, men de er fortsatt h\u00f8yere enn det europeiske gjennomsnittet:<\/p>\n<ul>\n<li>\u00d8konomi for $ 20-30 \/ dag<\/li>\n<li>Standard for $ 35-50 \/ dag<\/li>\n<li>SUV for $ 50-70 \/ dag<\/li>\n<li>Luksus for $ 80 \/ dag.<\/li>\n<\/ul>\n<p>Leiebil i Rabat vil v\u00e6re billigere hvis du:<\/p>\n<ul>\n<li>Unng\u00e5r korttidsleie av bil<\/li>\n<li>Sett startdatoen til midten av uken<\/li>\n<li>Bestiller p\u00e5 forh\u00e5nd<\/li>\n<li>Velger riktig type kj\u00f8ret\u00f8y.<\/li>\n<\/ul>\n<p>Sammenlign prisen for \u00e5 finne den beste verdien:<\/p>\n<h3>Tabell med priser for bilutleie i Rabat, Marokko<\/h3>\n<table border=\"1\">\n<thead>\n<tr>\n<th>Bilmodell<\/th>\n<th>Type karosseri<\/th>\n<th>Pris per dag (lavsesong)<\/th>\n<th>Pris per dag (h\u00f8ysesong)<\/th>\n<th>Passasjerer<\/th>\n<th>Bagasjekapasitet<\/th>\n<\/tr>\n<\/thead>\n<tbody>\n<tr>\n<td>Hyundai i10<\/td>\n<td>Halvkombi<\/td>\n<td>21 \u20ac<\/td>\n<td>29 \u20ac<\/td>\n<td>4<\/td>\n<td>1<\/td>\n<\/tr>\n<tr>\n<td>Dacia Logan<\/td>\n<td>Sedan<\/td>\n<td>23 \u20ac<\/td>\n<td>32 \u20ac<\/td>\n<td>5<\/td>\n<td>2<\/td>\n<\/tr>\n<tr>\n<td>Peugeot 208<\/td>\n<td>Halvkombi<\/td>\n<td>24 \u20ac<\/td>\n<td>34 \u20ac<\/td>\n<td>5<\/td>\n<td>2<\/td>\n<\/tr>\n<tr>\n<td>Renault Clio<\/td>\n<td>Halvkombi<\/td>\n<td>26 \u20ac<\/td>\n<td>36 \u20ac<\/td>\n<td>5<\/td>\n<td>2<\/td>\n<\/tr>\n<tr>\n<td>Volkswagen Golf<\/td>\n<td>Halvkombi<\/td>\n<td>30 \u20ac<\/td>\n<td>42 \u20ac<\/td>\n<td>5<\/td>\n<td>3<\/td>\n<\/tr>\n<tr>\n<td>Citro\u00ebn C-Elys\u00e9e<\/td>\n<td>Sedan<\/td>\n<td>25 \u20ac<\/td>\n<td>35 \u20ac<\/td>\n<td>5<\/td>\n<td>3<\/td>\n<\/tr>\n<tr>\n<td>Renault Captur<\/td>\n<td>Crossover<\/td>\n<td>32 \u20ac<\/td>\n<td>44 \u20ac<\/td>\n<td>5<\/td>\n<td>3<\/td>\n<\/tr>\n<tr>\n<td>Dacia Duster<\/td>\n<td>SUV<\/td>\n<td>36 \u20ac<\/td>\n<td>48 \u20ac<\/td>\n<td>5<\/td>\n<td>3<\/td>\n<\/tr>\n<tr>\n<td>Hyundai Tucson<\/td>\n<td>SUV<\/td>\n<td>52 \u20ac<\/td>\n<td>66 \u20ac<\/td>\n<td>5<\/td>\n<td>4<\/td>\n<\/tr>\n<tr>\n<td>Peugeot 3008<\/td>\n<td>SUV<\/td>\n<td>55 \u20ac<\/td>\n<td>70 \u20ac<\/td>\n<td>5<\/td>\n<td>4<\/td>\n<\/tr>\n<\/tbody>\n<\/table>\n        <div class=\"rpc-chart\">\n            <h3>Sesongmessige svingninger i bilutleiepriser i Rabat: analyse basert p\u00e5 reelle bestillinger<\/h3>\n            <div><p>Tabellen nedenfor viser dynamikken i endringene i gjennomsnittlige bilutleiepriser i Rabat de siste tre \u00e5rene. Informasjonskilden er reelle bestillinger gjort via plattformen roscar.ma, en tjeneste som samler tilbud fra verifiserte lokale utleiefirmaer uten mellomledd.<\/p>\n<p>Analysen dekker et bredt spekter av kj\u00f8ret\u00f8y: fra kompakte bymodeller til komfortable SUV-er, kabrioleter og premiumbiler. Denne tiln\u00e6rmingen gir et objektivt bilde av hvordan prisene endres avhengig av sesong og turistaktivitet.<\/p>\n<p>Vi har mange \u00e5rs erfaring med \u00e5 jobbe med reisende og oppdaterer kontinuerlig dataene v\u00e5re basert p\u00e5 markedstrender. Dette gir brukerne praktisk og p\u00e5litelig informasjon som hjelper dem med \u00e5 planlegge budsjettet og velge det mest fordelaktige tidspunktet for \u00e5 leie bil i den marokkanske hovedstaden.<\/p>\n<\/div>\n            <div class=\"rpc-chart-bars\">\n                                    <div class=\"rpc-chart-column\">\n                        <div class=\"rpc-chart-inner\" style=\"height: 28.301886792453%\">\n                            <div class=\"rpc-chart-column-value\">15 \u20ac<\/div>\n                            <div class=\"rpc-chart-month\">JAN<\/div>\n                        <\/div>\n                    <\/div>\n                                    <div class=\"rpc-chart-column\">\n                        <div class=\"rpc-chart-inner\" style=\"height: 26.415094339623%\">\n                            <div class=\"rpc-chart-column-value\">14 \u20ac<\/div>\n                            <div class=\"rpc-chart-month\">FEB<\/div>\n                        <\/div>\n                    <\/div>\n                                    <div class=\"rpc-chart-column\">\n                        <div class=\"rpc-chart-inner\" style=\"height: 24.528301886792%\">\n                            <div class=\"rpc-chart-column-value\">13 \u20ac<\/div>\n                            <div class=\"rpc-chart-month\">MAR<\/div>\n                        <\/div>\n                    <\/div>\n                                    <div class=\"rpc-chart-column\">\n                        <div class=\"rpc-chart-inner\" style=\"height: 39.622641509434%\">\n                            <div class=\"rpc-chart-column-value\">21 \u20ac<\/div>\n                            <div class=\"rpc-chart-month\">APR<\/div>\n                        <\/div>\n                    <\/div>\n                                    <div class=\"rpc-chart-column\">\n                        <div class=\"rpc-chart-inner\" style=\"height: 32.075471698113%\">\n                            <div class=\"rpc-chart-column-value\">17 \u20ac<\/div>\n                            <div class=\"rpc-chart-month\">MAY<\/div>\n                        <\/div>\n                    <\/div>\n                                    <div class=\"rpc-chart-column\">\n                        <div class=\"rpc-chart-inner\" style=\"height: 32.075471698113%\">\n                            <div class=\"rpc-chart-column-value\">17 \u20ac<\/div>\n                            <div class=\"rpc-chart-month\">JUN<\/div>\n                        <\/div>\n                    <\/div>\n                                    <div class=\"rpc-chart-column\">\n                        <div class=\"rpc-chart-inner\" style=\"height: 49.056603773585%\">\n                            <div class=\"rpc-chart-column-value\">26 \u20ac<\/div>\n                            <div class=\"rpc-chart-month\">JUL<\/div>\n                        <\/div>\n                    <\/div>\n                                    <div class=\"rpc-chart-column\">\n                        <div class=\"rpc-chart-inner\" style=\"height: 62.264150943396%\">\n                            <div class=\"rpc-chart-column-value\">33 \u20ac<\/div>\n                            <div class=\"rpc-chart-month\">AUG<\/div>\n                        <\/div>\n                    <\/div>\n                                    <div class=\"rpc-chart-column\">\n                        <div class=\"rpc-chart-inner\" style=\"height: 47.169811320755%\">\n                            <div class=\"rpc-chart-column-value\">25 \u20ac<\/div>\n                            <div class=\"rpc-chart-month\">SEP<\/div>\n                        <\/div>\n                    <\/div>\n                                    <div class=\"rpc-chart-column\">\n                        <div class=\"rpc-chart-inner\" style=\"height: 37.735849056604%\">\n                            <div class=\"rpc-chart-column-value\">20 \u20ac<\/div>\n                            <div class=\"rpc-chart-month\">OCT<\/div>\n                        <\/div>\n                    <\/div>\n                                    <div class=\"rpc-chart-column\">\n                        <div class=\"rpc-chart-inner\" style=\"height: 45.283018867925%\">\n                            <div class=\"rpc-chart-column-value\">24 \u20ac<\/div>\n                            <div class=\"rpc-chart-month\">NOV<\/div>\n                        <\/div>\n                    <\/div>\n                                    <div class=\"rpc-chart-column\">\n                        <div class=\"rpc-chart-inner\" style=\"height: 37.735849056604%\">\n                            <div class=\"rpc-chart-column-value\">20 \u20ac<\/div>\n                            <div class=\"rpc-chart-month\">DEC<\/div>\n                        <\/div>\n                    <\/div>\n                            <\/div>\n        <\/div>\n        \n<h2>Leie av bil i Rabat: Dokumenter<\/h2>\n<p>For \u00e5 signere avtalen og hente bilen din, trenger du flere dokumenter (med engelsk navn og 100 % gyldige):<\/p>\n<ol>\n<li>F\u00f8rerkort<\/li>\n<li>Pass<\/li>\n<li>Kredittkort (valgfritt).<\/li>\n<\/ol>\n<p>Bilutleie Rabat er det ideelle valget for en komfortabel og bekymringsl\u00f8s tur i Marokko.<\/p>\n","protected":false},"excerpt":{"rendered":"<p>Leiebil Rabat fra RosCar Marokko er et land med en fantastisk kombinasjon av \u00f8rkenskj\u00f8nnhet, havlandskap og storsl\u00e5tt arkitektur som du ikke finner noe annet sted. S\u00e5 n\u00e5r du planlegger en tur til Nord-Afrika, b\u00f8r du ta deg tid til \u00e5 fordype deg fullt ut i det muslimske paradiset. Men du m\u00e5 ogs\u00e5 leie en bil [&hellip;]<\/p>\n","protected":false},"author":1,"featured_media":216,"parent":0,"menu_order":0,"comment_status":"closed","ping_status":"closed","template":"","meta":{"footnotes":""},"class_list":["post-2044","page","type-page","status-publish","has-post-thumbnail",""],"_links":{"self":[{"href":"https:\/\/roscar.ma\/no\/wp-json\/wp\/v2\/pages\/2044","targetHints":{"allow":["GET"]}}],"collection":[{"href":"https:\/\/roscar.ma\/no\/wp-json\/wp\/v2\/pages"}],"about":[{"href":"https:\/\/roscar.ma\/no\/wp-json\/wp\/v2\/types\/page"}],"author":[{"embeddable":true,"href":"https:\/\/roscar.ma\/no\/wp-json\/wp\/v2\/users\/1"}],"replies":[{"embeddable":true,"href":"https:\/\/roscar.ma\/no\/wp-json\/wp\/v2\/comments?post=2044"}],"version-history":[{"count":0,"href":"https:\/\/roscar.ma\/no\/wp-json\/wp\/v2\/pages\/2044\/revisions"}],"wp:featuredmedia":[{"embeddable":true,"href":"https:\/\/roscar.ma\/no\/wp-json\/wp\/v2\/media\/216"}],"wp:attachment":[{"href":"https:\/\/roscar.ma\/no\/wp-json\/wp\/v2\/media?parent=2044"}],"curies":[{"name":"wp","href":"https:\/\/api.w.org\/{rel}","templated":true}]}}