{"id":1733,"date":"2025-07-23T08:46:35","date_gmt":"2025-07-23T08:46:35","guid":{"rendered":"https:\/\/roscar.ma\/?page_id=1733"},"modified":"2025-07-24T06:47:30","modified_gmt":"2025-07-24T06:47:30","slug":"leiebil-marokko-uten-depositum","status":"publish","type":"page","link":"https:\/\/roscar.ma\/no\/leiebil-marokko-uten-depositum\/","title":{"rendered":"Leiebil Marokko Uten Depositum"},"content":{"rendered":"<h2>Leiebil Marokko Uten Depositum fra RosCar<\/h2>\n<p>I motsetning til tradisjonell leiebil, tilbyr leiebil i Marokko uten depositum en imponerende liste med fordeler som ikke b\u00f8r overses:<\/p>\n<ul>\n<li>Ingen risiko for fremtidige konflikter (Noen selskaper pr\u00f8ver \u00e5 trekke penger for sm\u00e5 riper, drivstoff eller andre detaljer)<\/li>\n<li>Langt enklere (og raskere) henting og levering<\/li>\n<li>Krever mindre penger<\/li>\n<li>Ingen blokkering av depositum p\u00e5 kredittkort<\/li>\n<li>Stressfri opplevelse<\/li>\n<\/ul>\n<p>Dette er bare \u00e9n av mange funksjoner du finner i RosCars filtre. Pr\u00f8v det og finn ditt ideelle kj\u00f8ret\u00f8y p\u00e5 f\u00e5 minutter. Bestill n\u00e5.<\/p>\n<blockquote class=\"check\">\n<h2>Hvordan leie bil i Marokko uten depositum?<\/h2>\n<p>Alle sj\u00e5f\u00f8rer mellom 21 og 25 \u00e5r med n\u00f8dvendige dokumenter (pass og f\u00f8rerkort) kan leie bil i Marokko uten depositum slik:<\/p>\n<ol>\n<li>Klikk p\u00e5 filteret &laquo;<strong>Uten depositum<\/strong>&raquo; for \u00e5 f\u00e5 en liste.<\/li>\n<li>Bla gjennom tilbudene, finn det beste, og klikk p\u00e5 Bestill n\u00e5.<\/li>\n<li>Sjekk kravene og velg forsikringstype.<\/li>\n<li>Velg tilleggstjenester og klikk &laquo;Fortsett&raquo;.<\/li>\n<li>Legg inn f\u00f8rerinformasjon.<\/li>\n<li>Bekreft bestillingen.<\/li>\n<\/ol>\n<p>Leie uten depositum, eller annen type bestilling, m\u00e5 bekreftes med bankkort. Maksimalt 20 % trekkes som forskuddsbetaling.<\/p><\/blockquote>\n<h3>Tabell med leiebilpriser i Marokko uten depositum<\/h3>\n<table>\n<thead>\n<tr>\n<th>Bilmodell<\/th>\n<th>Karosseritype<\/th>\n<th>Pris per dag (lavsesong)<\/th>\n<th>Pris per dag (h\u00f8ysesong)<\/th>\n<th>Passasjerer<\/th>\n<th>Bagasjeplass<\/th>\n<\/tr>\n<\/thead>\n<tbody>\n<tr>\n<td>Chevrolet Spark<\/td>\n<td>Hatchback<\/td>\n<td>19 \u20ac<\/td>\n<td>26 \u20ac<\/td>\n<td>4<\/td>\n<td>1<\/td>\n<\/tr>\n<tr>\n<td>Hyundai Grand i10<\/td>\n<td>Hatchback<\/td>\n<td>21 \u20ac<\/td>\n<td>28 \u20ac<\/td>\n<td>4<\/td>\n<td>1<\/td>\n<\/tr>\n<tr>\n<td>Skoda Fabia<\/td>\n<td>Hatchback<\/td>\n<td>23 \u20ac<\/td>\n<td>31 \u20ac<\/td>\n<td>5<\/td>\n<td>2<\/td>\n<\/tr>\n<tr>\n<td>Peugeot 2008<\/td>\n<td>Crossover<\/td>\n<td>26 \u20ac<\/td>\n<td>35 \u20ac<\/td>\n<td>5<\/td>\n<td>2<\/td>\n<\/tr>\n<tr>\n<td>Volkswagen Golf<\/td>\n<td>Hatchback<\/td>\n<td>27 \u20ac<\/td>\n<td>36 \u20ac<\/td>\n<td>5<\/td>\n<td>2<\/td>\n<\/tr>\n<tr>\n<td>Toyota Yaris Sedan<\/td>\n<td>Sedan<\/td>\n<td>28 \u20ac<\/td>\n<td>37 \u20ac<\/td>\n<td>5<\/td>\n<td>3<\/td>\n<\/tr>\n<tr>\n<td>Nissan Sunny<\/td>\n<td>Sedan<\/td>\n<td>29 \u20ac<\/td>\n<td>38 \u20ac<\/td>\n<td>5<\/td>\n<td>3<\/td>\n<\/tr>\n<tr>\n<td>Renault Arkana<\/td>\n<td>Crossover<\/td>\n<td>35 \u20ac<\/td>\n<td>45 \u20ac<\/td>\n<td>5<\/td>\n<td>3<\/td>\n<\/tr>\n<tr>\n<td>MG ZS<\/td>\n<td>SUV<\/td>\n<td>39 \u20ac<\/td>\n<td>49 \u20ac<\/td>\n<td>5<\/td>\n<td>3<\/td>\n<\/tr>\n<tr>\n<td>Volkswagen Tiguan<\/td>\n<td>SUV<\/td>\n<td>55 \u20ac<\/td>\n<td>69 \u20ac<\/td>\n<td>5<\/td>\n<td>4<\/td>\n<\/tr>\n<\/tbody>\n<\/table>\n","protected":false},"excerpt":{"rendered":"<p>Leiebil Marokko Uten Depositum fra RosCar I motsetning til tradisjonell leiebil, tilbyr leiebil i Marokko uten depositum en imponerende liste med fordeler som ikke b\u00f8r overses: Ingen risiko for fremtidige konflikter (Noen selskaper pr\u00f8ver \u00e5 trekke penger for sm\u00e5 riper, drivstoff eller andre detaljer) Langt enklere (og raskere) henting og levering Krever mindre penger Ingen [&hellip;]<\/p>\n","protected":false},"author":1,"featured_media":1282,"parent":0,"menu_order":0,"comment_status":"closed","ping_status":"closed","template":"","meta":{"footnotes":""},"class_list":["post-1733","page","type-page","status-publish","has-post-thumbnail",""],"_links":{"self":[{"href":"https:\/\/roscar.ma\/no\/wp-json\/wp\/v2\/pages\/1733","targetHints":{"allow":["GET"]}}],"collection":[{"href":"https:\/\/roscar.ma\/no\/wp-json\/wp\/v2\/pages"}],"about":[{"href":"https:\/\/roscar.ma\/no\/wp-json\/wp\/v2\/types\/page"}],"author":[{"embeddable":true,"href":"https:\/\/roscar.ma\/no\/wp-json\/wp\/v2\/users\/1"}],"replies":[{"embeddable":true,"href":"https:\/\/roscar.ma\/no\/wp-json\/wp\/v2\/comments?post=1733"}],"version-history":[{"count":2,"href":"https:\/\/roscar.ma\/no\/wp-json\/wp\/v2\/pages\/1733\/revisions"}],"predecessor-version":[{"id":1740,"href":"https:\/\/roscar.ma\/no\/wp-json\/wp\/v2\/pages\/1733\/revisions\/1740"}],"wp:featuredmedia":[{"embeddable":true,"href":"https:\/\/roscar.ma\/no\/wp-json\/wp\/v2\/media\/1282"}],"wp:attachment":[{"href":"https:\/\/roscar.ma\/no\/wp-json\/wp\/v2\/media?parent=1733"}],"curies":[{"name":"wp","href":"https:\/\/api.w.org\/{rel}","templated":true}]}}