{"id":1674,"date":"2025-07-17T11:01:21","date_gmt":"2025-07-17T11:01:21","guid":{"rendered":"https:\/\/roscar.ma\/?page_id=1674"},"modified":"2025-07-24T05:34:24","modified_gmt":"2025-07-24T05:34:24","slug":"leiebil-marrakech","status":"publish","type":"page","link":"https:\/\/roscar.ma\/no\/leiebil-marrakech\/","title":{"rendered":"Leiebil Marrakech"},"content":{"rendered":"<h2>Leiebil Marrakech fra RosCar<\/h2>\n<p>Landene i Nord-Afrika har en fantastisk evne til \u00e5 fortrylle turister fra hele verden med sine skikker og fargerike landskap. Kanskje er det kulturen, det unike lokale kj\u00f8kkenet eller skj\u00f8nnheten i hverdagen. Men vi vet med sikkerhet at du trenger \u00e5 leie en bil i Marrakech for \u00e5 komme n\u00e6rmere en full fordypning i Marokko. Hvorfor b\u00f8r du bestille et kj\u00f8ret\u00f8y gjennom RosCar? Det er fire svar:<\/p>\n<ul>\n<li>Langsiktig eller kortsiktig leiebil<\/li>\n<li>Hver avtale er den beste verdien du kan finne<\/li>\n<li>Det er den eneste m\u00e5ten \u00e5 reise komfortabelt p\u00e5<\/li>\n<li>Billige priser og mange alternativer \u00e5 velge mellom.<\/li>\n<\/ul>\n<p>Vil du skaffe deg en selv? Da kan du bestille n\u00e5, og du vil motta en klar reservasjon i l\u00f8pet av f\u00e5 minutter.<\/p>\n<h2>Leiebil Marrakech: Guide<\/h2>\n<p>Du tror kanskje feilaktig at leiebil i Marrakech er en helt annen type tjeneste som har en unik prosedyre som krever viss kunnskap. Du trenger imidlertid bare to minutter p\u00e5 \u00e5 forberede deg.<\/p>\n<h3>F\u00f8rste minutt: Velg type kj\u00f8ret\u00f8y<\/h3>\n<p>Blant mange typer trenger du bare en som vil l\u00f8se alle problemene i det kommende eventyret:<\/p>\n<ul>\n<li>Standard bil<\/li>\n<li>Kabriolet<\/li>\n<li>Luksusbil<\/li>\n<li>SUV eller Crossover<\/li>\n<li>Mini\/Economy (Billig leiebil i Marrakesh)<\/li>\n<li>Minivan eller Van<\/li>\n<\/ul>\n<h3>Andre minutt: Velg tilleggstjenester<\/h3>\n<p>Mange alternativer er her \u00e5 velge mellom, men du trenger bare ett (eller flere):<\/p>\n<ul>\n<li>Ubegrenset kj\u00f8relengde: Selv de mest avsidesliggende byene i Marokko kan utforskes.<\/li>\n<li>Ingen depositum: Budsjettet ditt er friere n\u00e5r det gjelder blokkeringer uten depositum p\u00e5 kredittkort.<\/li>\n<li>Garantert modell: Har du bestilt en Volkswagen Passat? F\u00e5 Passat!<\/li>\n<li>Girkasse: Ikke manuell, men automatgir anbefales i alle situasjoner.<\/li>\n<li>Ekstra forsikring: Dette er en type oppgradering du ikke vil angre p\u00e5. Pr\u00f8v full dekning\/Super CDW hvis tilgjengelig.<\/li>\n<li>Ikke noe kredittkort: Bruk kontanter eller et annet bankkort.<\/li>\n<li>SIM-kort: En stabil forbindelse til en billig pris er hovedprioriteten p\u00e5 reiser i 2025.<\/li>\n<li>Ekstra sj\u00e5f\u00f8r: Forh\u00e5pentligvis har vennen din f\u00f8rerkort.<\/li>\n<li>Barnesete: Hver person under 10 \u00e5r m\u00e5 ha ett.<\/li>\n<li>Gratis avbestilling: Det forh\u00e5ndsbetalte bel\u00f8pet returneres til kontoen din. Fungerer bare 48 timer f\u00f8r datoen<\/li>\n<\/ul>\n<blockquote class=\"info\">\n<h2>Detaljert informasjon om leiebil i Marrakech<\/h2>\n<p>Har du allerede bestemt deg for type kj\u00f8ret\u00f8y og tilleggstjenester? N\u00e5 kan du bestille leiebil i Marrakech:<\/p>\n<ol>\n<li>Angi dato og sted p\u00e5 hovedsiden.<\/li>\n<li>Klikk p\u00e5 Filtre, velg de \u00f8nskede.<\/li>\n<li>F\u00e5 opp listen og finn den beste. Bestill n\u00e5.<\/li>\n<li>popup-skjemaet m\u00e5 fylles ut.<\/li>\n<li>Betal n\u00e5.<\/li>\n<\/ol>\n<p>Hver RosCar-reservasjon kan bare bekreftes ved forskuddsbetaling. Som regel er dette bare en liten del av bel\u00f8pet og gj\u00f8res enkelt med et hvilket som helst kort.<\/p><\/blockquote>\n<h2>Leiebil Marrakesh Pris<\/h2>\n<p>De gjennomsnittlige prisene du kan finne p\u00e5 nettet er:<\/p>\n<ul>\n<li>$ 15-25 \/ dag for \u00f8konomi eller Mini<\/li>\n<li>$ 30-40 \/ dag for Standard<\/li>\n<li>$ 40-60 \/ dag for SUV, Crossover, Minivan eller 4&#215;4<\/li>\n<li>$80+\/dag for kabriolet eller luksus<\/li>\n<\/ul>\n<p>Leiebil i Marrakech vil v\u00e6re billigere hvis du:<\/p>\n<ul>\n<li>Klarte \u00e5 gj\u00f8re en tidlig reservasjon<\/li>\n<li>Overv\u00e5ker RosCar-tilbud<\/li>\n<li>Bestiller midt i uken<\/li>\n<li>Foretrekker langtidsleie av bil<\/li>\n<li>Velg riktig type for dine behov og budsjett.<\/li>\n<\/ul>\n<p>Slik kan du sammenligne priser:<\/p>\n<h3>Tabell med priser for bilutleie i Marrakech, Marokko<\/h3>\n<table border=\"1\">\n<thead>\n<tr>\n<th>Bilmodell<\/th>\n<th>Type karosseri<\/th>\n<th>Pris per dag (lavsesong)<\/th>\n<th>Pris per dag (h\u00f8ysesong)<\/th>\n<th>Passasjerer<\/th>\n<th>Bagasjekapasitet<\/th>\n<\/tr>\n<\/thead>\n<tbody>\n<tr>\n<td>Fiat Panda<\/td>\n<td>Halvkombi<\/td>\n<td>20 \u20ac<\/td>\n<td>28 \u20ac<\/td>\n<td>4<\/td>\n<td>1<\/td>\n<\/tr>\n<tr>\n<td>Kia Picanto<\/td>\n<td>Halvkombi<\/td>\n<td>22 \u20ac<\/td>\n<td>30 \u20ac<\/td>\n<td>4<\/td>\n<td>1<\/td>\n<\/tr>\n<tr>\n<td>Dacia Logan<\/td>\n<td>Sedan<\/td>\n<td>24 \u20ac<\/td>\n<td>34 \u20ac<\/td>\n<td>5<\/td>\n<td>2<\/td>\n<\/tr>\n<tr>\n<td>Peugeot 208<\/td>\n<td>Halvkombi<\/td>\n<td>26 \u20ac<\/td>\n<td>36 \u20ac<\/td>\n<td>5<\/td>\n<td>2<\/td>\n<\/tr>\n<tr>\n<td>Renault Clio<\/td>\n<td>Halvkombi<\/td>\n<td>27 \u20ac<\/td>\n<td>38 \u20ac<\/td>\n<td>5<\/td>\n<td>2<\/td>\n<\/tr>\n<tr>\n<td>Citro\u00ebn C-Elys\u00e9e<\/td>\n<td>Sedan<\/td>\n<td>28 \u20ac<\/td>\n<td>39 \u20ac<\/td>\n<td>5<\/td>\n<td>3<\/td>\n<\/tr>\n<tr>\n<td>Dacia Duster<\/td>\n<td>SUV<\/td>\n<td>37 \u20ac<\/td>\n<td>49 \u20ac<\/td>\n<td>5<\/td>\n<td>3<\/td>\n<\/tr>\n<tr>\n<td>Hyundai Kona<\/td>\n<td>Crossover<\/td>\n<td>40 \u20ac<\/td>\n<td>52 \u20ac<\/td>\n<td>5<\/td>\n<td>3<\/td>\n<\/tr>\n<tr>\n<td>Renault Kadjar<\/td>\n<td>SUV<\/td>\n<td>50 \u20ac<\/td>\n<td>65 \u20ac<\/td>\n<td>5<\/td>\n<td>4<\/td>\n<\/tr>\n<tr>\n<td>Peugeot 3008<\/td>\n<td>SUV<\/td>\n<td>55 \u20ac<\/td>\n<td>70 \u20ac<\/td>\n<td>5<\/td>\n<td>4<\/td>\n<\/tr>\n<\/tbody>\n<\/table>\n        <div class=\"rpc-chart\">\n            <h3>Sesongmessige prisendringer for leiebil i Marrakech: p\u00e5litelige analyser basert p\u00e5 faktiske bestillinger<\/h3>\n            <div><p>Nedenfor er analytiske data om endringen i gjennomsnittskostnaden for leiebil i Marrakech over de resterende tre \u00e5rene. All informasjon er basert p\u00e5 reelle transaksjoner gjort gjennom roscar.ma-plattformen.<\/p>\n<p>Unders\u00f8kelsen dekker alle hovedkategorier av biler - fra \u00f8konomiske modeller til SUV-er, kabrioleter og premiumklasse. En s\u00e5 bred dekning gj\u00f8r det mulig \u00e5 danne seg et komplett bilde av endringer i velstand i l\u00f8pet av turistsesonger og drikkevaner.<\/p>\n<p>Det er klart at vi anbefaler \u00e5 bestille bil i god tid n\u00e5r prisene og kostnadene er p\u00e5 sitt beste. P\u00e5litelig informasjon fra RosCar Marokko er din guide for komfortabel og trygg transport i Marrakech.<\/p>\n<\/div>\n            <div class=\"rpc-chart-bars\">\n                                    <div class=\"rpc-chart-column\">\n                        <div class=\"rpc-chart-inner\" style=\"height: 30.769230769231%\">\n                            <div class=\"rpc-chart-column-value\">16 \u20ac<\/div>\n                            <div class=\"rpc-chart-month\">JAN<\/div>\n                        <\/div>\n                    <\/div>\n                                    <div class=\"rpc-chart-column\">\n                        <div class=\"rpc-chart-inner\" style=\"height: 28.846153846154%\">\n                            <div class=\"rpc-chart-column-value\">15 \u20ac<\/div>\n                            <div class=\"rpc-chart-month\">FEB<\/div>\n                        <\/div>\n                    <\/div>\n                                    <div class=\"rpc-chart-column\">\n                        <div class=\"rpc-chart-inner\" style=\"height: 26.923076923077%\">\n                            <div class=\"rpc-chart-column-value\">14 \u20ac<\/div>\n                            <div class=\"rpc-chart-month\">MAR<\/div>\n                        <\/div>\n                    <\/div>\n                                    <div class=\"rpc-chart-column\">\n                        <div class=\"rpc-chart-inner\" style=\"height: 42.307692307692%\">\n                            <div class=\"rpc-chart-column-value\">22 \u20ac<\/div>\n                            <div class=\"rpc-chart-month\">APR<\/div>\n                        <\/div>\n                    <\/div>\n                                    <div class=\"rpc-chart-column\">\n                        <div class=\"rpc-chart-inner\" style=\"height: 32.692307692308%\">\n                            <div class=\"rpc-chart-column-value\">17 \u20ac<\/div>\n                            <div class=\"rpc-chart-month\">MAY<\/div>\n                        <\/div>\n                    <\/div>\n                                    <div class=\"rpc-chart-column\">\n                        <div class=\"rpc-chart-inner\" style=\"height: 30.769230769231%\">\n                            <div class=\"rpc-chart-column-value\">16 \u20ac<\/div>\n                            <div class=\"rpc-chart-month\">JUN<\/div>\n                        <\/div>\n                    <\/div>\n                                    <div class=\"rpc-chart-column\">\n                        <div class=\"rpc-chart-inner\" style=\"height: 50%\">\n                            <div class=\"rpc-chart-column-value\">26 \u20ac<\/div>\n                            <div class=\"rpc-chart-month\">JUL<\/div>\n                        <\/div>\n                    <\/div>\n                                    <div class=\"rpc-chart-column\">\n                        <div class=\"rpc-chart-inner\" style=\"height: 61.538461538462%\">\n                            <div class=\"rpc-chart-column-value\">32 \u20ac<\/div>\n                            <div class=\"rpc-chart-month\">AUG<\/div>\n                        <\/div>\n                    <\/div>\n                                    <div class=\"rpc-chart-column\">\n                        <div class=\"rpc-chart-inner\" style=\"height: 42.307692307692%\">\n                            <div class=\"rpc-chart-column-value\">22 \u20ac<\/div>\n                            <div class=\"rpc-chart-month\">SEP<\/div>\n                        <\/div>\n                    <\/div>\n                                    <div class=\"rpc-chart-column\">\n                        <div class=\"rpc-chart-inner\" style=\"height: 36.538461538462%\">\n                            <div class=\"rpc-chart-column-value\">19 \u20ac<\/div>\n                            <div class=\"rpc-chart-month\">OCT<\/div>\n                        <\/div>\n                    <\/div>\n                                    <div class=\"rpc-chart-column\">\n                        <div class=\"rpc-chart-inner\" style=\"height: 32.692307692308%\">\n                            <div class=\"rpc-chart-column-value\">17 \u20ac<\/div>\n                            <div class=\"rpc-chart-month\">NOV<\/div>\n                        <\/div>\n                    <\/div>\n                                    <div class=\"rpc-chart-column\">\n                        <div class=\"rpc-chart-inner\" style=\"height: 44.230769230769%\">\n                            <div class=\"rpc-chart-column-value\">23 \u20ac<\/div>\n                            <div class=\"rpc-chart-month\">DEC<\/div>\n                        <\/div>\n                    <\/div>\n                            <\/div>\n        <\/div>\n        \n<h2>Leiebil Marrakech: Dokumenter<\/h2>\n<p>N\u00e5r du skal hente bilen din, kan du bli bedt om f\u00f8lgende dokumenter:<\/p>\n<ol>\n<li>Pass<\/li>\n<li>F\u00f8rerkort<\/li>\n<li>Bookingbekreftelse eller Voucher (RosCar vil sende deg en)<\/li>\n<li>Kredittkort.<\/li>\n<\/ol>\n<p>Har du ikke et kredittkort? Bruk filtrene for \u00e5 finne det leiealternativet du trenger. Leiebil Marrakech er en uunnv\u00e6rlig tjeneste som lar deg se ikke bare Marrakech, men ogs\u00e5 hele Marokko.<\/p>\n","protected":false},"excerpt":{"rendered":"<p>Leiebil Marrakech fra RosCar Landene i Nord-Afrika har en fantastisk evne til \u00e5 fortrylle turister fra hele verden med sine skikker og fargerike landskap. Kanskje er det kulturen, det unike lokale kj\u00f8kkenet eller skj\u00f8nnheten i hverdagen. Men vi vet med sikkerhet at du trenger \u00e5 leie en bil i Marrakech for \u00e5 komme n\u00e6rmere en [&hellip;]<\/p>\n","protected":false},"author":1,"featured_media":185,"parent":0,"menu_order":0,"comment_status":"closed","ping_status":"closed","template":"","meta":{"footnotes":""},"class_list":["post-1674","page","type-page","status-publish","has-post-thumbnail",""],"_links":{"self":[{"href":"https:\/\/roscar.ma\/no\/wp-json\/wp\/v2\/pages\/1674","targetHints":{"allow":["GET"]}}],"collection":[{"href":"https:\/\/roscar.ma\/no\/wp-json\/wp\/v2\/pages"}],"about":[{"href":"https:\/\/roscar.ma\/no\/wp-json\/wp\/v2\/types\/page"}],"author":[{"embeddable":true,"href":"https:\/\/roscar.ma\/no\/wp-json\/wp\/v2\/users\/1"}],"replies":[{"embeddable":true,"href":"https:\/\/roscar.ma\/no\/wp-json\/wp\/v2\/comments?post=1674"}],"version-history":[{"count":2,"href":"https:\/\/roscar.ma\/no\/wp-json\/wp\/v2\/pages\/1674\/revisions"}],"predecessor-version":[{"id":1676,"href":"https:\/\/roscar.ma\/no\/wp-json\/wp\/v2\/pages\/1674\/revisions\/1676"}],"wp:featuredmedia":[{"embeddable":true,"href":"https:\/\/roscar.ma\/no\/wp-json\/wp\/v2\/media\/185"}],"wp:attachment":[{"href":"https:\/\/roscar.ma\/no\/wp-json\/wp\/v2\/media?parent=1674"}],"curies":[{"name":"wp","href":"https:\/\/api.w.org\/{rel}","templated":true}]}}