{"id":1550,"date":"2025-07-17T10:09:50","date_gmt":"2025-07-17T10:09:50","guid":{"rendered":"https:\/\/roscar.ma\/?page_id=1550"},"modified":"2025-07-23T18:28:36","modified_gmt":"2025-07-23T18:28:36","slug":"om-oss","status":"publish","type":"page","link":"https:\/\/roscar.ma\/no\/om-oss\/","title":{"rendered":"Om oss"},"content":{"rendered":"<p>RosCar Morocco er en moderne bilutleietjeneste i Marokko som har v\u00e6rt i drift siden 2022. Vi er ikke et bilutleiefirma, men snarere en praktisk online-aggregator som samler de beste tilbudene fra lokale partnere over hele landet.<\/p>\n<p>P\u00e5 v\u00e5r nettside roscar.ma finner du mer enn 200 p\u00e5litelige biler i ulike klasser \u2013 fra kompakte bybiler til komfortable SUV-er. Vi gj\u00f8r bestillingsprosessen s\u00e5 enkel og rimelig som mulig: du kan leie en bil uten depositum og uten kredittkort.<\/p>\n<p>V\u00e5rt m\u00e5l er \u00e5 gi reisende en fleksibel og kostnadseffektiv m\u00e5te \u00e5 komme seg rundt i Marokko p\u00e5, ved \u00e5 stole p\u00e5 erfaringen og p\u00e5liteligheten til lokale selskaper. Velg RosCar Morocco og dra p\u00e5 en komfortabel reise!<\/p>\n","protected":false},"excerpt":{"rendered":"<p>RosCar Morocco er en moderne bilutleietjeneste i Marokko som har v\u00e6rt i drift siden 2022. Vi er ikke et bilutleiefirma, men snarere en praktisk online-aggregator som samler de beste tilbudene fra lokale partnere over hele landet. P\u00e5 v\u00e5r nettside roscar.ma finner du mer enn 200 p\u00e5litelige biler i ulike klasser \u2013 fra kompakte bybiler til [&hellip;]<\/p>\n","protected":false},"author":2,"featured_media":0,"parent":0,"menu_order":0,"comment_status":"closed","ping_status":"closed","template":"","meta":{"footnotes":""},"class_list":["post-1550","page","type-page","status-publish",""],"_links":{"self":[{"href":"https:\/\/roscar.ma\/no\/wp-json\/wp\/v2\/pages\/1550","targetHints":{"allow":["GET"]}}],"collection":[{"href":"https:\/\/roscar.ma\/no\/wp-json\/wp\/v2\/pages"}],"about":[{"href":"https:\/\/roscar.ma\/no\/wp-json\/wp\/v2\/types\/page"}],"author":[{"embeddable":true,"href":"https:\/\/roscar.ma\/no\/wp-json\/wp\/v2\/users\/2"}],"replies":[{"embeddable":true,"href":"https:\/\/roscar.ma\/no\/wp-json\/wp\/v2\/comments?post=1550"}],"version-history":[{"count":0,"href":"https:\/\/roscar.ma\/no\/wp-json\/wp\/v2\/pages\/1550\/revisions"}],"wp:attachment":[{"href":"https:\/\/roscar.ma\/no\/wp-json\/wp\/v2\/media?parent=1550"}],"curies":[{"name":"wp","href":"https:\/\/api.w.org\/{rel}","templated":true}]}}