{"id":1301,"date":"2025-07-17T10:56:33","date_gmt":"2025-07-17T10:56:33","guid":{"rendered":"https:\/\/roscar.ma\/?page_id=1301"},"modified":"2025-07-23T09:32:45","modified_gmt":"2025-07-23T09:32:45","slug":"leiebil-casablanca","status":"publish","type":"page","link":"https:\/\/roscar.ma\/no\/leiebil-casablanca\/","title":{"rendered":"Leiebil Casablanca"},"content":{"rendered":"<h2>Leiebil Casablanca fra RosCar<\/h2>\n<p>Den viktigste \u00f8konomiske og kulturelle byen i Marokko er alltid en god start for en flott tur til Nord-Afrika. Unik arabisk kultur, tusenvis av \u00e5r med historie i moderne arkitektur, tradisjoner og deilig mat er din handlingsplan. Men f\u00f8rst m\u00e5 du leie en bil i Casablanca. Det er flere grunner til \u00e5 velge bil her:<\/p>\n<ul>\n<li>Det er mye mer komfortabelt enn offentlig transport<\/li>\n<li>Rabatter, billige priser og mange alternativer (noen av dem er gratis)<\/li>\n<li>Lett \u00e5 finne den rette<\/li>\n<li>Fullstendig bevegelsesfrihet.<\/li>\n<\/ul>\n<p>RosCar har en overraskende enkel bestillingsprosedyre. Bare bestill n\u00e5, legg til kortet ditt for betaling, og du er ferdig.<\/p>\n<h2>Leiebil Casablanca: Guiden<\/h2>\n<p>Billig leiebil i Casablanca er ikke fiksjon, men virkeligheten for hver person som kjenner noen f\u00e5 regler. F\u00f8lg dem, og du vil komme til \u00f8nsket resultat uten skuffelse.<\/p>\n<h3>1. Velg riktig type<\/h3>\n<p>Ved \u00e5 sl\u00e5 p\u00e5 filtre, kan du enkelt danne en liste over tilbud etter en av typene:<\/p>\n<ul>\n<li>SUV eller Crossover<\/li>\n<li>Standard bil<\/li>\n<li>\u00d8konomibil<\/li>\n<li>Kompakt bil<\/li>\n<li>Minibil<\/li>\n<li>Cabriolet<\/li>\n<li>Minivan, varebil og andre.<\/li>\n<\/ul>\n<h3>2. Bruk ekstra alternativer<\/h3>\n<p>Leiebil i Casablanca kan leveres med en eller flere tilleggstjenester (betalt eller gratis):<\/p>\n<ul>\n<li>Garantert modell: Ingen d\u00e5rlige overraskelser n\u00e5r du henter bilen din.<\/li>\n<li>Girkasse: Ikke tenk deg om to ganger, velg automatgir.<\/li>\n<li>Tilleggsforsikring: En betalt funksjon som fjerner \u00f8konomiske risikoer med Full Dekning eller SuperCDW.<\/li>\n<li>Ekstra f\u00f8rer: Visste du at du kan legge til en person i kontrakten?<\/li>\n<li>Barnesete: Det finnes opptil fire typer barneseter for barn i alle aldre.<\/li>\n<li>Gratis avbestilling: Du har minst 48 timer p\u00e5 deg til \u00e5 kansellere bestillingen din.<\/li>\n<li>Ubegrenset kj\u00f8relengde: En gratis funksjon med gratis miles.<\/li>\n<li>Ingen innskudd: Alle elsker det n\u00e5r det kommer med ingen innskuddsblokkering p\u00e5 kredittkort.<\/li>\n<li>Ingen kredittkort: Kan komme med ekstra krav til sikkerhetskontroller.<\/li>\n<li>SIM-kort: H\u00f8yhastighets mobilt Internett alltid tilgjengelig.<\/li>\n<\/ul>\n<blockquote class=\"info\">\n<h2>Leiebil Casablanca: Bestilling via RosCar<\/h2>\n<p>Casablanca bilutleie kan virke som en av de enkleste reisetjenestene du noensinne har benyttet deg av:<\/p>\n<ol>\n<li>Angi steder og datoer.<\/li>\n<li>Angi s\u00f8kefiltre (type, alternativer og mer)<\/li>\n<li>Bestill n\u00e5 et hvilket som helst kj\u00f8ret\u00f8y fra listen.<\/li>\n<li>Fyll ut skjemaet med detaljer<\/li>\n<li>. Bekreft<\/li>\n<\/ol>\n<p>. S\u00f8knaden vil bli ansett som bekreftet f\u00f8rst etter forskuddsbetaling (14-20% av bel\u00f8pet) via Pay Now. Debet- eller kredittkort aksepteres p\u00e5 RosCar.<\/p><\/blockquote>\n<h2>Leiebil Casablanca pris<\/h2>\n<p>Her er de omtrentlige prisene du kan finne i denne byen:<\/p>\n<ul>\n<li>$ 15-25 for Mini-Economy<\/li>\n<li>$ 30-40 for Compact-Standard<\/li>\n<li>$ 40-60 for Minivan, Cabriolet, Crossover eller SUV<\/li>\n<li>$ 70+ for luksus.<\/li>\n<\/ul>\n<p>Bilutleie i Casablanca kan v\u00e6re mer eller mindre kostbart opptil 40% avhengig av f\u00f8lgende faktorer:<\/p>\n<ul>\n<li>Antall dager reservert (det er bedre \u00e5 ta en langtidsleiebil)<\/li>\n<li>Hentested (flyplass, by eller levering)<\/li>\n<li>Sesong og selskapets arbeidsmengde<\/li>\n<li>Tilleggstjenester som er inkludert.<\/li>\n<\/ul>\n<p>Slik sammenligner du prisen:<\/p>\n<h3>Tabell med priser for leiebil i Casablanca, Marokko<\/h3>\n<table border=\"1\">\n<thead>\n<tr>\n<th>Bilmodell<\/th>\n<th>Type karosseri<\/th>\n<th>Pris per dag (lavsesong)<\/th>\n<th>Pris per dag (h\u00f8ysesong)<\/th>\n<th>Passasjerer<\/th>\n<th>Bagasjekapasitet<\/th>\n<\/tr>\n<\/thead>\n<tbody>\n<tr>\n<td>Kia Picanto<\/td>\n<td>Halvkombi<\/td>\n<td>20 \u20ac<\/td>\n<td>27 \u20ac<\/td>\n<td>4<\/td>\n<td>1<\/td>\n<\/tr>\n<tr>\n<td>Dacia Logan<\/td>\n<td>Sedan<\/td>\n<td>22 \u20ac<\/td>\n<td>30 \u20ac<\/td>\n<td>5<\/td>\n<td>2<\/td>\n<\/tr>\n<tr>\n<td>Renault Clio<\/td>\n<td>Halvkombi<\/td>\n<td>25 \u20ac<\/td>\n<td>34 \u20ac<\/td>\n<td>5<\/td>\n<td>2<\/td>\n<\/tr>\n<tr>\n<td>Hyundai i20<\/td>\n<td>Halvkombi<\/td>\n<td>24 \u20ac<\/td>\n<td>33 \u20ac<\/td>\n<td>5<\/td>\n<td>2<\/td>\n<\/tr>\n<tr>\n<td>Volkswagen Polo<\/td>\n<td>Halvkombi<\/td>\n<td>26 \u20ac<\/td>\n<td>36 \u20ac<\/td>\n<td>5<\/td>\n<td>2<\/td>\n<\/tr>\n<tr>\n<td>Citro\u00ebn C-Elys\u00e9e<\/td>\n<td>Sedan<\/td>\n<td>27 \u20ac<\/td>\n<td>37 \u20ac<\/td>\n<td>5<\/td>\n<td>3<\/td>\n<\/tr>\n<tr>\n<td>Peugeot 301<\/td>\n<td>Sedan<\/td>\n<td>28 \u20ac<\/td>\n<td>38 \u20ac<\/td>\n<td>5<\/td>\n<td>3<\/td>\n<\/tr>\n<tr>\n<td>Dacia Duster<\/td>\n<td>SUV<\/td>\n<td>35 \u20ac<\/td>\n<td>46 \u20ac<\/td>\n<td>5<\/td>\n<td>3<\/td>\n<\/tr>\n<tr>\n<td>Renault Kadjar<\/td>\n<td>SUV<\/td>\n<td>48 \u20ac<\/td>\n<td>60 \u20ac<\/td>\n<td>5<\/td>\n<td>4<\/td>\n<\/tr>\n<tr>\n<td>Peugeot 3008<\/td>\n<td>SUV<\/td>\n<td>54 \u20ac<\/td>\n<td>68 \u20ac<\/td>\n<td>5<\/td>\n<td>4<\/td>\n<\/tr>\n<\/tbody>\n<\/table>\n        <div class=\"rpc-chart\">\n            <h3>Sesongmessige endringer i leiebilpriser i Casablanca: oversikt basert p\u00e5 bekreftede bestillinger<\/h3>\n            <div><p>I l\u00f8pet av de siste tre \u00e5rene har eksperter fra roscar.ma systematisk analysert endringer i gjennomsnittlige kostnaden for leiebil i Casablanca. Dataene er basert utelukkende p\u00e5 reelle bestillinger plassert gjennom v\u00e5r plattform, som samarbeider med p\u00e5litelige lokale bilutleiefirmaer.<\/p>\n<p>Overv\u00e5kingen dekker alle kategorier av kj\u00f8ret\u00f8y: fra kompakte bymodeller til SUV-er, kabrioleter og luksusbiler. Dette gj\u00f8r det mulig for oss \u00e5 spore sesongmessige trender og forutsi prissvingninger avhengig av ettersp\u00f8rsel og turistperioder.<\/p>\n<p>Med mange \u00e5rs erfaring innen bilutleie i Marokko, oppdaterer vi regelmessig informasjon for \u00e5 gi brukerne oppdaterte og p\u00e5litelige data. Dette er spesielt viktig for de som planlegger en tur til Casablanca og ser etter gunstige forhold for transport.<\/p>\n<\/div>\n            <div class=\"rpc-chart-bars\">\n                                    <div class=\"rpc-chart-column\">\n                        <div class=\"rpc-chart-inner\" style=\"height: 30.188679245283%\">\n                            <div class=\"rpc-chart-column-value\">16 \u20ac<\/div>\n                            <div class=\"rpc-chart-month\">JAN<\/div>\n                        <\/div>\n                    <\/div>\n                                    <div class=\"rpc-chart-column\">\n                        <div class=\"rpc-chart-inner\" style=\"height: 28.301886792453%\">\n                            <div class=\"rpc-chart-column-value\">15 \u20ac<\/div>\n                            <div class=\"rpc-chart-month\">FEB<\/div>\n                        <\/div>\n                    <\/div>\n                                    <div class=\"rpc-chart-column\">\n                        <div class=\"rpc-chart-inner\" style=\"height: 30.188679245283%\">\n                            <div class=\"rpc-chart-column-value\">16 \u20ac<\/div>\n                            <div class=\"rpc-chart-month\">MAR<\/div>\n                        <\/div>\n                    <\/div>\n                                    <div class=\"rpc-chart-column\">\n                        <div class=\"rpc-chart-inner\" style=\"height: 39.622641509434%\">\n                            <div class=\"rpc-chart-column-value\">21 \u20ac<\/div>\n                            <div class=\"rpc-chart-month\">APR<\/div>\n                        <\/div>\n                    <\/div>\n                                    <div class=\"rpc-chart-column\">\n                        <div class=\"rpc-chart-inner\" style=\"height: 32.075471698113%\">\n                            <div class=\"rpc-chart-column-value\">17 \u20ac<\/div>\n                            <div class=\"rpc-chart-month\">MAY<\/div>\n                        <\/div>\n                    <\/div>\n                                    <div class=\"rpc-chart-column\">\n                        <div class=\"rpc-chart-inner\" style=\"height: 33.962264150943%\">\n                            <div class=\"rpc-chart-column-value\">18 \u20ac<\/div>\n                            <div class=\"rpc-chart-month\">JUN<\/div>\n                        <\/div>\n                    <\/div>\n                                    <div class=\"rpc-chart-column\">\n                        <div class=\"rpc-chart-inner\" style=\"height: 54.716981132075%\">\n                            <div class=\"rpc-chart-column-value\">29 \u20ac<\/div>\n                            <div class=\"rpc-chart-month\">JUL<\/div>\n                        <\/div>\n                    <\/div>\n                                    <div class=\"rpc-chart-column\">\n                        <div class=\"rpc-chart-inner\" style=\"height: 62.264150943396%\">\n                            <div class=\"rpc-chart-column-value\">33 \u20ac<\/div>\n                            <div class=\"rpc-chart-month\">AUG<\/div>\n                        <\/div>\n                    <\/div>\n                                    <div class=\"rpc-chart-column\">\n                        <div class=\"rpc-chart-inner\" style=\"height: 43.396226415094%\">\n                            <div class=\"rpc-chart-column-value\">23 \u20ac<\/div>\n                            <div class=\"rpc-chart-month\">SEP<\/div>\n                        <\/div>\n                    <\/div>\n                                    <div class=\"rpc-chart-column\">\n                        <div class=\"rpc-chart-inner\" style=\"height: 39.622641509434%\">\n                            <div class=\"rpc-chart-column-value\">21 \u20ac<\/div>\n                            <div class=\"rpc-chart-month\">OCT<\/div>\n                        <\/div>\n                    <\/div>\n                                    <div class=\"rpc-chart-column\">\n                        <div class=\"rpc-chart-inner\" style=\"height: 33.962264150943%\">\n                            <div class=\"rpc-chart-column-value\">18 \u20ac<\/div>\n                            <div class=\"rpc-chart-month\">NOV<\/div>\n                        <\/div>\n                    <\/div>\n                                    <div class=\"rpc-chart-column\">\n                        <div class=\"rpc-chart-inner\" style=\"height: 41.509433962264%\">\n                            <div class=\"rpc-chart-column-value\">22 \u20ac<\/div>\n                            <div class=\"rpc-chart-month\">DEC<\/div>\n                        <\/div>\n                    <\/div>\n                            <\/div>\n        <\/div>\n        \n<h2>Leiebil Casablanca: Dokumenter<\/h2>\n<p>Det er bare noen f\u00e5 dokumenter sj\u00e5f\u00f8ren m\u00e5 ha for \u00e5 hente leiebilen sin:<\/p>\n<ol>\n<li>F\u00f8rerkort<\/li>\n<li>Pass<\/li>\n<li>Kredittkort (depositum, kreditt- eller identitetskontroll)<\/li>\n<li>Voucher (vi sender deg en sammen med bestillingsbekreftelsen).<\/li>\n<\/ol>\n","protected":false},"excerpt":{"rendered":"<p>Leiebil Casablanca fra RosCar Den viktigste \u00f8konomiske og kulturelle byen i Marokko er alltid en god start for en flott tur til Nord-Afrika. Unik arabisk kultur, tusenvis av \u00e5r med historie i moderne arkitektur, tradisjoner og deilig mat er din handlingsplan. Men f\u00f8rst m\u00e5 du leie en bil i Casablanca. Det er flere grunner til [&hellip;]<\/p>\n","protected":false},"author":1,"featured_media":154,"parent":0,"menu_order":0,"comment_status":"closed","ping_status":"closed","template":"","meta":{"footnotes":""},"class_list":["post-1301","page","type-page","status-publish","has-post-thumbnail",""],"_links":{"self":[{"href":"https:\/\/roscar.ma\/no\/wp-json\/wp\/v2\/pages\/1301","targetHints":{"allow":["GET"]}}],"collection":[{"href":"https:\/\/roscar.ma\/no\/wp-json\/wp\/v2\/pages"}],"about":[{"href":"https:\/\/roscar.ma\/no\/wp-json\/wp\/v2\/types\/page"}],"author":[{"embeddable":true,"href":"https:\/\/roscar.ma\/no\/wp-json\/wp\/v2\/users\/1"}],"replies":[{"embeddable":true,"href":"https:\/\/roscar.ma\/no\/wp-json\/wp\/v2\/comments?post=1301"}],"version-history":[{"count":1,"href":"https:\/\/roscar.ma\/no\/wp-json\/wp\/v2\/pages\/1301\/revisions"}],"predecessor-version":[{"id":1302,"href":"https:\/\/roscar.ma\/no\/wp-json\/wp\/v2\/pages\/1301\/revisions\/1302"}],"wp:featuredmedia":[{"embeddable":true,"href":"https:\/\/roscar.ma\/no\/wp-json\/wp\/v2\/media\/154"}],"wp:attachment":[{"href":"https:\/\/roscar.ma\/no\/wp-json\/wp\/v2\/media?parent=1301"}],"curies":[{"name":"wp","href":"https:\/\/api.w.org\/{rel}","templated":true}]}}