{"id":1044,"date":"2025-07-17T09:45:33","date_gmt":"2025-07-17T09:45:33","guid":{"rendered":"https:\/\/roscar.ma\/?page_id=1044"},"modified":"2025-07-22T13:02:37","modified_gmt":"2025-07-22T13:02:37","slug":"leiebil-marokko","status":"publish","type":"page","link":"https:\/\/roscar.ma\/no\/","title":{"rendered":"Leiebil Marokko"},"content":{"rendered":"<h2>Leiebil Marokko fra RosCar<\/h2>\n<p>Tusenvis av \u00e5r med historie og gamle arabiske tradisjoner trekker millioner av turister som en magnet. Her finner du lyden av Sahara og Atlanterhavet, samt moderne og forhistoriske kulturer, i tillegg til utmerkede forhold for alle typer reiser. Men m\u00e5 jeg leie bil i Marokko? Dette er kanskje ikke det eneste alternativet, men det har noen klare fordeler:<\/p>\n<ul>\n<li>Fri bevegelse hvor du vil<\/li>\n<li>H\u00f8y komfort og uovertruffen bekvemmelighet<\/li>\n<li>Stort utvalg av kj\u00f8ret\u00f8y<\/li>\n<li>Korttids- eller langtidsleie av bil er tilgjengelig.<\/li>\n<\/ul>\n<p>Vil du komme deg ut p\u00e5 veien s\u00e5 snart som mulig? Bestill n\u00e5 hvilken som helst bil du \u00f8nsker p\u00e5 RosCar: noen f\u00e5 klikk, fyll ut et standardskjema, og foreta en forh\u00e5ndsbetaling for bekreftelse.<\/p>\n<h2>P\u00e5 vei til en leiebil i Marokko<\/h2>\n<p>Dette er en oppgave som ikke b\u00f8r forhastes, men som heller ikke b\u00f8r utsettes til i morgen. Les derfor en liten forberedende guide p\u00e5 vei til leiebil i Marokko.<\/p>\n<h3>1. Finn den riktige typen<\/h3>\n<p>Et d\u00e5rlig valgt kj\u00f8ret\u00f8y vil ikke gi deg den \u00f8nskede gleden eller bekvemmeligheten. Ta en titt p\u00e5 listen og tenk over hvilken av disse typene som h\u00f8res ut som din l\u00f8sning:<\/p>\n<ul>\n<li>\u00d8konomi eller Mini (Billig leiebil i Marokko)<\/li>\n<li>Standard<\/li>\n<li>SUV eller Crossover<\/li>\n<li>Luksus<\/li>\n<li>Cabriolet<\/li>\n<li>Varebil eller Minivan<\/li>\n<\/ul>\n<h3>2. Tilleggstjenester<\/h3>\n<p>Ikke alle disse ekstrafunksjonene er betalt, men hver og en av dem er et godt valg:<\/p>\n<ul>\n<li>Gratis avbestilling: Dette alternativet m\u00e5 brukes i tide (opptil 48 timer f\u00f8r avreise).<\/li>\n<li>Ingen depositum: Den beste funksjonen for budsjettreisende er at den ikke har noe depositum p\u00e5 kredittkort.<\/li>\n<li>Garantert modell: F\u00e5 minst det du bestilte for.<\/li>\n<li>Barnesete: Et lovp\u00e5lagt krav for \u00e5 reise med barn som er 10 \u00e5r eller yngre om bord.<\/li>\n<li>Tilleggsforsikring: Bare betal ekstra for Super CDW og Full dekning for \u00e5 f\u00e5 ro i sjelen.<\/li>\n<li>SIM-kort: Ta med et for \u00e5 f\u00e5 h\u00f8yhastighetsinternett.<\/li>\n<li>Ekstra sj\u00e5f\u00f8r: Flere forn\u00f8yelige kilometer med en venn bak rattet.<\/li>\n<li>Girkasse: Se etter automatgir for avslappede turer.<\/li>\n<li>Ubegrenset kj\u00f8relengde: Ubegrenset utsikt gjemt bak \u00f8rkener og havlandskap.<\/li>\n<\/ul>\n<blockquote class=\"check\">\n<h3>RosCar Marokko bilutleie i detaljer<\/h3>\n<p>Finn deg selv noen f\u00e5 minutter til \u00e5 ta Marokko bilutleie:<\/p>\n<ol>\n<li>Angi hente- og leveringssteder.<\/li>\n<li>Spesifiser start- og sluttdatoer.<\/li>\n<li>Klikk p\u00e5 &laquo;Filtre&raquo; for \u00e5 velge \u00f8nsket tillegg. Klikk p\u00e5<\/li>\n<li>&laquo;Vis&raquo; for \u00e5 f\u00e5 en liste.<\/li>\n<li>Bestill n\u00e5<\/li>\n<li>Fyll ut skjemaet og betal n\u00e5.<\/li>\n<\/ol>\n<p>N\u00e5r du er p\u00e5 kassen, m\u00e5 du legge inn et kort for en 20% forskuddsbetaling Ikke bekymre deg, bankdataene dine er trygge.<\/p><\/blockquote>\n<h2>Kostnaden for en leiebil i Marokko<\/h2>\n<p>Her er noen eksempler for \u00e5 hjelpe deg \u00e5 forst\u00e5 prisen p\u00e5 leiebil i Marokko:<\/p>\n<ul>\n<li>$ 20-30 for Mini eller \u00f8konomi<\/li>\n<li>$ 45-55 for Standard eller Minivan<\/li>\n<li>$ 50-70 for SUV eller Crossover<\/li>\n<li>fra $ 80 for luksus eller cabriolet.<\/li>\n<\/ul>\n<p>Men du kan pr\u00f8ve \u00e5 f\u00e5 det billigere:<\/p>\n<ul>\n<li>Ta en langtidsleiebil (5 dager eller mer)<\/li>\n<li>Sett startdatoen til midten av uken<\/li>\n<li>Sammenlign ikke bare etter pris, men ogs\u00e5 etter utstyr<\/li>\n<li>Bestill p\u00e5 nettet i god tid i forveien.<\/li>\n<\/ul>\n<p>Mer om prissammenligning:<\/p>\n<h3>Tabell med priser for bilutleie i Marokko<\/h3>\n<table border=\"1\" cellspacing=\"0\" cellpadding=\"8\">\n<thead>\n<tr>\n<th>Bilmodell<\/th>\n<th>Type karosseri<\/th>\n<th>Pris per dag (lavsesong)<\/th>\n<th>Pris per dag (h\u00f8ysesong)<\/th>\n<th>Passasjerer<\/th>\n<th>Bagasjekapasitet<\/th>\n<\/tr>\n<\/thead>\n<tbody>\n<tr>\n<td>Dacia Logan<\/td>\n<td>Sedan<\/td>\n<td>23 \u20ac<\/td>\n<td>30 \u20ac<\/td>\n<td>5<\/td>\n<td>2<\/td>\n<\/tr>\n<tr>\n<td>Kia Picanto<\/td>\n<td>Halvkombi<\/td>\n<td>20 \u20ac<\/td>\n<td>28 \u20ac<\/td>\n<td>4<\/td>\n<td>1<\/td>\n<\/tr>\n<tr>\n<td>Renault Clio<\/td>\n<td>Halvkombi<\/td>\n<td>25 \u20ac<\/td>\n<td>35 \u20ac<\/td>\n<td>5<\/td>\n<td>2<\/td>\n<\/tr>\n<tr>\n<td>Dacia Duster<\/td>\n<td>SUV<\/td>\n<td>35 \u20ac<\/td>\n<td>45 \u20ac<\/td>\n<td>5<\/td>\n<td>3<\/td>\n<\/tr>\n<tr>\n<td>Hyundai Tucson<\/td>\n<td>SUV<\/td>\n<td>50 \u20ac<\/td>\n<td>65 \u20ac<\/td>\n<td>5<\/td>\n<td>4<\/td>\n<\/tr>\n<tr>\n<td>Peugeot 208<\/td>\n<td>Halvkombi<\/td>\n<td>22 \u20ac<\/td>\n<td>32 \u20ac<\/td>\n<td>5<\/td>\n<td>2<\/td>\n<\/tr>\n<tr>\n<td>Volkswagen Polo<\/td>\n<td>Halvkombi<\/td>\n<td>26 \u20ac<\/td>\n<td>36 \u20ac<\/td>\n<td>5<\/td>\n<td>2<\/td>\n<\/tr>\n<tr>\n<td>Citro\u00ebn C-Elys\u00e9e<\/td>\n<td>Sedan<\/td>\n<td>24 \u20ac<\/td>\n<td>34 \u20ac<\/td>\n<td>5<\/td>\n<td>3<\/td>\n<\/tr>\n<tr>\n<td>Fiat Tipo<\/td>\n<td>Sedan<\/td>\n<td>27 \u20ac<\/td>\n<td>37 \u20ac<\/td>\n<td>5<\/td>\n<td>3<\/td>\n<\/tr>\n<tr>\n<td>Renault Captur<\/td>\n<td>Crossover<\/td>\n<td>33 \u20ac<\/td>\n<td>43 \u20ac<\/td>\n<td>5<\/td>\n<td>3<\/td>\n<\/tr>\n<\/tbody>\n<\/table>\n        <div class=\"rpc-chart\">\n            <h3>Sesongbaserte priser p\u00e5 leiebil i Marokko<\/h3>\n            <div><p>Tabellen nedenfor viser en analyse av endringer i gjennomsnittlige leiebilpriser i Marokko de siste tre \u00e5rene. Informasjonen er basert p\u00e5 faktiske bestillinger gjort gjennom roscar.ma, et nettsted som spesialiserer seg p\u00e5 bilutleie uten mellomledd. Dataene dekker alle bilklasser (fra rimelige bymodeller til SUV-er, kabrioleter og premiumsegmentet).<\/p>\n<p>Takket v\u00e6re v\u00e5r mange\u00e5rige erfaring med \u00e5 jobbe med reisende og regelmessig markedsoverv\u00e5king, har vi dannet oss et objektivt bilde av sesongmessige svingninger i leieprisene. V\u00e5r analyse vil v\u00e6re nyttig for alle som planlegger en reise til Marokko: du kan p\u00e5 forh\u00e5nd velge den perioden da leiebil vil v\u00e6re mest fordelaktig.<\/p>\n<p>Vi anbefaler at du bruker den verifiserte informasjonen og de praktiske r\u00e5dene fra RosCar Marokko for \u00e5 gj\u00f8re reisen din komfortabel, trygg og \u00f8konomisk.<\/p>\n<\/div>\n            <div class=\"rpc-chart-bars\">\n                                    <div class=\"rpc-chart-column\">\n                        <div class=\"rpc-chart-inner\" style=\"height: 28.846153846154%\">\n                            <div class=\"rpc-chart-column-value\">15 \u20ac<\/div>\n                            <div class=\"rpc-chart-month\">JAN<\/div>\n                        <\/div>\n                    <\/div>\n                                    <div class=\"rpc-chart-column\">\n                        <div class=\"rpc-chart-inner\" style=\"height: 28.846153846154%\">\n                            <div class=\"rpc-chart-column-value\">15 \u20ac<\/div>\n                            <div class=\"rpc-chart-month\">FEB<\/div>\n                        <\/div>\n                    <\/div>\n                                    <div class=\"rpc-chart-column\">\n                        <div class=\"rpc-chart-inner\" style=\"height: 32.692307692308%\">\n                            <div class=\"rpc-chart-column-value\">17 \u20ac<\/div>\n                            <div class=\"rpc-chart-month\">MAR<\/div>\n                        <\/div>\n                    <\/div>\n                                    <div class=\"rpc-chart-column\">\n                        <div class=\"rpc-chart-inner\" style=\"height: 42.307692307692%\">\n                            <div class=\"rpc-chart-column-value\">22 \u20ac<\/div>\n                            <div class=\"rpc-chart-month\">APR<\/div>\n                        <\/div>\n                    <\/div>\n                                    <div class=\"rpc-chart-column\">\n                        <div class=\"rpc-chart-inner\" style=\"height: 32.692307692308%\">\n                            <div class=\"rpc-chart-column-value\">17 \u20ac<\/div>\n                            <div class=\"rpc-chart-month\">MAY<\/div>\n                        <\/div>\n                    <\/div>\n                                    <div class=\"rpc-chart-column\">\n                        <div class=\"rpc-chart-inner\" style=\"height: 30.769230769231%\">\n                            <div class=\"rpc-chart-column-value\">16 \u20ac<\/div>\n                            <div class=\"rpc-chart-month\">JUN<\/div>\n                        <\/div>\n                    <\/div>\n                                    <div class=\"rpc-chart-column\">\n                        <div class=\"rpc-chart-inner\" style=\"height: 55.769230769231%\">\n                            <div class=\"rpc-chart-column-value\">29 \u20ac<\/div>\n                            <div class=\"rpc-chart-month\">JUL<\/div>\n                        <\/div>\n                    <\/div>\n                                    <div class=\"rpc-chart-column\">\n                        <div class=\"rpc-chart-inner\" style=\"height: 61.538461538462%\">\n                            <div class=\"rpc-chart-column-value\">32 \u20ac<\/div>\n                            <div class=\"rpc-chart-month\">AUG<\/div>\n                        <\/div>\n                    <\/div>\n                                    <div class=\"rpc-chart-column\">\n                        <div class=\"rpc-chart-inner\" style=\"height: 38.461538461538%\">\n                            <div class=\"rpc-chart-column-value\">20 \u20ac<\/div>\n                            <div class=\"rpc-chart-month\">SEP<\/div>\n                        <\/div>\n                    <\/div>\n                                    <div class=\"rpc-chart-column\">\n                        <div class=\"rpc-chart-inner\" style=\"height: 36.538461538462%\">\n                            <div class=\"rpc-chart-column-value\">19 \u20ac<\/div>\n                            <div class=\"rpc-chart-month\">OCT<\/div>\n                        <\/div>\n                    <\/div>\n                                    <div class=\"rpc-chart-column\">\n                        <div class=\"rpc-chart-inner\" style=\"height: 32.692307692308%\">\n                            <div class=\"rpc-chart-column-value\">17 \u20ac<\/div>\n                            <div class=\"rpc-chart-month\">NOV<\/div>\n                        <\/div>\n                    <\/div>\n                                    <div class=\"rpc-chart-column\">\n                        <div class=\"rpc-chart-inner\" style=\"height: 44.230769230769%\">\n                            <div class=\"rpc-chart-column-value\">23 \u20ac<\/div>\n                            <div class=\"rpc-chart-month\">DEC<\/div>\n                        <\/div>\n                    <\/div>\n                            <\/div>\n        <\/div>\n        \n<h2>Leiebil Marokko: Dokumenter<\/h2>\n<p>Er du over 21 (eller 25) \u00e5r gammel og har litt kj\u00f8reerfaring? Da trenger du bare tre dokumenter for \u00e5 leie bil i Marokko:<\/p>\n<ol>\n<li>Pass<\/li>\n<li>F\u00f8rerkort<\/li>\n<li>Kredittkort (valgfritt).<\/li>\n<\/ol>\n<p>Du trenger ogs\u00e5 en Voucher (reservasjonsbevis), men den f\u00e5r du umiddelbart etter at bestillingen din er bekreftet.<\/p>\n","protected":false},"excerpt":{"rendered":"<p>Leiebil Marokko fra RosCar Tusenvis av \u00e5r med historie og gamle arabiske tradisjoner trekker millioner av turister som en magnet. Her finner du lyden av Sahara og Atlanterhavet, samt moderne og forhistoriske kulturer, i tillegg til utmerkede forhold for alle typer reiser. Men m\u00e5 jeg leie bil i Marokko? Dette er kanskje ikke det eneste [&hellip;]<\/p>\n","protected":false},"author":1,"featured_media":124,"parent":0,"menu_order":0,"comment_status":"closed","ping_status":"closed","template":"","meta":{"footnotes":""},"class_list":["post-1044","page","type-page","status-publish","has-post-thumbnail",""],"_links":{"self":[{"href":"https:\/\/roscar.ma\/no\/wp-json\/wp\/v2\/pages\/1044","targetHints":{"allow":["GET"]}}],"collection":[{"href":"https:\/\/roscar.ma\/no\/wp-json\/wp\/v2\/pages"}],"about":[{"href":"https:\/\/roscar.ma\/no\/wp-json\/wp\/v2\/types\/page"}],"author":[{"embeddable":true,"href":"https:\/\/roscar.ma\/no\/wp-json\/wp\/v2\/users\/1"}],"replies":[{"embeddable":true,"href":"https:\/\/roscar.ma\/no\/wp-json\/wp\/v2\/comments?post=1044"}],"version-history":[{"count":1,"href":"https:\/\/roscar.ma\/no\/wp-json\/wp\/v2\/pages\/1044\/revisions"}],"predecessor-version":[{"id":1045,"href":"https:\/\/roscar.ma\/no\/wp-json\/wp\/v2\/pages\/1044\/revisions\/1045"}],"wp:featuredmedia":[{"embeddable":true,"href":"https:\/\/roscar.ma\/no\/wp-json\/wp\/v2\/media\/124"}],"wp:attachment":[{"href":"https:\/\/roscar.ma\/no\/wp-json\/wp\/v2\/media?parent=1044"}],"curies":[{"name":"wp","href":"https:\/\/api.w.org\/{rel}","templated":true}]}}