{"id":2089,"date":"2025-07-17T11:14:56","date_gmt":"2025-07-17T11:14:56","guid":{"rendered":"https:\/\/roscar.ma\/?page_id=2089"},"modified":"2025-07-25T15:56:48","modified_gmt":"2025-07-25T15:56:48","slug":"auto-huren-fez","status":"publish","type":"page","link":"https:\/\/roscar.ma\/nl\/auto-huren-fez\/","title":{"rendered":"Auto Huren Fez (Fes)"},"content":{"rendered":"<h2>Autoverhuur Fez (Fes) van RosCar<\/h2>\n<p>Bijna elk land heeft een onoffici\u00eble hoofdstad, die het centrum van het culturele leven van de hele staat is. Wil je deze prachtige stad in Marokko vinden? Dan moet je een auto huren in Fes:<\/p>\n<ul>\n<li>De beste rijervaring te krijgen tegen een lage prijs<\/li>\n<li>Het beste voertuig met ideale toevoegingen te kiezen<\/li>\n<li>Je reis naar een ander niveau van comfort te brengen<\/li>\n<li>Laat je niet beperken in je reismogelijkheden.<\/li>\n<\/ul>\n<p>Huur een auto in F\u00e8s via RosCar en ontdek alle geheimen van deze verbazingwekkende Arabische wereld. Maar bereid eerst je kaart voor om de reservering te bevestigen, want er is geen andere manier om je voertuig te bemachtigen. Boek nu.<\/p>\n<h2>Auto Huren Fez (Fes): Gids<\/h2>\n<p>Soms hebben zelfs doorgewinterde reizigers goed advies nodig. Dit zijn het soort tips waarmee je minder betaalt en de beste prijs krijgt in de kortste tijd.<\/p>\n<h3>Tip \u00e9\u00e9n: Gebruik filters op type<\/h3>\n<p>Verspil geen tijd met het zoeken naar voertuigen waarin je niet ge\u00efnteresseerd bent. Kies er gewoon \u00e9\u00e9n:<\/p>\n<ul>\n<li>Economy<\/li>\n<li>Standaard<\/li>\n<li>Mini<\/li>\n<li>Cabrio<\/li>\n<li>SUV of crossover<\/li>\n<li>Minibus of bestelwagen<\/li>\n<li>Andere.<\/li>\n<\/ul>\n<h3>Tip twee: Zoek extra&#8217;s<\/h3>\n<p>Niet \u00e9\u00e9n, maar een dozijn extra&#8217;s die je kunt krijgen bij goedkope autoverhuur in Fes:<\/p>\n<ul>\n<li>Geen creditcard: Elke andere creditcard of contant geld zal werken.<\/li>\n<li>SIM-kaart: Die heb je nodig om door de vele bezienswaardigheden van F\u00e8s te navigeren.<\/li>\n<li>Extra bestuurder: Iedereen die voldoet aan de eisen voor de huurleeftijd.<\/li>\n<li>Kinderzitje: Reizen met kinderen moet veilig zijn.<\/li>\n<li>Gratis annuleren: Boekingskosten worden terugbetaald als je 48 uur van tevoren annuleert.<\/li>\n<li>Onbeperkt aantal kilometers: Een eindeloze hoeveelheid ongelooflijke Arabische schoonheid.<\/li>\n<li>Geen aanbetaling: Minder stress door geen aanbetaling op creditcards.<\/li>\n<li>Gegarandeerd model: Pick-up is hetzelfde voertuig als je hebt aangevraagd.<\/li>\n<li>Transmissie: Wat heb je liever, handgeschakeld of automatisch?<\/li>\n<li>Extra verzekering: Super CDW of Full Coverage zijn de beste upgrade-opties.<\/li>\n<\/ul>\n<blockquote class=\"info\">\n<h2>Auto Huren Fez (Fes) in details<\/h2>\n<p>RosCar heeft een eenvoudige boekingsprocedure die elke volwassene (21 jaar en ouder) kan afhandelen:<\/p>\n<ol>\n<li>Geef data en locaties op.<\/li>\n<li>Ga naar filters, klik op de gewenste filters.<\/li>\n<li>Scroll door de lijst en boek nu als je de beste ziet.<\/li>\n<li>Selecteer het type verzekering (Standaard of Upgrade), evenals extra opties.<\/li>\n<li>Vul de belangrijkste bestuurdersgegevens in.<\/li>\n<li>Bevestig.<\/li>\n<\/ol>\n<p>Voor autoverhuur in Fes moet elke bankkaart automatisch worden bevestigd. Het betalingsbedrag kan vari\u00ebren van een vijfde tot het volledige huurbedrag.<\/p><\/blockquote>\n<h2>Autoverhuur Fes Prijs<\/h2>\n<p>Het Afrikaanse Athene is nauwelijks een goedkope plek om te reizen, maar je kunt altijd een voertuig vinden voor elk budget:<\/p>\n<ul>\n<li>$20-30 voor Mini of Economy<\/li>\n<li>$30-40 voor Standaard<\/li>\n<li>$40-55 voor Minivan, SUV of Crossover<\/li>\n<li>$70+ voor Luxe of Cabrio.<\/li>\n<\/ul>\n<p>Houd er rekening mee dat de prijzen niet altijd zijn zoals ze zijn. De gemiddelde dagprijs kan aanzienlijk vari\u00ebren afhankelijk van verschillende factoren:<\/p>\n<ul>\n<li>Duur van de huur<\/li>\n<li>Ophaalmethode (stad Fez of luchthaven)<\/li>\n<li>Aantal extra opties<\/li>\n<li>Werkdruk van de exploitant.<\/li>\n<\/ul>\n<p>Zo vergelijk je de prijzen voor autohuur in Fez:<\/p>\n<h3>Prijslijst voor autohuur in Fes, Marokko<\/h3>\n<table border=\"1\">\n<thead>\n<tr>\n<th>Auto model<\/th>\n<th>Type carrosserie<\/th>\n<th>Prijs per dag (laagseizoen)<\/th>\n<th>Prijs per dag (hoogseizoen)<\/th>\n<th>Passagiers<\/th>\n<th>Bagage<\/th>\n<\/tr>\n<\/thead>\n<tbody>\n<tr>\n<td>Fiat Panda<\/td>\n<td>Hatchback<\/td>\n<td>19 \u20ac<\/td>\n<td>26 \u20ac<\/td>\n<td>4<\/td>\n<td>1<\/td>\n<\/tr>\n<tr>\n<td>Hyundai i10<\/td>\n<td>Hatchback<\/td>\n<td>21 \u20ac<\/td>\n<td>28 \u20ac<\/td>\n<td>4<\/td>\n<td>1<\/td>\n<\/tr>\n<tr>\n<td>Kia Picanto<\/td>\n<td>Hatchback<\/td>\n<td>22 \u20ac<\/td>\n<td>30 \u20ac<\/td>\n<td>4<\/td>\n<td>1<\/td>\n<\/tr>\n<tr>\n<td>Peugeot 208<\/td>\n<td>Hatchback<\/td>\n<td>24 \u20ac<\/td>\n<td>33 \u20ac<\/td>\n<td>5<\/td>\n<td>2<\/td>\n<\/tr>\n<tr>\n<td>Dacia Logan<\/td>\n<td>Sedan<\/td>\n<td>25 \u20ac<\/td>\n<td>34 \u20ac<\/td>\n<td>5<\/td>\n<td>2<\/td>\n<\/tr>\n<tr>\n<td>Renault Clio<\/td>\n<td>Hatchback<\/td>\n<td>27 \u20ac<\/td>\n<td>36 \u20ac<\/td>\n<td>5<\/td>\n<td>2<\/td>\n<\/tr>\n<tr>\n<td>Citro\u00ebn C-Elys\u00e9e<\/td>\n<td>Sedan<\/td>\n<td>28 \u20ac<\/td>\n<td>38 \u20ac<\/td>\n<td>5<\/td>\n<td>3<\/td>\n<\/tr>\n<tr>\n<td>Renault Kapitein<\/td>\n<td>Crossover<\/td>\n<td>32 \u20ac<\/td>\n<td>43 \u20ac<\/td>\n<td>5<\/td>\n<td>3<\/td>\n<\/tr>\n<tr>\n<td>Dacia Duster<\/td>\n<td>SUV<\/td>\n<td>36 \u20ac<\/td>\n<td>47 \u20ac<\/td>\n<td>5<\/td>\n<td>3<\/td>\n<\/tr>\n<tr>\n<td>Peugeot 3008<\/td>\n<td>SUV<\/td>\n<td>52 \u20ac<\/td>\n<td>66 \u20ac<\/td>\n<td>5<\/td>\n<td>4<\/td>\n<\/tr>\n<\/tbody>\n<\/table>\n        <div class=\"rpc-chart\">\n            <h3>Hoe de prijzen voor autoverhuur in Fez veranderen afhankelijk van het seizoen: analyse op basis van echte boekingen<\/h3>\n            <div><p>In de loop van de afgelopen drie jaar hebben we veranderingen in de gemiddelde prijzen voor autoverhuur vanuit Fez geregistreerd, op basis van vikoryst en daadwerkelijke boekingsgegevens die via het roscar.ma-platform zijn gemaakt. We werken alleen met geverifieerde lokale verhuurbedrijven, wat de inzichtelijkheid en betrouwbaarheid van de verhuurinformatie garandeert.<\/p>\n<p>De analyse omvat het volledige aanbod aan transportvoertuigen: van goedkope hatchbacks voor lokaal woon-werkverkeer tot bedrijfswagens, cabrio's en auto's uit de premiumklasse. Deze aanpak maakt het mogelijk om karakteristieke seizoensgebonden prijsschommelingen te identificeren en onmiddellijk op prijsveranderingen te reageren.<\/p>\n<p>Bekijk onze informatie om te ontdekken wat het beste moment is om een auto te huren. RosCar is uw betrouwbare assistent bij het plannen van een handmatige en effici\u00ebnte transfer in Marokko.<\/p>\n<\/div>\n            <div class=\"rpc-chart-bars\">\n                                    <div class=\"rpc-chart-column\">\n                        <div class=\"rpc-chart-inner\" style=\"height: 25%\">\n                            <div class=\"rpc-chart-column-value\">12 \u20ac<\/div>\n                            <div class=\"rpc-chart-month\">JAN<\/div>\n                        <\/div>\n                    <\/div>\n                                    <div class=\"rpc-chart-column\">\n                        <div class=\"rpc-chart-inner\" style=\"height: 27.083333333333%\">\n                            <div class=\"rpc-chart-column-value\">13 \u20ac<\/div>\n                            <div class=\"rpc-chart-month\">FEB<\/div>\n                        <\/div>\n                    <\/div>\n                                    <div class=\"rpc-chart-column\">\n                        <div class=\"rpc-chart-inner\" style=\"height: 29.166666666667%\">\n                            <div class=\"rpc-chart-column-value\">14 \u20ac<\/div>\n                            <div class=\"rpc-chart-month\">MAR<\/div>\n                        <\/div>\n                    <\/div>\n                                    <div class=\"rpc-chart-column\">\n                        <div class=\"rpc-chart-inner\" style=\"height: 35.416666666667%\">\n                            <div class=\"rpc-chart-column-value\">17 \u20ac<\/div>\n                            <div class=\"rpc-chart-month\">APR<\/div>\n                        <\/div>\n                    <\/div>\n                                    <div class=\"rpc-chart-column\">\n                        <div class=\"rpc-chart-inner\" style=\"height: 37.5%\">\n                            <div class=\"rpc-chart-column-value\">18 \u20ac<\/div>\n                            <div class=\"rpc-chart-month\">MAY<\/div>\n                        <\/div>\n                    <\/div>\n                                    <div class=\"rpc-chart-column\">\n                        <div class=\"rpc-chart-inner\" style=\"height: 43.75%\">\n                            <div class=\"rpc-chart-column-value\">21 \u20ac<\/div>\n                            <div class=\"rpc-chart-month\">JUN<\/div>\n                        <\/div>\n                    <\/div>\n                                    <div class=\"rpc-chart-column\">\n                        <div class=\"rpc-chart-inner\" style=\"height: 52.083333333333%\">\n                            <div class=\"rpc-chart-column-value\">25 \u20ac<\/div>\n                            <div class=\"rpc-chart-month\">JUL<\/div>\n                        <\/div>\n                    <\/div>\n                                    <div class=\"rpc-chart-column\">\n                        <div class=\"rpc-chart-inner\" style=\"height: 58.333333333333%\">\n                            <div class=\"rpc-chart-column-value\">28 \u20ac<\/div>\n                            <div class=\"rpc-chart-month\">AUG<\/div>\n                        <\/div>\n                    <\/div>\n                                    <div class=\"rpc-chart-column\">\n                        <div class=\"rpc-chart-inner\" style=\"height: 39.583333333333%\">\n                            <div class=\"rpc-chart-column-value\">19 \u20ac<\/div>\n                            <div class=\"rpc-chart-month\">SEP<\/div>\n                        <\/div>\n                    <\/div>\n                                    <div class=\"rpc-chart-column\">\n                        <div class=\"rpc-chart-inner\" style=\"height: 35.416666666667%\">\n                            <div class=\"rpc-chart-column-value\">17 \u20ac<\/div>\n                            <div class=\"rpc-chart-month\">OCT<\/div>\n                        <\/div>\n                    <\/div>\n                                    <div class=\"rpc-chart-column\">\n                        <div class=\"rpc-chart-inner\" style=\"height: 27.083333333333%\">\n                            <div class=\"rpc-chart-column-value\">13 \u20ac<\/div>\n                            <div class=\"rpc-chart-month\">NOV<\/div>\n                        <\/div>\n                    <\/div>\n                                    <div class=\"rpc-chart-column\">\n                        <div class=\"rpc-chart-inner\" style=\"height: 39.583333333333%\">\n                            <div class=\"rpc-chart-column-value\">19 \u20ac<\/div>\n                            <div class=\"rpc-chart-month\">DEC<\/div>\n                        <\/div>\n                    <\/div>\n                            <\/div>\n        <\/div>\n        \n<h2>Auto Huren Fez (Fes): Documenten<\/h2>\n<p>Elk verhuurbedrijf kan eisen stellen aan leeftijd (21-25) of documenten. Je hebt echter altijd nodig:<\/p>\n<ol>\n<li>Paspoort<\/li>\n<li>Creditcard (borg of cheque)<\/li>\n<li>Rijbewijs.<\/li>\n<\/ol>\n<p>Voucher (bevestiging van de reservering) is niet verplicht, maar wordt naar je e-mail gestuurd na het boeken op RosCar. Autoverhuur Fez is je toegangspoort tot het verkennen van de rijke cultuur en verborgen juwelen van de stad &#8211; reserveer je auto vandaag nog voor een soepele en flexibele reiservaring.<\/p>\n","protected":false},"excerpt":{"rendered":"<p>Autoverhuur Fez (Fes) van RosCar Bijna elk land heeft een onoffici\u00eble hoofdstad, die het centrum van het culturele leven van de hele staat is. Wil je deze prachtige stad in Marokko vinden? Dan moet je een auto huren in Fes: De beste rijervaring te krijgen tegen een lage prijs Het beste voertuig met ideale toevoegingen [&hellip;]<\/p>\n","protected":false},"author":1,"featured_media":238,"parent":0,"menu_order":0,"comment_status":"closed","ping_status":"closed","template":"","meta":{"footnotes":""},"class_list":["post-2089","page","type-page","status-publish","has-post-thumbnail",""],"_links":{"self":[{"href":"https:\/\/roscar.ma\/nl\/wp-json\/wp\/v2\/pages\/2089","targetHints":{"allow":["GET"]}}],"collection":[{"href":"https:\/\/roscar.ma\/nl\/wp-json\/wp\/v2\/pages"}],"about":[{"href":"https:\/\/roscar.ma\/nl\/wp-json\/wp\/v2\/types\/page"}],"author":[{"embeddable":true,"href":"https:\/\/roscar.ma\/nl\/wp-json\/wp\/v2\/users\/1"}],"replies":[{"embeddable":true,"href":"https:\/\/roscar.ma\/nl\/wp-json\/wp\/v2\/comments?post=2089"}],"version-history":[{"count":2,"href":"https:\/\/roscar.ma\/nl\/wp-json\/wp\/v2\/pages\/2089\/revisions"}],"predecessor-version":[{"id":2091,"href":"https:\/\/roscar.ma\/nl\/wp-json\/wp\/v2\/pages\/2089\/revisions\/2091"}],"wp:featuredmedia":[{"embeddable":true,"href":"https:\/\/roscar.ma\/nl\/wp-json\/wp\/v2\/media\/238"}],"wp:attachment":[{"href":"https:\/\/roscar.ma\/nl\/wp-json\/wp\/v2\/media?parent=2089"}],"curies":[{"name":"wp","href":"https:\/\/api.w.org\/{rel}","templated":true}]}}