{"id":2525,"date":"2025-07-17T11:33:38","date_gmt":"2025-07-17T11:33:38","guid":{"rendered":"https:\/\/roscar.ma\/?page_id=2525"},"modified":"2025-07-26T18:18:25","modified_gmt":"2025-07-26T18:18:25","slug":"noleggio-auto-tangeri","status":"publish","type":"page","link":"https:\/\/roscar.ma\/it\/noleggio-auto-tangeri\/","title":{"rendered":"Noleggio auto Tangeri"},"content":{"rendered":"<h2>Noleggio auto Tangeri da RosCar<\/h2>\n<p>Il Marocco settentrionale \u00e8 il luogo in cui si incontrano due continenti (Europa e Africa), dove il clima \u00e8 caldo 365 giorni all&#8217;anno e i ricordi sempre luminosi. Qui potete noleggiare un&#8217;auto a Tangeri e portare il vostro viaggio a un livello completamente nuovo:<\/p>\n<ul>\n<li>Meno spese per i trasporti pubblici o i taxi<\/li>\n<li>Libert\u00e0 di muoversi quando si vuole<\/li>\n<li>Facilit\u00e0 di ritiro e prenotazione 24 ore su 24, 7 giorni su 7<\/li>\n<li>Prezzi economici con alta qualit\u00e0.<\/li>\n<\/ul>\n<p>Siete ancora alla ricerca del miglior valore per ogni dollaro speso? Allora cercate il vostro veicolo su RosCar, prenotate e utilizzate la carta per la conferma (fino al 20% dell&#8217;importo). S\u00ec, \u00e8 cos\u00ec facile.<\/p>\n<h2>Autonoleggio Tangeri: La guida<\/h2>\n<p>Scegliere il giusto autonoleggio Tangeri pu\u00f2 non sembrare un compito facile, considerando il vostro budget, lo stile di viaggio e le vostre esigenze. Ma due passi sono sufficienti per portarvi dove volete andare.<\/p>\n<h3>1. Tipo di veicolo<\/h3>\n<p>Deve essere spazioso o compatto, economico o costoso? Utilizzate i filtri per scegliere il vostro:<\/p>\n<ul>\n<li>Auto economica<\/li>\n<li>Auto compatta<\/li>\n<li>SUV o Crossover<\/li>\n<li>Mini car<\/li>\n<li>Auto standard<\/li>\n<li>Auto di lusso<\/li>\n<li>Cabrio<\/li>\n<li>Furgone, Minivan e altro ancora.<\/li>\n<\/ul>\n<h3>2. Servizi aggiuntivi<\/h3>\n<p>Questo pu\u00f2 essere il modo pi\u00f9 semplice e conveniente per migliorare la qualit\u00e0 dei vostri viaggi con le seguenti caratteristiche:<\/p>\n<ul>\n<li>Cancellazione gratuita: Questa opzione pu\u00f2 essere utilizzata solo 48 ore prima della data di inizio.<\/li>\n<li>Nessuna carta di credito: Ci sono sempre molti veicoli tra cui scegliere.<\/li>\n<li>Carta SIM: Tutti hanno bisogno di internet veloce o di telefonate quando sono in viaggio.<\/li>\n<li>Autista aggiuntivo: \u00c8 sempre utile avere qualcuno pronto a guidare per voi.<\/li>\n<li>Chilometraggio illimitato: Un&#8217;ottima aggiunta a un noleggio auto economico a Tangeri.<\/li>\n<li>Senza deposito: Pu\u00f2 essere pi\u00f9 costosa del 10-15%, ma non prevede il blocco del deposito sulle carte di credito.<\/li>\n<li>Seggiolino per bambini: I bambini sotto i 10 anni possono essere trasportati solo in un seggiolino per bambini (fila posteriore).<\/li>\n<li>Assicurazione aggiuntiva: Non c&#8217;\u00e8 bisogno di preoccuparsi della libert\u00e0 finanziaria con SuperCDW o Full Coverage.<\/li>\n<li>Modello garantito: Avete prenotato una Toyota Corolla? Avrete esattamente la Toyota Corolla.<\/li>\n<li>Trasmissione: Manuale vs. Automatico. Economico vs. Confortevole.<\/li>\n<\/ul>\n<blockquote class=\"info\">\n<h2>Noleggio auto a Tangeri: Prenotazione<\/h2>\n<p>Avete cinque minuti? Allora potete noleggiare qualsiasi veicolo su RosCar in questo modo:<\/p>\n<ol>\n<li>Specificate le date di inizio-fine e le localit\u00e0,<\/li>\n<li>Andate ai filtri e cliccate su quelli che vi sembrano pi\u00f9 interessanti. Ottenete un elenco.<\/li>\n<li>Selezionate la vostra auto tramite Prenota ora.<\/li>\n<li>Selezionate il tipo di pagamento, l&#8217;assicurazione e le caratteristiche extra nel modulo.<\/li>\n<li>Aggiungete altre informazioni e confermate.<\/li>\n<li>Pagate ora. Il<\/li>\n<\/ol>\n<p>Noleggio auto a Tangeri pu\u00f2 essere prenotato da chiunque abbia una patente di guida (oltre i 21 anni) e una carta bancaria (fino al 20% per il pagamento di conferma). L&#8217;80% del resto viene pagato in loco, con qualsiasi metodo specificato nel modulo.<\/p><\/blockquote>\n<h2>Prezzo del noleggio auto a Tangeri<\/h2>\n<p>In questa parte del Marocco, \u00e8 possibile trovare prezzi abbastanza bassi per il noleggio auto a Tangeri:<\/p>\n<ul>\n<li>15-20 dollari per Economy o Mini<\/li>\n<li>25-30 dollari per la Standard<\/li>\n<li>35-50 dollari per Minivan, SUV, 4&#215;4 o Crossover<\/li>\n<li>$60+ per Luxury o Convertible.<\/li>\n<\/ul>\n<p>In piena stagione turistica i prezzi possono aumentare fino al 60%, o anche di pi\u00f9. Per questo motivo, \u00e8 necessario prendere in considerazione i seguenti accorgimenti per ridurre i costi:<\/p>\n<ul>\n<li>Prenotare il prima possibile<\/li>\n<li>Scegliere un tipo di veicolo che non metta a rischio il vostro budget<\/li>\n<li>Cercare le caratteristiche gratuite (nessun deposito, nessuna carta di credito, chilometraggio illimitato, ecc.)<\/li>\n<li>Scegliere la data di inizio del viaggio a met\u00e0 settimana.<\/li>\n<\/ul>\n<p>\u00c8 necessario confrontare anche il prezzo:<\/p>\n<h3>Tabella con i prezzi per il noleggio auto a Tangeri, Marocco<\/h3>\n<table>\n<thead>\n<tr>\n<th>Modello di auto<\/th>\n<th>Tipo di carrozzeria<\/th>\n<th>Prezzo al giorno (bassa stagione)<\/th>\n<th>Prezzo al giorno (alta stagione)<\/th>\n<th>Numero di passeggeri<\/th>\n<th>Capacit\u00e0 bagaglio<\/th>\n<\/tr>\n<\/thead>\n<tbody>\n<tr>\n<td>Fiat Panda<\/td>\n<td>Hatchback<\/td>\n<td>20 \u20ac<\/td>\n<td>27 \u20ac<\/td>\n<td>4<\/td>\n<td>1<\/td>\n<\/tr>\n<tr>\n<td>Kia Picanto<\/td>\n<td>Hatchback<\/td>\n<td>22 \u20ac<\/td>\n<td>29 \u20ac<\/td>\n<td>4<\/td>\n<td>1<\/td>\n<\/tr>\n<tr>\n<td>Dacia Logan<\/td>\n<td>Berlina<\/td>\n<td>24 \u20ac<\/td>\n<td>32 \u20ac<\/td>\n<td>5<\/td>\n<td>2<\/td>\n<\/tr>\n<tr>\n<td>Peugeot 208<\/td>\n<td>Hatchback<\/td>\n<td>26 \u20ac<\/td>\n<td>35 \u20ac<\/td>\n<td>5<\/td>\n<td>2<\/td>\n<\/tr>\n<tr>\n<td>Renault Clio<\/td>\n<td>Hatchback<\/td>\n<td>27 \u20ac<\/td>\n<td>36 \u20ac<\/td>\n<td>5<\/td>\n<td>2<\/td>\n<\/tr>\n<tr>\n<td>Citro\u00ebn C-Elys\u00e9e<\/td>\n<td>Berlina<\/td>\n<td>29 \u20ac<\/td>\n<td>39 \u20ac<\/td>\n<td>5<\/td>\n<td>3<\/td>\n<\/tr>\n<tr>\n<td>Hyundai i20<\/td>\n<td>Hatchback<\/td>\n<td>28 \u20ac<\/td>\n<td>38 \u20ac<\/td>\n<td>5<\/td>\n<td>2<\/td>\n<\/tr>\n<tr>\n<td>Dacia Duster<\/td>\n<td>SUV<\/td>\n<td>38 \u20ac<\/td>\n<td>49 \u20ac<\/td>\n<td>5<\/td>\n<td>3<\/td>\n<\/tr>\n<tr>\n<td>Renault Kadjar<\/td>\n<td>SUV<\/td>\n<td>50 \u20ac<\/td>\n<td>62 \u20ac<\/td>\n<td>5<\/td>\n<td>4<\/td>\n<\/tr>\n<tr>\n<td>Peugeot 3008<\/td>\n<td>SUV<\/td>\n<td>55 \u20ac<\/td>\n<td>70 \u20ac<\/td>\n<td>5<\/td>\n<td>4<\/td>\n<\/tr>\n<\/tbody>\n<\/table>\n        <div class=\"rpc-chart\">\n            <h3>Come cambiano i prezzi del noleggio auto a Tangeri: una panoramica basata su prenotazioni reali<\/h3>\n            <div><p>Negli ultimi tre anni, roscar.ma ha monitorato i prezzi del noleggio auto a Tangeri. Tutti i dati qui presentati si basano su prenotazioni reali, il che ci permette di tracciare un quadro affidabile delle fluttuazioni stagionali dei prezzi di noleggio.<\/p>\n<p>L'analisi comprende diverse categorie di auto, dai modelli compatti ai SUV, alle decappottabili e alle auto premium. Questo ci permette di vedere come l'attivit\u00e0 turistica e il periodo dell'anno influenzano i prezzi.<\/p>\n<p>Gli specialisti di RosCar Marocco vantano una vasta esperienza nel servizio clienti in Marocco e offrono informazioni verificate che saranno utili a chiunque abbia in programma un viaggio a Tangeri e voglia pianificare efficacemente i costi di trasporto.<\/p>\n<\/div>\n            <div class=\"rpc-chart-bars\">\n                                    <div class=\"rpc-chart-column\">\n                        <div class=\"rpc-chart-inner\" style=\"height: 24.528301886792%\">\n                            <div class=\"rpc-chart-column-value\">13 \u20ac<\/div>\n                            <div class=\"rpc-chart-month\">JAN<\/div>\n                        <\/div>\n                    <\/div>\n                                    <div class=\"rpc-chart-column\">\n                        <div class=\"rpc-chart-inner\" style=\"height: 26.415094339623%\">\n                            <div class=\"rpc-chart-column-value\">14 \u20ac<\/div>\n                            <div class=\"rpc-chart-month\">FEB<\/div>\n                        <\/div>\n                    <\/div>\n                                    <div class=\"rpc-chart-column\">\n                        <div class=\"rpc-chart-inner\" style=\"height: 28.301886792453%\">\n                            <div class=\"rpc-chart-column-value\">15 \u20ac<\/div>\n                            <div class=\"rpc-chart-month\">MAR<\/div>\n                        <\/div>\n                    <\/div>\n                                    <div class=\"rpc-chart-column\">\n                        <div class=\"rpc-chart-inner\" style=\"height: 45.283018867925%\">\n                            <div class=\"rpc-chart-column-value\">24 \u20ac<\/div>\n                            <div class=\"rpc-chart-month\">APR<\/div>\n                        <\/div>\n                    <\/div>\n                                    <div class=\"rpc-chart-column\">\n                        <div class=\"rpc-chart-inner\" style=\"height: 32.075471698113%\">\n                            <div class=\"rpc-chart-column-value\">17 \u20ac<\/div>\n                            <div class=\"rpc-chart-month\">MAY<\/div>\n                        <\/div>\n                    <\/div>\n                                    <div class=\"rpc-chart-column\">\n                        <div class=\"rpc-chart-inner\" style=\"height: 30.188679245283%\">\n                            <div class=\"rpc-chart-column-value\">16 \u20ac<\/div>\n                            <div class=\"rpc-chart-month\">JUN<\/div>\n                        <\/div>\n                    <\/div>\n                                    <div class=\"rpc-chart-column\">\n                        <div class=\"rpc-chart-inner\" style=\"height: 52.830188679245%\">\n                            <div class=\"rpc-chart-column-value\">28 \u20ac<\/div>\n                            <div class=\"rpc-chart-month\">JUL<\/div>\n                        <\/div>\n                    <\/div>\n                                    <div class=\"rpc-chart-column\">\n                        <div class=\"rpc-chart-inner\" style=\"height: 62.264150943396%\">\n                            <div class=\"rpc-chart-column-value\">33 \u20ac<\/div>\n                            <div class=\"rpc-chart-month\">AUG<\/div>\n                        <\/div>\n                    <\/div>\n                                    <div class=\"rpc-chart-column\">\n                        <div class=\"rpc-chart-inner\" style=\"height: 39.622641509434%\">\n                            <div class=\"rpc-chart-column-value\">21 \u20ac<\/div>\n                            <div class=\"rpc-chart-month\">SEP<\/div>\n                        <\/div>\n                    <\/div>\n                                    <div class=\"rpc-chart-column\">\n                        <div class=\"rpc-chart-inner\" style=\"height: 35.849056603774%\">\n                            <div class=\"rpc-chart-column-value\">19 \u20ac<\/div>\n                            <div class=\"rpc-chart-month\">OCT<\/div>\n                        <\/div>\n                    <\/div>\n                                    <div class=\"rpc-chart-column\">\n                        <div class=\"rpc-chart-inner\" style=\"height: 32.075471698113%\">\n                            <div class=\"rpc-chart-column-value\">17 \u20ac<\/div>\n                            <div class=\"rpc-chart-month\">NOV<\/div>\n                        <\/div>\n                    <\/div>\n                                    <div class=\"rpc-chart-column\">\n                        <div class=\"rpc-chart-inner\" style=\"height: 41.509433962264%\">\n                            <div class=\"rpc-chart-column-value\">22 \u20ac<\/div>\n                            <div class=\"rpc-chart-month\">DEC<\/div>\n                        <\/div>\n                    <\/div>\n                            <\/div>\n        <\/div>\n        \n<h2>Noleggio auto a Tangeri: Documenti<\/h2>\n<p>Il Marocco \u00e8 un Paese aperto e accessibile ai turisti di tutto il mondo. Pertanto, per il noleggio sono richiesti solo documenti standard:<\/p>\n<ol>\n<li>Patente di guida (sono richiesti 2 anni di esperienza)<\/li>\n<li>Passaporto o carta d&#8217;identit\u00e0<\/li>\n<li>Voucher o certificato di prenotazione<\/li>\n<li>Carta di credito (opzionale).<\/li>\n<\/ol>\n","protected":false},"excerpt":{"rendered":"<p>Noleggio auto Tangeri da RosCar Il Marocco settentrionale \u00e8 il luogo in cui si incontrano due continenti (Europa e Africa), dove il clima \u00e8 caldo 365 giorni all&#8217;anno e i ricordi sempre luminosi. Qui potete noleggiare un&#8217;auto a Tangeri e portare il vostro viaggio a un livello completamente nuovo: Meno spese per i trasporti pubblici [&hellip;]<\/p>\n","protected":false},"author":1,"featured_media":287,"parent":0,"menu_order":0,"comment_status":"closed","ping_status":"closed","template":"","meta":{"footnotes":""},"class_list":["post-2525","page","type-page","status-publish","has-post-thumbnail",""],"_links":{"self":[{"href":"https:\/\/roscar.ma\/it\/wp-json\/wp\/v2\/pages\/2525","targetHints":{"allow":["GET"]}}],"collection":[{"href":"https:\/\/roscar.ma\/it\/wp-json\/wp\/v2\/pages"}],"about":[{"href":"https:\/\/roscar.ma\/it\/wp-json\/wp\/v2\/types\/page"}],"author":[{"embeddable":true,"href":"https:\/\/roscar.ma\/it\/wp-json\/wp\/v2\/users\/1"}],"replies":[{"embeddable":true,"href":"https:\/\/roscar.ma\/it\/wp-json\/wp\/v2\/comments?post=2525"}],"version-history":[{"count":1,"href":"https:\/\/roscar.ma\/it\/wp-json\/wp\/v2\/pages\/2525\/revisions"}],"predecessor-version":[{"id":2526,"href":"https:\/\/roscar.ma\/it\/wp-json\/wp\/v2\/pages\/2525\/revisions\/2526"}],"wp:featuredmedia":[{"embeddable":true,"href":"https:\/\/roscar.ma\/it\/wp-json\/wp\/v2\/media\/287"}],"wp:attachment":[{"href":"https:\/\/roscar.ma\/it\/wp-json\/wp\/v2\/media?parent=2525"}],"curies":[{"name":"wp","href":"https:\/\/api.w.org\/{rel}","templated":true}]}}