{"id":2156,"date":"2025-07-17T11:30:24","date_gmt":"2025-07-17T11:30:24","guid":{"rendered":"https:\/\/roscar.ma\/?page_id=2156"},"modified":"2025-07-26T11:47:33","modified_gmt":"2025-07-26T11:47:33","slug":"noleggio-auto-agadir","status":"publish","type":"page","link":"https:\/\/roscar.ma\/it\/noleggio-auto-agadir\/","title":{"rendered":"Noleggio Auto Agadir"},"content":{"rendered":"<h2>Noleggio Auto Agadir da RosCar<\/h2>\n<p>Il Marocco \u00e8 un paese con un&#8217;atmosfera unica, paesaggi vibranti e decine di squisite citt\u00e0 costiere. \u00c8 il luogo perfetto per chi cerca qualcosa di pi\u00f9 del semplice relax sulla spiaggia. E c&#8217;\u00e8 solo un modo per andare se volete ottenere il massimo dal vostro viaggio e fare il pieno di sensazioni vivaci: il noleggio auto di Agadir. Pronti a prendere la vostra? Allora prenotate subito con RosCar e potrete:<\/p>\n<ul>\n<li>Scegliere le migliori offerte con condizioni vantaggiose per tutti<\/li>\n<li>Equipaggiare opzioni extra che rendono la vita migliore e pi\u00f9 facile<\/li>\n<li>Muovervi lungo il vostro percorso unico senza essere legati agli orari di qualcun altro<\/li>\n<li>Usufruire di prezzi bassi per il noleggio auto a lungo termine.<\/li>\n<\/ul>\n<h2>Noleggio Auto Agadir: La guida<\/h2>\n<p>Prima di premere il pulsante &#8220;Prenota ora&#8221;, vi suggeriamo di leggere una breve introduzione. Questo \u00e8 il percorso di migliaia di viaggiatori attivi da tutto il mondo, che vi permette di prendere ci\u00f2 di cui non vi pentirete.<\/p>\n<h3>1. Scegliere il tipo di veicolo adatto al proprio budget e ai propri obiettivi<\/h3>\n<p>Il noleggio auto a basso costo ad Agadir \u00e8 disponibile solo per coloro che scelgono il tipo giusto:<\/p>\n<ul>\n<li>Auto standard (la pi\u00f9 venduta in Marocco)<\/li>\n<li>Crossover o SUV<\/li>\n<li>Mini car o auto economica<\/li>\n<li>Minivan o Van<\/li>\n<li>Cabrio, Lusso o altro.<\/li>\n<\/ul>\n<h3>2. E i servizi aggiuntivi?<\/h3>\n<p>Questa \u00e8 la parte della prenotazione che molti turisti spesso saltano, salvo poi pentirsi di non avervi prestato maggiore attenzione. Forse qui c&#8217;\u00e8 qualcosa che render\u00e0 migliore il vostro noleggio auto ad Agadir:<\/p>\n<ul>\n<li>L&#8217;assicurazione aggiuntiva: I rischi finanziari saranno minori se avete pagato per un upgrade alla copertura completa o alla SuperCDW.<\/li>\n<li>Cancellazione gratuita: Nel caso in cui non siate sicuri al 100% dei vostri piani.<\/li>\n<li>Chilometraggio illimitato: Zero spese per infinite opportunit\u00e0 di viaggio.<\/li>\n<li>Nessun deposito: Non c&#8217;\u00e8 bisogno di tagliare il budget, provate a non bloccare i depositi sulle carte di credito.<\/li>\n<li>Modello garantito: Verr\u00e0 riservata la stessa auto, senza eccezioni.<\/li>\n<li>Trasmissione: Non vi sorprender\u00e0 sapere che vi consigliamo un cambio automatico.<\/li>\n<li>Nessuna carta di credito: Molti buoni veicoli sono disponibili con questa funzione gratuita.<\/li>\n<li>Carta SIM: Viaggiare nel 2025 \u00e8 impossibile senza una connessione internet stabile ed economica.<\/li>\n<li>Conducente aggiuntivo: Selezionate questa opzione se volete far guidare un amico durante il viaggio.<\/li>\n<li>Seggiolino per bambini: In Marocco i bambini di et\u00e0 inferiore ai 10 anni devono essere tenuti in un seggiolino.<\/li>\n<\/ul>\n<blockquote class=\"check\">\n<h2>Noleggio auto a Agadir: Prenotazione<\/h2>\n<p>Avete la patente di guida e avete pi\u00f9 di 21 anni? Allora andate a noleggiare un&#8217;auto a Agadir il prima possibile:<\/p>\n<ol>\n<li>Specificate localit\u00e0 e date.<\/li>\n<li>Andate ai filtri per personalizzare la ricerca.<\/li>\n<li>Avete trovato il veicolo desiderato nell&#8217;elenco? Prenota ora.<\/li>\n<li>Aggiungi servizi aggiuntivi o tipo di assicurazione (se hai bisogno di un upgrade).<\/li>\n<li>Inserisci i dati del tuo conducente.<\/li>\n<li>Conferma.<\/li>\n<\/ol>\n<p>La conferma della prenotazione su RosCar avviene tramite carta bancaria, che richiede circa un quinto del pagamento del noleggio. Il voucher (conferma della prenotazione) sar\u00e0 inviato non appena il pagamento sar\u00e0 accreditato.<\/p><\/blockquote>\n<h2>Prezzo del noleggio auto Agadir<\/h2>\n<p>Il costo di un giorno di guida di un veicolo a noleggio \u00e8 di:<\/p>\n<ul>\n<li>15-20 dollari per Economy\/Mini<\/li>\n<li>25-35 dollari per Standard\/Compact<\/li>\n<li>40-60 dollari per Crossover\/SUV\/Minivan<\/li>\n<li>$80+ per Luxury\/Convertible.<\/li>\n<\/ul>\n<p>Questi sono solo valori approssimativi calcolati sulla media dell&#8217;anno. Noleggiare un&#8217;auto ad Agadir sar\u00e0 pi\u00f9 conveniente se:<\/p>\n<ul>\n<li>non si devono affrontare le stagioni o le festivit\u00e0 dell&#8217;ultimo minuto<\/li>\n<li>Cercate un noleggio auto a lungo termine<\/li>\n<li>Ritirare l&#8217;auto in citt\u00e0 (l&#8217;aeroporto o il trasferimento sono pi\u00f9 costosi)<\/li>\n<li>Prenotate per tempo (10-20 giorni prima della partenza).<\/li>\n<\/ul>\n<p>Si consiglia inoltre di confrontare i prezzi:<\/p>\n<h3>Tabella con i prezzi per il noleggio auto a Agadir, Marocco<\/h3>\n<table border=\"1\" cellspacing=\"0\" cellpadding=\"0\">\n<thead>\n<tr>\n<th>Modello di auto<\/th>\n<th>Tipo di carrozzeria<\/th>\n<th>Prezzo al giorno (bassa stagione)<\/th>\n<th>Prezzo al giorno (alta stagione)<\/th>\n<th>Numero di passeggeri<\/th>\n<th>Capacit\u00e0 bagaglio<\/th>\n<\/tr>\n<\/thead>\n<tbody>\n<tr>\n<td>Fiat Panda<\/td>\n<td>Hatchback<\/td>\n<td>19 \u20ac<\/td>\n<td>25 \u20ac<\/td>\n<td>4<\/td>\n<td>1<\/td>\n<\/tr>\n<tr>\n<td>Kia Picanto<\/td>\n<td>Hatchback<\/td>\n<td>21 \u20ac<\/td>\n<td>28 \u20ac<\/td>\n<td>4<\/td>\n<td>1<\/td>\n<\/tr>\n<tr>\n<td>Dacia Logan<\/td>\n<td>Berlina<\/td>\n<td>23 \u20ac<\/td>\n<td>31 \u20ac<\/td>\n<td>5<\/td>\n<td>2<\/td>\n<\/tr>\n<tr>\n<td>Hyundai i20<\/td>\n<td>Hatchback<\/td>\n<td>25 \u20ac<\/td>\n<td>34 \u20ac<\/td>\n<td>5<\/td>\n<td>2<\/td>\n<\/tr>\n<tr>\n<td>Peugeot 208<\/td>\n<td>Hatchback<\/td>\n<td>26 \u20ac<\/td>\n<td>35 \u20ac<\/td>\n<td>5<\/td>\n<td>2<\/td>\n<\/tr>\n<tr>\n<td>Renault Clio<\/td>\n<td>Hatchback<\/td>\n<td>27 \u20ac<\/td>\n<td>37 \u20ac<\/td>\n<td>5<\/td>\n<td>2<\/td>\n<\/tr>\n<tr>\n<td>Citro\u00ebn C-Elys\u00e9e<\/td>\n<td>Berlina<\/td>\n<td>28 \u20ac<\/td>\n<td>38 \u20ac<\/td>\n<td>5<\/td>\n<td>3<\/td>\n<\/tr>\n<tr>\n<td>Renault Captur<\/td>\n<td>Crossover<\/td>\n<td>33 \u20ac<\/td>\n<td>44 \u20ac<\/td>\n<td>5<\/td>\n<td>3<\/td>\n<\/tr>\n<tr>\n<td>Dacia Duster<\/td>\n<td>SUV<\/td>\n<td>37 \u20ac<\/td>\n<td>48 \u20ac<\/td>\n<td>5<\/td>\n<td>3<\/td>\n<\/tr>\n<tr>\n<td>Peugeot 3008<\/td>\n<td>SUV<\/td>\n<td>54 \u20ac<\/td>\n<td>68 \u20ac<\/td>\n<td>5<\/td>\n<td>4<\/td>\n<\/tr>\n<\/tbody>\n<\/table>\n        <div class=\"rpc-chart\">\n            <h3>Variazioni stagionali dei prezzi di noleggio auto ad Agadir: analisi reali basate sulle prenotazioni<\/h3>\n            <div><p>Negli ultimi tre anni, il team di roscar.ma ha raccolto e analizzato i dati sul costo medio del noleggio di un'auto ad Agadir. Tutti i risultati si basano su prenotazioni reali effettuate attraverso la piattaforma, che lavora esclusivamente con partner locali di fiducia.<\/p>\n<p>Lo studio prende in considerazione tutte le categorie di auto, dai modelli compatti da citt\u00e0 agli spaziosi SUV, alle decappottabili e alle auto di classe business. Questo approccio consente di individuare con precisione le tendenze stagionali dei prezzi e di fornire ai clienti le informazioni pi\u00f9 utili per pianificare il loro viaggio.<\/p>\n<p>Gli specialisti di RosCar Marocco hanno una profonda conoscenza del mercato del noleggio auto in Marocco e lavorano quotidianamente per aggiornare le statistiche. In questo modo gli utenti non ricevono solo medie, ma informazioni pratiche e affidabili che rispondono a condizioni reali.<\/p>\n<\/div>\n            <div class=\"rpc-chart-bars\">\n                                    <div class=\"rpc-chart-column\">\n                        <div class=\"rpc-chart-inner\" style=\"height: 27.659574468085%\">\n                            <div class=\"rpc-chart-column-value\">13 \u20ac<\/div>\n                            <div class=\"rpc-chart-month\">JAN<\/div>\n                        <\/div>\n                    <\/div>\n                                    <div class=\"rpc-chart-column\">\n                        <div class=\"rpc-chart-inner\" style=\"height: 29.787234042553%\">\n                            <div class=\"rpc-chart-column-value\">14 \u20ac<\/div>\n                            <div class=\"rpc-chart-month\">FEB<\/div>\n                        <\/div>\n                    <\/div>\n                                    <div class=\"rpc-chart-column\">\n                        <div class=\"rpc-chart-inner\" style=\"height: 27.659574468085%\">\n                            <div class=\"rpc-chart-column-value\">13 \u20ac<\/div>\n                            <div class=\"rpc-chart-month\">MAR<\/div>\n                        <\/div>\n                    <\/div>\n                                    <div class=\"rpc-chart-column\">\n                        <div class=\"rpc-chart-inner\" style=\"height: 38.297872340426%\">\n                            <div class=\"rpc-chart-column-value\">18 \u20ac<\/div>\n                            <div class=\"rpc-chart-month\">APR<\/div>\n                        <\/div>\n                    <\/div>\n                                    <div class=\"rpc-chart-column\">\n                        <div class=\"rpc-chart-inner\" style=\"height: 29.787234042553%\">\n                            <div class=\"rpc-chart-column-value\">14 \u20ac<\/div>\n                            <div class=\"rpc-chart-month\">MAY<\/div>\n                        <\/div>\n                    <\/div>\n                                    <div class=\"rpc-chart-column\">\n                        <div class=\"rpc-chart-inner\" style=\"height: 27.659574468085%\">\n                            <div class=\"rpc-chart-column-value\">13 \u20ac<\/div>\n                            <div class=\"rpc-chart-month\">JUN<\/div>\n                        <\/div>\n                    <\/div>\n                                    <div class=\"rpc-chart-column\">\n                        <div class=\"rpc-chart-inner\" style=\"height: 46.808510638298%\">\n                            <div class=\"rpc-chart-column-value\">22 \u20ac<\/div>\n                            <div class=\"rpc-chart-month\">JUL<\/div>\n                        <\/div>\n                    <\/div>\n                                    <div class=\"rpc-chart-column\">\n                        <div class=\"rpc-chart-inner\" style=\"height: 57.446808510638%\">\n                            <div class=\"rpc-chart-column-value\">27 \u20ac<\/div>\n                            <div class=\"rpc-chart-month\">AUG<\/div>\n                        <\/div>\n                    <\/div>\n                                    <div class=\"rpc-chart-column\">\n                        <div class=\"rpc-chart-inner\" style=\"height: 31.914893617021%\">\n                            <div class=\"rpc-chart-column-value\">15 \u20ac<\/div>\n                            <div class=\"rpc-chart-month\">SEP<\/div>\n                        <\/div>\n                    <\/div>\n                                    <div class=\"rpc-chart-column\">\n                        <div class=\"rpc-chart-inner\" style=\"height: 38.297872340426%\">\n                            <div class=\"rpc-chart-column-value\">18 \u20ac<\/div>\n                            <div class=\"rpc-chart-month\">OCT<\/div>\n                        <\/div>\n                    <\/div>\n                                    <div class=\"rpc-chart-column\">\n                        <div class=\"rpc-chart-inner\" style=\"height: 31.914893617021%\">\n                            <div class=\"rpc-chart-column-value\">15 \u20ac<\/div>\n                            <div class=\"rpc-chart-month\">NOV<\/div>\n                        <\/div>\n                    <\/div>\n                                    <div class=\"rpc-chart-column\">\n                        <div class=\"rpc-chart-inner\" style=\"height: 40.425531914894%\">\n                            <div class=\"rpc-chart-column-value\">19 \u20ac<\/div>\n                            <div class=\"rpc-chart-month\">DEC<\/div>\n                        <\/div>\n                    <\/div>\n                            <\/div>\n        <\/div>\n        \n<h2>Noleggio Auto Agadir: Documenti<\/h2>\n<p>Per il noleggio di un&#8217;auto ad Agadir sono richiesti 21-25 anni di et\u00e0, una certa esperienza di guida e i seguenti documenti:<\/p>\n<ol>\n<li>Carta di credito (opzionale)<\/li>\n<li>Passaporto<\/li>\n<li>Voucher\/Certificato di prenotazione<\/li>\n<li>Patente di guida (o IDP).<\/li>\n<\/ol>\n<p>Il noleggio auto ad Agadir \u00e8 un servizio indispensabile per i turisti che vogliono vedere non solo Agadir, ma tutto il Marocco.<\/p>\n","protected":false},"excerpt":{"rendered":"<p>Noleggio Auto Agadir da RosCar Il Marocco \u00e8 un paese con un&#8217;atmosfera unica, paesaggi vibranti e decine di squisite citt\u00e0 costiere. \u00c8 il luogo perfetto per chi cerca qualcosa di pi\u00f9 del semplice relax sulla spiaggia. E c&#8217;\u00e8 solo un modo per andare se volete ottenere il massimo dal vostro viaggio e fare il pieno [&hellip;]<\/p>\n","protected":false},"author":1,"featured_media":797,"parent":0,"menu_order":0,"comment_status":"closed","ping_status":"closed","template":"","meta":{"footnotes":""},"class_list":["post-2156","page","type-page","status-publish","has-post-thumbnail",""],"_links":{"self":[{"href":"https:\/\/roscar.ma\/it\/wp-json\/wp\/v2\/pages\/2156","targetHints":{"allow":["GET"]}}],"collection":[{"href":"https:\/\/roscar.ma\/it\/wp-json\/wp\/v2\/pages"}],"about":[{"href":"https:\/\/roscar.ma\/it\/wp-json\/wp\/v2\/types\/page"}],"author":[{"embeddable":true,"href":"https:\/\/roscar.ma\/it\/wp-json\/wp\/v2\/users\/1"}],"replies":[{"embeddable":true,"href":"https:\/\/roscar.ma\/it\/wp-json\/wp\/v2\/comments?post=2156"}],"version-history":[{"count":2,"href":"https:\/\/roscar.ma\/it\/wp-json\/wp\/v2\/pages\/2156\/revisions"}],"predecessor-version":[{"id":2158,"href":"https:\/\/roscar.ma\/it\/wp-json\/wp\/v2\/pages\/2156\/revisions\/2158"}],"wp:featuredmedia":[{"embeddable":true,"href":"https:\/\/roscar.ma\/it\/wp-json\/wp\/v2\/media\/797"}],"wp:attachment":[{"href":"https:\/\/roscar.ma\/it\/wp-json\/wp\/v2\/media?parent=2156"}],"curies":[{"name":"wp","href":"https:\/\/api.w.org\/{rel}","templated":true}]}}