{"id":2102,"date":"2025-07-17T11:14:56","date_gmt":"2025-07-17T11:14:56","guid":{"rendered":"https:\/\/roscar.ma\/?page_id=2102"},"modified":"2025-07-25T16:03:47","modified_gmt":"2025-07-25T16:03:47","slug":"noleggio-auto-fes-fez","status":"publish","type":"page","link":"https:\/\/roscar.ma\/it\/noleggio-auto-fes-fez\/","title":{"rendered":"Noleggio auto Fes (Fez)"},"content":{"rendered":"<h2>Noleggio auto Fez (Fes) da RosCar<\/h2>\n<p>Quasi ogni Paese ha una capitale non ufficiale, che \u00e8 il centro della vita culturale dell&#8217;intero Stato. Volete trovare questa bella citt\u00e0 in Marocco? Allora \u00e8 necessario noleggiare un&#8217;auto a Fes:<\/p>\n<ul>\n<li>Ottenere la migliore esperienza di guida a un prezzo contenuto<\/li>\n<li>Scegliere il veicolo migliore con le aggiunte ideali<\/li>\n<li>Portare il vostro viaggio a un altro livello di comfort<\/li>\n<li>Non siate limitati nelle vostre opzioni di viaggio.<\/li>\n<\/ul>\n<p>Noleggiate un&#8217;auto a Fez con RosCar e potrete scoprire tutti i segreti di questo fantastico mondo arabo. Ma prima, preparate la vostra carta per confermare la prenotazione, perch\u00e9 non c&#8217;\u00e8 altro modo per ottenere il vostro veicolo. Prenotate ora.<\/p>\n<h2>Noleggio auto Fes: Guida<\/h2>\n<p>A volte anche i viaggiatori pi\u00f9 esperti hanno bisogno di qualche buon consiglio. Questi sono i consigli che vi permetteranno di pagare meno e di ottenere il massimo nel minor tempo possibile.<\/p>\n<h3>Primo consiglio: Utilizzare i filtri per tipologia<\/h3>\n<p>Non perdete tempo a cercare veicoli che non vi interessano. Sceglietene solo uno:<\/p>\n<ul>\n<li>Economico<\/li>\n<li>Standard<\/li>\n<li>Mini<\/li>\n<li>Cabrio<\/li>\n<li>SUV o Crossover<\/li>\n<li>Minivan o furgone<\/li>\n<li>Altro.<\/li>\n<\/ul>\n<h3>Secondo consiglio: Trovare gli extra<\/h3>\n<p>Non uno, ma una dozzina di extra che potete ottenere dal noleggio auto economico a Fes:<\/p>\n<ul>\n<li>Nessuna carta di credito: Qualsiasi altra carta di credito o contanti va bene.<\/li>\n<li>Carta SIM: Ne avrete bisogno per navigare tra le numerose attrazioni di Fez.<\/li>\n<li>Guidatore addizionale: Chiunque soddisfi i requisiti di et\u00e0 previsti dal noleggio.<\/li>\n<li>Seggiolino per bambini: Viaggiare con i bambini dovrebbe essere sicuro.<\/li>\n<li>Cancellazione gratuita: I costi di prenotazione saranno rimborsati se si annulla con 48 ore di anticipo.<\/li>\n<li>Chilometraggio illimitato: Una quantit\u00e0 infinita di incredibili bellezze arabe.<\/li>\n<li>Nessun deposito: Meno stress quando si tratta di blocchi senza deposito sulle carte di credito.<\/li>\n<li>Modello garantito: Il veicolo ritirato \u00e8 lo stesso che avete richiesto.<\/li>\n<li>Trasmissione: Quale preferite, manuale o automatica?<\/li>\n<li>Assicurazione aggiuntiva: Super CDW o Full Coverage sono le migliori opzioni di aggiornamento.<\/li>\n<\/ul>\n<blockquote class=\"info\">\n<h2>Il noleggio auto a Fez in dettaglio<\/h2>\n<p>RosCar ha una procedura di prenotazione semplice, alla portata di qualsiasi adulto (dai 21 anni in su):<\/p>\n<ol>\n<li>specificare le date e le localit\u00e0.<\/li>\n<li>Andare ai filtri, cliccare su quelli desiderati.<\/li>\n<li>Scorrere l&#8217;elenco e Prenotare ora quando si trova quello migliore.<\/li>\n<li>Selezionare il tipo di assicurazione (Standard o Upgrade), nonch\u00e9 le opzioni aggiuntive.<\/li>\n<li>Compilare i dati principali del conducente.<\/li>\n<li>Confermare. Il<\/li>\n<\/ol>\n<p>Noleggio auto a Fes richiede la conferma automatica di qualsiasi carta bancaria. L&#8217;importo del pagamento pu\u00f2 variare da un quinto all&#8217;intero importo del noleggio.<\/p><\/blockquote>\n<h2>Prezzo del noleggio auto a Fes<\/h2>\n<p>L&#8217;Atene d&#8217;Africa non \u00e8 certo un luogo economico in cui viaggiare, ma \u00e8 sempre possibile trovare un veicolo per qualsiasi budget:<\/p>\n<ul>\n<li>20-30 dollari per Mini o Economy<\/li>\n<li>30-40 dollari per la Standard<\/li>\n<li>40-55 dollari per Minivan, SUV o Crossover<\/li>\n<li>70$+ per Luxury o Convertible.<\/li>\n<\/ul>\n<p>Si prega di notare che i prezzi potrebbero non essere sempre uguali. Il prezzo medio giornaliero pu\u00f2 variare significativamente in base a diversi fattori:<\/p>\n<ul>\n<li>Durata del noleggio<\/li>\n<li>Metodo di ritiro (citt\u00e0 di Fez o aeroporto)<\/li>\n<li>Numero di opzioni aggiuntive<\/li>\n<li>Carico di lavoro dell&#8217;operatore.<\/li>\n<\/ul>\n<p>Ecco come confrontare il prezzo del noleggio auto a Fez:<\/p>\n<h3>Tabella con i prezzi per il noleggio auto a Fes, Marocco<\/h3>\n<table border=\"1\">\n<thead>\n<tr>\n<th>Modello di auto<\/th>\n<th>Tipo di carrozzeria<\/th>\n<th>Prezzo al giorno (bassa stagione)<\/th>\n<th>Prezzo al giorno (alta stagione)<\/th>\n<th>Numero di passeggeri<\/th>\n<th>Capacit\u00e0 bagaglio<\/th>\n<\/tr>\n<\/thead>\n<tbody>\n<tr>\n<td>Fiat Panda<\/td>\n<td>Hatchback<\/td>\n<td>19 \u20ac<\/td>\n<td>26 \u20ac<\/td>\n<td>4<\/td>\n<td>1<\/td>\n<\/tr>\n<tr>\n<td>Hyundai i10<\/td>\n<td>Hatchback<\/td>\n<td>21 \u20ac<\/td>\n<td>28 \u20ac<\/td>\n<td>4<\/td>\n<td>1<\/td>\n<\/tr>\n<tr>\n<td>Kia Picanto<\/td>\n<td>Hatchback<\/td>\n<td>22 \u20ac<\/td>\n<td>30 \u20ac<\/td>\n<td>4<\/td>\n<td>1<\/td>\n<\/tr>\n<tr>\n<td>Peugeot 208<\/td>\n<td>Hatchback<\/td>\n<td>24 \u20ac<\/td>\n<td>33 \u20ac<\/td>\n<td>5<\/td>\n<td>2<\/td>\n<\/tr>\n<tr>\n<td>Dacia Logan<\/td>\n<td>Berlina<\/td>\n<td>25 \u20ac<\/td>\n<td>34 \u20ac<\/td>\n<td>5<\/td>\n<td>2<\/td>\n<\/tr>\n<tr>\n<td>Renault Clio<\/td>\n<td>Hatchback<\/td>\n<td>27 \u20ac<\/td>\n<td>36 \u20ac<\/td>\n<td>5<\/td>\n<td>2<\/td>\n<\/tr>\n<tr>\n<td>Citro\u00ebn C-Elys\u00e9e<\/td>\n<td>Berlina<\/td>\n<td>28 \u20ac<\/td>\n<td>38 \u20ac<\/td>\n<td>5<\/td>\n<td>3<\/td>\n<\/tr>\n<tr>\n<td>Renault Captur<\/td>\n<td>Crossover<\/td>\n<td>32 \u20ac<\/td>\n<td>43 \u20ac<\/td>\n<td>5<\/td>\n<td>3<\/td>\n<\/tr>\n<tr>\n<td>Dacia Duster<\/td>\n<td>SUV<\/td>\n<td>36 \u20ac<\/td>\n<td>47 \u20ac<\/td>\n<td>5<\/td>\n<td>3<\/td>\n<\/tr>\n<tr>\n<td>Peugeot 3008<\/td>\n<td>SUV<\/td>\n<td>52 \u20ac<\/td>\n<td>66 \u20ac<\/td>\n<td>5<\/td>\n<td>4<\/td>\n<\/tr>\n<\/tbody>\n<\/table>\n        <div class=\"rpc-chart\">\n            <h3>Come variano i prezzi del noleggio auto a Fez a seconda della stagione: analisi basata su prenotazioni reali<\/h3>\n            <div><p>Nel corso degli ultimi tre anni, abbiamo registrato le variazioni dei prezzi medi del noleggio auto a Fez, vikoryst e i dati delle prenotazioni effettive effettuate tramite la piattaforma roscar.ma. Collaboriamo solo con compagnie di noleggio locali verificate, il che garantisce la trasparenza e l'affidabilit\u00e0 delle tariffe di noleggio.<\/p>\n<p>L'analisi copre l'intera gamma di veicoli di trasporto: dalle utilitarie economiche per gli spostamenti locali ai veicoli commerciali, alle cabriolet e alle auto di classe premium. Questo approccio consente di identificare le fluttuazioni stagionali dei prezzi e di rispondere immediatamente alle variazioni di prezzo.<\/p>\n<p>Consulta le nostre informazioni per scoprire il momento migliore per noleggiare un'auto. RosCar \u00e8 il tuo assistente affidabile nella pianificazione di un trasferimento manuale ed efficiente in Marocco.<\/p>\n<\/div>\n            <div class=\"rpc-chart-bars\">\n                                    <div class=\"rpc-chart-column\">\n                        <div class=\"rpc-chart-inner\" style=\"height: 25%\">\n                            <div class=\"rpc-chart-column-value\">12 \u20ac<\/div>\n                            <div class=\"rpc-chart-month\">JAN<\/div>\n                        <\/div>\n                    <\/div>\n                                    <div class=\"rpc-chart-column\">\n                        <div class=\"rpc-chart-inner\" style=\"height: 27.083333333333%\">\n                            <div class=\"rpc-chart-column-value\">13 \u20ac<\/div>\n                            <div class=\"rpc-chart-month\">FEB<\/div>\n                        <\/div>\n                    <\/div>\n                                    <div class=\"rpc-chart-column\">\n                        <div class=\"rpc-chart-inner\" style=\"height: 29.166666666667%\">\n                            <div class=\"rpc-chart-column-value\">14 \u20ac<\/div>\n                            <div class=\"rpc-chart-month\">MAR<\/div>\n                        <\/div>\n                    <\/div>\n                                    <div class=\"rpc-chart-column\">\n                        <div class=\"rpc-chart-inner\" style=\"height: 35.416666666667%\">\n                            <div class=\"rpc-chart-column-value\">17 \u20ac<\/div>\n                            <div class=\"rpc-chart-month\">APR<\/div>\n                        <\/div>\n                    <\/div>\n                                    <div class=\"rpc-chart-column\">\n                        <div class=\"rpc-chart-inner\" style=\"height: 37.5%\">\n                            <div class=\"rpc-chart-column-value\">18 \u20ac<\/div>\n                            <div class=\"rpc-chart-month\">MAY<\/div>\n                        <\/div>\n                    <\/div>\n                                    <div class=\"rpc-chart-column\">\n                        <div class=\"rpc-chart-inner\" style=\"height: 43.75%\">\n                            <div class=\"rpc-chart-column-value\">21 \u20ac<\/div>\n                            <div class=\"rpc-chart-month\">JUN<\/div>\n                        <\/div>\n                    <\/div>\n                                    <div class=\"rpc-chart-column\">\n                        <div class=\"rpc-chart-inner\" style=\"height: 52.083333333333%\">\n                            <div class=\"rpc-chart-column-value\">25 \u20ac<\/div>\n                            <div class=\"rpc-chart-month\">JUL<\/div>\n                        <\/div>\n                    <\/div>\n                                    <div class=\"rpc-chart-column\">\n                        <div class=\"rpc-chart-inner\" style=\"height: 58.333333333333%\">\n                            <div class=\"rpc-chart-column-value\">28 \u20ac<\/div>\n                            <div class=\"rpc-chart-month\">AUG<\/div>\n                        <\/div>\n                    <\/div>\n                                    <div class=\"rpc-chart-column\">\n                        <div class=\"rpc-chart-inner\" style=\"height: 39.583333333333%\">\n                            <div class=\"rpc-chart-column-value\">19 \u20ac<\/div>\n                            <div class=\"rpc-chart-month\">SEP<\/div>\n                        <\/div>\n                    <\/div>\n                                    <div class=\"rpc-chart-column\">\n                        <div class=\"rpc-chart-inner\" style=\"height: 35.416666666667%\">\n                            <div class=\"rpc-chart-column-value\">17 \u20ac<\/div>\n                            <div class=\"rpc-chart-month\">OCT<\/div>\n                        <\/div>\n                    <\/div>\n                                    <div class=\"rpc-chart-column\">\n                        <div class=\"rpc-chart-inner\" style=\"height: 27.083333333333%\">\n                            <div class=\"rpc-chart-column-value\">13 \u20ac<\/div>\n                            <div class=\"rpc-chart-month\">NOV<\/div>\n                        <\/div>\n                    <\/div>\n                                    <div class=\"rpc-chart-column\">\n                        <div class=\"rpc-chart-inner\" style=\"height: 39.583333333333%\">\n                            <div class=\"rpc-chart-column-value\">19 \u20ac<\/div>\n                            <div class=\"rpc-chart-month\">DEC<\/div>\n                        <\/div>\n                    <\/div>\n                            <\/div>\n        <\/div>\n        \n<h2>Noleggio auto Fes (Fez): Documenti<\/h2>\n<p>Ogni societ\u00e0 di noleggio pu\u00f2 avere i suoi requisiti di et\u00e0 (21-25 anni) o di documenti. Tuttavia, avrete sempre bisogno di:<\/p>\n<ol>\n<li>Passaporto<\/li>\n<li>Carta di credito (deposito o assegno di sicurezza)<\/li>\n<li>Patente di guida.<\/li>\n<\/ol>\n<p>Il voucher (conferma della prenotazione) non \u00e8 obbligatorio, ma viene inviato al vostro indirizzo e-mail dopo la prenotazione su RosCar. L&#8217;autonoleggio di Fez \u00e8 la vostra porta d&#8217;accesso per esplorare la ricca cultura e le gemme nascoste della citt\u00e0 &#8211; prenotate la vostra auto oggi stesso per un&#8217;esperienza di viaggio fluida e flessibile.<\/p>\n","protected":false},"excerpt":{"rendered":"<p>Noleggio auto Fez (Fes) da RosCar Quasi ogni Paese ha una capitale non ufficiale, che \u00e8 il centro della vita culturale dell&#8217;intero Stato. Volete trovare questa bella citt\u00e0 in Marocco? Allora \u00e8 necessario noleggiare un&#8217;auto a Fes: Ottenere la migliore esperienza di guida a un prezzo contenuto Scegliere il veicolo migliore con le aggiunte ideali [&hellip;]<\/p>\n","protected":false},"author":1,"featured_media":244,"parent":0,"menu_order":0,"comment_status":"closed","ping_status":"closed","template":"","meta":{"footnotes":""},"class_list":["post-2102","page","type-page","status-publish","has-post-thumbnail",""],"_links":{"self":[{"href":"https:\/\/roscar.ma\/it\/wp-json\/wp\/v2\/pages\/2102","targetHints":{"allow":["GET"]}}],"collection":[{"href":"https:\/\/roscar.ma\/it\/wp-json\/wp\/v2\/pages"}],"about":[{"href":"https:\/\/roscar.ma\/it\/wp-json\/wp\/v2\/types\/page"}],"author":[{"embeddable":true,"href":"https:\/\/roscar.ma\/it\/wp-json\/wp\/v2\/users\/1"}],"replies":[{"embeddable":true,"href":"https:\/\/roscar.ma\/it\/wp-json\/wp\/v2\/comments?post=2102"}],"version-history":[{"count":1,"href":"https:\/\/roscar.ma\/it\/wp-json\/wp\/v2\/pages\/2102\/revisions"}],"predecessor-version":[{"id":2103,"href":"https:\/\/roscar.ma\/it\/wp-json\/wp\/v2\/pages\/2102\/revisions\/2103"}],"wp:featuredmedia":[{"embeddable":true,"href":"https:\/\/roscar.ma\/it\/wp-json\/wp\/v2\/media\/244"}],"wp:attachment":[{"href":"https:\/\/roscar.ma\/it\/wp-json\/wp\/v2\/media?parent=2102"}],"curies":[{"name":"wp","href":"https:\/\/api.w.org\/{rel}","templated":true}]}}