{"id":1903,"date":"2025-07-17T11:07:41","date_gmt":"2025-07-17T11:07:41","guid":{"rendered":"https:\/\/roscar.ma\/?page_id=1903"},"modified":"2025-07-24T19:15:04","modified_gmt":"2025-07-24T19:15:04","slug":"noleggio-auto-rabat","status":"publish","type":"page","link":"https:\/\/roscar.ma\/it\/noleggio-auto-rabat\/","title":{"rendered":"Noleggio auto Rabat"},"content":{"rendered":"<h2>Noleggio auto Rabat da RosCar<\/h2>\n<p>Il Marocco \u00e8 un Paese che offre una straordinaria combinazione di bellezza del deserto, paesaggi marini e magnifica architettura che non si pu\u00f2 trovare altrove. Quindi, quando si pianifica un viaggio in Nord Africa, \u00e8 meglio prendersi il tempo per immergersi completamente nel paradiso musulmano. Ma \u00e8 anche necessario noleggiare un&#8217;auto a Rabat per rendere la vostra avventura pi\u00f9 conveniente con:<\/p>\n<ul>\n<li>Un&#8217;ampia scelta di veicoli (di qualsiasi tipo, prezzo o colore).<\/li>\n<li>Molti extra e caratteristiche<\/li>\n<li>Noleggio auto a breve e lungo termine<\/li>\n<li>Prenotazioni 24 ore su 24 con un&#8217;interfaccia facile da usare.<\/li>\n<\/ul>\n<p>Che cos&#8217;\u00e8 RosCar? \u00c8 un sito con ottime funzioni per confrontare i prezzi, ordinare in base ai criteri desiderati e prenotare rapidamente. Prenotate ora e confermate la vostra prenotazione con carta (\u00e8 richiesto fino al 20% dell&#8217;importo dell&#8217;ordine).<\/p>\n<h2>La guida RosCar al noleggio auto a Rabat<\/h2>\n<p>Anche se questo Paese non assomiglia affatto alle strade europee o americane a cui siamo abituati, la prossima esperienza di viaggio sar\u00e0 abbastanza simile. Lo stesso vale per l&#8217;autonoleggio a Rabat, tranne che per due sottigliezze che si risolvono rapidamente.<\/p>\n<h3>1. Qual \u00e8 il vostro tipo?<\/h3>\n<p>Non prenotate il primo veicolo che trovate. \u00c8 meglio ordinare l&#8217;elenco attraverso i filtri di ricerca in base ai tipi disponibili:<\/p>\n<ul>\n<li>Standard o Compatto<\/li>\n<li>SUV o Crossover<\/li>\n<li>Furgone o Minivan<\/li>\n<li>Mini o Economy (quello giusto per il noleggio auto economico a Rabat)<\/li>\n<li>Cabrio o Lusso.<\/li>\n<\/ul>\n<h3>2. Gli extra<\/h3>\n<p>I servizi aggiuntivi sono un buon modo per personalizzare l&#8217;esperienza di guida in base alle vostre esigenze. Eccone alcuni tra cui scegliere:<\/p>\n<ul>\n<li>Trasmissione: Volete una guida rilassata? Scegliete un cambio automatico.<\/li>\n<li>Carta SIM: Il vostro smartphone ne ha bisogno per evitare di pagare tariffe di roaming eccessive.<\/li>\n<li>Seggiolino per bambini: I minori o i bambini fino a 10 anni hanno bisogno di un sistema di ritenuta.<\/li>\n<li>Chilometraggio illimitato: Con questa funzione, tutto il Marocco \u00e8 a vostra disposizione.<\/li>\n<li>Nessuna carta di credito: Come il metodo tradizionale, ma senza carta di credito.<\/li>\n<li>Modello garantito: Un&#8217;opzione imperdibile per chi ha avuto una brutta esperienza.<\/li>\n<li>Cancellazione gratuita: Deve essere utilizzata in tempo (almeno 48 ore prima della data di inizio).<\/li>\n<li>Autista aggiuntivo: Lasciate che sia un vostro amico a guidare.<\/li>\n<li>Nessun deposito: Evitate inutili commissioni bancarie grazie al blocco del deposito sulle carte di credito.<\/li>\n<li>Assicurazione aggiuntiva: Una funzione di cui tutti hanno bisogno, senza eccezioni. Passate alla Super CDW o alla Copertura completa e rilassatevi.<\/li>\n<\/ul>\n<blockquote class=\"check\">\n<h2>Noleggio auto Rabat: Guide<\/h2>\n<p>RosCar lavora per offrirvi esperienze di viaggio straordinarie, dal ritiro alla consegna. Ecco perch\u00e9 prenotare con noi \u00e8 semplicissimo:<\/p>\n<ol>\n<li>Inserisci i dettagli: ritiro, riconsegna e date.<\/li>\n<li>Vai ai filtri, seleziona quelli che ti interessano e ottieni una lista.<\/li>\n<li>Prenota ora.<\/li>\n<li>Aggiungi informazioni.<\/li>\n<li>Paga ora. Il<\/li>\n<\/ol>\n<p>Noleggio auto a Rabat non pu\u00f2 essere confermato senza una carta bancaria. Dopo il pagamento della cauzione (massimo 20% dell&#8217;importo), riceverete un certificato di conferma della prenotazione.<\/p><\/blockquote>\n<h2>Prezzo del noleggio auto a Rabat<\/h2>\n<p>I prezzi nella capitale del Marocco non vi sembreranno troppo cari, ma sono comunque superiori alla media europea:<\/p>\n<ul>\n<li>Economy per $20-30\/giorno<\/li>\n<li>Standard per $35-50\/giorno<\/li>\n<li>SUV per 50-70 dollari al giorno<\/li>\n<li>Lusso per 80 dollari al giorno.<\/li>\n<\/ul>\n<p>Il noleggio auto a Rabat sar\u00e0 pi\u00f9 conveniente se:<\/p>\n<ul>\n<li>Evitare il noleggio di auto a breve termine<\/li>\n<li>Scegliete la data di inizio per la met\u00e0 della settimana<\/li>\n<li>Prenotate in anticipo<\/li>\n<li>Scegliete il tipo di veicolo giusto.<\/li>\n<\/ul>\n<p>Confrontate i prezzi per trovare la soluzione pi\u00f9 conveniente:<\/p>\n<h3>Tabella con i prezzi per il noleggio auto a Rabat, Marocco<\/h3>\n<table border=\"1\">\n<thead>\n<tr>\n<th>Modello di auto<\/th>\n<th>Tipo di carrozzeria<\/th>\n<th>Prezzo al giorno (bassa stagione)<\/th>\n<th>Prezzo al giorno (alta stagione)<\/th>\n<th>Numero di passeggeri<\/th>\n<th>Capacit\u00e0 bagaglio<\/th>\n<\/tr>\n<\/thead>\n<tbody>\n<tr>\n<td>Hyundai i10<\/td>\n<td>Hatchback<\/td>\n<td>21 \u20ac<\/td>\n<td>29 \u20ac<\/td>\n<td>4<\/td>\n<td>1<\/td>\n<\/tr>\n<tr>\n<td>Dacia Logan<\/td>\n<td>Berlina<\/td>\n<td>23 \u20ac<\/td>\n<td>32 \u20ac<\/td>\n<td>5<\/td>\n<td>2<\/td>\n<\/tr>\n<tr>\n<td>Peugeot 208<\/td>\n<td>Hatchback<\/td>\n<td>24 \u20ac<\/td>\n<td>34 \u20ac<\/td>\n<td>5<\/td>\n<td>2<\/td>\n<\/tr>\n<tr>\n<td>Renault Clio<\/td>\n<td>Hatchback<\/td>\n<td>26 \u20ac<\/td>\n<td>36 \u20ac<\/td>\n<td>5<\/td>\n<td>2<\/td>\n<\/tr>\n<tr>\n<td>Volkswagen Golf<\/td>\n<td>Hatchback<\/td>\n<td>30 \u20ac<\/td>\n<td>42 \u20ac<\/td>\n<td>5<\/td>\n<td>3<\/td>\n<\/tr>\n<tr>\n<td>Citro\u00ebn C-Elys\u00e9e<\/td>\n<td>Berlina<\/td>\n<td>25 \u20ac<\/td>\n<td>35 \u20ac<\/td>\n<td>5<\/td>\n<td>3<\/td>\n<\/tr>\n<tr>\n<td>Renault Captur<\/td>\n<td>Crossover<\/td>\n<td>32 \u20ac<\/td>\n<td>44 \u20ac<\/td>\n<td>5<\/td>\n<td>3<\/td>\n<\/tr>\n<tr>\n<td>Dacia Duster<\/td>\n<td>SUV<\/td>\n<td>36 \u20ac<\/td>\n<td>48 \u20ac<\/td>\n<td>5<\/td>\n<td>3<\/td>\n<\/tr>\n<tr>\n<td>Hyundai Tucson<\/td>\n<td>SUV<\/td>\n<td>52 \u20ac<\/td>\n<td>66 \u20ac<\/td>\n<td>5<\/td>\n<td>4<\/td>\n<\/tr>\n<tr>\n<td>Peugeot 3008<\/td>\n<td>SUV<\/td>\n<td>55 \u20ac<\/td>\n<td>70 \u20ac<\/td>\n<td>5<\/td>\n<td>4<\/td>\n<\/tr>\n<\/tbody>\n<\/table>\n        <div class=\"rpc-chart\">\n            <h3>Fluttuazioni stagionali dei prezzi di noleggio auto a Rabat: analisi basata su prenotazioni reali<\/h3>\n            <div><p>La tabella sottostante mostra l'andamento dei prezzi medi di noleggio auto a Rabat negli ultimi tre anni. La fonte delle informazioni \u00e8 costituita da ordini reali effettuati tramite la piattaforma roscar.ma, un servizio che riunisce le offerte di societ\u00e0 di noleggio locali verificate senza intermediari.<\/p>\n<p>L'analisi copre un'ampia gamma di veicoli: dai modelli compatti da citt\u00e0 ai comodi SUV, dalle cabriolet alle auto di lusso. Questo approccio fornisce un quadro oggettivo di come i prezzi cambiano a seconda della stagione e dell'attivit\u00e0 turistica.<\/p>\n<p>Ci avvaliamo di molti anni di esperienza nel settore dei viaggi e aggiorniamo costantemente i nostri dati in base alle tendenze del mercato. Questo fornisce agli utenti informazioni pratiche e affidabili per aiutarli a pianificare il loro budget e scegliere il momento pi\u00f9 vantaggioso per noleggiare un'auto nella capitale marocchina.<\/p>\n<\/div>\n            <div class=\"rpc-chart-bars\">\n                                    <div class=\"rpc-chart-column\">\n                        <div class=\"rpc-chart-inner\" style=\"height: 0%\">\n                            <div class=\"rpc-chart-column-value\"> <\/div>\n                            <div class=\"rpc-chart-month\">JAN<\/div>\n                        <\/div>\n                    <\/div>\n                                    <div class=\"rpc-chart-column\">\n                        <div class=\"rpc-chart-inner\" style=\"height: 0%\">\n                            <div class=\"rpc-chart-column-value\"> <\/div>\n                            <div class=\"rpc-chart-month\">FEB<\/div>\n                        <\/div>\n                    <\/div>\n                                    <div class=\"rpc-chart-column\">\n                        <div class=\"rpc-chart-inner\" style=\"height: 0%\">\n                            <div class=\"rpc-chart-column-value\"> <\/div>\n                            <div class=\"rpc-chart-month\">MAR<\/div>\n                        <\/div>\n                    <\/div>\n                                    <div class=\"rpc-chart-column\">\n                        <div class=\"rpc-chart-inner\" style=\"height: 0%\">\n                            <div class=\"rpc-chart-column-value\"> <\/div>\n                            <div class=\"rpc-chart-month\">APR<\/div>\n                        <\/div>\n                    <\/div>\n                                    <div class=\"rpc-chart-column\">\n                        <div class=\"rpc-chart-inner\" style=\"height: 0%\">\n                            <div class=\"rpc-chart-column-value\"> <\/div>\n                            <div class=\"rpc-chart-month\">MAY<\/div>\n                        <\/div>\n                    <\/div>\n                                    <div class=\"rpc-chart-column\">\n                        <div class=\"rpc-chart-inner\" style=\"height: 0%\">\n                            <div class=\"rpc-chart-column-value\"> <\/div>\n                            <div class=\"rpc-chart-month\">JUN<\/div>\n                        <\/div>\n                    <\/div>\n                                    <div class=\"rpc-chart-column\">\n                        <div class=\"rpc-chart-inner\" style=\"height: 0%\">\n                            <div class=\"rpc-chart-column-value\"> <\/div>\n                            <div class=\"rpc-chart-month\">JUL<\/div>\n                        <\/div>\n                    <\/div>\n                                    <div class=\"rpc-chart-column\">\n                        <div class=\"rpc-chart-inner\" style=\"height: 0%\">\n                            <div class=\"rpc-chart-column-value\"> <\/div>\n                            <div class=\"rpc-chart-month\">AUG<\/div>\n                        <\/div>\n                    <\/div>\n                                    <div class=\"rpc-chart-column\">\n                        <div class=\"rpc-chart-inner\" style=\"height: 0%\">\n                            <div class=\"rpc-chart-column-value\"> <\/div>\n                            <div class=\"rpc-chart-month\">SEP<\/div>\n                        <\/div>\n                    <\/div>\n                                    <div class=\"rpc-chart-column\">\n                        <div class=\"rpc-chart-inner\" style=\"height: 0%\">\n                            <div class=\"rpc-chart-column-value\"> <\/div>\n                            <div class=\"rpc-chart-month\">OCT<\/div>\n                        <\/div>\n                    <\/div>\n                                    <div class=\"rpc-chart-column\">\n                        <div class=\"rpc-chart-inner\" style=\"height: 0%\">\n                            <div class=\"rpc-chart-column-value\"> <\/div>\n                            <div class=\"rpc-chart-month\">NOV<\/div>\n                        <\/div>\n                    <\/div>\n                                    <div class=\"rpc-chart-column\">\n                        <div class=\"rpc-chart-inner\" style=\"height: 0%\">\n                            <div class=\"rpc-chart-column-value\"> <\/div>\n                            <div class=\"rpc-chart-month\">DEC<\/div>\n                        <\/div>\n                    <\/div>\n                            <\/div>\n        <\/div>\n        \n<h2>Noleggio auto Rabat: Documenti<\/h2>\n<p>Per firmare il contratto e ritirare il veicolo, sono necessari diversi documenti (in inglese e validi al 100%):<\/p>\n<ol>\n<li>Patente di guida<\/li>\n<li>Passaporto<\/li>\n<li>Carta di credito (opzionale).<\/li>\n<\/ol>\n<p>Il noleggio auto a Rabat \u00e8 la scelta ideale per un viaggio comodo e spensierato in Marocco.<\/p>\n","protected":false},"excerpt":{"rendered":"<p>Noleggio auto Rabat da RosCar Il Marocco \u00e8 un Paese che offre una straordinaria combinazione di bellezza del deserto, paesaggi marini e magnifica architettura che non si pu\u00f2 trovare altrove. Quindi, quando si pianifica un viaggio in Nord Africa, \u00e8 meglio prendersi il tempo per immergersi completamente nel paradiso musulmano. Ma \u00e8 anche necessario noleggiare [&hellip;]<\/p>\n","protected":false},"author":1,"featured_media":215,"parent":0,"menu_order":0,"comment_status":"closed","ping_status":"closed","template":"","meta":{"footnotes":""},"class_list":["post-1903","page","type-page","status-publish","has-post-thumbnail",""],"_links":{"self":[{"href":"https:\/\/roscar.ma\/it\/wp-json\/wp\/v2\/pages\/1903","targetHints":{"allow":["GET"]}}],"collection":[{"href":"https:\/\/roscar.ma\/it\/wp-json\/wp\/v2\/pages"}],"about":[{"href":"https:\/\/roscar.ma\/it\/wp-json\/wp\/v2\/types\/page"}],"author":[{"embeddable":true,"href":"https:\/\/roscar.ma\/it\/wp-json\/wp\/v2\/users\/1"}],"replies":[{"embeddable":true,"href":"https:\/\/roscar.ma\/it\/wp-json\/wp\/v2\/comments?post=1903"}],"version-history":[{"count":0,"href":"https:\/\/roscar.ma\/it\/wp-json\/wp\/v2\/pages\/1903\/revisions"}],"wp:featuredmedia":[{"embeddable":true,"href":"https:\/\/roscar.ma\/it\/wp-json\/wp\/v2\/media\/215"}],"wp:attachment":[{"href":"https:\/\/roscar.ma\/it\/wp-json\/wp\/v2\/media?parent=1903"}],"curies":[{"name":"wp","href":"https:\/\/api.w.org\/{rel}","templated":true}]}}