{"id":1672,"date":"2025-07-17T11:01:21","date_gmt":"2025-07-17T11:01:21","guid":{"rendered":"https:\/\/roscar.ma\/?page_id=1672"},"modified":"2025-07-24T05:21:01","modified_gmt":"2025-07-24T05:21:01","slug":"noleggio-auto-marrakech","status":"publish","type":"page","link":"https:\/\/roscar.ma\/it\/noleggio-auto-marrakech\/","title":{"rendered":"Noleggio auto Marrakech"},"content":{"rendered":"<h2>Noleggio auto Marrakech da RosCar<\/h2>\n<p>I Paesi del Nord Africa hanno la sorprendente capacit\u00e0 di incantare i turisti di tutto il mondo con i loro costumi e i loro paesaggi colorati. Forse \u00e8 la cultura, la cucina locale unica o la bellezza della vita quotidiana. Ma sappiamo per certo che \u00e8 necessario noleggiare un&#8217;auto a Marrakech per avvicinarsi a una full immersion nel Marocco. Perch\u00e9 dovreste prenotare un veicolo tramite RosCar? Le risposte sono quattro:<\/p>\n<ul>\n<li>Noleggio auto a lungo o breve termine<\/li>\n<li>Ogni offerta \u00e8 la pi\u00f9 conveniente che possiate trovare<\/li>\n<li>\u00c8 l&#8217;unico modo per viaggiare in tutta comodit\u00e0<\/li>\n<li>Prezzi convenienti e molte opzioni tra cui scegliere.<\/li>\n<\/ul>\n<p>Volete prenderne una per voi? Allora prenotate ora e riceverete una prenotazione pronta in pochi minuti.<\/p>\n<h2>Noleggio auto Marrakech: Guida<\/h2>\n<p>Potreste erroneamente pensare che il noleggio auto a Marrakech sia un tipo di servizio completamente diverso che ha una procedura unica che richiede una certa conoscenza. Tuttavia, vi bastano due minuti per prepararvi.<\/p>\n<h3>Primo minuto: Scegliere il tipo di veicolo<\/h3>\n<p>Tra i tanti tipi, ve ne serve solo uno che risolva tutti i problemi della prossima avventura:<\/p>\n<ul>\n<li>Auto standard<\/li>\n<li>Cabrio<\/li>\n<li>Auto di lusso<\/li>\n<li>SUV o Crossover<\/li>\n<li>Mini\/Economy (noleggio auto economico a Marrakech)<\/li>\n<li>Minivan o Van.<\/li>\n<\/ul>\n<h3>Secondo minuto: Scegliere i servizi aggiuntivi<\/h3>\n<p>Ci sono molte opzioni tra cui scegliere, ma ne basta una (o pi\u00f9 di una):<\/p>\n<ul>\n<li>Chilometraggio illimitato: Anche le citt\u00e0 pi\u00f9 remote del Marocco possono essere esplorate.<\/li>\n<li>Senza deposito: Il vostro budget \u00e8 pi\u00f9 libero quando si tratta di blocchi senza deposito sulle carte di credito.<\/li>\n<li>Modello garantito: Avete prenotato una Volkswagen Passat? Prendete la Passat!<\/li>\n<li>Trasmissione: Non un manuale, ma un automatico \u00e8 consigliato in ogni situazione.<\/li>\n<li>Assicurazione aggiuntiva: Questo \u00e8 il tipo di aggiornamento di cui non vi pentirete. Provate la Full Coverage\/Super CDW, se disponibile.<\/li>\n<li>Niente carta di credito: Usate contanti o qualsiasi altra carta bancaria.<\/li>\n<li>Carta SIM: Una connessione stabile a un prezzo conveniente \u00e8 la priorit\u00e0 principale dei viaggi nel 2025.<\/li>\n<li>Autista aggiuntivo: Si spera che il vostro amico abbia la patente di guida.<\/li>\n<li>Seggiolino per bambini: Ogni persona sotto i 10 anni deve averne uno.<\/li>\n<li>Cancellazione gratuita: L&#8217;importo prepagato verr\u00e0 restituito sul vostro conto. Funziona solo 48 ore prima della data<\/li>\n<\/ul>\n<blockquote class=\"info\">\n<h2>Noleggio auto Marrakech in dettaglio<\/h2>\n<p>Avete gi\u00e0 deciso il tipo di veicolo e i servizi aggiuntivi? Ora \u00e8 possibile prenotare il noleggio auto a Marrakech:<\/p>\n<ol>\n<li>impostate le date e le localit\u00e0 nella pagina principale.<\/li>\n<li>Cliccate su Filtri, selezionate quelli desiderati.<\/li>\n<li>Ottenete l&#8217;elenco e trovate il migliore. Prenota ora.<\/li>\n<li>Il modulo a comparsa deve essere compilato.<\/li>\n<li>Paga ora.<\/li>\n<\/ol>\n<p>Ogni prenotazione RosCar pu\u00f2 essere confermata solo con un pagamento anticipato. Di norma, si tratta solo di una piccola parte dell&#8217;importo e pu\u00f2 essere effettuato facilmente con qualsiasi carta.<\/p><\/blockquote>\n<h2>Prezzo del noleggio auto a Marrakesh<\/h2>\n<p>I prezzi medi che si possono trovare online sono:<\/p>\n<ul>\n<li>15-25 dollari al giorno per Economy o Mini<\/li>\n<li>30-40 dollari al giorno per la Standard<\/li>\n<li>$40-60\/giorno per SUV, Crossover, Minivan o 4&#215;4<\/li>\n<li>$80+\/giorno per Cabrio o Lusso<\/li>\n<\/ul>\n<p>Il noleggio auto a Marrakech sar\u00e0 pi\u00f9 conveniente se:<\/p>\n<ul>\n<li>Siete riusciti a prenotare in anticipo<\/li>\n<li>Controllate le offerte di RosCar<\/li>\n<li>Prenotate a met\u00e0 settimana<\/li>\n<li>Preferite un noleggio auto a lungo termine<\/li>\n<li>Scegliete il tipo giusto per le vostre esigenze e il vostro budget.<\/li>\n<\/ul>\n<p>Ecco come confrontare i prezzi:<\/p>\n<h3>Tabella con i prezzi per il noleggio auto a Marrakech, Marocco<\/h3>\n<table border=\"1\">\n<thead>\n<tr>\n<th>Modello di auto<\/th>\n<th>Tipo di carrozzeria<\/th>\n<th>Prezzo al giorno (bassa stagione)<\/th>\n<th>Prezzo al giorno (alta stagione)<\/th>\n<th>Numero di passeggeri<\/th>\n<th>Capacit\u00e0 bagaglio<\/th>\n<\/tr>\n<\/thead>\n<tbody>\n<tr>\n<td>Fiat Panda<\/td>\n<td>Hatchback<\/td>\n<td>20 \u20ac<\/td>\n<td>28 \u20ac<\/td>\n<td>4<\/td>\n<td>1<\/td>\n<\/tr>\n<tr>\n<td>Kia Picanto<\/td>\n<td>Hatchback<\/td>\n<td>22 \u20ac<\/td>\n<td>30 \u20ac<\/td>\n<td>4<\/td>\n<td>1<\/td>\n<\/tr>\n<tr>\n<td>Dacia Logan<\/td>\n<td>Berlina<\/td>\n<td>24 \u20ac<\/td>\n<td>34 \u20ac<\/td>\n<td>5<\/td>\n<td>2<\/td>\n<\/tr>\n<tr>\n<td>Peugeot 208<\/td>\n<td>Hatchback<\/td>\n<td>26 \u20ac<\/td>\n<td>36 \u20ac<\/td>\n<td>5<\/td>\n<td>2<\/td>\n<\/tr>\n<tr>\n<td>Renault Clio<\/td>\n<td>Hatchback<\/td>\n<td>27 \u20ac<\/td>\n<td>38 \u20ac<\/td>\n<td>5<\/td>\n<td>2<\/td>\n<\/tr>\n<tr>\n<td>Citro\u00ebn C-Elys\u00e9e<\/td>\n<td>Berlina<\/td>\n<td>28 \u20ac<\/td>\n<td>39 \u20ac<\/td>\n<td>5<\/td>\n<td>3<\/td>\n<\/tr>\n<tr>\n<td>Dacia Duster<\/td>\n<td>SUV<\/td>\n<td>37 \u20ac<\/td>\n<td>49 \u20ac<\/td>\n<td>5<\/td>\n<td>3<\/td>\n<\/tr>\n<tr>\n<td>Hyundai Kona<\/td>\n<td>Crossover<\/td>\n<td>40 \u20ac<\/td>\n<td>52 \u20ac<\/td>\n<td>5<\/td>\n<td>3<\/td>\n<\/tr>\n<tr>\n<td>Renault Kadjar<\/td>\n<td>SUV<\/td>\n<td>50 \u20ac<\/td>\n<td>65 \u20ac<\/td>\n<td>5<\/td>\n<td>4<\/td>\n<\/tr>\n<tr>\n<td>Peugeot 3008<\/td>\n<td>SUV<\/td>\n<td>55 \u20ac<\/td>\n<td>70 \u20ac<\/td>\n<td>5<\/td>\n<td>4<\/td>\n<\/tr>\n<\/tbody>\n<\/table>\n        <div class=\"rpc-chart\">\n            <h3>Variazioni stagionali dei prezzi per il noleggio auto a Marrakech: analisi affidabili basate su prenotazioni effettive<\/h3>\n            <div><p>Di seguito sono riportati i dati analitici relativi alla variazione del costo medio del noleggio auto a Marrakech nei restanti tre anni. Tutte le informazioni si basano su transazioni reali effettuate attraverso la piattaforma roscar.ma.<\/p>\n<p>La ricerca copre tutte le principali categorie di auto, dai modelli economici ai SUV, alle decappottabili e alla classe premium. Una copertura cos\u00ec ampia permette di formulare un quadro completo delle variazioni di ricchezza nel corso delle stagioni turistiche e delle abitudini di consumo.<\/p>\n<p>\u00c8 chiaro che consigliamo di prenotare l'auto in anticipo, quando i prezzi e i costi sono al massimo. Le informazioni affidabili di RosCar Marocco sono la vostra guida per un trasferimento comodo e sicuro a Marrakech.<\/p>\n<\/div>\n            <div class=\"rpc-chart-bars\">\n                                    <div class=\"rpc-chart-column\">\n                        <div class=\"rpc-chart-inner\" style=\"height: 30.769230769231%\">\n                            <div class=\"rpc-chart-column-value\">16 \u20ac<\/div>\n                            <div class=\"rpc-chart-month\">JAN<\/div>\n                        <\/div>\n                    <\/div>\n                                    <div class=\"rpc-chart-column\">\n                        <div class=\"rpc-chart-inner\" style=\"height: 28.846153846154%\">\n                            <div class=\"rpc-chart-column-value\">15 \u20ac<\/div>\n                            <div class=\"rpc-chart-month\">FEB<\/div>\n                        <\/div>\n                    <\/div>\n                                    <div class=\"rpc-chart-column\">\n                        <div class=\"rpc-chart-inner\" style=\"height: 26.923076923077%\">\n                            <div class=\"rpc-chart-column-value\">14 \u20ac<\/div>\n                            <div class=\"rpc-chart-month\">MAR<\/div>\n                        <\/div>\n                    <\/div>\n                                    <div class=\"rpc-chart-column\">\n                        <div class=\"rpc-chart-inner\" style=\"height: 42.307692307692%\">\n                            <div class=\"rpc-chart-column-value\">22 \u20ac<\/div>\n                            <div class=\"rpc-chart-month\">APR<\/div>\n                        <\/div>\n                    <\/div>\n                                    <div class=\"rpc-chart-column\">\n                        <div class=\"rpc-chart-inner\" style=\"height: 32.692307692308%\">\n                            <div class=\"rpc-chart-column-value\">17 \u20ac<\/div>\n                            <div class=\"rpc-chart-month\">MAY<\/div>\n                        <\/div>\n                    <\/div>\n                                    <div class=\"rpc-chart-column\">\n                        <div class=\"rpc-chart-inner\" style=\"height: 30.769230769231%\">\n                            <div class=\"rpc-chart-column-value\">16 \u20ac<\/div>\n                            <div class=\"rpc-chart-month\">JUN<\/div>\n                        <\/div>\n                    <\/div>\n                                    <div class=\"rpc-chart-column\">\n                        <div class=\"rpc-chart-inner\" style=\"height: 50%\">\n                            <div class=\"rpc-chart-column-value\">26 \u20ac<\/div>\n                            <div class=\"rpc-chart-month\">JUL<\/div>\n                        <\/div>\n                    <\/div>\n                                    <div class=\"rpc-chart-column\">\n                        <div class=\"rpc-chart-inner\" style=\"height: 61.538461538462%\">\n                            <div class=\"rpc-chart-column-value\">32 \u20ac<\/div>\n                            <div class=\"rpc-chart-month\">AUG<\/div>\n                        <\/div>\n                    <\/div>\n                                    <div class=\"rpc-chart-column\">\n                        <div class=\"rpc-chart-inner\" style=\"height: 42.307692307692%\">\n                            <div class=\"rpc-chart-column-value\">22 \u20ac<\/div>\n                            <div class=\"rpc-chart-month\">SEP<\/div>\n                        <\/div>\n                    <\/div>\n                                    <div class=\"rpc-chart-column\">\n                        <div class=\"rpc-chart-inner\" style=\"height: 36.538461538462%\">\n                            <div class=\"rpc-chart-column-value\">19 \u20ac<\/div>\n                            <div class=\"rpc-chart-month\">OCT<\/div>\n                        <\/div>\n                    <\/div>\n                                    <div class=\"rpc-chart-column\">\n                        <div class=\"rpc-chart-inner\" style=\"height: 32.692307692308%\">\n                            <div class=\"rpc-chart-column-value\">17 \u20ac<\/div>\n                            <div class=\"rpc-chart-month\">NOV<\/div>\n                        <\/div>\n                    <\/div>\n                                    <div class=\"rpc-chart-column\">\n                        <div class=\"rpc-chart-inner\" style=\"height: 44.230769230769%\">\n                            <div class=\"rpc-chart-column-value\">23 \u20ac<\/div>\n                            <div class=\"rpc-chart-month\">DEC<\/div>\n                        <\/div>\n                    <\/div>\n                            <\/div>\n        <\/div>\n        \n<h2>Noleggio auto Marrakech: Documenti<\/h2>\n<p>Per ritirare il veicolo, potrebbero esservi richiesti i seguenti documenti:<\/p>\n<ol>\n<li>Passaporto<\/li>\n<li>Patente di guida<\/li>\n<li>Conferma della prenotazione o Voucher (RosCar ve ne invier\u00e0 uno)<\/li>\n<li>Carta di credito.<\/li>\n<\/ol>\n<p>Non avete una carta di credito? Utilizzate i filtri per trovare l&#8217;opzione di noleggio di cui avete bisogno. Il noleggio auto a Marrakech \u00e8 un servizio indispensabile che vi permette di vedere non solo Marrakech, ma anche tutto il Marocco.<\/p>\n","protected":false},"excerpt":{"rendered":"<p>Noleggio auto Marrakech da RosCar I Paesi del Nord Africa hanno la sorprendente capacit\u00e0 di incantare i turisti di tutto il mondo con i loro costumi e i loro paesaggi colorati. Forse \u00e8 la cultura, la cucina locale unica o la bellezza della vita quotidiana. Ma sappiamo per certo che \u00e8 necessario noleggiare un&#8217;auto a [&hellip;]<\/p>\n","protected":false},"author":1,"featured_media":184,"parent":0,"menu_order":0,"comment_status":"closed","ping_status":"closed","template":"","meta":{"footnotes":""},"class_list":["post-1672","page","type-page","status-publish","has-post-thumbnail",""],"_links":{"self":[{"href":"https:\/\/roscar.ma\/it\/wp-json\/wp\/v2\/pages\/1672","targetHints":{"allow":["GET"]}}],"collection":[{"href":"https:\/\/roscar.ma\/it\/wp-json\/wp\/v2\/pages"}],"about":[{"href":"https:\/\/roscar.ma\/it\/wp-json\/wp\/v2\/types\/page"}],"author":[{"embeddable":true,"href":"https:\/\/roscar.ma\/it\/wp-json\/wp\/v2\/users\/1"}],"replies":[{"embeddable":true,"href":"https:\/\/roscar.ma\/it\/wp-json\/wp\/v2\/comments?post=1672"}],"version-history":[{"count":1,"href":"https:\/\/roscar.ma\/it\/wp-json\/wp\/v2\/pages\/1672\/revisions"}],"predecessor-version":[{"id":1673,"href":"https:\/\/roscar.ma\/it\/wp-json\/wp\/v2\/pages\/1672\/revisions\/1673"}],"wp:featuredmedia":[{"embeddable":true,"href":"https:\/\/roscar.ma\/it\/wp-json\/wp\/v2\/media\/184"}],"wp:attachment":[{"href":"https:\/\/roscar.ma\/it\/wp-json\/wp\/v2\/media?parent=1672"}],"curies":[{"name":"wp","href":"https:\/\/api.w.org\/{rel}","templated":true}]}}