{"id":1544,"date":"2025-07-17T10:09:50","date_gmt":"2025-07-17T10:09:50","guid":{"rendered":"https:\/\/roscar.ma\/?page_id=1544"},"modified":"2025-07-23T18:28:14","modified_gmt":"2025-07-23T18:28:14","slug":"chi-siamo","status":"publish","type":"page","link":"https:\/\/roscar.ma\/it\/chi-siamo\/","title":{"rendered":"Chi siamo"},"content":{"rendered":"<p>RosCar Morocco \u00e8 un moderno servizio di noleggio auto in Marocco attivo dal 2022. Non siamo una societ\u00e0 di noleggio auto, ma piuttosto un comodo aggregatore online che riunisce le migliori offerte dei partner locali in tutto il paese.<\/p>\n<p>Sul nostro sito web roscar.ma troverete pi\u00f9 di 200 auto collaudate di varie classi, dai modelli compatti da citt\u00e0 ai comodi SUV. Rendiamo il processo di prenotazione il pi\u00f9 semplice e conveniente possibile: puoi noleggiare un&#8217;auto senza deposito e senza carta di credito.<\/p>\n<p>Il nostro obiettivo \u00e8 fornire ai viaggiatori un modo flessibile ed economico per spostarsi in Marocco, affidandoci all&#8217;esperienza e all&#8217;affidabilit\u00e0 delle aziende locali. Scegli RosCar Morocco e parti per un viaggio all&#8217;insegna del comfort!<\/p>\n","protected":false},"excerpt":{"rendered":"<p>RosCar Morocco \u00e8 un moderno servizio di noleggio auto in Marocco attivo dal 2022. Non siamo una societ\u00e0 di noleggio auto, ma piuttosto un comodo aggregatore online che riunisce le migliori offerte dei partner locali in tutto il paese. Sul nostro sito web roscar.ma troverete pi\u00f9 di 200 auto collaudate di varie classi, dai modelli [&hellip;]<\/p>\n","protected":false},"author":2,"featured_media":0,"parent":0,"menu_order":0,"comment_status":"closed","ping_status":"closed","template":"","meta":{"footnotes":""},"class_list":["post-1544","page","type-page","status-publish",""],"_links":{"self":[{"href":"https:\/\/roscar.ma\/it\/wp-json\/wp\/v2\/pages\/1544","targetHints":{"allow":["GET"]}}],"collection":[{"href":"https:\/\/roscar.ma\/it\/wp-json\/wp\/v2\/pages"}],"about":[{"href":"https:\/\/roscar.ma\/it\/wp-json\/wp\/v2\/types\/page"}],"author":[{"embeddable":true,"href":"https:\/\/roscar.ma\/it\/wp-json\/wp\/v2\/users\/2"}],"replies":[{"embeddable":true,"href":"https:\/\/roscar.ma\/it\/wp-json\/wp\/v2\/comments?post=1544"}],"version-history":[{"count":0,"href":"https:\/\/roscar.ma\/it\/wp-json\/wp\/v2\/pages\/1544\/revisions"}],"wp:attachment":[{"href":"https:\/\/roscar.ma\/it\/wp-json\/wp\/v2\/media?parent=1544"}],"curies":[{"name":"wp","href":"https:\/\/api.w.org\/{rel}","templated":true}]}}