{"id":1026,"date":"2025-07-17T09:45:33","date_gmt":"2025-07-17T09:45:33","guid":{"rendered":"https:\/\/roscar.ma\/?page_id=1026"},"modified":"2025-07-22T11:21:16","modified_gmt":"2025-07-22T11:21:16","slug":"noleggio-auto-marocco","status":"publish","type":"page","link":"https:\/\/roscar.ma\/it\/","title":{"rendered":"Noleggio auto Marocco"},"content":{"rendered":"<h2>Noleggio auto Marocco da RosCar<\/h2>\n<p>Migliaia di anni di storia e antiche tradizioni arabe attirano milioni di turisti come una calamita. Qui si possono trovare i suoni del grande Sahara e dell&#8217;Oceano Atlantico, cos\u00ec come culture moderne e preistoriche, oltre a condizioni eccellenti per qualsiasi tipo di viaggio. Ma \u00e8 necessario noleggiare un&#8217;auto in Marocco? Forse non \u00e8 l&#8217;unica opzione disponibile, ma presenta alcuni chiari vantaggi:<\/p>\n<ul>\n<li>Libert\u00e0 di movimento ovunque si voglia<\/li>\n<li>Elevato comfort e convenienza senza pari<\/li>\n<li>Ampia scelta di veicoli<\/li>\n<li>\u00c8 possibile noleggiare un&#8217;auto a breve o a lungo termine.<\/li>\n<\/ul>\n<p>Volete mettervi in viaggio il prima possibile? Prenotate subito l&#8217;auto che desiderate su RosCar: pochi clic, compilate un modulo standard ed effettuate un pagamento anticipato per la conferma.<\/p>\n<h2>Sulla strada del noleggio auto in Marocco<\/h2>\n<p>Si tratta di un compito che non deve essere affrettato, ma nemmeno rimandato a domani. Per questo motivo, leggete una piccola guida preparatoria sulla strada per il noleggio auto in Marocco.<\/p>\n<h3>1. Trovare il tipo giusto<\/h3>\n<p>Un veicolo scelto male non vi porter\u00e0 il piacere o la comodit\u00e0 desiderati. Date un&#8217;occhiata all&#8217;elenco e pensate a quale di questi tipi vi sembra la soluzione giusta:<\/p>\n<ul>\n<li>Economy o Mini (Noleggio auto economico in Marocco)<\/li>\n<li>Standard<\/li>\n<li>SUV o Crossover<\/li>\n<li>Di lusso<\/li>\n<li>Cabrio<\/li>\n<li>Furgone o Minivan.<\/li>\n<\/ul>\n<h3>2. Servizi aggiuntivi<\/h3>\n<p>Non tutte queste caratteristiche extra sono a pagamento, ma ognuna di esse rappresenta un&#8217;ottima scelta:<\/p>\n<ul>\n<li>Cancellazione gratuita: Questa opzione deve essere utilizzata in tempo (fino a 48 ore prima della partenza).<\/li>\n<li>Nessun deposito: La caratteristica migliore per i viaggiatori economici \u00e8 che non prevede alcun deposito sulle carte di credito.<\/li>\n<li>Modello garantito: Ottieni almeno quello per cui hai prenotato.<\/li>\n<li>Seggiolino per bambini: un requisito legale per viaggiare con bambini di 10 anni o meno a bordo.<\/li>\n<li>Assicurazione aggiuntiva: Pagate un supplemento per la Super CDW e la Copertura completa per avere la massima tranquillit\u00e0.<\/li>\n<li>Carta SIM: Prendetene una per usufruire di internet ad alta velocit\u00e0.<\/li>\n<li>Autista aggiuntivo: Pi\u00f9 chilometri in allegria con un amico al volante.<\/li>\n<li>Trasmissione: Cercate un cambio automatico per una guida rilassata.<\/li>\n<li>Chilometraggio illimitato: Panorami illimitati nascosti dietro a deserti e paesaggi marini.<\/li>\n<\/ul>\n<blockquote class=\"check\">\n<h3>RosCar Marocco noleggio auto in dettaglio<\/h3>\n<p>Trovate qualche minuto per prendere il Marocco noleggio auto:<\/p>\n<ol>\n<li>Impostare le localit\u00e0 di ritiro e di consegna.<\/li>\n<li>Specificare le date di inizio e fine.<\/li>\n<li>Fare clic su &#8220;Filtri&#8221; per selezionare i componenti aggiuntivi desiderati.<\/li>\n<li>Fare clic su &#8220;Visualizza&#8221; per ottenere un elenco.<\/li>\n<li>Prenota ora.<\/li>\n<li>Compilare il modulo e pagare ora.<\/li>\n<\/ol>\n<p>Una volta sulla pagina di checkout, \u00e8 necessario inserire una carta per un pagamento anticipato del 20%. Non preoccupatevi, i vostri dati bancari sono al sicuro.<\/p><\/blockquote>\n<h2>Il costo del noleggio auto in Marocco<\/h2>\n<p>Ecco alcuni esempi per aiutarvi a capire il prezzo del noleggio auto in Marocco:<\/p>\n<ul>\n<li>20-30 dollari per Mini o Economy<\/li>\n<li>45-55 dollari per Standard o Minivan<\/li>\n<li>50-70 dollari per SUV o Crossover<\/li>\n<li>da 80 dollari per Luxury o Cabrio.<\/li>\n<\/ul>\n<p>Ma potete cercare di ottenere un prezzo pi\u00f9 basso:<\/p>\n<ul>\n<li>Prendere un&#8217;auto a noleggio a lungo termine (5 giorni o pi\u00f9).<\/li>\n<li>Scegliere la data di inizio a met\u00e0 settimana.<\/li>\n<li>Confrontare non solo il prezzo, ma anche l&#8217;equipaggiamento<\/li>\n<li>Prenotare online con largo anticipo.<\/li>\n<\/ul>\n<p>Per saperne di pi\u00f9 sul confronto dei prezzi:<\/p>\n<h3>Tabella con i prezzi del noleggio auto in Marocco<\/h3>\n<table border=\"1\" cellspacing=\"0\" cellpadding=\"8\">\n<thead>\n<tr>\n<th>Modello di auto<\/th>\n<th>Tipo di carrozzeria<\/th>\n<th>Prezzo al giorno (bassa stagione)<\/th>\n<th>Prezzo al giorno (alta stagione)<\/th>\n<th>Numero di passeggeri<\/th>\n<th>Capacit\u00e0 bagaglio<\/th>\n<\/tr>\n<\/thead>\n<tbody>\n<tr>\n<td>Dacia Logan<\/td>\n<td>Berlina<\/td>\n<td>23 \u20ac<\/td>\n<td>30 \u20ac<\/td>\n<td>5<\/td>\n<td>2<\/td>\n<\/tr>\n<tr>\n<td>Kia Picanto<\/td>\n<td>Hatchback<\/td>\n<td>20 \u20ac<\/td>\n<td>28 \u20ac<\/td>\n<td>4<\/td>\n<td>1<\/td>\n<\/tr>\n<tr>\n<td>Renault Clio<\/td>\n<td>Hatchback<\/td>\n<td>25 \u20ac<\/td>\n<td>35 \u20ac<\/td>\n<td>5<\/td>\n<td>2<\/td>\n<\/tr>\n<tr>\n<td>Dacia Duster<\/td>\n<td>SUV<\/td>\n<td>35 \u20ac<\/td>\n<td>45 \u20ac<\/td>\n<td>5<\/td>\n<td>3<\/td>\n<\/tr>\n<tr>\n<td>Hyundai Tucson<\/td>\n<td>SUV<\/td>\n<td>50 \u20ac<\/td>\n<td>65 \u20ac<\/td>\n<td>5<\/td>\n<td>4<\/td>\n<\/tr>\n<tr>\n<td>Peugeot 208<\/td>\n<td>Hatchback<\/td>\n<td>22 \u20ac<\/td>\n<td>32 \u20ac<\/td>\n<td>5<\/td>\n<td>2<\/td>\n<\/tr>\n<tr>\n<td>Volkswagen Polo<\/td>\n<td>Hatchback<\/td>\n<td>26 \u20ac<\/td>\n<td>36 \u20ac<\/td>\n<td>5<\/td>\n<td>2<\/td>\n<\/tr>\n<tr>\n<td>Citro\u00ebn C-Elys\u00e9e<\/td>\n<td>Berlina<\/td>\n<td>24 \u20ac<\/td>\n<td>34 \u20ac<\/td>\n<td>5<\/td>\n<td>3<\/td>\n<\/tr>\n<tr>\n<td>Fiat Tipo<\/td>\n<td>Berlina<\/td>\n<td>27 \u20ac<\/td>\n<td>37 \u20ac<\/td>\n<td>5<\/td>\n<td>3<\/td>\n<\/tr>\n<tr>\n<td>Renault Captur<\/td>\n<td>Crossover<\/td>\n<td>33 \u20ac<\/td>\n<td>43 \u20ac<\/td>\n<td>5<\/td>\n<td>3<\/td>\n<\/tr>\n<\/tbody>\n<\/table>\n        <div class=\"rpc-chart\">\n            <h3>Prezzi stagionali del noleggio auto in Marocco<\/h3>\n            <div><p>La tabella sottostante mostra un'analisi delle variazioni dei prezzi medi di noleggio auto in Marocco negli ultimi tre anni. Le informazioni si basano sulle prenotazioni effettive effettuate tramite roscar.ma, un sito web specializzato nel noleggio di auto senza intermediari. I dati coprono tutte le classi di auto (dai modelli economici da citt\u00e0 ai SUV, alle decappottabili e al segmento premium).<\/p>\n<p>Grazie alla nostra pluriennale esperienza con i viaggiatori e al regolare monitoraggio del mercato, ci siamo fatti un'idea obiettiva delle fluttuazioni stagionali dei prezzi di noleggio. La nostra analisi sar\u00e0 utile a chiunque stia pianificando un viaggio in Marocco: potrete scegliere in anticipo il periodo in cui il noleggio auto sar\u00e0 pi\u00f9 vantaggioso.<\/p>\n<p>Vi consigliamo di utilizzare le informazioni verificate e i consigli pratici di RosCar Marocco per rendere il vostro viaggio comodo, sicuro ed economico.<\/p>\n<\/div>\n            <div class=\"rpc-chart-bars\">\n                                    <div class=\"rpc-chart-column\">\n                        <div class=\"rpc-chart-inner\" style=\"height: 28.846153846154%\">\n                            <div class=\"rpc-chart-column-value\">15 \u20ac<\/div>\n                            <div class=\"rpc-chart-month\">JAN<\/div>\n                        <\/div>\n                    <\/div>\n                                    <div class=\"rpc-chart-column\">\n                        <div class=\"rpc-chart-inner\" style=\"height: 28.846153846154%\">\n                            <div class=\"rpc-chart-column-value\">15 \u20ac<\/div>\n                            <div class=\"rpc-chart-month\">FEB<\/div>\n                        <\/div>\n                    <\/div>\n                                    <div class=\"rpc-chart-column\">\n                        <div class=\"rpc-chart-inner\" style=\"height: 32.692307692308%\">\n                            <div class=\"rpc-chart-column-value\">17 \u20ac<\/div>\n                            <div class=\"rpc-chart-month\">MAR<\/div>\n                        <\/div>\n                    <\/div>\n                                    <div class=\"rpc-chart-column\">\n                        <div class=\"rpc-chart-inner\" style=\"height: 42.307692307692%\">\n                            <div class=\"rpc-chart-column-value\">22 \u20ac<\/div>\n                            <div class=\"rpc-chart-month\">APR<\/div>\n                        <\/div>\n                    <\/div>\n                                    <div class=\"rpc-chart-column\">\n                        <div class=\"rpc-chart-inner\" style=\"height: 32.692307692308%\">\n                            <div class=\"rpc-chart-column-value\">17 \u20ac<\/div>\n                            <div class=\"rpc-chart-month\">MAY<\/div>\n                        <\/div>\n                    <\/div>\n                                    <div class=\"rpc-chart-column\">\n                        <div class=\"rpc-chart-inner\" style=\"height: 30.769230769231%\">\n                            <div class=\"rpc-chart-column-value\">16 \u20ac<\/div>\n                            <div class=\"rpc-chart-month\">JUN<\/div>\n                        <\/div>\n                    <\/div>\n                                    <div class=\"rpc-chart-column\">\n                        <div class=\"rpc-chart-inner\" style=\"height: 55.769230769231%\">\n                            <div class=\"rpc-chart-column-value\">29 \u20ac<\/div>\n                            <div class=\"rpc-chart-month\">JUL<\/div>\n                        <\/div>\n                    <\/div>\n                                    <div class=\"rpc-chart-column\">\n                        <div class=\"rpc-chart-inner\" style=\"height: 61.538461538462%\">\n                            <div class=\"rpc-chart-column-value\">32 \u20ac<\/div>\n                            <div class=\"rpc-chart-month\">AUG<\/div>\n                        <\/div>\n                    <\/div>\n                                    <div class=\"rpc-chart-column\">\n                        <div class=\"rpc-chart-inner\" style=\"height: 38.461538461538%\">\n                            <div class=\"rpc-chart-column-value\">20 \u20ac<\/div>\n                            <div class=\"rpc-chart-month\">SEP<\/div>\n                        <\/div>\n                    <\/div>\n                                    <div class=\"rpc-chart-column\">\n                        <div class=\"rpc-chart-inner\" style=\"height: 36.538461538462%\">\n                            <div class=\"rpc-chart-column-value\">19 \u20ac<\/div>\n                            <div class=\"rpc-chart-month\">OCT<\/div>\n                        <\/div>\n                    <\/div>\n                                    <div class=\"rpc-chart-column\">\n                        <div class=\"rpc-chart-inner\" style=\"height: 32.692307692308%\">\n                            <div class=\"rpc-chart-column-value\">17 \u20ac<\/div>\n                            <div class=\"rpc-chart-month\">NOV<\/div>\n                        <\/div>\n                    <\/div>\n                                    <div class=\"rpc-chart-column\">\n                        <div class=\"rpc-chart-inner\" style=\"height: 44.230769230769%\">\n                            <div class=\"rpc-chart-column-value\">23 \u20ac<\/div>\n                            <div class=\"rpc-chart-month\">DEC<\/div>\n                        <\/div>\n                    <\/div>\n                            <\/div>\n        <\/div>\n        \n<h2>Noleggiare un&#8217;auto in Marocco: Documenti<\/h2>\n<p>Avete pi\u00f9 di 21 (o 25) anni e una certa esperienza di guida? Allora vi servono solo tre documenti per noleggiare un&#8217;auto in Marocco:<\/p>\n<ol>\n<li>Passaporto<\/li>\n<li>Patente di guida<\/li>\n<li>Carta di credito (opzionale).<\/li>\n<\/ol>\n<p>\u00c8 necessario anche un Voucher (certificato di prenotazione), ma lo riceverete subito dopo la conferma della prenotazione.<\/p>\n","protected":false},"excerpt":{"rendered":"<p>Noleggio auto Marocco da RosCar Migliaia di anni di storia e antiche tradizioni arabe attirano milioni di turisti come una calamita. Qui si possono trovare i suoni del grande Sahara e dell&#8217;Oceano Atlantico, cos\u00ec come culture moderne e preistoriche, oltre a condizioni eccellenti per qualsiasi tipo di viaggio. Ma \u00e8 necessario noleggiare un&#8217;auto in Marocco? [&hellip;]<\/p>\n","protected":false},"author":1,"featured_media":123,"parent":0,"menu_order":0,"comment_status":"closed","ping_status":"closed","template":"","meta":{"footnotes":""},"class_list":["post-1026","page","type-page","status-publish","has-post-thumbnail",""],"_links":{"self":[{"href":"https:\/\/roscar.ma\/it\/wp-json\/wp\/v2\/pages\/1026","targetHints":{"allow":["GET"]}}],"collection":[{"href":"https:\/\/roscar.ma\/it\/wp-json\/wp\/v2\/pages"}],"about":[{"href":"https:\/\/roscar.ma\/it\/wp-json\/wp\/v2\/types\/page"}],"author":[{"embeddable":true,"href":"https:\/\/roscar.ma\/it\/wp-json\/wp\/v2\/users\/1"}],"replies":[{"embeddable":true,"href":"https:\/\/roscar.ma\/it\/wp-json\/wp\/v2\/comments?post=1026"}],"version-history":[{"count":1,"href":"https:\/\/roscar.ma\/it\/wp-json\/wp\/v2\/pages\/1026\/revisions"}],"predecessor-version":[{"id":1027,"href":"https:\/\/roscar.ma\/it\/wp-json\/wp\/v2\/pages\/1026\/revisions\/1027"}],"wp:featuredmedia":[{"embeddable":true,"href":"https:\/\/roscar.ma\/it\/wp-json\/wp\/v2\/media\/123"}],"wp:attachment":[{"href":"https:\/\/roscar.ma\/it\/wp-json\/wp\/v2\/media?parent=1026"}],"curies":[{"name":"wp","href":"https:\/\/api.w.org\/{rel}","templated":true}]}}