{"id":2522,"date":"2025-07-17T11:33:38","date_gmt":"2025-07-17T11:33:38","guid":{"rendered":"https:\/\/roscar.ma\/?page_id=2522"},"modified":"2025-07-26T18:15:22","modified_gmt":"2025-07-26T18:15:22","slug":"autoberles-tanger","status":"publish","type":"page","link":"https:\/\/roscar.ma\/hu\/autoberles-tanger\/","title":{"rendered":"Aut\u00f3b\u00e9rl\u00e9s Tanger"},"content":{"rendered":"<h2>Aut\u00f3b\u00e9rl\u00e9s Tanger a RosCar-t\u00f3l<\/h2>\n<p>\u00c9szak-Marokk\u00f3 k\u00e9t kontinens (Eur\u00f3pa \u00e9s Afrika) tal\u00e1lkoz\u00e1s\u00e1n\u00e1l fekszik, ahol az \u00e9ghajlat az \u00e9v 365 napj\u00e1n meleg, \u00e9s mindig f\u00e9nyes eml\u00e9kek. Itt b\u00e9relhet aut\u00f3t Tangerben, \u00e9s utaz\u00e1s\u00e1t egy teljesen \u00faj szintre emelheti:<\/p>\n<ul>\n<li>Kevesebbet kell k\u00f6ltenie a t\u00f6megk\u00f6zleked\u00e9sre vagy taxira<\/li>\n<li>Szabadon mozoghat, amikor csak akar<\/li>\n<li>Egyszer\u0171 \u00e1tv\u00e9tel \u00e9s foglal\u00e1s 24\/7<\/li>\n<li>Olcs\u00f3 \u00e1rak magas min\u0151s\u00e9ggel.<\/li>\n<\/ul>\n<p>M\u00e9g mindig a legjobb \u00e1r-\u00e9rt\u00e9k ar\u00e1nyt keresi minden egyes elk\u00f6lt\u00f6tt doll\u00e1r\u00e9rt? Akkor keressen j\u00e1rm\u0171vet a RosCar-on, foglaljon \u00e9s haszn\u00e1lja a k\u00e1rty\u00e1t a visszaigazol\u00e1shoz (az \u00f6sszeg ak\u00e1r 20%-\u00e1ig). Igen, ez ilyen egyszer\u0171.<\/p>\n<h2>Aut\u00f3b\u00e9rl\u00e9s Tanger: Tangier: Az \u00fatikalauz<\/h2>\n<p>A megfelel\u0151 aut\u00f3k\u00f6lcs\u00f6nz\u0151 Tangier kiv\u00e1laszt\u00e1sa nem t\u0171nik k\u00f6nny\u0171 feladatnak, figyelembe v\u00e9ve az \u00d6n k\u00f6lts\u00e9gvet\u00e9s\u00e9t, utaz\u00e1si st\u00edlus\u00e1t \u00e9s ig\u00e9nyeit. De k\u00e9t l\u00e9p\u00e9s el\u00e9g ahhoz, hogy eljusson oda, ahov\u00e1 szeretne.<\/p>\n<h3>1. A j\u00e1rm\u0171 t\u00edpusa<\/h3>\n<p>T\u00e1gas vagy kompakt, olcs\u00f3 vagy dr\u00e1ga legyen? Haszn\u00e1lja a sz\u0171r\u0151ket, hogy kiv\u00e1laszthassa a saj\u00e1tj\u00e1t:<\/p>\n<ul>\n<li>Gazdas\u00e1gos aut\u00f3<\/li>\n<li>Kompakt aut\u00f3<\/li>\n<li>SUV vagy crossover<\/li>\n<li>Mini aut\u00f3<\/li>\n<li>Standard aut\u00f3<\/li>\n<li>Luxusaut\u00f3<\/li>\n<li>Kabri\u00f3<\/li>\n<li>Furgon, kisbusz \u00e9s m\u00e9g sok m\u00e1s.<\/li>\n<\/ul>\n<h3>2. Tov\u00e1bbi szolg\u00e1ltat\u00e1sok<\/h3>\n<p>Ez lehet a legegyszer\u0171bb \u00e9s legolcs\u00f3bb m\u00f3dja annak, hogy az al\u00e1bbi szolg\u00e1ltat\u00e1sokkal jav\u00edtsa utaz\u00e1sai min\u0151s\u00e9g\u00e9t:<\/p>\n<ul>\n<li>Ingyenes lemond\u00e1s: Ez a lehet\u0151s\u00e9g csak 48 \u00f3r\u00e1val a kezd\u00e9si id\u0151pont el\u0151tt vehet\u0151 ig\u00e9nybe.<\/li>\n<li>Hitelk\u00e1rtya n\u00e9lk\u00fcl: Mindig rengeteg j\u00e1rm\u0171 k\u00f6z\u00fcl lehet v\u00e1lasztani.<\/li>\n<li>SIM-k\u00e1rtya: Mindenkinek sz\u00fcks\u00e9ge van gyors internetre vagy h\u00edv\u00e1sokra utaz\u00e1s k\u00f6zben.<\/li>\n<li>Tov\u00e1bbi sof\u0151r: Mindig j\u00f3, ha van valaki, aki k\u00e9sz vezetni helyetted.<\/li>\n<li>Korl\u00e1tlan kilom\u00e9terek: Nagyszer\u0171 kieg\u00e9sz\u00edt\u0151je az olcs\u00f3 aut\u00f3b\u00e9rl\u00e9snek Tangerben.<\/li>\n<li>Nincs kauci\u00f3: 10-15%-kal dr\u00e1g\u00e1bb lehet, de a hitelk\u00e1rty\u00e1k let\u00e9ti letilt\u00e1sa n\u00e9lk\u00fcl j\u00e1r.<\/li>\n<li>Gyermek\u00fcl\u00e9s: A 10 \u00e9v alatti gyerekek csak gyermekbiztons\u00e1gi rendszerben (h\u00e1ts\u00f3 sor) mozgathat\u00f3k.<\/li>\n<li>Kieg\u00e9sz\u00edt\u0151 biztos\u00edt\u00e1s: Nem kell agg\u00f3dnia az anyagi szabads\u00e1g miatt a SuperCDW vagy a Full Coverage biztos\u00edt\u00e1ssal.<\/li>\n<li>Garant\u00e1lt modell: Toyota Coroll\u00e1t foglalt? Pontosan azt a Toyota Coroll\u00e1t fogja kapni.<\/li>\n<li>Sebess\u00e9gv\u00e1lt\u00f3: Manu\u00e1lis vs. automata. Olcs\u00f3 vs. K\u00e9nyelmes.<\/li>\n<\/ul>\n<blockquote class=\"info\">\n<h2>Tanger aut\u00f3b\u00e9rl\u00e9s:<\/h2>\n<p>Van \u00f6t perce? Akkor a RosCar-on \u00edgy b\u00e9relhet b\u00e1rmilyen j\u00e1rm\u0171vet:<\/p>\n<ol>\n<li>Adja meg a Kezdete-v\u00e9ge d\u00e1tumokat, valamint a helysz\u00edneket.<\/li>\n<li>Menjen a sz\u0171r\u0151kh\u00f6z, \u00e9s kattintson azokra, amelyeket k\u00edv\u00e1natosnak tal\u00e1l. Kap egy list\u00e1t.<\/li>\n<li>V\u00e1lassza ki az aut\u00f3t a Book Now (Foglal\u00e1s most) men\u00fcponton kereszt\u00fcl.<\/li>\n<li>V\u00e1lassza ki a fizet\u00e9si m\u00f3dot, a biztos\u00edt\u00e1st \u00e9s az extra szolg\u00e1ltat\u00e1sokat az \u0171rlapon.<\/li>\n<li>Adja hozz\u00e1 az egy\u00e9b inform\u00e1ci\u00f3kat \u00e9s er\u0151s\u00edtse meg.<\/li>\n<li>Fizessen most.<\/li>\n<\/ol>\n<p>A tangeri aut\u00f3b\u00e9rl\u00e9st b\u00e1rki lefoglalhatja, aki rendelkezik jogos\u00edtv\u00e1nnyal (21 \u00e9v felett) \u00e9s bankk\u00e1rty\u00e1val (ak\u00e1r 20%-os visszaigazol\u00f3 fizet\u00e9ssel). A fennmarad\u00f3 \u00f6sszeg 80%-\u00e1t a helysz\u00ednen kell kifizetni, az \u0171rlapon megadott b\u00e1rmelyik m\u00f3dszerrel.<\/p><\/blockquote>\n<h2>Aut\u00f3b\u00e9rl\u00e9s Tanger \u00e1ra<\/h2>\n<p>Marokk\u00f3 ezen r\u00e9sz\u00e9n, Tangerben meglehet\u0151sen alacsony \u00e1rakkal lehet aut\u00f3t b\u00e9relni:<\/p>\n<ul>\n<li>$15-20 Economy vagy Mini<\/li>\n<li>25-30 $ a Standard eset\u00e9ben<\/li>\n<li>35-50 $ a Minibusz, SUV, 4&#215;4 vagy Crossover eset\u00e9ben.<\/li>\n<li>$60+ a luxus vagy kabri\u00f3.<\/li>\n<\/ul>\n<p>A turisztikai szezon k\u00f6zep\u00e9n az \u00e1rak ak\u00e1r 60%-kal is emelkedhetnek, vagy m\u00e9g magasabbak lehetnek. Ez\u00e9rt \u00e9rdemes figyelembe vennie a k\u00f6vetkez\u0151 \u00e9letviteli tr\u00fckk\u00f6ket az alacsonyabb k\u00f6lts\u00e9gek \u00e9rdek\u00e9ben:<\/p>\n<ul>\n<li>Foglaljon min\u00e9l kor\u00e1bban<\/li>\n<li>V\u00e1lasszon olyan j\u00e1rm\u0171t\u00edpust, amely nem vesz\u00e9lyezteti a k\u00f6lts\u00e9gvet\u00e9s\u00e9t<\/li>\n<li>Keresse az ingyenes funkci\u00f3kat (nincs kauci\u00f3, nincs hitelk\u00e1rtya, korl\u00e1tlan fut\u00e1steljes\u00edtm\u00e9ny stb.)<\/li>\n<li>Hat\u00e1rozza meg a kezd\u00e9si id\u0151pontot a h\u00e9t k\u00f6zep\u00e9re.<\/li>\n<\/ul>\n<p>Az \u00e1rakat is \u00e9rdemes \u00f6sszehasonl\u00edtani:<\/p>\n<h3>Tangier, Marokk\u00f3 aut\u00f3b\u00e9rl\u00e9s \u00e1rait tartalmaz\u00f3 t\u00e1bl\u00e1zat<\/h3>\n<table>\n<thead>\n<tr>\n<th>Aut\u00f3modell<\/th>\n<th>Karossz\u00e9ria t\u00edpusa<\/th>\n<th>\u00c1r naponta (alacsony szezonban)<\/th>\n<th>\u00c1r naponta (f\u0151szezonban)<\/th>\n<th>Utasok<\/th>\n<th>Poggy\u00e1sz kapacit\u00e1s<\/th>\n<\/tr>\n<\/thead>\n<tbody>\n<tr>\n<td>Fiat Panda<\/td>\n<td>Hatchback<\/td>\n<td>20 \u20ac<\/td>\n<td>27 \u20ac<\/td>\n<td>4<\/td>\n<td>1<\/td>\n<\/tr>\n<tr>\n<td>Kia Picanto<\/td>\n<td>Hatchback<\/td>\n<td>22 \u20ac<\/td>\n<td>29 \u20ac<\/td>\n<td>4<\/td>\n<td>1<\/td>\n<\/tr>\n<tr>\n<td>Dacia Logan<\/td>\n<td>Sedan<\/td>\n<td>24 \u20ac<\/td>\n<td>32 \u20ac<\/td>\n<td>5<\/td>\n<td>2<\/td>\n<\/tr>\n<tr>\n<td>Peugeot 208<\/td>\n<td>Hatchback<\/td>\n<td>26 \u20ac<\/td>\n<td>35 \u20ac<\/td>\n<td>5<\/td>\n<td>2<\/td>\n<\/tr>\n<tr>\n<td>Renault Clio<\/td>\n<td>Hatchback<\/td>\n<td>27 \u20ac<\/td>\n<td>36 \u20ac<\/td>\n<td>5<\/td>\n<td>2<\/td>\n<\/tr>\n<tr>\n<td>Citro\u00ebn C-Elys\u00e9e<\/td>\n<td>Szed\u00e1n<\/td>\n<td>29 \u20ac<\/td>\n<td>39 \u20ac<\/td>\n<td>5<\/td>\n<td>3<\/td>\n<\/tr>\n<tr>\n<td>Hyundai i20<\/td>\n<td>Hatchback<\/td>\n<td>28 \u20ac<\/td>\n<td>38 \u20ac<\/td>\n<td>5<\/td>\n<td>2<\/td>\n<\/tr>\n<tr>\n<td>Dacia Duster<\/td>\n<td>SUV<\/td>\n<td>38 \u20ac<\/td>\n<td>49 \u20ac<\/td>\n<td>5<\/td>\n<td>3<\/td>\n<\/tr>\n<tr>\n<td>Renault Kadjar<\/td>\n<td>SUV<\/td>\n<td>50 \u20ac<\/td>\n<td>62 \u20ac<\/td>\n<td>5<\/td>\n<td>4<\/td>\n<\/tr>\n<tr>\n<td>Peugeot 3008<\/td>\n<td>SUV<\/td>\n<td>55 \u20ac<\/td>\n<td>70 \u20ac<\/td>\n<td>5<\/td>\n<td>4<\/td>\n<\/tr>\n<\/tbody>\n<\/table>\n        <div class=\"rpc-chart\">\n            <h3>Hogyan v\u00e1ltoznak az aut\u00f3b\u00e9rl\u00e9si \u00e1rak Tangerben: val\u00f3s foglal\u00e1sok alapj\u00e1n k\u00e9sz\u00fclt \u00e1ttekint\u00e9s<\/h3>\n            <div><p>Az elm\u00falt h\u00e1rom \u00e9vben a roscar.ma figyelte az aut\u00f3b\u00e9rl\u00e9s \u00e1rait Tanger v\u00e1ros\u00e1ban. Az itt bemutatott adatok val\u00f3s foglal\u00e1sokon alapulnak, \u00edgy megb\u00edzhat\u00f3 k\u00e9pet tudunk alkotni a b\u00e9rleti \u00e1rak szezon\u00e1lis ingadoz\u00e1sair\u00f3l.<\/p>\n<p>Az elemz\u00e9s a k\u00fcl\u00f6nb\u00f6z\u0151 aut\u00f3kateg\u00f3ri\u00e1kra terjed ki - a kompakt modellekt\u0151l a terepj\u00e1r\u00f3kon, kabri\u00f3kon \u00e9s pr\u00e9mium aut\u00f3kon \u00e1t. \u00cdgy l\u00e1thatjuk, hogy a turisztikai aktivit\u00e1s \u00e9s az \u00e9vszak hogyan befoly\u00e1solja az \u00e1rk\u00e9pz\u00e9st.<\/p>\n<p>A RosCar Marokk\u00f3 szakemberei nagy tapasztalattal rendelkeznek a marokk\u00f3i \u00fcgyf\u00e9lszolg\u00e1lat ter\u00e9n, \u00e9s olyan ellen\u0151rz\u00f6tt inform\u00e1ci\u00f3kat k\u00edn\u00e1lnak, amelyek hasznosak lehetnek mindazok sz\u00e1m\u00e1ra, akik Tangerbe terveznek utaz\u00e1st, \u00e9s hat\u00e9konyan szeretn\u00e9k megtervezni a sz\u00e1ll\u00edt\u00e1si k\u00f6lts\u00e9geiket.<\/p>\n<\/div>\n            <div class=\"rpc-chart-bars\">\n                                    <div class=\"rpc-chart-column\">\n                        <div class=\"rpc-chart-inner\" style=\"height: 24.528301886792%\">\n                            <div class=\"rpc-chart-column-value\">13 \u20ac<\/div>\n                            <div class=\"rpc-chart-month\">JAN<\/div>\n                        <\/div>\n                    <\/div>\n                                    <div class=\"rpc-chart-column\">\n                        <div class=\"rpc-chart-inner\" style=\"height: 26.415094339623%\">\n                            <div class=\"rpc-chart-column-value\">14 \u20ac<\/div>\n                            <div class=\"rpc-chart-month\">FEB<\/div>\n                        <\/div>\n                    <\/div>\n                                    <div class=\"rpc-chart-column\">\n                        <div class=\"rpc-chart-inner\" style=\"height: 28.301886792453%\">\n                            <div class=\"rpc-chart-column-value\">15 \u20ac<\/div>\n                            <div class=\"rpc-chart-month\">MAR<\/div>\n                        <\/div>\n                    <\/div>\n                                    <div class=\"rpc-chart-column\">\n                        <div class=\"rpc-chart-inner\" style=\"height: 45.283018867925%\">\n                            <div class=\"rpc-chart-column-value\">24 \u20ac<\/div>\n                            <div class=\"rpc-chart-month\">APR<\/div>\n                        <\/div>\n                    <\/div>\n                                    <div class=\"rpc-chart-column\">\n                        <div class=\"rpc-chart-inner\" style=\"height: 32.075471698113%\">\n                            <div class=\"rpc-chart-column-value\">17 \u20ac<\/div>\n                            <div class=\"rpc-chart-month\">MAY<\/div>\n                        <\/div>\n                    <\/div>\n                                    <div class=\"rpc-chart-column\">\n                        <div class=\"rpc-chart-inner\" style=\"height: 30.188679245283%\">\n                            <div class=\"rpc-chart-column-value\">16 \u20ac<\/div>\n                            <div class=\"rpc-chart-month\">JUN<\/div>\n                        <\/div>\n                    <\/div>\n                                    <div class=\"rpc-chart-column\">\n                        <div class=\"rpc-chart-inner\" style=\"height: 52.830188679245%\">\n                            <div class=\"rpc-chart-column-value\">28 \u20ac<\/div>\n                            <div class=\"rpc-chart-month\">JUL<\/div>\n                        <\/div>\n                    <\/div>\n                                    <div class=\"rpc-chart-column\">\n                        <div class=\"rpc-chart-inner\" style=\"height: 62.264150943396%\">\n                            <div class=\"rpc-chart-column-value\">33 \u20ac<\/div>\n                            <div class=\"rpc-chart-month\">AUG<\/div>\n                        <\/div>\n                    <\/div>\n                                    <div class=\"rpc-chart-column\">\n                        <div class=\"rpc-chart-inner\" style=\"height: 39.622641509434%\">\n                            <div class=\"rpc-chart-column-value\">21 \u20ac<\/div>\n                            <div class=\"rpc-chart-month\">SEP<\/div>\n                        <\/div>\n                    <\/div>\n                                    <div class=\"rpc-chart-column\">\n                        <div class=\"rpc-chart-inner\" style=\"height: 35.849056603774%\">\n                            <div class=\"rpc-chart-column-value\">19 \u20ac<\/div>\n                            <div class=\"rpc-chart-month\">OCT<\/div>\n                        <\/div>\n                    <\/div>\n                                    <div class=\"rpc-chart-column\">\n                        <div class=\"rpc-chart-inner\" style=\"height: 32.075471698113%\">\n                            <div class=\"rpc-chart-column-value\">17 \u20ac<\/div>\n                            <div class=\"rpc-chart-month\">NOV<\/div>\n                        <\/div>\n                    <\/div>\n                                    <div class=\"rpc-chart-column\">\n                        <div class=\"rpc-chart-inner\" style=\"height: 41.509433962264%\">\n                            <div class=\"rpc-chart-column-value\">22 \u20ac<\/div>\n                            <div class=\"rpc-chart-month\">DEC<\/div>\n                        <\/div>\n                    <\/div>\n                            <\/div>\n        <\/div>\n        \n<h2>Aut\u00f3b\u00e9rl\u00e9s Tangerben: Dokumentumok<\/h2>\n<p>Marokk\u00f3 egy nyitott orsz\u00e1g, amely a vil\u00e1g minden t\u00e1j\u00e1r\u00f3l el\u00e9rhet\u0151 a turist\u00e1k sz\u00e1m\u00e1ra. Ez\u00e9rt a b\u00e9rl\u00e9shez csak a szok\u00e1sos dokumentumokra van sz\u00fcks\u00e9g:<\/p>\n<ol>\n<li>Vezet\u0151i enged\u00e9ly (2 \u00e9ves tapasztalat sz\u00fcks\u00e9ges).<\/li>\n<li>\u00datlev\u00e9l vagy szem\u00e9lyi igazolv\u00e1ny<\/li>\n<li>Voucher vagy foglal\u00e1si igazol\u00e1s<\/li>\n<li>Hitelk\u00e1rtya (nem k\u00f6telez\u0151).<\/li>\n<\/ol>\n","protected":false},"excerpt":{"rendered":"<p>Aut\u00f3b\u00e9rl\u00e9s Tanger a RosCar-t\u00f3l \u00c9szak-Marokk\u00f3 k\u00e9t kontinens (Eur\u00f3pa \u00e9s Afrika) tal\u00e1lkoz\u00e1s\u00e1n\u00e1l fekszik, ahol az \u00e9ghajlat az \u00e9v 365 napj\u00e1n meleg, \u00e9s mindig f\u00e9nyes eml\u00e9kek. Itt b\u00e9relhet aut\u00f3t Tangerben, \u00e9s utaz\u00e1s\u00e1t egy teljesen \u00faj szintre emelheti: Kevesebbet kell k\u00f6ltenie a t\u00f6megk\u00f6zleked\u00e9sre vagy taxira Szabadon mozoghat, amikor csak akar Egyszer\u0171 \u00e1tv\u00e9tel \u00e9s foglal\u00e1s 24\/7 Olcs\u00f3 \u00e1rak magas [&hellip;]<\/p>\n","protected":false},"author":1,"featured_media":286,"parent":0,"menu_order":0,"comment_status":"closed","ping_status":"closed","template":"","meta":{"footnotes":""},"class_list":["post-2522","page","type-page","status-publish","has-post-thumbnail",""],"_links":{"self":[{"href":"https:\/\/roscar.ma\/hu\/wp-json\/wp\/v2\/pages\/2522","targetHints":{"allow":["GET"]}}],"collection":[{"href":"https:\/\/roscar.ma\/hu\/wp-json\/wp\/v2\/pages"}],"about":[{"href":"https:\/\/roscar.ma\/hu\/wp-json\/wp\/v2\/types\/page"}],"author":[{"embeddable":true,"href":"https:\/\/roscar.ma\/hu\/wp-json\/wp\/v2\/users\/1"}],"replies":[{"embeddable":true,"href":"https:\/\/roscar.ma\/hu\/wp-json\/wp\/v2\/comments?post=2522"}],"version-history":[{"count":2,"href":"https:\/\/roscar.ma\/hu\/wp-json\/wp\/v2\/pages\/2522\/revisions"}],"predecessor-version":[{"id":2524,"href":"https:\/\/roscar.ma\/hu\/wp-json\/wp\/v2\/pages\/2522\/revisions\/2524"}],"wp:featuredmedia":[{"embeddable":true,"href":"https:\/\/roscar.ma\/hu\/wp-json\/wp\/v2\/media\/286"}],"wp:attachment":[{"href":"https:\/\/roscar.ma\/hu\/wp-json\/wp\/v2\/media?parent=2522"}],"curies":[{"name":"wp","href":"https:\/\/api.w.org\/{rel}","templated":true}]}}