{"id":2153,"date":"2025-07-17T11:30:24","date_gmt":"2025-07-17T11:30:24","guid":{"rendered":"https:\/\/roscar.ma\/?page_id=2153"},"modified":"2025-07-26T11:44:40","modified_gmt":"2025-07-26T11:44:40","slug":"autoberles-agadir","status":"publish","type":"page","link":"https:\/\/roscar.ma\/hu\/autoberles-agadir\/","title":{"rendered":"Aut\u00f3b\u00e9rl\u00e9s Agadir"},"content":{"rendered":"<h2>Aut\u00f3b\u00e9rl\u00e9s Agadir a RosCar-t\u00f3l<\/h2>\n<p>Marokk\u00f3 egy olyan orsz\u00e1g, amelynek egyedi hangulata, vibr\u00e1l\u00f3 t\u00e1jai \u00e9s tucatnyi gy\u00f6ny\u00f6r\u0171 tengerparti \u00fcd\u00fcl\u0151v\u00e1rosa van. T\u00f6k\u00e9letes hely azok sz\u00e1m\u00e1ra, akik valami t\u00f6bbre v\u00e1gynak, mint a tengerparton val\u00f3 pihen\u00e9s. \u00c9s csak egy \u00fat van, ha a legt\u00f6bbet szeretn\u00e9 kihozni az utaz\u00e1sb\u00f3l, \u00e9s \u00e9l\u00e9nk szenz\u00e1ci\u00f3kkal szeretne betelni: aut\u00f3b\u00e9rl\u00e9s Agadirban. K\u00e9szen \u00e1ll, hogy megszerezze a saj\u00e1tj\u00e1t? Akkor foglaljon most a RosCar-n\u00e1l, \u00e9s megteheti:<\/p>\n<ul>\n<li>V\u00e1lassza ki a legjobb aj\u00e1nlatokat a win-win felt\u00e9telekkel<\/li>\n<li>Olyan extra opci\u00f3kkal felszerelkezni, amelyek jobb\u00e1 \u00e9s k\u00f6nnyebb\u00e9 teszik az \u00e9letet<\/li>\n<li>Mozogjon az \u00d6n egyedi \u00fatvonal\u00e1n an\u00e9lk\u00fcl, hogy valaki m\u00e1s menetrendj\u00e9hez lenne k\u00f6tve<\/li>\n<li>Vegye ig\u00e9nybe a hossz\u00fa t\u00e1v\u00fa aut\u00f3b\u00e9rl\u00e9s alacsony \u00e1rait.<\/li>\n<\/ul>\n<h2>Aut\u00f3b\u00e9rl\u00e9s Agadir: Az \u00fatikalauz<\/h2>\n<p>Miel\u0151tt megnyomn\u00e1 a &#8222;Foglal\u00e1s most&#8221; gombot, javasoljuk, hogy olvasson el egy r\u00f6vid bevezet\u0151t. Ez az \u00fat t\u00f6bb ezer akt\u00edv utaz\u00f3 \u00fatja a vil\u00e1g minden t\u00e1j\u00e1r\u00f3l, amely lehet\u0151v\u00e9 teszi, hogy mit fogsz venni, amit nem fogsz megb\u00e1nni.<\/p>\n<h3>1. V\u00e1lassza ki az \u00d6n k\u00f6lts\u00e9gvet\u00e9s\u00e9hez \u00e9s c\u00e9ljaihoz ill\u0151 j\u00e1rm\u0171t\u00edpust<\/h3>\n<p>Olcs\u00f3 aut\u00f3k\u00f6lcs\u00f6nz\u00e9s Agadirban csak azok sz\u00e1m\u00e1ra el\u00e9rhet\u0151, akik a megfelel\u0151 t\u00edpust v\u00e1lasztj\u00e1k:<\/p>\n<ul>\n<li>Standard aut\u00f3 (Bestseller Marokk\u00f3ban)<\/li>\n<li>Crossover vagy SUV<\/li>\n<li>Mini aut\u00f3 vagy Economy aut\u00f3<\/li>\n<li>Kisbusz vagy furgon<\/li>\n<li>Kabri\u00f3, luxus vagy egy\u00e9b.<\/li>\n<\/ul>\n<h3>2. Mi a helyzet a kieg\u00e9sz\u00edt\u0151 szolg\u00e1ltat\u00e1sokkal?<\/h3>\n<p>A foglal\u00e1snak ez az a r\u00e9sze, amelyet sok turista gyakran kihagy, de azt\u00e1n megb\u00e1nja, hogy nem ford\u00edtott r\u00e1 nagyobb figyelmet. Tal\u00e1n van itt valami, ami m\u00e9g jobb\u00e1 teszi az aut\u00f3b\u00e9rl\u00e9st Agadirban:<\/p>\n<ul>\n<li>Kieg\u00e9sz\u00edt\u0151 biztos\u00edt\u00e1s: A p\u00e9nz\u00fcgyi kock\u00e1zatok alacsonyabbak lesznek, ha fizetett a Full Coverage vagy a SuperCDW kiterjeszt\u00e9s\u00e9rt.<\/li>\n<li>Ingyenes lemond\u00e1s: Abban az esetben, ha nem 100%-ig biztos a terveiben.<\/li>\n<li>Korl\u00e1tlan kilom\u00e9terek: Nulla off-d\u00edj a v\u00e9gtelen utaz\u00e1si lehet\u0151s\u00e9gek\u00e9rt.<\/li>\n<li>Nincs kauci\u00f3: Nem kell cs\u00f6kkentenie a k\u00f6lts\u00e9gvet\u00e9s\u00e9t, pr\u00f3b\u00e1lja ki a hitelk\u00e1rty\u00e1k let\u00e9ti letilt\u00e1s n\u00e9lk\u00fcli letilt\u00e1s\u00e1t.<\/li>\n<li>Garant\u00e1lt modell: Ugyanaz az aut\u00f3 lesz lefoglalva, nincs kiv\u00e9tel.<\/li>\n<li>Sebess\u00e9gv\u00e1lt\u00f3: Nem fog meglep\u0151dni, ha megtudja, hogy automata sebess\u00e9gv\u00e1lt\u00f3t aj\u00e1nlunk.<\/li>\n<li>Nincs hitelk\u00e1rtya: Sok j\u00f3 j\u00e1rm\u0171 \u00e1ll rendelkez\u00e9sre ezzel az ingyenes funkci\u00f3val.<\/li>\n<li>SIM-k\u00e1rtya: A 2025-\u00f6s utaz\u00e1s lehetetlen stabil \u00e9s olcs\u00f3 internetkapcsolat n\u00e9lk\u00fcl.<\/li>\n<li>Kieg\u00e9sz\u00edt\u0151 sof\u0151r: V\u00e1lassza ezt az opci\u00f3t, ha szeretn\u00e9, hogy egy bar\u00e1tja vezessen az \u00faton.<\/li>\n<li>Gyermek\u00fcl\u00e9s: Marokk\u00f3ban a 10 \u00e9v alatti gyermekeknek gyermekbiztons\u00e1gi rendszerben kell \u00fclni\u00fck.<\/li>\n<\/ul>\n<blockquote class=\"check\">\n<h2>Agadir aut\u00f3b\u00e9rl\u00e9s: \u00datmutat\u00f3<\/h2>\n<p>Van jogos\u00edtv\u00e1nya \u00e9s elm\u00falt 21 \u00e9ves? Akkor menjen \u00e9s szerezzen Agadir aut\u00f3b\u00e9rl\u00e9st a lehet\u0151 leghamarabb:<\/p>\n<ol>\n<li>Adja meg a helysz\u00edneket \u00e9s az id\u0151pontokat.<\/li>\n<li>Menjen a sz\u0171r\u0151kh\u00f6z, hogy testre szabhassa a keres\u00e9st.<\/li>\n<li>Megtal\u00e1lta a k\u00edv\u00e1nt j\u00e1rm\u0171vet a list\u00e1ban? Foglaljon most.<\/li>\n<li>Adjon hozz\u00e1 tov\u00e1bbi szolg\u00e1ltat\u00e1sokat vagy biztos\u00edt\u00e1si t\u00edpust (ha b\u0151v\u00edt\u00e9sre van sz\u00fcks\u00e9ge).<\/li>\n<li>T\u00f6ltse ki a sof\u0151r adatait.<\/li>\n<li>Meger\u0151s\u00edt\u00e9s.<\/li>\n<\/ol>\n<p>A foglal\u00e1s meger\u0151s\u00edt\u00e9se a RosCar-on bankk\u00e1rty\u00e1val t\u00f6rt\u00e9nik, ami a b\u00e9rleti d\u00edj k\u00f6r\u00fclbel\u00fcl egy\u00f6t\u00f6d\u00e9t ig\u00e9nyli. Az utalv\u00e1nyt (a foglal\u00e1s visszaigazol\u00e1s\u00e1t) a fizet\u00e9s j\u00f3v\u00e1\u00edr\u00e1s\u00e1t k\u00f6vet\u0151en azonnal elk\u00fcldj\u00fck.<\/p><\/blockquote>\n<h2>Aut\u00f3b\u00e9rl\u00e9s Agadir \u00e1ra<\/h2>\n<p>A b\u00e9relt j\u00e1rm\u0171 egy napos vezet\u00e9s\u00e9nek k\u00f6lts\u00e9ge:<\/p>\n<ul>\n<li>$15-20 Economy\/Mini eset\u00e9n<\/li>\n<li>25-35 $ Standard\/Compact eset\u00e9n<\/li>\n<li>40-60 $ a Crossover\/SUV\/Minifurgon eset\u00e9ben.<\/li>\n<li>80 $+ a luxus\/kabri\u00f3 eset\u00e9ben.<\/li>\n<\/ul>\n<p>Ezek csak hozz\u00e1vet\u0151leges \u00e9rt\u00e9kek az \u00e9v \u00e1tlag\u00e1ban. Olcs\u00f3bb lesz az aut\u00f3b\u00e9rl\u00e9s Agadirban, ha:<\/p>\n<ul>\n<li>Ker\u00fclje a last minute szezonokat vagy \u00fcnnepnapokat<\/li>\n<li>Hossz\u00fa t\u00e1v\u00fa aut\u00f3b\u00e9rl\u00e9st keres<\/li>\n<li>A v\u00e1rosban veszi fel a j\u00e1rm\u0171vet (a rep\u00fcl\u0151t\u00e9r vagy a transzfer dr\u00e1g\u00e1bb).<\/li>\n<li>Id\u0151ben foglal (10-20 nappal a kezd\u00e9s el\u0151tt).<\/li>\n<\/ul>\n<p>Javasoljuk tov\u00e1bb\u00e1 az \u00e1rak \u00f6sszehasonl\u00edt\u00e1s\u00e1t:<\/p>\n<h3>T\u00e1bl\u00e1zat az aut\u00f3b\u00e9rl\u00e9s \u00e1raival Agadirban, Marokk\u00f3ban<\/h3>\n<table border=\"1\" cellspacing=\"0\" cellpadding=\"0\">\n<thead>\n<tr>\n<th>Aut\u00f3modell<\/th>\n<th>Karossz\u00e9ria t\u00edpusa<\/th>\n<th>\u00c1r naponta (alacsony szezonban)<\/th>\n<th>\u00c1r naponta (f\u0151szezonban)<\/th>\n<th>Utasok<\/th>\n<th>Poggy\u00e1sz kapacit\u00e1s<\/th>\n<\/tr>\n<\/thead>\n<tbody>\n<tr>\n<td>Fiat Panda<\/td>\n<td>Hatchback<\/td>\n<td>19 \u20ac<\/td>\n<td>25 \u20ac<\/td>\n<td>4<\/td>\n<td>1<\/td>\n<\/tr>\n<tr>\n<td>Kia Picanto<\/td>\n<td>Hatchback<\/td>\n<td>21 \u20ac<\/td>\n<td>28 \u20ac<\/td>\n<td>4<\/td>\n<td>1<\/td>\n<\/tr>\n<tr>\n<td>Dacia Logan<\/td>\n<td>Sedan<\/td>\n<td>23 \u20ac<\/td>\n<td>31 \u20ac<\/td>\n<td>5<\/td>\n<td>2<\/td>\n<\/tr>\n<tr>\n<td>Hyundai i20<\/td>\n<td>Hatchback<\/td>\n<td>25 \u20ac<\/td>\n<td>34 \u20ac<\/td>\n<td>5<\/td>\n<td>2<\/td>\n<\/tr>\n<tr>\n<td>Peugeot 208<\/td>\n<td>Hatchback<\/td>\n<td>26 \u20ac<\/td>\n<td>35 \u20ac<\/td>\n<td>5<\/td>\n<td>2<\/td>\n<\/tr>\n<tr>\n<td>Renault Clio<\/td>\n<td>Hatchback<\/td>\n<td>27 \u20ac<\/td>\n<td>37 \u20ac<\/td>\n<td>5<\/td>\n<td>2<\/td>\n<\/tr>\n<tr>\n<td>Citro\u00ebn C-Elys\u00e9e<\/td>\n<td>Szed\u00e1n<\/td>\n<td>28 \u20ac<\/td>\n<td>38 \u20ac<\/td>\n<td>5<\/td>\n<td>3<\/td>\n<\/tr>\n<tr>\n<td>Renault Captur<\/td>\n<td>Crossover<\/td>\n<td>33 \u20ac<\/td>\n<td>44 \u20ac<\/td>\n<td>5<\/td>\n<td>3<\/td>\n<\/tr>\n<tr>\n<td>Dacia Duster<\/td>\n<td>SUV<\/td>\n<td>37 \u20ac<\/td>\n<td>48 \u20ac<\/td>\n<td>5<\/td>\n<td>3<\/td>\n<\/tr>\n<tr>\n<td>Peugeot 3008<\/td>\n<td>SUV<\/td>\n<td>54 \u20ac<\/td>\n<td>68 \u20ac<\/td>\n<td>5<\/td>\n<td>4<\/td>\n<\/tr>\n<\/tbody>\n<\/table>\n        <div class=\"rpc-chart\">\n            <h3>Az aut\u00f3b\u00e9rl\u00e9si \u00e1rak szezon\u00e1lis v\u00e1ltoz\u00e1sa Agadir v\u00e1ros\u00e1ban: t\u00e9nyleges elemz\u00e9sek a foglal\u00e1sok alapj\u00e1n<\/h3>\n            <div><p>Az elm\u00falt h\u00e1rom \u00e9vben a roscar.ma csapata \u00f6sszegy\u0171jt\u00f6tte \u00e9s elemezte az aut\u00f3b\u00e9rl\u00e9s \u00e1tlagos b\u00e9rleti d\u00edj\u00e1ra vonatkoz\u00f3 adatokat Agadir v\u00e1ros\u00e1ban. Minden eredm\u00e9ny a kiz\u00e1r\u00f3lag megb\u00edzhat\u00f3 helyi partnerekkel egy\u00fcttm\u0171k\u00f6d\u0151 platformon kereszt\u00fcl v\u00e9gzett val\u00f3s foglal\u00e1sokon alapul.<\/p>\n<p>A tanulm\u00e1ny az aut\u00f3k minden kateg\u00f3ri\u00e1j\u00e1t figyelembe veszi - a kompakt v\u00e1rosi modellekt\u0151l a t\u00e1gas SUV-kig, kabri\u00f3kig \u00e9s \u00fczleti kateg\u00f3ri\u00e1s aut\u00f3kig. Ez a megk\u00f6zel\u00edt\u00e9s lehet\u0151v\u00e9 teszi a pontos szezon\u00e1lis \u00e1rtrendek azonos\u00edt\u00e1s\u00e1t, \u00e9s az \u00fcgyfelek sz\u00e1m\u00e1ra a leghasznosabb inform\u00e1ci\u00f3kat ny\u00fajtja az utaz\u00e1suk megtervez\u00e9s\u00e9hez.<\/p>\n<p>A RosCar Marokk\u00f3 szakemberei alaposan ismerik a marokk\u00f3i aut\u00f3k\u00f6lcs\u00f6nz\u0151 piacot, \u00e9s naponta dolgoznak a naprak\u00e9sz statisztik\u00e1k friss\u00edt\u00e9s\u00e9n. Ez biztos\u00edtja, hogy a felhaszn\u00e1l\u00f3k ne csak \u00e1tlagokat, hanem megb\u00edzhat\u00f3, gyakorlatias, a val\u00f3s felt\u00e9teleknek megfelel\u0151 inform\u00e1ci\u00f3kat kapjanak.<\/p>\n<\/div>\n            <div class=\"rpc-chart-bars\">\n                                    <div class=\"rpc-chart-column\">\n                        <div class=\"rpc-chart-inner\" style=\"height: 27.659574468085%\">\n                            <div class=\"rpc-chart-column-value\">13 \u20ac<\/div>\n                            <div class=\"rpc-chart-month\">JAN<\/div>\n                        <\/div>\n                    <\/div>\n                                    <div class=\"rpc-chart-column\">\n                        <div class=\"rpc-chart-inner\" style=\"height: 29.787234042553%\">\n                            <div class=\"rpc-chart-column-value\">14 \u20ac<\/div>\n                            <div class=\"rpc-chart-month\">FEB<\/div>\n                        <\/div>\n                    <\/div>\n                                    <div class=\"rpc-chart-column\">\n                        <div class=\"rpc-chart-inner\" style=\"height: 27.659574468085%\">\n                            <div class=\"rpc-chart-column-value\">13 \u20ac<\/div>\n                            <div class=\"rpc-chart-month\">MAR<\/div>\n                        <\/div>\n                    <\/div>\n                                    <div class=\"rpc-chart-column\">\n                        <div class=\"rpc-chart-inner\" style=\"height: 38.297872340426%\">\n                            <div class=\"rpc-chart-column-value\">18 \u20ac<\/div>\n                            <div class=\"rpc-chart-month\">APR<\/div>\n                        <\/div>\n                    <\/div>\n                                    <div class=\"rpc-chart-column\">\n                        <div class=\"rpc-chart-inner\" style=\"height: 29.787234042553%\">\n                            <div class=\"rpc-chart-column-value\">14 \u20ac<\/div>\n                            <div class=\"rpc-chart-month\">MAY<\/div>\n                        <\/div>\n                    <\/div>\n                                    <div class=\"rpc-chart-column\">\n                        <div class=\"rpc-chart-inner\" style=\"height: 27.659574468085%\">\n                            <div class=\"rpc-chart-column-value\">13 \u20ac<\/div>\n                            <div class=\"rpc-chart-month\">JUN<\/div>\n                        <\/div>\n                    <\/div>\n                                    <div class=\"rpc-chart-column\">\n                        <div class=\"rpc-chart-inner\" style=\"height: 46.808510638298%\">\n                            <div class=\"rpc-chart-column-value\">22 \u20ac<\/div>\n                            <div class=\"rpc-chart-month\">JUL<\/div>\n                        <\/div>\n                    <\/div>\n                                    <div class=\"rpc-chart-column\">\n                        <div class=\"rpc-chart-inner\" style=\"height: 57.446808510638%\">\n                            <div class=\"rpc-chart-column-value\">27 \u20ac<\/div>\n                            <div class=\"rpc-chart-month\">AUG<\/div>\n                        <\/div>\n                    <\/div>\n                                    <div class=\"rpc-chart-column\">\n                        <div class=\"rpc-chart-inner\" style=\"height: 31.914893617021%\">\n                            <div class=\"rpc-chart-column-value\">15 \u20ac<\/div>\n                            <div class=\"rpc-chart-month\">SEP<\/div>\n                        <\/div>\n                    <\/div>\n                                    <div class=\"rpc-chart-column\">\n                        <div class=\"rpc-chart-inner\" style=\"height: 38.297872340426%\">\n                            <div class=\"rpc-chart-column-value\">18 \u20ac<\/div>\n                            <div class=\"rpc-chart-month\">OCT<\/div>\n                        <\/div>\n                    <\/div>\n                                    <div class=\"rpc-chart-column\">\n                        <div class=\"rpc-chart-inner\" style=\"height: 31.914893617021%\">\n                            <div class=\"rpc-chart-column-value\">15 \u20ac<\/div>\n                            <div class=\"rpc-chart-month\">NOV<\/div>\n                        <\/div>\n                    <\/div>\n                                    <div class=\"rpc-chart-column\">\n                        <div class=\"rpc-chart-inner\" style=\"height: 40.425531914894%\">\n                            <div class=\"rpc-chart-column-value\">19 \u20ac<\/div>\n                            <div class=\"rpc-chart-month\">DEC<\/div>\n                        <\/div>\n                    <\/div>\n                            <\/div>\n        <\/div>\n        \n<h2>Aut\u00f3b\u00e9rl\u00e9s Agadirban: Dokumentumok<\/h2>\n<p>21-25 \u00e9ves kor, n\u00e9mi vezet\u00e9si tapasztalat \u00e9s a k\u00f6vetkez\u0151 dokumentumok sz\u00fcks\u00e9gesek az aut\u00f3b\u00e9rl\u00e9shez Agadirban:<\/p>\n<ol>\n<li>Hitelk\u00e1rtya (nem k\u00f6telez\u0151)<\/li>\n<li>\u00datlev\u00e9l<\/li>\n<li>Utalv\u00e1ny\/foglal\u00e1si igazol\u00e1s<\/li>\n<li>Vezet\u0151i enged\u00e9ly (vagy szem\u00e9lyi igazolv\u00e1ny).<\/li>\n<\/ol>\n<p>Az aut\u00f3b\u00e9rl\u00e9s Agadir n\u00e9lk\u00fcl\u00f6zhetetlen szolg\u00e1ltat\u00e1sa azoknak a turist\u00e1knak, akik nem csak Agadir, hanem eg\u00e9sz Marokk\u00f3t szeretn\u00e9k megismerni.<\/p>\n","protected":false},"excerpt":{"rendered":"<p>Aut\u00f3b\u00e9rl\u00e9s Agadir a RosCar-t\u00f3l Marokk\u00f3 egy olyan orsz\u00e1g, amelynek egyedi hangulata, vibr\u00e1l\u00f3 t\u00e1jai \u00e9s tucatnyi gy\u00f6ny\u00f6r\u0171 tengerparti \u00fcd\u00fcl\u0151v\u00e1rosa van. T\u00f6k\u00e9letes hely azok sz\u00e1m\u00e1ra, akik valami t\u00f6bbre v\u00e1gynak, mint a tengerparton val\u00f3 pihen\u00e9s. \u00c9s csak egy \u00fat van, ha a legt\u00f6bbet szeretn\u00e9 kihozni az utaz\u00e1sb\u00f3l, \u00e9s \u00e9l\u00e9nk szenz\u00e1ci\u00f3kkal szeretne betelni: aut\u00f3b\u00e9rl\u00e9s Agadirban. K\u00e9szen \u00e1ll, hogy megszerezze [&hellip;]<\/p>\n","protected":false},"author":1,"featured_media":796,"parent":0,"menu_order":0,"comment_status":"closed","ping_status":"closed","template":"","meta":{"footnotes":""},"class_list":["post-2153","page","type-page","status-publish","has-post-thumbnail",""],"_links":{"self":[{"href":"https:\/\/roscar.ma\/hu\/wp-json\/wp\/v2\/pages\/2153","targetHints":{"allow":["GET"]}}],"collection":[{"href":"https:\/\/roscar.ma\/hu\/wp-json\/wp\/v2\/pages"}],"about":[{"href":"https:\/\/roscar.ma\/hu\/wp-json\/wp\/v2\/types\/page"}],"author":[{"embeddable":true,"href":"https:\/\/roscar.ma\/hu\/wp-json\/wp\/v2\/users\/1"}],"replies":[{"embeddable":true,"href":"https:\/\/roscar.ma\/hu\/wp-json\/wp\/v2\/comments?post=2153"}],"version-history":[{"count":2,"href":"https:\/\/roscar.ma\/hu\/wp-json\/wp\/v2\/pages\/2153\/revisions"}],"predecessor-version":[{"id":2155,"href":"https:\/\/roscar.ma\/hu\/wp-json\/wp\/v2\/pages\/2153\/revisions\/2155"}],"wp:featuredmedia":[{"embeddable":true,"href":"https:\/\/roscar.ma\/hu\/wp-json\/wp\/v2\/media\/796"}],"wp:attachment":[{"href":"https:\/\/roscar.ma\/hu\/wp-json\/wp\/v2\/media?parent=2153"}],"curies":[{"name":"wp","href":"https:\/\/api.w.org\/{rel}","templated":true}]}}