{"id":2100,"date":"2025-07-17T11:14:56","date_gmt":"2025-07-17T11:14:56","guid":{"rendered":"https:\/\/roscar.ma\/?page_id=2100"},"modified":"2025-07-25T15:49:43","modified_gmt":"2025-07-25T15:49:43","slug":"autoberles-fez","status":"publish","type":"page","link":"https:\/\/roscar.ma\/hu\/autoberles-fez\/","title":{"rendered":"Aut\u00f3b\u00e9rl\u00e9s Fez (Fes)"},"content":{"rendered":"<h2>Aut\u00f3b\u00e9rl\u00e9s Fez (Fes) a RosCar-t\u00f3l<\/h2>\n<p>Szinte minden orsz\u00e1gnak van egy nem hivatalos f\u0151v\u00e1rosa, amely az eg\u00e9sz \u00e1llam kultur\u00e1lis \u00e9let\u00e9nek k\u00f6zpontja. Szeretn\u00e9 megtal\u00e1lni ezt a gy\u00f6ny\u00f6r\u0171 v\u00e1rost Marokk\u00f3ban? Akkor aut\u00f3t kell b\u00e9relni Fezben, hogy:<\/p>\n<ul>\n<li>A legjobb vezet\u00e9si \u00e9lm\u00e9nyt kapja alacsony \u00e1ron<\/li>\n<li>V\u00e1lassza ki a legjobb j\u00e1rm\u0171vet ide\u00e1lis kieg\u00e9sz\u00edt\u00e9sekkel<\/li>\n<li>Az utaz\u00e1s egy m\u00e1sik szintre emelje a k\u00e9nyelmet<\/li>\n<li>Ne korl\u00e1tozz\u00e1k utaz\u00e1si lehet\u0151s\u00e9gei.<\/li>\n<\/ul>\n<p>B\u00e9reljen aut\u00f3t Fezben a RosCar seg\u00edts\u00e9g\u00e9vel, \u00e9s felfedezheti ennek a csod\u00e1latos arab vil\u00e1gnak minden titk\u00e1t. De el\u0151bb k\u00e9sz\u00edtse el\u0151 a k\u00e1rty\u00e1j\u00e1t a foglal\u00e1s meger\u0151s\u00edt\u00e9s\u00e9hez, mert nincs m\u00e1s m\u00f3dja annak, hogy megkapja a j\u00e1rm\u0171v\u00e9t. Foglaljon most.<\/p>\n<h2>Aut\u00f3b\u00e9rl\u00e9s Fez (Fes): \u00datmutat\u00f3<\/h2>\n<p>N\u00e9ha m\u00e9g a tapasztalt utaz\u00f3knak is sz\u00fcks\u00e9g\u00fck van n\u00e9h\u00e1ny j\u00f3 tan\u00e1csra. Ezek azok a tippek, amelyekkel kevesebbet fizethet, \u00e9s a lehet\u0151 legr\u00f6videbb id\u0151 alatt a legjobb \u00e1r-\u00e9rt\u00e9k ar\u00e1nyt kaphatja.<\/p>\n<h3>Els\u0151 tipp: Haszn\u00e1lja a t\u00edpus szerinti sz\u0171r\u0151ket<\/h3>\n<p>Ne pazarolja az idej\u00e9t olyan j\u00e1rm\u0171vek keres\u00e9s\u00e9re, amelyek nem \u00e9rdeklik. Csak v\u00e1lasszon egyet:<\/p>\n<ul>\n<li>Economy<\/li>\n<li>Standard<\/li>\n<li>Mini<\/li>\n<li>Cabrio<\/li>\n<li>SUV vagy Crossover<\/li>\n<li>Kisbusz vagy furgon<\/li>\n<li>Egy\u00e9b.<\/li>\n<\/ul>\n<h3>M\u00e1sodik tipp: Keressen extr\u00e1kat<\/h3>\n<p>Nem egy, hanem egy tucatnyi extr\u00e1t kaphat az olcs\u00f3 aut\u00f3k\u00f6lcs\u00f6nz\u00e9sb\u0151l Fes-ben:<\/p>\n<ul>\n<li>Nincs hitelk\u00e1rtya: B\u00e1rmilyen m\u00e1s hitelk\u00e1rtya vagy k\u00e9szp\u00e9nz is megteszi.<\/li>\n<li>SIM-k\u00e1rtya: Sz\u00fcks\u00e9ge lesz r\u00e1, hogy eligazodjon Fez sz\u00e1mos l\u00e1tnival\u00f3j\u00e1ban.<\/li>\n<li>Tov\u00e1bbi sof\u0151r: B\u00e1rki, aki megfelel a b\u00e9rleti kor k\u00f6vetelm\u00e9nyeinek.<\/li>\n<li>Gyermek\u00fcl\u00e9s: A gyerekekkel val\u00f3 utaz\u00e1s biztons\u00e1gos legyen.<\/li>\n<li>Ingyenes lemond\u00e1s: A foglal\u00e1si k\u00f6lts\u00e9geket visszat\u00e9r\u00edtj\u00fck, ha 48 \u00f3r\u00e1val kor\u00e1bban lemondja a foglal\u00e1st.<\/li>\n<li>Korl\u00e1tlan kilom\u00e9terek: V\u00e9gtelen mennyis\u00e9g\u0171 hihetetlen arab sz\u00e9ps\u00e9g.<\/li>\n<li>Nincs kauci\u00f3: Kevesebb stresszel j\u00e1r, ha a hitelk\u00e1rty\u00e1k let\u00e9t n\u00e9lk\u00fcli z\u00e1rol\u00e1sa.<\/li>\n<li>Garant\u00e1lt modell: Az \u00e1tv\u00e9tel ugyanaz a j\u00e1rm\u0171, mint amit k\u00e9rt.<\/li>\n<li>\u00c1tvitel: Melyiket r\u00e9szes\u00edti el\u0151nyben, a k\u00e9zi vagy az automata v\u00e1lt\u00f3t?<\/li>\n<li>Kieg\u00e9sz\u00edt\u0151 biztos\u00edt\u00e1s: Super CDW vagy Full Coverage a legjobb b\u0151v\u00edt\u00e9si lehet\u0151s\u00e9gek.<\/li>\n<\/ul>\n<blockquote class=\"info\">\n<h2>Fez aut\u00f3b\u00e9rl\u00e9s r\u00e9szleteiben<\/h2>\n<p>A RosCar egyszer\u0171 foglal\u00e1si elj\u00e1r\u00e1ssal rendelkezik, amelyet b\u00e1rmely feln\u0151tt (21 \u00e9ves vagy id\u0151sebb) k\u00e9pes kezelni:<\/p>\n<ol>\n<li>Adja meg a d\u00e1tumokat \u00e9s a helysz\u00edneket.<\/li>\n<li>Menjen a sz\u0171r\u0151kh\u00f6z, kattintson a k\u00edv\u00e1ntakra.<\/li>\n<li>G\u00f6rgesse a list\u00e1t \u00e9s Foglaljon most, amikor megl\u00e1tja a legjobbat.<\/li>\n<li>V\u00e1lassza ki a biztos\u00edt\u00e1s t\u00edpus\u00e1t (Standard vagy Upgrade), valamint a tov\u00e1bbi opci\u00f3kat.<\/li>\n<li>T\u00f6ltse ki a f\u0151 vezet\u0151 adatait.<\/li>\n<li>Meger\u0151s\u00edt\u00e9s<\/li>\n<\/ol>\n<p>A Fez aut\u00f3b\u00e9rl\u00e9shez b\u00e1rmilyen bankk\u00e1rtya sz\u00fcks\u00e9ges, hogy automatikusan meger\u0151s\u00edt\u00e9st kapjon. A fizet\u00e9si \u00f6sszeg az egy\u00f6t\u00f6dt\u0151l a teljes b\u00e9rleti d\u00edjig terjedhet.<\/p><\/blockquote>\n<h2>Aut\u00f3b\u00e9rl\u00e9s Fez (Fes) \u00e1ra<\/h2>\n<p>Az afrikai Ath\u00e9n aligha egy olcs\u00f3 hely, de mindig tal\u00e1lhat b\u00e1rmilyen k\u00f6lts\u00e9gvet\u00e9s\u0171 j\u00e1rm\u0171vet:<\/p>\n<ul>\n<li>20-30 doll\u00e1r a Mini vagy Economy kateg\u00f3ri\u00e1ban.<\/li>\n<li>30-40 $ a Standard eset\u00e9ben<\/li>\n<li>40-55 $ a kisbusz, SUV vagy crossover eset\u00e9ben.<\/li>\n<li>70 $+ a luxus vagy kabri\u00f3.<\/li>\n<\/ul>\n<p>K\u00e9rj\u00fck, vegye figyelembe, hogy az \u00e1rak nem mindig olyanok, mint amilyenek. A napi \u00e1tlag\u00e1r t\u00f6bb t\u00e9nyez\u0151t\u0151l f\u00fcgg\u0151en jelent\u0151sen v\u00e1ltozhat:<\/p>\n<ul>\n<li>B\u00e9rl\u00e9si id\u0151tartam<\/li>\n<li>Az \u00e1tv\u00e9tel m\u00f3dja (Fez v\u00e1ros vagy rep\u00fcl\u0151t\u00e9r)<\/li>\n<li>Tov\u00e1bbi opci\u00f3k sz\u00e1ma<\/li>\n<li>\u00dczemeltet\u0151i munkaterhel\u00e9s.<\/li>\n<\/ul>\n<p>\u00cdgy hasonl\u00edtsa \u00f6ssze az aut\u00f3b\u00e9rl\u00e9s \u00e1r\u00e1t Fez v\u00e1ros\u00e1ban:<\/p>\n<h3>Fez, Marokk\u00f3: t\u00e1bl\u00e1zat az aut\u00f3b\u00e9rl\u00e9s \u00e1raival Fezben, Marokk\u00f3.<\/h3>\n<table border=\"1\">\n<thead>\n<tr>\n<th>Aut\u00f3modell<\/th>\n<th>Karossz\u00e9ria t\u00edpusa<\/th>\n<th>\u00c1r naponta (alacsony szezonban)<\/th>\n<th>\u00c1r naponta (f\u0151szezonban)<\/th>\n<th>Utasok<\/th>\n<th>Poggy\u00e1sz kapacit\u00e1s<\/th>\n<\/tr>\n<\/thead>\n<tbody>\n<tr>\n<td>Fiat Panda<\/td>\n<td>Hatchback<\/td>\n<td>19 \u20ac<\/td>\n<td>26 \u20ac<\/td>\n<td>4<\/td>\n<td>1<\/td>\n<\/tr>\n<tr>\n<td>Hyundai i10<\/td>\n<td>Hatchback<\/td>\n<td>21 \u20ac<\/td>\n<td>28 \u20ac<\/td>\n<td>4<\/td>\n<td>1<\/td>\n<\/tr>\n<tr>\n<td>Kia Picanto<\/td>\n<td>Hatchback<\/td>\n<td>22 \u20ac<\/td>\n<td>30 \u20ac<\/td>\n<td>4<\/td>\n<td>1<\/td>\n<\/tr>\n<tr>\n<td>Peugeot 208<\/td>\n<td>Hatchback<\/td>\n<td>24 \u20ac<\/td>\n<td>33 \u20ac<\/td>\n<td>5<\/td>\n<td>2<\/td>\n<\/tr>\n<tr>\n<td>Dacia Logan<\/td>\n<td>Sedan<\/td>\n<td>25 \u20ac<\/td>\n<td>34 \u20ac<\/td>\n<td>5<\/td>\n<td>2<\/td>\n<\/tr>\n<tr>\n<td>Renault Clio<\/td>\n<td>Hatchback<\/td>\n<td>27 \u20ac<\/td>\n<td>36 \u20ac<\/td>\n<td>5<\/td>\n<td>2<\/td>\n<\/tr>\n<tr>\n<td>Citro\u00ebn C-Elys\u00e9e<\/td>\n<td>Szed\u00e1n<\/td>\n<td>28 \u20ac<\/td>\n<td>38 \u20ac<\/td>\n<td>5<\/td>\n<td>3<\/td>\n<\/tr>\n<tr>\n<td>Renault Captur<\/td>\n<td>Crossover<\/td>\n<td>32 \u20ac<\/td>\n<td>43 \u20ac<\/td>\n<td>5<\/td>\n<td>3<\/td>\n<\/tr>\n<tr>\n<td>Dacia Duster<\/td>\n<td>SUV<\/td>\n<td>36 \u20ac<\/td>\n<td>47 \u20ac<\/td>\n<td>5<\/td>\n<td>3<\/td>\n<\/tr>\n<tr>\n<td>Peugeot 3008<\/td>\n<td>SUV<\/td>\n<td>52 \u20ac<\/td>\n<td>66 \u20ac<\/td>\n<td>5<\/td>\n<td>4<\/td>\n<\/tr>\n<\/tbody>\n<\/table>\n        <div class=\"rpc-chart\">\n            <h3>Hogyan v\u00e1ltoznak a Fez-i aut\u00f3k\u00f6lcs\u00f6nz\u00e9si \u00e1rak az \u00e9vszak f\u00fcggv\u00e9ny\u00e9ben: val\u00f3s foglal\u00e1sokon alapul\u00f3 elemz\u00e9s<\/h3>\n            <div><p>A fennmarad\u00f3 h\u00e1rom \u00e9v sor\u00e1n r\u00f6gz\u00edtett\u00fck a Fez-i aut\u00f3k\u00f6lcs\u00f6nz\u00e9s \u00e1tlagos \u00e1rainak v\u00e1ltoz\u00e1sait, a vikoryst \u00e9s a roscar.ma platformon kereszt\u00fcl t\u00f6rt\u00e9nt t\u00e9nyleges foglal\u00e1si adatok alapj\u00e1n. Kiz\u00e1r\u00f3lag ellen\u0151rz\u00f6tt helyi aut\u00f3k\u00f6lcs\u00f6nz\u0151 c\u00e9gekkel dolgozunk egy\u00fctt, ami garant\u00e1lja a k\u00f6lcs\u00f6nz\u00e9si adatok megb\u00edzhat\u00f3s\u00e1g\u00e1t \u00e9s pontoss\u00e1g\u00e1t.<\/p>\n<p>Az elemz\u00e9s a k\u00f6zleked\u00e9si j\u00e1rm\u0171vek teljes sk\u00e1l\u00e1j\u00e1t lefedi: az olcs\u00f3, helyi ing\u00e1z\u00e1sra alkalmas ferdeh\u00e1t\u00fa aut\u00f3kt\u00f3l a haszong\u00e9pj\u00e1rm\u0171vekig, a kabri\u00f3kig \u00e9s a pr\u00e9mium oszt\u00e1ly\u00fa aut\u00f3kig. Ez a megk\u00f6zel\u00edt\u00e9s lehet\u0151v\u00e9 teszi a jellegzetes szezon\u00e1lis \u00e1ringadoz\u00e1sok azonos\u00edt\u00e1s\u00e1t \u00e9s az \u00e1rv\u00e1ltoz\u00e1sokra val\u00f3 azonnali reag\u00e1l\u00e1st.<\/p>\n<p>Olvassa el inform\u00e1ci\u00f3inkat, hogy megtudja, mikor a legjobb aut\u00f3t b\u00e9relni. A RosCar megb\u00edzhat\u00f3 seg\u00edt\u0151je a k\u00e9zi \u00e9s hat\u00e9kony transzfer megtervez\u00e9s\u00e9ben Marokk\u00f3ban.<\/p>\n<\/div>\n            <div class=\"rpc-chart-bars\">\n                                    <div class=\"rpc-chart-column\">\n                        <div class=\"rpc-chart-inner\" style=\"height: 25%\">\n                            <div class=\"rpc-chart-column-value\">12 \u20ac<\/div>\n                            <div class=\"rpc-chart-month\">JAN<\/div>\n                        <\/div>\n                    <\/div>\n                                    <div class=\"rpc-chart-column\">\n                        <div class=\"rpc-chart-inner\" style=\"height: 27.083333333333%\">\n                            <div class=\"rpc-chart-column-value\">13 \u20ac<\/div>\n                            <div class=\"rpc-chart-month\">FEB<\/div>\n                        <\/div>\n                    <\/div>\n                                    <div class=\"rpc-chart-column\">\n                        <div class=\"rpc-chart-inner\" style=\"height: 29.166666666667%\">\n                            <div class=\"rpc-chart-column-value\">14 \u20ac<\/div>\n                            <div class=\"rpc-chart-month\">MAR<\/div>\n                        <\/div>\n                    <\/div>\n                                    <div class=\"rpc-chart-column\">\n                        <div class=\"rpc-chart-inner\" style=\"height: 35.416666666667%\">\n                            <div class=\"rpc-chart-column-value\">17 \u20ac<\/div>\n                            <div class=\"rpc-chart-month\">APR<\/div>\n                        <\/div>\n                    <\/div>\n                                    <div class=\"rpc-chart-column\">\n                        <div class=\"rpc-chart-inner\" style=\"height: 37.5%\">\n                            <div class=\"rpc-chart-column-value\">18 \u20ac<\/div>\n                            <div class=\"rpc-chart-month\">MAY<\/div>\n                        <\/div>\n                    <\/div>\n                                    <div class=\"rpc-chart-column\">\n                        <div class=\"rpc-chart-inner\" style=\"height: 43.75%\">\n                            <div class=\"rpc-chart-column-value\">21 \u20ac<\/div>\n                            <div class=\"rpc-chart-month\">JUN<\/div>\n                        <\/div>\n                    <\/div>\n                                    <div class=\"rpc-chart-column\">\n                        <div class=\"rpc-chart-inner\" style=\"height: 52.083333333333%\">\n                            <div class=\"rpc-chart-column-value\">25 \u20ac<\/div>\n                            <div class=\"rpc-chart-month\">JUL<\/div>\n                        <\/div>\n                    <\/div>\n                                    <div class=\"rpc-chart-column\">\n                        <div class=\"rpc-chart-inner\" style=\"height: 58.333333333333%\">\n                            <div class=\"rpc-chart-column-value\">28 \u20ac<\/div>\n                            <div class=\"rpc-chart-month\">AUG<\/div>\n                        <\/div>\n                    <\/div>\n                                    <div class=\"rpc-chart-column\">\n                        <div class=\"rpc-chart-inner\" style=\"height: 39.583333333333%\">\n                            <div class=\"rpc-chart-column-value\">19 \u20ac<\/div>\n                            <div class=\"rpc-chart-month\">SEP<\/div>\n                        <\/div>\n                    <\/div>\n                                    <div class=\"rpc-chart-column\">\n                        <div class=\"rpc-chart-inner\" style=\"height: 35.416666666667%\">\n                            <div class=\"rpc-chart-column-value\">17 \u20ac<\/div>\n                            <div class=\"rpc-chart-month\">OCT<\/div>\n                        <\/div>\n                    <\/div>\n                                    <div class=\"rpc-chart-column\">\n                        <div class=\"rpc-chart-inner\" style=\"height: 27.083333333333%\">\n                            <div class=\"rpc-chart-column-value\">13 \u20ac<\/div>\n                            <div class=\"rpc-chart-month\">NOV<\/div>\n                        <\/div>\n                    <\/div>\n                                    <div class=\"rpc-chart-column\">\n                        <div class=\"rpc-chart-inner\" style=\"height: 39.583333333333%\">\n                            <div class=\"rpc-chart-column-value\">19 \u20ac<\/div>\n                            <div class=\"rpc-chart-month\">DEC<\/div>\n                        <\/div>\n                    <\/div>\n                            <\/div>\n        <\/div>\n        \n<h2>Aut\u00f3b\u00e9rl\u00e9s Fez (Fes): Dokumentumok<\/h2>\n<p>Minden k\u00f6lcs\u00f6nz\u0151 c\u00e9gnek lehetnek saj\u00e1t \u00e9letkorra (21-25 \u00e9v) vagy dokumentumokra vonatkoz\u00f3 k\u00f6vetelm\u00e9nyei. Azonban mindig sz\u00fcks\u00e9ged lesz r\u00e1:<\/p>\n<ol>\n<li>\u00datlev\u00e9l<\/li>\n<li>Hitelk\u00e1rtya (kauci\u00f3 vagy biztons\u00e1gi csekk)<\/li>\n<li>Jogos\u00edtv\u00e1ny.<\/li>\n<\/ol>\n<p>Voucher (a foglal\u00e1s meger\u0151s\u00edt\u00e9se) nem k\u00f6telez\u0151, de a RosCar-on t\u00f6rt\u00e9n\u0151 foglal\u00e1s ut\u00e1n elk\u00fcldik az \u00d6n e-mail c\u00edm\u00e9re. Az aut\u00f3b\u00e9rl\u00e9s Fez az \u00d6n kapuja a v\u00e1ros gazdag kult\u00far\u00e1j\u00e1nak \u00e9s rejtett gy\u00f6ngyszemeinek felfedez\u00e9s\u00e9hez &#8211; foglaljon aut\u00f3t m\u00e9g ma a z\u00f6kken\u0151mentes \u00e9s rugalmas utaz\u00e1s \u00e9rdek\u00e9ben.<\/p>\n","protected":false},"excerpt":{"rendered":"<p>Aut\u00f3b\u00e9rl\u00e9s Fez (Fes) a RosCar-t\u00f3l Szinte minden orsz\u00e1gnak van egy nem hivatalos f\u0151v\u00e1rosa, amely az eg\u00e9sz \u00e1llam kultur\u00e1lis \u00e9let\u00e9nek k\u00f6zpontja. Szeretn\u00e9 megtal\u00e1lni ezt a gy\u00f6ny\u00f6r\u0171 v\u00e1rost Marokk\u00f3ban? Akkor aut\u00f3t kell b\u00e9relni Fezben, hogy: A legjobb vezet\u00e9si \u00e9lm\u00e9nyt kapja alacsony \u00e1ron V\u00e1lassza ki a legjobb j\u00e1rm\u0171vet ide\u00e1lis kieg\u00e9sz\u00edt\u00e9sekkel Az utaz\u00e1s egy m\u00e1sik szintre emelje a k\u00e9nyelmet [&hellip;]<\/p>\n","protected":false},"author":1,"featured_media":243,"parent":0,"menu_order":0,"comment_status":"closed","ping_status":"closed","template":"","meta":{"footnotes":""},"class_list":["post-2100","page","type-page","status-publish","has-post-thumbnail",""],"_links":{"self":[{"href":"https:\/\/roscar.ma\/hu\/wp-json\/wp\/v2\/pages\/2100","targetHints":{"allow":["GET"]}}],"collection":[{"href":"https:\/\/roscar.ma\/hu\/wp-json\/wp\/v2\/pages"}],"about":[{"href":"https:\/\/roscar.ma\/hu\/wp-json\/wp\/v2\/types\/page"}],"author":[{"embeddable":true,"href":"https:\/\/roscar.ma\/hu\/wp-json\/wp\/v2\/users\/1"}],"replies":[{"embeddable":true,"href":"https:\/\/roscar.ma\/hu\/wp-json\/wp\/v2\/comments?post=2100"}],"version-history":[{"count":1,"href":"https:\/\/roscar.ma\/hu\/wp-json\/wp\/v2\/pages\/2100\/revisions"}],"predecessor-version":[{"id":2101,"href":"https:\/\/roscar.ma\/hu\/wp-json\/wp\/v2\/pages\/2100\/revisions\/2101"}],"wp:featuredmedia":[{"embeddable":true,"href":"https:\/\/roscar.ma\/hu\/wp-json\/wp\/v2\/media\/243"}],"wp:attachment":[{"href":"https:\/\/roscar.ma\/hu\/wp-json\/wp\/v2\/media?parent=2100"}],"curies":[{"name":"wp","href":"https:\/\/api.w.org\/{rel}","templated":true}]}}