{"id":1706,"date":"2025-07-23T08:46:35","date_gmt":"2025-07-23T08:46:35","guid":{"rendered":"https:\/\/roscar.ma\/?page_id=1706"},"modified":"2025-07-24T06:35:05","modified_gmt":"2025-07-24T06:35:05","slug":"autoberles-marokko-letet-nelkul","status":"publish","type":"page","link":"https:\/\/roscar.ma\/hu\/autoberles-marokko-letet-nelkul\/","title":{"rendered":"Aut\u00f3b\u00e9rl\u00e9s Marokk\u00f3 L\u00e9tet N\u00e9lk\u00fcl"},"content":{"rendered":"<h2>Aut\u00f3b\u00e9rl\u00e9s Marokk\u00f3ban Kauci\u00f3 N\u00e9lk\u00fcl a RosCar-t\u00f3l<\/h2>\n<p>A hagyom\u00e1nyos aut\u00f3k\u00f6lcs\u00f6nz\u00e9ssel szemben a kauci\u00f3 n\u00e9lk\u00fcli aut\u00f3b\u00e9rl\u00e9s Marokk\u00f3ban sz\u00e1mos el\u0151nyt k\u00edn\u00e1l, amelyeket nem lehet figyelmen k\u00edv\u00fcl hagyni:<\/p>\n<ul>\n<li>Nincs j\u00f6v\u0151beli vit\u00e1k kock\u00e1zata (N\u00e9h\u00e1ny c\u00e9g p\u00e9nzt pr\u00f3b\u00e1l levonni apr\u00f3 karcol\u00e1sok, \u00fczemanyag vagy egy\u00e9b r\u00e9szletek miatt)<\/li>\n<li>Sokkal egyszer\u0171bb (\u00e9s gyorsabb) az \u00e1tv\u00e9tel vagy a visszaad\u00e1s<\/li>\n<li>Kevesebb p\u00e9nzt ig\u00e9nyel<\/li>\n<li>Nincs z\u00e1rol\u00e1s a hitelk\u00e1rty\u00e1n kauci\u00f3 form\u00e1j\u00e1ban<\/li>\n<li>Stresszmentes \u00e9lm\u00e9ny<\/li>\n<\/ul>\n<p>Ez csak egy a sok sz\u0171r\u0151 k\u00f6z\u00fcl, amit megtal\u00e1lsz a RosCar k\u00edn\u00e1lat\u00e1ban. Pr\u00f3b\u00e1ld ki, \u00e9s tal\u00e1ld meg az ide\u00e1lis aut\u00f3t percek alatt. Foglalj most.<\/p>\n<blockquote class=\"check\">\n<h2>Hogyan lehet aut\u00f3t b\u00e9relni Marokk\u00f3ban kauci\u00f3 n\u00e9lk\u00fcl?<\/h2>\n<p>Minden 21\u201325 \u00e9v k\u00f6z\u00f6tti vezet\u0151, aki rendelkezik a sz\u00fcks\u00e9ges dokumentumokkal (\u00fatlev\u00e9l \u00e9s jogos\u00edtv\u00e1ny), az al\u00e1bbi m\u00f3don b\u00e9relhet aut\u00f3t Marokk\u00f3ban kauci\u00f3 n\u00e9lk\u00fcl:<\/p>\n<ol>\n<li>Kattints a &#8222;<strong>Kauci\u00f3 n\u00e9lk\u00fcl<\/strong>&#8221; sz\u0171r\u0151re a lista megtekint\u00e9s\u00e9hez.<\/li>\n<li>B\u00f6ng\u00e9ssz az aj\u00e1nlatok k\u00f6z\u00f6tt, v\u00e1laszd ki a legjobbat, \u00e9s kattints a Foglal\u00e1s most gombra.<\/li>\n<li>Ellen\u0151rizd a felt\u00e9teleket, \u00e9s v\u00e1laszd ki a biztos\u00edt\u00e1s t\u00edpus\u00e1t.<\/li>\n<li>V\u00e1lassz extra szolg\u00e1ltat\u00e1sokat, majd kattints a &#8222;Tov\u00e1bb&#8221; gombra.<\/li>\n<li>Add meg a vezet\u0151 adatait.<\/li>\n<li>Er\u0151s\u00edtsd meg.<\/li>\n<\/ol>\n<p>A kauci\u00f3 n\u00e9lk\u00fcli vagy b\u00e1rmilyen t\u00edpus\u00fa b\u00e9rl\u00e9shez bankk\u00e1rty\u00e1s meger\u0151s\u00edt\u00e9s sz\u00fcks\u00e9ges. El\u0151legk\u00e9nt legfeljebb 20% ker\u00fcl levon\u00e1sra.<\/p><\/blockquote>\n<h3>T\u00e1bl\u00e1zat a marokk\u00f3i kauci\u00f3 n\u00e9lk\u00fcli aut\u00f3b\u00e9rl\u00e9si \u00e1rakr\u00f3l<\/h3>\n<table>\n<thead>\n<tr>\n<th>Aut\u00f3modell<\/th>\n<th>Karossz\u00e9ria t\u00edpus<\/th>\n<th>Napi \u00e1r (el\u0151szezon)<\/th>\n<th>Napi \u00e1r (f\u0151szezon)<\/th>\n<th>Utasok<\/th>\n<th>Csomagt\u00e9r<\/th>\n<\/tr>\n<\/thead>\n<tbody>\n<tr>\n<td>Chevrolet Spark<\/td>\n<td>Ferdeh\u00e1t\u00fa<\/td>\n<td>19 \u20ac<\/td>\n<td>26 \u20ac<\/td>\n<td>4<\/td>\n<td>1<\/td>\n<\/tr>\n<tr>\n<td>Hyundai Grand i10<\/td>\n<td>Ferdeh\u00e1t\u00fa<\/td>\n<td>21 \u20ac<\/td>\n<td>28 \u20ac<\/td>\n<td>4<\/td>\n<td>1<\/td>\n<\/tr>\n<tr>\n<td>Skoda Fabia<\/td>\n<td>Ferdeh\u00e1t\u00fa<\/td>\n<td>23 \u20ac<\/td>\n<td>31 \u20ac<\/td>\n<td>5<\/td>\n<td>2<\/td>\n<\/tr>\n<tr>\n<td>Peugeot 2008<\/td>\n<td>Crossover<\/td>\n<td>26 \u20ac<\/td>\n<td>35 \u20ac<\/td>\n<td>5<\/td>\n<td>2<\/td>\n<\/tr>\n<tr>\n<td>Volkswagen Golf<\/td>\n<td>Ferdeh\u00e1t\u00fa<\/td>\n<td>27 \u20ac<\/td>\n<td>36 \u20ac<\/td>\n<td>5<\/td>\n<td>2<\/td>\n<\/tr>\n<tr>\n<td>Toyota Yaris Sedan<\/td>\n<td>L\u00e9pcs\u0151sh\u00e1t\u00fa<\/td>\n<td>28 \u20ac<\/td>\n<td>37 \u20ac<\/td>\n<td>5<\/td>\n<td>3<\/td>\n<\/tr>\n<tr>\n<td>Nissan Sunny<\/td>\n<td>L\u00e9pcs\u0151sh\u00e1t\u00fa<\/td>\n<td>29 \u20ac<\/td>\n<td>38 \u20ac<\/td>\n<td>5<\/td>\n<td>3<\/td>\n<\/tr>\n<tr>\n<td>Renault Arkana<\/td>\n<td>Crossover<\/td>\n<td>35 \u20ac<\/td>\n<td>45 \u20ac<\/td>\n<td>5<\/td>\n<td>3<\/td>\n<\/tr>\n<tr>\n<td>MG ZS<\/td>\n<td>Terepj\u00e1r\u00f3<\/td>\n<td>39 \u20ac<\/td>\n<td>49 \u20ac<\/td>\n<td>5<\/td>\n<td>3<\/td>\n<\/tr>\n<tr>\n<td>Volkswagen Tiguan<\/td>\n<td>Terepj\u00e1r\u00f3<\/td>\n<td>55 \u20ac<\/td>\n<td>69 \u20ac<\/td>\n<td>5<\/td>\n<td>4<\/td>\n<\/tr>\n<\/tbody>\n<\/table>\n","protected":false},"excerpt":{"rendered":"<p>Aut\u00f3b\u00e9rl\u00e9s Marokk\u00f3ban Kauci\u00f3 N\u00e9lk\u00fcl a RosCar-t\u00f3l A hagyom\u00e1nyos aut\u00f3k\u00f6lcs\u00f6nz\u00e9ssel szemben a kauci\u00f3 n\u00e9lk\u00fcli aut\u00f3b\u00e9rl\u00e9s Marokk\u00f3ban sz\u00e1mos el\u0151nyt k\u00edn\u00e1l, amelyeket nem lehet figyelmen k\u00edv\u00fcl hagyni: Nincs j\u00f6v\u0151beli vit\u00e1k kock\u00e1zata (N\u00e9h\u00e1ny c\u00e9g p\u00e9nzt pr\u00f3b\u00e1l levonni apr\u00f3 karcol\u00e1sok, \u00fczemanyag vagy egy\u00e9b r\u00e9szletek miatt) Sokkal egyszer\u0171bb (\u00e9s gyorsabb) az \u00e1tv\u00e9tel vagy a visszaad\u00e1s Kevesebb p\u00e9nzt ig\u00e9nyel Nincs z\u00e1rol\u00e1s a [&hellip;]<\/p>\n","protected":false},"author":1,"featured_media":1280,"parent":0,"menu_order":0,"comment_status":"closed","ping_status":"closed","template":"","meta":{"footnotes":""},"class_list":["post-1706","page","type-page","status-publish","has-post-thumbnail",""],"_links":{"self":[{"href":"https:\/\/roscar.ma\/hu\/wp-json\/wp\/v2\/pages\/1706","targetHints":{"allow":["GET"]}}],"collection":[{"href":"https:\/\/roscar.ma\/hu\/wp-json\/wp\/v2\/pages"}],"about":[{"href":"https:\/\/roscar.ma\/hu\/wp-json\/wp\/v2\/types\/page"}],"author":[{"embeddable":true,"href":"https:\/\/roscar.ma\/hu\/wp-json\/wp\/v2\/users\/1"}],"replies":[{"embeddable":true,"href":"https:\/\/roscar.ma\/hu\/wp-json\/wp\/v2\/comments?post=1706"}],"version-history":[{"count":4,"href":"https:\/\/roscar.ma\/hu\/wp-json\/wp\/v2\/pages\/1706\/revisions"}],"predecessor-version":[{"id":1719,"href":"https:\/\/roscar.ma\/hu\/wp-json\/wp\/v2\/pages\/1706\/revisions\/1719"}],"wp:featuredmedia":[{"embeddable":true,"href":"https:\/\/roscar.ma\/hu\/wp-json\/wp\/v2\/media\/1280"}],"wp:attachment":[{"href":"https:\/\/roscar.ma\/hu\/wp-json\/wp\/v2\/media?parent=1706"}],"curies":[{"name":"wp","href":"https:\/\/api.w.org\/{rel}","templated":true}]}}