{"id":1628,"date":"2025-07-17T11:01:21","date_gmt":"2025-07-17T11:01:21","guid":{"rendered":"https:\/\/roscar.ma\/?page_id=1628"},"modified":"2025-07-24T05:06:49","modified_gmt":"2025-07-24T05:06:49","slug":"autoberles-marrakes","status":"publish","type":"page","link":"https:\/\/roscar.ma\/hu\/autoberles-marrakes\/","title":{"rendered":"Aut\u00f3b\u00e9rl\u00e9s Marr\u00e1kes"},"content":{"rendered":"<h2>Aut\u00f3b\u00e9rl\u00e9s Marr\u00e1kes a RosCart\u00f3l<\/h2>\n<p>\u00c9szak-Afrika orsz\u00e1gai elk\u00e9peszt\u0151 m\u00f3don k\u00e9pesek elvar\u00e1zsolni a vil\u00e1g minden t\u00e1j\u00e1r\u00f3l \u00e9rkez\u0151 turist\u00e1kat szok\u00e1saikkal \u00e9s sz\u00ednes t\u00e1jaikkal. Tal\u00e1n a kult\u00fara, vagy az egyed\u00fcl\u00e1ll\u00f3 helyi konyha, esetleg a mindennapok sz\u00e9ps\u00e9ge. De azt biztosan tudjuk, hogy Marrakechben aut\u00f3t kell b\u00e9relnie, hogy k\u00f6zelebb ker\u00fclj\u00f6n a marokk\u00f3i \u00e9let teljes megismer\u00e9s\u00e9hez. Mi\u00e9rt \u00e9rdemes a RosCaron kereszt\u00fcl aut\u00f3t foglalnia? Erre n\u00e9gy v\u00e1laszt adhatunk:<\/p>\n<ul>\n<li>Hossz\u00fa t\u00e1v\u00fa vagy r\u00f6vid t\u00e1v\u00fa aut\u00f3b\u00e9rl\u00e9s<\/li>\n<li>Minden aj\u00e1nlat a legjobb \u00e1r-\u00e9rt\u00e9k ar\u00e1ny, amit tal\u00e1lhat<\/li>\n<li>Ez az egyetlen m\u00f3dja a k\u00e9nyelmes utaz\u00e1snak<\/li>\n<li>Olcs\u00f3 \u00e1rak \u00e9s sz\u00e1mos lehet\u0151s\u00e9g k\u00f6z\u00fcl v\u00e1laszthat.<\/li>\n<\/ul>\n<p>Szeretne egyet mag\u00e1nak? Akkor foglaljon most, \u00e9s n\u00e9h\u00e1ny percen bel\u00fcl k\u00e9sz foglal\u00e1s\u00e1t megkapja.<\/p>\n<h2>Aut\u00f3b\u00e9rl\u00e9s Marr\u00e1kes: .<\/h2>\n<p>T\u00e9vesen azt gondolhatja, hogy az aut\u00f3b\u00e9rl\u00e9s Marrakechben egy teljesen m\u00e1s t\u00edpus\u00fa szolg\u00e1ltat\u00e1s, amelynek egyedi, bizonyos ismereteket ig\u00e9nyl\u0151 menete van. Azonban mind\u00f6ssze k\u00e9t percre van sz\u00fcks\u00e9ge a felk\u00e9sz\u00fcl\u00e9shez.<\/p>\n<h3>Az els\u0151 perc: V\u00e1lassza ki a j\u00e1rm\u0171 t\u00edpus\u00e1t<\/h3>\n<p>A sok t\u00edpus k\u00f6z\u00fcl csak egy olyanra van sz\u00fcks\u00e9ge, amely minden probl\u00e9m\u00e1t megold a k\u00f6zelg\u0151 kaland sor\u00e1n:<\/p>\n<ul>\n<li>Egyszer\u0171 aut\u00f3<\/li>\n<li>Kabri\u00f3<\/li>\n<li>Luxusaut\u00f3<\/li>\n<li>SUV vagy crossover<\/li>\n<li>Mini\/Economy (Olcs\u00f3 aut\u00f3k\u00f6lcs\u00f6nz\u00e9s Marrakeshben)<\/li>\n<li>Kisbusz vagy furgon.<\/li>\n<\/ul>\n<h3>M\u00e1sodik perc: V\u00e1lasszon tov\u00e1bbi szolg\u00e1ltat\u00e1sokat<\/h3>\n<p>Sok lehet\u0151s\u00e9g k\u00f6z\u00fcl v\u00e1laszthatsz, de csak egy (vagy t\u00f6bb) szolg\u00e1ltat\u00e1sra van sz\u00fcks\u00e9ged:<\/p>\n<ul>\n<li>Korl\u00e1tlan fut\u00e1steljes\u00edtm\u00e9ny: M\u00e9g Marokk\u00f3 legt\u00e1volabbi v\u00e1rosai is felfedezhet\u0151k.<\/li>\n<li>Let\u00e9t n\u00e9lk\u00fcl: A hitelk\u00e1rty\u00e1k let\u00e9t n\u00e9lk\u00fcli z\u00e1rol\u00e1sa eset\u00e9n szabadabb a k\u00f6lts\u00e9gvet\u00e9se.<\/li>\n<li>Garant\u00e1lt modell: Volkswagen Passatot foglalt? Szerezze meg a Passatot!<\/li>\n<li>Sebess\u00e9gv\u00e1lt\u00f3: Nem manu\u00e1lis, de automata minden helyzetben aj\u00e1nlott.<\/li>\n<li>Kieg\u00e9sz\u00edt\u0151 biztos\u00edt\u00e1s: Ez az a fajta friss\u00edt\u00e9s, amit nem fog megb\u00e1nni. Pr\u00f3b\u00e1lja ki a Full Coverage\/Super CDW-t, ha rendelkez\u00e9sre \u00e1ll.<\/li>\n<li>Nincs hitelk\u00e1rtya: Haszn\u00e1ljon k\u00e9szp\u00e9nzt vagy b\u00e1rmilyen m\u00e1s bankk\u00e1rty\u00e1t.<\/li>\n<li>SIM-k\u00e1rtya: A stabil kapcsolat olcs\u00f3 \u00e1ron a legfontosabb priorit\u00e1s a 2025-\u00f6s utaz\u00e1s sor\u00e1n.<\/li>\n<li>Kieg\u00e9sz\u00edt\u0151 sof\u0151r: Rem\u00e9lhet\u0151leg a bar\u00e1todnak van jogos\u00edtv\u00e1nya.<\/li>\n<li>Gyermek\u00fcl\u00e9s: Minden 10 \u00e9v alatti szem\u00e9lynek rendelkeznie kell ilyennel.<\/li>\n<li>Ingyenes lemond\u00e1s: Az el\u0151re kifizetett \u00f6sszeget visszat\u00e9r\u00edtik a sz\u00e1ml\u00e1j\u00e1ra. Csak 48 \u00f3r\u00e1val az id\u0151pont el\u0151tt \u00e9rv\u00e9nyes.<\/li>\n<\/ul>\n<blockquote class=\"info\">\n<h2>Aut\u00f3b\u00e9rl\u00e9s Marr\u00e1kes r\u00e9szleteiben<\/h2>\n<p>M\u00e1r d\u00f6nt\u00f6tt a j\u00e1rm\u0171 t\u00edpus\u00e1r\u00f3l \u00e9s a kieg\u00e9sz\u00edt\u0151 szolg\u00e1ltat\u00e1sokr\u00f3l? A marrakesh-i aut\u00f3b\u00e9rl\u00e9s m\u00e1r foglalhat\u00f3:<\/p>\n<ol>\n<li>\u00c1ll\u00edtsa be a d\u00e1tumokat \u00e9s a helysz\u00edneket a f\u0151oldalon.<\/li>\n<li>Kattintson a Sz\u0171r\u0151kre, v\u00e1lassza ki a k\u00edv\u00e1ntakat.<\/li>\n<li>Szerezze be a list\u00e1t, \u00e9s tal\u00e1lja meg a legjobbat. Foglaljon most.<\/li>\n<li>A felugr\u00f3 \u0171rlapot ki kell t\u00f6lteni.<\/li>\n<li>Fizessen most.<\/li>\n<\/ol>\n<p>Minden RosCar foglal\u00e1s csak el\u0151refizet\u00e9ssel er\u0151s\u00edthet\u0151 meg. Ez \u00e1ltal\u00e1ban az \u00f6sszegnek csak egy kis r\u00e9sz\u00e9t teszi ki, \u00e9s b\u00e1rmelyik k\u00e1rty\u00e1val k\u00f6nnyen elv\u00e9gezhet\u0151.<\/p><\/blockquote>\n<h2>Aut\u00f3k\u00f6lcs\u00f6nz\u00e9s Marrakesh \u00c1r<\/h2>\n<p>Az interneten megtal\u00e1lhat\u00f3 \u00e1tlagos \u00e1rak a k\u00f6vetkez\u0151k:<\/p>\n<ul>\n<li>$15-25\/nap Economy vagy Mini<\/li>\n<li>30-40 $\/nap Standard<\/li>\n<li>$40-60\/nap SUV, Crossover, Minivan vagy 4&#215;4 eset\u00e9n.<\/li>\n<li>$80+\/nap kabri\u00f3 vagy luxusaut\u00f3 eset\u00e9n<\/li>\n<\/ul>\n<p>Olcs\u00f3bb lesz az aut\u00f3b\u00e9rl\u00e9s Marrakech v\u00e1ros\u00e1ban, ha:<\/p>\n<ul>\n<li>Siker\u00fclt id\u0151ben foglalni<\/li>\n<li>RosCar aj\u00e1nlatok figyel\u00e9se<\/li>\n<li>H\u00e9t k\u00f6zep\u00e9n foglal<\/li>\n<li>Hossz\u00fa t\u00e1v\u00fa aut\u00f3b\u00e9rl\u00e9st prefer\u00e1l<\/li>\n<li>V\u00e1lassza ki az ig\u00e9nyeinek \u00e9s k\u00f6lts\u00e9gvet\u00e9s\u00e9nek megfelel\u0151 t\u00edpust.<\/li>\n<\/ul>\n<p>\u00cdgy hasonl\u00edtsa \u00f6ssze az \u00e1rakat:<\/p>\n<h3>Marrakech, Marokk\u00f3 aut\u00f3b\u00e9rl\u00e9s \u00e1rait tartalmaz\u00f3 t\u00e1bl\u00e1zat<\/h3>\n<table border=\"1\">\n<thead>\n<tr>\n<th>Aut\u00f3 t\u00edpusa<\/th>\n<th>Karossz\u00e9ria t\u00edpusa<\/th>\n<th>\u00c1r naponta (alacsony szezonban)<\/th>\n<th>\u00c1r naponta (f\u0151szezonban)<\/th>\n<th>Utasok<\/th>\n<th>Poggy\u00e1sz kapacit\u00e1s<\/th>\n<\/tr>\n<\/thead>\n<tbody>\n<tr>\n<td>Fiat Panda<\/td>\n<td>Hatchback<\/td>\n<td>20 \u20ac<\/td>\n<td>28 \u20ac<\/td>\n<td>4<\/td>\n<td>1<\/td>\n<\/tr>\n<tr>\n<td>Kia Picanto<\/td>\n<td>Hatchback<\/td>\n<td>22 \u20ac<\/td>\n<td>30 \u20ac<\/td>\n<td>4<\/td>\n<td>1<\/td>\n<\/tr>\n<tr>\n<td>Dacia Logan<\/td>\n<td>Sedan<\/td>\n<td>24 \u20ac<\/td>\n<td>34 \u20ac<\/td>\n<td>5<\/td>\n<td>2<\/td>\n<\/tr>\n<tr>\n<td>Peugeot 208<\/td>\n<td>Hatchback<\/td>\n<td>26 \u20ac<\/td>\n<td>36 \u20ac<\/td>\n<td>5<\/td>\n<td>2<\/td>\n<\/tr>\n<tr>\n<td>Renault Clio<\/td>\n<td>Hatchback<\/td>\n<td>27 \u20ac<\/td>\n<td>38 \u20ac<\/td>\n<td>5<\/td>\n<td>2<\/td>\n<\/tr>\n<tr>\n<td>Citro\u00ebn C-Elys\u00e9e<\/td>\n<td>Szed\u00e1n<\/td>\n<td>28 \u20ac<\/td>\n<td>39 \u20ac<\/td>\n<td>5<\/td>\n<td>3<\/td>\n<\/tr>\n<tr>\n<td>Dacia Duster<\/td>\n<td>SUV<\/td>\n<td>37 \u20ac<\/td>\n<td>49 \u20ac<\/td>\n<td>5<\/td>\n<td>3<\/td>\n<\/tr>\n<tr>\n<td>Hyundai Kona<\/td>\n<td>Crossover<\/td>\n<td>40 \u20ac<\/td>\n<td>52 \u20ac<\/td>\n<td>5<\/td>\n<td>3<\/td>\n<\/tr>\n<tr>\n<td>Renault Kadjar<\/td>\n<td>SUV<\/td>\n<td>50 \u20ac<\/td>\n<td>65 \u20ac<\/td>\n<td>5<\/td>\n<td>4<\/td>\n<\/tr>\n<tr>\n<td>Peugeot 3008<\/td>\n<td>SUV<\/td>\n<td>55 \u20ac<\/td>\n<td>70 \u20ac<\/td>\n<td>5<\/td>\n<td>4<\/td>\n<\/tr>\n<\/tbody>\n<\/table>\n        <div class=\"rpc-chart\">\n            <h3>Aut\u00f3k\u00f6lcs\u00f6nz\u00e9s szezon\u00e1lis \u00e1rv\u00e1ltoz\u00e1sa Marrakechben: megb\u00edzhat\u00f3 analitika a t\u00e9nyleges foglal\u00e1sok alapj\u00e1n<\/h3>\n            <div><p>Az al\u00e1bbiakban elemz\u00e9si adatokat l\u00e1thatjuk a Marrakesh v\u00e1ros\u00e1ban az aut\u00f3b\u00e9rl\u00e9s \u00e1tlagos k\u00f6lts\u00e9g\u00e9nek v\u00e1ltoz\u00e1s\u00e1r\u00f3l a h\u00e1tral\u00e9v\u0151 h\u00e1rom \u00e9vben. Minden inform\u00e1ci\u00f3 a roscar.ma platformon kereszt\u00fcl v\u00e9grehajtott val\u00f3s tranzakci\u00f3kon alapul.<\/p>\n<p>A kutat\u00e1s az aut\u00f3k minden f\u0151bb kateg\u00f3ri\u00e1j\u00e1ra kiterjed - a gazdas\u00e1gos modellekt\u0151l a SUV-kig, kabri\u00f3kig \u00e9s a pr\u00e9mium kateg\u00f3ri\u00e1ig. Az ilyen sz\u00e9les lefedetts\u00e9g lehet\u0151v\u00e9 teszi, hogy teljes k\u00e9pet alkossunk a vagyon v\u00e1ltoz\u00e1s\u00e1r\u00f3l a turisztikai szezonok \u00e9s az alkoholfogyaszt\u00e1si szok\u00e1sok sor\u00e1n.<\/p>\n<p>Egy\u00e9rtelm\u0171, hogy az aut\u00f3foglal\u00e1s id\u0151 el\u0151tt aj\u00e1nlott, amikor az \u00e1rak \u00e9s a k\u00f6lts\u00e9gek a legjobbak. A RosCar Marokk\u00f3 megb\u00edzhat\u00f3 inform\u00e1ci\u00f3i az \u00d6n \u00fatmutat\u00f3ja a k\u00e9nyelmes \u00e9s biztons\u00e1gos transzferhez Marrakechben.<\/p>\n<\/div>\n            <div class=\"rpc-chart-bars\">\n                                    <div class=\"rpc-chart-column\">\n                        <div class=\"rpc-chart-inner\" style=\"height: 30.769230769231%\">\n                            <div class=\"rpc-chart-column-value\">16 \u20ac<\/div>\n                            <div class=\"rpc-chart-month\">JAN<\/div>\n                        <\/div>\n                    <\/div>\n                                    <div class=\"rpc-chart-column\">\n                        <div class=\"rpc-chart-inner\" style=\"height: 28.846153846154%\">\n                            <div class=\"rpc-chart-column-value\">15 \u20ac<\/div>\n                            <div class=\"rpc-chart-month\">FEB<\/div>\n                        <\/div>\n                    <\/div>\n                                    <div class=\"rpc-chart-column\">\n                        <div class=\"rpc-chart-inner\" style=\"height: 26.923076923077%\">\n                            <div class=\"rpc-chart-column-value\">14 \u20ac<\/div>\n                            <div class=\"rpc-chart-month\">MAR<\/div>\n                        <\/div>\n                    <\/div>\n                                    <div class=\"rpc-chart-column\">\n                        <div class=\"rpc-chart-inner\" style=\"height: 42.307692307692%\">\n                            <div class=\"rpc-chart-column-value\">22 \u20ac<\/div>\n                            <div class=\"rpc-chart-month\">APR<\/div>\n                        <\/div>\n                    <\/div>\n                                    <div class=\"rpc-chart-column\">\n                        <div class=\"rpc-chart-inner\" style=\"height: 32.692307692308%\">\n                            <div class=\"rpc-chart-column-value\">17 \u20ac<\/div>\n                            <div class=\"rpc-chart-month\">MAY<\/div>\n                        <\/div>\n                    <\/div>\n                                    <div class=\"rpc-chart-column\">\n                        <div class=\"rpc-chart-inner\" style=\"height: 30.769230769231%\">\n                            <div class=\"rpc-chart-column-value\">16 \u20ac<\/div>\n                            <div class=\"rpc-chart-month\">JUN<\/div>\n                        <\/div>\n                    <\/div>\n                                    <div class=\"rpc-chart-column\">\n                        <div class=\"rpc-chart-inner\" style=\"height: 50%\">\n                            <div class=\"rpc-chart-column-value\">26 \u20ac<\/div>\n                            <div class=\"rpc-chart-month\">JUL<\/div>\n                        <\/div>\n                    <\/div>\n                                    <div class=\"rpc-chart-column\">\n                        <div class=\"rpc-chart-inner\" style=\"height: 61.538461538462%\">\n                            <div class=\"rpc-chart-column-value\">32 \u20ac<\/div>\n                            <div class=\"rpc-chart-month\">AUG<\/div>\n                        <\/div>\n                    <\/div>\n                                    <div class=\"rpc-chart-column\">\n                        <div class=\"rpc-chart-inner\" style=\"height: 42.307692307692%\">\n                            <div class=\"rpc-chart-column-value\">22 \u20ac<\/div>\n                            <div class=\"rpc-chart-month\">SEP<\/div>\n                        <\/div>\n                    <\/div>\n                                    <div class=\"rpc-chart-column\">\n                        <div class=\"rpc-chart-inner\" style=\"height: 36.538461538462%\">\n                            <div class=\"rpc-chart-column-value\">19 \u20ac<\/div>\n                            <div class=\"rpc-chart-month\">OCT<\/div>\n                        <\/div>\n                    <\/div>\n                                    <div class=\"rpc-chart-column\">\n                        <div class=\"rpc-chart-inner\" style=\"height: 32.692307692308%\">\n                            <div class=\"rpc-chart-column-value\">17 \u20ac<\/div>\n                            <div class=\"rpc-chart-month\">NOV<\/div>\n                        <\/div>\n                    <\/div>\n                                    <div class=\"rpc-chart-column\">\n                        <div class=\"rpc-chart-inner\" style=\"height: 44.230769230769%\">\n                            <div class=\"rpc-chart-column-value\">23 \u20ac<\/div>\n                            <div class=\"rpc-chart-month\">DEC<\/div>\n                        <\/div>\n                    <\/div>\n                            <\/div>\n        <\/div>\n        \n<h2>Aut\u00f3k\u00f6lcs\u00f6nz\u00e9s Marr\u00e1kes: Dokumentumok<\/h2>\n<p>A j\u00e1rm\u0171 \u00e1tv\u00e9tel\u00e9hez a k\u00f6vetkez\u0151 dokumentumokat k\u00e9rhetik \u00d6nt\u0151l:<\/p>\n<ol>\n<li>\u00datlev\u00e9l<\/li>\n<li>Jogos\u00edtv\u00e1ny<\/li>\n<li>Foglal\u00e1si visszaigazol\u00e1s vagy Voucher (a RosCar k\u00fcld \u00d6nnek egyet)<\/li>\n<li>Hitelk\u00e1rtya.<\/li>\n<\/ol>\n<p>Nincs hitelk\u00e1rty\u00e1ja? Akkor haszn\u00e1lja a sz\u0171r\u0151ket, hogy megtal\u00e1lja az \u00d6nnek megfelel\u0151 b\u00e9rl\u00e9si lehet\u0151s\u00e9get. Az aut\u00f3b\u00e9rl\u00e9s Marrakech n\u00e9lk\u00fcl\u00f6zhetetlen szolg\u00e1ltat\u00e1s, amely lehet\u0151v\u00e9 teszi, hogy ne csak Marrakech-et, hanem eg\u00e9sz Marokk\u00f3t megismerje.<\/p>\n","protected":false},"excerpt":{"rendered":"<p>Aut\u00f3b\u00e9rl\u00e9s Marr\u00e1kes a RosCart\u00f3l \u00c9szak-Afrika orsz\u00e1gai elk\u00e9peszt\u0151 m\u00f3don k\u00e9pesek elvar\u00e1zsolni a vil\u00e1g minden t\u00e1j\u00e1r\u00f3l \u00e9rkez\u0151 turist\u00e1kat szok\u00e1saikkal \u00e9s sz\u00ednes t\u00e1jaikkal. Tal\u00e1n a kult\u00fara, vagy az egyed\u00fcl\u00e1ll\u00f3 helyi konyha, esetleg a mindennapok sz\u00e9ps\u00e9ge. De azt biztosan tudjuk, hogy Marrakechben aut\u00f3t kell b\u00e9relnie, hogy k\u00f6zelebb ker\u00fclj\u00f6n a marokk\u00f3i \u00e9let teljes megismer\u00e9s\u00e9hez. Mi\u00e9rt \u00e9rdemes a RosCaron kereszt\u00fcl aut\u00f3t [&hellip;]<\/p>\n","protected":false},"author":1,"featured_media":183,"parent":0,"menu_order":0,"comment_status":"closed","ping_status":"closed","template":"","meta":{"footnotes":""},"class_list":["post-1628","page","type-page","status-publish","has-post-thumbnail",""],"_links":{"self":[{"href":"https:\/\/roscar.ma\/hu\/wp-json\/wp\/v2\/pages\/1628","targetHints":{"allow":["GET"]}}],"collection":[{"href":"https:\/\/roscar.ma\/hu\/wp-json\/wp\/v2\/pages"}],"about":[{"href":"https:\/\/roscar.ma\/hu\/wp-json\/wp\/v2\/types\/page"}],"author":[{"embeddable":true,"href":"https:\/\/roscar.ma\/hu\/wp-json\/wp\/v2\/users\/1"}],"replies":[{"embeddable":true,"href":"https:\/\/roscar.ma\/hu\/wp-json\/wp\/v2\/comments?post=1628"}],"version-history":[{"count":1,"href":"https:\/\/roscar.ma\/hu\/wp-json\/wp\/v2\/pages\/1628\/revisions"}],"predecessor-version":[{"id":1669,"href":"https:\/\/roscar.ma\/hu\/wp-json\/wp\/v2\/pages\/1628\/revisions\/1669"}],"wp:featuredmedia":[{"embeddable":true,"href":"https:\/\/roscar.ma\/hu\/wp-json\/wp\/v2\/media\/183"}],"wp:attachment":[{"href":"https:\/\/roscar.ma\/hu\/wp-json\/wp\/v2\/media?parent=1628"}],"curies":[{"name":"wp","href":"https:\/\/api.w.org\/{rel}","templated":true}]}}