{"id":1538,"date":"2025-07-17T10:09:50","date_gmt":"2025-07-17T10:09:50","guid":{"rendered":"https:\/\/roscar.ma\/?page_id=1538"},"modified":"2025-07-23T18:26:03","modified_gmt":"2025-07-23T18:26:03","slug":"rolunk","status":"publish","type":"page","link":"https:\/\/roscar.ma\/hu\/rolunk\/","title":{"rendered":"R\u00f3lunk"},"content":{"rendered":"<p>A RosCar Morocco egy modern aut\u00f3k\u00f6lcs\u00f6nz\u0151 szolg\u00e1ltat\u00e1s Marokk\u00f3ban, amely 2022 \u00f3ta m\u0171k\u00f6dik. Nem vagyunk aut\u00f3k\u00f6lcs\u00f6nz\u0151 c\u00e9g, hanem egy k\u00e9nyelmes online aggreg\u00e1tor, amely az orsz\u00e1g eg\u00e9sz ter\u00fclet\u00e9n a helyi partnerek legjobb aj\u00e1nlatait gy\u0171jti \u00f6ssze.<\/p>\n<p>A roscar.ma weboldalunkon t\u00f6bb mint 200 bev\u00e1lt aut\u00f3 tal\u00e1lhat\u00f3 k\u00fcl\u00f6nb\u00f6z\u0151 oszt\u00e1lyokban \u2013 a kompakt v\u00e1rosi modellekt\u0151l a k\u00e9nyelmes SUV-okig. A foglal\u00e1si folyamatot a lehet\u0151 legegyszer\u0171bb\u00e9 \u00e9s legolcs\u00f3bb\u00e1 tessz\u00fck: aut\u00f3t b\u00e9relhet let\u00e9t \u00e9s hitelk\u00e1rtya n\u00e9lk\u00fcl.<\/p>\n<p>C\u00e9lunk, hogy az utaz\u00f3knak rugalmas \u00e9s k\u00f6lts\u00e9ghat\u00e9kony m\u00f3dot ny\u00fajtsunk Marokk\u00f3ban val\u00f3 k\u00f6zleked\u00e9sre, t\u00e1maszkodva a helyi c\u00e9gek tapasztalat\u00e1ra \u00e9s megb\u00edzhat\u00f3s\u00e1g\u00e1ra. V\u00e1lassza a RosCar Morocco-t, \u00e9s utazzon k\u00e9nyelmesen!<\/p>\n","protected":false},"excerpt":{"rendered":"<p>A RosCar Morocco egy modern aut\u00f3k\u00f6lcs\u00f6nz\u0151 szolg\u00e1ltat\u00e1s Marokk\u00f3ban, amely 2022 \u00f3ta m\u0171k\u00f6dik. Nem vagyunk aut\u00f3k\u00f6lcs\u00f6nz\u0151 c\u00e9g, hanem egy k\u00e9nyelmes online aggreg\u00e1tor, amely az orsz\u00e1g eg\u00e9sz ter\u00fclet\u00e9n a helyi partnerek legjobb aj\u00e1nlatait gy\u0171jti \u00f6ssze. A roscar.ma weboldalunkon t\u00f6bb mint 200 bev\u00e1lt aut\u00f3 tal\u00e1lhat\u00f3 k\u00fcl\u00f6nb\u00f6z\u0151 oszt\u00e1lyokban \u2013 a kompakt v\u00e1rosi modellekt\u0151l a k\u00e9nyelmes SUV-okig. A foglal\u00e1si folyamatot [&hellip;]<\/p>\n","protected":false},"author":2,"featured_media":0,"parent":0,"menu_order":0,"comment_status":"closed","ping_status":"closed","template":"","meta":{"footnotes":""},"class_list":["post-1538","page","type-page","status-publish",""],"_links":{"self":[{"href":"https:\/\/roscar.ma\/hu\/wp-json\/wp\/v2\/pages\/1538","targetHints":{"allow":["GET"]}}],"collection":[{"href":"https:\/\/roscar.ma\/hu\/wp-json\/wp\/v2\/pages"}],"about":[{"href":"https:\/\/roscar.ma\/hu\/wp-json\/wp\/v2\/types\/page"}],"author":[{"embeddable":true,"href":"https:\/\/roscar.ma\/hu\/wp-json\/wp\/v2\/users\/2"}],"replies":[{"embeddable":true,"href":"https:\/\/roscar.ma\/hu\/wp-json\/wp\/v2\/comments?post=1538"}],"version-history":[{"count":0,"href":"https:\/\/roscar.ma\/hu\/wp-json\/wp\/v2\/pages\/1538\/revisions"}],"wp:attachment":[{"href":"https:\/\/roscar.ma\/hu\/wp-json\/wp\/v2\/media?parent=1538"}],"curies":[{"name":"wp","href":"https:\/\/api.w.org\/{rel}","templated":true}]}}