{"id":1295,"date":"2025-07-17T10:56:33","date_gmt":"2025-07-17T10:56:33","guid":{"rendered":"https:\/\/roscar.ma\/?page_id=1295"},"modified":"2025-07-23T09:04:45","modified_gmt":"2025-07-23T09:04:45","slug":"autoberles-casablanca","status":"publish","type":"page","link":"https:\/\/roscar.ma\/hu\/autoberles-casablanca\/","title":{"rendered":"Aut\u00f3b\u00e9rl\u00e9s Casablanca"},"content":{"rendered":"<h2>Aut\u00f3b\u00e9rl\u00e9s Casablanca a RosCar-t\u00f3l<\/h2>\n<p>Marokk\u00f3 legfontosabb gazdas\u00e1gi \u00e9s kultur\u00e1lis v\u00e1rosa mindig j\u00f3 kiindul\u00f3pont egy nagyszer\u0171 \u00e9szak-afrikai utaz\u00e1shoz. Egyed\u00fcl\u00e1ll\u00f3 arab kult\u00fara, t\u00f6bb ezer \u00e9ves t\u00f6rt\u00e9nelem a modern \u00e9p\u00edt\u00e9szetben, hagyom\u00e1nyok \u00e9s finom \u00e9telek a terv. De el\u0151sz\u00f6r aut\u00f3t kell b\u00e9relni Casablanc\u00e1ban. Sz\u00e1mos oka van annak, hogy az aut\u00f3s utaz\u00e1st v\u00e1lassza itt:<\/p>\n<ul>\n<li>Sokkal k\u00e9nyelmesebb, mint a t\u00f6megk\u00f6zleked\u00e9s<\/li>\n<li>Kedvezm\u00e9nyek, olcs\u00f3 \u00e1rak \u00e9s sz\u00e1mos lehet\u0151s\u00e9g (n\u00e9melyik ingyenes).<\/li>\n<li>K\u00f6nny\u0171 megtal\u00e1lni a megfelel\u0151t<\/li>\n<li>Teljes mozg\u00e1sszabads\u00e1g.<\/li>\n<\/ul>\n<p>A RosCar meglep\u0151en egyszer\u0171 foglal\u00e1si elj\u00e1r\u00e1ssal rendelkezik. Csak foglaljon most, adja hozz\u00e1 a k\u00e1rty\u00e1j\u00e1t a fizet\u00e9shez, \u00e9s m\u00e1r k\u00e9sz is.<\/p>\n<h2>Aut\u00f3b\u00e9rl\u00e9s Casablanca: Az \u00fatmutat\u00f3<\/h2>\n<p>Az olcs\u00f3 aut\u00f3k\u00f6lcs\u00f6nz\u00e9s Casablanc\u00e1ban nem fikci\u00f3, hanem minden ember val\u00f3s\u00e1ga, aki ismer n\u00e9h\u00e1ny szab\u00e1lyt. K\u00f6vesse \u0151ket, \u00e9s csal\u00f3d\u00e1s n\u00e9lk\u00fcl jut el a k\u00edv\u00e1nt eredm\u00e9nyhez.<\/p>\n<h3>1. V\u00e1lassza ki a megfelel\u0151 t\u00edpust<\/h3>\n<p>A sz\u0171r\u0151k bekapcsol\u00e1s\u00e1val k\u00f6nnyed\u00e9n kialak\u00edthat egy list\u00e1t az aj\u00e1nlatok valamelyik t\u00edpusa szerint:<\/p>\n<ul>\n<li>SUV vagy Crossover<\/li>\n<li>Sz\u00e9riaaut\u00f3<\/li>\n<li>Gazdas\u00e1gos aut\u00f3<\/li>\n<li>Kompakt aut\u00f3<\/li>\n<li>Mini aut\u00f3<\/li>\n<li>Kabri\u00f3<\/li>\n<li>Kisbusz, furgon \u00e9s m\u00e1sok.<\/li>\n<\/ul>\n<h3>2. Extra opci\u00f3k haszn\u00e1lata<\/h3>\n<p>Az aut\u00f3b\u00e9rl\u00e9s Casablanc\u00e1ban egy vagy t\u00f6bb (fizet\u0151s vagy ingyenes) kieg\u00e9sz\u00edt\u0151 szolg\u00e1ltat\u00e1ssal is j\u00e1rhat:<\/p>\n<ul>\n<li>Garant\u00e1lt modell: Nincsenek kellemetlen meglepet\u00e9sek a j\u00e1rm\u0171 \u00e1tv\u00e9telekor.<\/li>\n<li>Sebess\u00e9gv\u00e1lt\u00f3: Ne gondolkodjon k\u00e9tszer, v\u00e1lasszon automata v\u00e1lt\u00f3t.<\/li>\n<li>Kieg\u00e9sz\u00edt\u0151 biztos\u00edt\u00e1s: Fizet\u0151s funkci\u00f3, amely a Full Coverage vagy SuperCDW biztos\u00edt\u00e1ssal kik\u00fcsz\u00f6b\u00f6li a p\u00e9nz\u00fcgyi kock\u00e1zatokat.<\/li>\n<li>Kieg\u00e9sz\u00edt\u0151 sof\u0151r: Tudta, hogy egy szem\u00e9lyt is hozz\u00e1adhat a szerz\u0151d\u00e9shez?<\/li>\n<li>Gyermek\u00fcl\u00e9s: Ak\u00e1r n\u00e9gyf\u00e9le gyermekbiztons\u00e1gi rendszer \u00e1ll rendelkez\u00e9sre b\u00e1rmilyen kor\u00fa gyermekek sz\u00e1m\u00e1ra.<\/li>\n<li>Ingyenes lemond\u00e1s: Legal\u00e1bb 48 \u00f3r\u00e1ja van arra, hogy lemondja a megrendel\u00e9s\u00e9t.<\/li>\n<li>Korl\u00e1tlan kilom\u00e9terek: Ingyenes funkci\u00f3 ingyenes m\u00e9rf\u00f6ldekkel.<\/li>\n<li>Nincs let\u00e9t: Mindenki szereti, ha nincs let\u00e9ti letilt\u00e1s a hitelk\u00e1rty\u00e1kon.<\/li>\n<li>Nincs hitelk\u00e1rtya: J\u00f6het tov\u00e1bbi k\u00f6vetelm\u00e9nyekkel a biztons\u00e1gi ellen\u0151rz\u00e9sekhez.<\/li>\n<li>SIM-k\u00e1rtya: Nagy sebess\u00e9g\u0171 mobilinternet mindig k\u00e9zn\u00e9l.<\/li>\n<\/ul>\n<blockquote class=\"info\">\n<h2>Casablanca aut\u00f3b\u00e9rl\u00e9s: RosCaron kereszt\u00fcl t\u00f6rt\u00e9n\u0151 foglal\u00e1s<\/h2>\n<p>A casablancai aut\u00f3b\u00e9rl\u00e9s az egyik legegyszer\u0171bb utaz\u00e1si szolg\u00e1ltat\u00e1snak t\u0171nhet, amit valaha ig\u00e9nybe vett:<\/p>\n<ol>\n<li>\u00c1ll\u00edtsa be a helysz\u00edneket \u00e9s d\u00e1tumokat.<\/li>\n<li>\u00c1ll\u00edtsa be a keres\u00e9si sz\u0171r\u0151ket (t\u00edpus, opci\u00f3k \u00e9s egy\u00e9b)<\/li>\n<li>Foglaljon most b\u00e1rmely j\u00e1rm\u0171vet a list\u00e1b\u00f3l.<\/li>\n<li>T\u00f6ltse ki az \u0171rlapot a r\u00e9szletekkel.<\/li>\n<li>Meger\u0151s\u00edt\u00e9s.<\/li>\n<\/ol>\n<p>A k\u00e9relem csak az el\u0151leg (az \u00f6sszeg 14-20%-a) Pay Now-on kereszt\u00fcl t\u00f6rt\u00e9n\u0151 kifizet\u00e9se ut\u00e1n tekinthet\u0151 meger\u0151s\u00edtettnek. A RosCar bankk\u00e1rty\u00e1t vagy hitelk\u00e1rty\u00e1t elfogad.<\/p><\/blockquote>\n<h2>Aut\u00f3b\u00e9rl\u00e9s Casablanca \u00e1ra<\/h2>\n<p>Itt vannak a hozz\u00e1vet\u0151leges \u00e1rak, amelyeket ebben a v\u00e1rosban tal\u00e1lhat:<\/p>\n<ul>\n<li>$15-25 a Mini-Economy eset\u00e9ben<\/li>\n<li>30-40 $ a Compact-Standard<\/li>\n<li>40-60 $ a Minibusz, Cabrio, Crossover vagy SUV eset\u00e9ben.<\/li>\n<li>70 $+ a luxus kateg\u00f3ri\u00e1ban.<\/li>\n<\/ul>\n<p>Az aut\u00f3b\u00e9rl\u00e9s Casablanca v\u00e1ros\u00e1ban a k\u00f6vetkez\u0151 t\u00e9nyez\u0151kt\u0151l f\u00fcgg\u0151en ak\u00e1r 40%-kal dr\u00e1g\u00e1bb vagy olcs\u00f3bb lehet:<\/p>\n<ul>\n<li>A lefoglalt napok sz\u00e1ma (jobb, ha hossz\u00fa t\u00e1v\u00fa aut\u00f3b\u00e9rl\u00e9st v\u00e1laszt).<\/li>\n<li>Az \u00e1tv\u00e9tel helye (rep\u00fcl\u0151t\u00e9r, v\u00e1ros vagy kisz\u00e1ll\u00edt\u00e1s).<\/li>\n<li>Szezon \u00e9s a v\u00e1llalat leterhelts\u00e9ge<\/li>\n<li>Kieg\u00e9sz\u00edt\u0151 szolg\u00e1ltat\u00e1sokat tartalmaz.<\/li>\n<\/ul>\n<p>\u00cdgy lehet \u00f6sszehasonl\u00edtani az \u00e1rakat:<\/p>\n<h3>Casablanca, Marokk\u00f3 aut\u00f3b\u00e9rl\u00e9s \u00e1rait tartalmaz\u00f3 t\u00e1bl\u00e1zat<\/h3>\n<table border=\"1\">\n<thead>\n<tr>\n<th>Aut\u00f3modell<\/th>\n<th>Karossz\u00e9ria t\u00edpusa<\/th>\n<th>\u00c1r naponta (alacsony szezonban)<\/th>\n<th>\u00c1r naponta (f\u0151szezon)<\/th>\n<th>Utasok<\/th>\n<th>Poggy\u00e1sz kapacit\u00e1s<\/th>\n<\/tr>\n<\/thead>\n<tbody>\n<tr>\n<td>Kia Picanto<\/td>\n<td>Hatchback<\/td>\n<td>20 \u20ac<\/td>\n<td>27 \u20ac<\/td>\n<td>4<\/td>\n<td>1<\/td>\n<\/tr>\n<tr>\n<td>Dacia Logan<\/td>\n<td>Sedan<\/td>\n<td>22 \u20ac<\/td>\n<td>30 \u20ac<\/td>\n<td>5<\/td>\n<td>2<\/td>\n<\/tr>\n<tr>\n<td>Renault Clio<\/td>\n<td>Hatchback<\/td>\n<td>25 \u20ac<\/td>\n<td>34 \u20ac<\/td>\n<td>5<\/td>\n<td>2<\/td>\n<\/tr>\n<tr>\n<td>Hyundai i20<\/td>\n<td>Hatchback<\/td>\n<td>24 \u20ac<\/td>\n<td>33 \u20ac<\/td>\n<td>5<\/td>\n<td>2<\/td>\n<\/tr>\n<tr>\n<td>Volkswagen Polo<\/td>\n<td>Hatchback<\/td>\n<td>26 \u20ac<\/td>\n<td>36 \u20ac<\/td>\n<td>5<\/td>\n<td>2<\/td>\n<\/tr>\n<tr>\n<td>Citro\u00ebn C-Elys\u00e9e<\/td>\n<td>Szed\u00e1n<\/td>\n<td>27 \u20ac<\/td>\n<td>37 \u20ac<\/td>\n<td>5<\/td>\n<td>3<\/td>\n<\/tr>\n<tr>\n<td>Peugeot 301<\/td>\n<td>Sedan<\/td>\n<td>28 \u20ac<\/td>\n<td>38 \u20ac<\/td>\n<td>5<\/td>\n<td>3<\/td>\n<\/tr>\n<tr>\n<td>Dacia Duster<\/td>\n<td>SUV<\/td>\n<td>35 \u20ac<\/td>\n<td>46 \u20ac<\/td>\n<td>5<\/td>\n<td>3<\/td>\n<\/tr>\n<tr>\n<td>Renault Kadjar<\/td>\n<td>SUV<\/td>\n<td>48 \u20ac<\/td>\n<td>60 \u20ac<\/td>\n<td>5<\/td>\n<td>4<\/td>\n<\/tr>\n<tr>\n<td>Peugeot 3008<\/td>\n<td>SUV<\/td>\n<td>54 \u20ac<\/td>\n<td>68 \u20ac<\/td>\n<td>5<\/td>\n<td>4<\/td>\n<\/tr>\n<\/tbody>\n<\/table>\n        <div class=\"rpc-chart\">\n            <h3>Aut\u00f3k\u00f6lcs\u00f6nz\u00e9s \u00e1r\u00e1nak szezon\u00e1lis v\u00e1ltoz\u00e1sa Casablanca v\u00e1ros\u00e1ban: \u00e1ttekint\u00e9s a visszaigazolt foglal\u00e1sok alapj\u00e1n<\/h3>\n            <div><p>Az elm\u00falt h\u00e1rom \u00e9vben a roscar.ma szak\u00e9rt\u0151i szisztematikusan elemezt\u00e9k az aut\u00f3b\u00e9rl\u00e9s \u00e1tlagos k\u00f6lts\u00e9g\u00e9nek v\u00e1ltoz\u00e1s\u00e1t Casablanca v\u00e1ros\u00e1ban. Az adatok kiz\u00e1r\u00f3lag a megb\u00edzhat\u00f3 helyi aut\u00f3k\u00f6lcs\u00f6nz\u0151 c\u00e9gekkel egy\u00fcttm\u0171k\u00f6d\u0151 platformunkon kereszt\u00fcl leadott val\u00f3s megrendel\u00e9seken alapulnak.<\/p>\n<p>A megfigyel\u00e9s a j\u00e1rm\u0171vek minden kateg\u00f3ri\u00e1j\u00e1ra kiterjed: a kompakt v\u00e1rosi modellekt\u0151l a terepj\u00e1r\u00f3kon, kabri\u00f3kon \u00e9s vezet\u0151i aut\u00f3kon \u00e1t. Ez lehet\u0151v\u00e9 teszi sz\u00e1munkra, hogy pontosan nyomon k\u00f6vess\u00fck a szezon\u00e1lis trendeket, \u00e9s el\u0151re jelezz\u00fck az \u00e1ringadoz\u00e1sokat a kereslet \u00e9s a turisztikai id\u0151szakok f\u00fcggv\u00e9ny\u00e9ben.<\/p>\n<p>A marokk\u00f3i aut\u00f3k\u00f6lcs\u00f6nz\u00e9s ter\u00fclet\u00e9n szerzett sok\u00e9ves tapasztalatunknak k\u00f6sz\u00f6nhet\u0151en rendszeresen friss\u00edtj\u00fck az inform\u00e1ci\u00f3kat, hogy a felhaszn\u00e1l\u00f3knak naprak\u00e9sz \u00e9s megb\u00edzhat\u00f3 adatokat szolg\u00e1ltassunk. Ez k\u00fcl\u00f6n\u00f6sen fontos azok sz\u00e1m\u00e1ra, akik Casablanc\u00e1ba terveznek utaz\u00e1st, \u00e9s kedvez\u0151 sz\u00e1ll\u00edt\u00e1si felt\u00e9teleket keresnek.<\/p>\n<\/div>\n            <div class=\"rpc-chart-bars\">\n                                    <div class=\"rpc-chart-column\">\n                        <div class=\"rpc-chart-inner\" style=\"height: 30.188679245283%\">\n                            <div class=\"rpc-chart-column-value\">16 \u20ac<\/div>\n                            <div class=\"rpc-chart-month\">JAN<\/div>\n                        <\/div>\n                    <\/div>\n                                    <div class=\"rpc-chart-column\">\n                        <div class=\"rpc-chart-inner\" style=\"height: 28.301886792453%\">\n                            <div class=\"rpc-chart-column-value\">15 \u20ac<\/div>\n                            <div class=\"rpc-chart-month\">FEB<\/div>\n                        <\/div>\n                    <\/div>\n                                    <div class=\"rpc-chart-column\">\n                        <div class=\"rpc-chart-inner\" style=\"height: 30.188679245283%\">\n                            <div class=\"rpc-chart-column-value\">16 \u20ac<\/div>\n                            <div class=\"rpc-chart-month\">MAR<\/div>\n                        <\/div>\n                    <\/div>\n                                    <div class=\"rpc-chart-column\">\n                        <div class=\"rpc-chart-inner\" style=\"height: 39.622641509434%\">\n                            <div class=\"rpc-chart-column-value\">21 \u20ac<\/div>\n                            <div class=\"rpc-chart-month\">APR<\/div>\n                        <\/div>\n                    <\/div>\n                                    <div class=\"rpc-chart-column\">\n                        <div class=\"rpc-chart-inner\" style=\"height: 32.075471698113%\">\n                            <div class=\"rpc-chart-column-value\">17 \u20ac<\/div>\n                            <div class=\"rpc-chart-month\">MAY<\/div>\n                        <\/div>\n                    <\/div>\n                                    <div class=\"rpc-chart-column\">\n                        <div class=\"rpc-chart-inner\" style=\"height: 33.962264150943%\">\n                            <div class=\"rpc-chart-column-value\">18 \u20ac<\/div>\n                            <div class=\"rpc-chart-month\">JUN<\/div>\n                        <\/div>\n                    <\/div>\n                                    <div class=\"rpc-chart-column\">\n                        <div class=\"rpc-chart-inner\" style=\"height: 54.716981132075%\">\n                            <div class=\"rpc-chart-column-value\">29 \u20ac<\/div>\n                            <div class=\"rpc-chart-month\">JUL<\/div>\n                        <\/div>\n                    <\/div>\n                                    <div class=\"rpc-chart-column\">\n                        <div class=\"rpc-chart-inner\" style=\"height: 62.264150943396%\">\n                            <div class=\"rpc-chart-column-value\">33 \u20ac<\/div>\n                            <div class=\"rpc-chart-month\">AUG<\/div>\n                        <\/div>\n                    <\/div>\n                                    <div class=\"rpc-chart-column\">\n                        <div class=\"rpc-chart-inner\" style=\"height: 43.396226415094%\">\n                            <div class=\"rpc-chart-column-value\">23 \u20ac<\/div>\n                            <div class=\"rpc-chart-month\">SEP<\/div>\n                        <\/div>\n                    <\/div>\n                                    <div class=\"rpc-chart-column\">\n                        <div class=\"rpc-chart-inner\" style=\"height: 39.622641509434%\">\n                            <div class=\"rpc-chart-column-value\">21 \u20ac<\/div>\n                            <div class=\"rpc-chart-month\">OCT<\/div>\n                        <\/div>\n                    <\/div>\n                                    <div class=\"rpc-chart-column\">\n                        <div class=\"rpc-chart-inner\" style=\"height: 33.962264150943%\">\n                            <div class=\"rpc-chart-column-value\">18 \u20ac<\/div>\n                            <div class=\"rpc-chart-month\">NOV<\/div>\n                        <\/div>\n                    <\/div>\n                                    <div class=\"rpc-chart-column\">\n                        <div class=\"rpc-chart-inner\" style=\"height: 41.509433962264%\">\n                            <div class=\"rpc-chart-column-value\">22 \u20ac<\/div>\n                            <div class=\"rpc-chart-month\">DEC<\/div>\n                        <\/div>\n                    <\/div>\n                            <\/div>\n        <\/div>\n        \n<h2>Aut\u00f3b\u00e9rl\u00e9s Casablanca: Dokumentumok<\/h2>\n<p>Csak n\u00e9h\u00e1ny dokumentum, amellyel a sof\u0151rnek rendelkeznie kell, hogy felvegye a b\u00e9relt aut\u00f3t:<\/p>\n<ol>\n<li>Jogos\u00edtv\u00e1ny<\/li>\n<li>\u00datlev\u00e9l<\/li>\n<li>Hitelk\u00e1rtya (kauci\u00f3, hitel vagy szem\u00e9lyazonoss\u00e1gi ellen\u0151rz\u00e9s)<\/li>\n<li>Voucher (a foglal\u00e1si visszaigazol\u00e1ssal egy\u00fctt k\u00fcld\u00fcnk \u00d6nnek egyet).<\/li>\n<\/ol>\n","protected":false},"excerpt":{"rendered":"<p>Aut\u00f3b\u00e9rl\u00e9s Casablanca a RosCar-t\u00f3l Marokk\u00f3 legfontosabb gazdas\u00e1gi \u00e9s kultur\u00e1lis v\u00e1rosa mindig j\u00f3 kiindul\u00f3pont egy nagyszer\u0171 \u00e9szak-afrikai utaz\u00e1shoz. Egyed\u00fcl\u00e1ll\u00f3 arab kult\u00fara, t\u00f6bb ezer \u00e9ves t\u00f6rt\u00e9nelem a modern \u00e9p\u00edt\u00e9szetben, hagyom\u00e1nyok \u00e9s finom \u00e9telek a terv. De el\u0151sz\u00f6r aut\u00f3t kell b\u00e9relni Casablanc\u00e1ban. Sz\u00e1mos oka van annak, hogy az aut\u00f3s utaz\u00e1st v\u00e1lassza itt: Sokkal k\u00e9nyelmesebb, mint a t\u00f6megk\u00f6zleked\u00e9s Kedvezm\u00e9nyek, [&hellip;]<\/p>\n","protected":false},"author":1,"featured_media":152,"parent":0,"menu_order":0,"comment_status":"closed","ping_status":"closed","template":"","meta":{"footnotes":""},"class_list":["post-1295","page","type-page","status-publish","has-post-thumbnail",""],"_links":{"self":[{"href":"https:\/\/roscar.ma\/hu\/wp-json\/wp\/v2\/pages\/1295","targetHints":{"allow":["GET"]}}],"collection":[{"href":"https:\/\/roscar.ma\/hu\/wp-json\/wp\/v2\/pages"}],"about":[{"href":"https:\/\/roscar.ma\/hu\/wp-json\/wp\/v2\/types\/page"}],"author":[{"embeddable":true,"href":"https:\/\/roscar.ma\/hu\/wp-json\/wp\/v2\/users\/1"}],"replies":[{"embeddable":true,"href":"https:\/\/roscar.ma\/hu\/wp-json\/wp\/v2\/comments?post=1295"}],"version-history":[{"count":3,"href":"https:\/\/roscar.ma\/hu\/wp-json\/wp\/v2\/pages\/1295\/revisions"}],"predecessor-version":[{"id":1299,"href":"https:\/\/roscar.ma\/hu\/wp-json\/wp\/v2\/pages\/1295\/revisions\/1299"}],"wp:featuredmedia":[{"embeddable":true,"href":"https:\/\/roscar.ma\/hu\/wp-json\/wp\/v2\/media\/152"}],"wp:attachment":[{"href":"https:\/\/roscar.ma\/hu\/wp-json\/wp\/v2\/media?parent=1295"}],"curies":[{"name":"wp","href":"https:\/\/api.w.org\/{rel}","templated":true}]}}