{"id":1042,"date":"2025-07-17T09:45:33","date_gmt":"2025-07-17T09:45:33","guid":{"rendered":"https:\/\/roscar.ma\/?page_id=1042"},"modified":"2025-07-22T12:56:06","modified_gmt":"2025-07-22T12:56:06","slug":"autoberles-marokko","status":"publish","type":"page","link":"https:\/\/roscar.ma\/hu\/","title":{"rendered":"Aut\u00f3b\u00e9rl\u00e9s Marokk\u00f3"},"content":{"rendered":"<h2>Aut\u00f3b\u00e9rl\u00e9s Marokk\u00f3 a RosCar-t\u00f3l<\/h2>\n<p>A t\u00f6bb ezer \u00e9ves t\u00f6rt\u00e9nelem \u00e9s az \u0151si arab hagyom\u00e1nyok m\u00e1gnesk\u00e9nt vonzz\u00e1k a turist\u00e1k milli\u00f3it. Itt a nagy Szahara \u00e9s az Atlanti-\u00f3ce\u00e1n hangjai, valamint a modern \u00e9s \u0151skori kult\u00far\u00e1k mellett kiv\u00e1l\u00f3 felt\u00e9teleket tal\u00e1lhat b\u00e1rmilyen t\u00edpus\u00fa utaz\u00e1shoz. De musz\u00e1j-e aut\u00f3t b\u00e9relni Marokk\u00f3ban? Lehet, hogy nem ez az egyetlen lehet\u0151s\u00e9g, de egy\u00e9rtelm\u0171 el\u0151ny\u00f6kkel j\u00e1r:<\/p>\n<ul>\n<li>Szabad mozg\u00e1s, ahov\u00e1 csak akarja<\/li>\n<li>Nagyfok\u00fa k\u00e9nyelem \u00e9s p\u00e1ratlan komfort<\/li>\n<li>Nagy j\u00e1rm\u0171v\u00e1laszt\u00e9k<\/li>\n<li>R\u00f6vid vagy hossz\u00fa t\u00e1v\u00fa aut\u00f3b\u00e9rl\u00e9s \u00e1ll rendelkez\u00e9sre.<\/li>\n<\/ul>\n<p>Szeretne min\u00e9l hamarabb \u00fatra kelni? Foglaljon most b\u00e1rmilyen aut\u00f3t a RosCar-on: n\u00e9h\u00e1ny kattint\u00e1s, t\u00f6lts\u00f6n ki egy szabv\u00e1nyos \u0171rlapot, \u00e9s a visszaigazol\u00e1shoz fizessen el\u0151.<\/p>\n<h2>\u00datban az aut\u00f3k\u00f6lcs\u00f6nz\u0151 Marokk\u00f3 fel\u00e9<\/h2>\n<p>Ezt a feladatot nem szabad elsietni, de nem is szabad holnapra halasztani. Ez\u00e9rt olvasson el egy kis el\u0151k\u00e9sz\u00edt\u0151 \u00fatmutat\u00f3t a marokk\u00f3i aut\u00f3k\u00f6lcs\u00f6nz\u00e9shez vezet\u0151 \u00faton.<\/p>\n<h3>1. Tal\u00e1lja meg a megfelel\u0151 t\u00edpust<\/h3>\n<p>Egy rosszul kiv\u00e1lasztott j\u00e1rm\u0171 nem fogja meghozni a k\u00edv\u00e1nt \u00f6r\u00f6met vagy k\u00e9nyelmet. Vessen egy pillant\u00e1st a list\u00e1ra, \u00e9s gondolja v\u00e9gig, melyik t\u00edpus hangzik az \u00d6n sz\u00e1m\u00e1ra megold\u00e1snak:<\/p>\n<ul>\n<li>(Olcs\u00f3 aut\u00f3k\u00f6lcs\u00f6nz\u00e9s Marokk\u00f3ban)<\/li>\n<li>Standard<\/li>\n<li>SUV vagy Crossover<\/li>\n<li>Luxus<\/li>\n<li>Kabri\u00f3<\/li>\n<li>Furgon vagy kisbusz.<\/li>\n<\/ul>\n<h3>2. Tov\u00e1bbi szolg\u00e1ltat\u00e1sok<\/h3>\n<p>Nem mindegyik extra szolg\u00e1ltat\u00e1s fizet\u0151s, de mindegyik nagyszer\u0171 v\u00e1laszt\u00e1s:<\/p>\n<ul>\n<li>Ingyenes lemond\u00e1s: Ezt az opci\u00f3t id\u0151ben (indul\u00e1s el\u0151tt legfeljebb 48 \u00f3r\u00e1val) kell ig\u00e9nybe venni.<\/li>\n<li>Let\u00e9t n\u00e9lk\u00fcl: A legjobb funkci\u00f3 a k\u00f6lts\u00e9gvet\u00e9si utaz\u00f3k sz\u00e1m\u00e1ra, hogy nincs let\u00e9ti tart\u00e1s a hitelk\u00e1rty\u00e1kon.<\/li>\n<li>Garant\u00e1lt modell: Legal\u00e1bb annyit kap, amennyit lefoglalt.<\/li>\n<li>Gyermek\u00fcl\u00e9s: T\u00f6rv\u00e9nyi el\u0151\u00edr\u00e1s, ha 10 \u00e9ves vagy ann\u00e1l fiatalabb gyerekekkel utazik a fed\u00e9lzeten.<\/li>\n<li>Kieg\u00e9sz\u00edt\u0151 biztos\u00edt\u00e1s: Csak fizessen fel\u00e1rat a Super CDW \u00e9s a Full Coverage biztos\u00edt\u00e1s\u00e9rt a nyugalom\u00e9rt.<\/li>\n<li>SIM-k\u00e1rtya: Vigyen mag\u00e1val egyet, hogy \u00e9lvezhesse a nagysebess\u00e9g\u0171 internetet.<\/li>\n<li>Kieg\u00e9sz\u00edt\u0151 sof\u0151r: M\u00e9g t\u00f6bb \u00f6r\u00f6mteli kilom\u00e9ter egy bar\u00e1tj\u00e1val a vol\u00e1n m\u00f6g\u00f6tt.<\/li>\n<li>Sebess\u00e9gv\u00e1lt\u00f3: Keressen automata v\u00e1lt\u00f3t a nyugodt utaz\u00e1sokhoz.<\/li>\n<li>Korl\u00e1tlan fut\u00e1steljes\u00edtm\u00e9ny: Korl\u00e1tlan kil\u00e1t\u00e1s a sivatagok \u00e9s tengeri t\u00e1jak m\u00f6g\u00f6tt rejt\u0151zk\u00f6dve.<\/li>\n<\/ul>\n<blockquote class=\"check\">\n<h3>RosCar Marokk\u00f3 aut\u00f3b\u00e9rl\u00e9s r\u00e9szleteiben<\/h3>\n<p>Keressen mag\u00e1nak n\u00e9h\u00e1ny percet a Marokk\u00f3 aut\u00f3b\u00e9rl\u00e9shez:<\/p>\n<ol>\n<li>\u00c1ll\u00edtsa be a fel- \u00e9s lesz\u00e1ll\u00e1s hely\u00e9t.<\/li>\n<li>Adja meg a kezd\u0151 \u00e9s befejez\u0151 d\u00e1tumokat.<\/li>\n<li>Kattintson a &#8222;Sz\u0171r\u0151k&#8221; gombra a k\u00edv\u00e1nt kieg\u00e9sz\u00edt\u00e9sek kiv\u00e1laszt\u00e1s\u00e1hoz.<\/li>\n<li>Kattintson a &#8222;Megtekint\u00e9s&#8221; gombra a lista megtekint\u00e9s\u00e9hez.<\/li>\n<li>Foglaljon most.<\/li>\n<li>T\u00f6ltse ki az \u0171rlapot \u00e9s fizessen most.<\/li>\n<\/ol>\n<p>Ha a p\u00e9nzt\u00e1r oldalon van, meg kell adnia egy k\u00e1rty\u00e1t a 20%-os el\u0151legfizet\u00e9shez. Ne agg\u00f3djon, a banki adatai biztons\u00e1gban vannak.<\/p><\/blockquote>\n<h2>Az aut\u00f3b\u00e9rl\u00e9s k\u00f6lts\u00e9gei Marokk\u00f3ban<\/h2>\n<p>\u00cdme n\u00e9h\u00e1ny p\u00e9lda, amely seg\u00edt meg\u00e9rteni az aut\u00f3b\u00e9rl\u00e9s \u00e1r\u00e1t Marokk\u00f3ban:<\/p>\n<ul>\n<li>$20-30 Mini vagy Economy<\/li>\n<li>45-55 $ a Standard vagy Minivan eset\u00e9ben<\/li>\n<li>50-70 $ SUV vagy Crossover<\/li>\n<li>80 doll\u00e1rt\u00f3l a luxus vagy kabri\u00f3.<\/li>\n<\/ul>\n<p>De megpr\u00f3b\u00e1lhatod olcs\u00f3bban is:<\/p>\n<ul>\n<li>Vegyen hossz\u00fa t\u00e1v\u00fa aut\u00f3b\u00e9rl\u00e9st (5 nap vagy t\u00f6bb).<\/li>\n<li>A h\u00e9t k\u00f6zep\u00e9re id\u0151z\u00edtse a kezd\u00e9si id\u0151pontot.<\/li>\n<li>Ne csak \u00e1r, hanem felszerelts\u00e9g szerint is hasonl\u00edtson \u00f6ssze<\/li>\n<li>Foglaljon online j\u00f3 el\u0151re.<\/li>\n<\/ul>\n<p>Tov\u00e1bbi inform\u00e1ci\u00f3 az \u00e1r\u00f6sszehasonl\u00edt\u00e1sr\u00f3l:<\/p>\n<h3>T\u00e1bl\u00e1zat a marokk\u00f3i aut\u00f3b\u00e9rl\u00e9s \u00e1raival<\/h3>\n<table border=\"1\" cellspacing=\"0\" cellpadding=\"8\">\n<thead>\n<tr>\n<th>Aut\u00f3modell<\/th>\n<th>Karossz\u00e9ria t\u00edpusa<\/th>\n<th>\u00c1r naponta (alacsony szezonban)<\/th>\n<th>\u00c1r naponta (f\u0151szezonban)<\/th>\n<th>Utasok<\/th>\n<th>Poggy\u00e1sz kapacit\u00e1s<\/th>\n<\/tr>\n<\/thead>\n<tbody>\n<tr>\n<td>Dacia Logan<\/td>\n<td>Sedan<\/td>\n<td>23 \u20ac<\/td>\n<td>30 \u20ac<\/td>\n<td>5<\/td>\n<td>2<\/td>\n<\/tr>\n<tr>\n<td>Kia Picanto<\/td>\n<td>Hatchback<\/td>\n<td>20 \u20ac<\/td>\n<td>28 \u20ac<\/td>\n<td>4<\/td>\n<td>1<\/td>\n<\/tr>\n<tr>\n<td>Renault Clio<\/td>\n<td>Hatchback<\/td>\n<td>25 \u20ac<\/td>\n<td>35 \u20ac<\/td>\n<td>5<\/td>\n<td>2<\/td>\n<\/tr>\n<tr>\n<td>Dacia Duster<\/td>\n<td>SUV<\/td>\n<td>35 \u20ac<\/td>\n<td>45 \u20ac<\/td>\n<td>5<\/td>\n<td>3<\/td>\n<\/tr>\n<tr>\n<td>Hyundai Tucson<\/td>\n<td>SUV<\/td>\n<td>50 \u20ac<\/td>\n<td>65 \u20ac<\/td>\n<td>5<\/td>\n<td>4<\/td>\n<\/tr>\n<tr>\n<td>Peugeot 208<\/td>\n<td>Hatchback<\/td>\n<td>22 \u20ac<\/td>\n<td>32 \u20ac<\/td>\n<td>5<\/td>\n<td>2<\/td>\n<\/tr>\n<tr>\n<td>Volkswagen Polo<\/td>\n<td>Hatchback<\/td>\n<td>26 \u20ac<\/td>\n<td>36 \u20ac<\/td>\n<td>5<\/td>\n<td>2<\/td>\n<\/tr>\n<tr>\n<td>Citro\u00ebn C-Elys\u00e9e<\/td>\n<td>Szed\u00e1n<\/td>\n<td>24 \u20ac<\/td>\n<td>34 \u20ac<\/td>\n<td>5<\/td>\n<td>3<\/td>\n<\/tr>\n<tr>\n<td>Fiat Tipo<\/td>\n<td>Sedan<\/td>\n<td>27 \u20ac<\/td>\n<td>37 \u20ac<\/td>\n<td>5<\/td>\n<td>3<\/td>\n<\/tr>\n<tr>\n<td>Renault Captur<\/td>\n<td>Crossover<\/td>\n<td>33 \u20ac<\/td>\n<td>43 \u20ac<\/td>\n<td>5<\/td>\n<td>3<\/td>\n<\/tr>\n<\/tbody>\n<\/table>\n        <div class=\"rpc-chart\">\n            <h3>Szezon\u00e1lis aut\u00f3b\u00e9rl\u00e9si \u00e1rak Marokk\u00f3ban<\/h3>\n            <div><p>Az al\u00e1bbi t\u00e1bl\u00e1zat az elm\u00falt h\u00e1rom \u00e9v \u00e1tlagos aut\u00f3k\u00f6lcs\u00f6nz\u0151i \u00e1rainak v\u00e1ltoz\u00e1s\u00e1t mutatja Marokk\u00f3ban. Az inform\u00e1ci\u00f3k a roscar.ma, az aut\u00f3b\u00e9rl\u00e9sre k\u00f6zvet\u00edt\u0151k n\u00e9lk\u00fcl specializ\u00e1l\u00f3dott weboldalon kereszt\u00fcl t\u00f6rt\u00e9nt t\u00e9nyleges foglal\u00e1sokon alapulnak. Az adatok az aut\u00f3k minden oszt\u00e1ly\u00e1ra kiterjednek (a megfizethet\u0151 v\u00e1rosi modellekt\u0151l a SUV-kig, kabri\u00f3kig \u00e9s a pr\u00e9mium szegmensig).<\/p>\n<p>Az utaz\u00f3kkal val\u00f3 sok\u00e9ves egy\u00fcttm\u0171k\u00f6d\u00e9s\u00fcnknek \u00e9s a rendszeres piacfigyel\u00e9snek k\u00f6sz\u00f6nhet\u0151en objekt\u00edv k\u00e9pet alak\u00edtottunk ki a b\u00e9rleti \u00e1rak szezon\u00e1lis ingadoz\u00e1sair\u00f3l. Elemz\u00e9s\u00fcnk hasznos lesz mindenkinek, aki marokk\u00f3i utaz\u00e1st tervez: el\u0151re kiv\u00e1laszthatja azt az id\u0151szakot, amikor az aut\u00f3b\u00e9rl\u00e9s a legel\u0151ny\u00f6sebb.<\/p>\n<p>Javasoljuk, hogy haszn\u00e1lja a RosCar Marokk\u00f3 ellen\u0151rz\u00f6tt inform\u00e1ci\u00f3it \u00e9s gyakorlati tan\u00e1csait, hogy utaz\u00e1sa k\u00e9nyelmes, biztons\u00e1gos \u00e9s gazdas\u00e1gos legyen.<\/p>\n<\/div>\n            <div class=\"rpc-chart-bars\">\n                                    <div class=\"rpc-chart-column\">\n                        <div class=\"rpc-chart-inner\" style=\"height: 28.846153846154%\">\n                            <div class=\"rpc-chart-column-value\">15 \u20ac<\/div>\n                            <div class=\"rpc-chart-month\">JAN<\/div>\n                        <\/div>\n                    <\/div>\n                                    <div class=\"rpc-chart-column\">\n                        <div class=\"rpc-chart-inner\" style=\"height: 28.846153846154%\">\n                            <div class=\"rpc-chart-column-value\">15 \u20ac<\/div>\n                            <div class=\"rpc-chart-month\">FEB<\/div>\n                        <\/div>\n                    <\/div>\n                                    <div class=\"rpc-chart-column\">\n                        <div class=\"rpc-chart-inner\" style=\"height: 32.692307692308%\">\n                            <div class=\"rpc-chart-column-value\">17 \u20ac<\/div>\n                            <div class=\"rpc-chart-month\">MAR<\/div>\n                        <\/div>\n                    <\/div>\n                                    <div class=\"rpc-chart-column\">\n                        <div class=\"rpc-chart-inner\" style=\"height: 42.307692307692%\">\n                            <div class=\"rpc-chart-column-value\">22 \u20ac<\/div>\n                            <div class=\"rpc-chart-month\">APR<\/div>\n                        <\/div>\n                    <\/div>\n                                    <div class=\"rpc-chart-column\">\n                        <div class=\"rpc-chart-inner\" style=\"height: 32.692307692308%\">\n                            <div class=\"rpc-chart-column-value\">17 \u20ac<\/div>\n                            <div class=\"rpc-chart-month\">MAY<\/div>\n                        <\/div>\n                    <\/div>\n                                    <div class=\"rpc-chart-column\">\n                        <div class=\"rpc-chart-inner\" style=\"height: 30.769230769231%\">\n                            <div class=\"rpc-chart-column-value\">16 \u20ac<\/div>\n                            <div class=\"rpc-chart-month\">JUN<\/div>\n                        <\/div>\n                    <\/div>\n                                    <div class=\"rpc-chart-column\">\n                        <div class=\"rpc-chart-inner\" style=\"height: 55.769230769231%\">\n                            <div class=\"rpc-chart-column-value\">29 \u20ac<\/div>\n                            <div class=\"rpc-chart-month\">JUL<\/div>\n                        <\/div>\n                    <\/div>\n                                    <div class=\"rpc-chart-column\">\n                        <div class=\"rpc-chart-inner\" style=\"height: 61.538461538462%\">\n                            <div class=\"rpc-chart-column-value\">32 \u20ac<\/div>\n                            <div class=\"rpc-chart-month\">AUG<\/div>\n                        <\/div>\n                    <\/div>\n                                    <div class=\"rpc-chart-column\">\n                        <div class=\"rpc-chart-inner\" style=\"height: 38.461538461538%\">\n                            <div class=\"rpc-chart-column-value\">20 \u20ac<\/div>\n                            <div class=\"rpc-chart-month\">SEP<\/div>\n                        <\/div>\n                    <\/div>\n                                    <div class=\"rpc-chart-column\">\n                        <div class=\"rpc-chart-inner\" style=\"height: 36.538461538462%\">\n                            <div class=\"rpc-chart-column-value\">19 \u20ac<\/div>\n                            <div class=\"rpc-chart-month\">OCT<\/div>\n                        <\/div>\n                    <\/div>\n                                    <div class=\"rpc-chart-column\">\n                        <div class=\"rpc-chart-inner\" style=\"height: 32.692307692308%\">\n                            <div class=\"rpc-chart-column-value\">17 \u20ac<\/div>\n                            <div class=\"rpc-chart-month\">NOV<\/div>\n                        <\/div>\n                    <\/div>\n                                    <div class=\"rpc-chart-column\">\n                        <div class=\"rpc-chart-inner\" style=\"height: 44.230769230769%\">\n                            <div class=\"rpc-chart-column-value\">23 \u20ac<\/div>\n                            <div class=\"rpc-chart-month\">DEC<\/div>\n                        <\/div>\n                    <\/div>\n                            <\/div>\n        <\/div>\n        \n<h2>Aut\u00f3b\u00e9rl\u00e9s Marokk\u00f3ban: Dokumentumok<\/h2>\n<p>\u00d6n elm\u00falt 21 (vagy 25) \u00e9ves, \u00e9s rendelkezik n\u00e9mi vezet\u00e9si tapasztalattal? Akkor csak h\u00e1rom dokumentumra van sz\u00fcks\u00e9ge ahhoz, hogy aut\u00f3t b\u00e9reljen Marokk\u00f3ban:<\/p>\n<ol>\n<li>\u00datlev\u00e9l<\/li>\n<li>Jogos\u00edtv\u00e1ny<\/li>\n<li>Hitelk\u00e1rtya (nem k\u00f6telez\u0151).<\/li>\n<\/ol>\n<p>Sz\u00fcks\u00e9ge van tov\u00e1bb\u00e1 egy Voucherre (foglal\u00e1si igazol\u00e1s), de ezt a foglal\u00e1s meger\u0151s\u00edt\u00e9se ut\u00e1n azonnal megkapja.<\/p>\n","protected":false},"excerpt":{"rendered":"<p>Aut\u00f3b\u00e9rl\u00e9s Marokk\u00f3 a RosCar-t\u00f3l A t\u00f6bb ezer \u00e9ves t\u00f6rt\u00e9nelem \u00e9s az \u0151si arab hagyom\u00e1nyok m\u00e1gnesk\u00e9nt vonzz\u00e1k a turist\u00e1k milli\u00f3it. Itt a nagy Szahara \u00e9s az Atlanti-\u00f3ce\u00e1n hangjai, valamint a modern \u00e9s \u0151skori kult\u00far\u00e1k mellett kiv\u00e1l\u00f3 felt\u00e9teleket tal\u00e1lhat b\u00e1rmilyen t\u00edpus\u00fa utaz\u00e1shoz. De musz\u00e1j-e aut\u00f3t b\u00e9relni Marokk\u00f3ban? Lehet, hogy nem ez az egyetlen lehet\u0151s\u00e9g, de egy\u00e9rtelm\u0171 el\u0151ny\u00f6kkel [&hellip;]<\/p>\n","protected":false},"author":1,"featured_media":122,"parent":0,"menu_order":0,"comment_status":"closed","ping_status":"closed","template":"","meta":{"footnotes":""},"class_list":["post-1042","page","type-page","status-publish","has-post-thumbnail",""],"_links":{"self":[{"href":"https:\/\/roscar.ma\/hu\/wp-json\/wp\/v2\/pages\/1042","targetHints":{"allow":["GET"]}}],"collection":[{"href":"https:\/\/roscar.ma\/hu\/wp-json\/wp\/v2\/pages"}],"about":[{"href":"https:\/\/roscar.ma\/hu\/wp-json\/wp\/v2\/types\/page"}],"author":[{"embeddable":true,"href":"https:\/\/roscar.ma\/hu\/wp-json\/wp\/v2\/users\/1"}],"replies":[{"embeddable":true,"href":"https:\/\/roscar.ma\/hu\/wp-json\/wp\/v2\/comments?post=1042"}],"version-history":[{"count":1,"href":"https:\/\/roscar.ma\/hu\/wp-json\/wp\/v2\/pages\/1042\/revisions"}],"predecessor-version":[{"id":1043,"href":"https:\/\/roscar.ma\/hu\/wp-json\/wp\/v2\/pages\/1042\/revisions\/1043"}],"wp:featuredmedia":[{"embeddable":true,"href":"https:\/\/roscar.ma\/hu\/wp-json\/wp\/v2\/media\/122"}],"wp:attachment":[{"href":"https:\/\/roscar.ma\/hu\/wp-json\/wp\/v2\/media?parent=1042"}],"curies":[{"name":"wp","href":"https:\/\/api.w.org\/{rel}","templated":true}]}}