{"id":2554,"date":"2025-07-17T11:33:38","date_gmt":"2025-07-17T11:33:38","guid":{"rendered":"https:\/\/roscar.ma\/?page_id=2554"},"modified":"2025-07-26T20:29:15","modified_gmt":"2025-07-26T20:29:15","slug":"najam-automobila-tanger","status":"publish","type":"page","link":"https:\/\/roscar.ma\/hr\/najam-automobila-tanger\/","title":{"rendered":"Najam automobila Tanger"},"content":{"rendered":"<h2>Najam automobila Tanger od RosCar<\/h2>\n<p>Sjeverni Maroko je mjesto gdje se susre\u0107u dva kontinenta (Europa i Afrika), gdje je klima topla 365 dana u godini i uvijek svijetle uspomene. Ovdje mo\u017eete unajmiti automobil u Tangeru i podi\u0107i svoje putovanje na potpuno novu razinu:<\/p>\n<ul>\n<li>Manje tro\u0161kova na javni prijevoz ili taksije<\/li>\n<li>Sloboda kretanja kad god \u017eelite<\/li>\n<li>Jednostavno preuzimanje i rezervacija 24\/7<\/li>\n<li>Povoljne cijene uz visoku kvalitetu.<\/li>\n<\/ul>\n<p>Jo\u0161 uvijek tra\u017eite najbolju vrijednost za svaki potro\u0161eni dolar? Tada potra\u017eite svoje vozilo na RosCar, rezervirajte i koristite karticu za potvrdu (do 20% iznosa). Da, tako je jednostavno.<\/p>\n<h2>Najam automobila Tanger: Vodi\u010d<\/h2>\n<p>Odabir pravog najma automobila u Tangeru mo\u017eda ne izgleda kao jednostavan zadatak, uzimaju\u0107i u obzir va\u0161 prora\u010dun, stil putovanja i potrebe. No dva koraka su dovoljna da vas odvedu tamo gdje \u017eelite.<\/p>\n<h3>1. Vrsta vozila<\/h3>\n<p>Treba li biti prostrano ili kompaktno, jeftino ili skupo? Koristite filtre za odabir svog:<\/p>\n<ul>\n<li>Ekonomi\u010dni automobil<\/li>\n<li>Kompaktni automobil<\/li>\n<li>SUV ili Crossover<\/li>\n<li>Mini automobil<\/li>\n<li>Standardni automobil<\/li>\n<li>Luksuzni automobil<\/li>\n<li>Kabriolet<\/li>\n<li>Kombi, minivan i vi\u0161e.<\/li>\n<\/ul>\n<h3>2. Dodatne usluge<\/h3>\n<p>Ovo mo\u017ee biti najjednostavniji i najpristupa\u010dniji na\u010din za pobolj\u0161anje kvalitete va\u0161ih putovanja s sljede\u0107im zna\u010dajkama:<\/p>\n<ul>\n<li>Besplatno otkazivanje: Ova opcija mo\u017ee se koristiti samo 48 sati prije datuma po\u010detka.<\/li>\n<li>Bez kreditne kartice: Uvijek ima puno vozila za odabir.<\/li>\n<li>SIM kartica: Svima je potreban brzi internet ili pozivi tijekom putovanja.<\/li>\n<li>Dodatni voza\u010d: Uvijek je dobro imati nekoga spremnog voziti za vas.<\/li>\n<li>Neograni\u010dena kilometra\u017ea: Odli\u010dan dodatak jeftinom najmu automobila u Tangeru.<\/li>\n<li>Bez pologa: Mo\u017ee biti 10-15% skuplje, ali dolazi bez blokiranja pologa na kreditnim karticama.<\/li>\n<li>Dje\u010dje sjedalo: Djeca mla\u0111a od 10 godina smiju se prevoziti samo u dje\u010djem sjedalu (stra\u017enji red).<\/li>\n<li>Dodatno osiguranje: Nema potrebe brinuti o financijskoj slobodi s SuperCDW ili punim pokri\u0107em.<\/li>\n<li>Zajam\u010deni model: Jeste li rezervirali Toyota Corolla? Dobit \u0107ete to\u010dno Toyota Corolla.<\/li>\n<li>Prijenos: Ru\u010dni vs. Automatski. Jeftino vs. Udobno.<\/li>\n<\/ul>\n<blockquote class=\"info\">\n<h2>Najam automobila u Tangeru: Rezervacija<\/h2>\n<p>Imate li pet minuta? Tada mo\u017eete unajmiti bilo koje vozilo na RosCar na ovaj na\u010din:<\/p>\n<ol>\n<li>Navedite datume po\u010detka i zavr\u0161etka, kao i lokacije.<\/li>\n<li>Idite na filtre i kliknite na one koje smatrate po\u017eeljnima. Dobijte popis.<\/li>\n<li>Odaberite svoj automobil putem Rezerviraj sada.<\/li>\n<li>Odaberite vrstu pla\u0107anja, osiguranje i dodatne zna\u010dajke u obrascu.<\/li>\n<li>Dodajte ostale informacije i Potvrdite.<\/li>\n<li>Platite sada.<\/li>\n<\/ol>\n<p>Najam automobila u Tangeru mo\u017ee rezervirati svatko s voza\u010dkom dozvolom (stariji od 21 godine) i bankovnom karticom (do 20% za potvrdu pla\u0107anja). 80% preostalog iznosa pla\u0107a se na licu mjesta, bilo kojom metodom koju ste naveli u obrascu.<\/p><\/blockquote>\n<h2>Cijena najma automobila u Tangeru<\/h2>\n<p>U ovom dijelu Maroka mo\u017eete prona\u0107i prili\u010dno niske cijene za najam automobila u Tangeru:<\/p>\n<ul>\n<li>15-20 $ za ekonomi\u010dni ili mini automobil<\/li>\n<li>25-30 $ za standardni automobil<\/li>\n<li>35-50 $ za minivan, SUV, 4&#215;4 ili crossover<\/li>\n<li>60 $ i vi\u0161e za luksuzni automobil ili kabriolet.<\/li>\n<\/ul>\n<p>Cijene u sredini turisti\u010dke sezone mogu porasti do 60%, ili \u010dak vi\u0161e. Stoga biste trebali uzeti u obzir sljede\u0107e savjete za ni\u017ee tro\u0161kove:<\/p>\n<ul>\n<li>Rezervirajte \u0161to je prije mogu\u0107e<\/li>\n<li>Odaberite vrstu vozila koja ne ugro\u017eava va\u0161 prora\u010dun<\/li>\n<li>Tra\u017eite besplatne zna\u010dajke (bez pologa, bez kreditne kartice, neograni\u010dena kilometra\u017ea, itd.)<\/li>\n<li>Navedite datum po\u010detka za sredinu tjedna.<\/li>\n<\/ul>\n<p>Tako\u0111er biste trebali usporediti cijene:<\/p>\n<h3>Tablica s cijenama za najam automobila u Tangeru, Maroko<\/h3>\n<table>\n<thead>\n<tr>\n<th>Model automobila<\/th>\n<th>Tip karoserije<\/th>\n<th>Cijena po danu (niska sezona)<\/th>\n<th>Cijena po danu (visoka sezona)<\/th>\n<th>Putnici<\/th>\n<th>Kapacitet prtljage<\/th>\n<\/tr>\n<\/thead>\n<tbody>\n<tr>\n<td>Fiat Panda<\/td>\n<td>Hatchback<\/td>\n<td>20 \u20ac<\/td>\n<td>27 \u20ac<\/td>\n<td>4<\/td>\n<td>1<\/td>\n<\/tr>\n<tr>\n<td>Kia Picanto<\/td>\n<td>Hatchback<\/td>\n<td>22 \u20ac<\/td>\n<td>29 \u20ac<\/td>\n<td>4<\/td>\n<td>1<\/td>\n<\/tr>\n<tr>\n<td>Dacia Logan<\/td>\n<td>Sedan<\/td>\n<td>24 \u20ac<\/td>\n<td>32 \u20ac<\/td>\n<td>5<\/td>\n<td>2<\/td>\n<\/tr>\n<tr>\n<td>Peugeot 208<\/td>\n<td>Hatchback<\/td>\n<td>26 \u20ac<\/td>\n<td>35 \u20ac<\/td>\n<td>5<\/td>\n<td>2<\/td>\n<\/tr>\n<tr>\n<td>Renault Clio<\/td>\n<td>Hatchback<\/td>\n<td>27 \u20ac<\/td>\n<td>36 \u20ac<\/td>\n<td>5<\/td>\n<td>2<\/td>\n<\/tr>\n<tr>\n<td>Citro\u00ebn C-Elys\u00e9e<\/td>\n<td>Sedan<\/td>\n<td>29 \u20ac<\/td>\n<td>39 \u20ac<\/td>\n<td>5<\/td>\n<td>3<\/td>\n<\/tr>\n<tr>\n<td>Hyundai i20<\/td>\n<td>Hatchback<\/td>\n<td>28 \u20ac<\/td>\n<td>38 \u20ac<\/td>\n<td>5<\/td>\n<td>2<\/td>\n<\/tr>\n<tr>\n<td>Dacia Duster<\/td>\n<td>SUV<\/td>\n<td>38 \u20ac<\/td>\n<td>49 \u20ac<\/td>\n<td>5<\/td>\n<td>3<\/td>\n<\/tr>\n<tr>\n<td>Renault Kadjar<\/td>\n<td>SUV<\/td>\n<td>50 \u20ac<\/td>\n<td>62 \u20ac<\/td>\n<td>5<\/td>\n<td>4<\/td>\n<\/tr>\n<tr>\n<td>Peugeot 3008<\/td>\n<td>SUV<\/td>\n<td>55 \u20ac<\/td>\n<td>70 \u20ac<\/td>\n<td>5<\/td>\n<td>4<\/td>\n<\/tr>\n<\/tbody>\n<\/table>\n        <div class=\"rpc-chart\">\n            <h3>Kako se mijenjaju cijene najma automobila u Tangeru: pregled temeljen na stvarnim rezervacijama<\/h3>\n            <div><p>U posljednje tri godine, roscar.ma prati cijene najma automobila u Tangeru. Svi podaci ovdje predstavljeni temelje se na stvarnim rezervacijama, \u0161to nam omogu\u0107uje da stvorimo pouzdanu sliku sezonskih fluktuacija u cijenama najma.<\/p>\n<p>Analiza uklju\u010duje razli\u010dite kategorije automobila - od kompaktnih modela do SUV-ova, kabrioleta i premium automobila. To nam omogu\u0107uje da vidimo kako turisti\u010dka aktivnost i doba godine utje\u010du na cijene.<\/p>\n<p>Stru\u010dnjaci RosCar Maroko imaju veliko iskustvo u pru\u017eanju usluga korisnicima u Maroku i nude provjerene informacije koje \u0107e biti korisne svima koji planiraju putovanje u Tanger i \u017eele u\u010dinkovito planirati svoje tro\u0161kove prijevoza.<\/p>\n<\/div>\n            <div class=\"rpc-chart-bars\">\n                                    <div class=\"rpc-chart-column\">\n                        <div class=\"rpc-chart-inner\" style=\"height: 24.528301886792%\">\n                            <div class=\"rpc-chart-column-value\">13 \u20ac<\/div>\n                            <div class=\"rpc-chart-month\">JAN<\/div>\n                        <\/div>\n                    <\/div>\n                                    <div class=\"rpc-chart-column\">\n                        <div class=\"rpc-chart-inner\" style=\"height: 26.415094339623%\">\n                            <div class=\"rpc-chart-column-value\">14 \u20ac<\/div>\n                            <div class=\"rpc-chart-month\">FEB<\/div>\n                        <\/div>\n                    <\/div>\n                                    <div class=\"rpc-chart-column\">\n                        <div class=\"rpc-chart-inner\" style=\"height: 28.301886792453%\">\n                            <div class=\"rpc-chart-column-value\">15 \u20ac<\/div>\n                            <div class=\"rpc-chart-month\">MAR<\/div>\n                        <\/div>\n                    <\/div>\n                                    <div class=\"rpc-chart-column\">\n                        <div class=\"rpc-chart-inner\" style=\"height: 45.283018867925%\">\n                            <div class=\"rpc-chart-column-value\">24 \u20ac<\/div>\n                            <div class=\"rpc-chart-month\">APR<\/div>\n                        <\/div>\n                    <\/div>\n                                    <div class=\"rpc-chart-column\">\n                        <div class=\"rpc-chart-inner\" style=\"height: 32.075471698113%\">\n                            <div class=\"rpc-chart-column-value\">17 \u20ac<\/div>\n                            <div class=\"rpc-chart-month\">MAY<\/div>\n                        <\/div>\n                    <\/div>\n                                    <div class=\"rpc-chart-column\">\n                        <div class=\"rpc-chart-inner\" style=\"height: 30.188679245283%\">\n                            <div class=\"rpc-chart-column-value\">16 \u20ac<\/div>\n                            <div class=\"rpc-chart-month\">JUN<\/div>\n                        <\/div>\n                    <\/div>\n                                    <div class=\"rpc-chart-column\">\n                        <div class=\"rpc-chart-inner\" style=\"height: 52.830188679245%\">\n                            <div class=\"rpc-chart-column-value\">28 \u20ac<\/div>\n                            <div class=\"rpc-chart-month\">JUL<\/div>\n                        <\/div>\n                    <\/div>\n                                    <div class=\"rpc-chart-column\">\n                        <div class=\"rpc-chart-inner\" style=\"height: 62.264150943396%\">\n                            <div class=\"rpc-chart-column-value\">33 \u20ac<\/div>\n                            <div class=\"rpc-chart-month\">AUG<\/div>\n                        <\/div>\n                    <\/div>\n                                    <div class=\"rpc-chart-column\">\n                        <div class=\"rpc-chart-inner\" style=\"height: 39.622641509434%\">\n                            <div class=\"rpc-chart-column-value\">21 \u20ac<\/div>\n                            <div class=\"rpc-chart-month\">SEP<\/div>\n                        <\/div>\n                    <\/div>\n                                    <div class=\"rpc-chart-column\">\n                        <div class=\"rpc-chart-inner\" style=\"height: 35.849056603774%\">\n                            <div class=\"rpc-chart-column-value\">19 \u20ac<\/div>\n                            <div class=\"rpc-chart-month\">OCT<\/div>\n                        <\/div>\n                    <\/div>\n                                    <div class=\"rpc-chart-column\">\n                        <div class=\"rpc-chart-inner\" style=\"height: 32.075471698113%\">\n                            <div class=\"rpc-chart-column-value\">17 \u20ac<\/div>\n                            <div class=\"rpc-chart-month\">NOV<\/div>\n                        <\/div>\n                    <\/div>\n                                    <div class=\"rpc-chart-column\">\n                        <div class=\"rpc-chart-inner\" style=\"height: 41.509433962264%\">\n                            <div class=\"rpc-chart-column-value\">22 \u20ac<\/div>\n                            <div class=\"rpc-chart-month\">DEC<\/div>\n                        <\/div>\n                    <\/div>\n                            <\/div>\n        <\/div>\n        \n<h2>Najam automobila u Tangeru: Dokumenti<\/h2>\n<p>Maroko je otvorena zemlja koja je dostupna turistima iz cijelog svijeta. Stoga su za najam potrebni samo standardni dokumenti:<\/p>\n<ol>\n<li>Voza\u010dka dozvola (potrebno je 2 godine iskustva)<\/li>\n<li>Putovnica ili osobna iskaznica<\/li>\n<li>Vau\u010der ili potvrda rezervacije<\/li>\n<li>Kreditna kartica (opcionalno).<\/li>\n<\/ol>\n","protected":false},"excerpt":{"rendered":"<p>Najam automobila Tanger od RosCar Sjeverni Maroko je mjesto gdje se susre\u0107u dva kontinenta (Europa i Afrika), gdje je klima topla 365 dana u godini i uvijek svijetle uspomene. Ovdje mo\u017eete unajmiti automobil u Tangeru i podi\u0107i svoje putovanje na potpuno novu razinu: Manje tro\u0161kova na javni prijevoz ili taksije Sloboda kretanja kad god \u017eelite [&hellip;]<\/p>\n","protected":false},"author":1,"featured_media":278,"parent":0,"menu_order":0,"comment_status":"closed","ping_status":"closed","template":"","meta":{"footnotes":""},"class_list":["post-2554","page","type-page","status-publish","has-post-thumbnail",""],"_links":{"self":[{"href":"https:\/\/roscar.ma\/hr\/wp-json\/wp\/v2\/pages\/2554","targetHints":{"allow":["GET"]}}],"collection":[{"href":"https:\/\/roscar.ma\/hr\/wp-json\/wp\/v2\/pages"}],"about":[{"href":"https:\/\/roscar.ma\/hr\/wp-json\/wp\/v2\/types\/page"}],"author":[{"embeddable":true,"href":"https:\/\/roscar.ma\/hr\/wp-json\/wp\/v2\/users\/1"}],"replies":[{"embeddable":true,"href":"https:\/\/roscar.ma\/hr\/wp-json\/wp\/v2\/comments?post=2554"}],"version-history":[{"count":1,"href":"https:\/\/roscar.ma\/hr\/wp-json\/wp\/v2\/pages\/2554\/revisions"}],"predecessor-version":[{"id":2555,"href":"https:\/\/roscar.ma\/hr\/wp-json\/wp\/v2\/pages\/2554\/revisions\/2555"}],"wp:featuredmedia":[{"embeddable":true,"href":"https:\/\/roscar.ma\/hr\/wp-json\/wp\/v2\/media\/278"}],"wp:attachment":[{"href":"https:\/\/roscar.ma\/hr\/wp-json\/wp\/v2\/media?parent=2554"}],"curies":[{"name":"wp","href":"https:\/\/api.w.org\/{rel}","templated":true}]}}