{"id":2356,"date":"2025-07-17T11:14:56","date_gmt":"2025-07-17T11:14:56","guid":{"rendered":"https:\/\/roscar.ma\/?page_id=2356"},"modified":"2025-07-26T16:57:32","modified_gmt":"2025-07-26T16:57:32","slug":"najam-automobila-fes-fez","status":"publish","type":"page","link":"https:\/\/roscar.ma\/hr\/najam-automobila-fes-fez\/","title":{"rendered":"Najam automobila Fes (Fez)"},"content":{"rendered":"<h2>Najam automobila Fes (Fez) od RosCar<\/h2>\n<p>Gotovo svaka zemlja ima neformalni glavni grad koji je sredi\u0161te kulturnog \u017eivota cijele dr\u017eave. \u017delite li prona\u0107i ovaj prekrasni grad u Maroku? Onda trebate unajmiti automobil u Fesu kako biste:<\/p>\n<ul>\n<li>Iskusili najbolju vo\u017enju po niskoj cijeni<\/li>\n<li>Odabrali savr\u0161eno vozilo s idealnim dodatcima<\/li>\n<li>Podigli putovanje na novu razinu udobnosti<\/li>\n<li>Imali slobodu kretanja bez ograni\u010denja.<\/li>\n<\/ul>\n<p>Unajmite automobil u Fesu putem RosCar i otkrijte sve tajne ovog zadivljuju\u0107eg arapskog svijeta. Ali prvo pripremite svoju karticu za potvrdu rezervacije, jer ne postoji drugi na\u010din da preuzmete vozilo. Rezervirajte sada.<\/p>\n<h2>Najam automobila Fes: Vodi\u010d<\/h2>\n<p>Ponekad \u010dak i iskusnim putnicima trebaju dobri savjeti. Ovo su vrste savjeta koji \u0107e vam omogu\u0107iti da platite manje i dobijete najbolju vrijednost u najkra\u0107em roku.<\/p>\n<h3>Savjet jedan: Koristite filtre po tipu<\/h3>\n<p>Ne gubite vrijeme tra\u017ee\u0107i vozila koja vas ne zanimaju. Samo odaberite jedan:<\/p>\n<ul>\n<li>Ekonomi\u010dni<\/li>\n<li>Standardni<\/li>\n<li>Mini<\/li>\n<li>Kabriolet<\/li>\n<li>SUV ili crossover<\/li>\n<li>Minivan ili kombi<\/li>\n<li>Ostalo.<\/li>\n<\/ul>\n<h3>Savjet dva: Prona\u0111ite dodatke<\/h3>\n<p>Ne jedan, ve\u0107 desetak dodataka koje mo\u017eete dobiti pri jeftinom najmu automobila u Fesu:<\/p>\n<ul>\n<li>Bez kreditne kartice: Bilo koja druga kartica ili gotovina \u0107e poslu\u017eiti.<\/li>\n<li>SIM kartica: Trebat \u0107ete je za kretanje me\u0111u atrakcijama Fesa.<\/li>\n<li>Dodatni voza\u010d: Svaki koji ispunjava dobnu granicu za najam.<\/li>\n<li>Dje\u010dje sjedalo: Sigurno putovanje s djecom.<\/li>\n<li>Besplatno otkazivanje: Tro\u0161ak rezervacije se vra\u0107a ako otka\u017eete 48 sati unaprijed.<\/li>\n<li>Neograni\u010dena kilometra\u017ea: Beskona\u010dna koli\u010dina zadivljuju\u0107e arapske ljepote.<\/li>\n<li>Bez pologa: Manje stresa kada nema blokiranja na kartici.<\/li>\n<li>Zajam\u010deni model: Preuzimate upravo onaj automobil koji ste tra\u017eili.<\/li>\n<li>Prijenos: Preferirate li ru\u010dni ili automatski?<\/li>\n<li>Dodatno osiguranje: Super CDW ili puna pokrivenost su najbolje nadogradnje.<\/li>\n<\/ul>\n<blockquote class=\"info\">\n<h2>Detalji o najmu automobila u Fesu<\/h2>\n<p>RosCar ima jednostavnu proceduru rezervacije koju mo\u017ee obaviti svaka odrasla osoba (21+):<\/p>\n<ol>\n<li>Odaberite datume i lokacije.<\/li>\n<li>Pristupite filtrima, kliknite na \u017eeljene.<\/li>\n<li>Pregledajte listu i rezervirajte kada prona\u0111ete najbolju opciju.<\/li>\n<li>Odaberite osiguranje (Standard ili nadogradnja), kao i dodatne opcije.<\/li>\n<li>Ispunite podatke o glavnom voza\u010du.<\/li>\n<li>Potvrdite.<\/li>\n<\/ol>\n<p>Najam automobila u Fesu zahtijeva bilo koju bankovnu karticu za automatsku potvrdu. Iznos mo\u017ee varirati od petine do ukupne cijene najma.<\/p><\/blockquote>\n<h2>Cijene najma automobila u Fesu<\/h2>\n<p>Afri\u010dka Atena nije ba\u0161 jeftina destinacija, ali vozilo se mo\u017ee prona\u0107i za svaki bud\u017eet:<\/p>\n<ul>\n<li>$20-30 za Mini ili Ekonomi\u010dni<\/li>\n<li>$30-40 za Standardni<\/li>\n<li>$40-55 za Minivan, SUV ili crossover<\/li>\n<li>$70+ za Luksuzni ili kabriolet.<\/li>\n<\/ul>\n<p>Napomena: Cijene se mogu promijeniti. Prosje\u010dna dnevna cijena varira ovisno o:<\/p>\n<ul>\n<li>Trajanju najma<\/li>\n<li>Mjestu preuzimanja (grad Fes ili aerodrom)<\/li>\n<li>Broju dodatnih opcija<\/li>\n<li>Optere\u0107enju operatera.<\/li>\n<\/ul>\n<p>Evo kako usporediti cijene najma automobila u Fesu:<\/p>\n<h3>Tablica s cijenama najma automobila u Fesu, Maroko<\/h3>\n<table border=\"1\">\n<thead>\n<tr>\n<th>Model automobila<\/th>\n<th>Tip karoserije<\/th>\n<th>Cijena po danu (niska sezona)<\/th>\n<th>Cijena po danu (visoka sezona)<\/th>\n<th>Putnici<\/th>\n<th>Kapacitet prtljage<\/th>\n<\/tr>\n<\/thead>\n<tbody>\n<tr>\n<td>Fiat Panda<\/td>\n<td>He\u010dbek<\/td>\n<td>19 \u20ac<\/td>\n<td>26 \u20ac<\/td>\n<td>4<\/td>\n<td>1<\/td>\n<\/tr>\n<tr>\n<td>Hyundai i10<\/td>\n<td>He\u010dbek<\/td>\n<td>21 \u20ac<\/td>\n<td>28 \u20ac<\/td>\n<td>4<\/td>\n<td>1<\/td>\n<\/tr>\n<tr>\n<td>Kia Picanto<\/td>\n<td>He\u010dbek<\/td>\n<td>22 \u20ac<\/td>\n<td>30 \u20ac<\/td>\n<td>4<\/td>\n<td>1<\/td>\n<\/tr>\n<tr>\n<td>Peugeot 208<\/td>\n<td>He\u010dbek<\/td>\n<td>24 \u20ac<\/td>\n<td>33 \u20ac<\/td>\n<td>5<\/td>\n<td>2<\/td>\n<\/tr>\n<tr>\n<td>Dacia Logan<\/td>\n<td>Limuzina<\/td>\n<td>25 \u20ac<\/td>\n<td>34 \u20ac<\/td>\n<td>5<\/td>\n<td>2<\/td>\n<\/tr>\n<tr>\n<td>Renault Clio<\/td>\n<td>He\u010dbek<\/td>\n<td>27 \u20ac<\/td>\n<td>36 \u20ac<\/td>\n<td>5<\/td>\n<td>2<\/td>\n<\/tr>\n<tr>\n<td>Citro\u00ebn C-Elys\u00e9e<\/td>\n<td>Limuzina<\/td>\n<td>28 \u20ac<\/td>\n<td>38 \u20ac<\/td>\n<td>5<\/td>\n<td>3<\/td>\n<\/tr>\n<tr>\n<td>Renault Captur<\/td>\n<td>Crossover<\/td>\n<td>32 \u20ac<\/td>\n<td>43 \u20ac<\/td>\n<td>5<\/td>\n<td>3<\/td>\n<\/tr>\n<tr>\n<td>Dacia Duster<\/td>\n<td>SUV<\/td>\n<td>36 \u20ac<\/td>\n<td>47 \u20ac<\/td>\n<td>5<\/td>\n<td>3<\/td>\n<\/tr>\n<tr>\n<td>Peugeot 3008<\/td>\n<td>SUV<\/td>\n<td>52 \u20ac<\/td>\n<td>66 \u20ac<\/td>\n<td>5<\/td>\n<td>4<\/td>\n<\/tr>\n<\/tbody>\n<\/table>\n        <div class=\"rpc-chart\">\n            <h3>Kako se cijene najma automobila u Fesu mijenjaju ovisno o sezoni: analiza prema stvarnim rezervacijama<\/h3>\n            <div><p>Tijekom posljednje tri godine bilje\u017eili smo promjene u prosje\u010dnim cijenama najma automobila iz Fesa, Maroko, temeljem stvarnih podataka rezervacija na platformi roscar.ma. Suradnja isklju\u010divo s provjerenim lokalnim tvrtkama za najam garantira uvid i pouzdanost najamske industrije.<\/p>\n<p>Analitika pokriva cijeli spektar vozila: od jeftinih he\u010dbeka za lokalnu vo\u017enju, preko korisnih vozila, kabrioleta do vozila premium klase. Takav pristup omogu\u0107ava prepoznavanje sezonskih oscilacija cijena i pravovremenu reakciju na njihovu promjenu.<\/p>\n<p>Pogledajte na\u0161u analizu kako biste saznali kada je najbolje vrijeme za najam automobila. RosCar je va\u0161 pouzdani asistent za ru\u010dno planiranje i u\u010dinkovit prijevoz u Maroku.<\/p>\n<\/div>\n            <div class=\"rpc-chart-bars\">\n                                    <div class=\"rpc-chart-column\">\n                        <div class=\"rpc-chart-inner\" style=\"height: 25%\">\n                            <div class=\"rpc-chart-column-value\">12 \u20ac<\/div>\n                            <div class=\"rpc-chart-month\">JAN<\/div>\n                        <\/div>\n                    <\/div>\n                                    <div class=\"rpc-chart-column\">\n                        <div class=\"rpc-chart-inner\" style=\"height: 27.083333333333%\">\n                            <div class=\"rpc-chart-column-value\">13 \u20ac<\/div>\n                            <div class=\"rpc-chart-month\">FEB<\/div>\n                        <\/div>\n                    <\/div>\n                                    <div class=\"rpc-chart-column\">\n                        <div class=\"rpc-chart-inner\" style=\"height: 29.166666666667%\">\n                            <div class=\"rpc-chart-column-value\">14 \u20ac<\/div>\n                            <div class=\"rpc-chart-month\">MAR<\/div>\n                        <\/div>\n                    <\/div>\n                                    <div class=\"rpc-chart-column\">\n                        <div class=\"rpc-chart-inner\" style=\"height: 35.416666666667%\">\n                            <div class=\"rpc-chart-column-value\">17 \u20ac<\/div>\n                            <div class=\"rpc-chart-month\">APR<\/div>\n                        <\/div>\n                    <\/div>\n                                    <div class=\"rpc-chart-column\">\n                        <div class=\"rpc-chart-inner\" style=\"height: 37.5%\">\n                            <div class=\"rpc-chart-column-value\">18 \u20ac<\/div>\n                            <div class=\"rpc-chart-month\">MAY<\/div>\n                        <\/div>\n                    <\/div>\n                                    <div class=\"rpc-chart-column\">\n                        <div class=\"rpc-chart-inner\" style=\"height: 43.75%\">\n                            <div class=\"rpc-chart-column-value\">21 \u20ac<\/div>\n                            <div class=\"rpc-chart-month\">JUN<\/div>\n                        <\/div>\n                    <\/div>\n                                    <div class=\"rpc-chart-column\">\n                        <div class=\"rpc-chart-inner\" style=\"height: 52.083333333333%\">\n                            <div class=\"rpc-chart-column-value\">25 \u20ac<\/div>\n                            <div class=\"rpc-chart-month\">JUL<\/div>\n                        <\/div>\n                    <\/div>\n                                    <div class=\"rpc-chart-column\">\n                        <div class=\"rpc-chart-inner\" style=\"height: 58.333333333333%\">\n                            <div class=\"rpc-chart-column-value\">28 \u20ac<\/div>\n                            <div class=\"rpc-chart-month\">AUG<\/div>\n                        <\/div>\n                    <\/div>\n                                    <div class=\"rpc-chart-column\">\n                        <div class=\"rpc-chart-inner\" style=\"height: 39.583333333333%\">\n                            <div class=\"rpc-chart-column-value\">19 \u20ac<\/div>\n                            <div class=\"rpc-chart-month\">SEP<\/div>\n                        <\/div>\n                    <\/div>\n                                    <div class=\"rpc-chart-column\">\n                        <div class=\"rpc-chart-inner\" style=\"height: 35.416666666667%\">\n                            <div class=\"rpc-chart-column-value\">17 \u20ac<\/div>\n                            <div class=\"rpc-chart-month\">OCT<\/div>\n                        <\/div>\n                    <\/div>\n                                    <div class=\"rpc-chart-column\">\n                        <div class=\"rpc-chart-inner\" style=\"height: 27.083333333333%\">\n                            <div class=\"rpc-chart-column-value\">13 \u20ac<\/div>\n                            <div class=\"rpc-chart-month\">NOV<\/div>\n                        <\/div>\n                    <\/div>\n                                    <div class=\"rpc-chart-column\">\n                        <div class=\"rpc-chart-inner\" style=\"height: 39.583333333333%\">\n                            <div class=\"rpc-chart-column-value\">19 \u20ac<\/div>\n                            <div class=\"rpc-chart-month\">DEC<\/div>\n                        <\/div>\n                    <\/div>\n                            <\/div>\n        <\/div>\n        \n<h2>Najam automobila u Fesu: Dokumenti<\/h2>\n<p>Svaka tvrtka za najam mo\u017ee imati posebne zahtjeve za dob (21-25) ili dokumente. No, uvijek \u0107e vam trebati:<\/p>\n<ol>\n<li>Putovnica<\/li>\n<li>Kreditna kartica (polog ili sigurnosna provjera)<\/li>\n<li>Voza\u010dka dozvola.<\/li>\n<\/ol>\n<p>Potvrda rezervacije (voucher) nije obavezna, ali \u0107e vam sti\u0107i na e-mail nakon rezervacije na RosCar.<\/p>\n<p>Najam automobila Fez je va\u0161 prolaz u otkrivanje bogate kulture i skrivenih dragulja grada \u2014 rezervirajte automobil ve\u0107 danas za glatko i fleksibilno putovanje.<\/p>\n","protected":false},"excerpt":{"rendered":"<p>Najam automobila Fes (Fez) od RosCar Gotovo svaka zemlja ima neformalni glavni grad koji je sredi\u0161te kulturnog \u017eivota cijele dr\u017eave. \u017delite li prona\u0107i ovaj prekrasni grad u Maroku? Onda trebate unajmiti automobil u Fesu kako biste: Iskusili najbolju vo\u017enju po niskoj cijeni Odabrali savr\u0161eno vozilo s idealnim dodatcima Podigli putovanje na novu razinu udobnosti Imali [&hellip;]<\/p>\n","protected":false},"author":1,"featured_media":235,"parent":0,"menu_order":0,"comment_status":"closed","ping_status":"closed","template":"","meta":{"footnotes":""},"class_list":["post-2356","page","type-page","status-publish","has-post-thumbnail",""],"_links":{"self":[{"href":"https:\/\/roscar.ma\/hr\/wp-json\/wp\/v2\/pages\/2356","targetHints":{"allow":["GET"]}}],"collection":[{"href":"https:\/\/roscar.ma\/hr\/wp-json\/wp\/v2\/pages"}],"about":[{"href":"https:\/\/roscar.ma\/hr\/wp-json\/wp\/v2\/types\/page"}],"author":[{"embeddable":true,"href":"https:\/\/roscar.ma\/hr\/wp-json\/wp\/v2\/users\/1"}],"replies":[{"embeddable":true,"href":"https:\/\/roscar.ma\/hr\/wp-json\/wp\/v2\/comments?post=2356"}],"version-history":[{"count":1,"href":"https:\/\/roscar.ma\/hr\/wp-json\/wp\/v2\/pages\/2356\/revisions"}],"predecessor-version":[{"id":2359,"href":"https:\/\/roscar.ma\/hr\/wp-json\/wp\/v2\/pages\/2356\/revisions\/2359"}],"wp:featuredmedia":[{"embeddable":true,"href":"https:\/\/roscar.ma\/hr\/wp-json\/wp\/v2\/media\/235"}],"wp:attachment":[{"href":"https:\/\/roscar.ma\/hr\/wp-json\/wp\/v2\/media?parent=2356"}],"curies":[{"name":"wp","href":"https:\/\/api.w.org\/{rel}","templated":true}]}}