{"id":2218,"date":"2025-07-14T14:44:25","date_gmt":"2025-07-14T14:44:25","guid":{"rendered":"https:\/\/roscar.ma\/?page_id=2218"},"modified":"2025-07-26T16:18:12","modified_gmt":"2025-07-26T16:18:12","slug":"pravila-o-privatnosti","status":"publish","type":"page","link":"https:\/\/roscar.ma\/hr\/pravila-o-privatnosti\/","title":{"rendered":"Pravila o privatnosti"},"content":{"rendered":"<p>Ova Pravila o privatnosti ure\u0111uju prikupljanje, kori\u0161tenje i za\u0161titu osobnih podataka korisnika web stranice <a href=\"https:\/\/roscar.ma\/hr\/\">https:\/\/roscar.ma\/<\/a>, koja je u vlasni\u0161tvu tvrtke RosCar Morocco.<\/p>\n<h2>1. Prikupljanje osobnih podataka<\/h2>\n<p>Prikupljamo samo podatke koje korisnici dobrovoljno daju putem obrazaca za rezervaciju, kontakt obrazaca ili drugih interaktivnih elemenata na web stranici. To mo\u017ee uklju\u010divati ime, prezime, telefonski broj, adresu e-po\u0161te, podatke o rezervaciji i druge podatke potrebne za pru\u017eanje usluga najma automobila.<\/p>\n<h2>2. Kori\u0161tenje podataka<\/h2>\n<p>Prikupljeni podaci koriste se isklju\u010divo za:<\/p>\n<ul>\n<li>obradu narud\u017ebi i rezervacija;<\/li>\n<li>komunikaciju s kupcem u vezi s detaljima narud\u017ebe ili pru\u017eanjem dodatnih informacija;<\/li>\n<li>pobolj\u0161anje kvalitete usluge i pobolj\u0161anje funkcionalnosti web stranice;<\/li>\n<li>slanje (uz pristanak korisnika) promotivnih ili informativnih poruka.<\/li>\n<\/ul>\n<h2>3. Pohrana i za\u0161tita podataka<\/h2>\n<p>RosCar Morocco se obvezuje \u010duvati primljene podatke na sigurnom i ne\u0107e ih prenositi tre\u0107im stranama, osim u slu\u010dajevima predvi\u0111enim zakonom ili potrebnim za ispunjenje narud\u017ebe (na primjer, prijenos podataka partnerima za obradu najma).<\/p>\n<h2>4. Kola\u010di\u0107i<\/h2>\n<p>Na\u0161a web stranica mo\u017ee koristiti kola\u010di\u0107e za pobolj\u0161anje performansi i korisni\u010dkog iskustva. Postavkama kola\u010di\u0107a mo\u017eete upravljati u svom pregledniku.<\/p>\n<h2>5. Poveznice na druge web stranice<\/h2>\n<p>Web stranica mo\u017ee sadr\u017eavati poveznice na resurse tre\u0107ih strana. Nismo odgovorni za pravila o privatnosti i sadr\u017eaj web stranica tre\u0107ih strana.<\/p>\n<h2>6. Izmjene pravila<\/h2>\n<p>Pridr\u017eavamo pravo izmjene ovih pravila o privatnosti u bilo kojem trenutku. Trenutna verzija uvijek \u0107e biti objavljena na ovoj stranici.<\/p>\n<h2>7. Kontakt informacije<\/h2>\n<p>Za sva pitanja vezana uz privatnost i obradu osobnih podataka, kontaktirajte nas na: book@roscar.ma<\/p>\n","protected":false},"excerpt":{"rendered":"<p>Ova Pravila o privatnosti ure\u0111uju prikupljanje, kori\u0161tenje i za\u0161titu osobnih podataka korisnika web stranice https:\/\/roscar.ma\/, koja je u vlasni\u0161tvu tvrtke RosCar Morocco. 1. Prikupljanje osobnih podataka Prikupljamo samo podatke koje korisnici dobrovoljno daju putem obrazaca za rezervaciju, kontakt obrazaca ili drugih interaktivnih elemenata na web stranici. To mo\u017ee uklju\u010divati ime, prezime, telefonski broj, adresu e-po\u0161te, [&hellip;]<\/p>\n","protected":false},"author":2,"featured_media":0,"parent":0,"menu_order":0,"comment_status":"closed","ping_status":"open","template":"","meta":{"footnotes":""},"class_list":["post-2218","page","type-page","status-publish",""],"_links":{"self":[{"href":"https:\/\/roscar.ma\/hr\/wp-json\/wp\/v2\/pages\/2218","targetHints":{"allow":["GET"]}}],"collection":[{"href":"https:\/\/roscar.ma\/hr\/wp-json\/wp\/v2\/pages"}],"about":[{"href":"https:\/\/roscar.ma\/hr\/wp-json\/wp\/v2\/types\/page"}],"author":[{"embeddable":true,"href":"https:\/\/roscar.ma\/hr\/wp-json\/wp\/v2\/users\/2"}],"replies":[{"embeddable":true,"href":"https:\/\/roscar.ma\/hr\/wp-json\/wp\/v2\/comments?post=2218"}],"version-history":[{"count":2,"href":"https:\/\/roscar.ma\/hr\/wp-json\/wp\/v2\/pages\/2218\/revisions"}],"predecessor-version":[{"id":2223,"href":"https:\/\/roscar.ma\/hr\/wp-json\/wp\/v2\/pages\/2218\/revisions\/2223"}],"wp:attachment":[{"href":"https:\/\/roscar.ma\/hr\/wp-json\/wp\/v2\/media?parent=2218"}],"curies":[{"name":"wp","href":"https:\/\/api.w.org\/{rel}","templated":true}]}}