{"id":2189,"date":"2025-07-17T11:30:24","date_gmt":"2025-07-17T11:30:24","guid":{"rendered":"https:\/\/roscar.ma\/?page_id=2189"},"modified":"2025-07-26T16:04:58","modified_gmt":"2025-07-26T16:04:58","slug":"najam-automobila-agadir","status":"publish","type":"page","link":"https:\/\/roscar.ma\/hr\/najam-automobila-agadir\/","title":{"rendered":"Najam automobila Agadir"},"content":{"rendered":"<h2>Najam automobila Agadir od RosCar<\/h2>\n<p>Maroko je zemlja s jedinstvenim duhom, \u017eivopisnim pejza\u017eima i desecima prelijepih obalnih gradova. Savr\u0161eno mjesto za one koji tra\u017ee vi\u0161e od obi\u010dnog odmora na pla\u017ei.<\/p>\n<p>A postoji samo jedan na\u010din ako \u017eelite izvu\u0107i maksimum iz svog putovanja i napuniti se \u017eivopisnim dojmovima: najam automobila Agadir. Spremni ste? Onda rezervirajte odmah s RosCar i mo\u0107i \u0107ete:<\/p>\n<ul>\n<li>Odabrati najbolje ponude s povoljnim uvjetima<\/li>\n<li>Dodati dodatne opcije koje olak\u0161avaju \u017eivot<\/li>\n<li>Kretati se vlastitim putem bez tu\u0111eg rasporeda<\/li>\n<li>Iskoristiti niske cijene za dugoro\u010dni najam automobila.<\/li>\n<\/ul>\n<h2>Najam automobila Agadir: Vodi\u010d<\/h2>\n<p>Prije nego pritisnete \u201cRezerviraj\u201d, predla\u017eemo da pro\u010ditate kratki uvod. Ovo je put mnogih aktivnih putnika iz cijelog svijeta, koji vam omogu\u0107ava da donesete odluku bez \u017ealjenja.<\/p>\n<h3>1. Odaberite tip vozila koji odgovara va\u0161em bud\u017eetu i ciljevima<\/h3>\n<p>Jeftini najam automobila u Agadiru dostupan je samo onima koji pravilno odaberu tip:<\/p>\n<ul>\n<li>Standardni automobil (najtra\u017eeniji u Maroku)<\/li>\n<li>Crossover ili SUV<\/li>\n<li>Mini ili Ekonomi\u010dni automobil<\/li>\n<li>Monovolumen ili kombi<\/li>\n<li>Kabriolet, luksuzni ili drugi.<\/li>\n<\/ul>\n<h3>2. A dodatne usluge?<\/h3>\n<p>Dio rezervacije koji turisti \u010desto presko\u010de, a kasnije im bude \u017eao. Mo\u017eda upravo ovdje postoji ne\u0161to \u0161to \u0107e u\u010diniti va\u0161 najam automobila u Agadiru boljim:<\/p>\n<ul>\n<li>Dodatno osiguranje: Manji financijski rizik ako nadogradite na Full Coverage ili SuperCDW.<\/li>\n<li>Besplatno otkazivanje: Ako niste 100% sigurni u planove.<\/li>\n<li>Neograni\u010dena kilometra\u017ea: Bez dodatnih tro\u0161kova za beskrajna putovanja.<\/li>\n<li>Bez depozita: Ne morate smanjiti bud\u017eet, poku\u0161ajte bez blokade na kartici.<\/li>\n<li>Jam\u010deni model: Rezervira se to\u010dno isti automobil, bez iznimki.<\/li>\n<li>Mjenja\u010d: Automatski mjenja\u010d je preporu\u010den.<\/li>\n<li>Bez kreditne kartice: Mnoge dobre opcije dostupne bez kartice.<\/li>\n<li>SIM kartica: Putovanje u 2025. nije mogu\u0107e bez stabilne i jeftine internetske veze.<\/li>\n<li>Dodatni voza\u010d: Odaberite ako \u017eelite da prijatelj vozi.<\/li>\n<li>Dje\u010dja sjedalica: Djeca do 10 godina moraju biti u sjedalici.<\/li>\n<\/ul>\n<blockquote class=\"check\">\n<h2>Najam automobila Agadir: Rezervacija<\/h2>\n<p>Imate voza\u010dku dozvolu i stariji ste od 21? Onda odmah rezervirajte najam automobila Agadir:<\/p>\n<ol>\n<li>Navedite lokacije i datume.<\/li>\n<li>Prilagodite pretragu pomo\u0107u filtera.<\/li>\n<li>Na\u0161li ste \u017eeljeno vozilo? Rezerviraj.<\/li>\n<li>Dodajte dodatne usluge ili osiguranje ako \u017eelite nadogradnju.<\/li>\n<li>Unesite voza\u010dke podatke.<\/li>\n<li>Potvrdite.<\/li>\n<\/ol>\n<p>Potvrda rezervacije na RosCaru se obavlja putem bankovne kartice, gdje se napla\u0107uje oko petina iznosa najma. Potvrda rezervacije (voucher) se \u0161alje \u010dim uplata bude evidentirana.<\/p><\/blockquote>\n<h2>Cijene najma automobila Agadir<\/h2>\n<p>Cijena jednodnevnog najma vozila:<\/p>\n<ul>\n<li>$15-20 za Ekonomi\u010dni\/Mini<\/li>\n<li>$25-35 za Standardni\/Kompaktni<\/li>\n<li>$40-60 za Crossover\/SUV\/Monovolumen<\/li>\n<li>$80+ za Luksuzni\/Kabriolet.<\/li>\n<\/ul>\n<p>To su okvirne godi\u0161nje prosje\u010dne cijene. Najam automobila u Agadiru bit \u0107e jeftiniji ako:<\/p>\n<ul>\n<li>Izbjegnete sezonske vrhunce i praznike<\/li>\n<li>Tra\u017eite dugoro\u010dni najam<\/li>\n<li>Preuzmete vozilo u gradu (aerodrom je skuplji)<\/li>\n<li>Rezervirate na vrijeme (10-20 dana unaprijed).<\/li>\n<\/ul>\n<p>Tako\u0111er preporu\u010dujemo usporedbu cijena:<\/p>\n<h3>Tablica s cijenama najma automobila u Agadiru, Maroko<\/h3>\n<table border=\"1\" cellspacing=\"0\" cellpadding=\"0\">\n<thead>\n<tr>\n<th>Model automobila<\/th>\n<th>Tip karoserije<\/th>\n<th>Cijena po danu (nisko)<\/th>\n<th>Cijena po danu (visoko)<\/th>\n<th>Putnici<\/th>\n<th>Kapacitet prtljage<\/th>\n<\/tr>\n<\/thead>\n<tbody>\n<tr>\n<td>Fiat Panda<\/td>\n<td>Hatchback<\/td>\n<td>19 \u20ac<\/td>\n<td>25 \u20ac<\/td>\n<td>4<\/td>\n<td>1<\/td>\n<\/tr>\n<tr>\n<td>Kia Picanto<\/td>\n<td>Hatchback<\/td>\n<td>21 \u20ac<\/td>\n<td>28 \u20ac<\/td>\n<td>4<\/td>\n<td>1<\/td>\n<\/tr>\n<tr>\n<td>Dacia Logan<\/td>\n<td>Sedan<\/td>\n<td>23 \u20ac<\/td>\n<td>31 \u20ac<\/td>\n<td>5<\/td>\n<td>2<\/td>\n<\/tr>\n<tr>\n<td>Hyundai i20<\/td>\n<td>Hatchback<\/td>\n<td>25 \u20ac<\/td>\n<td>34 \u20ac<\/td>\n<td>5<\/td>\n<td>2<\/td>\n<\/tr>\n<tr>\n<td>Peugeot 208<\/td>\n<td>Hatchback<\/td>\n<td>26 \u20ac<\/td>\n<td>35 \u20ac<\/td>\n<td>5<\/td>\n<td>2<\/td>\n<\/tr>\n<tr>\n<td>Renault Clio<\/td>\n<td>Hatchback<\/td>\n<td>27 \u20ac<\/td>\n<td>37 \u20ac<\/td>\n<td>5<\/td>\n<td>2<\/td>\n<\/tr>\n<tr>\n<td>Citro\u00ebn C-Elys\u00e9e<\/td>\n<td>Sedan<\/td>\n<td>28 \u20ac<\/td>\n<td>38 \u20ac<\/td>\n<td>5<\/td>\n<td>3<\/td>\n<\/tr>\n<tr>\n<td>Renault Captur<\/td>\n<td>Crossover<\/td>\n<td>33 \u20ac<\/td>\n<td>44 \u20ac<\/td>\n<td>5<\/td>\n<td>3<\/td>\n<\/tr>\n<tr>\n<td>Dacia Duster<\/td>\n<td>SUV<\/td>\n<td>37 \u20ac<\/td>\n<td>48 \u20ac<\/td>\n<td>5<\/td>\n<td>3<\/td>\n<\/tr>\n<tr>\n<td>Peugeot 3008<\/td>\n<td>SUV<\/td>\n<td>54 \u20ac<\/td>\n<td>68 \u20ac<\/td>\n<td>5<\/td>\n<td>4<\/td>\n<\/tr>\n<\/tbody>\n<\/table>\n        <div class=\"rpc-chart\">\n            <h3>Sezonske promjene cijena najma automobila u Agadiru: stvarna analiza temeljena na rezervacijama<\/h3>\n            <div><p>Tijekom posljednje tri godine tim roscar.ma prikupljao je i analizirao podatke o prosje\u010dnoj cijeni najma automobila u Agadiru. Svi rezultati temelje se na stvarnim rezervacijama putem platforme koja sura\u0111uje isklju\u010divo s pouzdanim lokalnim partnerima.<\/p>\n<p>Studija uzima u obzir sve kategorije vozila \u2013 od kompaktnih gradskih modela do prostranih SUV-ova, kabrioleta i poslovne klase. Ovakav pristup omogu\u0107uje precizno prepoznavanje sezonskih trendova cijena i pru\u017eanje korisnih informacija za planiranje putovanja.<\/p>\n<p>Stru\u010dnjaci RosCar Moroccoa imaju dubinsko razumijevanje tr\u017ei\u0161ta najma vozila u Maroku i svakodnevno rade na a\u017euriranju statistika. Time se korisnicima osigurava ne samo prosjek, ve\u0107 pouzdane i prakti\u010dne informacije koje odgovaraju stvarnim uvjetima.<\/p>\n<\/div>\n            <div class=\"rpc-chart-bars\">\n                                    <div class=\"rpc-chart-column\">\n                        <div class=\"rpc-chart-inner\" style=\"height: 27.659574468085%\">\n                            <div class=\"rpc-chart-column-value\">13 \u20ac<\/div>\n                            <div class=\"rpc-chart-month\">JAN<\/div>\n                        <\/div>\n                    <\/div>\n                                    <div class=\"rpc-chart-column\">\n                        <div class=\"rpc-chart-inner\" style=\"height: 29.787234042553%\">\n                            <div class=\"rpc-chart-column-value\">14 \u20ac<\/div>\n                            <div class=\"rpc-chart-month\">FEB<\/div>\n                        <\/div>\n                    <\/div>\n                                    <div class=\"rpc-chart-column\">\n                        <div class=\"rpc-chart-inner\" style=\"height: 27.659574468085%\">\n                            <div class=\"rpc-chart-column-value\">13 \u20ac<\/div>\n                            <div class=\"rpc-chart-month\">MAR<\/div>\n                        <\/div>\n                    <\/div>\n                                    <div class=\"rpc-chart-column\">\n                        <div class=\"rpc-chart-inner\" style=\"height: 38.297872340426%\">\n                            <div class=\"rpc-chart-column-value\">18 \u20ac<\/div>\n                            <div class=\"rpc-chart-month\">APR<\/div>\n                        <\/div>\n                    <\/div>\n                                    <div class=\"rpc-chart-column\">\n                        <div class=\"rpc-chart-inner\" style=\"height: 29.787234042553%\">\n                            <div class=\"rpc-chart-column-value\">14 \u20ac<\/div>\n                            <div class=\"rpc-chart-month\">MAY<\/div>\n                        <\/div>\n                    <\/div>\n                                    <div class=\"rpc-chart-column\">\n                        <div class=\"rpc-chart-inner\" style=\"height: 27.659574468085%\">\n                            <div class=\"rpc-chart-column-value\">13 \u20ac<\/div>\n                            <div class=\"rpc-chart-month\">JUN<\/div>\n                        <\/div>\n                    <\/div>\n                                    <div class=\"rpc-chart-column\">\n                        <div class=\"rpc-chart-inner\" style=\"height: 46.808510638298%\">\n                            <div class=\"rpc-chart-column-value\">22 \u20ac<\/div>\n                            <div class=\"rpc-chart-month\">JUL<\/div>\n                        <\/div>\n                    <\/div>\n                                    <div class=\"rpc-chart-column\">\n                        <div class=\"rpc-chart-inner\" style=\"height: 57.446808510638%\">\n                            <div class=\"rpc-chart-column-value\">27 \u20ac<\/div>\n                            <div class=\"rpc-chart-month\">AUG<\/div>\n                        <\/div>\n                    <\/div>\n                                    <div class=\"rpc-chart-column\">\n                        <div class=\"rpc-chart-inner\" style=\"height: 31.914893617021%\">\n                            <div class=\"rpc-chart-column-value\">15 \u20ac<\/div>\n                            <div class=\"rpc-chart-month\">SEP<\/div>\n                        <\/div>\n                    <\/div>\n                                    <div class=\"rpc-chart-column\">\n                        <div class=\"rpc-chart-inner\" style=\"height: 38.297872340426%\">\n                            <div class=\"rpc-chart-column-value\">18 \u20ac<\/div>\n                            <div class=\"rpc-chart-month\">OCT<\/div>\n                        <\/div>\n                    <\/div>\n                                    <div class=\"rpc-chart-column\">\n                        <div class=\"rpc-chart-inner\" style=\"height: 31.914893617021%\">\n                            <div class=\"rpc-chart-column-value\">15 \u20ac<\/div>\n                            <div class=\"rpc-chart-month\">NOV<\/div>\n                        <\/div>\n                    <\/div>\n                                    <div class=\"rpc-chart-column\">\n                        <div class=\"rpc-chart-inner\" style=\"height: 40.425531914894%\">\n                            <div class=\"rpc-chart-column-value\">19 \u20ac<\/div>\n                            <div class=\"rpc-chart-month\">DEC<\/div>\n                        <\/div>\n                    <\/div>\n                            <\/div>\n        <\/div>\n        \n<h2>Dokumenti za najam automobila u Agadiru<\/h2>\n<p>Dob izme\u0111u 21 i 25 godina, odre\u0111eno voza\u010dko iskustvo i sljede\u0107i dokumenti potrebni za najam:<\/p>\n<ol>\n<li>Kreditna kartica (nije obavezna)<\/li>\n<li>Putovnica<\/li>\n<li>Voucher\/potvrda rezervacije<\/li>\n<li>Voza\u010dka dozvola (ili me\u0111unarodna dozvola).<\/li>\n<\/ol>\n<p>Najam automobila Agadir je neizostavna usluga za turiste koji \u017eele obi\u0107i ne samo Agadir ve\u0107 i cijeli Maroko.<\/p>\n","protected":false},"excerpt":{"rendered":"<p>Najam automobila Agadir od RosCar Maroko je zemlja s jedinstvenim duhom, \u017eivopisnim pejza\u017eima i desecima prelijepih obalnih gradova. Savr\u0161eno mjesto za one koji tra\u017ee vi\u0161e od obi\u010dnog odmora na pla\u017ei. A postoji samo jedan na\u010din ako \u017eelite izvu\u0107i maksimum iz svog putovanja i napuniti se \u017eivopisnim dojmovima: najam automobila Agadir. Spremni ste? Onda rezervirajte odmah [&hellip;]<\/p>\n","protected":false},"author":1,"featured_media":788,"parent":0,"menu_order":0,"comment_status":"closed","ping_status":"closed","template":"","meta":{"footnotes":""},"class_list":["post-2189","page","type-page","status-publish","has-post-thumbnail",""],"_links":{"self":[{"href":"https:\/\/roscar.ma\/hr\/wp-json\/wp\/v2\/pages\/2189","targetHints":{"allow":["GET"]}}],"collection":[{"href":"https:\/\/roscar.ma\/hr\/wp-json\/wp\/v2\/pages"}],"about":[{"href":"https:\/\/roscar.ma\/hr\/wp-json\/wp\/v2\/types\/page"}],"author":[{"embeddable":true,"href":"https:\/\/roscar.ma\/hr\/wp-json\/wp\/v2\/users\/1"}],"replies":[{"embeddable":true,"href":"https:\/\/roscar.ma\/hr\/wp-json\/wp\/v2\/comments?post=2189"}],"version-history":[{"count":1,"href":"https:\/\/roscar.ma\/hr\/wp-json\/wp\/v2\/pages\/2189\/revisions"}],"predecessor-version":[{"id":2190,"href":"https:\/\/roscar.ma\/hr\/wp-json\/wp\/v2\/pages\/2189\/revisions\/2190"}],"wp:featuredmedia":[{"embeddable":true,"href":"https:\/\/roscar.ma\/hr\/wp-json\/wp\/v2\/media\/788"}],"wp:attachment":[{"href":"https:\/\/roscar.ma\/hr\/wp-json\/wp\/v2\/media?parent=2189"}],"curies":[{"name":"wp","href":"https:\/\/api.w.org\/{rel}","templated":true}]}}