{"id":2130,"date":"2025-07-17T11:07:41","date_gmt":"2025-07-17T11:07:41","guid":{"rendered":"https:\/\/roscar.ma\/?page_id=2130"},"modified":"2025-07-26T08:36:41","modified_gmt":"2025-07-26T08:36:41","slug":"najam-automobila-rabat","status":"publish","type":"page","link":"https:\/\/roscar.ma\/hr\/najam-automobila-rabat\/","title":{"rendered":"Najam Automobila Rabat"},"content":{"rendered":"<h2>Najam Automobila Rabat od RosCar<\/h2>\n<p>Maroko je zemlja s nevjerojatnom kombinacijom pustinjske ljepote, morskih krajolika i veli\u010danstvene arhitekture koju ne mo\u017eete prona\u0107i nigdje drugdje. Stoga, kada planirate putovanje u Sjevernu Afriku, bolje je da odvojite vrijeme kako biste se u potpunosti uronili u muslimanski raj.<\/p>\n<p>No, tako\u0111er morate iznajmiti automobil u Rabatu kako bi va\u0161e putovanje bilo prakti\u010dnije uz:<\/p>\n<ul>\n<li>Veliki izbor vozila (bilo koja vrsta, cijena ili boja)<\/li>\n<li>Mnogo dodatnih opcija i zna\u010dajki<\/li>\n<li>Kratkoro\u010dno i dugoro\u010dno iznajmljivanje automobila<\/li>\n<li>24-satne rezervacije s korisni\u010dki prilago\u0111enim su\u010deljem.<\/li>\n<\/ul>\n<p>\u0160to je RosCar? To je stranica s izvrsnim zna\u010dajkama za usporedbu cijena, sortiranje prema \u017eeljenim kriterijima i brzu rezervaciju. Rezervirajte sada i potvrdite svoju rezervaciju karticom (potrebno je do 20% iznosa narud\u017ebe).<\/p>\n<h2>Vodi\u010d za iznajmljivanje automobila u Rabatu od RosCar<\/h2>\n<p>Iako ova zemlja nimalo ne podsje\u0107a na europske ili ameri\u010dke ulice na koje smo navikli, nadolaze\u0107e iskustvo putovanja bit \u0107e prili\u010dno sli\u010dno. Isto vrijedi i za iznajmljivanje automobila u Rabatu, osim dvije suptilnosti koje se brzo rje\u0161avaju.<\/p>\n<h3>1. Koji je va\u0161 tip?<\/h3>\n<p>Nemojte rezervirati prvo vozilo koje prona\u0111ete. Bolje je sortirati popis putem filtara pretrage prema dostupnim vrstama:<\/p>\n<ul>\n<li>Standardni ili kompaktni<\/li>\n<li>SUV ili crossover<\/li>\n<li>Kombi ili minivan<\/li>\n<li>Mini ili ekonomi\u010dni (pravi izbor za povoljno iznajmljivanje automobila u Rabatu)<\/li>\n<li>Kabriolet ili luksuzni.<\/li>\n<\/ul>\n<h3>2. Dodatne usluge<\/h3>\n<p>Dodatne usluge su dobar na\u010din da prilagodite svoje iskustvo vo\u017enje svojim jedinstvenim potrebama. Evo nekoliko koje mo\u017eete odabrati:<\/p>\n<ul>\n<li>Mjenja\u010d: \u017delite opu\u0161tenu vo\u017enju? Odaberite automatski mjenja\u010d.<\/li>\n<li>SIM kartica: Va\u0161 pametni telefon treba jednu kako biste izbjegli pla\u0107anje prekomjernih tro\u0161kova rominga.<\/li>\n<li>Dje\u010dje sjedalo: Maloljetnici ili djeca do 10 godina trebaju sustav za pri\u010dvr\u0161\u0107ivanje.<\/li>\n<li>Neograni\u010dena kilometra\u017ea: S ovom zna\u010dajkom, cijeli Maroko je otvoren za vas.<\/li>\n<li>Bez kreditne kartice: Ba\u0161 kao i tradicionalna metoda, ali bez kreditne kartice.<\/li>\n<li>Zajam\u010deni model: Obavezna opcija za one koji su imali lo\u0161e iskustvo.<\/li>\n<li>Besplatno otkazivanje: Mora se iskoristiti na vrijeme (najmanje 48 sati prije datuma po\u010detka).<\/li>\n<li>Dodatni voza\u010d: Dopustite prijatelju da vozi.<\/li>\n<li>Bez pologa: Izbjegnite nepotrebne bankovne naknade bez blokiranja pologa na kreditnim karticama.<\/li>\n<li>Dodatno osiguranje: Zna\u010dajka koja je svima potrebna bez iznimke. Nadogradite na Super CDW ili potpuno pokri\u0107e i opustite se.<\/li>\n<\/ul>\n<blockquote class=\"check\">\n<h2>Najam Automobila Rabat: Vodi\u010d<\/h2>\n<p>RosCar radi kako bi vam pru\u017eio nevjerojatna iskustva putovanja od preuzimanja do vra\u0107anja. Zato je rezervacija kod nas jednostavna koliko god mo\u017ee biti:<\/p>\n<ol>\n<li>Unesite detalje: Preuzimanje, vra\u0107anje i datume.<\/li>\n<li>Idite na filtre i odaberite nekoliko koji vam se \u010dine privla\u010dnima, te dobijte popis.<\/li>\n<li>Rezervirajte sada.<\/li>\n<li>Dodajte informacije.<\/li>\n<li>Platite sada.<\/li>\n<\/ol>\n<p>Iznajmljivanje automobila u Rabatu ne mo\u017ee se potvrditi bez bankovne kartice. Nakon sigurnosnog pla\u0107anja (maksimalno 20% iznosa), bit \u0107ete nagra\u0111eni potvrdom rezervacije.<\/p><\/blockquote>\n<h2>Cijena iznajmljivanja automobila u Rabatu<\/h2>\n<p>Cijene u glavnom gradu Maroka ne\u0107e vam se \u010diniti previ\u0161e skupima, ali su ipak vi\u0161e od europskog prosjeka:<\/p>\n<ul>\n<li>Ekonomi\u010dni za $20-30\/dan<\/li>\n<li>Standardni za $35-50\/dan<\/li>\n<li>SUV za $50-70\/dan<\/li>\n<li>Luksuzni za $80\/dan.<\/li>\n<\/ul>\n<p>Iznajmljivanje automobila u Rabatu bit \u0107e jeftinije ako:<\/p>\n<ul>\n<li>Izbjegavate kratkoro\u010dno iznajmljivanje automobila<\/li>\n<li>Postavite datum po\u010detka za sredinu tjedna<\/li>\n<li>Rezervirate unaprijed<\/li>\n<li>Odaberete pravu vrstu vozila.<\/li>\n<\/ul>\n<p>Usporedite cijenu kako biste prona\u0161li najbolju vrijednost:<\/p>\n<h3>Tablica s cijenama za iznajmljivanje automobila u Rabatu, Maroko<\/h3>\n<table border=\"1\">\n<thead>\n<tr>\n<th>Model automobila<\/th>\n<th>Vrsta karoserije<\/th>\n<th>Cijena po danu (niska sezona)<\/th>\n<th>Cijena po danu (visoka sezona)<\/th>\n<th>Putnici<\/th>\n<th>Kapacitet prtljage<\/th>\n<\/tr>\n<\/thead>\n<tbody>\n<tr>\n<td>Hyundai i10<\/td>\n<td>Hatchback<\/td>\n<td>21 \u20ac<\/td>\n<td>29 \u20ac<\/td>\n<td>4<\/td>\n<td>1<\/td>\n<\/tr>\n<tr>\n<td>Dacia Logan<\/td>\n<td>Sedan<\/td>\n<td>23 \u20ac<\/td>\n<td>32 \u20ac<\/td>\n<td>5<\/td>\n<td>2<\/td>\n<\/tr>\n<tr>\n<td>Peugeot 208<\/td>\n<td>Hatchback<\/td>\n<td>24 \u20ac<\/td>\n<td>34 \u20ac<\/td>\n<td>5<\/td>\n<td>2<\/td>\n<\/tr>\n<tr>\n<td>Renault Clio<\/td>\n<td>Hatchback<\/td>\n<td>26 \u20ac<\/td>\n<td>36 \u20ac<\/td>\n<td>5<\/td>\n<td>2<\/td>\n<\/tr>\n<tr>\n<td>Volkswagen Golf<\/td>\n<td>Hatchback<\/td>\n<td>30 \u20ac<\/td>\n<td>42 \u20ac<\/td>\n<td>5<\/td>\n<td>3<\/td>\n<\/tr>\n<tr>\n<td>Citro\u00ebn C-Elys\u00e9e<\/td>\n<td>Sedan<\/td>\n<td>25 \u20ac<\/td>\n<td>35 \u20ac<\/td>\n<td>5<\/td>\n<td>3<\/td>\n<\/tr>\n<tr>\n<td>Renault Captur<\/td>\n<td>Crossover<\/td>\n<td>32 \u20ac<\/td>\n<td>44 \u20ac<\/td>\n<td>5<\/td>\n<td>3<\/td>\n<\/tr>\n<tr>\n<td>Dacia Duster<\/td>\n<td>SUV<\/td>\n<td>36 \u20ac<\/td>\n<td>48 \u20ac<\/td>\n<td>5<\/td>\n<td>3<\/td>\n<\/tr>\n<tr>\n<td>Hyundai Tucson<\/td>\n<td>SUV<\/td>\n<td>52 \u20ac<\/td>\n<td>66 \u20ac<\/td>\n<td>5<\/td>\n<td>4<\/td>\n<\/tr>\n<tr>\n<td>Peugeot 3008<\/td>\n<td>SUV<\/td>\n<td>55 \u20ac<\/td>\n<td>70 \u20ac<\/td>\n<td>5<\/td>\n<td>4<\/td>\n<\/tr>\n<\/tbody>\n<\/table>\n        <div class=\"rpc-chart\">\n            <h3>Sezonske fluktuacije u cijenama iznajmljivanja automobila u Rabatu: analitika temeljena na stvarnim rezervacijama<\/h3>\n            <div><p>Tablica u nastavku prikazuje dinamiku promjena prosje\u010dnih cijena iznajmljivanja automobila u Rabatu tijekom posljednje tri godine. Izvor informacija su stvarne narud\u017ebe postavljene putem platforme roscar.ma, usluge koja okuplja ponude od provjerenih lokalnih tvrtki za iznajmljivanje bez posrednika.<\/p>\n<p>Analiza pokriva \u0161irok raspon vozila: od kompaktnih gradskih modela do udobnih SUV-ova, kabrioleta i premium automobila. Ovaj pristup pru\u017ea objektivnu sliku o tome kako se cijene mijenjaju ovisno o sezoni i turisti\u010dkoj aktivnosti.<\/p>\n<p>Oslanjamo se na dugogodi\u0161nje iskustvo rada s putnicima i kontinuirano a\u017euriramo na\u0161e podatke na temelju tr\u017ei\u0161nih trendova. To korisnicima pru\u017ea prakti\u010dne i pouzdane informacije koje im poma\u017eu u planiranju prora\u010duna i odabiru najpovoljnijeg vremena za iznajmljivanje automobila u marokanskom glavnom gradu.<\/p>\n<\/div>\n            <div class=\"rpc-chart-bars\">\n                                    <div class=\"rpc-chart-column\">\n                        <div class=\"rpc-chart-inner\" style=\"height: 28.301886792453%\">\n                            <div class=\"rpc-chart-column-value\">15 \u20ac<\/div>\n                            <div class=\"rpc-chart-month\">JAN<\/div>\n                        <\/div>\n                    <\/div>\n                                    <div class=\"rpc-chart-column\">\n                        <div class=\"rpc-chart-inner\" style=\"height: 26.415094339623%\">\n                            <div class=\"rpc-chart-column-value\">14 \u20ac<\/div>\n                            <div class=\"rpc-chart-month\">FEB<\/div>\n                        <\/div>\n                    <\/div>\n                                    <div class=\"rpc-chart-column\">\n                        <div class=\"rpc-chart-inner\" style=\"height: 24.528301886792%\">\n                            <div class=\"rpc-chart-column-value\">13 \u20ac<\/div>\n                            <div class=\"rpc-chart-month\">MAR<\/div>\n                        <\/div>\n                    <\/div>\n                                    <div class=\"rpc-chart-column\">\n                        <div class=\"rpc-chart-inner\" style=\"height: 39.622641509434%\">\n                            <div class=\"rpc-chart-column-value\">21 \u20ac<\/div>\n                            <div class=\"rpc-chart-month\">APR<\/div>\n                        <\/div>\n                    <\/div>\n                                    <div class=\"rpc-chart-column\">\n                        <div class=\"rpc-chart-inner\" style=\"height: 32.075471698113%\">\n                            <div class=\"rpc-chart-column-value\">17 \u20ac<\/div>\n                            <div class=\"rpc-chart-month\">MAY<\/div>\n                        <\/div>\n                    <\/div>\n                                    <div class=\"rpc-chart-column\">\n                        <div class=\"rpc-chart-inner\" style=\"height: 32.075471698113%\">\n                            <div class=\"rpc-chart-column-value\">17 \u20ac<\/div>\n                            <div class=\"rpc-chart-month\">JUN<\/div>\n                        <\/div>\n                    <\/div>\n                                    <div class=\"rpc-chart-column\">\n                        <div class=\"rpc-chart-inner\" style=\"height: 49.056603773585%\">\n                            <div class=\"rpc-chart-column-value\">26 \u20ac<\/div>\n                            <div class=\"rpc-chart-month\">JUL<\/div>\n                        <\/div>\n                    <\/div>\n                                    <div class=\"rpc-chart-column\">\n                        <div class=\"rpc-chart-inner\" style=\"height: 62.264150943396%\">\n                            <div class=\"rpc-chart-column-value\">33 \u20ac<\/div>\n                            <div class=\"rpc-chart-month\">AUG<\/div>\n                        <\/div>\n                    <\/div>\n                                    <div class=\"rpc-chart-column\">\n                        <div class=\"rpc-chart-inner\" style=\"height: 47.169811320755%\">\n                            <div class=\"rpc-chart-column-value\">25 \u20ac<\/div>\n                            <div class=\"rpc-chart-month\">SEP<\/div>\n                        <\/div>\n                    <\/div>\n                                    <div class=\"rpc-chart-column\">\n                        <div class=\"rpc-chart-inner\" style=\"height: 37.735849056604%\">\n                            <div class=\"rpc-chart-column-value\">20 \u20ac<\/div>\n                            <div class=\"rpc-chart-month\">OCT<\/div>\n                        <\/div>\n                    <\/div>\n                                    <div class=\"rpc-chart-column\">\n                        <div class=\"rpc-chart-inner\" style=\"height: 45.283018867925%\">\n                            <div class=\"rpc-chart-column-value\">24 \u20ac<\/div>\n                            <div class=\"rpc-chart-month\">NOV<\/div>\n                        <\/div>\n                    <\/div>\n                                    <div class=\"rpc-chart-column\">\n                        <div class=\"rpc-chart-inner\" style=\"height: 37.735849056604%\">\n                            <div class=\"rpc-chart-column-value\">20 \u20ac<\/div>\n                            <div class=\"rpc-chart-month\">DEC<\/div>\n                        <\/div>\n                    <\/div>\n                            <\/div>\n        <\/div>\n        \n<h2>Najam Automobila Rabat: Dokumenti<\/h2>\n<p>Za potpisivanje ugovora i preuzimanje vozila, trebat \u0107e vam nekoliko dokumenata (na engleskom jeziku i 100% va\u017ee\u0107i):<\/p>\n<ol>\n<li>Voza\u010dka dozvola<\/li>\n<li>Putovnica<\/li>\n<li>Kreditna kartica (opcionalno).<\/li>\n<\/ol>\n<p>Iznajmljivanje automobila u Rabatu idealan je izbor za ugodno i bezbri\u017eno putovanje u Maroku.<\/p>\n","protected":false},"excerpt":{"rendered":"<p>Najam Automobila Rabat od RosCar Maroko je zemlja s nevjerojatnom kombinacijom pustinjske ljepote, morskih krajolika i veli\u010danstvene arhitekture koju ne mo\u017eete prona\u0107i nigdje drugdje. Stoga, kada planirate putovanje u Sjevernu Afriku, bolje je da odvojite vrijeme kako biste se u potpunosti uronili u muslimanski raj. No, tako\u0111er morate iznajmiti automobil u Rabatu kako bi va\u0161e [&hellip;]<\/p>\n","protected":false},"author":1,"featured_media":206,"parent":0,"menu_order":0,"comment_status":"closed","ping_status":"closed","template":"","meta":{"footnotes":""},"class_list":["post-2130","page","type-page","status-publish","has-post-thumbnail",""],"_links":{"self":[{"href":"https:\/\/roscar.ma\/hr\/wp-json\/wp\/v2\/pages\/2130","targetHints":{"allow":["GET"]}}],"collection":[{"href":"https:\/\/roscar.ma\/hr\/wp-json\/wp\/v2\/pages"}],"about":[{"href":"https:\/\/roscar.ma\/hr\/wp-json\/wp\/v2\/types\/page"}],"author":[{"embeddable":true,"href":"https:\/\/roscar.ma\/hr\/wp-json\/wp\/v2\/users\/1"}],"replies":[{"embeddable":true,"href":"https:\/\/roscar.ma\/hr\/wp-json\/wp\/v2\/comments?post=2130"}],"version-history":[{"count":1,"href":"https:\/\/roscar.ma\/hr\/wp-json\/wp\/v2\/pages\/2130\/revisions"}],"predecessor-version":[{"id":2131,"href":"https:\/\/roscar.ma\/hr\/wp-json\/wp\/v2\/pages\/2130\/revisions\/2131"}],"wp:featuredmedia":[{"embeddable":true,"href":"https:\/\/roscar.ma\/hr\/wp-json\/wp\/v2\/media\/206"}],"wp:attachment":[{"href":"https:\/\/roscar.ma\/hr\/wp-json\/wp\/v2\/media?parent=2130"}],"curies":[{"name":"wp","href":"https:\/\/api.w.org\/{rel}","templated":true}]}}