{"id":1808,"date":"2025-07-17T11:01:21","date_gmt":"2025-07-17T11:01:21","guid":{"rendered":"https:\/\/roscar.ma\/?page_id=1808"},"modified":"2025-07-25T17:17:18","modified_gmt":"2025-07-25T17:17:18","slug":"najam-automobila-marrakech","status":"publish","type":"page","link":"https:\/\/roscar.ma\/hr\/najam-automobila-marrakech\/","title":{"rendered":"Najam Automobila Marrakech"},"content":{"rendered":"<h2>Najam Automobila Marrakech od RosCar-a<\/h2>\n<p>Zemlje Sjeverne Afrike imaju nevjerojatnu sposobnost o\u010daravanja turista iz cijelog svijeta svojim obi\u010dajima i \u0161arenim krajolicima. Mo\u017eda je to kultura, jedinstvena lokalna kuhinja ili ljepota u svakodnevnom \u017eivotu. Ali sigurno znamo da morate iznajmiti automobil u Marrakechu kako biste se potpuno uronili u Maroko.<\/p>\n<p>Za\u0161to biste trebali rezervirati vozilo putem RosCar-a? Postoje \u010detiri razloga:<\/p>\n<ul>\n<li>Dugoro\u010dno ili kratkoro\u010dno iznajmljivanje automobila<\/li>\n<li>Svaka ponuda je najbolja vrijednost koju mo\u017eete prona\u0107i<\/li>\n<li>To je jedini na\u010din za udobno putovanje<\/li>\n<li>Povoljne cijene i mnogo opcija za odabir.<\/li>\n<\/ul>\n<p>\u017delite li rezervirati jedan za sebe? Rezervirajte sada i dobit \u0107ete gotovu rezervaciju za nekoliko minuta.<\/p>\n<h2>Najam Automobila Marrakech: Vodi\u010d<\/h2>\n<p>Mo\u017eda pogre\u0161no mislite da je najam automobila u Marrakechu potpuno druga\u010dija vrsta usluge koja ima jedinstveni postupak i zahtijeva odre\u0111eno znanje. Me\u0111utim, potrebne su vam samo dvije minute za pripremu.<\/p>\n<h3>Prva minuta: Odaberite vrstu vozila<\/h3>\n<p>Me\u0111u mnogim vrstama, potrebno vam je samo jedno koje \u0107e rije\u0161iti sve probleme u nadolaze\u0107oj avanturi:<\/p>\n<ul>\n<li>Standardni automobil<\/li>\n<li>Kabriolet<\/li>\n<li>Luksuzni automobil<\/li>\n<li>SUV ili Crossover<\/li>\n<li>Mini\/Ekonomi\u010dan (Jeftino iznajmljivanje automobila u Marrakechu)<\/li>\n<li>Minivan ili Kombi.<\/li>\n<\/ul>\n<h3>Druga minuta: Odaberite dodatne usluge<\/h3>\n<p>Na raspolaganju je mnogo opcija, ali potrebna vam je samo jedna (ili nekoliko):<\/p>\n<ul>\n<li>Neograni\u010dena kilometra\u017ea: Mo\u017eete istra\u017eiti \u010dak i najudaljenije gradove Maroka.<\/li>\n<li>Bez pologa: Va\u0161 prora\u010dun je slobodniji kada nema blokiranja pologa na kreditnim karticama.<\/li>\n<li>Zajam\u010deni model: Rezervirali ste Volkswagen Passat? Dobijte Passat!<\/li>\n<li>Mjenja\u010d: Ne ru\u010dni, ve\u0107 automatski se preporu\u010duje u svakoj situaciji.<\/li>\n<li>Dodatno osiguranje: Ovo je vrsta nadogradnje koju ne\u0107ete po\u017ealiti. Isprobajte potpunu pokrivenost\/Super CDW ako je dostupno.<\/li>\n<li>Bez kreditne kartice: Koristite gotovinu ili bilo koju drugu bankovnu karticu.<\/li>\n<li>SIM kartica: Stabilna veza po povoljnoj cijeni glavni je prioritet putovanja u 2025.<\/li>\n<li>Dodatni voza\u010d: Nadamo se da va\u0161 prijatelj ima voza\u010dku dozvolu.<\/li>\n<li>Dje\u010dje sjedalo: Svaka osoba mla\u0111a od 10 godina mora imati jedno.<\/li>\n<li>Besplatno otkazivanje: Unaprijed pla\u0107eni iznos bit \u0107e vra\u0107en na va\u0161 ra\u010dun. Vrijedi samo 48 sati prije datuma.<\/li>\n<\/ul>\n<blockquote class=\"info\">\n<h2>Detalji o iznajmljivanju automobila u Marrakechu<\/h2>\n<p>Jeste li ve\u0107 odlu\u010dili o vrsti vozila i dodatnim uslugama? Iznajmljivanje automobila u Marrakechu sada se mo\u017ee rezervirati:<\/p>\n<ol>\n<li>Postavite datume i lokacije na glavnoj stranici.<\/li>\n<li>Kliknite na Filtere, odaberite \u017eeljene.<\/li>\n<li>Dobijte popis i prona\u0111ite najbolji. Rezervirajte sada.<\/li>\n<li>Popunite obrazac koji se pojavi.<\/li>\n<li>Platite sada.<\/li>\n<\/ol>\n<p>Svaka rezervacija RosCar-a mo\u017ee se potvrditi samo unaprijed pla\u0107anjem. Po pravilu, to je samo mali dio iznosa i lako se obavlja s bilo kojom karticom.<\/p><\/blockquote>\n<h2>Cijena iznajmljivanja automobila u Marrakechu<\/h2>\n<p>Prosje\u010dne cijene koje mo\u017eete prona\u0107i online su:<\/p>\n<ul>\n<li>15-25 USD\/dan za Ekonomi\u010dan ili Mini<\/li>\n<li>30-40 USD\/dan za Standardni<\/li>\n<li>40-60 USD\/dan za SUV, Crossover, Minivan ili 4&#215;4<\/li>\n<li>80+ USD\/dan za Kabriolet ili Luksuzni<\/li>\n<\/ul>\n<p>Najam automobila u Marrakechu bit \u0107e jeftinije ako:<\/p>\n<ul>\n<li>Uspijete napraviti ranu rezervaciju<\/li>\n<li>Pratite ponude RosCar-a<\/li>\n<li>Rezervirate sredinom tjedna<\/li>\n<li>Preferirate dugoro\u010dno iznajmljivanje automobila<\/li>\n<li>Odaberete pravu vrstu za svoje potrebe i prora\u010dun.<\/li>\n<\/ul>\n<p>Evo kako usporediti cijene:<\/p>\n<h3>Tablica s cijenama za iznajmljivanje automobila u Marrakechu, Maroko<\/h3>\n<table border=\"1\">\n<thead>\n<tr>\n<th>Model automobila<\/th>\n<th>Tip karoserije<\/th>\n<th>Cijena po danu (niska sezona)<\/th>\n<th>Cijena po danu (visoka sezona)<\/th>\n<th>Putnici<\/th>\n<th>Kapacitet prtljage<\/th>\n<\/tr>\n<\/thead>\n<tbody>\n<tr>\n<td>Fiat Panda<\/td>\n<td>Hatchback<\/td>\n<td>20 \u20ac<\/td>\n<td>28 \u20ac<\/td>\n<td>4<\/td>\n<td>1<\/td>\n<\/tr>\n<tr>\n<td>Kia Picanto<\/td>\n<td>Hatchback<\/td>\n<td>22 \u20ac<\/td>\n<td>30 \u20ac<\/td>\n<td>4<\/td>\n<td>1<\/td>\n<\/tr>\n<tr>\n<td>Dacia Logan<\/td>\n<td>Sedan<\/td>\n<td>24 \u20ac<\/td>\n<td>34 \u20ac<\/td>\n<td>5<\/td>\n<td>2<\/td>\n<\/tr>\n<tr>\n<td>Peugeot 208<\/td>\n<td>Hatchback<\/td>\n<td>26 \u20ac<\/td>\n<td>36 \u20ac<\/td>\n<td>5<\/td>\n<td>2<\/td>\n<\/tr>\n<tr>\n<td>Renault Clio<\/td>\n<td>Hatchback<\/td>\n<td>27 \u20ac<\/td>\n<td>38 \u20ac<\/td>\n<td>5<\/td>\n<td>2<\/td>\n<\/tr>\n<tr>\n<td>Citro\u00ebn C-Elys\u00e9e<\/td>\n<td>Sedan<\/td>\n<td>28 \u20ac<\/td>\n<td>39 \u20ac<\/td>\n<td>5<\/td>\n<td>3<\/td>\n<\/tr>\n<tr>\n<td>Dacia Duster<\/td>\n<td>SUV<\/td>\n<td>37 \u20ac<\/td>\n<td>49 \u20ac<\/td>\n<td>5<\/td>\n<td>3<\/td>\n<\/tr>\n<tr>\n<td>Hyundai Kona<\/td>\n<td>Crossover<\/td>\n<td>40 \u20ac<\/td>\n<td>52 \u20ac<\/td>\n<td>5<\/td>\n<td>3<\/td>\n<\/tr>\n<tr>\n<td>Renault Kadjar<\/td>\n<td>SUV<\/td>\n<td>50 \u20ac<\/td>\n<td>65 \u20ac<\/td>\n<td>5<\/td>\n<td>4<\/td>\n<\/tr>\n<tr>\n<td>Peugeot 3008<\/td>\n<td>SUV<\/td>\n<td>55 \u20ac<\/td>\n<td>70 \u20ac<\/td>\n<td>5<\/td>\n<td>4<\/td>\n<\/tr>\n<\/tbody>\n<\/table>\n        <div class=\"rpc-chart\">\n            <h3>Sezonske promjene cijena za iznajmljivanje automobila u Marrakechu: pouzdana analitika temeljena na stvarnim rezervacijama<\/h3>\n            <div><p>U nastavku su analiti\u010dki podaci o promjeni prosje\u010dne cijene iznajmljivanja automobila u Marrakechu tijekom preostale tri godine. Sve informacije temelje se na stvarnim transakcijama obavljenim putem platforme roscar.ma.<\/p>\n<p>Istra\u017eivanje pokriva sve glavne kategorije automobila - od ekonomi\u010dnih modela do SUV-ova, kabrioleta i premium klase. Takva \u0161iroka pokrivenost omogu\u0107uje formiranje potpune slike promjena cijena tijekom turisti\u010dkih sezona i navika putovanja.<\/p>\n<p>O\u010dito je da preporu\u010dujemo rezervaciju automobila unaprijed kada su cijene i tro\u0161kovi najpovoljniji. Pouzdane informacije od RosCar Maroka va\u0161 su vodi\u010d za udoban i siguran prijevoz u Marrakechu.<\/p>\n<\/div>\n            <div class=\"rpc-chart-bars\">\n                                    <div class=\"rpc-chart-column\">\n                        <div class=\"rpc-chart-inner\" style=\"height: 30.769230769231%\">\n                            <div class=\"rpc-chart-column-value\">16 \u20ac<\/div>\n                            <div class=\"rpc-chart-month\">JAN<\/div>\n                        <\/div>\n                    <\/div>\n                                    <div class=\"rpc-chart-column\">\n                        <div class=\"rpc-chart-inner\" style=\"height: 28.846153846154%\">\n                            <div class=\"rpc-chart-column-value\">15 \u20ac<\/div>\n                            <div class=\"rpc-chart-month\">FEB<\/div>\n                        <\/div>\n                    <\/div>\n                                    <div class=\"rpc-chart-column\">\n                        <div class=\"rpc-chart-inner\" style=\"height: 26.923076923077%\">\n                            <div class=\"rpc-chart-column-value\">14 \u20ac<\/div>\n                            <div class=\"rpc-chart-month\">MAR<\/div>\n                        <\/div>\n                    <\/div>\n                                    <div class=\"rpc-chart-column\">\n                        <div class=\"rpc-chart-inner\" style=\"height: 42.307692307692%\">\n                            <div class=\"rpc-chart-column-value\">22 \u20ac<\/div>\n                            <div class=\"rpc-chart-month\">APR<\/div>\n                        <\/div>\n                    <\/div>\n                                    <div class=\"rpc-chart-column\">\n                        <div class=\"rpc-chart-inner\" style=\"height: 32.692307692308%\">\n                            <div class=\"rpc-chart-column-value\">17 \u20ac<\/div>\n                            <div class=\"rpc-chart-month\">MAY<\/div>\n                        <\/div>\n                    <\/div>\n                                    <div class=\"rpc-chart-column\">\n                        <div class=\"rpc-chart-inner\" style=\"height: 30.769230769231%\">\n                            <div class=\"rpc-chart-column-value\">16 \u20ac<\/div>\n                            <div class=\"rpc-chart-month\">JUN<\/div>\n                        <\/div>\n                    <\/div>\n                                    <div class=\"rpc-chart-column\">\n                        <div class=\"rpc-chart-inner\" style=\"height: 50%\">\n                            <div class=\"rpc-chart-column-value\">26 \u20ac<\/div>\n                            <div class=\"rpc-chart-month\">JUL<\/div>\n                        <\/div>\n                    <\/div>\n                                    <div class=\"rpc-chart-column\">\n                        <div class=\"rpc-chart-inner\" style=\"height: 61.538461538462%\">\n                            <div class=\"rpc-chart-column-value\">32 \u20ac<\/div>\n                            <div class=\"rpc-chart-month\">AUG<\/div>\n                        <\/div>\n                    <\/div>\n                                    <div class=\"rpc-chart-column\">\n                        <div class=\"rpc-chart-inner\" style=\"height: 42.307692307692%\">\n                            <div class=\"rpc-chart-column-value\">22 \u20ac<\/div>\n                            <div class=\"rpc-chart-month\">SEP<\/div>\n                        <\/div>\n                    <\/div>\n                                    <div class=\"rpc-chart-column\">\n                        <div class=\"rpc-chart-inner\" style=\"height: 36.538461538462%\">\n                            <div class=\"rpc-chart-column-value\">19 \u20ac<\/div>\n                            <div class=\"rpc-chart-month\">OCT<\/div>\n                        <\/div>\n                    <\/div>\n                                    <div class=\"rpc-chart-column\">\n                        <div class=\"rpc-chart-inner\" style=\"height: 32.692307692308%\">\n                            <div class=\"rpc-chart-column-value\">17 \u20ac<\/div>\n                            <div class=\"rpc-chart-month\">NOV<\/div>\n                        <\/div>\n                    <\/div>\n                                    <div class=\"rpc-chart-column\">\n                        <div class=\"rpc-chart-inner\" style=\"height: 44.230769230769%\">\n                            <div class=\"rpc-chart-column-value\">23 \u20ac<\/div>\n                            <div class=\"rpc-chart-month\">DEC<\/div>\n                        <\/div>\n                    <\/div>\n                            <\/div>\n        <\/div>\n        \n<h2>Najam Automobila Marrakech: Dokumenti<\/h2>\n<p>Za preuzimanje vozila, mo\u017eda \u0107e vam biti potrebni sljede\u0107i dokumenti:<\/p>\n<ol>\n<li>Putovnica<\/li>\n<li>Voza\u010dka dozvola<\/li>\n<li>Potvrda rezervacije ili Voucher (RosCar \u0107e vam poslati jedan)<\/li>\n<li>Kreditna kartica.<\/li>\n<\/ol>\n<p>Nemate kreditnu karticu? Tada upotrijebite filtere kako biste prona\u0161li opciju najma koja vam treba.<\/p>\n<p>Iznajmljivanje automobila u Marrakechu je nezaobilazna usluga koja vam omogu\u0107uje da vidite ne samo Marrakech, ve\u0107 i cijeli Maroko.<\/p>\n","protected":false},"excerpt":{"rendered":"<p>Najam Automobila Marrakech od RosCar-a Zemlje Sjeverne Afrike imaju nevjerojatnu sposobnost o\u010daravanja turista iz cijelog svijeta svojim obi\u010dajima i \u0161arenim krajolicima. Mo\u017eda je to kultura, jedinstvena lokalna kuhinja ili ljepota u svakodnevnom \u017eivotu. Ali sigurno znamo da morate iznajmiti automobil u Marrakechu kako biste se potpuno uronili u Maroko. Za\u0161to biste trebali rezervirati vozilo putem [&hellip;]<\/p>\n","protected":false},"author":1,"featured_media":175,"parent":0,"menu_order":0,"comment_status":"closed","ping_status":"closed","template":"","meta":{"footnotes":""},"class_list":["post-1808","page","type-page","status-publish","has-post-thumbnail",""],"_links":{"self":[{"href":"https:\/\/roscar.ma\/hr\/wp-json\/wp\/v2\/pages\/1808","targetHints":{"allow":["GET"]}}],"collection":[{"href":"https:\/\/roscar.ma\/hr\/wp-json\/wp\/v2\/pages"}],"about":[{"href":"https:\/\/roscar.ma\/hr\/wp-json\/wp\/v2\/types\/page"}],"author":[{"embeddable":true,"href":"https:\/\/roscar.ma\/hr\/wp-json\/wp\/v2\/users\/1"}],"replies":[{"embeddable":true,"href":"https:\/\/roscar.ma\/hr\/wp-json\/wp\/v2\/comments?post=1808"}],"version-history":[{"count":4,"href":"https:\/\/roscar.ma\/hr\/wp-json\/wp\/v2\/pages\/1808\/revisions"}],"predecessor-version":[{"id":2116,"href":"https:\/\/roscar.ma\/hr\/wp-json\/wp\/v2\/pages\/1808\/revisions\/2116"}],"wp:featuredmedia":[{"embeddable":true,"href":"https:\/\/roscar.ma\/hr\/wp-json\/wp\/v2\/media\/175"}],"wp:attachment":[{"href":"https:\/\/roscar.ma\/hr\/wp-json\/wp\/v2\/media?parent=1808"}],"curies":[{"name":"wp","href":"https:\/\/api.w.org\/{rel}","templated":true}]}}