{"id":1489,"date":"2025-07-17T10:09:50","date_gmt":"2025-07-17T10:09:50","guid":{"rendered":"https:\/\/roscar.ma\/?page_id=1489"},"modified":"2025-07-23T18:22:37","modified_gmt":"2025-07-23T18:22:37","slug":"o-nama","status":"publish","type":"page","link":"https:\/\/roscar.ma\/hr\/o-nama\/","title":{"rendered":"O nama"},"content":{"rendered":"<p>RosCar Morocco je moderna usluga najma automobila u Maroku koja posluje od 2022. godine. Nismo tvrtka za iznajmljivanje automobila, ve\u0107 prakti\u010dan online agregator koji okuplja najbolje ponude lokalnih partnera diljem zemlje.<\/p>\n<p>Na na\u0161oj web stranici roscar.ma prona\u0107i \u0107ete vi\u0161e od 200 provjerenih automobila razli\u010ditih klasa &#8211; od kompaktnih gradskih modela do udobnih SUV-ova. Proces rezervacije \u010dinimo \u0161to jednostavnijim i pristupa\u010dnijim: automobil mo\u017eete unajmiti bez pologa i bez kreditne kartice.<\/p>\n<p>Na\u0161 je cilj putnicima pru\u017eiti fleksibilan i isplativ na\u010din putovanja po Maroku, oslanjaju\u0107i se na iskustvo i pouzdanost lokalnih tvrtki. Odaberite RosCar Morocco i krenite na putovanje u udobnosti!<\/p>\n","protected":false},"excerpt":{"rendered":"<p>RosCar Morocco je moderna usluga najma automobila u Maroku koja posluje od 2022. godine. Nismo tvrtka za iznajmljivanje automobila, ve\u0107 prakti\u010dan online agregator koji okuplja najbolje ponude lokalnih partnera diljem zemlje. Na na\u0161oj web stranici roscar.ma prona\u0107i \u0107ete vi\u0161e od 200 provjerenih automobila razli\u010ditih klasa &#8211; od kompaktnih gradskih modela do udobnih SUV-ova. Proces rezervacije [&hellip;]<\/p>\n","protected":false},"author":2,"featured_media":0,"parent":0,"menu_order":0,"comment_status":"closed","ping_status":"closed","template":"","meta":{"footnotes":""},"class_list":["post-1489","page","type-page","status-publish",""],"_links":{"self":[{"href":"https:\/\/roscar.ma\/hr\/wp-json\/wp\/v2\/pages\/1489","targetHints":{"allow":["GET"]}}],"collection":[{"href":"https:\/\/roscar.ma\/hr\/wp-json\/wp\/v2\/pages"}],"about":[{"href":"https:\/\/roscar.ma\/hr\/wp-json\/wp\/v2\/types\/page"}],"author":[{"embeddable":true,"href":"https:\/\/roscar.ma\/hr\/wp-json\/wp\/v2\/users\/2"}],"replies":[{"embeddable":true,"href":"https:\/\/roscar.ma\/hr\/wp-json\/wp\/v2\/comments?post=1489"}],"version-history":[{"count":0,"href":"https:\/\/roscar.ma\/hr\/wp-json\/wp\/v2\/pages\/1489\/revisions"}],"wp:attachment":[{"href":"https:\/\/roscar.ma\/hr\/wp-json\/wp\/v2\/media?parent=1489"}],"curies":[{"name":"wp","href":"https:\/\/api.w.org\/{rel}","templated":true}]}}