{"id":1451,"date":"2025-07-23T08:46:35","date_gmt":"2025-07-23T08:46:35","guid":{"rendered":"https:\/\/roscar.ma\/?page_id=1451"},"modified":"2025-07-23T14:10:11","modified_gmt":"2025-07-23T14:10:11","slug":"najam-automobila-maroko-bez-depozita","status":"publish","type":"page","link":"https:\/\/roscar.ma\/hr\/najam-automobila-maroko-bez-depozita\/","title":{"rendered":"Najam Automobila Maroko Bez Depozita"},"content":{"rendered":"<h2>Iznajmljivanje automobila u Maroku bez depozita s RosCar<\/h2>\n<p>Za razliku od tradicionalnog najma, najam automobila u Maroku bez depozita nudi impresivan popis prednosti koje ne treba zanemariti:<\/p>\n<ul>\n<li>Nema rizika od budu\u0107ih nesuglasica (neke tvrtke poku\u0161avaju naplatiti ogrebotine, gorivo ili druge sitnice)<\/li>\n<li>Puno lak\u0161e (i br\u017ee) preuzimanje i vra\u0107anje<\/li>\n<li>Potreban manji bud\u017eet<\/li>\n<li>Nema blokade depozita na kreditnim karticama<\/li>\n<li>Bez stresa.<\/li>\n<\/ul>\n<p>Ovo je samo jedna od mnogih opcija koje mo\u017eete prona\u0107i pomo\u0107u filtera RosCar. Isprobajte i prona\u0111ite idealan automobil u nekoliko minuta. Rezervirajte sada.<\/p>\n<blockquote class=\"check\">\n<h2>Kako unajmiti automobil u Maroku bez depozita?<\/h2>\n<p>Svaki voza\u010d stariji od 21 do 25 godina koji ima potrebne dokumente (putovnicu i voza\u010dku dozvolu) mo\u017ee unajmiti automobil u Maroku bez depozita na sljede\u0107i na\u010din:<\/p>\n<ol>\n<li>Kliknite filter &#8220;<strong>Bez depozita<\/strong>&#8221; kako biste dobili popis.<\/li>\n<li>Pregledajte vi\u0161e ponuda, prona\u0111ite najbolju i kliknite &#8220;Rezerviraj sada&#8221;.<\/li>\n<li>Provjerite uvjete i odaberite vrstu osiguranja.<\/li>\n<li>Odaberite dodatne usluge i kliknite &#8220;Nastavi&#8221;.<\/li>\n<li>Unesite podatke o voza\u010du.<\/li>\n<li>Potvrdite rezervaciju.<\/li>\n<\/ol>\n<p>Svi oblici najma, uklju\u010duju\u0107i i one bez depozita, potvr\u0111uju se putem va\u0161e bankovne kartice. Najvi\u0161e 20 % iznosa bit \u0107e napla\u0107eno kao predujam.<\/p><\/blockquote>\n<h3>Tablica s cijenama najma automobila u Maroku bez depozita<\/h3>\n<table>\n<thead>\n<tr>\n<th>Model automobila<\/th>\n<th>Tip karoserije<\/th>\n<th>Cijena po danu (niska sezona)<\/th>\n<th>Cijena po danu (visoka sezona)<\/th>\n<th>Putnici<\/th>\n<th>Kapacitet prtljage<\/th>\n<\/tr>\n<\/thead>\n<tbody>\n<tr>\n<td>Chevrolet Spark<\/td>\n<td>Hatchback<\/td>\n<td>19 \u20ac<\/td>\n<td>26 \u20ac<\/td>\n<td>4<\/td>\n<td>1<\/td>\n<\/tr>\n<tr>\n<td>Hyundai Grand i10<\/td>\n<td>Hatchback<\/td>\n<td>21 \u20ac<\/td>\n<td>28 \u20ac<\/td>\n<td>4<\/td>\n<td>1<\/td>\n<\/tr>\n<tr>\n<td>\u0160koda Fabia<\/td>\n<td>Hatchback<\/td>\n<td>23 \u20ac<\/td>\n<td>31 \u20ac<\/td>\n<td>5<\/td>\n<td>2<\/td>\n<\/tr>\n<tr>\n<td>Peugeot 2008<\/td>\n<td>Crossover<\/td>\n<td>26 \u20ac<\/td>\n<td>35 \u20ac<\/td>\n<td>5<\/td>\n<td>2<\/td>\n<\/tr>\n<tr>\n<td>Volkswagen Golf<\/td>\n<td>Hatchback<\/td>\n<td>27 \u20ac<\/td>\n<td>36 \u20ac<\/td>\n<td>5<\/td>\n<td>2<\/td>\n<\/tr>\n<tr>\n<td>Toyota Yaris Sedan<\/td>\n<td>Sedan<\/td>\n<td>28 \u20ac<\/td>\n<td>37 \u20ac<\/td>\n<td>5<\/td>\n<td>3<\/td>\n<\/tr>\n<tr>\n<td>Nissan Sunny<\/td>\n<td>Sedan<\/td>\n<td>29 \u20ac<\/td>\n<td>38 \u20ac<\/td>\n<td>5<\/td>\n<td>3<\/td>\n<\/tr>\n<tr>\n<td>Renault Arkana<\/td>\n<td>Crossover<\/td>\n<td>35 \u20ac<\/td>\n<td>45 \u20ac<\/td>\n<td>5<\/td>\n<td>3<\/td>\n<\/tr>\n<tr>\n<td>MG ZS<\/td>\n<td>SUV<\/td>\n<td>39 \u20ac<\/td>\n<td>49 \u20ac<\/td>\n<td>5<\/td>\n<td>3<\/td>\n<\/tr>\n<tr>\n<td>Volkswagen Tiguan<\/td>\n<td>SUV<\/td>\n<td>55 \u20ac<\/td>\n<td>69 \u20ac<\/td>\n<td>5<\/td>\n<td>4<\/td>\n<\/tr>\n<\/tbody>\n<\/table>\n","protected":false},"excerpt":{"rendered":"<p>Iznajmljivanje automobila u Maroku bez depozita s RosCar Za razliku od tradicionalnog najma, najam automobila u Maroku bez depozita nudi impresivan popis prednosti koje ne treba zanemariti: Nema rizika od budu\u0107ih nesuglasica (neke tvrtke poku\u0161avaju naplatiti ogrebotine, gorivo ili druge sitnice) Puno lak\u0161e (i br\u017ee) preuzimanje i vra\u0107anje Potreban manji bud\u017eet Nema blokade depozita na [&hellip;]<\/p>\n","protected":false},"author":1,"featured_media":1272,"parent":0,"menu_order":0,"comment_status":"closed","ping_status":"closed","template":"","meta":{"footnotes":""},"class_list":["post-1451","page","type-page","status-publish","has-post-thumbnail",""],"_links":{"self":[{"href":"https:\/\/roscar.ma\/hr\/wp-json\/wp\/v2\/pages\/1451","targetHints":{"allow":["GET"]}}],"collection":[{"href":"https:\/\/roscar.ma\/hr\/wp-json\/wp\/v2\/pages"}],"about":[{"href":"https:\/\/roscar.ma\/hr\/wp-json\/wp\/v2\/types\/page"}],"author":[{"embeddable":true,"href":"https:\/\/roscar.ma\/hr\/wp-json\/wp\/v2\/users\/1"}],"replies":[{"embeddable":true,"href":"https:\/\/roscar.ma\/hr\/wp-json\/wp\/v2\/comments?post=1451"}],"version-history":[{"count":0,"href":"https:\/\/roscar.ma\/hr\/wp-json\/wp\/v2\/pages\/1451\/revisions"}],"wp:featuredmedia":[{"embeddable":true,"href":"https:\/\/roscar.ma\/hr\/wp-json\/wp\/v2\/media\/1272"}],"wp:attachment":[{"href":"https:\/\/roscar.ma\/hr\/wp-json\/wp\/v2\/media?parent=1451"}],"curies":[{"name":"wp","href":"https:\/\/api.w.org\/{rel}","templated":true}]}}