{"id":1317,"date":"2025-07-17T10:56:33","date_gmt":"2025-07-17T10:56:33","guid":{"rendered":"https:\/\/roscar.ma\/?page_id=1317"},"modified":"2025-07-23T11:10:33","modified_gmt":"2025-07-23T11:10:33","slug":"najam-automobila-casablanca","status":"publish","type":"page","link":"https:\/\/roscar.ma\/hr\/najam-automobila-casablanca\/","title":{"rendered":"Najam automobila Casablanca"},"content":{"rendered":"<h2>Najam automobila Casablanca od RosCar<\/h2>\n<p>Glavni gospodarski i kulturni grad Maroka uvijek je dobar po\u010detak za sjajno putovanje Sjevernom Afrikom. Jedinstvena arapska kultura, tisu\u0107e godina povijesti u modernoj arhitekturi, tradicija i ukusna hrana va\u0161 su plan akcije. No prvo morate iznajmiti automobil u Casablanci.<\/p>\n<p>Postoji nekoliko razloga za odabir putovanja automobilom ovdje:<\/p>\n<ul>\n<li>Puno je udobnije od javnog prijevoza<\/li>\n<li>Popusti, niske cijene i mnoge opcije (neke od njih su besplatne)<\/li>\n<li>Lako je prona\u0107i pravi automobil<\/li>\n<li>Potpuna sloboda kretanja.<\/li>\n<\/ul>\n<p>RosCar ima iznena\u0111uju\u0107e jednostavnu proceduru rezervacije. Samo rezervirajte sada, dodajte svoju karticu za pla\u0107anje i gotovi ste.<\/p>\n<h2>Najam automobila Casablanca: Vodi\u010d<\/h2>\n<p>Jeftini najam automobila u Casablanci nije fikcija, ve\u0107 stvarnost svake osobe koja zna nekoliko pravila. Slijedite ih i do\u0107i \u0107ete do \u017eeljenog rezultata bez razo\u010daranja.<\/p>\n<h3>1. Odaberite pravi tip<\/h3>\n<p>Uklju\u010divanjem filtara mo\u017eete jednostavno formirati popis ponuda prema jednom od tipova:<\/p>\n<ul>\n<li>SUV ili Crossover<\/li>\n<li>Standardni automobil<\/li>\n<li>Ekonomi\u010dni automobil<\/li>\n<li>Kompaktni automobil<\/li>\n<li>Mini automobil<\/li>\n<li>Kabriolet<\/li>\n<li>Minivan, kombi i ostalo.<\/li>\n<\/ul>\n<h3>2. Koristite dodatne opcije<\/h3>\n<p>Najam automobila u Casablanci mo\u017ee uklju\u010divati jednu ili vi\u0161e dodatnih usluga (pla\u0107ene ili besplatne):<\/p>\n<ul>\n<li>Zajam\u010deni model: Nema lo\u0161ih iznena\u0111enja prilikom preuzimanja vozila.<\/li>\n<li>Prijenos: Ne razmi\u0161ljajte dvaput, uzmite automatski.<\/li>\n<li>Dodatno osiguranje: Pla\u0107ena zna\u010dajka koja uklanja financijske rizike s potpunim pokri\u0107em ili SuperCDW-om.<\/li>\n<li>Dodatni voza\u010d: Jeste li znali da mo\u017eete dodati jednu osobu u ugovor?<\/li>\n<li>Dje\u010dje sjedalo: Postoje do \u010detiri vrste sigurnosnih sustava za djecu bilo koje dobi.<\/li>\n<li>Besplatno otkazivanje: Imate najmanje 48 sati za otkazivanje narud\u017ebe.<\/li>\n<li>Neograni\u010dena kilometra\u017ea: Besplatna zna\u010dajka s besplatnim miljama.<\/li>\n<li>Bez pologa: Svi vole kada nema blokiranja pologa na kreditnim karticama.<\/li>\n<li>Bez kreditne kartice: Mo\u017ee do\u0107i s dodatnim zahtjevima za sigurnosne provjere.<\/li>\n<li>SIM kartica: Brzi mobilni internet uvijek pri ruci.<\/li>\n<\/ul>\n<blockquote class=\"info\">\n<h2>Najam automobila Casablanca: Rezervacija putem RosCar<\/h2>\n<p>Najam automobila u Casablanci mo\u017ee se \u010diniti kao jedna od najjednostavnijih turisti\u010dkih usluga koje ste ikada koristili:<\/p>\n<ol>\n<li>Postavite lokacije i datume.<\/li>\n<li>Postavite filtre pretrage (tip, opcije i vi\u0161e)<\/li>\n<li>Rezervirajte sada bilo koje vozilo s popisa.<\/li>\n<li>Ispunite obrazac s detaljima.<\/li>\n<li>Potvrdite.<\/li>\n<\/ol>\n<p>Prijava \u0107e se smatrati potvr\u0111enom tek nakon uplate (14-20% iznosa) putem Pay Now. Debitna ili kreditna kartica prihva\u0107ena na RosCar.<\/p><\/blockquote>\n<h2>Cijena najma automobila u Casablanci<\/h2>\n<p>Ovdje su pribli\u017ene cijene koje mo\u017eete prona\u0107i u ovom gradu:<\/p>\n<ul>\n<li>15-25 $ za Mini-Ekonomi\u010dni<\/li>\n<li>30-40 $ za Kompakt-Standardni<\/li>\n<li>40-60 $ za Minivan, Kabriolet, Crossover ili SUV<\/li>\n<li>70 $ i vi\u0161e za Luksuzni.<\/li>\n<\/ul>\n<p>Najam automobila u Casablanci mo\u017ee biti skuplji ili jeftiniji do 40% ovisno o sljede\u0107im \u010dimbenicima:<\/p>\n<ul>\n<li>Broj rezerviranih dana (bolje je uzeti dugoro\u010dni najam automobila)<\/li>\n<li>Mjesto preuzimanja (zra\u010dna luka, grad ili dostava)<\/li>\n<li>Sezona i optere\u0107enje tvrtke<\/li>\n<li>Uklju\u010dene dodatne usluge.<\/li>\n<\/ul>\n<p>Evo kako usporediti cijenu:<\/p>\n<h3>Tablica s cijenama za najam automobila u Casablanci, Maroko<\/h3>\n<table border=\"1\">\n<thead>\n<tr>\n<th>Model automobila<\/th>\n<th>Tip karoserije<\/th>\n<th>Cijena po danu (niska sezona)<\/th>\n<th>Cijena po danu (visoka sezona)<\/th>\n<th>Putnici<\/th>\n<th>Kapacitet prtljage<\/th>\n<\/tr>\n<\/thead>\n<tbody>\n<tr>\n<td>Kia Picanto<\/td>\n<td>Hatchback<\/td>\n<td>20 \u20ac<\/td>\n<td>27 \u20ac<\/td>\n<td>4<\/td>\n<td>1<\/td>\n<\/tr>\n<tr>\n<td>Dacia Logan<\/td>\n<td>Sedan<\/td>\n<td>22 \u20ac<\/td>\n<td>30 \u20ac<\/td>\n<td>5<\/td>\n<td>2<\/td>\n<\/tr>\n<tr>\n<td>Renault Clio<\/td>\n<td>Hatchback<\/td>\n<td>25 \u20ac<\/td>\n<td>34 \u20ac<\/td>\n<td>5<\/td>\n<td>2<\/td>\n<\/tr>\n<tr>\n<td>Hyundai i20<\/td>\n<td>Hatchback<\/td>\n<td>24 \u20ac<\/td>\n<td>33 \u20ac<\/td>\n<td>5<\/td>\n<td>2<\/td>\n<\/tr>\n<tr>\n<td>Volkswagen Polo<\/td>\n<td>Hatchback<\/td>\n<td>26 \u20ac<\/td>\n<td>36 \u20ac<\/td>\n<td>5<\/td>\n<td>2<\/td>\n<\/tr>\n<tr>\n<td>Citro\u00ebn C-Elys\u00e9e<\/td>\n<td>Sedan<\/td>\n<td>27 \u20ac<\/td>\n<td>37 \u20ac<\/td>\n<td>5<\/td>\n<td>3<\/td>\n<\/tr>\n<tr>\n<td>Peugeot 301<\/td>\n<td>Sedan<\/td>\n<td>28 \u20ac<\/td>\n<td>38 \u20ac<\/td>\n<td>5<\/td>\n<td>3<\/td>\n<\/tr>\n<tr>\n<td>Dacia Duster<\/td>\n<td>SUV<\/td>\n<td>35 \u20ac<\/td>\n<td>46 \u20ac<\/td>\n<td>5<\/td>\n<td>3<\/td>\n<\/tr>\n<tr>\n<td>Renault Kadjar<\/td>\n<td>SUV<\/td>\n<td>48 \u20ac<\/td>\n<td>60 \u20ac<\/td>\n<td>5<\/td>\n<td>4<\/td>\n<\/tr>\n<tr>\n<td>Peugeot 3008<\/td>\n<td>SUV<\/td>\n<td>54 \u20ac<\/td>\n<td>68 \u20ac<\/td>\n<td>5<\/td>\n<td>4<\/td>\n<\/tr>\n<\/tbody>\n<\/table>\n        <div class=\"rpc-chart\">\n            <h3>Sezonske promjene u cijenama najma automobila u Casablanci: pregled temeljen na potvr\u0111enim rezervacijama<\/h3>\n            <div><p>U posljednje tri godine stru\u010dnjaci roscar.ma sustavno su analizirali promjene u prosje\u010dnoj cijeni najma automobila u Casablanci. Podaci se temelje isklju\u010divo na stvarnim narud\u017ebama postavljenim putem na\u0161e platforme, koja sura\u0111uje s pouzdanim lokalnim tvrtkama za najam automobila.<\/p>\n<p>Pra\u0107enje obuhva\u0107a sve kategorije vozila: od kompaktnih gradskih modela do SUV-ova, kabrioleta i luksuznih automobila. To nam omogu\u0107uje precizno pra\u0107enje sezonskih trendova i predvi\u0111anje fluktuacija cijena ovisno o potra\u017enji i turisti\u010dkim razdobljima.<\/p>\n<p>S dugogodi\u0161njim iskustvom u podru\u010dju najma automobila u Maroku, redovito a\u017euriramo informacije kako bismo korisnicima pru\u017eili aktualne i pouzdane podatke. To je posebno va\u017eno za one koji planiraju putovanje u Casablancu i tra\u017ee povoljne uvjete za prijevoz.<\/p>\n<\/div>\n            <div class=\"rpc-chart-bars\">\n                                    <div class=\"rpc-chart-column\">\n                        <div class=\"rpc-chart-inner\" style=\"height: 30.188679245283%\">\n                            <div class=\"rpc-chart-column-value\">16 \u20ac<\/div>\n                            <div class=\"rpc-chart-month\">JAN<\/div>\n                        <\/div>\n                    <\/div>\n                                    <div class=\"rpc-chart-column\">\n                        <div class=\"rpc-chart-inner\" style=\"height: 28.301886792453%\">\n                            <div class=\"rpc-chart-column-value\">15 \u20ac<\/div>\n                            <div class=\"rpc-chart-month\">FEB<\/div>\n                        <\/div>\n                    <\/div>\n                                    <div class=\"rpc-chart-column\">\n                        <div class=\"rpc-chart-inner\" style=\"height: 30.188679245283%\">\n                            <div class=\"rpc-chart-column-value\">16 \u20ac<\/div>\n                            <div class=\"rpc-chart-month\">MAR<\/div>\n                        <\/div>\n                    <\/div>\n                                    <div class=\"rpc-chart-column\">\n                        <div class=\"rpc-chart-inner\" style=\"height: 39.622641509434%\">\n                            <div class=\"rpc-chart-column-value\">21 \u20ac<\/div>\n                            <div class=\"rpc-chart-month\">APR<\/div>\n                        <\/div>\n                    <\/div>\n                                    <div class=\"rpc-chart-column\">\n                        <div class=\"rpc-chart-inner\" style=\"height: 32.075471698113%\">\n                            <div class=\"rpc-chart-column-value\">17 \u20ac<\/div>\n                            <div class=\"rpc-chart-month\">MAY<\/div>\n                        <\/div>\n                    <\/div>\n                                    <div class=\"rpc-chart-column\">\n                        <div class=\"rpc-chart-inner\" style=\"height: 33.962264150943%\">\n                            <div class=\"rpc-chart-column-value\">18 \u20ac<\/div>\n                            <div class=\"rpc-chart-month\">JUN<\/div>\n                        <\/div>\n                    <\/div>\n                                    <div class=\"rpc-chart-column\">\n                        <div class=\"rpc-chart-inner\" style=\"height: 54.716981132075%\">\n                            <div class=\"rpc-chart-column-value\">29 \u20ac<\/div>\n                            <div class=\"rpc-chart-month\">JUL<\/div>\n                        <\/div>\n                    <\/div>\n                                    <div class=\"rpc-chart-column\">\n                        <div class=\"rpc-chart-inner\" style=\"height: 62.264150943396%\">\n                            <div class=\"rpc-chart-column-value\">33 \u20ac<\/div>\n                            <div class=\"rpc-chart-month\">AUG<\/div>\n                        <\/div>\n                    <\/div>\n                                    <div class=\"rpc-chart-column\">\n                        <div class=\"rpc-chart-inner\" style=\"height: 43.396226415094%\">\n                            <div class=\"rpc-chart-column-value\">23 \u20ac<\/div>\n                            <div class=\"rpc-chart-month\">SEP<\/div>\n                        <\/div>\n                    <\/div>\n                                    <div class=\"rpc-chart-column\">\n                        <div class=\"rpc-chart-inner\" style=\"height: 39.622641509434%\">\n                            <div class=\"rpc-chart-column-value\">21 \u20ac<\/div>\n                            <div class=\"rpc-chart-month\">OCT<\/div>\n                        <\/div>\n                    <\/div>\n                                    <div class=\"rpc-chart-column\">\n                        <div class=\"rpc-chart-inner\" style=\"height: 33.962264150943%\">\n                            <div class=\"rpc-chart-column-value\">18 \u20ac<\/div>\n                            <div class=\"rpc-chart-month\">NOV<\/div>\n                        <\/div>\n                    <\/div>\n                                    <div class=\"rpc-chart-column\">\n                        <div class=\"rpc-chart-inner\" style=\"height: 41.509433962264%\">\n                            <div class=\"rpc-chart-column-value\">22 \u20ac<\/div>\n                            <div class=\"rpc-chart-month\">DEC<\/div>\n                        <\/div>\n                    <\/div>\n                            <\/div>\n        <\/div>\n        \n<h2>Najam automobila Casablanca: Dokumenti<\/h2>\n<p>Samo nekoliko dokumenata voza\u010d mora imati za preuzimanje automobila:<\/p>\n<ol>\n<li>Voza\u010dka dozvola<\/li>\n<li>Putovnica<\/li>\n<li>Kreditna kartica (polog, kredit ili provjera identiteta)<\/li>\n<li>Vau\u010der (Poslat \u0107emo vam jedan s potvrdom rezervacije).<\/li>\n<\/ol>\n","protected":false},"excerpt":{"rendered":"<p>Najam automobila Casablanca od RosCar Glavni gospodarski i kulturni grad Maroka uvijek je dobar po\u010detak za sjajno putovanje Sjevernom Afrikom. Jedinstvena arapska kultura, tisu\u0107e godina povijesti u modernoj arhitekturi, tradicija i ukusna hrana va\u0161 su plan akcije. No prvo morate iznajmiti automobil u Casablanci. Postoji nekoliko razloga za odabir putovanja automobilom ovdje: Puno je udobnije [&hellip;]<\/p>\n","protected":false},"author":1,"featured_media":144,"parent":0,"menu_order":0,"comment_status":"closed","ping_status":"closed","template":"","meta":{"footnotes":""},"class_list":["post-1317","page","type-page","status-publish","has-post-thumbnail",""],"_links":{"self":[{"href":"https:\/\/roscar.ma\/hr\/wp-json\/wp\/v2\/pages\/1317","targetHints":{"allow":["GET"]}}],"collection":[{"href":"https:\/\/roscar.ma\/hr\/wp-json\/wp\/v2\/pages"}],"about":[{"href":"https:\/\/roscar.ma\/hr\/wp-json\/wp\/v2\/types\/page"}],"author":[{"embeddable":true,"href":"https:\/\/roscar.ma\/hr\/wp-json\/wp\/v2\/users\/1"}],"replies":[{"embeddable":true,"href":"https:\/\/roscar.ma\/hr\/wp-json\/wp\/v2\/comments?post=1317"}],"version-history":[{"count":0,"href":"https:\/\/roscar.ma\/hr\/wp-json\/wp\/v2\/pages\/1317\/revisions"}],"wp:featuredmedia":[{"embeddable":true,"href":"https:\/\/roscar.ma\/hr\/wp-json\/wp\/v2\/media\/144"}],"wp:attachment":[{"href":"https:\/\/roscar.ma\/hr\/wp-json\/wp\/v2\/media?parent=1317"}],"curies":[{"name":"wp","href":"https:\/\/api.w.org\/{rel}","templated":true}]}}