{"id":1094,"date":"2025-07-17T09:45:33","date_gmt":"2025-07-17T09:45:33","guid":{"rendered":"https:\/\/roscar.ma\/?page_id=1094"},"modified":"2025-07-22T19:24:00","modified_gmt":"2025-07-22T19:24:00","slug":"najam-automobila-maroko","status":"publish","type":"page","link":"https:\/\/roscar.ma\/hr\/","title":{"rendered":"Najam automobila Maroko"},"content":{"rendered":"<h2>Najam automobila Maroko od RosCar<\/h2>\n<p>Tisu\u0107e godina povijesti i drevne arapske tradicije privla\u010de milijune turista poput magneta. Ovdje mo\u017eete prona\u0107i zvukove velike Sahare i Atlantskog oceana, kao i moderne i prapovijesne kulture, uz izvrsne uvjete za bilo koju vrstu putovanja.<\/p>\n<p>Ali moram li iznajmiti automobil u Maroku? To mo\u017eda nije jedina dostupna opcija, ali ima neke jasne prednosti:<\/p>\n<ul>\n<li>Slobodno kretanje gdje god \u017eelite<\/li>\n<li>Visoka udobnost i nenadma\u0161na prakti\u010dnost<\/li>\n<li>Veliki izbor vozila<\/li>\n<li>Dostupni su kratkoro\u010dni ili dugoro\u010dni najam automobila.<\/li>\n<\/ul>\n<p>\u017delite li krenuti na put \u0161to prije? Rezervirajte sada bilo koji automobil koji \u017eelite na RosCar: nekoliko klikova, ispunite standardni obrazac i uplatite polog za potvrdu.<\/p>\n<h2>Na putu do najma automobila u Maroku<\/h2>\n<p>Ovo je zadatak koji ne treba po\u017eurivati, ali ga ne treba odga\u0111ati za sutra. Stoga pro\u010ditajte mali pripremni vodi\u010d na putu do najma automobila u Maroku.<\/p>\n<h3>1. Prona\u0111ite pravi tip<\/h3>\n<p>Lo\u0161e odabrano vozilo ne\u0107e vam donijeti \u017eeljeno zadovoljstvo ili udobnost. Pogledajte popis i razmislite koji od ovih tipova zvu\u010di kao va\u0161e rje\u0161enje:<\/p>\n<ul>\n<li>Ekonomi\u010dni ili Mini (Jeftini najam automobila u Maroku)<\/li>\n<li>Standardni<\/li>\n<li>SUV ili Crossover<\/li>\n<li>Luksuzni<\/li>\n<li>Kabriolet<\/li>\n<li>Kombi ili Minivan.<\/li>\n<\/ul>\n<h3>2. Dodatne usluge<\/h3>\n<p>Nisu sve ove dodatne zna\u010dajke pla\u0107ene, ali svaka od njih je odli\u010dan izbor:<\/p>\n<ul>\n<li>Besplatno otkazivanje: Ovu opciju treba iskoristiti na vrijeme (do 48 sati prije polaska).<\/li>\n<li>Bez pologa: Najbolja zna\u010dajka za putnike s ograni\u010denim bud\u017eetom jer nema zadr\u017eavanja pologa na kreditnim karticama.<\/li>\n<li>Garantirani model: Dobijte barem ono \u0161to ste rezervirali.<\/li>\n<li>Dje\u010dja sjedalica: Zakonski uvjet za putovanje s djecom mla\u0111om od 10 godina.<\/li>\n<li>Dodatno osiguranje: Samo platite dodatno za Super CDW i potpunu pokrivenost za mir.<\/li>\n<li>SIM kartica: Uzmite jednu za u\u017eivanje u brzom internetu.<\/li>\n<li>Dodatni voza\u010d: Vi\u0161e veselih kilometara s prijateljem za volanom.<\/li>\n<li>Mjenja\u010d: Potra\u017eite automatski za opu\u0161tenu vo\u017enju.<\/li>\n<li>Neograni\u010dena kilometra\u017ea: Neograni\u010deni pogledi skriveni iza pustinja i morskih krajolika.<\/li>\n<\/ul>\n<blockquote class=\"check\">\n<h3>RosCar Maroko najam automobila u detaljima<\/h3>\n<p>Prona\u0111ite nekoliko minuta za najam automobila u Maroku:<\/p>\n<ol>\n<li>Postavite mjesta preuzimanja i vra\u0107anja.<\/li>\n<li>Navedite datume po\u010detka i zavr\u0161etka.<\/li>\n<li>Kliknite na &#8220;Filteri&#8221; za odabir \u017eeljenih dodataka.<\/li>\n<li>Kliknite na &#8220;Pogledaj&#8221; za dobivanje popisa.<\/li>\n<li>Rezervirajte sada.<\/li>\n<li>Ispunite obrazac i platite sada.<\/li>\n<\/ol>\n<p>Kada ste na stranici za pla\u0107anje, morate unijeti karticu za 20% pologa. Ne brinite, va\u0161i bankovni podaci su sigurni.<\/p><\/blockquote>\n<h2>Cijena najma automobila u Maroku<\/h2>\n<p>Evo nekoliko primjera koji \u0107e vam pomo\u0107i da razumijete cijenu najma automobila u Maroku:<\/p>\n<ul>\n<li>20-30 $ za Mini ili Ekonomi\u010dni<\/li>\n<li>45-55 $ za Standardni ili Minivan<\/li>\n<li>50-70 $ za SUV ili Crossover<\/li>\n<li>od 80 $ za Luksuzni ili Kabriolet.<\/li>\n<\/ul>\n<p>Ali mo\u017eete poku\u0161ati dobiti jeftinije:<\/p>\n<ul>\n<li>Uzmite dugoro\u010dni najam automobila (5 dana ili vi\u0161e)<\/li>\n<li>Postavite po\u010detni datum za sredinu tjedna<\/li>\n<li>Usporedite ne samo po cijeni, ve\u0107 i po opremi<\/li>\n<li>Rezervirajte online unaprijed.<\/li>\n<\/ul>\n<p>Vi\u0161e o usporedbi cijena:<\/p>\n<h3>Tablica s cijenama za najam automobila u Maroku<\/h3>\n<table border=\"1\" cellspacing=\"0\" cellpadding=\"8\">\n<thead>\n<tr>\n<th>Model automobila<\/th>\n<th>Tip karoserije<\/th>\n<th>Cijena po danu (niska sezona)<\/th>\n<th>Cijena po danu (visoka sezona)<\/th>\n<th>Putnici<\/th>\n<th>Kapacitet prtljage<\/th>\n<\/tr>\n<\/thead>\n<tbody>\n<tr>\n<td>Dacia Logan<\/td>\n<td>Limuzina<\/td>\n<td>23 \u20ac<\/td>\n<td>30 \u20ac<\/td>\n<td>5<\/td>\n<td>2<\/td>\n<\/tr>\n<tr>\n<td>Kia Picanto<\/td>\n<td>Hatchback<\/td>\n<td>20 \u20ac<\/td>\n<td>28 \u20ac<\/td>\n<td>4<\/td>\n<td>1<\/td>\n<\/tr>\n<tr>\n<td>Renault Clio<\/td>\n<td>Hatchback<\/td>\n<td>25 \u20ac<\/td>\n<td>35 \u20ac<\/td>\n<td>5<\/td>\n<td>2<\/td>\n<\/tr>\n<tr>\n<td>Dacia Duster<\/td>\n<td>SUV<\/td>\n<td>35 \u20ac<\/td>\n<td>45 \u20ac<\/td>\n<td>5<\/td>\n<td>3<\/td>\n<\/tr>\n<tr>\n<td>Hyundai Tucson<\/td>\n<td>SUV<\/td>\n<td>50 \u20ac<\/td>\n<td>65 \u20ac<\/td>\n<td>5<\/td>\n<td>4<\/td>\n<\/tr>\n<tr>\n<td>Peugeot 208<\/td>\n<td>Hatchback<\/td>\n<td>22 \u20ac<\/td>\n<td>32 \u20ac<\/td>\n<td>5<\/td>\n<td>2<\/td>\n<\/tr>\n<tr>\n<td>Volkswagen Polo<\/td>\n<td>Hatchback<\/td>\n<td>26 \u20ac<\/td>\n<td>36 \u20ac<\/td>\n<td>5<\/td>\n<td>2<\/td>\n<\/tr>\n<tr>\n<td>Citro\u00ebn C-Elys\u00e9e<\/td>\n<td>Limuzina<\/td>\n<td>24 \u20ac<\/td>\n<td>34 \u20ac<\/td>\n<td>5<\/td>\n<td>3<\/td>\n<\/tr>\n<tr>\n<td>Fiat Tipo<\/td>\n<td>Limuzina<\/td>\n<td>27 \u20ac<\/td>\n<td>37 \u20ac<\/td>\n<td>5<\/td>\n<td>3<\/td>\n<\/tr>\n<tr>\n<td>Renault Captur<\/td>\n<td>Crossover<\/td>\n<td>33 \u20ac<\/td>\n<td>43 \u20ac<\/td>\n<td>5<\/td>\n<td>3<\/td>\n<\/tr>\n<\/tbody>\n<\/table>\n        <div class=\"rpc-chart\">\n            <h3>Sezonske cijene najma automobila u Maroku<\/h3>\n            <div><p>Tablica u nastavku prikazuje analizu promjena prosje\u010dnih cijena najma automobila u Maroku tijekom posljednje tri godine. Podaci su temeljeni na stvarnim rezervacijama obavljenim putem roscar.ma, web stranice specijalizirane za najam automobila bez posrednika. Podaci obuhva\u0107aju sve klase automobila (od pristupa\u010dnih gradskih modela do SUV-ova, kabrioleta i premium segmenta).<\/p>\n<p>Zahvaljuju\u0107i na\u0161em dugogodi\u0161njem iskustvu u radu s putnicima i redovitom pra\u0107enju tr\u017ei\u0161ta, formirali smo objektivan pogled na sezonske fluktuacije cijena najma. Na\u0161a analiza bit \u0107e korisna svima koji planiraju putovanje u Maroko: unaprijed mo\u017eete odabrati razdoblje kada \u0107e najam automobila biti najpovoljniji.<\/p>\n<p>Preporu\u010dujemo kori\u0161tenje provjerenih informacija i prakti\u010dnih savjeta od RosCar Maroko kako biste svoje putovanje u\u010dinili ugodnim, sigurnim i ekonomi\u010dnim.<\/p>\n<\/div>\n            <div class=\"rpc-chart-bars\">\n                                    <div class=\"rpc-chart-column\">\n                        <div class=\"rpc-chart-inner\" style=\"height: 28.846153846154%\">\n                            <div class=\"rpc-chart-column-value\">15 \u20ac<\/div>\n                            <div class=\"rpc-chart-month\">JAN<\/div>\n                        <\/div>\n                    <\/div>\n                                    <div class=\"rpc-chart-column\">\n                        <div class=\"rpc-chart-inner\" style=\"height: 28.846153846154%\">\n                            <div class=\"rpc-chart-column-value\">15 \u20ac<\/div>\n                            <div class=\"rpc-chart-month\">FEB<\/div>\n                        <\/div>\n                    <\/div>\n                                    <div class=\"rpc-chart-column\">\n                        <div class=\"rpc-chart-inner\" style=\"height: 32.692307692308%\">\n                            <div class=\"rpc-chart-column-value\">17 \u20ac<\/div>\n                            <div class=\"rpc-chart-month\">MAR<\/div>\n                        <\/div>\n                    <\/div>\n                                    <div class=\"rpc-chart-column\">\n                        <div class=\"rpc-chart-inner\" style=\"height: 42.307692307692%\">\n                            <div class=\"rpc-chart-column-value\">22 \u20ac<\/div>\n                            <div class=\"rpc-chart-month\">APR<\/div>\n                        <\/div>\n                    <\/div>\n                                    <div class=\"rpc-chart-column\">\n                        <div class=\"rpc-chart-inner\" style=\"height: 32.692307692308%\">\n                            <div class=\"rpc-chart-column-value\">17 \u20ac<\/div>\n                            <div class=\"rpc-chart-month\">MAY<\/div>\n                        <\/div>\n                    <\/div>\n                                    <div class=\"rpc-chart-column\">\n                        <div class=\"rpc-chart-inner\" style=\"height: 30.769230769231%\">\n                            <div class=\"rpc-chart-column-value\">16 \u20ac<\/div>\n                            <div class=\"rpc-chart-month\">JUN<\/div>\n                        <\/div>\n                    <\/div>\n                                    <div class=\"rpc-chart-column\">\n                        <div class=\"rpc-chart-inner\" style=\"height: 55.769230769231%\">\n                            <div class=\"rpc-chart-column-value\">29 \u20ac<\/div>\n                            <div class=\"rpc-chart-month\">JUL<\/div>\n                        <\/div>\n                    <\/div>\n                                    <div class=\"rpc-chart-column\">\n                        <div class=\"rpc-chart-inner\" style=\"height: 61.538461538462%\">\n                            <div class=\"rpc-chart-column-value\">32 \u20ac<\/div>\n                            <div class=\"rpc-chart-month\">AUG<\/div>\n                        <\/div>\n                    <\/div>\n                                    <div class=\"rpc-chart-column\">\n                        <div class=\"rpc-chart-inner\" style=\"height: 38.461538461538%\">\n                            <div class=\"rpc-chart-column-value\">20 \u20ac<\/div>\n                            <div class=\"rpc-chart-month\">SEP<\/div>\n                        <\/div>\n                    <\/div>\n                                    <div class=\"rpc-chart-column\">\n                        <div class=\"rpc-chart-inner\" style=\"height: 36.538461538462%\">\n                            <div class=\"rpc-chart-column-value\">19 \u20ac<\/div>\n                            <div class=\"rpc-chart-month\">OCT<\/div>\n                        <\/div>\n                    <\/div>\n                                    <div class=\"rpc-chart-column\">\n                        <div class=\"rpc-chart-inner\" style=\"height: 32.692307692308%\">\n                            <div class=\"rpc-chart-column-value\">17 \u20ac<\/div>\n                            <div class=\"rpc-chart-month\">NOV<\/div>\n                        <\/div>\n                    <\/div>\n                                    <div class=\"rpc-chart-column\">\n                        <div class=\"rpc-chart-inner\" style=\"height: 44.230769230769%\">\n                            <div class=\"rpc-chart-column-value\">23 \u20ac<\/div>\n                            <div class=\"rpc-chart-month\">DEC<\/div>\n                        <\/div>\n                    <\/div>\n                            <\/div>\n        <\/div>\n        \n<h2>Najam automobila Maroko: Dokumenti<\/h2>\n<p>Imate li vi\u0161e od 21 (ili 25) godina s nekim iskustvom u vo\u017enji? Tada su vam potrebna samo tri dokumenta za najam automobila u Maroku:<\/p>\n<ol>\n<li>Putovnica<\/li>\n<li>Voza\u010dka dozvola<\/li>\n<li>Kreditna kartica (opcionalno).<\/li>\n<\/ol>\n<p>Tako\u0111er vam je potreban Voucher (potvrda rezervacije), ali \u0107ete ga dobiti odmah nakon potvrde rezervacije.<\/p>\n","protected":false},"excerpt":{"rendered":"<p>Najam automobila Maroko od RosCar Tisu\u0107e godina povijesti i drevne arapske tradicije privla\u010de milijune turista poput magneta. Ovdje mo\u017eete prona\u0107i zvukove velike Sahare i Atlantskog oceana, kao i moderne i prapovijesne kulture, uz izvrsne uvjete za bilo koju vrstu putovanja. Ali moram li iznajmiti automobil u Maroku? To mo\u017eda nije jedina dostupna opcija, ali ima [&hellip;]<\/p>\n","protected":false},"author":1,"featured_media":114,"parent":0,"menu_order":0,"comment_status":"closed","ping_status":"closed","template":"","meta":{"footnotes":""},"class_list":["post-1094","page","type-page","status-publish","has-post-thumbnail",""],"_links":{"self":[{"href":"https:\/\/roscar.ma\/hr\/wp-json\/wp\/v2\/pages\/1094","targetHints":{"allow":["GET"]}}],"collection":[{"href":"https:\/\/roscar.ma\/hr\/wp-json\/wp\/v2\/pages"}],"about":[{"href":"https:\/\/roscar.ma\/hr\/wp-json\/wp\/v2\/types\/page"}],"author":[{"embeddable":true,"href":"https:\/\/roscar.ma\/hr\/wp-json\/wp\/v2\/users\/1"}],"replies":[{"embeddable":true,"href":"https:\/\/roscar.ma\/hr\/wp-json\/wp\/v2\/comments?post=1094"}],"version-history":[{"count":1,"href":"https:\/\/roscar.ma\/hr\/wp-json\/wp\/v2\/pages\/1094\/revisions"}],"predecessor-version":[{"id":1095,"href":"https:\/\/roscar.ma\/hr\/wp-json\/wp\/v2\/pages\/1094\/revisions\/1095"}],"wp:featuredmedia":[{"embeddable":true,"href":"https:\/\/roscar.ma\/hr\/wp-json\/wp\/v2\/media\/114"}],"wp:attachment":[{"href":"https:\/\/roscar.ma\/hr\/wp-json\/wp\/v2\/media?parent=1094"}],"curies":[{"name":"wp","href":"https:\/\/api.w.org\/{rel}","templated":true}]}}