{"id":708,"date":"2025-07-17T09:45:33","date_gmt":"2025-07-17T09:45:33","guid":{"rendered":"https:\/\/roscar.ma\/?page_id=708"},"modified":"2025-07-21T12:49:39","modified_gmt":"2025-07-21T12:49:39","slug":"location-de-voiture-maroc","status":"publish","type":"page","link":"https:\/\/roscar.ma\/fr\/","title":{"rendered":"Location de voiture Maroc"},"content":{"rendered":"<h2>Location de voiture Maroc avec RosCar<\/h2>\n<p>Des milliers d&rsquo;ann\u00e9es d&rsquo;histoire et d&rsquo;anciennes traditions arabes attirent des millions de touristes comme un aimant. Vous y trouverez les sons du grand Sahara et de l&rsquo;oc\u00e9an Atlantique, des cultures modernes et pr\u00e9historiques, ainsi que d&rsquo;excellentes conditions pour tout type de voyage. Mais suis-je oblig\u00e9 de louer une voiture au Maroc ? Ce n&rsquo;est peut-\u00eatre pas la seule option possible, mais elle pr\u00e9sente des avantages ind\u00e9niables :<\/p>\n<ul>\n<li>Libre circulation o\u00f9 vous le souhaitez<\/li>\n<li>Grand confort et commodit\u00e9 in\u00e9gal\u00e9e<\/li>\n<li>Grand choix de v\u00e9hicules<\/li>\n<li>Il est possible de louer une voiture \u00e0 court ou \u00e0 long terme.<\/li>\n<\/ul>\n<p>Vous voulez prendre la route le plus rapidement possible ? R\u00e9servez maintenant la voiture de votre choix sur RosCar : quelques clics, remplissez un formulaire standard et effectuez un paiement anticip\u00e9 pour confirmation.<\/p>\n<h2>En route pour une location de voiture au Maroc<\/h2>\n<p>C&rsquo;est une t\u00e2che qu&rsquo;il ne faut pas pr\u00e9cipiter, mais qu&rsquo;il ne faut pas non plus remettre \u00e0 demain. Lisez donc un petit guide pr\u00e9paratoire sur le chemin de la location de voiture au Maroc.<\/p>\n<h3>1. Trouver le bon type de v\u00e9hicule<\/h3>\n<p>Un v\u00e9hicule mal choisi ne vous apportera ni le plaisir ni la commodit\u00e9 souhait\u00e9s. Jetez un coup d&rsquo;\u0153il \u00e0 la liste et r\u00e9fl\u00e9chissez au type de v\u00e9hicule qui vous convient le mieux :<\/p>\n<ul>\n<li>Economique ou Mini (Location de voiture bon march\u00e9 au Maroc)<\/li>\n<li>Standard<\/li>\n<li>SUV ou Crossover<\/li>\n<li>Luxe<\/li>\n<li>D\u00e9capotable<\/li>\n<li>Van ou Minivan.<\/li>\n<\/ul>\n<h3>2. Services suppl\u00e9mentaires<\/h3>\n<p>Tous ces services suppl\u00e9mentaires ne sont pas payants, mais chacun d&rsquo;entre eux est un excellent choix :<\/p>\n<ul>\n<li>Annulation gratuite : Cette option doit \u00eatre utilis\u00e9e \u00e0 temps (jusqu&rsquo;\u00e0 48 heures avant le d\u00e9part).<\/li>\n<li>Pas de d\u00e9p\u00f4t de garantie : La meilleure caract\u00e9ristique pour les voyageurs \u00e0 petit budget est qu&rsquo;il n&rsquo;y a pas de d\u00e9p\u00f4t de garantie sur les cartes de cr\u00e9dit.<\/li>\n<li>Mod\u00e8le garanti : Vous obtenez au moins ce que vous avez r\u00e9serv\u00e9.<\/li>\n<li>Si\u00e8ge pour enfant : une exigence l\u00e9gale pour voyager avec des enfants de 10 ans ou moins \u00e0 bord.<\/li>\n<li>Assurance suppl\u00e9mentaire : Il suffit de payer un suppl\u00e9ment pour b\u00e9n\u00e9ficier de la Super CDW et de la Full Coverage pour avoir l&rsquo;esprit tranquille.<\/li>\n<li>Carte SIM : Prenez-en une pour profiter de l&rsquo;internet \u00e0 haut d\u00e9bit.<\/li>\n<li>Conducteur suppl\u00e9mentaire : Des kilom\u00e8tres plus joyeux avec un ami au volant.<\/li>\n<li>Transmission : Choisissez une bo\u00eete automatique pour des trajets plus d\u00e9tendus.<\/li>\n<li>Kilom\u00e9trage illimit\u00e9 : Des vues illimit\u00e9es cach\u00e9es derri\u00e8re les d\u00e9serts et les paysages marins.<\/li>\n<\/ul>\n<blockquote class=\"check\">\n<h3>RosCar Morocco car rentals in details<\/h3>\n<p>Trouvez quelques minutes pour louer une voiture au Maroc :<\/p>\n<ol>\n<li>D\u00e9finissez les lieux de prise en charge et de restitution.<\/li>\n<li>Sp\u00e9cifiez les dates de d\u00e9but et de fin.<\/li>\n<li>Cliquez sur \u00ab\u00a0Filtres\u00a0\u00bb pour s\u00e9lectionner les options souhait\u00e9es.<\/li>\n<li>Cliquez sur \u00ab\u00a0Afficher\u00a0\u00bb pour obtenir une liste.<\/li>\n<li>R\u00e9servez maintenant.<\/li>\n<li>Remplissez le formulaire et payez maintenant.<\/li>\n<\/ol>\n<p>Une fois que vous \u00eates sur la page de paiement, vous devez entrer une carte pour un pr\u00e9paiement de 20 %. Ne vous inqui\u00e9tez pas, vos donn\u00e9es bancaires sont en s\u00e9curit\u00e9.<\/p><\/blockquote>\n<h2>Le co\u00fbt d&rsquo;une location de voiture au Maroc<\/h2>\n<p>Voici quelques exemples pour vous aider \u00e0 comprendre le prix d&rsquo;une location de voiture au Maroc :<\/p>\n<ul>\n<li>20-30 $ pour une Mini ou une Economique<\/li>\n<li>45-55 $ pour une Standard ou Minivan<\/li>\n<li>50-70 $ pour un SUV ou un Crossover<\/li>\n<li>\u00e0 partir de 80 $ pour une voiture de luxe ou d\u00e9capotable.<\/li>\n<\/ul>\n<p>Mais vous pouvez essayer d&rsquo;obtenir moins cher :<\/p>\n<ul>\n<li>Prendre une location de voiture \u00e0 long terme (5 jours ou plus)<\/li>\n<li>Fixez la date de d\u00e9part au milieu de la semaine.<\/li>\n<li>Comparez non seulement les prix, mais aussi les \u00e9quipements.<\/li>\n<li>R\u00e9servez en ligne longtemps \u00e0 l&rsquo;avance.<\/li>\n<\/ul>\n<p>En savoir plus sur la comparaison des prix :<\/p>\n<h3>Tableau des prix de location de voiture au Maroc<\/h3>\n<table border=\"1\" cellspacing=\"0\" cellpadding=\"8\">\n<thead>\n<tr>\n<th>Mod\u00e8le de voiture<\/th>\n<th>Type de carrosserie<\/th>\n<th>Prix par jour (basse saison)<\/th>\n<th>Prix par jour (haute saison)<\/th>\n<th>Nombre de passagers<\/th>\n<th>Capacit\u00e9 de bagages<\/th>\n<\/tr>\n<\/thead>\n<tbody>\n<tr>\n<td>Dacia Logan<\/td>\n<td>Berline<\/td>\n<td>23 \u20ac<\/td>\n<td>30 \u20ac<\/td>\n<td>5<\/td>\n<td>2<\/td>\n<\/tr>\n<tr>\n<td>Kia Picanto<\/td>\n<td>Hatchback<\/td>\n<td>20 \u20ac<\/td>\n<td>28 \u20ac<\/td>\n<td>4<\/td>\n<td>1<\/td>\n<\/tr>\n<tr>\n<td>Renault Clio<\/td>\n<td>Hatchback<\/td>\n<td>25 \u20ac<\/td>\n<td>35 \u20ac<\/td>\n<td>5<\/td>\n<td>2<\/td>\n<\/tr>\n<tr>\n<td>Dacia Duster<\/td>\n<td>SUV<\/td>\n<td>35 \u20ac<\/td>\n<td>45 \u20ac<\/td>\n<td>5<\/td>\n<td>3<\/td>\n<\/tr>\n<tr>\n<td>Hyundai Tucson<\/td>\n<td>SUV<\/td>\n<td>50 \u20ac<\/td>\n<td>65 \u20ac<\/td>\n<td>5<\/td>\n<td>4<\/td>\n<\/tr>\n<tr>\n<td>Peugeot 208<\/td>\n<td>Hatchback<\/td>\n<td>22 \u20ac<\/td>\n<td>32 \u20ac<\/td>\n<td>5<\/td>\n<td>2<\/td>\n<\/tr>\n<tr>\n<td>Volkswagen Polo<\/td>\n<td>Hatchback<\/td>\n<td>26 \u20ac<\/td>\n<td>36 \u20ac<\/td>\n<td>5<\/td>\n<td>2<\/td>\n<\/tr>\n<tr>\n<td>Citro\u00ebn C-Elys\u00e9e<\/td>\n<td>Berline<\/td>\n<td>24 \u20ac<\/td>\n<td>34 \u20ac<\/td>\n<td>5<\/td>\n<td>3<\/td>\n<\/tr>\n<tr>\n<td>Fiat Tipo<\/td>\n<td>Berline<\/td>\n<td>27 \u20ac<\/td>\n<td>37 \u20ac<\/td>\n<td>5<\/td>\n<td>3<\/td>\n<\/tr>\n<tr>\n<td>Renault Captur<\/td>\n<td>Crossover<\/td>\n<td>33 \u20ac<\/td>\n<td>43 \u20ac<\/td>\n<td>5<\/td>\n<td>3<\/td>\n<\/tr>\n<\/tbody>\n<\/table>\n        <div class=\"rpc-chart\">\n            <h3>Prix saisonniers de location de voiture au Maroc<\/h3>\n            <div><p>Le tableau ci-dessous montre une analyse des changements dans les prix moyens de location de voiture au Maroc au cours des trois derni\u00e8res ann\u00e9es. Les informations sont bas\u00e9es sur des r\u00e9servations r\u00e9elles effectu\u00e9es par l'interm\u00e9diaire de roscar.ma, un site web sp\u00e9cialis\u00e9 dans la location de voitures sans interm\u00e9diaire. Les donn\u00e9es couvrent toutes les cat\u00e9gories de voitures (des mod\u00e8les urbains abordables aux SUV, cabriolets et au segment haut de gamme).<\/p>\n<p>Gr\u00e2ce \u00e0 notre longue exp\u00e9rience aupr\u00e8s des voyageurs et \u00e0 un suivi r\u00e9gulier du march\u00e9, nous avons pu nous forger une opinion objective sur les fluctuations saisonni\u00e8res des prix de location. Notre analyse sera utile \u00e0 tous ceux qui pr\u00e9parent un voyage au Maroc : vous pourrez choisir \u00e0 l'avance la p\u00e9riode o\u00f9 la location d'une voiture sera la plus avantageuse.<\/p>\n<p>Nous vous recommandons d'utiliser les informations v\u00e9rifi\u00e9es et les conseils pratiques de RosCar Maroc pour rendre votre voyage confortable, s\u00fbr et \u00e9conomique.<\/p>\n<\/div>\n            <div class=\"rpc-chart-bars\">\n                                    <div class=\"rpc-chart-column\">\n                        <div class=\"rpc-chart-inner\" style=\"height: 28.846153846154%\">\n                            <div class=\"rpc-chart-column-value\">15 \u20ac<\/div>\n                            <div class=\"rpc-chart-month\">JAN<\/div>\n                        <\/div>\n                    <\/div>\n                                    <div class=\"rpc-chart-column\">\n                        <div class=\"rpc-chart-inner\" style=\"height: 28.846153846154%\">\n                            <div class=\"rpc-chart-column-value\">15 \u20ac<\/div>\n                            <div class=\"rpc-chart-month\">FEB<\/div>\n                        <\/div>\n                    <\/div>\n                                    <div class=\"rpc-chart-column\">\n                        <div class=\"rpc-chart-inner\" style=\"height: 32.692307692308%\">\n                            <div class=\"rpc-chart-column-value\">17 \u20ac<\/div>\n                            <div class=\"rpc-chart-month\">MAR<\/div>\n                        <\/div>\n                    <\/div>\n                                    <div class=\"rpc-chart-column\">\n                        <div class=\"rpc-chart-inner\" style=\"height: 42.307692307692%\">\n                            <div class=\"rpc-chart-column-value\">22 \u20ac<\/div>\n                            <div class=\"rpc-chart-month\">APR<\/div>\n                        <\/div>\n                    <\/div>\n                                    <div class=\"rpc-chart-column\">\n                        <div class=\"rpc-chart-inner\" style=\"height: 32.692307692308%\">\n                            <div class=\"rpc-chart-column-value\">17 \u20ac<\/div>\n                            <div class=\"rpc-chart-month\">MAY<\/div>\n                        <\/div>\n                    <\/div>\n                                    <div class=\"rpc-chart-column\">\n                        <div class=\"rpc-chart-inner\" style=\"height: 30.769230769231%\">\n                            <div class=\"rpc-chart-column-value\">16 \u20ac<\/div>\n                            <div class=\"rpc-chart-month\">JUN<\/div>\n                        <\/div>\n                    <\/div>\n                                    <div class=\"rpc-chart-column\">\n                        <div class=\"rpc-chart-inner\" style=\"height: 55.769230769231%\">\n                            <div class=\"rpc-chart-column-value\">29 \u20ac<\/div>\n                            <div class=\"rpc-chart-month\">JUL<\/div>\n                        <\/div>\n                    <\/div>\n                                    <div class=\"rpc-chart-column\">\n                        <div class=\"rpc-chart-inner\" style=\"height: 61.538461538462%\">\n                            <div class=\"rpc-chart-column-value\">32 \u20ac<\/div>\n                            <div class=\"rpc-chart-month\">AUG<\/div>\n                        <\/div>\n                    <\/div>\n                                    <div class=\"rpc-chart-column\">\n                        <div class=\"rpc-chart-inner\" style=\"height: 38.461538461538%\">\n                            <div class=\"rpc-chart-column-value\">20 \u20ac<\/div>\n                            <div class=\"rpc-chart-month\">SEP<\/div>\n                        <\/div>\n                    <\/div>\n                                    <div class=\"rpc-chart-column\">\n                        <div class=\"rpc-chart-inner\" style=\"height: 36.538461538462%\">\n                            <div class=\"rpc-chart-column-value\">19 \u20ac<\/div>\n                            <div class=\"rpc-chart-month\">OCT<\/div>\n                        <\/div>\n                    <\/div>\n                                    <div class=\"rpc-chart-column\">\n                        <div class=\"rpc-chart-inner\" style=\"height: 32.692307692308%\">\n                            <div class=\"rpc-chart-column-value\">17 \u20ac<\/div>\n                            <div class=\"rpc-chart-month\">NOV<\/div>\n                        <\/div>\n                    <\/div>\n                                    <div class=\"rpc-chart-column\">\n                        <div class=\"rpc-chart-inner\" style=\"height: 44.230769230769%\">\n                            <div class=\"rpc-chart-column-value\">23 \u20ac<\/div>\n                            <div class=\"rpc-chart-month\">DEC<\/div>\n                        <\/div>\n                    <\/div>\n                            <\/div>\n        <\/div>\n        \n<h2>Louer une voiture au Maroc : Documents<\/h2>\n<p>Vous avez plus de 21 (ou 25) ans et une certaine exp\u00e9rience de la conduite ? Dans ce cas, vous n&rsquo;avez besoin que de trois documents pour louer une voiture au Maroc :<\/p>\n<ol>\n<li>Passeport<\/li>\n<li>Permis de conduire<\/li>\n<li>Carte de cr\u00e9dit (facultatif).<\/li>\n<\/ol>\n<p>Vous avez \u00e9galement besoin d&rsquo;un Voucher (certificat de r\u00e9servation), mais vous le recevrez imm\u00e9diatement apr\u00e8s la confirmation de votre r\u00e9servation.<\/p>\n","protected":false},"excerpt":{"rendered":"<p>Location de voiture Maroc avec RosCar Des milliers d&rsquo;ann\u00e9es d&rsquo;histoire et d&rsquo;anciennes traditions arabes attirent des millions de touristes comme un aimant. Vous y trouverez les sons du grand Sahara et de l&rsquo;oc\u00e9an Atlantique, des cultures modernes et pr\u00e9historiques, ainsi que d&rsquo;excellentes conditions pour tout type de voyage. Mais suis-je oblig\u00e9 de louer une voiture [&hellip;]<\/p>\n","protected":false},"author":1,"featured_media":119,"parent":0,"menu_order":0,"comment_status":"closed","ping_status":"closed","template":"","meta":{"footnotes":""},"class_list":["post-708","page","type-page","status-publish","has-post-thumbnail",""],"_links":{"self":[{"href":"https:\/\/roscar.ma\/fr\/wp-json\/wp\/v2\/pages\/708","targetHints":{"allow":["GET"]}}],"collection":[{"href":"https:\/\/roscar.ma\/fr\/wp-json\/wp\/v2\/pages"}],"about":[{"href":"https:\/\/roscar.ma\/fr\/wp-json\/wp\/v2\/types\/page"}],"author":[{"embeddable":true,"href":"https:\/\/roscar.ma\/fr\/wp-json\/wp\/v2\/users\/1"}],"replies":[{"embeddable":true,"href":"https:\/\/roscar.ma\/fr\/wp-json\/wp\/v2\/comments?post=708"}],"version-history":[{"count":0,"href":"https:\/\/roscar.ma\/fr\/wp-json\/wp\/v2\/pages\/708\/revisions"}],"wp:featuredmedia":[{"embeddable":true,"href":"https:\/\/roscar.ma\/fr\/wp-json\/wp\/v2\/media\/119"}],"wp:attachment":[{"href":"https:\/\/roscar.ma\/fr\/wp-json\/wp\/v2\/media?parent=708"}],"curies":[{"name":"wp","href":"https:\/\/api.w.org\/{rel}","templated":true}]}}