{"id":2514,"date":"2025-07-17T11:33:38","date_gmt":"2025-07-17T11:33:38","guid":{"rendered":"https:\/\/roscar.ma\/?page_id=2514"},"modified":"2025-07-26T18:01:43","modified_gmt":"2025-07-26T18:01:43","slug":"location-de-voiture-tanger","status":"publish","type":"page","link":"https:\/\/roscar.ma\/fr\/location-de-voiture-tanger\/","title":{"rendered":"Location De Voiture Tanger"},"content":{"rendered":"<h2>Location De Voiture Tanger avec RosCar<\/h2>\n<p>Le nord du Maroc est l&rsquo;endroit o\u00f9 deux continents (Europe et Afrique) se rencontrent, o\u00f9 le climat est chaud 365 jours par an, et toujours des souvenirs lumineux. Ici, vous pouvez louer une voiture \u00e0 Tanger et faire passer votre voyage \u00e0 un niveau sup\u00e9rieur :<\/p>\n<ul>\n<li>Moins de d\u00e9penses en transports publics ou en taxis<\/li>\n<li>Libert\u00e9 de se d\u00e9placer quand vous le souhaitez<\/li>\n<li>Prise en charge et r\u00e9servation faciles 24 heures sur 24, 7 jours sur 7<\/li>\n<li>Des prix bas pour une qualit\u00e9 sup\u00e9rieure.<\/li>\n<\/ul>\n<p>Vous \u00eates toujours \u00e0 la recherche du meilleur rapport qualit\u00e9-prix pour chaque dollar d\u00e9pens\u00e9 ? Cherchez votre v\u00e9hicule sur RosCar, r\u00e9servez et utilisez la carte pour la confirmation (jusqu&rsquo;\u00e0 20 % du montant). Oui, c&rsquo;est aussi simple que cela.<\/p>\n<h2>Location De Voiture Tanger : Le guide<\/h2>\n<p>Choisir la bonne location de voiture \u00e0 Tanger peut ne pas sembler \u00eatre une t\u00e2che facile, compte tenu de votre budget, de votre style de voyage et de vos besoins. Mais deux \u00e9tapes suffisent pour vous mener \u00e0 bon port.<\/p>\n<h3>1. Le type de v\u00e9hicule<\/h3>\n<p>Spacieux ou compact, bon march\u00e9 ou cher ? Utilisez les filtres pour choisir le v\u00f4tre :<\/p>\n<ul>\n<li>Voiture \u00e9conomique<\/li>\n<li>Voiture compacte<\/li>\n<li>SUV ou Crossover<\/li>\n<li>Mini voiture<\/li>\n<li>Voiture standard<\/li>\n<li>Voiture de luxe<\/li>\n<li>D\u00e9capotable<\/li>\n<li>Fourgonnette, Minivan et autres.<\/li>\n<\/ul>\n<h3>2. Services suppl\u00e9mentaires<\/h3>\n<p>C&rsquo;est peut-\u00eatre le moyen le plus simple et le plus abordable d&rsquo;am\u00e9liorer la qualit\u00e9 de vos voyages gr\u00e2ce aux caract\u00e9ristiques suivantes :<\/p>\n<ul>\n<li>Annulation gratuite : Cette option ne peut \u00eatre utilis\u00e9e que 48 heures avant la date de d\u00e9part.<\/li>\n<li>Pas de carte de cr\u00e9dit : Il y a toujours un grand choix de v\u00e9hicules.<\/li>\n<li>Carte SIM : Tout le monde a besoin d&rsquo;un acc\u00e8s rapide \u00e0 l&rsquo;internet ou d&rsquo;appels lors de ses d\u00e9placements.<\/li>\n<li>Conducteur suppl\u00e9mentaire : Il est toujours bon d&rsquo;avoir quelqu&rsquo;un pr\u00eat \u00e0 conduire pour vous.<\/li>\n<li>Kilom\u00e9trage illimit\u00e9 : Un grand plus pour une location de voiture bon march\u00e9 \u00e0 Tanger.<\/li>\n<li>Pas de caution : Peut \u00eatre 10-15% plus cher, mais vient avec aucun blocage de d\u00e9p\u00f4t sur les cartes de cr\u00e9dit.<\/li>\n<li>Si\u00e8ge enfant : Les enfants de moins de 10 ans ne peuvent \u00eatre d\u00e9plac\u00e9s que dans un si\u00e8ge enfant (rang\u00e9e arri\u00e8re).<\/li>\n<li>Assurance compl\u00e9mentaire : La libert\u00e9 financi\u00e8re n&rsquo;est pas remise en cause avec la SuperCDW ou la Full Coverage.<\/li>\n<li>Mod\u00e8le garanti : Vous avez r\u00e9serv\u00e9 une Toyota Corolla ? Vous obtiendrez exactement la Toyota Corolla.<\/li>\n<li>Transmission : Manuel ou automatique. Bon march\u00e9 ou confortable.<\/li>\n<\/ul>\n<blockquote class=\"info\">\n<h2>Location de voitures \u00e0 Tanger : R\u00e9servation<\/h2>\n<p>Vous avez cinq minutes ? Vous pouvez louer n&rsquo;importe quel v\u00e9hicule sur RosCar de la mani\u00e8re suivante :<\/p>\n<ol>\n<li>Indiquez les dates de d\u00e9but et de fin, ainsi que les lieux,<\/li>\n<li>Allez dans les filtres et cliquez sur ceux qui vous int\u00e9ressent. Vous obtenez une liste.<\/li>\n<li>S\u00e9lectionnez votre voiture via R\u00e9server maintenant.<\/li>\n<li>S\u00e9lectionnez le type de paiement, l&rsquo;assurance et les caract\u00e9ristiques suppl\u00e9mentaires dans le formulaire.<\/li>\n<li>Ajoutez d&rsquo;autres informations et Confirmez.<\/li>\n<li>Payez maintenant.<\/li>\n<\/ol>\n<p>Les locations de voitures \u00e0 Tanger peuvent \u00eatre r\u00e9serv\u00e9es par toute personne ayant un permis de conduire (plus de 21 ans) et une carte bancaire (jusqu&rsquo;\u00e0 20 % pour le paiement de confirmation). 80% du solde est pay\u00e9 sur place, par la m\u00e9thode que vous avez sp\u00e9cifi\u00e9e dans le formulaire.<\/p><\/blockquote>\n<h2>Prix de la location de voiture \u00e0 Tanger<\/h2>\n<p>Dans cette partie du Maroc, vous pouvez trouver des prix assez bas pour la location de voiture \u00e0 Tanger :<\/p>\n<ul>\n<li>15-20 $ pour une voiture \u00e9conomique ou une mini<\/li>\n<li>25-30 $ pour Standard<\/li>\n<li>35-50 $ pour un Minivan, SUV, 4&#215;4, ou Crossover<\/li>\n<li>60$ et plus pour une voiture de luxe ou d\u00e9capotable.<\/li>\n<\/ul>\n<p>En pleine saison touristique, les prix peuvent augmenter jusqu&rsquo;\u00e0 60 %, voire plus. C&rsquo;est pourquoi vous devriez prendre en compte les conseils suivants pour r\u00e9duire les co\u00fbts :<\/p>\n<ul>\n<li>R\u00e9servez le plus t\u00f4t possible<\/li>\n<li>Choisissez un type de v\u00e9hicule qui ne menace pas votre budget.<\/li>\n<li>Recherchez des options gratuites (pas de d\u00e9p\u00f4t, pas de carte de cr\u00e9dit, kilom\u00e9trage illimit\u00e9, etc.)<\/li>\n<li>Fixez la date de d\u00e9part au milieu de la semaine.<\/li>\n<\/ul>\n<p>Comparez \u00e9galement les prix :<\/p>\n<h3>Tableau des prix de location de voiture \u00e0 Tanger, Maroc<\/h3>\n<table>\n<thead>\n<tr>\n<th>Mod\u00e8le de voiture<\/th>\n<th>Type de carrosserie<\/th>\n<th>Prix par jour (basse saison)<\/th>\n<th>Prix par jour (haute saison)<\/th>\n<th>Nombre de passagers<\/th>\n<th>Capacit\u00e9 de bagages<\/th>\n<\/tr>\n<\/thead>\n<tbody>\n<tr>\n<td>Fiat Panda<\/td>\n<td>Berline<\/td>\n<td>20 \u20ac<\/td>\n<td>27 \u20ac<\/td>\n<td>4<\/td>\n<td>1<\/td>\n<\/tr>\n<tr>\n<td>Kia Picanto<\/td>\n<td>Hatchback<\/td>\n<td>22 \u20ac<\/td>\n<td>29 \u20ac<\/td>\n<td>4<\/td>\n<td>1<\/td>\n<\/tr>\n<tr>\n<td>Dacia Logan<\/td>\n<td>Berline<\/td>\n<td>24 \u20ac<\/td>\n<td>32 \u20ac<\/td>\n<td>5<\/td>\n<td>2<\/td>\n<\/tr>\n<tr>\n<td>Peugeot 208<\/td>\n<td>Hatchback<\/td>\n<td>26 \u20ac<\/td>\n<td>35 \u20ac<\/td>\n<td>5<\/td>\n<td>2<\/td>\n<\/tr>\n<tr>\n<td>Renault Clio<\/td>\n<td>Hatchback<\/td>\n<td>27 \u20ac<\/td>\n<td>36 \u20ac<\/td>\n<td>5<\/td>\n<td>2<\/td>\n<\/tr>\n<tr>\n<td>Citro\u00ebn C-Elys\u00e9e<\/td>\n<td>Berline<\/td>\n<td>29 \u20ac<\/td>\n<td>39 \u20ac<\/td>\n<td>5<\/td>\n<td>3<\/td>\n<\/tr>\n<tr>\n<td>Hyundai i20<\/td>\n<td>Hatchback<\/td>\n<td>28 \u20ac<\/td>\n<td>38 \u20ac<\/td>\n<td>5<\/td>\n<td>2<\/td>\n<\/tr>\n<tr>\n<td>Dacia Duster<\/td>\n<td>SUV<\/td>\n<td>38 \u20ac<\/td>\n<td>49 \u20ac<\/td>\n<td>5<\/td>\n<td>3<\/td>\n<\/tr>\n<tr>\n<td>Renault Kadjar<\/td>\n<td>SUV<\/td>\n<td>50 \u20ac<\/td>\n<td>62 \u20ac<\/td>\n<td>5<\/td>\n<td>4<\/td>\n<\/tr>\n<tr>\n<td>Peugeot 3008<\/td>\n<td>SUV<\/td>\n<td>55 \u20ac<\/td>\n<td>70 \u20ac<\/td>\n<td>5<\/td>\n<td>4<\/td>\n<\/tr>\n<\/tbody>\n<\/table>\n        <div class=\"rpc-chart\">\n            <h3>Comment les prix de location de voiture \u00e9voluent \u00e0 Tanger : un aper\u00e7u bas\u00e9 sur des r\u00e9servations r\u00e9elles<\/h3>\n            <div><p>Au cours des trois derni\u00e8res ann\u00e9es, roscar.ma a surveill\u00e9 les prix de location de voitures \u00e0 Tanger. Toutes les donn\u00e9es pr\u00e9sent\u00e9es ici sont bas\u00e9es sur des r\u00e9servations r\u00e9elles, ce qui nous permet de nous faire une id\u00e9e fiable des fluctuations saisonni\u00e8res des prix de location.<\/p>\n<p>L'analyse porte sur diff\u00e9rentes cat\u00e9gories de voitures, des mod\u00e8les compacts aux SUV, en passant par les cabriolets et les voitures haut de gamme. Cela nous permet de voir comment l'activit\u00e9 touristique et la p\u00e9riode de l'ann\u00e9e affectent les prix.<\/p>\n<p>Les sp\u00e9cialistes de RosCar Maroc ont une grande exp\u00e9rience du service client au Maroc et offrent des informations v\u00e9rifi\u00e9es qui seront utiles \u00e0 tous ceux qui pr\u00e9parent un voyage \u00e0 Tanger et qui veulent planifier leurs co\u00fbts de transport de mani\u00e8re efficace.<\/p>\n<\/div>\n            <div class=\"rpc-chart-bars\">\n                                    <div class=\"rpc-chart-column\">\n                        <div class=\"rpc-chart-inner\" style=\"height: 24.528301886792%\">\n                            <div class=\"rpc-chart-column-value\">13 \u20ac<\/div>\n                            <div class=\"rpc-chart-month\">JAN<\/div>\n                        <\/div>\n                    <\/div>\n                                    <div class=\"rpc-chart-column\">\n                        <div class=\"rpc-chart-inner\" style=\"height: 26.415094339623%\">\n                            <div class=\"rpc-chart-column-value\">14 \u20ac<\/div>\n                            <div class=\"rpc-chart-month\">FEB<\/div>\n                        <\/div>\n                    <\/div>\n                                    <div class=\"rpc-chart-column\">\n                        <div class=\"rpc-chart-inner\" style=\"height: 28.301886792453%\">\n                            <div class=\"rpc-chart-column-value\">15 \u20ac<\/div>\n                            <div class=\"rpc-chart-month\">MAR<\/div>\n                        <\/div>\n                    <\/div>\n                                    <div class=\"rpc-chart-column\">\n                        <div class=\"rpc-chart-inner\" style=\"height: 45.283018867925%\">\n                            <div class=\"rpc-chart-column-value\">24 \u20ac<\/div>\n                            <div class=\"rpc-chart-month\">APR<\/div>\n                        <\/div>\n                    <\/div>\n                                    <div class=\"rpc-chart-column\">\n                        <div class=\"rpc-chart-inner\" style=\"height: 32.075471698113%\">\n                            <div class=\"rpc-chart-column-value\">17 \u20ac<\/div>\n                            <div class=\"rpc-chart-month\">MAY<\/div>\n                        <\/div>\n                    <\/div>\n                                    <div class=\"rpc-chart-column\">\n                        <div class=\"rpc-chart-inner\" style=\"height: 30.188679245283%\">\n                            <div class=\"rpc-chart-column-value\">16 \u20ac<\/div>\n                            <div class=\"rpc-chart-month\">JUN<\/div>\n                        <\/div>\n                    <\/div>\n                                    <div class=\"rpc-chart-column\">\n                        <div class=\"rpc-chart-inner\" style=\"height: 52.830188679245%\">\n                            <div class=\"rpc-chart-column-value\">28 \u20ac<\/div>\n                            <div class=\"rpc-chart-month\">JUL<\/div>\n                        <\/div>\n                    <\/div>\n                                    <div class=\"rpc-chart-column\">\n                        <div class=\"rpc-chart-inner\" style=\"height: 62.264150943396%\">\n                            <div class=\"rpc-chart-column-value\">33 \u20ac<\/div>\n                            <div class=\"rpc-chart-month\">AUG<\/div>\n                        <\/div>\n                    <\/div>\n                                    <div class=\"rpc-chart-column\">\n                        <div class=\"rpc-chart-inner\" style=\"height: 39.622641509434%\">\n                            <div class=\"rpc-chart-column-value\">21 \u20ac<\/div>\n                            <div class=\"rpc-chart-month\">SEP<\/div>\n                        <\/div>\n                    <\/div>\n                                    <div class=\"rpc-chart-column\">\n                        <div class=\"rpc-chart-inner\" style=\"height: 35.849056603774%\">\n                            <div class=\"rpc-chart-column-value\">19 \u20ac<\/div>\n                            <div class=\"rpc-chart-month\">OCT<\/div>\n                        <\/div>\n                    <\/div>\n                                    <div class=\"rpc-chart-column\">\n                        <div class=\"rpc-chart-inner\" style=\"height: 32.075471698113%\">\n                            <div class=\"rpc-chart-column-value\">17 \u20ac<\/div>\n                            <div class=\"rpc-chart-month\">NOV<\/div>\n                        <\/div>\n                    <\/div>\n                                    <div class=\"rpc-chart-column\">\n                        <div class=\"rpc-chart-inner\" style=\"height: 41.509433962264%\">\n                            <div class=\"rpc-chart-column-value\">22 \u20ac<\/div>\n                            <div class=\"rpc-chart-month\">DEC<\/div>\n                        <\/div>\n                    <\/div>\n                            <\/div>\n        <\/div>\n        \n<h2>Louer une voiture \u00e0 Tanger : Documents<\/h2>\n<p>Le Maroc est un pays ouvert, accessible aux touristes du monde entier. Par cons\u00e9quent, seuls les documents standard sont requis pour la location :<\/p>\n<ol>\n<li>Permis de conduire (2 ans d&rsquo;exp\u00e9rience sont requis)<\/li>\n<li>Passeport ou carte d&rsquo;identit\u00e9<\/li>\n<li>Voucher ou certificat de r\u00e9servation<\/li>\n<li>Carte de cr\u00e9dit (facultatif).<\/li>\n<\/ol>\n","protected":false},"excerpt":{"rendered":"<p>Location De Voiture Tanger avec RosCar Le nord du Maroc est l&rsquo;endroit o\u00f9 deux continents (Europe et Afrique) se rencontrent, o\u00f9 le climat est chaud 365 jours par an, et toujours des souvenirs lumineux. Ici, vous pouvez louer une voiture \u00e0 Tanger et faire passer votre voyage \u00e0 un niveau sup\u00e9rieur : Moins de d\u00e9penses [&hellip;]<\/p>\n","protected":false},"author":1,"featured_media":283,"parent":0,"menu_order":0,"comment_status":"closed","ping_status":"closed","template":"","meta":{"footnotes":""},"class_list":["post-2514","page","type-page","status-publish","has-post-thumbnail",""],"_links":{"self":[{"href":"https:\/\/roscar.ma\/fr\/wp-json\/wp\/v2\/pages\/2514","targetHints":{"allow":["GET"]}}],"collection":[{"href":"https:\/\/roscar.ma\/fr\/wp-json\/wp\/v2\/pages"}],"about":[{"href":"https:\/\/roscar.ma\/fr\/wp-json\/wp\/v2\/types\/page"}],"author":[{"embeddable":true,"href":"https:\/\/roscar.ma\/fr\/wp-json\/wp\/v2\/users\/1"}],"replies":[{"embeddable":true,"href":"https:\/\/roscar.ma\/fr\/wp-json\/wp\/v2\/comments?post=2514"}],"version-history":[{"count":1,"href":"https:\/\/roscar.ma\/fr\/wp-json\/wp\/v2\/pages\/2514\/revisions"}],"predecessor-version":[{"id":2515,"href":"https:\/\/roscar.ma\/fr\/wp-json\/wp\/v2\/pages\/2514\/revisions\/2515"}],"wp:featuredmedia":[{"embeddable":true,"href":"https:\/\/roscar.ma\/fr\/wp-json\/wp\/v2\/media\/283"}],"wp:attachment":[{"href":"https:\/\/roscar.ma\/fr\/wp-json\/wp\/v2\/media?parent=2514"}],"curies":[{"name":"wp","href":"https:\/\/api.w.org\/{rel}","templated":true}]}}