{"id":2148,"date":"2025-07-17T11:30:24","date_gmt":"2025-07-17T11:30:24","guid":{"rendered":"https:\/\/roscar.ma\/?page_id=2148"},"modified":"2025-07-26T11:36:43","modified_gmt":"2025-07-26T11:36:43","slug":"location-de-voiture-agadir","status":"publish","type":"page","link":"https:\/\/roscar.ma\/fr\/location-de-voiture-agadir\/","title":{"rendered":"Location De Voiture Agadir"},"content":{"rendered":"<h2>Location De Voiture Agadir avec RosCar<\/h2>\n<p>Le Maroc est un pays avec une ambiance unique, des paysages vibrants, et des douzaines de villes c\u00f4ti\u00e8res exquises. C&rsquo;est l&rsquo;endroit id\u00e9al pour ceux qui recherchent quelque chose de plus que la simple d\u00e9tente sur la plage. Et il n&rsquo;y a qu&rsquo;une seule fa\u00e7on de proc\u00e9der si vous cherchez \u00e0 profiter au maximum de votre voyage et \u00e0 faire le plein de sensations fortes : la location d&rsquo;une voiture \u00e0 Agadir. Pr\u00eat \u00e0 prendre la v\u00f4tre ? R\u00e9servez d\u00e8s maintenant avec RosCar et vous pourrez :<\/p>\n<ul>\n<li>Choisir les meilleures offres aux conditions gagnant-gagnant<\/li>\n<li>\u00c9quiper des options suppl\u00e9mentaires qui rendent la vie meilleure et plus facile<\/li>\n<li>Suivre votre propre chemin sans \u00eatre li\u00e9 \u00e0 l&#8217;emploi du temps de quelqu&rsquo;un d&rsquo;autre<\/li>\n<li>B\u00e9n\u00e9ficier de prix avantageux pour la location de voitures \u00e0 long terme.<\/li>\n<\/ul>\n<h2>Location De Voiture Agadir : Le guide<\/h2>\n<p>Avant de cliquer sur le bouton \u00ab\u00a0R\u00e9server maintenant\u00a0\u00bb, nous vous sugg\u00e9rons de lire une courte introduction. C&rsquo;est le parcours de milliers de voyageurs actifs du monde entier, qui vous permet de prendre ce que vous ne regretterez pas.<\/p>\n<h3>1. Choisissez le type de v\u00e9hicule qui convient \u00e0 votre budget et \u00e0 vos objectifs<\/h3>\n<p>La location de voiture bon march\u00e9 \u00e0 Agadir n&rsquo;est accessible qu&rsquo;\u00e0 ceux qui choisissent le bon type de v\u00e9hicule :<\/p>\n<ul>\n<li>Voiture standard (best-seller au Maroc)<\/li>\n<li>Crossover ou SUV<\/li>\n<li>Mini voiture ou voiture \u00e9conomique<\/li>\n<li>Minivan ou Van<\/li>\n<li>D\u00e9capotable, Luxe ou autres.<\/li>\n<\/ul>\n<h3>2. Quels sont les services suppl\u00e9mentaires ?<\/h3>\n<p>C&rsquo;est la partie de la r\u00e9servation que beaucoup de touristes sautent souvent, mais regrettent ensuite de ne pas y avoir pr\u00eat\u00e9 plus d&rsquo;attention. Il y a peut-\u00eatre ici quelque chose qui am\u00e9liorera votre location de voiture \u00e0 Agadir :<\/p>\n<ul>\n<li>L&rsquo;assurance compl\u00e9mentaire : Les risques financiers seront moindres si vous avez pay\u00e9 pour une mise \u00e0 niveau vers la couverture compl\u00e8te ou SuperCDW.<\/li>\n<li>Annulation gratuite : Au cas o\u00f9 vous ne seriez pas s\u00fbr \u00e0 100% de vos plans.<\/li>\n<li>Kilom\u00e9trage illimit\u00e9 : Pas de frais d&rsquo;annulation pour des possibilit\u00e9s de voyage infinies.<\/li>\n<li>Pas de d\u00e9p\u00f4t de garantie : Pas besoin de r\u00e9duire votre budget, essayez le blocage des d\u00e9p\u00f4ts sur les cartes de cr\u00e9dit.<\/li>\n<li>Mod\u00e8le garanti : La m\u00eame voiture sera r\u00e9serv\u00e9e, sans exception.<\/li>\n<li>Transmission : Vous ne serez pas surpris d&rsquo;apprendre que nous recommandons une transmission automatique.<\/li>\n<li>Pas de carte de cr\u00e9dit : De nombreux v\u00e9hicules de qualit\u00e9 sont disponibles avec cette caract\u00e9ristique gratuite.<\/li>\n<li>Carte SIM : Voyager en 2025 est impossible sans une connexion internet stable et bon march\u00e9.<\/li>\n<li>Conducteur suppl\u00e9mentaire : S\u00e9lectionnez cette option si vous souhaitez laisser un ami conduire sur la route.<\/li>\n<li>Si\u00e8ge enfant : Les enfants de moins de 10 ans doivent \u00eatre install\u00e9s dans un dispositif de retenue au Maroc.<\/li>\n<\/ul>\n<blockquote class=\"check\">\n<h2>Location De Voiture Agadir : R\u00e9servation<\/h2>\n<p>Vous avez un permis de conduire et \u00eates \u00e2g\u00e9 de plus de 21 ans ? Dans ce cas, vous pouvez louer une voiture \u00e0 Agadir le plus rapidement possible :<\/p>\n<ol>\n<li>Sp\u00e9cifiez les lieux et les dates.<\/li>\n<li>Passez aux filtres pour personnaliser votre recherche.<\/li>\n<li>Vous avez trouv\u00e9 le v\u00e9hicule d\u00e9sir\u00e9 dans la liste ? R\u00e9servez maintenant.<\/li>\n<li>Ajoutez des services suppl\u00e9mentaires ou un type d&rsquo;assurance (si vous avez besoin d&rsquo;un surclassement).<\/li>\n<li>Remplissez les informations relatives au conducteur.<\/li>\n<li>Confirmez.<\/li>\n<\/ol>\n<p>La confirmation de la r\u00e9servation sur RosCar s&rsquo;effectue par carte bancaire, ce qui n\u00e9cessite environ un cinqui\u00e8me du paiement de la location. Le voucher (confirmation de r\u00e9servation) sera envoy\u00e9 d\u00e8s que le paiement sera cr\u00e9dit\u00e9.<\/p><\/blockquote>\n<h2>Prix de la location de voiture \u00e0 Agadir<\/h2>\n<p>Le co\u00fbt d&rsquo;une journ\u00e9e de conduite d&rsquo;un v\u00e9hicule lou\u00e9 est de :<\/p>\n<ul>\n<li>15-20 $ pour une voiture \u00e9conomique\/mini<\/li>\n<li>25-35 $ pour une voiture standard\/compacte<\/li>\n<li>40-60 $ pour Crossover\/SUV\/Minivan<\/li>\n<li>80 $ et plus pour un v\u00e9hicule de luxe ou d\u00e9capotable.<\/li>\n<\/ul>\n<p>Il ne s&rsquo;agit que de valeurs approximatives calcul\u00e9es en moyenne sur l&rsquo;ann\u00e9e. Louer une voiture \u00e0 Agadir sera moins cher si vous :<\/p>\n<ul>\n<li>Restez \u00e0 l&rsquo;\u00e9cart des saisons de derni\u00e8re minute ou des vacances<\/li>\n<li>Recherchez une location de voiture \u00e0 long terme<\/li>\n<li>Vous prenez la voiture dans la ville (l&rsquo;a\u00e9roport ou le transfert sont plus chers)<\/li>\n<li>R\u00e9servez \u00e0 temps (10-20 jours avant le d\u00e9part).<\/li>\n<\/ul>\n<p>Nous vous recommandons \u00e9galement de comparer les prix :<\/p>\n<h3>Tableau des prix de location de voiture \u00e0 Agadir, Maroc<\/h3>\n<table border=\"1\" cellspacing=\"0\" cellpadding=\"0\">\n<thead>\n<tr>\n<th>Mod\u00e8le de voiture<\/th>\n<th>Type de carrosserie<\/th>\n<th>Prix par jour (basse saison)<\/th>\n<th>Prix par jour (haute saison)<\/th>\n<th>Nombre de passagers<\/th>\n<th>Capacit\u00e9 de bagages<\/th>\n<\/tr>\n<\/thead>\n<tbody>\n<tr>\n<td>Fiat Panda<\/td>\n<td>Berline<\/td>\n<td>19 \u20ac<\/td>\n<td>25 \u20ac<\/td>\n<td>4<\/td>\n<td>1<\/td>\n<\/tr>\n<tr>\n<td>Kia Picanto<\/td>\n<td>Hatchback<\/td>\n<td>21 \u20ac<\/td>\n<td>28 \u20ac<\/td>\n<td>4<\/td>\n<td>1<\/td>\n<\/tr>\n<tr>\n<td>Dacia Logan<\/td>\n<td>Berline<\/td>\n<td>23 \u20ac<\/td>\n<td>31 \u20ac<\/td>\n<td>5<\/td>\n<td>2<\/td>\n<\/tr>\n<tr>\n<td>Hyundai i20<\/td>\n<td>Hatchback<\/td>\n<td>25 \u20ac<\/td>\n<td>34 \u20ac<\/td>\n<td>5<\/td>\n<td>2<\/td>\n<\/tr>\n<tr>\n<td>Peugeot 208<\/td>\n<td>Hatchback<\/td>\n<td>26 \u20ac<\/td>\n<td>35 \u20ac<\/td>\n<td>5<\/td>\n<td>2<\/td>\n<\/tr>\n<tr>\n<td>Renault Clio<\/td>\n<td>Hatchback<\/td>\n<td>27 \u20ac<\/td>\n<td>37 \u20ac<\/td>\n<td>5<\/td>\n<td>2<\/td>\n<\/tr>\n<tr>\n<td>Citro\u00ebn C-Elys\u00e9e<\/td>\n<td>Berline<\/td>\n<td>28 \u20ac<\/td>\n<td>38 \u20ac<\/td>\n<td>5<\/td>\n<td>3<\/td>\n<\/tr>\n<tr>\n<td>Renault Captur<\/td>\n<td>Crossover<\/td>\n<td>33 \u20ac<\/td>\n<td>44 \u20ac<\/td>\n<td>5<\/td>\n<td>3<\/td>\n<\/tr>\n<tr>\n<td>Dacia Duster<\/td>\n<td>SUV<\/td>\n<td>37 \u20ac<\/td>\n<td>48 \u20ac<\/td>\n<td>5<\/td>\n<td>3<\/td>\n<\/tr>\n<tr>\n<td>Peugeot 3008<\/td>\n<td>SUV<\/td>\n<td>54 \u20ac<\/td>\n<td>68 \u20ac<\/td>\n<td>5<\/td>\n<td>4<\/td>\n<\/tr>\n<\/tbody>\n<\/table>\n        <div class=\"rpc-chart\">\n            <h3>Variations saisonni\u00e8res des prix de location de voiture \u00e0 Agadir : analyses r\u00e9elles bas\u00e9es sur les r\u00e9servations<\/h3>\n            <div><p>Au cours des trois derni\u00e8res ann\u00e9es, l'\u00e9quipe de roscar.ma a collect\u00e9 et analys\u00e9 des donn\u00e9es sur le co\u00fbt moyen de la location d'une voiture \u00e0 Agadir. Tous les r\u00e9sultats sont bas\u00e9s sur des r\u00e9servations r\u00e9elles effectu\u00e9es par le biais de la plateforme, qui travaille exclusivement avec des partenaires locaux de confiance.<\/p>\n<p>L'\u00e9tude prend en compte toutes les cat\u00e9gories de voitures - des mod\u00e8les urbains compacts aux SUV spacieux, en passant par les cabriolets et les voitures de classe affaires. Cette approche vous permet d'identifier avec pr\u00e9cision les tendances saisonni\u00e8res des prix et de fournir aux clients les informations les plus utiles pour planifier leur voyage.<\/p>\n<p>Les sp\u00e9cialistes de RosCar Maroc ont une connaissance approfondie du march\u00e9 de la location de voitures au Maroc et travaillent quotidiennement pour mettre \u00e0 jour les statistiques. Cela garantit que les utilisateurs ne re\u00e7oivent pas seulement des moyennes, mais des informations fiables et pratiques qui r\u00e9pondent aux conditions r\u00e9elles.<\/p>\n<\/div>\n            <div class=\"rpc-chart-bars\">\n                                    <div class=\"rpc-chart-column\">\n                        <div class=\"rpc-chart-inner\" style=\"height: 27.659574468085%\">\n                            <div class=\"rpc-chart-column-value\">13 \u20ac<\/div>\n                            <div class=\"rpc-chart-month\">JAN<\/div>\n                        <\/div>\n                    <\/div>\n                                    <div class=\"rpc-chart-column\">\n                        <div class=\"rpc-chart-inner\" style=\"height: 29.787234042553%\">\n                            <div class=\"rpc-chart-column-value\">14 \u20ac<\/div>\n                            <div class=\"rpc-chart-month\">FEB<\/div>\n                        <\/div>\n                    <\/div>\n                                    <div class=\"rpc-chart-column\">\n                        <div class=\"rpc-chart-inner\" style=\"height: 27.659574468085%\">\n                            <div class=\"rpc-chart-column-value\">13 \u20ac<\/div>\n                            <div class=\"rpc-chart-month\">MAR<\/div>\n                        <\/div>\n                    <\/div>\n                                    <div class=\"rpc-chart-column\">\n                        <div class=\"rpc-chart-inner\" style=\"height: 38.297872340426%\">\n                            <div class=\"rpc-chart-column-value\">18 \u20ac<\/div>\n                            <div class=\"rpc-chart-month\">APR<\/div>\n                        <\/div>\n                    <\/div>\n                                    <div class=\"rpc-chart-column\">\n                        <div class=\"rpc-chart-inner\" style=\"height: 29.787234042553%\">\n                            <div class=\"rpc-chart-column-value\">14 \u20ac<\/div>\n                            <div class=\"rpc-chart-month\">MAY<\/div>\n                        <\/div>\n                    <\/div>\n                                    <div class=\"rpc-chart-column\">\n                        <div class=\"rpc-chart-inner\" style=\"height: 27.659574468085%\">\n                            <div class=\"rpc-chart-column-value\">13 \u20ac<\/div>\n                            <div class=\"rpc-chart-month\">JUN<\/div>\n                        <\/div>\n                    <\/div>\n                                    <div class=\"rpc-chart-column\">\n                        <div class=\"rpc-chart-inner\" style=\"height: 46.808510638298%\">\n                            <div class=\"rpc-chart-column-value\">22 \u20ac<\/div>\n                            <div class=\"rpc-chart-month\">JUL<\/div>\n                        <\/div>\n                    <\/div>\n                                    <div class=\"rpc-chart-column\">\n                        <div class=\"rpc-chart-inner\" style=\"height: 57.446808510638%\">\n                            <div class=\"rpc-chart-column-value\">27 \u20ac<\/div>\n                            <div class=\"rpc-chart-month\">AUG<\/div>\n                        <\/div>\n                    <\/div>\n                                    <div class=\"rpc-chart-column\">\n                        <div class=\"rpc-chart-inner\" style=\"height: 31.914893617021%\">\n                            <div class=\"rpc-chart-column-value\">15 \u20ac<\/div>\n                            <div class=\"rpc-chart-month\">SEP<\/div>\n                        <\/div>\n                    <\/div>\n                                    <div class=\"rpc-chart-column\">\n                        <div class=\"rpc-chart-inner\" style=\"height: 38.297872340426%\">\n                            <div class=\"rpc-chart-column-value\">18 \u20ac<\/div>\n                            <div class=\"rpc-chart-month\">OCT<\/div>\n                        <\/div>\n                    <\/div>\n                                    <div class=\"rpc-chart-column\">\n                        <div class=\"rpc-chart-inner\" style=\"height: 31.914893617021%\">\n                            <div class=\"rpc-chart-column-value\">15 \u20ac<\/div>\n                            <div class=\"rpc-chart-month\">NOV<\/div>\n                        <\/div>\n                    <\/div>\n                                    <div class=\"rpc-chart-column\">\n                        <div class=\"rpc-chart-inner\" style=\"height: 40.425531914894%\">\n                            <div class=\"rpc-chart-column-value\">19 \u20ac<\/div>\n                            <div class=\"rpc-chart-month\">DEC<\/div>\n                        <\/div>\n                    <\/div>\n                            <\/div>\n        <\/div>\n        \n<h2>Location De Voiture Agadir : Documents<\/h2>\n<p>Pour louer une voiture \u00e0 Agadir, il faut \u00eatre \u00e2g\u00e9 de 21 \u00e0 25 ans, avoir une certaine exp\u00e9rience de la conduite et pr\u00e9senter les documents suivants :<\/p>\n<ol>\n<li>Carte de cr\u00e9dit (facultatif)<\/li>\n<li>Passeport<\/li>\n<li>Voucher\/Certificat de r\u00e9servation<\/li>\n<li>Permis de conduire (ou IDP).<\/li>\n<\/ol>\n<p>La location de voiture \u00e0 Agadir est un service indispensable pour les touristes qui veulent voir non seulement Agadir, mais tout le Maroc.<\/p>\n","protected":false},"excerpt":{"rendered":"<p>Location De Voiture Agadir avec RosCar Le Maroc est un pays avec une ambiance unique, des paysages vibrants, et des douzaines de villes c\u00f4ti\u00e8res exquises. C&rsquo;est l&rsquo;endroit id\u00e9al pour ceux qui recherchent quelque chose de plus que la simple d\u00e9tente sur la plage. Et il n&rsquo;y a qu&rsquo;une seule fa\u00e7on de proc\u00e9der si vous cherchez [&hellip;]<\/p>\n","protected":false},"author":1,"featured_media":793,"parent":0,"menu_order":0,"comment_status":"closed","ping_status":"closed","template":"","meta":{"footnotes":""},"class_list":["post-2148","page","type-page","status-publish","has-post-thumbnail",""],"_links":{"self":[{"href":"https:\/\/roscar.ma\/fr\/wp-json\/wp\/v2\/pages\/2148","targetHints":{"allow":["GET"]}}],"collection":[{"href":"https:\/\/roscar.ma\/fr\/wp-json\/wp\/v2\/pages"}],"about":[{"href":"https:\/\/roscar.ma\/fr\/wp-json\/wp\/v2\/types\/page"}],"author":[{"embeddable":true,"href":"https:\/\/roscar.ma\/fr\/wp-json\/wp\/v2\/users\/1"}],"replies":[{"embeddable":true,"href":"https:\/\/roscar.ma\/fr\/wp-json\/wp\/v2\/comments?post=2148"}],"version-history":[{"count":2,"href":"https:\/\/roscar.ma\/fr\/wp-json\/wp\/v2\/pages\/2148\/revisions"}],"predecessor-version":[{"id":2150,"href":"https:\/\/roscar.ma\/fr\/wp-json\/wp\/v2\/pages\/2148\/revisions\/2150"}],"wp:featuredmedia":[{"embeddable":true,"href":"https:\/\/roscar.ma\/fr\/wp-json\/wp\/v2\/media\/793"}],"wp:attachment":[{"href":"https:\/\/roscar.ma\/fr\/wp-json\/wp\/v2\/media?parent=2148"}],"curies":[{"name":"wp","href":"https:\/\/api.w.org\/{rel}","templated":true}]}}