{"id":2094,"date":"2025-07-17T11:14:56","date_gmt":"2025-07-17T11:14:56","guid":{"rendered":"https:\/\/roscar.ma\/?page_id=2094"},"modified":"2025-07-25T15:52:47","modified_gmt":"2025-07-25T15:52:47","slug":"location-de-voiture-fes","status":"publish","type":"page","link":"https:\/\/roscar.ma\/fr\/location-de-voiture-fes\/","title":{"rendered":"Location De Voiture F\u00e8s (Fez)"},"content":{"rendered":"<h2>Location de voiture F\u00e8s (Fes) de RosCar<\/h2>\n<p>Presque tous les pays ont une capitale non officielle, qui est le centre de la vie culturelle de l&rsquo;\u00e9tat entier. Vous voulez trouver cette belle ville au Maroc ? Dans ce cas, vous devez louer une voiture \u00e0 F\u00e8s pour :<\/p>\n<ul>\n<li>Obtenir la meilleure exp\u00e9rience de conduite \u00e0 un prix bas<\/li>\n<li>Choisir le meilleur v\u00e9hicule avec les am\u00e9nagements id\u00e9aux<\/li>\n<li>Passer \u00e0 un autre niveau de confort pour votre voyage<\/li>\n<li>Ne soyez pas limit\u00e9 dans vos options de voyage.<\/li>\n<\/ul>\n<p>Louez une voiture \u00e0 F\u00e8s avec RosCar et vous pourrez d\u00e9couvrir tous les secrets de cet \u00e9tonnant monde arabe. Mais d&rsquo;abord, pr\u00e9parez votre carte pour confirmer la r\u00e9servation, car il n&rsquo;y a pas d&rsquo;autre moyen d&rsquo;obtenir votre v\u00e9hicule. R\u00e9servez d\u00e8s maintenant.<\/p>\n<h2>Location De Voiture F\u00e8s (Fez) : Guide<\/h2>\n<p>Parfois, m\u00eame les voyageurs chevronn\u00e9s ont besoin de bons conseils. Voici le genre de conseils qui vous permettront de payer moins cher et d&rsquo;obtenir le meilleur rapport qualit\u00e9-prix en un minimum de temps.<\/p>\n<h3>Premier conseil : Utilisez des filtres par type<\/h3>\n<p>Ne perdez pas de temps \u00e0 chercher des v\u00e9hicules qui ne vous int\u00e9ressent pas. Choisissez-en un :<\/p>\n<ul>\n<li>\u00c9conomique<\/li>\n<li>Standard<\/li>\n<li>Mini<\/li>\n<li>D\u00e9capotable<\/li>\n<li>SUV ou Crossover<\/li>\n<li>Minivan ou fourgonnette<\/li>\n<li>Autre.<\/li>\n<\/ul>\n<h3>Deuxi\u00e8me conseil : Trouver des extras<\/h3>\n<p>Ce n&rsquo;est pas un, mais une douzaine d&rsquo;extras que vous pouvez obtenir d&rsquo;une location de voiture bon march\u00e9 \u00e0 F\u00e8s :<\/p>\n<ul>\n<li>Pas de carte de cr\u00e9dit : N&rsquo;importe quelle autre carte de cr\u00e9dit ou de l&rsquo;argent liquide fera l&rsquo;affaire.<\/li>\n<li>Carte SIM : Vous en aurez besoin pour naviguer \u00e0 travers les nombreuses attractions de F\u00e8s.<\/li>\n<li>Conducteur suppl\u00e9mentaire : Toute personne r\u00e9pondant aux crit\u00e8res d&rsquo;\u00e2ge de la location.<\/li>\n<li>Si\u00e8ge enfant : Voyager avec des enfants doit se faire en toute s\u00e9curit\u00e9.<\/li>\n<li>Annulation gratuite : Les frais de r\u00e9servation seront rembours\u00e9s si vous annulez 48 heures \u00e0 l&rsquo;avance.<\/li>\n<li>Kilom\u00e9trage illimit\u00e9 : Une quantit\u00e9 infinie d&rsquo;incroyables beaut\u00e9s arabes.<\/li>\n<li>Pas de d\u00e9p\u00f4t : Moins de stress lorsque les cartes de cr\u00e9dit sont bloqu\u00e9es sans d\u00e9p\u00f4t.<\/li>\n<li>Mod\u00e8le garanti : La prise en charge est le m\u00eame v\u00e9hicule que celui que vous avez demand\u00e9.<\/li>\n<li>Transmission : Que pr\u00e9f\u00e9rez-vous, manuelle ou automatique ?<\/li>\n<li>Assurance suppl\u00e9mentaire : Super CDW ou Full Coverage sont les meilleures options de mise \u00e0 niveau.<\/li>\n<\/ul>\n<blockquote class=\"info\">\n<h2>Location De Voiture F\u00e8s (Fez) en d\u00e9tails<\/h2>\n<p>RosCar propose une proc\u00e9dure de r\u00e9servation simple, \u00e0 la port\u00e9e de tout adulte (21 ans et plus) :<\/p>\n<ol>\n<li>indiquez les dates et les lieux.<\/li>\n<li>Allez dans les filtres, cliquez sur ceux que vous souhaitez.<\/li>\n<li>Faites d\u00e9filer la liste et r\u00e9servez maintenant lorsque vous voyez le meilleur v\u00e9hicule.<\/li>\n<li>S\u00e9lectionnez le type d&rsquo;assurance (standard ou surclassement), ainsi que les options suppl\u00e9mentaires.<\/li>\n<li>Remplissez les coordonn\u00e9es du conducteur principal.<\/li>\n<li>Confirmez.<\/li>\n<\/ol>\n<p>Les locations de voiture \u00e0 F\u00e8s n\u00e9cessitent la confirmation automatique de n&rsquo;importe quelle carte bancaire. Le montant du paiement peut varier d&rsquo;un cinqui\u00e8me \u00e0 la totalit\u00e9 du montant de la location.<\/p><\/blockquote>\n<h2>Prix d&rsquo;une location de voiture \u00e0 F\u00e8s<\/h2>\n<p>Ath\u00e8nes d&rsquo;Afrique n&rsquo;est pas un endroit bon march\u00e9 pour voyager, mais vous pouvez toujours trouver un v\u00e9hicule pour n&rsquo;importe quel budget :<\/p>\n<ul>\n<li>20-30 $ pour une Mini ou une Economy<\/li>\n<li>30-40 $ pour une Standard<\/li>\n<li>40-55 $ pour un Minivan, un SUV ou un Crossover<\/li>\n<li>70 $ et plus pour un v\u00e9hicule de luxe ou d\u00e9capotable.<\/li>\n<\/ul>\n<p>Veuillez noter que les prix ne sont pas toujours les m\u00eames. Le prix moyen journalier peut varier de mani\u00e8re significative en fonction de plusieurs facteurs :<\/p>\n<ul>\n<li>Dur\u00e9e de la location<\/li>\n<li>La m\u00e9thode de prise en charge (ville de F\u00e8s ou a\u00e9roport)<\/li>\n<li>Nombre d&rsquo;options suppl\u00e9mentaires<\/li>\n<li>La charge de travail de l&rsquo;op\u00e9rateur.<\/li>\n<\/ul>\n<p>Voici comment comparer le prix d&rsquo;une location de voiture \u00e0 F\u00e8s :<\/p>\n<h3>Tableau des prix de location de voiture \u00e0 F\u00e8s, Maroc<\/h3>\n<table border=\"1\">\n<thead>\n<tr>\n<th>Mod\u00e8le de voiture<\/th>\n<th>Type de carrosserie<\/th>\n<th>Prix par jour (basse saison)<\/th>\n<th>Prix par jour (haute saison)<\/th>\n<th>Nombre de passagers<\/th>\n<th>Capacit\u00e9 de bagages<\/th>\n<\/tr>\n<\/thead>\n<tbody>\n<tr>\n<td>Fiat Panda<\/td>\n<td>Berline<\/td>\n<td>19 \u20ac<\/td>\n<td>26 \u20ac<\/td>\n<td>4<\/td>\n<td>1<\/td>\n<\/tr>\n<tr>\n<td>Hyundai i10<\/td>\n<td>Hatchback<\/td>\n<td>21 \u20ac<\/td>\n<td>28 \u20ac<\/td>\n<td>4<\/td>\n<td>1<\/td>\n<\/tr>\n<tr>\n<td>Kia Picanto<\/td>\n<td>Hatchback<\/td>\n<td>22 \u20ac<\/td>\n<td>30 \u20ac<\/td>\n<td>4<\/td>\n<td>1<\/td>\n<\/tr>\n<tr>\n<td>Peugeot 208<\/td>\n<td>Hatchback<\/td>\n<td>24 \u20ac<\/td>\n<td>33 \u20ac<\/td>\n<td>5<\/td>\n<td>2<\/td>\n<\/tr>\n<tr>\n<td>Dacia Logan<\/td>\n<td>Berline<\/td>\n<td>25 \u20ac<\/td>\n<td>34 \u20ac<\/td>\n<td>5<\/td>\n<td>2<\/td>\n<\/tr>\n<tr>\n<td>Renault Clio<\/td>\n<td>Hatchback<\/td>\n<td>27 \u20ac<\/td>\n<td>36 \u20ac<\/td>\n<td>5<\/td>\n<td>2<\/td>\n<\/tr>\n<tr>\n<td>Citro\u00ebn C-Elys\u00e9e<\/td>\n<td>Berline<\/td>\n<td>28 \u20ac<\/td>\n<td>38 \u20ac<\/td>\n<td>5<\/td>\n<td>3<\/td>\n<\/tr>\n<tr>\n<td>Renault Captur<\/td>\n<td>Crossover<\/td>\n<td>32 \u20ac<\/td>\n<td>43 \u20ac<\/td>\n<td>5<\/td>\n<td>3<\/td>\n<\/tr>\n<tr>\n<td>Dacia Duster<\/td>\n<td>SUV<\/td>\n<td>36 \u20ac<\/td>\n<td>47 \u20ac<\/td>\n<td>5<\/td>\n<td>3<\/td>\n<\/tr>\n<tr>\n<td>Peugeot 3008<\/td>\n<td>SUV<\/td>\n<td>52 \u20ac<\/td>\n<td>66 \u20ac<\/td>\n<td>5<\/td>\n<td>4<\/td>\n<\/tr>\n<\/tbody>\n<\/table>\n        <div class=\"rpc-chart\">\n            <h3>Comment les prix de location de voitures \u00e0 F\u00e8s varient en fonction de la saison : analyse bas\u00e9e sur des r\u00e9servations r\u00e9elles<\/h3>\n            <div><p>Au cours des trois derni\u00e8res ann\u00e9es, nous avons enregistr\u00e9 les variations des prix moyens de location de voitures \u00e0 F\u00e8s, vikoryst et les donn\u00e9es de r\u00e9servation r\u00e9elles effectu\u00e9es via la plateforme roscar.ma. Nous travaillons uniquement avec des soci\u00e9t\u00e9s de location locales v\u00e9rifi\u00e9es, ce qui garantit la fiabilit\u00e9 des informations et des prix de location.<\/p>\n<p>L'analyse couvre toute la gamme des v\u00e9hicules de transport : des berlines \u00e9conomiques pour les trajets locaux aux v\u00e9hicules utilitaires, en passant par les cabriolets et les voitures haut de gamme. Cette approche permet d'identifier les fluctuations saisonni\u00e8res caract\u00e9ristiques des prix et de r\u00e9agir imm\u00e9diatement aux changements de prix.<\/p>\n<p>Consultez nos informations pour conna\u00eetre le meilleur moment pour louer une voiture. RosCar est votre assistant fiable pour planifier un transfert manuel et efficace au Maroc.<\/p>\n<\/div>\n            <div class=\"rpc-chart-bars\">\n                                    <div class=\"rpc-chart-column\">\n                        <div class=\"rpc-chart-inner\" style=\"height: 25%\">\n                            <div class=\"rpc-chart-column-value\">12 \u20ac<\/div>\n                            <div class=\"rpc-chart-month\">JAN<\/div>\n                        <\/div>\n                    <\/div>\n                                    <div class=\"rpc-chart-column\">\n                        <div class=\"rpc-chart-inner\" style=\"height: 27.083333333333%\">\n                            <div class=\"rpc-chart-column-value\">13 \u20ac<\/div>\n                            <div class=\"rpc-chart-month\">FEB<\/div>\n                        <\/div>\n                    <\/div>\n                                    <div class=\"rpc-chart-column\">\n                        <div class=\"rpc-chart-inner\" style=\"height: 29.166666666667%\">\n                            <div class=\"rpc-chart-column-value\">14 \u20ac<\/div>\n                            <div class=\"rpc-chart-month\">MAR<\/div>\n                        <\/div>\n                    <\/div>\n                                    <div class=\"rpc-chart-column\">\n                        <div class=\"rpc-chart-inner\" style=\"height: 35.416666666667%\">\n                            <div class=\"rpc-chart-column-value\">17 \u20ac<\/div>\n                            <div class=\"rpc-chart-month\">APR<\/div>\n                        <\/div>\n                    <\/div>\n                                    <div class=\"rpc-chart-column\">\n                        <div class=\"rpc-chart-inner\" style=\"height: 37.5%\">\n                            <div class=\"rpc-chart-column-value\">18 \u20ac<\/div>\n                            <div class=\"rpc-chart-month\">MAY<\/div>\n                        <\/div>\n                    <\/div>\n                                    <div class=\"rpc-chart-column\">\n                        <div class=\"rpc-chart-inner\" style=\"height: 43.75%\">\n                            <div class=\"rpc-chart-column-value\">21 \u20ac<\/div>\n                            <div class=\"rpc-chart-month\">JUN<\/div>\n                        <\/div>\n                    <\/div>\n                                    <div class=\"rpc-chart-column\">\n                        <div class=\"rpc-chart-inner\" style=\"height: 52.083333333333%\">\n                            <div class=\"rpc-chart-column-value\">25 \u20ac<\/div>\n                            <div class=\"rpc-chart-month\">JUL<\/div>\n                        <\/div>\n                    <\/div>\n                                    <div class=\"rpc-chart-column\">\n                        <div class=\"rpc-chart-inner\" style=\"height: 58.333333333333%\">\n                            <div class=\"rpc-chart-column-value\">28 \u20ac<\/div>\n                            <div class=\"rpc-chart-month\">AUG<\/div>\n                        <\/div>\n                    <\/div>\n                                    <div class=\"rpc-chart-column\">\n                        <div class=\"rpc-chart-inner\" style=\"height: 39.583333333333%\">\n                            <div class=\"rpc-chart-column-value\">19 \u20ac<\/div>\n                            <div class=\"rpc-chart-month\">SEP<\/div>\n                        <\/div>\n                    <\/div>\n                                    <div class=\"rpc-chart-column\">\n                        <div class=\"rpc-chart-inner\" style=\"height: 35.416666666667%\">\n                            <div class=\"rpc-chart-column-value\">17 \u20ac<\/div>\n                            <div class=\"rpc-chart-month\">OCT<\/div>\n                        <\/div>\n                    <\/div>\n                                    <div class=\"rpc-chart-column\">\n                        <div class=\"rpc-chart-inner\" style=\"height: 27.083333333333%\">\n                            <div class=\"rpc-chart-column-value\">13 \u20ac<\/div>\n                            <div class=\"rpc-chart-month\">NOV<\/div>\n                        <\/div>\n                    <\/div>\n                                    <div class=\"rpc-chart-column\">\n                        <div class=\"rpc-chart-inner\" style=\"height: 39.583333333333%\">\n                            <div class=\"rpc-chart-column-value\">19 \u20ac<\/div>\n                            <div class=\"rpc-chart-month\">DEC<\/div>\n                        <\/div>\n                    <\/div>\n                            <\/div>\n        <\/div>\n        \n<h2>Location De Voiture F\u00e8s (Fez) : Documents<\/h2>\n<p>Chaque soci\u00e9t\u00e9 de location peut avoir ses propres exigences en mati\u00e8re d&rsquo;\u00e2ge (21-25 ans) ou de documents. Cependant, vous aurez toujours besoin :<\/p>\n<ol>\n<li>Passeport<\/li>\n<li>Carte de cr\u00e9dit (caution ou ch\u00e8que de garantie)<\/li>\n<li>Permis de conduire.<\/li>\n<\/ol>\n<p>Le voucher (confirmation de r\u00e9servation) n&rsquo;est pas obligatoire, mais il est envoy\u00e9 \u00e0 votre email apr\u00e8s la r\u00e9servation sur RosCar. La location de voiture \u00e0 F\u00e8s est votre porte d&rsquo;entr\u00e9e pour explorer la riche culture et les joyaux cach\u00e9s de la ville &#8211; r\u00e9servez votre voiture d\u00e8s aujourd&rsquo;hui pour une exp\u00e9rience de voyage fluide et flexible.<\/p>\n","protected":false},"excerpt":{"rendered":"<p>Location de voiture F\u00e8s (Fes) de RosCar Presque tous les pays ont une capitale non officielle, qui est le centre de la vie culturelle de l&rsquo;\u00e9tat entier. Vous voulez trouver cette belle ville au Maroc ? Dans ce cas, vous devez louer une voiture \u00e0 F\u00e8s pour : Obtenir la meilleure exp\u00e9rience de conduite \u00e0 [&hellip;]<\/p>\n","protected":false},"author":1,"featured_media":240,"parent":0,"menu_order":0,"comment_status":"closed","ping_status":"closed","template":"","meta":{"footnotes":""},"class_list":["post-2094","page","type-page","status-publish","has-post-thumbnail",""],"_links":{"self":[{"href":"https:\/\/roscar.ma\/fr\/wp-json\/wp\/v2\/pages\/2094","targetHints":{"allow":["GET"]}}],"collection":[{"href":"https:\/\/roscar.ma\/fr\/wp-json\/wp\/v2\/pages"}],"about":[{"href":"https:\/\/roscar.ma\/fr\/wp-json\/wp\/v2\/types\/page"}],"author":[{"embeddable":true,"href":"https:\/\/roscar.ma\/fr\/wp-json\/wp\/v2\/users\/1"}],"replies":[{"embeddable":true,"href":"https:\/\/roscar.ma\/fr\/wp-json\/wp\/v2\/comments?post=2094"}],"version-history":[{"count":1,"href":"https:\/\/roscar.ma\/fr\/wp-json\/wp\/v2\/pages\/2094\/revisions"}],"predecessor-version":[{"id":2095,"href":"https:\/\/roscar.ma\/fr\/wp-json\/wp\/v2\/pages\/2094\/revisions\/2095"}],"wp:featuredmedia":[{"embeddable":true,"href":"https:\/\/roscar.ma\/fr\/wp-json\/wp\/v2\/media\/240"}],"wp:attachment":[{"href":"https:\/\/roscar.ma\/fr\/wp-json\/wp\/v2\/media?parent=2094"}],"curies":[{"name":"wp","href":"https:\/\/api.w.org\/{rel}","templated":true}]}}