{"id":1896,"date":"2025-07-17T11:07:41","date_gmt":"2025-07-17T11:07:41","guid":{"rendered":"https:\/\/roscar.ma\/?page_id=1896"},"modified":"2025-07-24T16:04:30","modified_gmt":"2025-07-24T16:04:30","slug":"location-de-voiture-rabat","status":"publish","type":"page","link":"https:\/\/roscar.ma\/fr\/location-de-voiture-rabat\/","title":{"rendered":"Location De Voiture Rabat"},"content":{"rendered":"<h2>Location De Voiture Rabat avec RosCar<\/h2>\n<p>Le Maroc est un pays avec une combinaison \u00e9tonnante de beaut\u00e9 d\u00e9sertique, de paysages marins et d&rsquo;architecture magnifique que vous ne trouverez nulle part ailleurs. Si vous planifiez un voyage en Afrique du Nord, vous devez prendre le temps de vous immerger dans le paradis musulman, mais vous devez aussi louer une voiture \u00e0 Rabat pour rendre votre aventure plus pratique :<\/p>\n<ul>\n<li>Un grand choix de v\u00e9hicules (tout type, prix ou couleur).<\/li>\n<li>De nombreux extras et caract\u00e9ristiques peuvent \u00eatre trouv\u00e9s<\/li>\n<li>Des locations de voitures \u00e0 court et \u00e0 long terme<\/li>\n<li>Des r\u00e9servations 24 heures sur 24 avec une interface conviviale.<\/li>\n<\/ul>\n<p>Qu&rsquo;est-ce que RosCar ? C&rsquo;est un site qui offre d&rsquo;excellentes possibilit\u00e9s de comparaison des prix, de tri selon les crit\u00e8res souhait\u00e9s et de r\u00e9servation rapide. R\u00e9servez maintenant et confirmez votre r\u00e9servation par carte (jusqu&rsquo;\u00e0 20 % du montant de la commande).<\/p>\n<h2>Le guide RosCar de la location de voiture \u00e0 Rabat<\/h2>\n<p>Bien que ce pays ne ressemble en rien aux rues europ\u00e9ennes ou am\u00e9ricaines auxquelles nous sommes habitu\u00e9s, l&rsquo;exp\u00e9rience de voyage \u00e0 venir sera assez similaire. Il en va de m\u00eame pour la location de voiture \u00e0 Rabat, \u00e0 l&rsquo;exception de deux subtilit\u00e9s qui se r\u00e8glent rapidement.<\/p>\n<h3>1. Quel est votre type de v\u00e9hicule ?<\/h3>\n<p>Ne r\u00e9servez pas le premier v\u00e9hicule que vous trouvez. Il est pr\u00e9f\u00e9rable de trier la liste \u00e0 l&rsquo;aide des filtres de recherche selon les types disponibles :<\/p>\n<ul>\n<li>Standard ou Compact<\/li>\n<li>SUV ou Crossover<\/li>\n<li>Van ou Minivan<\/li>\n<li>Mini ou Economy (Le bon choix pour une location de voiture pas ch\u00e8re \u00e0 Rabat)<\/li>\n<li>D\u00e9capotable ou Luxe.<\/li>\n<\/ul>\n<h3>2. Services suppl\u00e9mentaires<\/h3>\n<p>Les services suppl\u00e9mentaires sont un bon moyen de personnaliser votre exp\u00e9rience de conduite en fonction de vos besoins uniques. En voici quelques-uns :<\/p>\n<ul>\n<li>Transmission : Vous voulez une conduite d\u00e9tendue ? Choisissez une transmission automatique.<\/li>\n<li>Carte SIM : Votre smartphone en a besoin pour \u00e9viter de payer des frais d&rsquo;itin\u00e9rance excessifs.<\/li>\n<li>Si\u00e8ge enfant : Les mineurs ou les enfants jusqu&rsquo;\u00e0 10 ans ont besoin d&rsquo;un syst\u00e8me de retenue.<\/li>\n<li>Kilom\u00e9trage illimit\u00e9 : Avec cette caract\u00e9ristique, tout le Maroc s&rsquo;offre \u00e0 vous.<\/li>\n<li>Pas de carte de cr\u00e9dit : Tout comme la m\u00e9thode traditionnelle, mais sans carte de cr\u00e9dit.<\/li>\n<li>Mod\u00e8le garanti : Une option indispensable pour ceux qui ont eu une mauvaise exp\u00e9rience.<\/li>\n<li>Annulation gratuite : Doit \u00eatre utilis\u00e9e \u00e0 temps (au moins 48 heures avant la date de d\u00e9part).<\/li>\n<li>Conducteur suppl\u00e9mentaire : Laissez votre ami conduire.<\/li>\n<li>Pas de d\u00e9p\u00f4t : \u00c9vitez les frais bancaires inutiles en ne bloquant pas de d\u00e9p\u00f4t sur les cartes de cr\u00e9dit.<\/li>\n<li>Assurance compl\u00e9mentaire : Une caract\u00e9ristique dont tout le monde a besoin sans exception. Passez \u00e0 l&rsquo;assurance super CDW ou \u00e0 l&rsquo;assurance compl\u00e8te et d\u00e9tendez-vous.<\/li>\n<\/ul>\n<blockquote class=\"check\">\n<h2>Location De Voiture Rabat : Guide<\/h2>\n<p>RosCar s&rsquo;efforce de vous offrir des exp\u00e9riences de voyage extraordinaires de la prise en charge \u00e0 la restitution. C&rsquo;est pourquoi r\u00e9server avec nous est aussi simple que possible :<\/p>\n<ol>\n<li>Entrez les d\u00e9tails : Les de la prise en charge, de la restitution et des dates.<\/li>\n<li>Allez dans les filtres et s\u00e9lectionnez ceux qui vous int\u00e9ressent et obtenez une liste.<\/li>\n<li>R\u00e9servez maintenant.<\/li>\n<li>Ajoutez des informations.<\/li>\n<li>Payez maintenant.<\/li>\n<\/ol>\n<p>Les locations de voitures \u00e0 Rabat ne peuvent pas \u00eatre confirm\u00e9es sans carte de cr\u00e9dit. Apr\u00e8s le paiement de la garantie (maximum 20% du montant), vous recevrez un certificat de confirmation de r\u00e9servation.<\/p><\/blockquote>\n<h2>Location De Voiture Rabat Prix<\/h2>\n<p>Les prix dans la capitale du Maroc ne vous para\u00eetront pas trop chers, mais ils sont tout de m\u00eame plus \u00e9lev\u00e9s que la moyenne europ\u00e9enne :<\/p>\n<ul>\n<li>Economique pour 20-30 $\/jour<\/li>\n<li>Standard pour 35-50 $\/jour<\/li>\n<li>SUV pour 50-70 $\/jour<\/li>\n<li>Luxe pour 80 $\/jour.<\/li>\n<\/ul>\n<p>La location de voiture \u00e0 Rabat sera moins ch\u00e8re si vous :<\/p>\n<ul>\n<li>\u00c9vitez la location de voiture \u00e0 court terme<\/li>\n<li>Fixez la date de d\u00e9part au milieu de la semaine<\/li>\n<li>R\u00e9servez \u00e0 l&rsquo;avance<\/li>\n<li>Choisissez le bon type de v\u00e9hicule.<\/li>\n<\/ul>\n<p>Comparez les prix pour trouver le meilleur rapport qualit\u00e9-prix :<\/p>\n<h3>Tableau des prix de location de voiture \u00e0 Rabat, Maroc<\/h3>\n<table border=\"1\">\n<thead>\n<tr>\n<th>Mod\u00e8le de voiture<\/th>\n<th>Type de carrosserie<\/th>\n<th>Prix par jour (basse saison)<\/th>\n<th>Prix par jour (haute saison)<\/th>\n<th>Nombre de passagers<\/th>\n<th>Capacit\u00e9 de bagages<\/th>\n<\/tr>\n<\/thead>\n<tbody>\n<tr>\n<td>Hyundai i10<\/td>\n<td>Voiture \u00e0 hayon<\/td>\n<td>21 \u20ac<\/td>\n<td>29 \u20ac<\/td>\n<td>4<\/td>\n<td>1<\/td>\n<\/tr>\n<tr>\n<td>Dacia Logan<\/td>\n<td>Berline<\/td>\n<td>23 \u20ac<\/td>\n<td>32 \u20ac<\/td>\n<td>5<\/td>\n<td>2<\/td>\n<\/tr>\n<tr>\n<td>Peugeot 208<\/td>\n<td>Hatchback<\/td>\n<td>24 \u20ac<\/td>\n<td>34 \u20ac<\/td>\n<td>5<\/td>\n<td>2<\/td>\n<\/tr>\n<tr>\n<td>Renault Clio<\/td>\n<td>Hatchback<\/td>\n<td>26 \u20ac<\/td>\n<td>36 \u20ac<\/td>\n<td>5<\/td>\n<td>2<\/td>\n<\/tr>\n<tr>\n<td>Volkswagen Golf<\/td>\n<td>Hatchback<\/td>\n<td>30 \u20ac<\/td>\n<td>42 \u20ac<\/td>\n<td>5<\/td>\n<td>3<\/td>\n<\/tr>\n<tr>\n<td>Citro\u00ebn C-Elys\u00e9e<\/td>\n<td>Berline<\/td>\n<td>25 \u20ac<\/td>\n<td>35 \u20ac<\/td>\n<td>5<\/td>\n<td>3<\/td>\n<\/tr>\n<tr>\n<td>Renault Captur<\/td>\n<td>Crossover<\/td>\n<td>32 \u20ac<\/td>\n<td>44 \u20ac<\/td>\n<td>5<\/td>\n<td>3<\/td>\n<\/tr>\n<tr>\n<td>Dacia Duster<\/td>\n<td>SUV<\/td>\n<td>36 \u20ac<\/td>\n<td>48 \u20ac<\/td>\n<td>5<\/td>\n<td>3<\/td>\n<\/tr>\n<tr>\n<td>Hyundai Tucson<\/td>\n<td>SUV<\/td>\n<td>52 \u20ac<\/td>\n<td>66 \u20ac<\/td>\n<td>5<\/td>\n<td>4<\/td>\n<\/tr>\n<tr>\n<td>Peugeot 3008<\/td>\n<td>SUV<\/td>\n<td>55 \u20ac<\/td>\n<td>70 \u20ac<\/td>\n<td>5<\/td>\n<td>4<\/td>\n<\/tr>\n<\/tbody>\n<\/table>\n        <div class=\"rpc-chart\">\n            <h3>Fluctuations saisonni\u00e8res des prix de location de voitures \u00e0 Rabat : analyse bas\u00e9e sur des r\u00e9servations r\u00e9elles<\/h3>\n            <div><p>Le tableau ci-dessous montre l'\u00e9volution des prix moyens de location de voitures \u00e0 Rabat au cours des trois derni\u00e8res ann\u00e9es. Les informations proviennent de commandes r\u00e9elles pass\u00e9es via la plateforme roscar.ma, un service qui regroupe les offres d'agences de location locales v\u00e9rifi\u00e9es, sans interm\u00e9diaires.<\/p>\n<p>L'analyse couvre une large gamme de v\u00e9hicules : des mod\u00e8les compacts urbains aux SUV confortables, en passant par les cabriolets et les voitures haut de gamme. Cette approche fournit une image objective de l'\u00e9volution des prix en fonction de la saison et de l'activit\u00e9 touristique.<\/p>\n<p>Nous nous appuyons sur de nombreuses ann\u00e9es d'exp\u00e9rience aupr\u00e8s des voyageurs et mettons constamment \u00e0 jour nos donn\u00e9es en fonction des tendances du march\u00e9. Cela permet aux utilisateurs de disposer d'informations pratiques et fiables pour les aider \u00e0 planifier leur budget et \u00e0 choisir le moment le plus avantageux pour louer une voiture dans la capitale marocaine.<\/p>\n<\/div>\n            <div class=\"rpc-chart-bars\">\n                                    <div class=\"rpc-chart-column\">\n                        <div class=\"rpc-chart-inner\" style=\"height: 28.301886792453%\">\n                            <div class=\"rpc-chart-column-value\">15 \u20ac<\/div>\n                            <div class=\"rpc-chart-month\">JAN<\/div>\n                        <\/div>\n                    <\/div>\n                                    <div class=\"rpc-chart-column\">\n                        <div class=\"rpc-chart-inner\" style=\"height: 26.415094339623%\">\n                            <div class=\"rpc-chart-column-value\">14 \u20ac<\/div>\n                            <div class=\"rpc-chart-month\">FEB<\/div>\n                        <\/div>\n                    <\/div>\n                                    <div class=\"rpc-chart-column\">\n                        <div class=\"rpc-chart-inner\" style=\"height: 24.528301886792%\">\n                            <div class=\"rpc-chart-column-value\">13 \u20ac<\/div>\n                            <div class=\"rpc-chart-month\">MAR<\/div>\n                        <\/div>\n                    <\/div>\n                                    <div class=\"rpc-chart-column\">\n                        <div class=\"rpc-chart-inner\" style=\"height: 39.622641509434%\">\n                            <div class=\"rpc-chart-column-value\">21 \u20ac<\/div>\n                            <div class=\"rpc-chart-month\">APR<\/div>\n                        <\/div>\n                    <\/div>\n                                    <div class=\"rpc-chart-column\">\n                        <div class=\"rpc-chart-inner\" style=\"height: 32.075471698113%\">\n                            <div class=\"rpc-chart-column-value\">17 \u20ac<\/div>\n                            <div class=\"rpc-chart-month\">MAY<\/div>\n                        <\/div>\n                    <\/div>\n                                    <div class=\"rpc-chart-column\">\n                        <div class=\"rpc-chart-inner\" style=\"height: 32.075471698113%\">\n                            <div class=\"rpc-chart-column-value\">17 \u20ac<\/div>\n                            <div class=\"rpc-chart-month\">JUN<\/div>\n                        <\/div>\n                    <\/div>\n                                    <div class=\"rpc-chart-column\">\n                        <div class=\"rpc-chart-inner\" style=\"height: 49.056603773585%\">\n                            <div class=\"rpc-chart-column-value\">26 \u20ac<\/div>\n                            <div class=\"rpc-chart-month\">JUL<\/div>\n                        <\/div>\n                    <\/div>\n                                    <div class=\"rpc-chart-column\">\n                        <div class=\"rpc-chart-inner\" style=\"height: 62.264150943396%\">\n                            <div class=\"rpc-chart-column-value\">33 \u20ac<\/div>\n                            <div class=\"rpc-chart-month\">AUG<\/div>\n                        <\/div>\n                    <\/div>\n                                    <div class=\"rpc-chart-column\">\n                        <div class=\"rpc-chart-inner\" style=\"height: 47.169811320755%\">\n                            <div class=\"rpc-chart-column-value\">25 \u20ac<\/div>\n                            <div class=\"rpc-chart-month\">SEP<\/div>\n                        <\/div>\n                    <\/div>\n                                    <div class=\"rpc-chart-column\">\n                        <div class=\"rpc-chart-inner\" style=\"height: 37.735849056604%\">\n                            <div class=\"rpc-chart-column-value\">20 \u20ac<\/div>\n                            <div class=\"rpc-chart-month\">OCT<\/div>\n                        <\/div>\n                    <\/div>\n                                    <div class=\"rpc-chart-column\">\n                        <div class=\"rpc-chart-inner\" style=\"height: 45.283018867925%\">\n                            <div class=\"rpc-chart-column-value\">24 \u20ac<\/div>\n                            <div class=\"rpc-chart-month\">NOV<\/div>\n                        <\/div>\n                    <\/div>\n                                    <div class=\"rpc-chart-column\">\n                        <div class=\"rpc-chart-inner\" style=\"height: 37.735849056604%\">\n                            <div class=\"rpc-chart-column-value\">20 \u20ac<\/div>\n                            <div class=\"rpc-chart-month\">DEC<\/div>\n                        <\/div>\n                    <\/div>\n                            <\/div>\n        <\/div>\n        \n<h2>Location De Voiture Rabat : Documents<\/h2>\n<p>Pour signer le contrat et r\u00e9cup\u00e9rer votre v\u00e9hicule, vous aurez besoin de plusieurs documents (en anglais et 100% valides) :<\/p>\n<ol>\n<li>Permis de conduire<\/li>\n<li>le passeport<\/li>\n<li>Carte de cr\u00e9dit (facultatif).<\/li>\n<\/ol>\n<p>La location de voiture \u00e0 Rabat est le choix id\u00e9al pour un voyage confortable et sans soucis au Maroc.<\/p>\n","protected":false},"excerpt":{"rendered":"<p>Location De Voiture Rabat avec RosCar Le Maroc est un pays avec une combinaison \u00e9tonnante de beaut\u00e9 d\u00e9sertique, de paysages marins et d&rsquo;architecture magnifique que vous ne trouverez nulle part ailleurs. Si vous planifiez un voyage en Afrique du Nord, vous devez prendre le temps de vous immerger dans le paradis musulman, mais vous devez [&hellip;]<\/p>\n","protected":false},"author":1,"featured_media":211,"parent":0,"menu_order":0,"comment_status":"closed","ping_status":"closed","template":"","meta":{"footnotes":""},"class_list":["post-1896","page","type-page","status-publish","has-post-thumbnail",""],"_links":{"self":[{"href":"https:\/\/roscar.ma\/fr\/wp-json\/wp\/v2\/pages\/1896","targetHints":{"allow":["GET"]}}],"collection":[{"href":"https:\/\/roscar.ma\/fr\/wp-json\/wp\/v2\/pages"}],"about":[{"href":"https:\/\/roscar.ma\/fr\/wp-json\/wp\/v2\/types\/page"}],"author":[{"embeddable":true,"href":"https:\/\/roscar.ma\/fr\/wp-json\/wp\/v2\/users\/1"}],"replies":[{"embeddable":true,"href":"https:\/\/roscar.ma\/fr\/wp-json\/wp\/v2\/comments?post=1896"}],"version-history":[{"count":2,"href":"https:\/\/roscar.ma\/fr\/wp-json\/wp\/v2\/pages\/1896\/revisions"}],"predecessor-version":[{"id":1898,"href":"https:\/\/roscar.ma\/fr\/wp-json\/wp\/v2\/pages\/1896\/revisions\/1898"}],"wp:featuredmedia":[{"embeddable":true,"href":"https:\/\/roscar.ma\/fr\/wp-json\/wp\/v2\/media\/211"}],"wp:attachment":[{"href":"https:\/\/roscar.ma\/fr\/wp-json\/wp\/v2\/media?parent=1896"}],"curies":[{"name":"wp","href":"https:\/\/api.w.org\/{rel}","templated":true}]}}