{"id":1624,"date":"2025-07-17T11:01:21","date_gmt":"2025-07-17T11:01:21","guid":{"rendered":"https:\/\/roscar.ma\/?page_id=1624"},"modified":"2025-07-23T19:06:58","modified_gmt":"2025-07-23T19:06:58","slug":"location-de-voiture-marrakech","status":"publish","type":"page","link":"https:\/\/roscar.ma\/fr\/location-de-voiture-marrakech\/","title":{"rendered":"Location De Voiture Marrakech"},"content":{"rendered":"<h2>Location De Voiture Marrakech avec RosCar<\/h2>\n<p>Les pays d&rsquo;Afrique du Nord ont une capacit\u00e9 \u00e9tonnante \u00e0 enchanter les touristes du monde entier avec leurs coutumes et leurs paysages color\u00e9s. C&rsquo;est peut-\u00eatre la culture, la cuisine locale unique ou la beaut\u00e9 de la vie quotidienne. Mais nous sommes certains que vous devez louer une voiture \u00e0 Marrakech pour vous rapprocher d&rsquo;une immersion totale dans le Maroc. Pourquoi r\u00e9server un v\u00e9hicule par l&rsquo;interm\u00e9diaire de RosCar ? Il y a quatre r\u00e9ponses :<\/p>\n<ul>\n<li>Location de voiture \u00e0 long terme ou \u00e0 court terme<\/li>\n<li>Chaque offre est le meilleur rapport qualit\u00e9-prix que vous puissiez trouver<\/li>\n<li>C&rsquo;est la seule fa\u00e7on de voyager en tout confort<\/li>\n<li>Des prix avantageux et de nombreuses options au choix.<\/li>\n<\/ul>\n<p>Vous voulez en obtenir une pour vous-m\u00eame ? R\u00e9servez maintenant et vous recevrez une r\u00e9servation pr\u00eate en quelques minutes.<\/p>\n<h2>Location De Voiture Marrakech : Guide<\/h2>\n<p>Vous pouvez penser \u00e0 tort que la location de voiture \u00e0 Marrakech est un type de service compl\u00e8tement diff\u00e9rent qui a une proc\u00e9dure unique qui n\u00e9cessite certaines connaissances. Cependant, vous n&rsquo;avez besoin que de deux minutes pour vous pr\u00e9parer.<\/p>\n<h3>Premi\u00e8re minute : Choisir le type de v\u00e9hicule<\/h3>\n<p>Parmi les nombreux types de v\u00e9hicules, vous n&rsquo;en avez besoin que d&rsquo;un seul qui r\u00e9soudra tous les probl\u00e8mes de l&rsquo;aventure \u00e0 venir :<\/p>\n<ul>\n<li>Voiture standard<\/li>\n<li>D\u00e9capotable<\/li>\n<li>Voiture de luxe<\/li>\n<li>SUV ou Crossover<\/li>\n<li>Mini\/Economy (location de voiture bon march\u00e9 \u00e0 Marrakech)<\/li>\n<li>Minivan ou Van.<\/li>\n<\/ul>\n<h3>Deuxi\u00e8me minute : Choisissez des services suppl\u00e9mentaires<\/h3>\n<p>Vous avez le choix entre de nombreuses options, mais vous n&rsquo;en avez besoin que d&rsquo;une (ou de plusieurs) :<\/p>\n<ul>\n<li>Kilom\u00e9trage illimit\u00e9 : M\u00eame les villes les plus recul\u00e9es du Maroc peuvent \u00eatre explor\u00e9es.<\/li>\n<li>Pas de d\u00e9p\u00f4t de garantie : Votre budget est plus libre gr\u00e2ce au blocage des cartes de cr\u00e9dit sans d\u00e9p\u00f4t de garantie.<\/li>\n<li>Mod\u00e8le garanti : Vous avez r\u00e9serv\u00e9 une Volkswagen Passat ? Obtenez la Passat !<\/li>\n<li>Transmission : Pas de bo\u00eete manuelle, mais une bo\u00eete automatique est recommand\u00e9e dans tous les cas.<\/li>\n<li>Assurance suppl\u00e9mentaire : C&rsquo;est le type d&rsquo;assurance suppl\u00e9mentaire que vous ne regretterez pas. Essayez l&rsquo;assurance compl\u00e8te ou l&rsquo;assurance super CDW si elles sont disponibles.<\/li>\n<li>Pas de carte de cr\u00e9dit : Utilisez de l&rsquo;argent liquide ou toute autre carte bancaire.<\/li>\n<li>Carte SIM : Une connexion stable \u00e0 un prix abordable est la principale priorit\u00e9 des voyages en 2025.<\/li>\n<li>Conducteur suppl\u00e9mentaire : Avec un peu de chance, votre ami a un permis de conduire.<\/li>\n<li>Si\u00e8ge pour enfant : Chaque personne de moins de 10 ans doit en avoir un.<\/li>\n<li>Annulation gratuite : Le montant pay\u00e9 \u00e0 l&rsquo;avance sera revers\u00e9 sur votre compte. Ne fonctionne que 48 heures avant la date<\/li>\n<\/ul>\n<blockquote class=\"info\">\n<h2>Location De Voiture Marrakech en d\u00e9tail<\/h2>\n<p>Vous avez d\u00e9j\u00e0 choisi le type de v\u00e9hicule et les services compl\u00e9mentaires ? Les locations de voitures \u00e0 Marrakech peuvent maintenant \u00eatre r\u00e9serv\u00e9es :<\/p>\n<ol>\n<li>D\u00e9finissez les dates et les lieux sur la page principale.<\/li>\n<li>Cliquez sur Filtres, s\u00e9lectionnez les options souhait\u00e9es.<\/li>\n<li>Obtenez la liste et trouvez celle qui vous convient le mieux. R\u00e9servez maintenant.<\/li>\n<li>Le formulaire doit \u00eatre rempli.<\/li>\n<li>Payez maintenant.<\/li>\n<\/ol>\n<p>Chaque r\u00e9servation RosCar ne peut \u00eatre confirm\u00e9e que par un paiement anticip\u00e9. En r\u00e8gle g\u00e9n\u00e9rale, il ne s&rsquo;agit que d&rsquo;une petite partie du montant et il est facile de l&rsquo;effectuer avec n&rsquo;importe quelle carte.<\/p><\/blockquote>\n<h2>Prix d&rsquo;une location de voiture \u00e0 Marrakech<\/h2>\n<p>Les prix moyens que vous pouvez trouver en ligne sont :<\/p>\n<ul>\n<li>15-25 $\/jour pour une voiture \u00e9conomique ou mini<\/li>\n<li>30-40 $\/jour pour une Standard<\/li>\n<li>40-60$\/jour pour un SUV, Crossover, Minivan, ou 4&#215;4<\/li>\n<li>80$+\/jour pour un cabriolet ou une voiture de luxe<\/li>\n<\/ul>\n<p>La location de voiture \u00e0 Marrakech sera moins ch\u00e8re si vous :<\/p>\n<ul>\n<li>Vous avez r\u00e9ussi \u00e0 faire une r\u00e9servation \u00e0 l&rsquo;avance<\/li>\n<li>Surveillez les offres de RosCar<\/li>\n<li>R\u00e9servez en milieu de semaine<\/li>\n<li>Pr\u00e9f\u00e9rez une location de voiture \u00e0 long terme<\/li>\n<li>Choisissez le type de voiture qui correspond \u00e0 vos besoins et \u00e0 votre budget.<\/li>\n<\/ul>\n<p>Voici comment comparer les prix :<\/p>\n<h3>Tableau des prix de location de voiture \u00e0 Marrakech, Maroc<\/h3>\n<table border=\"1\">\n<thead>\n<tr>\n<th>Mod\u00e8le de voiture<\/th>\n<th>Type de carrosserie<\/th>\n<th>Prix par jour (basse saison)<\/th>\n<th>Prix par jour (haute saison)<\/th>\n<th>Nombre de passagers<\/th>\n<th>Capacit\u00e9 de bagages<\/th>\n<\/tr>\n<\/thead>\n<tbody>\n<tr>\n<td>Fiat Panda<\/td>\n<td>Berline<\/td>\n<td>20 \u20ac<\/td>\n<td>28 \u20ac<\/td>\n<td>4<\/td>\n<td>1<\/td>\n<\/tr>\n<tr>\n<td>Kia Picanto<\/td>\n<td>Hatchback<\/td>\n<td>22 \u20ac<\/td>\n<td>30 \u20ac<\/td>\n<td>4<\/td>\n<td>1<\/td>\n<\/tr>\n<tr>\n<td>Dacia Logan<\/td>\n<td>Berline<\/td>\n<td>24 \u20ac<\/td>\n<td>34 \u20ac<\/td>\n<td>5<\/td>\n<td>2<\/td>\n<\/tr>\n<tr>\n<td>Peugeot 208<\/td>\n<td>Hatchback<\/td>\n<td>26 \u20ac<\/td>\n<td>36 \u20ac<\/td>\n<td>5<\/td>\n<td>2<\/td>\n<\/tr>\n<tr>\n<td>Renault Clio<\/td>\n<td>Hatchback<\/td>\n<td>27 \u20ac<\/td>\n<td>38 \u20ac<\/td>\n<td>5<\/td>\n<td>2<\/td>\n<\/tr>\n<tr>\n<td>Citro\u00ebn C-Elys\u00e9e<\/td>\n<td>Berline<\/td>\n<td>28 \u20ac<\/td>\n<td>39 \u20ac<\/td>\n<td>5<\/td>\n<td>3<\/td>\n<\/tr>\n<tr>\n<td>Dacia Duster<\/td>\n<td>SUV<\/td>\n<td>37 \u20ac<\/td>\n<td>49 \u20ac<\/td>\n<td>5<\/td>\n<td>3<\/td>\n<\/tr>\n<tr>\n<td>Hyundai Kona<\/td>\n<td>Crossover<\/td>\n<td>40 \u20ac<\/td>\n<td>52 \u20ac<\/td>\n<td>5<\/td>\n<td>3<\/td>\n<\/tr>\n<tr>\n<td>Renault Kadjar<\/td>\n<td>SUV<\/td>\n<td>50 \u20ac<\/td>\n<td>65 \u20ac<\/td>\n<td>5<\/td>\n<td>4<\/td>\n<\/tr>\n<tr>\n<td>Peugeot 3008<\/td>\n<td>SUV<\/td>\n<td>55 \u20ac<\/td>\n<td>70 \u20ac<\/td>\n<td>5<\/td>\n<td>4<\/td>\n<\/tr>\n<\/tbody>\n<\/table>\n<p>[PRI\u0421EMODULE]<\/p>\n<h2>Location De Voiture Marrakech : Documents<\/h2>\n<p>Lors de la prise en charge de votre v\u00e9hicule, les documents suivants peuvent vous \u00eatre demand\u00e9s :<\/p>\n<ol>\n<li>passeport<\/li>\n<li>Permis de conduire<\/li>\n<li>Confirmation de r\u00e9servation ou Voucher (RosCar vous en enverra un)<\/li>\n<li>Carte de cr\u00e9dit.<\/li>\n<\/ol>\n<p>Vous n&rsquo;avez pas de carte de cr\u00e9dit ? La location de voiture \u00e0 Marrakech est un service indispensable qui vous permet de voir non seulement Marrakech, mais aussi tout le Maroc.<\/p>\n","protected":false},"excerpt":{"rendered":"<p>Location De Voiture Marrakech avec RosCar Les pays d&rsquo;Afrique du Nord ont une capacit\u00e9 \u00e9tonnante \u00e0 enchanter les touristes du monde entier avec leurs coutumes et leurs paysages color\u00e9s. C&rsquo;est peut-\u00eatre la culture, la cuisine locale unique ou la beaut\u00e9 de la vie quotidienne. Mais nous sommes certains que vous devez louer une voiture \u00e0 [&hellip;]<\/p>\n","protected":false},"author":1,"featured_media":180,"parent":0,"menu_order":0,"comment_status":"closed","ping_status":"closed","template":"","meta":{"footnotes":""},"class_list":["post-1624","page","type-page","status-publish","has-post-thumbnail",""],"_links":{"self":[{"href":"https:\/\/roscar.ma\/fr\/wp-json\/wp\/v2\/pages\/1624","targetHints":{"allow":["GET"]}}],"collection":[{"href":"https:\/\/roscar.ma\/fr\/wp-json\/wp\/v2\/pages"}],"about":[{"href":"https:\/\/roscar.ma\/fr\/wp-json\/wp\/v2\/types\/page"}],"author":[{"embeddable":true,"href":"https:\/\/roscar.ma\/fr\/wp-json\/wp\/v2\/users\/1"}],"replies":[{"embeddable":true,"href":"https:\/\/roscar.ma\/fr\/wp-json\/wp\/v2\/comments?post=1624"}],"version-history":[{"count":1,"href":"https:\/\/roscar.ma\/fr\/wp-json\/wp\/v2\/pages\/1624\/revisions"}],"predecessor-version":[{"id":1625,"href":"https:\/\/roscar.ma\/fr\/wp-json\/wp\/v2\/pages\/1624\/revisions\/1625"}],"wp:featuredmedia":[{"embeddable":true,"href":"https:\/\/roscar.ma\/fr\/wp-json\/wp\/v2\/media\/180"}],"wp:attachment":[{"href":"https:\/\/roscar.ma\/fr\/wp-json\/wp\/v2\/media?parent=1624"}],"curies":[{"name":"wp","href":"https:\/\/api.w.org\/{rel}","templated":true}]}}